{"id":1327,"date":"2023-10-05T15:37:43","date_gmt":"2023-10-05T15:37:43","guid":{"rendered":"https:\/\/izsekosanasierices.lv\/produktas\/pultelis-su-imontuotu-diktofonu-aktyvuojasi-nuo-balso-8gb-veikia-48val\/"},"modified":"2025-11-21T08:43:59","modified_gmt":"2025-11-21T06:43:59","slug":"talvadibas-pults-ar-iebuvetu-diktofonu-aktivizacija-ar-balsi-8gb-atmina-48h-darbibas-laiks","status":"publish","type":"product","link":"https:\/\/izsekosanasierices.lv\/ru\/produkts\/pult-distantsionnogo-upravleniya-so-vstroennoy-golosovoy-aktivatsiey-pamyat-8-gb-srok-sluzhby-batarei-48-ch\/","title":{"rendered":"\u041f\u0443\u043b\u044c\u0442 \u0434\u0438\u0441\u0442\u0430\u043d\u0446\u0438\u043e\u043d\u043d\u043e\u0433\u043e \u0443\u043f\u0440\u0430\u0432\u043b\u0435\u043d\u0438\u044f \u0441\u043e \u0432\u0441\u0442\u0440\u043e\u0435\u043d\u043d\u043e\u0439 \u0433\u043e\u043b\u043e\u0441\u043e\u0432\u043e\u0439 \u0430\u043a\u0442\u0438\u0432\u0430\u0446\u0438\u0435\u0439 \u0434\u0438\u043a\u0442\u043e\u0432\u043a\u0438 8 \u0413\u0431 \u043f\u0430\u043c\u044f\u0442\u0438 48 \u0447\u0430\u0441\u043e\u0432 \u0440\u0430\u0431\u043e\u0442\u044b"},"content":{"rendered":"<h3>\u0422\u0415\u0425\u041d\u0418\u0427\u0415\u0421\u041a\u0418\u0415 \u0425\u0410\u0420\u0410\u041a\u0422\u0415\u0420\u0418\u0421\u0422\u0418\u041a\u0418<\/h3>\n<ul>\n<li>\u0420\u0430\u0441\u0441\u0442\u043e\u044f\u043d\u0438\u0435 \u043f\u0440\u0438\u0435\u043c\u0430: \u043f\u0440\u0438\u0431\u043b. 8 \u043c - 15 \u043c<\/li>\n<li>\u041d\u0435 \u0438\u0437\u0434\u0430\u0435\u0442 \u043d\u0438 \u0437\u0432\u0443\u043a\u0430<\/li>\n<li>\u041a\u0430\u0447\u0435\u0441\u0442\u0432\u043e \u0437\u0430\u043f\u0438\u0441\u0438: 192 \u043a\u0431\u0438\u0442\/\u0441<\/li>\n<li>\u0417\u0430\u043f\u0438\u0441\u044c \u0430\u043a\u0442\u0438\u0432\u0438\u0440\u0443\u0435\u0442\u0441\u044f \u043f\u0440\u0438 45 \u0434\u0411<\/li>\n<li>\u0412\u043d\u0443\u0442\u0440\u0435\u043d\u043d\u044f\u044f \u043f\u0430\u043c\u044f\u0442\u044c: 8 \u0413\u0411<\/li>\n<li>\u0412\u0440\u0435\u043c\u044f \u0440\u0430\u0431\u043e\u0442\u044b: \u043e\u043a\u043e\u043b\u043e 48 \u0447\u0430\u0441\u043e\u0432<\/li>\n<li>\u0420\u0430\u0441\u043f\u043e\u0437\u043d\u0430\u0432\u0430\u043d\u0438\u0435 \u0433\u043e\u043b\u043e\u0441\u0430: \u0434\u0430<\/li>\n<li>\u0424\u043e\u0440\u043c\u0430\u0442 \u0437\u0430\u043f\u0438\u0441\u0438: wav<\/li>\n<li>\u0415\u043c\u043a\u043e\u0441\u0442\u044c \u0430\u043a\u043a\u0443\u043c\u0443\u043b\u044f\u0442\u043e\u0440\u0430: 220 \u043c\u0410\u0447<\/li>\n<li>\u0421\u0438\u0441\u0442\u0435\u043c\u0430: Windows \/ Mac OS<\/li>\n<li>\u0420\u0430\u0437\u043c\u0435\u0440 \u0443\u0441\u0442\u0440\u043e\u0439\u0441\u0442\u0432\u0430: 45 \u043c\u043c x 16 \u043c\u043c<\/li>\n<li>\u0412\u0435\u0441: 18 \u0433<\/li>\n<li><strong>\u0413\u0410\u0420\u0410\u041d\u0422\u0418\u042f 12 \u043c\u0435\u0441\u044f\u0446\u0435\u0432<\/strong><\/li>\n<\/ul>\n<p><strong>\u00a0<\/strong><\/p>\n<p><span style=\"color: #ff0000;\"><strong>\u041d\u0443\u0436\u043d\u0430 \u0431\u044b\u0441\u0442\u0440\u0430\u044f \u0434\u043e\u0441\u0442\u0430\u0432\u043a\u0430 \u0432 \u0442\u043e\u0442 \u0436\u0435 \u0434\u0435\u043d\u044c (\u0438 \u0432 \u0432\u044b\u0445\u043e\u0434\u043d\u044b\u0435)?  \u0417\u0432\u043e\u043d\u0438\u0442\u0435 +37120484176<\/strong><\/span><\/p>\n<p>&nbsp;<\/p>\n<p>\u0418\u0441\u043f\u043e\u043b\u044c\u0437\u043e\u0432\u0430\u043d\u0438\u0435: \u0434\u043b\u044f \u0441\u043e\u0431\u0441\u0442\u0432\u0435\u043d\u043d\u043e\u0439 \u0437\u0430\u0449\u0438\u0442\u044b, \u0434\u043b\u044f \u0437\u0430\u0449\u0438\u0442\u044b \u0434\u0435\u0442\u0435\u0439.<\/p>\n<p><strong>\u00a0<\/strong><\/p>\n<p><strong>\u0418\u0441\u043f\u043e\u043b\u044c\u0437\u0443\u0439\u0442\u0435 \u0434\u0438\u043a\u0442\u043e\u0444\u043e\u043d, \u043a\u043e\u0433\u0434\u0430 \u0432\u0430\u043c \u044d\u0442\u043e \u043d\u0435\u043e\u0431\u0445\u043e\u0434\u0438\u043c\u043e<\/strong><\/p>\n<p>\u041c\u043d\u043e\u0433\u0438\u0435 \u043b\u044e\u0434\u0438 \u043d\u043e\u0441\u044f\u0442 \u043a\u043b\u044e\u0447\u0438 \u0441 \u0441\u043e\u0431\u043e\u0439, \u043f\u043e\u044d\u0442\u043e\u043c\u0443 \u0441\u0435\u043a\u0440\u0435\u0442\u043d\u044b\u0439 \u0434\u0438\u043a\u0442\u043e\u0444\u043e\u043d \u0432\u0441\u0435\u0433\u0434\u0430 \u043f\u043e\u0434 \u0440\u0443\u043a\u043e\u0439. \u0412\u044b \u043c\u043e\u0436\u0435\u0442\u0435 \u0438\u0441\u043f\u043e\u043b\u044c\u0437\u043e\u0432\u0430\u0442\u044c \u0434\u0438\u043a\u0442\u043e\u0444\u043e\u043d, \u043a\u043e\u0433\u0434\u0430 \u043f\u043b\u0430\u043d\u0438\u0440\u043e\u0432\u0430\u043b\u0438 \u044d\u0442\u043e \u0441\u0434\u0435\u043b\u0430\u0442\u044c, \u0438\u043b\u0438 \u043a\u043e\u0433\u0434\u0430 \u0432\u0430\u043c \u043d\u0443\u0436\u043d\u043e \u0437\u0430\u043f\u0438\u0441\u0430\u0442\u044c \u0440\u0430\u0437\u0433\u043e\u0432\u043e\u0440 \u043d\u0435\u043e\u0436\u0438\u0434\u0430\u043d\u043d\u043e. \u0415\u0441\u043b\u0438 \u043b\u044e\u0434\u0438 \u0437\u043d\u0430\u044e\u0442, \u0447\u0442\u043e \u0438\u0445 \u0440\u0430\u0437\u0433\u043e\u0432\u043e\u0440\u044b \u0437\u0430\u043f\u0438\u0441\u044b\u0432\u0430\u044e\u0442\u0441\u044f, \u043e\u043d\u0438 \u043d\u0438\u043a\u043e\u0433\u0434\u0430 \u043d\u0435 \u0431\u0443\u0434\u0443\u0442 \u0432\u0435\u0441\u0442\u0438 \u0441\u0435\u0431\u044f \u0442\u0430\u043a, \u043a\u0430\u043a \u043f\u0440\u0438\u0432\u044b\u043a\u043b\u0438, \u043d\u043e \u0438\u0441\u043f\u043e\u043b\u044c\u0437\u043e\u0432\u0430\u043d\u0438\u0435 \u0441\u043a\u0440\u044b\u0442\u043e\u0433\u043e \u0443\u0441\u0442\u0440\u043e\u0439\u0441\u0442\u0432\u0430 - \u044d\u0442\u043e \u0441\u043e\u0432\u0441\u0435\u043c \u0434\u0440\u0443\u0433\u043e\u0435 \u0434\u0435\u043b\u043e, \u043f\u043e\u044d\u0442\u043e\u043c\u0443 \u043e\u043d\u043e \u043f\u043e\u043c\u043e\u0436\u0435\u0442 \u0432\u0430\u043c \u043f\u043e\u043b\u0443\u0447\u0438\u0442\u044c \u043d\u0443\u0436\u043d\u0443\u044e \u0438\u043d\u0444\u043e\u0440\u043c\u0430\u0446\u0438\u044e. \u041f\u043e \u0432\u043d\u0435\u0448\u043d\u0435\u043c\u0443 \u0432\u0438\u0434\u0443 \u044d\u0442\u043e\u0442 \u0434\u0438\u043a\u0442\u043e\u0444\u043e\u043d \u043d\u0438\u0447\u0435\u043c \u043d\u0435 \u043e\u0442\u043b\u0438\u0447\u0430\u0435\u0442\u0441\u044f \u043e\u0442 \u043e\u0431\u044b\u0447\u043d\u044b\u0445 \u0430\u0432\u0442\u043e\u043c\u043e\u0431\u0438\u043b\u044c\u043d\u044b\u0445 \u043a\u043b\u044e\u0447\u0435\u0439, \u043f\u043e\u044d\u0442\u043e\u043c\u0443 \u0432\u0440\u044f\u0434 \u043b\u0438 \u0432\u044b\u0437\u043e\u0432\u0435\u0442 \u043f\u043e\u0434\u043e\u0437\u0440\u0435\u043d\u0438\u044f.<\/p>\n<p>\u0412\u043a\u043b\u044e\u0447\u0435\u043d\u0438\u0435 \u043e\u0434\u043d\u0438\u043c \u043a\u0430\u0441\u0430\u043d\u0438\u0435\u043c.<\/p>","protected":false},"excerpt":{"rendered":"<p>\u041f\u0443\u043b\u044c\u0442 \u0434\u0438\u0441\u0442\u0430\u043d\u0446\u0438\u043e\u043d\u043d\u043e\u0433\u043e \u0443\u043f\u0440\u0430\u0432\u043b\u0435\u043d\u0438\u044f \u043a\u0440\u0435\u043f\u0438\u0442\u0441\u044f \u043d\u0430 \u0431\u0440\u0435\u043b\u043e\u043a \u0441\u043e \u0432\u0441\u0442\u0440\u043e\u0435\u043d\u043d\u044b\u043c \u0441\u0435\u043a\u0440\u0435\u0442\u043d\u044b\u043c \u0434\u0438\u043a\u0442\u043e\u0444\u043e\u043d\u043e\u043c \u0438 \u043c\u043e\u0436\u0435\u0442 \u0437\u0430\u043f\u0438\u0441\u044b\u0432\u0430\u0442\u044c \u0437\u0432\u0443\u043a. \u0412\u044b\u0441\u043e\u043a\u043e\u0435 \u043a\u0430\u0447\u0435\u0441\u0442\u0432\u043e \u0437\u0432\u0443\u043a\u0430 - \u0434\u043e 48 \u0447\u0430\u0441\u043e\u0432 \u0437\u0430\u043f\u0438\u0441\u0438 \u0431\u0435\u0437 \u043f\u043e\u0434\u0437\u0430\u0440\u044f\u0434\u043a\u0438 8 \u0413\u0431 \u0445\u0432\u0430\u0442\u0438\u0442 \u043d\u0430 14 \u0434\u043d\u0435\u0439<\/p>","protected":false},"featured_media":1935,"template":"","meta":[],"product_brand":[],"product_cat":[342],"product_tag":[345,346,368,369,347],"class_list":{"0":"post-1327","1":"product","2":"type-product","3":"status-publish","4":"has-post-thumbnail","6":"product_cat-diktofoni","7":"product_tag-diktafons","8":"product_tag-mini-diktofons","9":"product_tag-profesionals-diktofons","10":"product_tag-sarunu-ierakstisana","11":"product_tag-slepenais-ierakstitajs","13":"first","14":"instock","15":"taxable","16":"shipping-taxable","17":"purchasable","18":"product-type-simple"},"yoast_head":"<!-- This site is optimized with the Yoast SEO plugin v27.4 - https:\/\/yoast.com\/product\/yoast-seo-wordpress\/ -->\n<title>T\u0101lvad\u012bbas pults ar ieb\u016bv\u0113tu diktofonu aktiviz\u0101cija ar balsi 8gb<\/title>\n<meta name=\"description\" content=\"T\u0101lvad\u012bbas pults k\u0101 atsl\u0113gu piekari\u0146\u0161 ar ieb\u016bv\u0113tu slepenu audio ierakst\u012b\u0161anas ier\u012bci. Augsta ska\u0146as kvalit\u0101te. L\u012bdz 48h ilgs ieraksts bez uzl\u0101des. 8 GB\" \/>\n<meta name=\"robots\" content=\"index, follow, max-snippet:-1, max-image-preview:large, max-video-preview:-1\" \/>\n<link rel=\"canonical\" href=\"https:\/\/izsekosanasierices.lv\/ru\/produkts\/pult-distantsionnogo-upravleniya-so-vstroennoy-golosovoy-aktivatsiey-pamyat-8-gb-srok-sluzhby-batarei-48-ch\/\" \/>\n<meta property=\"og:locale\" content=\"ru_RU\" \/>\n<meta property=\"og:type\" content=\"article\" \/>\n<meta property=\"og:title\" content=\"T\u0101lvad\u012bbas pults ar ieb\u016bv\u0113tu slepenu balss aktiviz\u0113tu ierakst\u012bt\u0101ju 8gb 48h\" \/>\n<meta property=\"og:description\" content=\"T\u0101lvad\u012bbas pults ir uzst\u0101d\u012bta uz atsl\u0113gas pults ar ieb\u016bv\u0113tu slepenu ierakst\u012b\u0161anas ier\u012bci, un t\u0101 var ierakst\u012bt ska\u0146u. Augsta ska\u0146as kvalit\u0101te - l\u012bdz 48 stund\u0101m ieraksta bez uzl\u0101des 8 GB pietiek 14 dien\u0101m\" \/>\n<meta property=\"og:url\" content=\"https:\/\/izsekosanasierices.lv\/ru\/produkts\/pult-distantsionnogo-upravleniya-so-vstroennoy-golosovoy-aktivatsiey-pamyat-8-gb-srok-sluzhby-batarei-48-ch\/\" \/>\n<meta property=\"og:site_name\" content=\"Nr1 Izseko\u0161anas ier\u012bces gps izseko\u0161anas iek\u0101rtas, klaus\u012b\u0161an\u0101s iek\u0101rtas\" \/>\n<meta property=\"article:modified_time\" content=\"2025-11-21T06:43:59+00:00\" \/>\n<meta property=\"og:image\" content=\"https:\/\/rvnski.dev\/sekimoiranga\/wp-content\/uploads\/izsekosanasierices.webp\" \/>\n<meta name=\"twitter:card\" content=\"summary_large_image\" \/>\n<meta name=\"twitter:title\" content=\"T\u0101lvad\u012bbas pults ar ieb\u016bv\u0113tu slepenu balss aktiviz\u0113tu ierakst\u012bt\u0101ju 8gb 48h\" \/>\n<meta name=\"twitter:description\" content=\"T\u0101lvad\u012bbas pults ir uzst\u0101d\u012bta uz atsl\u0113gas pults ar ieb\u016bv\u0113tu slepenu ierakst\u012b\u0161anas ier\u012bci, un t\u0101 var ierakst\u012bt ska\u0146u. Augsta ska\u0146as kvalit\u0101te - l\u012bdz 48 stund\u0101m ieraksta bez uzl\u0101des 8 GB pietiek 14 dien\u0101m\" \/>\n<meta name=\"twitter:label1\" content=\"\u041f\u0440\u0438\u043c\u0435\u0440\u043d\u043e\u0435 \u0432\u0440\u0435\u043c\u044f \u0434\u043b\u044f \u0447\u0442\u0435\u043d\u0438\u044f\" \/>\n\t<meta name=\"twitter:data1\" content=\"2 \u043c\u0438\u043d\u0443\u0442\u044b\" \/>\n<script type=\"application\/ld+json\" class=\"yoast-schema-graph\">{\"@context\":\"https:\\\/\\\/schema.org\",\"@graph\":[{\"@type\":\"WebPage\",\"@id\":\"https:\\\/\\\/izsekosanasierices.lv\\\/produkts\\\/talvadibas-pults-ar-iebuvetu-diktofonu-aktivizacija-ar-balsi-8gb-atmina-48h-darbibas-laiks\\\/\",\"url\":\"https:\\\/\\\/izsekosanasierices.lv\\\/produkts\\\/talvadibas-pults-ar-iebuvetu-diktofonu-aktivizacija-ar-balsi-8gb-atmina-48h-darbibas-laiks\\\/\",\"name\":\"T\u0101lvad\u012bbas pults ar ieb\u016bv\u0113tu diktofonu aktiviz\u0101cija ar balsi 8gb\",\"isPartOf\":{\"@id\":\"https:\\\/\\\/izsekosanasierices.lv\\\/#website\"},\"primaryImageOfPage\":{\"@id\":\"https:\\\/\\\/izsekosanasierices.lv\\\/produkts\\\/talvadibas-pults-ar-iebuvetu-diktofonu-aktivizacija-ar-balsi-8gb-atmina-48h-darbibas-laiks\\\/#primaryimage\"},\"image\":{\"@id\":\"https:\\\/\\\/izsekosanasierices.lv\\\/produkts\\\/talvadibas-pults-ar-iebuvetu-diktofonu-aktivizacija-ar-balsi-8gb-atmina-48h-darbibas-laiks\\\/#primaryimage\"},\"thumbnailUrl\":\"https:\\\/\\\/izsekosanasierices.lv\\\/wp-content\\\/uploads\\\/izsekosanasierices-pultelis-su-imontuotu-diktofonu-aktyvuojasi-nuo-balso-8gb-veikia-48val.jpg\",\"datePublished\":\"2023-10-05T15:37:43+00:00\",\"dateModified\":\"2025-11-21T06:43:59+00:00\",\"description\":\"T\u0101lvad\u012bbas pults k\u0101 atsl\u0113gu piekari\u0146\u0161 ar ieb\u016bv\u0113tu slepenu audio ierakst\u012b\u0161anas ier\u012bci. Augsta ska\u0146as kvalit\u0101te. L\u012bdz 48h ilgs ieraksts bez uzl\u0101des. 8 GB\",\"breadcrumb\":{\"@id\":\"https:\\\/\\\/izsekosanasierices.lv\\\/produkts\\\/talvadibas-pults-ar-iebuvetu-diktofonu-aktivizacija-ar-balsi-8gb-atmina-48h-darbibas-laiks\\\/#breadcrumb\"},\"inLanguage\":\"ru-RU\",\"potentialAction\":[{\"@type\":\"ReadAction\",\"target\":[\"https:\\\/\\\/izsekosanasierices.lv\\\/produkts\\\/talvadibas-pults-ar-iebuvetu-diktofonu-aktivizacija-ar-balsi-8gb-atmina-48h-darbibas-laiks\\\/\"]}]},{\"@type\":\"ImageObject\",\"inLanguage\":\"ru-RU\",\"@id\":\"https:\\\/\\\/izsekosanasierices.lv\\\/produkts\\\/talvadibas-pults-ar-iebuvetu-diktofonu-aktivizacija-ar-balsi-8gb-atmina-48h-darbibas-laiks\\\/#primaryimage\",\"url\":\"https:\\\/\\\/izsekosanasierices.lv\\\/wp-content\\\/uploads\\\/izsekosanasierices-pultelis-su-imontuotu-diktofonu-aktyvuojasi-nuo-balso-8gb-veikia-48val.jpg\",\"contentUrl\":\"https:\\\/\\\/izsekosanasierices.lv\\\/wp-content\\\/uploads\\\/izsekosanasierices-pultelis-su-imontuotu-diktofonu-aktyvuojasi-nuo-balso-8gb-veikia-48val.jpg\",\"width\":417,\"height\":418,\"caption\":\"Pultelis su diktfonu uzmaskuotas slaptas\"},{\"@type\":\"BreadcrumbList\",\"@id\":\"https:\\\/\\\/izsekosanasierices.lv\\\/produkts\\\/talvadibas-pults-ar-iebuvetu-diktofonu-aktivizacija-ar-balsi-8gb-atmina-48h-darbibas-laiks\\\/#breadcrumb\",\"itemListElement\":[{\"@type\":\"ListItem\",\"position\":1,\"name\":\"S\u0101kums\",\"item\":\"https:\\\/\\\/izsekosanasierices.lv\\\/\"},{\"@type\":\"ListItem\",\"position\":2,\"name\":\"Veikals\",\"item\":\"https:\\\/\\\/izsekosanasierices.lv\\\/veikals\\\/\"},{\"@type\":\"ListItem\",\"position\":3,\"name\":\"T\u0101lvad\u012bbas pults ar ieb\u016bv\u0113tu diktofonu aktiviz\u0101cija ar balsi 8gb atmi\u0146a 48h darb\u012bbas laiks\"}]},{\"@type\":\"WebSite\",\"@id\":\"https:\\\/\\\/izsekosanasierices.lv\\\/#website\",\"url\":\"https:\\\/\\\/izsekosanasierices.lv\\\/\",\"name\":\"Nr1 Izseko\u0161anas ier\u012bces gps izseko\u0161anas iek\u0101rtas, klaus\u012b\u0161an\u0101s iek\u0101rtas\",\"description\":\"\",\"potentialAction\":[{\"@type\":\"SearchAction\",\"target\":{\"@type\":\"EntryPoint\",\"urlTemplate\":\"https:\\\/\\\/izsekosanasierices.lv\\\/?s={search_term_string}\"},\"query-input\":{\"@type\":\"PropertyValueSpecification\",\"valueRequired\":true,\"valueName\":\"search_term_string\"}}],\"inLanguage\":\"ru-RU\"}]}<\/script>\n<!-- \/ Yoast SEO plugin. -->","yoast_head_json":{"title":"T\u0101lvad\u012bbas pults ar ieb\u016bv\u0113tu diktofonu aktiviz\u0101cija ar balsi 8gb","description":"T\u0101lvad\u012bbas pults k\u0101 atsl\u0113gu piekari\u0146\u0161 ar ieb\u016bv\u0113tu slepenu audio ierakst\u012b\u0161anas ier\u012bci. Augsta ska\u0146as kvalit\u0101te. L\u012bdz 48h ilgs ieraksts bez uzl\u0101des. 8 GB","robots":{"index":"index","follow":"follow","max-snippet":"max-snippet:-1","max-image-preview":"max-image-preview:large","max-video-preview":"max-video-preview:-1"},"canonical":"https:\/\/izsekosanasierices.lv\/ru\/produkts\/pult-distantsionnogo-upravleniya-so-vstroennoy-golosovoy-aktivatsiey-pamyat-8-gb-srok-sluzhby-batarei-48-ch\/","og_locale":"ru_RU","og_type":"article","og_title":"T\u0101lvad\u012bbas pults ar ieb\u016bv\u0113tu slepenu balss aktiviz\u0113tu ierakst\u012bt\u0101ju 8gb 48h","og_description":"T\u0101lvad\u012bbas pults ir uzst\u0101d\u012bta uz atsl\u0113gas pults ar ieb\u016bv\u0113tu slepenu ierakst\u012b\u0161anas ier\u012bci, un t\u0101 var ierakst\u012bt ska\u0146u. Augsta ska\u0146as kvalit\u0101te - l\u012bdz 48 stund\u0101m ieraksta bez uzl\u0101des 8 GB pietiek 14 dien\u0101m","og_url":"https:\/\/izsekosanasierices.lv\/ru\/produkts\/pult-distantsionnogo-upravleniya-so-vstroennoy-golosovoy-aktivatsiey-pamyat-8-gb-srok-sluzhby-batarei-48-ch\/","og_site_name":"Nr1 Izseko\u0161anas ier\u012bces gps izseko\u0161anas iek\u0101rtas, klaus\u012b\u0161an\u0101s iek\u0101rtas","article_modified_time":"2025-11-21T06:43:59+00:00","og_image":[{"url":"https:\/\/rvnski.dev\/sekimoiranga\/wp-content\/uploads\/izsekosanasierices.webp","type":"","width":"","height":""}],"twitter_card":"summary_large_image","twitter_title":"T\u0101lvad\u012bbas pults ar ieb\u016bv\u0113tu slepenu balss aktiviz\u0113tu ierakst\u012bt\u0101ju 8gb 48h","twitter_description":"T\u0101lvad\u012bbas pults ir uzst\u0101d\u012bta uz atsl\u0113gas pults ar ieb\u016bv\u0113tu slepenu ierakst\u012b\u0161anas ier\u012bci, un t\u0101 var ierakst\u012bt ska\u0146u. Augsta ska\u0146as kvalit\u0101te - l\u012bdz 48 stund\u0101m ieraksta bez uzl\u0101des 8 GB pietiek 14 dien\u0101m","twitter_misc":{"\u041f\u0440\u0438\u043c\u0435\u0440\u043d\u043e\u0435 \u0432\u0440\u0435\u043c\u044f \u0434\u043b\u044f \u0447\u0442\u0435\u043d\u0438\u044f":"2 \u043c\u0438\u043d\u0443\u0442\u044b"},"schema":{"@context":"https:\/\/schema.org","@graph":[{"@type":"WebPage","@id":"https:\/\/izsekosanasierices.lv\/produkts\/talvadibas-pults-ar-iebuvetu-diktofonu-aktivizacija-ar-balsi-8gb-atmina-48h-darbibas-laiks\/","url":"https:\/\/izsekosanasierices.lv\/produkts\/talvadibas-pults-ar-iebuvetu-diktofonu-aktivizacija-ar-balsi-8gb-atmina-48h-darbibas-laiks\/","name":"T\u0101lvad\u012bbas pults ar ieb\u016bv\u0113tu diktofonu aktiviz\u0101cija ar balsi 8gb","isPartOf":{"@id":"https:\/\/izsekosanasierices.lv\/#website"},"primaryImageOfPage":{"@id":"https:\/\/izsekosanasierices.lv\/produkts\/talvadibas-pults-ar-iebuvetu-diktofonu-aktivizacija-ar-balsi-8gb-atmina-48h-darbibas-laiks\/#primaryimage"},"image":{"@id":"https:\/\/izsekosanasierices.lv\/produkts\/talvadibas-pults-ar-iebuvetu-diktofonu-aktivizacija-ar-balsi-8gb-atmina-48h-darbibas-laiks\/#primaryimage"},"thumbnailUrl":"https:\/\/izsekosanasierices.lv\/wp-content\/uploads\/izsekosanasierices-pultelis-su-imontuotu-diktofonu-aktyvuojasi-nuo-balso-8gb-veikia-48val.jpg","datePublished":"2023-10-05T15:37:43+00:00","dateModified":"2025-11-21T06:43:59+00:00","description":"T\u0101lvad\u012bbas pults k\u0101 atsl\u0113gu piekari\u0146\u0161 ar ieb\u016bv\u0113tu slepenu audio ierakst\u012b\u0161anas ier\u012bci. Augsta ska\u0146as kvalit\u0101te. L\u012bdz 48h ilgs ieraksts bez uzl\u0101des. 8 GB","breadcrumb":{"@id":"https:\/\/izsekosanasierices.lv\/produkts\/talvadibas-pults-ar-iebuvetu-diktofonu-aktivizacija-ar-balsi-8gb-atmina-48h-darbibas-laiks\/#breadcrumb"},"inLanguage":"ru-RU","potentialAction":[{"@type":"ReadAction","target":["https:\/\/izsekosanasierices.lv\/produkts\/talvadibas-pults-ar-iebuvetu-diktofonu-aktivizacija-ar-balsi-8gb-atmina-48h-darbibas-laiks\/"]}]},{"@type":"ImageObject","inLanguage":"ru-RU","@id":"https:\/\/izsekosanasierices.lv\/produkts\/talvadibas-pults-ar-iebuvetu-diktofonu-aktivizacija-ar-balsi-8gb-atmina-48h-darbibas-laiks\/#primaryimage","url":"https:\/\/izsekosanasierices.lv\/wp-content\/uploads\/izsekosanasierices-pultelis-su-imontuotu-diktofonu-aktyvuojasi-nuo-balso-8gb-veikia-48val.jpg","contentUrl":"https:\/\/izsekosanasierices.lv\/wp-content\/uploads\/izsekosanasierices-pultelis-su-imontuotu-diktofonu-aktyvuojasi-nuo-balso-8gb-veikia-48val.jpg","width":417,"height":418,"caption":"Pultelis su diktfonu uzmaskuotas slaptas"},{"@type":"BreadcrumbList","@id":"https:\/\/izsekosanasierices.lv\/produkts\/talvadibas-pults-ar-iebuvetu-diktofonu-aktivizacija-ar-balsi-8gb-atmina-48h-darbibas-laiks\/#breadcrumb","itemListElement":[{"@type":"ListItem","position":1,"name":"S\u0101kums","item":"https:\/\/izsekosanasierices.lv\/"},{"@type":"ListItem","position":2,"name":"Veikals","item":"https:\/\/izsekosanasierices.lv\/veikals\/"},{"@type":"ListItem","position":3,"name":"T\u0101lvad\u012bbas pults ar ieb\u016bv\u0113tu diktofonu aktiviz\u0101cija ar balsi 8gb atmi\u0146a 48h darb\u012bbas laiks"}]},{"@type":"WebSite","@id":"https:\/\/izsekosanasierices.lv\/#website","url":"https:\/\/izsekosanasierices.lv\/","name":"Nr1 Izseko\u0161anas ier\u012bces gps izseko\u0161anas iek\u0101rtas, klaus\u012b\u0161an\u0101s iek\u0101rtas","description":"","potentialAction":[{"@type":"SearchAction","target":{"@type":"EntryPoint","urlTemplate":"https:\/\/izsekosanasierices.lv\/?s={search_term_string}"},"query-input":{"@type":"PropertyValueSpecification","valueRequired":true,"valueName":"search_term_string"}}],"inLanguage":"ru-RU"}]}},"_links":{"self":[{"href":"https:\/\/izsekosanasierices.lv\/ru\/wp-json\/wp\/v2\/product\/1327","targetHints":{"allow":["GET"]}}],"collection":[{"href":"https:\/\/izsekosanasierices.lv\/ru\/wp-json\/wp\/v2\/product"}],"about":[{"href":"https:\/\/izsekosanasierices.lv\/ru\/wp-json\/wp\/v2\/types\/product"}],"wp:featuredmedia":[{"embeddable":true,"href":"https:\/\/izsekosanasierices.lv\/ru\/wp-json\/wp\/v2\/media\/1935"}],"wp:attachment":[{"href":"https:\/\/izsekosanasierices.lv\/ru\/wp-json\/wp\/v2\/media?parent=1327"}],"wp:term":[{"taxonomy":"product_brand","embeddable":true,"href":"https:\/\/izsekosanasierices.lv\/ru\/wp-json\/wp\/v2\/product_brand?post=1327"},{"taxonomy":"product_cat","embeddable":true,"href":"https:\/\/izsekosanasierices.lv\/ru\/wp-json\/wp\/v2\/product_cat?post=1327"},{"taxonomy":"product_tag","embeddable":true,"href":"https:\/\/izsekosanasierices.lv\/ru\/wp-json\/wp\/v2\/product_tag?post=1327"}],"curies":[{"name":"wp","href":"https:\/\/api.w.org\/{rel}","templated":true}]}}