{"id":1332,"date":"2023-10-05T15:37:43","date_gmt":"2023-10-05T15:37:43","guid":{"rendered":"https:\/\/izsekosanasierices.lv\/produktas\/slapta-kamera-ip-55-elektros-paskirstymo-dezuteje-su-wi-fi\/"},"modified":"2026-01-19T14:13:30","modified_gmt":"2026-01-19T12:13:30","slug":"ip-55-elektribas-sadales-kaste-paslepta-noverosanas-kamera-ar-wifi","status":"publish","type":"product","link":"https:\/\/izsekosanasierices.lv\/ru\/produkts\/ip-55-\u044d\u043b\u0435\u043a\u0442\u0440\u0438\u0447\u0435\u0441\u043a\u0430\u044f-\u0440\u0430\u0441\u043f\u0440\u0435\u0434\u0435\u043b\u0438\u0442\u0435\u043b\u044c\u043d\u0430\u044f-\u043a\u043e\/","title":{"rendered":"IP 55 - \u043a\u0430\u043c\u0435\u0440\u0430 \u043d\u0430\u0431\u043b\u044e\u0434\u0435\u043d\u0438\u044f \u0441 WiFi, \u0441\u043a\u0440\u044b\u0442\u0430\u044f \u0432 \u0440\u0430\u0441\u043f\u0440\u0435\u0434\u0435\u043b\u0438\u0442\u0435\u043b\u044c\u043d\u043e\u0439 \u043a\u043e\u0440\u043e\u0431\u043a\u0435"},"content":{"rendered":"<p><strong><span style=\"color: #ff0000;\">\u0410\u041a\u0426\u0418\u042f: 32 \u0413\u0411 micro SD \u0432 \u043f\u043e\u0434\u0430\u0440\u043e\u043a<\/span> <\/strong><\/p>\n<p>\u0422\u0435\u0445\u043d\u0438\u0447\u0435\u0441\u043a\u0438\u0435 \u043f\u0430\u0440\u0430\u043c\u0435\u0442\u0440\u044b:<\/p>\n<ul>\n<li>\u0423\u0434\u0430\u043b\u0435\u043d\u043d\u044b\u0439 \u043f\u0440\u043e\u0441\u043c\u043e\u0442\u0440: \u0434\u0430, \u0447\u0435\u0440\u0435\u0437 \u043f\u0440\u0438\u043b\u043e\u0436\u0435\u043d\u0438\u0435 \u043d\u0430 \u0432\u0430\u0448\u0435\u043c \u0442\u0435\u043b\u0435\u0444\u043e\u043d\u0435<\/li>\n<li>\u0417\u0430\u043f\u0438\u0441\u044c \u0432\u0438\u0434\u0435\u043e \u0441\u043e \u0437\u0432\u0443\u043a\u043e\u043c<\/li>\n<li>\u041a\u0440\u0435\u043f\u0438\u0442\u0441\u044f \u043a \u0441\u0442\u0435\u043d\u0435 \u0441 \u043f\u043e\u043c\u043e\u0449\u044c\u044e \u043d\u0430\u043a\u043b\u0435\u0439\u043a\u0438 (\u0432\u0445\u043e\u0434\u0438\u0442 \u0432 \u043a\u043e\u043c\u043f\u043b\u0435\u043a\u0442)<\/li>\n<li>\u041a\u0430\u0447\u0435\u0441\u0442\u0432\u043e \u0438\u0437\u043e\u0431\u0440\u0430\u0436\u0435\u043d\u0438\u044f: FULL HD 1080P,<\/li>\n<li>\u041f\u0440\u043e\u0441\u043c\u0430\u0442\u0440\u0438\u0432\u0430\u0439\u0442\u0435 \u0438\u0437\u043e\u0431\u0440\u0430\u0436\u0435\u043d\u0438\u044f \u043d\u0430 \u0442\u0435\u043b\u0435\u0444\u043e\u043d\u0435, \u043a\u043e\u043c\u043f\u044c\u044e\u0442\u0435\u0440\u0435 \u0438 \u043f\u043b\u0430\u043d\u0448\u0435\u0442\u0435<\/li>\n<li>\u0412\u0440\u0435\u043c\u044f \u0440\u0430\u0431\u043e\u0442\u044b \u043e\u0442 \u0430\u043a\u043a\u0443\u043c\u0443\u043b\u044f\u0442\u043e\u0440\u0430: \u0434\u043e 48 \u0447\u0430\u0441\u043e\u0432 \u0431\u0435\u0437 \u043f\u043e\u0434\u0437\u0430\u0440\u044f\u0434\u043a\u0438 (\u0430\u043a\u043a\u0443\u043c\u0443\u043b\u044f\u0442\u043e\u0440 \u0435\u043c\u043a\u043e\u0441\u0442\u044c\u044e 10 000 \u043c\u0410\u0447 \u0432\u0445\u043e\u0434\u0438\u0442 \u0432 \u043a\u043e\u043c\u043f\u043b\u0435\u043a\u0442)<\/li>\n<li>\u0420\u0435\u0436\u0438\u043c \u043e\u0431\u043d\u0430\u0440\u0443\u0436\u0435\u043d\u0438\u044f \u0434\u0432\u0438\u0436\u0435\u043d\u0438\u044f: \u0434\u0430 (\u0446\u0438\u0444\u0440\u043e\u0432\u043e\u0439)<\/li>\n<li>\u0423\u0433\u043e\u043b \u043e\u0431\u0437\u043e\u0440\u0430: 90\u00b0<\/li>\n<li>\u041f\u043e\u0434\u0434\u0435\u0440\u0436\u043a\u0430 \u043a\u0430\u0440\u0442 \u043f\u0430\u043c\u044f\u0442\u0438: 8 - 128 \u0413\u0411 (\u043a\u0430\u0440\u0442\u0430 \u043d\u0435 \u0432\u0445\u043e\u0434\u0438\u0442 \u0432 \u043a\u043e\u043c\u043f\u043b\u0435\u043a\u0442)<\/li>\n<li>1 \u0412\u0438\u0434\u0435\u043e \u043d\u0430 \u0430\u043d\u0433\u043b\u0438\u0439\u0441\u043a\u043e\u043c \u044f\u0437\u044b\u043a\u0435 310 \u043c<\/li>\n<li>\u0424\u043e\u0440\u043c\u0430\u0442 \u0441\u0436\u0430\u0442\u0438\u044f: avi H.264<\/li>\n<li>\u041f\u0440\u0438\u043b\u043e\u0436\u0435\u043d\u0438\u044f \u0434\u043b\u044f Android \/ iPhone<\/li>\n<li>\u0418\u0441\u0442\u043e\u0447\u043d\u0438\u043a \u043f\u0438\u0442\u0430\u043d\u0438\u044f: \u0431\u0430\u0442\u0430\u0440\u0435\u044f \u0438\u043b\u0438 \u0441\u0435\u0442\u044c (5 \u0412)<\/li>\n<li>\u0412\u043e\u0437\u043c\u043e\u0436\u043d\u043e\u0441\u0442\u044c \u043f\u043e\u0434\u043a\u043b\u044e\u0447\u0435\u043d\u0438\u044f Wi-Fi: IEEE802.11 b\/g\/n<\/li>\n<li>\u0420\u0430\u0437\u043c\u0435\u0440\u044b \u0443\u043f\u0430\u043a\u043e\u0432\u043a\u0438: 80 \u043c\u043c x 80 \u043c\u043c x 45 \u043c\u043c<\/li>\n<li>\u0423\u043f\u0440\u0430\u0432\u043b\u0435\u043d\u0438\u0435 \u0437\u0430\u043f\u0438\u0441\u044c\u044e: \u0441 \u043b\u044e\u0431\u043e\u0433\u043e \u0441\u043c\u0430\u0440\u0442-\u0443\u0441\u0442\u0440\u043e\u0439\u0441\u0442\u0432\u0430 (\u0442\u0435\u043b\u0435\u0444\u043e\u043d\u0430, \u043a\u043e\u043c\u043f\u044c\u044e\u0442\u0435\u0440\u0430 \u0438\u043b\u0438 \u043f\u043b\u0430\u043d\u0448\u0435\u0442\u0430)<\/li>\n<li><strong>\u0413\u0430\u0440\u0430\u043d\u0442\u0438\u044f 24 \u043c\u0435\u0441\u044f\u0446\u0430<\/strong><\/li>\n<\/ul>\n<p><strong>\u00a0<\/strong><\/p>\n<p><span style=\"color: #ff0000;\"><strong>\u041d\u0443\u0436\u043d\u0430 \u0431\u044b\u0441\u0442\u0440\u0430\u044f \u0434\u043e\u0441\u0442\u0430\u0432\u043a\u0430 \u0432 \u0442\u043e\u0442 \u0436\u0435 \u0434\u0435\u043d\u044c (\u0438 \u0432 \u0432\u044b\u0445\u043e\u0434\u043d\u044b\u0435)?  \u0417\u0432\u043e\u043d\u0438\u0442\u0435 +37120484176!<\/strong><\/span><\/p>\n<p>\u0418\u0441\u043f\u043e\u043b\u044c\u0437\u043e\u0432\u0430\u043d\u0438\u0435: \u0434\u043b\u044f \u0432\u0430\u0448\u0435\u0439 \u0431\u0435\u0437\u043e\u043f\u0430\u0441\u043d\u043e\u0441\u0442\u0438, \u0434\u043b\u044f \u0431\u0435\u0437\u043e\u043f\u0430\u0441\u043d\u043e\u0441\u0442\u0438 \u0434\u0435\u0442\u0435\u0439.<\/p>\n<p><strong>\u041a\u0430\u043c\u0435\u0440\u0430 \u043f\u0440\u043e\u0441\u0442\u0430 \u0432 \u0438\u0441\u043f\u043e\u043b\u044c\u0437\u043e\u0432\u0430\u043d\u0438\u0438 - \u043d\u0430\u043f\u0440\u0438\u043c\u0435\u0440, \u0435\u0435 \u043c\u043e\u0436\u043d\u043e \u043d\u0435\u0437\u0430\u043c\u0435\u0442\u043d\u043e \u0443\u0441\u0442\u0430\u043d\u043e\u0432\u0438\u0442\u044c \u0432\u043e \u0434\u0432\u043e\u0440\u0435 \u0438\u043b\u0438 \u043d\u0430 \u043b\u0435\u0441\u0442\u043d\u0438\u0447\u043d\u043e\u0439 \u043f\u043b\u043e\u0449\u0430\u0434\u043a\u0435, \u0447\u0442\u043e\u0431\u044b \u0437\u0430\u0449\u0438\u0442\u0438\u0442\u044c \u0441\u0435\u0431\u044f \u043e\u0442 \u0432\u043e\u0440\u043e\u0432 \u0438\u043b\u0438 \u0437\u0430\u0444\u0438\u043a\u0441\u0438\u0440\u043e\u0432\u0430\u0442\u044c, \u043a\u0442\u043e \u0445\u043e\u0434\u0438\u0442 \u043f\u043e \u0432\u0430\u0448\u0435\u043c\u0443 \u0434\u0432\u043e\u0440\u0443 \u0438\u043b\u0438 \u0443\u0447\u0430\u0441\u0442\u043a\u0443. \u041a\u0430\u043c\u0435\u0440\u0430 \u0438 \u0430\u043a\u043a\u0443\u043c\u0443\u043b\u044f\u0442\u043e\u0440 \u043f\u043e\u043c\u0435\u0449\u0435\u043d\u044b \u0432 \u0440\u0430\u043c\u043a\u0443. \u041a\u0430\u043c\u0435\u0440\u0430 \u043b\u0435\u0433\u043a\u043e \u043a\u0440\u0435\u043f\u0438\u0442\u0441\u044f, \u0442\u0430\u043a \u043a\u0430\u043a \u0432 \u043a\u043e\u043c\u043f\u043b\u0435\u043a\u0442 \u0432\u0445\u043e\u0434\u0438\u0442 \u0434\u0432\u0443\u0441\u0442\u043e\u0440\u043e\u043d\u043d\u044f\u044f \u043d\u0430\u043a\u043b\u0435\u0439\u043a\u0430 - \u0435\u0435 \u043b\u0435\u0433\u043a\u043e \u043f\u0440\u0438\u043a\u0440\u0435\u043f\u0438\u0442\u044c \u0438 \u0442\u0430\u043a\u0436\u0435 \u043b\u0435\u0433\u043a\u043e \u0441\u043d\u044f\u0442\u044c. \u042d\u0442\u0430 \u044d\u043b\u0435\u043a\u0442\u0440\u0438\u0447\u0435\u0441\u043a\u0430\u044f \u043f\u0435\u0447\u0430\u043b\u044c<\/strong><\/p>\n<p><strong>\u0412\u044b \u043c\u043e\u0436\u0435\u0442\u0435 \u0441\u043c\u043e\u0442\u0440\u0435\u0442\u044c \u043f\u0440\u044f\u043c\u0443\u044e \u0442\u0440\u0430\u043d\u0441\u043b\u044f\u0446\u0438\u044e \u043d\u0430 \u0441\u0432\u043e\u0435\u043c \u0442\u0435\u043b\u0435\u0444\u043e\u043d\u0435, \u0430 \u043a\u0430\u043c\u0435\u0440\u0430 \u043c\u043e\u0436\u0435\u0442 \u0432\u0435\u0441\u0442\u0438 \u0437\u0430\u043f\u0438\u0441\u044c \u0432 \u0434\u0432\u0438\u0436\u0435\u043d\u0438\u0438.<\/strong><\/p>\n<p><strong>\u0417\u0430\u0449\u0438\u0442\u0438\u0442\u0435 \u0441\u0432\u043e\u044e \u0441\u043e\u0431\u0441\u0442\u0432\u0435\u043d\u043d\u043e\u0441\u0442\u044c \u0441 \u043f\u043e\u043c\u043e\u0449\u044c\u044e \u044d\u0442\u043e\u0439 \u0443\u043b\u044c\u0442\u0440\u0430\u0441\u043e\u0432\u0440\u0435\u043c\u0435\u043d\u043d\u043e\u0439 \u043a\u0430\u043c\u0435\u0440\u044b!<\/strong><\/p>\n<p>&nbsp;<\/p>","protected":false},"excerpt":{"rendered":"<p>\u042d\u0442\u0443 \u043a\u0430\u043c\u0435\u0440\u0443 \u043b\u0435\u0433\u043a\u043e \u0441\u043f\u0440\u044f\u0442\u0430\u0442\u044c \u0438 \u0437\u0430\u043a\u0440\u0435\u043f\u0438\u0442\u044c \u043d\u0430 \u0441\u0442\u0435\u043d\u0435. \u0412\u0438\u0434\u0435\u043e\u0437\u0430\u043f\u0438\u0441\u044c \u043c\u043e\u0436\u043d\u043e \u043a\u043e\u043d\u0442\u0440\u043e\u043b\u0438\u0440\u043e\u0432\u0430\u0442\u044c \u0443\u0434\u0430\u043b\u0435\u043d\u043d\u043e. \u0411\u043e\u043b\u044c\u0448\u043e\u0439 \u0432\u044b\u0431\u043e\u0440 \u0441\u043a\u0440\u044b\u0442\u044b\u0445 \u043a\u0430\u043c\u0435\u0440. \u0421\u043a\u0438\u0434\u043a\u0438.<\/p>","protected":false},"featured_media":1954,"template":"","meta":[],"product_brand":[],"product_cat":[330,321,331],"product_tag":[324,325,326,36,327,328,329,32],"class_list":{"0":"post-1332","1":"product","2":"type-product","3":"status-publish","4":"has-post-thumbnail","6":"product_cat-masketas-kameras","7":"product_cat-sleptas-kameras","8":"product_cat-wi-fi-slepenas-kameras","9":"product_tag-izlukosanas-kamera","10":"product_tag-izsekosanas-kamera","11":"product_tag-maskesanas-kamera","12":"product_tag-mini-kamera","13":"product_tag-noverosanas-kamera","14":"product_tag-slepena-kamera","15":"product_tag-slepta-noverosanas-kamera","16":"product_tag-wifi-kamera","18":"first","19":"instock","20":"taxable","21":"shipping-taxable","22":"purchasable","23":"product-type-simple"},"yoast_head":"<!-- This site is optimized with the Yoast SEO plugin v27.4 - https:\/\/yoast.com\/product\/yoast-seo-wordpress\/ -->\n<title>IP55 elektr\u012bbas sadales kast\u0113 pasl\u0113pta nov\u0113ro\u0161anas kamera ar wifi<\/title>\n<meta name=\"description\" content=\"\u0160o kameru ir viegli pasl\u0113pt, un to var viegli piestiprin\u0101t pie sienas. Videoierakstus var p\u0101rraudz\u012bt att\u0101lin\u0101ti. Liels slepeno kameru kl\u0101sts. Atlaides.\" \/>\n<meta name=\"robots\" content=\"index, follow, max-snippet:-1, max-image-preview:large, max-video-preview:-1\" \/>\n<link rel=\"canonical\" href=\"https:\/\/izsekosanasierices.lv\/ru\/produkts\/ip-55-\u044d\u043b\u0435\u043a\u0442\u0440\u0438\u0447\u0435\u0441\u043a\u0430\u044f-\u0440\u0430\u0441\u043f\u0440\u0435\u0434\u0435\u043b\u0438\u0442\u0435\u043b\u044c\u043d\u0430\u044f-\u043a\u043e\/\" \/>\n<meta property=\"og:locale\" content=\"ru_RU\" \/>\n<meta property=\"og:type\" content=\"article\" \/>\n<meta property=\"og:title\" content=\"Slepeni mask\u0113ta mini wifi kamera elektr\u012bbas sadales kast\u0113\" \/>\n<meta property=\"og:description\" content=\"\u0160o kameru ir viegli pasl\u0113pt, un to var viegli piestiprin\u0101t pie sienas. Varat att\u0101lin\u0101ti p\u0101rraudz\u012bt videoklipu. Liels slepeno kameru kl\u0101sts, atlaides\" \/>\n<meta property=\"og:url\" content=\"https:\/\/izsekosanasierices.lv\/ru\/produkts\/ip-55-\u044d\u043b\u0435\u043a\u0442\u0440\u0438\u0447\u0435\u0441\u043a\u0430\u044f-\u0440\u0430\u0441\u043f\u0440\u0435\u0434\u0435\u043b\u0438\u0442\u0435\u043b\u044c\u043d\u0430\u044f-\u043a\u043e\/\" \/>\n<meta property=\"og:site_name\" content=\"Nr1 Izseko\u0161anas ier\u012bces gps izseko\u0161anas iek\u0101rtas, klaus\u012b\u0161an\u0101s iek\u0101rtas\" \/>\n<meta property=\"article:modified_time\" content=\"2026-01-19T12:13:30+00:00\" \/>\n<meta property=\"og:image\" content=\"https:\/\/rvnski.dev\/sekimoiranga\/wp-content\/uploads\/izsekosanasierices.webp\" \/>\n<meta name=\"twitter:card\" content=\"summary_large_image\" \/>\n<meta name=\"twitter:title\" content=\"Slepeni mask\u0113ta mini wifi kamera elektr\u012bbas sadales kast\u0113\" \/>\n<meta name=\"twitter:description\" content=\"\u0160o kameru ir viegli pasl\u0113pt, un to var viegli piestiprin\u0101t pie sienas. Varat att\u0101lin\u0101ti p\u0101rraudz\u012bt videoklipu. Liels slepeno kameru kl\u0101sts, atlaides\" \/>\n<meta name=\"twitter:label1\" content=\"\u041f\u0440\u0438\u043c\u0435\u0440\u043d\u043e\u0435 \u0432\u0440\u0435\u043c\u044f \u0434\u043b\u044f \u0447\u0442\u0435\u043d\u0438\u044f\" \/>\n\t<meta name=\"twitter:data1\" content=\"2 \u043c\u0438\u043d\u0443\u0442\u044b\" \/>\n<script type=\"application\/ld+json\" class=\"yoast-schema-graph\">{\"@context\":\"https:\\\/\\\/schema.org\",\"@graph\":[{\"@type\":\"WebPage\",\"@id\":\"https:\\\/\\\/izsekosanasierices.lv\\\/produkts\\\/ip-55-elektribas-sadales-kaste-paslepta-noverosanas-kamera-ar-wifi\\\/\",\"url\":\"https:\\\/\\\/izsekosanasierices.lv\\\/produkts\\\/ip-55-elektribas-sadales-kaste-paslepta-noverosanas-kamera-ar-wifi\\\/\",\"name\":\"IP55 elektr\u012bbas sadales kast\u0113 pasl\u0113pta nov\u0113ro\u0161anas kamera ar wifi\",\"isPartOf\":{\"@id\":\"https:\\\/\\\/izsekosanasierices.lv\\\/#website\"},\"primaryImageOfPage\":{\"@id\":\"https:\\\/\\\/izsekosanasierices.lv\\\/produkts\\\/ip-55-elektribas-sadales-kaste-paslepta-noverosanas-kamera-ar-wifi\\\/#primaryimage\"},\"image\":{\"@id\":\"https:\\\/\\\/izsekosanasierices.lv\\\/produkts\\\/ip-55-elektribas-sadales-kaste-paslepta-noverosanas-kamera-ar-wifi\\\/#primaryimage\"},\"thumbnailUrl\":\"https:\\\/\\\/izsekosanasierices.lv\\\/wp-content\\\/uploads\\\/izsekosanasierices-slapta-kamera-ip-55-elektros-paskirstymo-dezuteje-su-wi-fi.jpg\",\"datePublished\":\"2023-10-05T15:37:43+00:00\",\"dateModified\":\"2026-01-19T12:13:30+00:00\",\"description\":\"\u0160o kameru ir viegli pasl\u0113pt, un to var viegli piestiprin\u0101t pie sienas. Videoierakstus var p\u0101rraudz\u012bt att\u0101lin\u0101ti. Liels slepeno kameru kl\u0101sts. Atlaides.\",\"breadcrumb\":{\"@id\":\"https:\\\/\\\/izsekosanasierices.lv\\\/produkts\\\/ip-55-elektribas-sadales-kaste-paslepta-noverosanas-kamera-ar-wifi\\\/#breadcrumb\"},\"inLanguage\":\"ru-RU\",\"potentialAction\":[{\"@type\":\"ReadAction\",\"target\":[\"https:\\\/\\\/izsekosanasierices.lv\\\/produkts\\\/ip-55-elektribas-sadales-kaste-paslepta-noverosanas-kamera-ar-wifi\\\/\"]}]},{\"@type\":\"ImageObject\",\"inLanguage\":\"ru-RU\",\"@id\":\"https:\\\/\\\/izsekosanasierices.lv\\\/produkts\\\/ip-55-elektribas-sadales-kaste-paslepta-noverosanas-kamera-ar-wifi\\\/#primaryimage\",\"url\":\"https:\\\/\\\/izsekosanasierices.lv\\\/wp-content\\\/uploads\\\/izsekosanasierices-slapta-kamera-ip-55-elektros-paskirstymo-dezuteje-su-wi-fi.jpg\",\"contentUrl\":\"https:\\\/\\\/izsekosanasierices.lv\\\/wp-content\\\/uploads\\\/izsekosanasierices-slapta-kamera-ip-55-elektros-paskirstymo-dezuteje-su-wi-fi.jpg\",\"width\":800,\"height\":800,\"caption\":\"Slapta kamera paskirstymo dezute naudoti laiptineje\"},{\"@type\":\"BreadcrumbList\",\"@id\":\"https:\\\/\\\/izsekosanasierices.lv\\\/produkts\\\/ip-55-elektribas-sadales-kaste-paslepta-noverosanas-kamera-ar-wifi\\\/#breadcrumb\",\"itemListElement\":[{\"@type\":\"ListItem\",\"position\":1,\"name\":\"S\u0101kums\",\"item\":\"https:\\\/\\\/izsekosanasierices.lv\\\/\"},{\"@type\":\"ListItem\",\"position\":2,\"name\":\"Veikals\",\"item\":\"https:\\\/\\\/izsekosanasierices.lv\\\/veikals\\\/\"},{\"@type\":\"ListItem\",\"position\":3,\"name\":\"IP 55 \u2013 elektr\u012bbas sadales kast\u0113 pasl\u0113pta nov\u0113ro\u0161anas kamera ar WiFi\"}]},{\"@type\":\"WebSite\",\"@id\":\"https:\\\/\\\/izsekosanasierices.lv\\\/#website\",\"url\":\"https:\\\/\\\/izsekosanasierices.lv\\\/\",\"name\":\"Nr1 Izseko\u0161anas ier\u012bces gps izseko\u0161anas iek\u0101rtas, klaus\u012b\u0161an\u0101s iek\u0101rtas\",\"description\":\"\",\"potentialAction\":[{\"@type\":\"SearchAction\",\"target\":{\"@type\":\"EntryPoint\",\"urlTemplate\":\"https:\\\/\\\/izsekosanasierices.lv\\\/?s={search_term_string}\"},\"query-input\":{\"@type\":\"PropertyValueSpecification\",\"valueRequired\":true,\"valueName\":\"search_term_string\"}}],\"inLanguage\":\"ru-RU\"}]}<\/script>\n<!-- \/ Yoast SEO plugin. -->","yoast_head_json":{"title":"IP55 elektr\u012bbas sadales kast\u0113 pasl\u0113pta nov\u0113ro\u0161anas kamera ar wifi","description":"\u0160o kameru ir viegli pasl\u0113pt, un to var viegli piestiprin\u0101t pie sienas. Videoierakstus var p\u0101rraudz\u012bt att\u0101lin\u0101ti. Liels slepeno kameru kl\u0101sts. Atlaides.","robots":{"index":"index","follow":"follow","max-snippet":"max-snippet:-1","max-image-preview":"max-image-preview:large","max-video-preview":"max-video-preview:-1"},"canonical":"https:\/\/izsekosanasierices.lv\/ru\/produkts\/ip-55-\u044d\u043b\u0435\u043a\u0442\u0440\u0438\u0447\u0435\u0441\u043a\u0430\u044f-\u0440\u0430\u0441\u043f\u0440\u0435\u0434\u0435\u043b\u0438\u0442\u0435\u043b\u044c\u043d\u0430\u044f-\u043a\u043e\/","og_locale":"ru_RU","og_type":"article","og_title":"Slepeni mask\u0113ta mini wifi kamera elektr\u012bbas sadales kast\u0113","og_description":"\u0160o kameru ir viegli pasl\u0113pt, un to var viegli piestiprin\u0101t pie sienas. Varat att\u0101lin\u0101ti p\u0101rraudz\u012bt videoklipu. Liels slepeno kameru kl\u0101sts, atlaides","og_url":"https:\/\/izsekosanasierices.lv\/ru\/produkts\/ip-55-\u044d\u043b\u0435\u043a\u0442\u0440\u0438\u0447\u0435\u0441\u043a\u0430\u044f-\u0440\u0430\u0441\u043f\u0440\u0435\u0434\u0435\u043b\u0438\u0442\u0435\u043b\u044c\u043d\u0430\u044f-\u043a\u043e\/","og_site_name":"Nr1 Izseko\u0161anas ier\u012bces gps izseko\u0161anas iek\u0101rtas, klaus\u012b\u0161an\u0101s iek\u0101rtas","article_modified_time":"2026-01-19T12:13:30+00:00","og_image":[{"url":"https:\/\/rvnski.dev\/sekimoiranga\/wp-content\/uploads\/izsekosanasierices.webp","type":"","width":"","height":""}],"twitter_card":"summary_large_image","twitter_title":"Slepeni mask\u0113ta mini wifi kamera elektr\u012bbas sadales kast\u0113","twitter_description":"\u0160o kameru ir viegli pasl\u0113pt, un to var viegli piestiprin\u0101t pie sienas. Varat att\u0101lin\u0101ti p\u0101rraudz\u012bt videoklipu. Liels slepeno kameru kl\u0101sts, atlaides","twitter_misc":{"\u041f\u0440\u0438\u043c\u0435\u0440\u043d\u043e\u0435 \u0432\u0440\u0435\u043c\u044f \u0434\u043b\u044f \u0447\u0442\u0435\u043d\u0438\u044f":"2 \u043c\u0438\u043d\u0443\u0442\u044b"},"schema":{"@context":"https:\/\/schema.org","@graph":[{"@type":"WebPage","@id":"https:\/\/izsekosanasierices.lv\/produkts\/ip-55-elektribas-sadales-kaste-paslepta-noverosanas-kamera-ar-wifi\/","url":"https:\/\/izsekosanasierices.lv\/produkts\/ip-55-elektribas-sadales-kaste-paslepta-noverosanas-kamera-ar-wifi\/","name":"IP55 elektr\u012bbas sadales kast\u0113 pasl\u0113pta nov\u0113ro\u0161anas kamera ar wifi","isPartOf":{"@id":"https:\/\/izsekosanasierices.lv\/#website"},"primaryImageOfPage":{"@id":"https:\/\/izsekosanasierices.lv\/produkts\/ip-55-elektribas-sadales-kaste-paslepta-noverosanas-kamera-ar-wifi\/#primaryimage"},"image":{"@id":"https:\/\/izsekosanasierices.lv\/produkts\/ip-55-elektribas-sadales-kaste-paslepta-noverosanas-kamera-ar-wifi\/#primaryimage"},"thumbnailUrl":"https:\/\/izsekosanasierices.lv\/wp-content\/uploads\/izsekosanasierices-slapta-kamera-ip-55-elektros-paskirstymo-dezuteje-su-wi-fi.jpg","datePublished":"2023-10-05T15:37:43+00:00","dateModified":"2026-01-19T12:13:30+00:00","description":"\u0160o kameru ir viegli pasl\u0113pt, un to var viegli piestiprin\u0101t pie sienas. Videoierakstus var p\u0101rraudz\u012bt att\u0101lin\u0101ti. Liels slepeno kameru kl\u0101sts. Atlaides.","breadcrumb":{"@id":"https:\/\/izsekosanasierices.lv\/produkts\/ip-55-elektribas-sadales-kaste-paslepta-noverosanas-kamera-ar-wifi\/#breadcrumb"},"inLanguage":"ru-RU","potentialAction":[{"@type":"ReadAction","target":["https:\/\/izsekosanasierices.lv\/produkts\/ip-55-elektribas-sadales-kaste-paslepta-noverosanas-kamera-ar-wifi\/"]}]},{"@type":"ImageObject","inLanguage":"ru-RU","@id":"https:\/\/izsekosanasierices.lv\/produkts\/ip-55-elektribas-sadales-kaste-paslepta-noverosanas-kamera-ar-wifi\/#primaryimage","url":"https:\/\/izsekosanasierices.lv\/wp-content\/uploads\/izsekosanasierices-slapta-kamera-ip-55-elektros-paskirstymo-dezuteje-su-wi-fi.jpg","contentUrl":"https:\/\/izsekosanasierices.lv\/wp-content\/uploads\/izsekosanasierices-slapta-kamera-ip-55-elektros-paskirstymo-dezuteje-su-wi-fi.jpg","width":800,"height":800,"caption":"Slapta kamera paskirstymo dezute naudoti laiptineje"},{"@type":"BreadcrumbList","@id":"https:\/\/izsekosanasierices.lv\/produkts\/ip-55-elektribas-sadales-kaste-paslepta-noverosanas-kamera-ar-wifi\/#breadcrumb","itemListElement":[{"@type":"ListItem","position":1,"name":"S\u0101kums","item":"https:\/\/izsekosanasierices.lv\/"},{"@type":"ListItem","position":2,"name":"Veikals","item":"https:\/\/izsekosanasierices.lv\/veikals\/"},{"@type":"ListItem","position":3,"name":"IP 55 \u2013 elektr\u012bbas sadales kast\u0113 pasl\u0113pta nov\u0113ro\u0161anas kamera ar WiFi"}]},{"@type":"WebSite","@id":"https:\/\/izsekosanasierices.lv\/#website","url":"https:\/\/izsekosanasierices.lv\/","name":"Nr1 Izseko\u0161anas ier\u012bces gps izseko\u0161anas iek\u0101rtas, klaus\u012b\u0161an\u0101s iek\u0101rtas","description":"","potentialAction":[{"@type":"SearchAction","target":{"@type":"EntryPoint","urlTemplate":"https:\/\/izsekosanasierices.lv\/?s={search_term_string}"},"query-input":{"@type":"PropertyValueSpecification","valueRequired":true,"valueName":"search_term_string"}}],"inLanguage":"ru-RU"}]}},"_links":{"self":[{"href":"https:\/\/izsekosanasierices.lv\/ru\/wp-json\/wp\/v2\/product\/1332","targetHints":{"allow":["GET"]}}],"collection":[{"href":"https:\/\/izsekosanasierices.lv\/ru\/wp-json\/wp\/v2\/product"}],"about":[{"href":"https:\/\/izsekosanasierices.lv\/ru\/wp-json\/wp\/v2\/types\/product"}],"wp:featuredmedia":[{"embeddable":true,"href":"https:\/\/izsekosanasierices.lv\/ru\/wp-json\/wp\/v2\/media\/1954"}],"wp:attachment":[{"href":"https:\/\/izsekosanasierices.lv\/ru\/wp-json\/wp\/v2\/media?parent=1332"}],"wp:term":[{"taxonomy":"product_brand","embeddable":true,"href":"https:\/\/izsekosanasierices.lv\/ru\/wp-json\/wp\/v2\/product_brand?post=1332"},{"taxonomy":"product_cat","embeddable":true,"href":"https:\/\/izsekosanasierices.lv\/ru\/wp-json\/wp\/v2\/product_cat?post=1332"},{"taxonomy":"product_tag","embeddable":true,"href":"https:\/\/izsekosanasierices.lv\/ru\/wp-json\/wp\/v2\/product_tag?post=1332"}],"curies":[{"name":"wp","href":"https:\/\/api.w.org\/{rel}","templated":true}]}}