{"id":1350,"date":"2023-10-05T15:37:43","date_gmt":"2023-10-05T15:37:43","guid":{"rendered":"https:\/\/izsekosanasierices.lv\/produktas\/auksines-palvos-laikrodis-su-kamera-ir-odiniu-dirzeliu\/"},"modified":"2025-11-19T16:26:44","modified_gmt":"2025-11-19T14:26:44","slug":"zelta-krasas-rokas-pulkstenis-ar-slepto-kameru-un-adas-siksninu","status":"publish","type":"product","link":"https:\/\/izsekosanasierices.lv\/ru\/produkts\/zolotye-chasy-s-potaynoy-kameroy-i-remeshkom-adas\/","title":{"rendered":"\u0417\u043e\u043b\u043e\u0442\u044b\u0435 \u0447\u0430\u0441\u044b \u0441\u043e \u0441\u043a\u0440\u044b\u0442\u043e\u0439 \u043a\u0430\u043c\u0435\u0440\u043e\u0439 \u0438 \u043a\u043e\u0436\u0430\u043d\u044b\u043c \u0440\u0435\u043c\u0435\u0448\u043a\u043e\u043c"},"content":{"rendered":"<h3><strong>\u0422\u0435\u0445\u043d\u0438\u0447\u0435\u0441\u043a\u0438\u0435 \u043f\u0430\u0440\u0430\u043c\u0435\u0442\u0440\u044b:<\/strong><\/h3>\n<ul>\n<li>\u0424\u043e\u0442\u043e\u0433\u0440\u0430\u0444\u0438\u044f: \u0434\u0430<\/li>\n<li>\u041a\u043e\u0436\u0430\u043d\u044b\u0439 \u0431\u0440\u0430\u0441\u043b\u0435\u0442<\/li>\n<li>\u0426\u0432\u0435\u0442: \u0437\u043e\u043b\u043e\u0442\u043e<\/li>\n<li>\u0414\u0438\u043a\u0442\u043e\u0444\u043e\u043d: \u0434\u0430<\/li>\n<li>\u0414\u043e 150 \u043c\u0438\u043d\u0443\u0442 \u0431\u0435\u0437 \u043f\u043e\u0434\u0437\u0430\u0440\u044f\u0434\u043a\u0438<\/li>\n<li>\u0417\u0430\u043f\u0438\u0441\u044c \u0432\u0438\u0434\u0435\u043e \u0441\u043e \u0437\u0432\u0443\u043a\u043e\u043c<\/li>\n<li>\u0412\u0441\u0442\u0440\u043e\u0435\u043d\u043d\u044b\u0439 \u043c\u0438\u043a\u0440\u043e\u0444\u043e\u043d<\/li>\n<li>\u041c\u0435\u0442\u0430\u043b\u043b\u0438\u0447\u0435\u0441\u043a\u0438\u0439 \u043a\u043e\u0440\u043f\u0443\u0441<\/li>\n<li>\u0412\u043d\u0443\u0442\u0440\u0435\u043d\u043d\u044f\u044f \u043f\u0430\u043c\u044f\u0442\u044c: 32 \u0413\u0411, 30 \u043a\u0430\u0434\u0440\u043e\u0432 \u0432 \u0441\u0435\u043a\u0443\u043d\u0434\u0443<\/li>\n<li>\u041a\u0430\u0447\u0435\u0441\u0442\u0432\u043e \u0438\u0437\u043e\u0431\u0440\u0430\u0436\u0435\u043d\u0438\u044f: jpg 3840 x 2880 px<\/li>\n<li>\u0423\u0433\u043e\u043b \u043e\u0431\u0437\u043e\u0440\u0430: 90\u00b0<\/li>\n<li>\u041d\u043e\u0447\u043d\u043e\u0435 \u0432\u0438\u0434\u0435\u043d\u0438\u0435 (\u0432\u043a\u043b\u044e\u0447\u0430\u0435\u0442\u0441\u044f \u0430\u0432\u0442\u043e\u043c\u0430\u0442\u0438\u0447\u0435\u0441\u043a\u0438)<\/li>\n<li>\u0420\u0430\u0437\u044a\u0435\u043c\u044b: USB<\/li>\n<li>\u0417\u0430\u0440\u044f\u0434\u043a\u0430: \u0447\u0435\u0440\u0435\u0437 USB<\/li>\n<li>\u0420\u0430\u0431\u043e\u0447\u0430\u044f \u0442\u0435\u043c\u043f\u0435\u0440\u0430\u0442\u0443\u0440\u0430: \u043e\u0442 -10 \u0434\u043e +60<\/li>\n<li>\u0412 \u043a\u043e\u043c\u043f\u043b\u0435\u043a\u0442\u0435: \u0447\u0430\u0441\u044b-\u043a\u0430\u043c\u0435\u0440\u0430, USB-\u043a\u0430\u0431\u0435\u043b\u044c, \u043a\u043e\u0440\u043e\u0431\u043a\u0430<\/li>\n<li><strong>\u0413\u0410\u0420\u0410\u041d\u0422\u0418\u042f 12 \u043c\u0435\u0441\u044f\u0446\u0435\u0432<\/strong><\/li>\n<\/ul>\n<p><strong>\u00a0<\/strong><\/p>\n<p><span style=\"color: #ff0000;\"><strong>\u041d\u0443\u0436\u043d\u0430 \u0431\u044b\u0441\u0442\u0440\u0430\u044f \u0434\u043e\u0441\u0442\u0430\u0432\u043a\u0430 \u0432 \u0442\u043e\u0442 \u0436\u0435 \u0434\u0435\u043d\u044c (\u0438 \u0432 \u0432\u044b\u0445\u043e\u0434\u043d\u044b\u0435)?  \u0417\u0432\u043e\u043d\u0438\u0442\u0435 +37120484176<\/strong><\/span><\/p>\n<p>\u0418\u0441\u043f\u043e\u043b\u044c\u0437\u043e\u0432\u0430\u043d\u0438\u0435: \u0434\u043b\u044f \u0432\u0430\u0448\u0435\u0439 \u0431\u0435\u0437\u043e\u043f\u0430\u0441\u043d\u043e\u0441\u0442\u0438, \u0434\u043b\u044f \u0431\u0435\u0437\u043e\u043f\u0430\u0441\u043d\u043e\u0441\u0442\u0438 \u0434\u0435\u0442\u0435\u0439.<\/p>\n<p>\u041a\u0430\u043c\u0435\u0440\u0430 \u043f\u0440\u043e\u0441\u0442\u0430 \u0432 \u0438\u0441\u043f\u043e\u043b\u044c\u0437\u043e\u0432\u0430\u043d\u0438\u0438: \u0432\u0441\u0435\u0433\u043e \u043d\u0435\u0441\u043a\u043e\u043b\u044c\u043a\u043e \u043a\u043d\u043e\u043f\u043e\u043a \u0434\u043b\u044f \u0430\u043a\u0442\u0438\u0432\u0430\u0446\u0438\u0438 \u043d\u0435\u043e\u0431\u0445\u043e\u0434\u0438\u043c\u044b\u0445 \u0444\u0443\u043d\u043a\u0446\u0438\u0439.<\/p>","protected":false},"excerpt":{"rendered":"<p>\u041d\u0430\u0440\u0443\u0447\u043d\u044b\u0435 \u0447\u0430\u0441\u044b \u0441\u043e \u0432\u0441\u0442\u0440\u043e\u0435\u043d\u043d\u043e\u0439 \u0441\u0435\u043a\u0440\u0435\u0442\u043d\u043e\u0439 \u043a\u0430\u043c\u0435\u0440\u043e\u0439. \u0412\u044b\u0441\u043e\u043a\u043e\u0435 \u043a\u0430\u0447\u0435\u0441\u0442\u0432\u043e \u0438\u0437\u043e\u0431\u0440\u0430\u0436\u0435\u043d\u0438\u044f. \u0414\u043b\u0438\u0442\u0435\u043b\u044c\u043d\u043e\u0435 \u0432\u0440\u0435\u043c\u044f \u0440\u0430\u0431\u043e\u0442\u044b. \u0412\u043e\u0437\u043c\u043e\u0436\u043d\u043e\u0441\u0442\u044c \u0441\u043a\u0440\u044b\u0442\u043e\u0439 \u0432\u0438\u0434\u0435\u043e\u0437\u0430\u043f\u0438\u0441\u0438.<\/p>","protected":false},"featured_media":2047,"template":"","meta":[],"product_brand":[],"product_cat":[330,362,321],"product_tag":[325,23,363,364,333,365,366,328],"class_list":{"0":"post-1350","1":"product","2":"type-product","3":"status-publish","4":"has-post-thumbnail","6":"product_cat-masketas-kameras","7":"product_cat-rokas-pulksteni-kameras","8":"product_cat-sleptas-kameras","9":"product_tag-izsekosanas-kamera","10":"product_tag-kamera","11":"product_tag-kamera-modinataja","12":"product_tag-kamera-pulkstena-kamera","13":"product_tag-kameras-pulkstenis","14":"product_tag-pulkstenis","15":"product_tag-skatities-kameru","16":"product_tag-slepena-kamera","18":"first","19":"instock","20":"taxable","21":"shipping-taxable","22":"purchasable","23":"product-type-simple"},"yoast_head":"<!-- This site is optimized with the Yoast SEO plugin v27.4 - https:\/\/yoast.com\/product\/yoast-seo-wordpress\/ -->\n<title>Zelta kr\u0101sas rokas pulkstenis ar sl\u0113pto kameru un \u0101das siksni\u0146u<\/title>\n<meta name=\"description\" content=\"Rokas pulksten\u012b ir ieb\u016bv\u0113ta slepena kamera. Augstas kvalit\u0101tes att\u0113ls, ilgs darb\u012bbas laiks. Slepenas kameras pulkstenis, kas pal\u012bdz film\u0113t slepeni\" \/>\n<meta name=\"robots\" content=\"index, follow, max-snippet:-1, max-image-preview:large, max-video-preview:-1\" \/>\n<link rel=\"canonical\" href=\"https:\/\/izsekosanasierices.lv\/ru\/produkts\/zolotye-chasy-s-potaynoy-kameroy-i-remeshkom-adas\/\" \/>\n<meta property=\"og:locale\" content=\"ru_RU\" \/>\n<meta property=\"og:type\" content=\"article\" \/>\n<meta property=\"og:title\" content=\"Zelta rokas pulkstenis ar slepeno kameru 32gb\" \/>\n<meta property=\"og:description\" content=\"Rokas pulksten\u012b ir ieb\u016bv\u0113ta slepena kamera. Augstas kvalit\u0101tes att\u0113ls, ilgs darb\u012bbas laiks. Slepenas kameras pulkstenis, kas pal\u012bdz film\u0113t slepeni\" \/>\n<meta property=\"og:url\" content=\"https:\/\/izsekosanasierices.lv\/ru\/produkts\/zolotye-chasy-s-potaynoy-kameroy-i-remeshkom-adas\/\" \/>\n<meta property=\"og:site_name\" content=\"Nr1 Izseko\u0161anas ier\u012bces gps izseko\u0161anas iek\u0101rtas, klaus\u012b\u0161an\u0101s iek\u0101rtas\" \/>\n<meta property=\"article:modified_time\" content=\"2025-11-19T14:26:44+00:00\" \/>\n<meta property=\"og:image\" content=\"https:\/\/rvnski.dev\/sekimoiranga\/wp-content\/uploads\/izsekosanasierices.webp\" \/>\n<meta name=\"twitter:card\" content=\"summary_large_image\" \/>\n<meta name=\"twitter:title\" content=\"Zelta rokas pulkstenis ar slepeno kameru 32gb\" \/>\n<meta name=\"twitter:description\" content=\"Rokas pulksten\u012b ir ieb\u016bv\u0113ta slepena kamera. Augstas kvalit\u0101tes att\u0113ls, ilgs darb\u012bbas laiks. Slepenas kameras pulkstenis, kas pal\u012bdz film\u0113t slepeni\" \/>\n<meta name=\"twitter:label1\" content=\"\u041f\u0440\u0438\u043c\u0435\u0440\u043d\u043e\u0435 \u0432\u0440\u0435\u043c\u044f \u0434\u043b\u044f \u0447\u0442\u0435\u043d\u0438\u044f\" \/>\n\t<meta name=\"twitter:data1\" content=\"1 \u043c\u0438\u043d\u0443\u0442\u0430\" \/>\n<script type=\"application\/ld+json\" class=\"yoast-schema-graph\">{\"@context\":\"https:\\\/\\\/schema.org\",\"@graph\":[{\"@type\":\"WebPage\",\"@id\":\"https:\\\/\\\/izsekosanasierices.lv\\\/produkts\\\/zelta-krasas-rokas-pulkstenis-ar-slepto-kameru-un-adas-siksninu\\\/\",\"url\":\"https:\\\/\\\/izsekosanasierices.lv\\\/produkts\\\/zelta-krasas-rokas-pulkstenis-ar-slepto-kameru-un-adas-siksninu\\\/\",\"name\":\"Zelta kr\u0101sas rokas pulkstenis ar sl\u0113pto kameru un \u0101das siksni\u0146u\",\"isPartOf\":{\"@id\":\"https:\\\/\\\/izsekosanasierices.lv\\\/#website\"},\"primaryImageOfPage\":{\"@id\":\"https:\\\/\\\/izsekosanasierices.lv\\\/produkts\\\/zelta-krasas-rokas-pulkstenis-ar-slepto-kameru-un-adas-siksninu\\\/#primaryimage\"},\"image\":{\"@id\":\"https:\\\/\\\/izsekosanasierices.lv\\\/produkts\\\/zelta-krasas-rokas-pulkstenis-ar-slepto-kameru-un-adas-siksninu\\\/#primaryimage\"},\"thumbnailUrl\":\"https:\\\/\\\/izsekosanasierices.lv\\\/wp-content\\\/uploads\\\/izsekosanasierices-auksines-palvos-laikrodis-su-kamera-ir-odiniu-dirzeliu-scaled.jpg\",\"datePublished\":\"2023-10-05T15:37:43+00:00\",\"dateModified\":\"2025-11-19T14:26:44+00:00\",\"description\":\"Rokas pulksten\u012b ir ieb\u016bv\u0113ta slepena kamera. Augstas kvalit\u0101tes att\u0113ls, ilgs darb\u012bbas laiks. Slepenas kameras pulkstenis, kas pal\u012bdz film\u0113t slepeni\",\"breadcrumb\":{\"@id\":\"https:\\\/\\\/izsekosanasierices.lv\\\/produkts\\\/zelta-krasas-rokas-pulkstenis-ar-slepto-kameru-un-adas-siksninu\\\/#breadcrumb\"},\"inLanguage\":\"ru-RU\",\"potentialAction\":[{\"@type\":\"ReadAction\",\"target\":[\"https:\\\/\\\/izsekosanasierices.lv\\\/produkts\\\/zelta-krasas-rokas-pulkstenis-ar-slepto-kameru-un-adas-siksninu\\\/\"]}]},{\"@type\":\"ImageObject\",\"inLanguage\":\"ru-RU\",\"@id\":\"https:\\\/\\\/izsekosanasierices.lv\\\/produkts\\\/zelta-krasas-rokas-pulkstenis-ar-slepto-kameru-un-adas-siksninu\\\/#primaryimage\",\"url\":\"https:\\\/\\\/izsekosanasierices.lv\\\/wp-content\\\/uploads\\\/izsekosanasierices-auksines-palvos-laikrodis-su-kamera-ir-odiniu-dirzeliu-scaled.jpg\",\"contentUrl\":\"https:\\\/\\\/izsekosanasierices.lv\\\/wp-content\\\/uploads\\\/izsekosanasierices-auksines-palvos-laikrodis-su-kamera-ir-odiniu-dirzeliu-scaled.jpg\",\"width\":2560,\"height\":2560,\"caption\":\"Slapta kamera rankinis laikrodis auksin\u0117s spalvos\"},{\"@type\":\"BreadcrumbList\",\"@id\":\"https:\\\/\\\/izsekosanasierices.lv\\\/produkts\\\/zelta-krasas-rokas-pulkstenis-ar-slepto-kameru-un-adas-siksninu\\\/#breadcrumb\",\"itemListElement\":[{\"@type\":\"ListItem\",\"position\":1,\"name\":\"S\u0101kums\",\"item\":\"https:\\\/\\\/izsekosanasierices.lv\\\/\"},{\"@type\":\"ListItem\",\"position\":2,\"name\":\"Veikals\",\"item\":\"https:\\\/\\\/izsekosanasierices.lv\\\/veikals\\\/\"},{\"@type\":\"ListItem\",\"position\":3,\"name\":\"Zelta kr\u0101sas rokas pulkstenis ar sl\u0113pto kameru un \u0101das siksni\u0146u\"}]},{\"@type\":\"WebSite\",\"@id\":\"https:\\\/\\\/izsekosanasierices.lv\\\/#website\",\"url\":\"https:\\\/\\\/izsekosanasierices.lv\\\/\",\"name\":\"Nr1 Izseko\u0161anas ier\u012bces gps izseko\u0161anas iek\u0101rtas, klaus\u012b\u0161an\u0101s iek\u0101rtas\",\"description\":\"\",\"potentialAction\":[{\"@type\":\"SearchAction\",\"target\":{\"@type\":\"EntryPoint\",\"urlTemplate\":\"https:\\\/\\\/izsekosanasierices.lv\\\/?s={search_term_string}\"},\"query-input\":{\"@type\":\"PropertyValueSpecification\",\"valueRequired\":true,\"valueName\":\"search_term_string\"}}],\"inLanguage\":\"ru-RU\"}]}<\/script>\n<!-- \/ Yoast SEO plugin. -->","yoast_head_json":{"title":"Zelta kr\u0101sas rokas pulkstenis ar sl\u0113pto kameru un \u0101das siksni\u0146u","description":"Rokas pulksten\u012b ir ieb\u016bv\u0113ta slepena kamera. Augstas kvalit\u0101tes att\u0113ls, ilgs darb\u012bbas laiks. Slepenas kameras pulkstenis, kas pal\u012bdz film\u0113t slepeni","robots":{"index":"index","follow":"follow","max-snippet":"max-snippet:-1","max-image-preview":"max-image-preview:large","max-video-preview":"max-video-preview:-1"},"canonical":"https:\/\/izsekosanasierices.lv\/ru\/produkts\/zolotye-chasy-s-potaynoy-kameroy-i-remeshkom-adas\/","og_locale":"ru_RU","og_type":"article","og_title":"Zelta rokas pulkstenis ar slepeno kameru 32gb","og_description":"Rokas pulksten\u012b ir ieb\u016bv\u0113ta slepena kamera. Augstas kvalit\u0101tes att\u0113ls, ilgs darb\u012bbas laiks. Slepenas kameras pulkstenis, kas pal\u012bdz film\u0113t slepeni","og_url":"https:\/\/izsekosanasierices.lv\/ru\/produkts\/zolotye-chasy-s-potaynoy-kameroy-i-remeshkom-adas\/","og_site_name":"Nr1 Izseko\u0161anas ier\u012bces gps izseko\u0161anas iek\u0101rtas, klaus\u012b\u0161an\u0101s iek\u0101rtas","article_modified_time":"2025-11-19T14:26:44+00:00","og_image":[{"url":"https:\/\/rvnski.dev\/sekimoiranga\/wp-content\/uploads\/izsekosanasierices.webp","type":"","width":"","height":""}],"twitter_card":"summary_large_image","twitter_title":"Zelta rokas pulkstenis ar slepeno kameru 32gb","twitter_description":"Rokas pulksten\u012b ir ieb\u016bv\u0113ta slepena kamera. Augstas kvalit\u0101tes att\u0113ls, ilgs darb\u012bbas laiks. Slepenas kameras pulkstenis, kas pal\u012bdz film\u0113t slepeni","twitter_misc":{"\u041f\u0440\u0438\u043c\u0435\u0440\u043d\u043e\u0435 \u0432\u0440\u0435\u043c\u044f \u0434\u043b\u044f \u0447\u0442\u0435\u043d\u0438\u044f":"1 \u043c\u0438\u043d\u0443\u0442\u0430"},"schema":{"@context":"https:\/\/schema.org","@graph":[{"@type":"WebPage","@id":"https:\/\/izsekosanasierices.lv\/produkts\/zelta-krasas-rokas-pulkstenis-ar-slepto-kameru-un-adas-siksninu\/","url":"https:\/\/izsekosanasierices.lv\/produkts\/zelta-krasas-rokas-pulkstenis-ar-slepto-kameru-un-adas-siksninu\/","name":"Zelta kr\u0101sas rokas pulkstenis ar sl\u0113pto kameru un \u0101das siksni\u0146u","isPartOf":{"@id":"https:\/\/izsekosanasierices.lv\/#website"},"primaryImageOfPage":{"@id":"https:\/\/izsekosanasierices.lv\/produkts\/zelta-krasas-rokas-pulkstenis-ar-slepto-kameru-un-adas-siksninu\/#primaryimage"},"image":{"@id":"https:\/\/izsekosanasierices.lv\/produkts\/zelta-krasas-rokas-pulkstenis-ar-slepto-kameru-un-adas-siksninu\/#primaryimage"},"thumbnailUrl":"https:\/\/izsekosanasierices.lv\/wp-content\/uploads\/izsekosanasierices-auksines-palvos-laikrodis-su-kamera-ir-odiniu-dirzeliu-scaled.jpg","datePublished":"2023-10-05T15:37:43+00:00","dateModified":"2025-11-19T14:26:44+00:00","description":"Rokas pulksten\u012b ir ieb\u016bv\u0113ta slepena kamera. Augstas kvalit\u0101tes att\u0113ls, ilgs darb\u012bbas laiks. Slepenas kameras pulkstenis, kas pal\u012bdz film\u0113t slepeni","breadcrumb":{"@id":"https:\/\/izsekosanasierices.lv\/produkts\/zelta-krasas-rokas-pulkstenis-ar-slepto-kameru-un-adas-siksninu\/#breadcrumb"},"inLanguage":"ru-RU","potentialAction":[{"@type":"ReadAction","target":["https:\/\/izsekosanasierices.lv\/produkts\/zelta-krasas-rokas-pulkstenis-ar-slepto-kameru-un-adas-siksninu\/"]}]},{"@type":"ImageObject","inLanguage":"ru-RU","@id":"https:\/\/izsekosanasierices.lv\/produkts\/zelta-krasas-rokas-pulkstenis-ar-slepto-kameru-un-adas-siksninu\/#primaryimage","url":"https:\/\/izsekosanasierices.lv\/wp-content\/uploads\/izsekosanasierices-auksines-palvos-laikrodis-su-kamera-ir-odiniu-dirzeliu-scaled.jpg","contentUrl":"https:\/\/izsekosanasierices.lv\/wp-content\/uploads\/izsekosanasierices-auksines-palvos-laikrodis-su-kamera-ir-odiniu-dirzeliu-scaled.jpg","width":2560,"height":2560,"caption":"Slapta kamera rankinis laikrodis auksin\u0117s spalvos"},{"@type":"BreadcrumbList","@id":"https:\/\/izsekosanasierices.lv\/produkts\/zelta-krasas-rokas-pulkstenis-ar-slepto-kameru-un-adas-siksninu\/#breadcrumb","itemListElement":[{"@type":"ListItem","position":1,"name":"S\u0101kums","item":"https:\/\/izsekosanasierices.lv\/"},{"@type":"ListItem","position":2,"name":"Veikals","item":"https:\/\/izsekosanasierices.lv\/veikals\/"},{"@type":"ListItem","position":3,"name":"Zelta kr\u0101sas rokas pulkstenis ar sl\u0113pto kameru un \u0101das siksni\u0146u"}]},{"@type":"WebSite","@id":"https:\/\/izsekosanasierices.lv\/#website","url":"https:\/\/izsekosanasierices.lv\/","name":"Nr1 Izseko\u0161anas ier\u012bces gps izseko\u0161anas iek\u0101rtas, klaus\u012b\u0161an\u0101s iek\u0101rtas","description":"","potentialAction":[{"@type":"SearchAction","target":{"@type":"EntryPoint","urlTemplate":"https:\/\/izsekosanasierices.lv\/?s={search_term_string}"},"query-input":{"@type":"PropertyValueSpecification","valueRequired":true,"valueName":"search_term_string"}}],"inLanguage":"ru-RU"}]}},"_links":{"self":[{"href":"https:\/\/izsekosanasierices.lv\/ru\/wp-json\/wp\/v2\/product\/1350","targetHints":{"allow":["GET"]}}],"collection":[{"href":"https:\/\/izsekosanasierices.lv\/ru\/wp-json\/wp\/v2\/product"}],"about":[{"href":"https:\/\/izsekosanasierices.lv\/ru\/wp-json\/wp\/v2\/types\/product"}],"wp:featuredmedia":[{"embeddable":true,"href":"https:\/\/izsekosanasierices.lv\/ru\/wp-json\/wp\/v2\/media\/2047"}],"wp:attachment":[{"href":"https:\/\/izsekosanasierices.lv\/ru\/wp-json\/wp\/v2\/media?parent=1350"}],"wp:term":[{"taxonomy":"product_brand","embeddable":true,"href":"https:\/\/izsekosanasierices.lv\/ru\/wp-json\/wp\/v2\/product_brand?post=1350"},{"taxonomy":"product_cat","embeddable":true,"href":"https:\/\/izsekosanasierices.lv\/ru\/wp-json\/wp\/v2\/product_cat?post=1350"},{"taxonomy":"product_tag","embeddable":true,"href":"https:\/\/izsekosanasierices.lv\/ru\/wp-json\/wp\/v2\/product_tag?post=1350"}],"curies":[{"name":"wp","href":"https:\/\/api.w.org\/{rel}","templated":true}]}}