{"id":1361,"date":"2023-10-05T15:37:57","date_gmt":"2023-10-05T15:37:57","guid":{"rendered":"https:\/\/izsekosanasierices.lv\/produktas\/wifi-kamera-ptz-5mpx-seka-stebima-objekta\/"},"modified":"2025-11-19T15:32:51","modified_gmt":"2025-11-19T13:32:51","slug":"ptz-kamera-5-mpx-ar-wifi-spej-sekot-objektam","status":"publish","type":"product","link":"https:\/\/izsekosanasierices.lv\/ru\/produkts\/ptz-kamera-5-mpx-s-podderzhkoy-wifi-sposobnaya-otslezhivat-obyekt\/","title":{"rendered":"PTZ-\u043a\u0430\u043c\u0435\u0440\u0430 5 mpx \u0441 \u043f\u043e\u0434\u0434\u0435\u0440\u0436\u043a\u043e\u0439 Wifi | \u0441\u043f\u043e\u0441\u043e\u0431\u043d\u0430\u044f \u043e\u0442\u0441\u043b\u0435\u0436\u0438\u0432\u0430\u0442\u044c \u043e\u0431\u044a\u0435\u043a\u0442"},"content":{"rendered":"<h3><strong>\u0422\u0435\u0445\u043d\u0438\u0447\u0435\u0441\u043a\u0438\u0435 \u043f\u0430\u0440\u0430\u043c\u0435\u0442\u0440\u044b:<\/strong><\/h3>\n<ul>\n<li>\u0423\u0434\u0430\u043b\u0435\u043d\u043d\u044b\u0439 \u043f\u0440\u043e\u0441\u043c\u043e\u0442\u0440: \u0434\u0430<\/li>\n<li>\u0416\u0438\u0432\u043e\u0439 \u0437\u0432\u0443\u043a \u0432 \u043d\u0430\u043b\u0438\u0447\u0438\u0438<\/li>\n<li>\u0412\u0438\u0434\u0435\u043e\u0441\u044a\u0435\u043c\u043a\u0430 \u0432\u0435\u0434\u0435\u0442\u0441\u044f \u0441\u043e \u0437\u0432\u0443\u043a\u043e\u043c<\/li>\n<li>\u0414\u043b\u0438\u043d\u0430 \u043a\u0430\u0431\u0435\u043b\u044f \u043a\u0430\u043c\u0435\u0440\u044b: 0,4 \u043c<\/li>\n<li>\u0410\u0432\u0442\u043e\u043c\u0430\u0442\u0438\u0447\u0435\u0441\u043a\u043e\u0435 \u043e\u0442\u0441\u043b\u0435\u0436\u0438\u0432\u0430\u043d\u0438\u0435 \u043e\u0431\u044a\u0435\u043a\u0442\u043e\u0432<\/li>\n<li>\u0417\u0430\u043f\u0438\u0441\u044c \u0432\u0438\u0434\u0435\u043e \u0441\u043e \u0437\u0432\u0443\u043a\u043e\u043c<\/li>\n<li>\u0417\u0443\u043c: \u043e\u043f\u0442\u0438\u0447\u0435\u0441\u043a\u0438\u0439 10 x<\/li>\n<li>\u041f\u043e\u0434\u0434\u0435\u0440\u0436\u043a\u0430 \u043a\u0430\u0440\u0442 \u043f\u0430\u043c\u044f\u0442\u0438 \u0434\u043e 128 \u0413\u0411<\/li>\n<li>\u041c\u043e\u0436\u0435\u0442 \u0431\u044b\u0442\u044c \u043f\u043e\u0434\u043a\u043b\u044e\u0447\u0435\u043d \u043a \u043f\u043e\u0441\u0442\u043e\u044f\u043d\u043d\u043e\u043c\u0443 \u0438\u0441\u0442\u043e\u0447\u043d\u0438\u043a\u0443 \u043f\u0438\u0442\u0430\u043d\u0438\u044f<\/li>\n<li>\u0421\u0435\u0442\u044c: \u043f\u043e\u0434\u043a\u043b\u044e\u0447\u0435\u043d\u0438\u0435 \u043a \u0441\u0435\u0442\u0438 WiFi<\/li>\n<li>\u041d\u043e\u0447\u043d\u0430\u044f \u0432\u0438\u0434\u0438\u043c\u043e\u0441\u0442\u044c: \u0435\u0441\u0442\u044c<\/li>\n<li>\u041a\u0430\u0447\u0435\u0441\u0442\u0432\u043e \u0438\u0437\u043e\u0431\u0440\u0430\u0436\u0435\u043d\u0438\u044f: \u043f\u0440\u0435\u0434\u0432\u0430\u0440\u0438\u0442\u0435\u043b\u044c\u043d\u044b\u0439 \u043f\u0440\u043e\u0441\u043c\u043e\u0442\u0440 - FULL HD 1080P<\/li>\n<li>\u041f\u0440\u043e\u0441\u043c\u043e\u0442\u0440 \u0437\u0430\u043f\u0438\u0441\u0435\u0439: \u043d\u0430 \u0442\u0435\u043b\u0435\u0444\u043e\u043d\u0435<\/li>\n<li>\u0423\u0432\u0435\u0434\u043e\u043c\u043b\u0435\u043d\u0438\u044f \u043f\u043e \u0442\u0435\u043b\u0435\u0444\u043e\u043d\u0443: \u0434\u0430<\/li>\n<li>\u0421\u043b\u043e\u0442 \u0434\u043b\u044f SIM-\u043a\u0430\u0440\u0442\u044b: \u0434\u0430<\/li>\n<li>\u0420\u0435\u0436\u0438\u043c \u043e\u0431\u043d\u0430\u0440\u0443\u0436\u0435\u043d\u0438\u044f \u0434\u0432\u0438\u0436\u0435\u043d\u0438\u044f: \u0434\u0430<\/li>\n<li>\u0423\u0433\u043e\u043b \u043e\u0431\u0437\u043e\u0440\u0430: 110\u00b0<\/li>\n<li>\u0424\u043e\u0440\u043c\u0430\u0442 \u0441\u0436\u0430\u0442\u0438\u044f: avi H.264<\/li>\n<li>\u041f\u043e\u0434\u0434\u0435\u0440\u0436\u0438\u0432\u0430\u0435\u043c\u044b\u0435 \u0441\u0438\u0441\u0442\u0435\u043c\u044b: iOS, Android<\/li>\n<li>\u041c\u043e\u0431\u0438\u043b\u044c\u043d\u043e\u0435 \u043f\u0440\u0438\u043b\u043e\u0436\u0435\u043d\u0438\u0435 \u0418\u0441\u0442\u043e\u0447\u043d\u0438\u043a \u043f\u0438\u0442\u0430\u043d\u0438\u044f PPOE \u0438\u043b\u0438 \u0441\u0435\u0442\u044c (220 \u0412)<\/li>\n<li>\u0423\u043f\u0440\u0430\u0432\u043b\u0435\u043d\u0438\u0435 \u0437\u0430\u043f\u0438\u0441\u044c\u044e: \u0441 \u043b\u044e\u0431\u043e\u0433\u043e \u0441\u043c\u0430\u0440\u0442-\u0443\u0441\u0442\u0440\u043e\u0439\u0441\u0442\u0432\u0430 (\u0442\u0435\u043b\u0435\u0444\u043e\u043d\u0430, \u043a\u043e\u043c\u043f\u044c\u044e\u0442\u0435\u0440\u0430 \u0438\u043b\u0438 \u043f\u043b\u0430\u043d\u0448\u0435\u0442\u0430)<\/li>\n<li>\u0413\u0430\u0440\u0430\u043d\u0442\u0438\u044f 12 \u043c\u0435\u0441\u044f\u0446\u0435\u0432<\/li>\n<\/ul>\n<p><strong>\u00a0<\/strong><\/p>\n<p><span style=\"color: #ff0000;\"><strong>\u041d\u0443\u0436\u043d\u0430 \u0431\u044b\u0441\u0442\u0440\u0430\u044f \u0434\u043e\u0441\u0442\u0430\u0432\u043a\u0430 \u0432 \u0442\u043e\u0442 \u0436\u0435 \u0434\u0435\u043d\u044c (\u0438 \u0432 \u0432\u044b\u0445\u043e\u0434\u043d\u044b\u0435)?  \u0417\u0432\u043e\u043d\u0438\u0442\u0435 +37120484176<\/strong><\/span><\/p>\n<p>&nbsp;<\/p>\n<p>\u042d\u0442\u0430 \u043a\u0430\u043c\u0435\u0440\u0430 \u0438\u0434\u0435\u0430\u043b\u044c\u043d\u043e \u043f\u043e\u0434\u0445\u043e\u0434\u0438\u0442 \u0434\u043b\u044f \u043e\u0445\u0440\u0430\u043d\u044b \u0434\u043e\u043c\u0430 \u0438\u043b\u0438 \u043d\u0430\u0431\u043b\u044e\u0434\u0435\u043d\u0438\u044f \u0437\u0430 \u0444\u0435\u0440\u043c\u043e\u0439. \u041f\u043e\u0434\u043a\u043b\u044e\u0447\u0438\u0442\u0435 \u043a\u0430\u043c\u0435\u0440\u0443 \u043a \u0441\u0435\u0442\u0438 WiFi \u0438 \u0432\u044b \u0441\u043c\u043e\u0436\u0435\u0442\u0435 \u043d\u0430\u0431\u043b\u044e\u0434\u0430\u0442\u044c \u0437\u0430 \u043f\u0440\u043e\u0438\u0441\u0445\u043e\u0434\u044f\u0449\u0438\u043c \u0432 \u043f\u0440\u044f\u043c\u043e\u043c \u044d\u0444\u0438\u0440\u0435 \u043d\u0430 \u0441\u0432\u043e\u0435\u043c \u043c\u043e\u0431\u0438\u043b\u044c\u043d\u043e\u043c \u0442\u0435\u043b\u0435\u0444\u043e\u043d\u0435. PTZ-\u043a\u0430\u043c\u0435\u0440\u0430 \u043c\u043e\u0436\u0435\u0442 \u043e\u0442\u0441\u043b\u0435\u0436\u0438\u0432\u0430\u0442\u044c \u043e\u0431\u044a\u0435\u043a\u0442, \u043d\u0430\u043f\u0440\u0438\u043c\u0435\u0440, \u0435\u0441\u043b\u0438 \u043a\u0442\u043e-\u0442\u043e \u0437\u0430\u0439\u0434\u0435\u0442 \u043d\u0430 \u0443\u0447\u0430\u0441\u0442\u043e\u043a \u0438 \u043f\u0440\u043e\u0439\u0434\u0435\u0442 \u0447\u0435\u0440\u0435\u0437 \u043d\u0435\u0433\u043e, \u043a\u0430\u043c\u0435\u0440\u0430 \u043f\u043e\u0432\u0435\u0440\u043d\u0435\u0442\u0441\u044f \u0438 \u043f\u0440\u043e\u0441\u043b\u0435\u0434\u0438\u0442 \u0437\u0430 \u043e\u0431\u044a\u0435\u043a\u0442\u043e\u043c. \u041d\u043e\u0447\u043d\u043e\u0435 \u0432\u0438\u0434\u0435\u043d\u0438\u0435 \u0434\u043e 30 \u043c\u0435\u0442\u0440\u043e\u0432. \u041f\u0440\u043e\u0447\u043d\u044b\u0439 \u043f\u043b\u0430\u0441\u0442\u0438\u043a\u043e\u0432\u044b\u0439 \u043a\u043e\u0440\u043f\u0443\u0441, 6 \u0441\u0432\u0435\u0442\u043e\u0434\u0438\u043e\u0434\u043d\u044b\u0445 \u043b\u0430\u043c\u043f. \u041f\u043e\u043b\u0443\u0447\u0430\u0439\u0442\u0435 \u0443\u0432\u0435\u0434\u043e\u043c\u043b\u0435\u043d\u0438\u044f \u043d\u0430 \u043c\u043e\u0431\u0438\u043b\u044c\u043d\u044b\u0439 \u0442\u0435\u043b\u0435\u0444\u043e\u043d, \u043a\u043e\u0433\u0434\u0430 \u043a\u0442\u043e-\u0442\u043e \u0432\u0445\u043e\u0434\u0438\u0442 \u043d\u0430 \u0432\u0430\u0448\u0443 \u0442\u0435\u0440\u0440\u0438\u0442\u043e\u0440\u0438\u044e.<\/p>","protected":false},"excerpt":{"rendered":"<p>\u041f\u0440\u043e\u0441\u0442\u0430\u044f \u0432 \u0443\u0441\u0442\u0430\u043d\u043e\u0432\u043a\u0435 \u043a\u0430\u043c\u0435\u0440\u0430 \u0432\u0438\u0434\u0435\u043e\u043d\u0430\u0431\u043b\u044e\u0434\u0435\u043d\u0438\u044f. \u0410\u0432\u0442\u043e\u043c\u0430\u0442\u0438\u0447\u0435\u0441\u043a\u043e\u0435 \u043e\u0442\u0441\u043b\u0435\u0436\u0438\u0432\u0430\u043d\u0438\u0435 \u043e\u0431\u044a\u0435\u043a\u0442\u043e\u0432, \u0440\u0430\u0437\u0440\u0435\u0448\u0435\u043d\u0438\u0435 \u0438\u0437\u043e\u0431\u0440\u0430\u0436\u0435\u043d\u0438\u044f 5 \u041c\u041f\u043a\u0441 + \u043d\u043e\u0447\u043d\u043e\u0435 \u0432\u0438\u0434\u0435\u043d\u0438\u0435 \u0434\u043e 30 \u043c\u0435\u0442\u0440\u043e\u0432. \u0411\u043e\u043b\u044c\u0448\u043e\u0439 \u0432\u044b\u0431\u043e\u0440 \u043a\u0430\u043c\u0435\u0440<\/p>","protected":false},"featured_media":2086,"template":"","meta":[],"product_brand":[],"product_cat":[323,321,331],"product_tag":[324,325,326,36,327,328,329,32],"class_list":{"0":"post-1361","1":"product","2":"type-product","3":"status-publish","4":"has-post-thumbnail","6":"product_cat-ara-kameras-4g-wifi","7":"product_cat-sleptas-kameras","8":"product_cat-wi-fi-slepenas-kameras","9":"product_tag-izlukosanas-kamera","10":"product_tag-izsekosanas-kamera","11":"product_tag-maskesanas-kamera","12":"product_tag-mini-kamera","13":"product_tag-noverosanas-kamera","14":"product_tag-slepena-kamera","15":"product_tag-slepta-noverosanas-kamera","16":"product_tag-wifi-kamera","18":"first","19":"outofstock","20":"taxable","21":"shipping-taxable","22":"purchasable","23":"product-type-simple"},"yoast_head":"<!-- This site is optimized with the Yoast SEO plugin v27.4 - https:\/\/yoast.com\/product\/yoast-seo-wordpress\/ -->\n<title>PTZ kamera 5 mpx ar Wifi | sp\u0113j sekot objektam<\/title>\n<meta name=\"description\" content=\"Viegli uzst\u0101d\u0101ma videonov\u0113ro\u0161anas kamera. Var autom\u0101tiski izsekot objektu. 5 mpx att\u0113la iz\u0161\u0137irtsp\u0113ja. Nakts redzam\u012bba l\u012bdz 30 metriem. Liels kameru kl\u0101sts.\" \/>\n<meta name=\"robots\" content=\"index, follow, max-snippet:-1, max-image-preview:large, max-video-preview:-1\" \/>\n<link rel=\"canonical\" href=\"https:\/\/izsekosanasierices.lv\/ru\/produkts\/ptz-kamera-5-mpx-s-podderzhkoy-wifi-sposobnaya-otslezhivat-obyekt\/\" \/>\n<meta property=\"og:locale\" content=\"ru_RU\" \/>\n<meta property=\"og:type\" content=\"article\" \/>\n<meta property=\"og:title\" content=\"WIFI PTZ kamera 5mpx SONY objekt\u012bvs -Sekimoiranga.lt\" \/>\n<meta property=\"og:description\" content=\"Viegli uzst\u0101d\u0101ma videonov\u0113ro\u0161anas kamera. Var autom\u0101tiski izsekot objektu, 5mpx. att\u0113la iz\u0161\u0137irtsp\u0113ja + nakts redzam\u012bba l\u012bdz 30 metriem. Liels kameru kl\u0101sts\" \/>\n<meta property=\"og:url\" content=\"https:\/\/izsekosanasierices.lv\/ru\/produkts\/ptz-kamera-5-mpx-s-podderzhkoy-wifi-sposobnaya-otslezhivat-obyekt\/\" \/>\n<meta property=\"og:site_name\" content=\"Nr1 Izseko\u0161anas ier\u012bces gps izseko\u0161anas iek\u0101rtas, klaus\u012b\u0161an\u0101s iek\u0101rtas\" \/>\n<meta property=\"article:modified_time\" content=\"2025-11-19T13:32:51+00:00\" \/>\n<meta property=\"og:image\" content=\"https:\/\/rvnski.dev\/sekimoiranga\/wp-content\/uploads\/izsekosanasierices.webp\" \/>\n<meta name=\"twitter:card\" content=\"summary_large_image\" \/>\n<meta name=\"twitter:title\" content=\"WIFI PTZ kamera 5mpx SONY objekt\u012bvs -Sekimoiranga.lt\" \/>\n<meta name=\"twitter:description\" content=\"Viegli uzst\u0101d\u0101ma videonov\u0113ro\u0161anas kamera. Var autom\u0101tiski izsekot objektu, 5mpx. att\u0113la iz\u0161\u0137irtsp\u0113ja + nakts redzam\u012bba l\u012bdz 30 metriem. Liels kameru kl\u0101sts\" \/>\n<meta name=\"twitter:label1\" content=\"\u041f\u0440\u0438\u043c\u0435\u0440\u043d\u043e\u0435 \u0432\u0440\u0435\u043c\u044f \u0434\u043b\u044f \u0447\u0442\u0435\u043d\u0438\u044f\" \/>\n\t<meta name=\"twitter:data1\" content=\"2 \u043c\u0438\u043d\u0443\u0442\u044b\" \/>\n<script type=\"application\/ld+json\" class=\"yoast-schema-graph\">{\"@context\":\"https:\\\/\\\/schema.org\",\"@graph\":[{\"@type\":\"WebPage\",\"@id\":\"https:\\\/\\\/izsekosanasierices.lv\\\/produkts\\\/ptz-kamera-5-mpx-ar-wifi-spej-sekot-objektam\\\/\",\"url\":\"https:\\\/\\\/izsekosanasierices.lv\\\/produkts\\\/ptz-kamera-5-mpx-ar-wifi-spej-sekot-objektam\\\/\",\"name\":\"PTZ kamera 5 mpx ar Wifi | sp\u0113j sekot objektam\",\"isPartOf\":{\"@id\":\"https:\\\/\\\/izsekosanasierices.lv\\\/#website\"},\"primaryImageOfPage\":{\"@id\":\"https:\\\/\\\/izsekosanasierices.lv\\\/produkts\\\/ptz-kamera-5-mpx-ar-wifi-spej-sekot-objektam\\\/#primaryimage\"},\"image\":{\"@id\":\"https:\\\/\\\/izsekosanasierices.lv\\\/produkts\\\/ptz-kamera-5-mpx-ar-wifi-spej-sekot-objektam\\\/#primaryimage\"},\"thumbnailUrl\":\"https:\\\/\\\/izsekosanasierices.lv\\\/wp-content\\\/uploads\\\/izsekosanasierices-wifi-kamera-ptz-5mpx-seka-stebima-objekta.jpg\",\"datePublished\":\"2023-10-05T15:37:57+00:00\",\"dateModified\":\"2025-11-19T13:32:51+00:00\",\"description\":\"Viegli uzst\u0101d\u0101ma videonov\u0113ro\u0161anas kamera. Var autom\u0101tiski izsekot objektu. 5 mpx att\u0113la iz\u0161\u0137irtsp\u0113ja. Nakts redzam\u012bba l\u012bdz 30 metriem. Liels kameru kl\u0101sts.\",\"breadcrumb\":{\"@id\":\"https:\\\/\\\/izsekosanasierices.lv\\\/produkts\\\/ptz-kamera-5-mpx-ar-wifi-spej-sekot-objektam\\\/#breadcrumb\"},\"inLanguage\":\"ru-RU\",\"potentialAction\":[{\"@type\":\"ReadAction\",\"target\":[\"https:\\\/\\\/izsekosanasierices.lv\\\/produkts\\\/ptz-kamera-5-mpx-ar-wifi-spej-sekot-objektam\\\/\"]}]},{\"@type\":\"ImageObject\",\"inLanguage\":\"ru-RU\",\"@id\":\"https:\\\/\\\/izsekosanasierices.lv\\\/produkts\\\/ptz-kamera-5-mpx-ar-wifi-spej-sekot-objektam\\\/#primaryimage\",\"url\":\"https:\\\/\\\/izsekosanasierices.lv\\\/wp-content\\\/uploads\\\/izsekosanasierices-wifi-kamera-ptz-5mpx-seka-stebima-objekta.jpg\",\"contentUrl\":\"https:\\\/\\\/izsekosanasierices.lv\\\/wp-content\\\/uploads\\\/izsekosanasierices-wifi-kamera-ptz-5mpx-seka-stebima-objekta.jpg\",\"width\":768,\"height\":768,\"caption\":\"PTZ kamera 5mpx sony objektyvas\"},{\"@type\":\"BreadcrumbList\",\"@id\":\"https:\\\/\\\/izsekosanasierices.lv\\\/produkts\\\/ptz-kamera-5-mpx-ar-wifi-spej-sekot-objektam\\\/#breadcrumb\",\"itemListElement\":[{\"@type\":\"ListItem\",\"position\":1,\"name\":\"S\u0101kums\",\"item\":\"https:\\\/\\\/izsekosanasierices.lv\\\/\"},{\"@type\":\"ListItem\",\"position\":2,\"name\":\"Veikals\",\"item\":\"https:\\\/\\\/izsekosanasierices.lv\\\/veikals\\\/\"},{\"@type\":\"ListItem\",\"position\":3,\"name\":\"PTZ kamera 5 mpx ar Wifi | sp\u0113j sekot objektam\"}]},{\"@type\":\"WebSite\",\"@id\":\"https:\\\/\\\/izsekosanasierices.lv\\\/#website\",\"url\":\"https:\\\/\\\/izsekosanasierices.lv\\\/\",\"name\":\"Nr1 Izseko\u0161anas ier\u012bces gps izseko\u0161anas iek\u0101rtas, klaus\u012b\u0161an\u0101s iek\u0101rtas\",\"description\":\"\",\"potentialAction\":[{\"@type\":\"SearchAction\",\"target\":{\"@type\":\"EntryPoint\",\"urlTemplate\":\"https:\\\/\\\/izsekosanasierices.lv\\\/?s={search_term_string}\"},\"query-input\":{\"@type\":\"PropertyValueSpecification\",\"valueRequired\":true,\"valueName\":\"search_term_string\"}}],\"inLanguage\":\"ru-RU\"}]}<\/script>\n<!-- \/ Yoast SEO plugin. -->","yoast_head_json":{"title":"PTZ kamera 5 mpx ar Wifi | sp\u0113j sekot objektam","description":"Viegli uzst\u0101d\u0101ma videonov\u0113ro\u0161anas kamera. Var autom\u0101tiski izsekot objektu. 5 mpx att\u0113la iz\u0161\u0137irtsp\u0113ja. Nakts redzam\u012bba l\u012bdz 30 metriem. Liels kameru kl\u0101sts.","robots":{"index":"index","follow":"follow","max-snippet":"max-snippet:-1","max-image-preview":"max-image-preview:large","max-video-preview":"max-video-preview:-1"},"canonical":"https:\/\/izsekosanasierices.lv\/ru\/produkts\/ptz-kamera-5-mpx-s-podderzhkoy-wifi-sposobnaya-otslezhivat-obyekt\/","og_locale":"ru_RU","og_type":"article","og_title":"WIFI PTZ kamera 5mpx SONY objekt\u012bvs -Sekimoiranga.lt","og_description":"Viegli uzst\u0101d\u0101ma videonov\u0113ro\u0161anas kamera. Var autom\u0101tiski izsekot objektu, 5mpx. att\u0113la iz\u0161\u0137irtsp\u0113ja + nakts redzam\u012bba l\u012bdz 30 metriem. Liels kameru kl\u0101sts","og_url":"https:\/\/izsekosanasierices.lv\/ru\/produkts\/ptz-kamera-5-mpx-s-podderzhkoy-wifi-sposobnaya-otslezhivat-obyekt\/","og_site_name":"Nr1 Izseko\u0161anas ier\u012bces gps izseko\u0161anas iek\u0101rtas, klaus\u012b\u0161an\u0101s iek\u0101rtas","article_modified_time":"2025-11-19T13:32:51+00:00","og_image":[{"url":"https:\/\/rvnski.dev\/sekimoiranga\/wp-content\/uploads\/izsekosanasierices.webp","type":"","width":"","height":""}],"twitter_card":"summary_large_image","twitter_title":"WIFI PTZ kamera 5mpx SONY objekt\u012bvs -Sekimoiranga.lt","twitter_description":"Viegli uzst\u0101d\u0101ma videonov\u0113ro\u0161anas kamera. Var autom\u0101tiski izsekot objektu, 5mpx. att\u0113la iz\u0161\u0137irtsp\u0113ja + nakts redzam\u012bba l\u012bdz 30 metriem. Liels kameru kl\u0101sts","twitter_misc":{"\u041f\u0440\u0438\u043c\u0435\u0440\u043d\u043e\u0435 \u0432\u0440\u0435\u043c\u044f \u0434\u043b\u044f \u0447\u0442\u0435\u043d\u0438\u044f":"2 \u043c\u0438\u043d\u0443\u0442\u044b"},"schema":{"@context":"https:\/\/schema.org","@graph":[{"@type":"WebPage","@id":"https:\/\/izsekosanasierices.lv\/produkts\/ptz-kamera-5-mpx-ar-wifi-spej-sekot-objektam\/","url":"https:\/\/izsekosanasierices.lv\/produkts\/ptz-kamera-5-mpx-ar-wifi-spej-sekot-objektam\/","name":"PTZ kamera 5 mpx ar Wifi | sp\u0113j sekot objektam","isPartOf":{"@id":"https:\/\/izsekosanasierices.lv\/#website"},"primaryImageOfPage":{"@id":"https:\/\/izsekosanasierices.lv\/produkts\/ptz-kamera-5-mpx-ar-wifi-spej-sekot-objektam\/#primaryimage"},"image":{"@id":"https:\/\/izsekosanasierices.lv\/produkts\/ptz-kamera-5-mpx-ar-wifi-spej-sekot-objektam\/#primaryimage"},"thumbnailUrl":"https:\/\/izsekosanasierices.lv\/wp-content\/uploads\/izsekosanasierices-wifi-kamera-ptz-5mpx-seka-stebima-objekta.jpg","datePublished":"2023-10-05T15:37:57+00:00","dateModified":"2025-11-19T13:32:51+00:00","description":"Viegli uzst\u0101d\u0101ma videonov\u0113ro\u0161anas kamera. Var autom\u0101tiski izsekot objektu. 5 mpx att\u0113la iz\u0161\u0137irtsp\u0113ja. Nakts redzam\u012bba l\u012bdz 30 metriem. Liels kameru kl\u0101sts.","breadcrumb":{"@id":"https:\/\/izsekosanasierices.lv\/produkts\/ptz-kamera-5-mpx-ar-wifi-spej-sekot-objektam\/#breadcrumb"},"inLanguage":"ru-RU","potentialAction":[{"@type":"ReadAction","target":["https:\/\/izsekosanasierices.lv\/produkts\/ptz-kamera-5-mpx-ar-wifi-spej-sekot-objektam\/"]}]},{"@type":"ImageObject","inLanguage":"ru-RU","@id":"https:\/\/izsekosanasierices.lv\/produkts\/ptz-kamera-5-mpx-ar-wifi-spej-sekot-objektam\/#primaryimage","url":"https:\/\/izsekosanasierices.lv\/wp-content\/uploads\/izsekosanasierices-wifi-kamera-ptz-5mpx-seka-stebima-objekta.jpg","contentUrl":"https:\/\/izsekosanasierices.lv\/wp-content\/uploads\/izsekosanasierices-wifi-kamera-ptz-5mpx-seka-stebima-objekta.jpg","width":768,"height":768,"caption":"PTZ kamera 5mpx sony objektyvas"},{"@type":"BreadcrumbList","@id":"https:\/\/izsekosanasierices.lv\/produkts\/ptz-kamera-5-mpx-ar-wifi-spej-sekot-objektam\/#breadcrumb","itemListElement":[{"@type":"ListItem","position":1,"name":"S\u0101kums","item":"https:\/\/izsekosanasierices.lv\/"},{"@type":"ListItem","position":2,"name":"Veikals","item":"https:\/\/izsekosanasierices.lv\/veikals\/"},{"@type":"ListItem","position":3,"name":"PTZ kamera 5 mpx ar Wifi | sp\u0113j sekot objektam"}]},{"@type":"WebSite","@id":"https:\/\/izsekosanasierices.lv\/#website","url":"https:\/\/izsekosanasierices.lv\/","name":"Nr1 Izseko\u0161anas ier\u012bces gps izseko\u0161anas iek\u0101rtas, klaus\u012b\u0161an\u0101s iek\u0101rtas","description":"","potentialAction":[{"@type":"SearchAction","target":{"@type":"EntryPoint","urlTemplate":"https:\/\/izsekosanasierices.lv\/?s={search_term_string}"},"query-input":{"@type":"PropertyValueSpecification","valueRequired":true,"valueName":"search_term_string"}}],"inLanguage":"ru-RU"}]}},"_links":{"self":[{"href":"https:\/\/izsekosanasierices.lv\/ru\/wp-json\/wp\/v2\/product\/1361","targetHints":{"allow":["GET"]}}],"collection":[{"href":"https:\/\/izsekosanasierices.lv\/ru\/wp-json\/wp\/v2\/product"}],"about":[{"href":"https:\/\/izsekosanasierices.lv\/ru\/wp-json\/wp\/v2\/types\/product"}],"wp:featuredmedia":[{"embeddable":true,"href":"https:\/\/izsekosanasierices.lv\/ru\/wp-json\/wp\/v2\/media\/2086"}],"wp:attachment":[{"href":"https:\/\/izsekosanasierices.lv\/ru\/wp-json\/wp\/v2\/media?parent=1361"}],"wp:term":[{"taxonomy":"product_brand","embeddable":true,"href":"https:\/\/izsekosanasierices.lv\/ru\/wp-json\/wp\/v2\/product_brand?post=1361"},{"taxonomy":"product_cat","embeddable":true,"href":"https:\/\/izsekosanasierices.lv\/ru\/wp-json\/wp\/v2\/product_cat?post=1361"},{"taxonomy":"product_tag","embeddable":true,"href":"https:\/\/izsekosanasierices.lv\/ru\/wp-json\/wp\/v2\/product_tag?post=1361"}],"curies":[{"name":"wp","href":"https:\/\/api.w.org\/{rel}","templated":true}]}}