{"id":1362,"date":"2023-10-05T15:37:57","date_gmt":"2023-10-05T15:37:57","guid":{"rendered":"https:\/\/izsekosanasierices.lv\/produktas\/wi-fi-pasiklausymo-iranga-imontuojama-i-rozete-32-gb\/"},"modified":"2026-02-25T22:49:42","modified_gmt":"2026-02-25T20:49:42","slug":"elektribas-kontaktligzda-iebuveta-wi-fi-noklausisanas-ierice-ar-32-gb-atminas-ietilpibu","status":"publish","type":"product","link":"https:\/\/izsekosanasierices.lv\/ru\/produkts\/zhuchok-dlya-proslushki-v-rozetku-wi-fi-s-obyemom-pamyati-32-gb\/","title":{"rendered":"\u0416\u0443\u0447\u043e\u043a \u0434\u043b\u044f \u043f\u0440\u043e\u0441\u043b\u0443\u0448\u043a\u0438 \u0432 \u0440\u043e\u0437\u0435\u0442\u043a\u0443 WI-FI \u0441 \u043e\u0431\u044a\u0435\u043c\u043e\u043c \u043f\u0430\u043c\u044f\u0442\u0438 32 \u0413\u0431"},"content":{"rendered":"<h2>\u0422\u0435\u0445\u043d\u0438\u0447\u0435\u0441\u043a\u0438\u0435 \u043f\u0430\u0440\u0430\u043c\u0435\u0442\u0440\u044b:<\/h2>\n<p>- \u0410\u0443\u0434\u0438\u043e: \u0432\u044b\u0441\u043e\u0447\u0430\u0439\u0448\u0435\u0435 \u043a\u0430\u0447\u0435\u0441\u0442\u0432\u043e \u0437\u0432\u0443\u043a\u0430 WI FI<br \/>\n- \u0423\u0441\u0442\u0430\u043d\u043e\u0432\u043a\u0430 \u0432 \u044d\u043b\u0435\u043a\u0442\u0440\u0438\u0447\u0435\u0441\u043a\u0443\u044e \u0440\u043e\u0437\u0435\u0442\u043a\u0443<br \/>\n- \u041f\u0440\u043e\u0441\u0442\u0430\u044f \u0443\u0441\u0442\u0430\u043d\u043e\u0432\u043a\u0430 - \u043d\u0443\u0436\u043d\u043e \u043f\u043e\u0434\u043a\u043b\u044e\u0447\u0438\u0442\u044c \u0442\u043e\u043b\u044c\u043a\u043e \u0434\u0432\u0430 \u043f\u0440\u043e\u0432\u043e\u0434\u0430<br \/>\n- \u041d\u0435 \u0438\u0437\u0434\u0430\u0435\u0442 \u043d\u0438 \u0437\u0432\u0443\u043a\u0430<br \/>\n- \u0412\u043e\u0437\u043c\u043e\u0436\u043d\u043e\u0441\u0442\u044c \u043f\u0440\u043e\u0441\u043b\u0443\u0448\u0438\u0432\u0430\u043d\u0438\u044f \u0432 \u043f\u0440\u044f\u043c\u043e\u043c \u044d\u0444\u0438\u0440\u0435<br \/>\n- 32 \u0413\u0431 \u0432\u0441\u0442\u0440\u043e\u0435\u043d\u043d\u043e\u0439 \u043f\u0430\u043c\u044f\u0442\u0438 \u0434\u043b\u044f \u0437\u0430\u043f\u0438\u0441\u0438 (\u0432\u043e\u0437\u043c\u043e\u0436\u043d\u0430 \u0443\u0434\u0430\u043b\u0435\u043d\u043d\u0430\u044f \u0437\u0430\u0433\u0440\u0443\u0437\u043a\u0430)<br \/>\n- \u0414\u043e\u0441\u0442\u0443\u043f\u043d\u043e \u043c\u043e\u0431\u0438\u043b\u044c\u043d\u043e\u0435 \u043f\u0440\u0438\u043b\u043e\u0436\u0435\u043d\u0438\u0435<br \/>\n- \u041c\u0438\u043a\u0440\u043e\u0444\u043e\u043d: \u0432\u044b\u0441\u043e\u043a\u043e\u0435 \u043a\u0430\u0447\u0435\u0441\u0442\u0432\u043e \u0437\u0432\u0443\u043a\u0430<br \/>\n- \u0423\u0441\u0442\u0440\u043e\u0439\u0441\u0442\u0432\u043e \u043c\u043e\u0436\u0435\u0442 \u043e\u0442\u043f\u0440\u0430\u0432\u0438\u0442\u044c \u0443\u0432\u0435\u0434\u043e\u043c\u043b\u0435\u043d\u0438\u0435 \u043d\u0430 \u0442\u0435\u043b\u0435\u0444\u043e\u043d \u0438 \u0430\u0432\u0442\u043e\u043c\u0430\u0442\u0438\u0447\u0435\u0441\u043a\u0438 \u0437\u0430\u043f\u0438\u0441\u0430\u0442\u044c \u0437\u0432\u0443\u043a (\u043a\u043e\u0433\u0434\u0430 \u043e\u043d\u043e \u043e\u0431\u043d\u0430\u0440\u0443\u0436\u0438\u0432\u0430\u0435\u0442 \u0437\u0432\u0443\u043a 50 \u0434\u0411, 60 \u0434\u0411 \u0438\u043b\u0438 70 \u0434\u0411).<br \/>\n- \u0420\u0430\u0437\u043c\u0435\u0440\u044b: \u0432\u044b\u0441\u043e\u0442\u0430 5 \u0441\u043c x \u0448\u0438\u0440\u0438\u043d\u0430 2 \u0441\u043c x \u0442\u043e\u043b\u0449\u0438\u043d\u0430 0,4 \u0441\u043c<br \/>\n- \u0413\u0410\u0420\u0410\u041d\u0422\u0418\u042f 12 \u043c\u0435\u0441\u044f\u0446\u0435\u0432<\/p>\n<p><span style=\"color: #ff0000;\">\u041d\u0443\u0436\u043d\u0430 \u0431\u044b\u0441\u0442\u0440\u0430\u044f \u0434\u043e\u0441\u0442\u0430\u0432\u043a\u0430 \u0432 \u0442\u043e\u0442 \u0436\u0435 \u0434\u0435\u043d\u044c (\u0438 \u0432 \u0432\u044b\u0445\u043e\u0434\u043d\u044b\u0435)? \u041f\u043e\u0437\u0432\u043e\u043d\u0438\u0442\u0435 \u043f\u043e \u0442\u0435\u043b\u0435\u0444\u043e\u043d\u0443 +371-20484176<\/span><\/p>\n<p>\u0418\u0441\u043f\u043e\u043b\u044c\u0437\u043e\u0432\u0430\u043d\u0438\u0435: \u0434\u043b\u044f \u0432\u0430\u0448\u0435\u0439 \u0431\u0435\u0437\u043e\u043f\u0430\u0441\u043d\u043e\u0441\u0442\u0438, \u0434\u043b\u044f \u0431\u0435\u0437\u043e\u043f\u0430\u0441\u043d\u043e\u0441\u0442\u0438 \u0434\u0435\u0442\u0435\u0439.<br \/>\n- \u0412 \u043a\u043e\u043c\u043f\u043b\u0435\u043a\u0442\u0435: \u0443\u0441\u0442\u0440\u043e\u0439\u0441\u0442\u0432\u043e \u0434\u043b\u044f \u043f\u0440\u043e\u0441\u043b\u0443\u0448\u0438\u0432\u0430\u043d\u0438\u044f WiFi PRO;<br \/>\n- \u0438\u043d\u0441\u0442\u0440\u0443\u043a\u0446\u0438\u0438.<\/p>\n<p>\u0418\u0441\u043f\u043e\u043b\u044c\u0437\u0443\u0439\u0442\u0435 \u0434\u043b\u044f \u0432\u0430\u0448\u0435\u0439 \u0431\u0435\u0437\u043e\u043f\u0430\u0441\u043d\u043e\u0441\u0442\u0438 \u0438 \u0431\u0435\u0437\u043e\u043f\u0430\u0441\u043d\u043e\u0441\u0442\u0438 \u0432\u0430\u0448\u0438\u0445 \u0434\u0435\u0442\u0435\u0439<br \/>\n\u042d\u0442\u043e \u043f\u043e\u0434\u0441\u043b\u0443\u0448\u0438\u0432\u0430\u044e\u0449\u0435\u0435 \u0443\u0441\u0442\u0440\u043e\u0439\u0441\u0442\u0432\u043e \u0443\u0441\u0442\u0430\u043d\u0430\u0432\u043b\u0438\u0432\u0430\u0435\u0442\u0441\u044f \u0432 \u0440\u043e\u0437\u0435\u0442\u043a\u0443. \u0423\u0441\u0442\u0430\u043d\u043e\u0432\u0438\u0432 \u0435\u0433\u043e, \u0432\u044b \u0431\u0443\u0434\u0435\u0442\u0435 \u0441\u043b\u044b\u0448\u0430\u0442\u044c \u0432\u0441\u0435, \u0447\u0442\u043e \u043f\u0440\u043e\u0438\u0441\u0445\u043e\u0434\u0438\u0442 \u0432 \u043a\u043e\u043c\u043d\u0430\u0442\u0435, \u043d\u0435 \u0434\u0435\u043b\u0430\u044f \u043d\u0438\u0447\u0435\u0433\u043e \u043b\u0438\u0448\u043d\u0435\u0433\u043e.<\/p>\n<p>\u0423\u0441\u0442\u0440\u043e\u0439\u0441\u0442\u0432\u0430 \u0434\u043b\u044f \u043f\u0440\u043e\u0441\u043b\u0443\u0448\u0438\u0432\u0430\u043d\u0438\u044f WiFi PRO - \u044d\u0442\u043e \u0441\u0430\u043c\u043e\u0435 \u0432\u044b\u0441\u043e\u043a\u043e\u0435 \u043a\u0430\u0447\u0435\u0441\u0442\u0432\u043e \u043d\u0430 \u0440\u044b\u043d\u043a\u0435. \u0412\u044b \u043c\u043e\u0436\u0435\u0442\u0435 \u043d\u0430\u0441\u043b\u0430\u0436\u0434\u0430\u0442\u044c\u0441\u044f \u0432\u044b\u0441\u043e\u043a\u043e\u043a\u0430\u0447\u0435\u0441\u0442\u0432\u0435\u043d\u043d\u044b\u043c \u0437\u0432\u0443\u043a\u043e\u043c, \u0443\u0434\u0430\u043b\u0435\u043d\u043d\u044b\u043c \u0434\u043e\u0441\u0442\u0443\u043f\u043e\u043c \u043a \u0437\u0430\u043f\u0438\u0441\u044f\u043c (\u043d\u0435\u0442 \u043d\u0435\u043e\u0431\u0445\u043e\u0434\u0438\u043c\u043e\u0441\u0442\u0438 \u043f\u043e\u0441\u0442\u043e\u044f\u043d\u043d\u043e \u0441\u043b\u0443\u0448\u0430\u0442\u044c) \u0438 \u0437\u0430\u0433\u0440\u0443\u0436\u0430\u0442\u044c \u0437\u0430\u043f\u0438\u0441\u0438 \u043d\u0430 \u0442\u0435\u043b\u0435\u0444\u043e\u043d \u0438\u043b\u0438 \u0434\u0440\u0443\u0433\u043e\u0435 \u043c\u043e\u0431\u0438\u043b\u044c\u043d\u043e\u0435 \u0443\u0441\u0442\u0440\u043e\u0439\u0441\u0442\u0432\u043e \u0447\u0435\u0440\u0435\u0437 \u043f\u0440\u0438\u043b\u043e\u0436\u0435\u043d\u0438\u0435. \u0423\u0441\u0442\u0440\u043e\u0439\u0441\u0442\u0432\u043e \u0438\u043c\u0435\u0435\u0442 32 \u0413\u0431 \u0432\u0441\u0442\u0440\u043e\u0435\u043d\u043d\u043e\u0439 \u043f\u0430\u043c\u044f\u0442\u0438.<br \/>\n\u0423\u0441\u0442\u0440\u043e\u0439\u0441\u0442\u0432\u043e \u0430\u0432\u0442\u043e\u043c\u0430\u0442\u0438\u0447\u0435\u0441\u043a\u0438 \u0437\u0430\u043f\u0438\u0441\u044b\u0432\u0430\u0435\u0442 \u0437\u0432\u0443\u043a. \u041d\u0430\u043f\u0440\u0438\u043c\u0435\u0440, \u043a\u043e\u0433\u0434\u0430 \u043b\u044e\u0434\u0438 \u043d\u0430\u0447\u0438\u043d\u0430\u044e\u0442 \u0440\u0430\u0437\u0433\u043e\u0432\u0430\u0440\u0438\u0432\u0430\u0442\u044c, \u0432\u044b \u043f\u043e\u043b\u0443\u0447\u0430\u0435\u0442\u0435 \u0443\u0432\u0435\u0434\u043e\u043c\u043b\u0435\u043d\u0438\u0435 \u043d\u0430 \u0441\u0432\u043e\u0439 \u0442\u0435\u043b\u0435\u0444\u043e\u043d. \u0415\u0441\u043b\u0438 \u0432\u044b \u043c\u043e\u0436\u0435\u0442\u0435 \u0441\u0434\u0435\u043b\u0430\u0442\u044c \u044d\u0442\u043e \u0432 \u0434\u0430\u043d\u043d\u044b\u0439 \u043c\u043e\u043c\u0435\u043d\u0442, \u0432\u044b \u043c\u043e\u0436\u0435\u0442\u0435 \u0441\u043b\u0443\u0448\u0430\u0442\u044c \u0432 \u0440\u0435\u0436\u0438\u043c\u0435 \u0440\u0435\u0430\u043b\u044c\u043d\u043e\u0433\u043e \u0432\u0440\u0435\u043c\u0435\u043d\u0438, \u043d\u043e \u0435\u0441\u043b\u0438 \u0432\u044b \u043d\u0435 \u043c\u043e\u0436\u0435\u0442\u0435 \u0441\u0434\u0435\u043b\u0430\u0442\u044c \u044d\u0442\u043e \u0432 \u0434\u0430\u043d\u043d\u044b\u0439 \u043c\u043e\u043c\u0435\u043d\u0442, \u0440\u0430\u0437\u0433\u043e\u0432\u043e\u0440\u044b \u0431\u0443\u0434\u0443\u0442 \u0437\u0430\u043f\u0438\u0441\u0430\u043d\u044b \u043d\u0430 \u0432\u043d\u0443\u0442\u0440\u0435\u043d\u043d\u044e\u044e \u043f\u0430\u043c\u044f\u0442\u044c \u0443\u0441\u0442\u0440\u043e\u0439\u0441\u0442\u0432\u0430, \u0438 \u0437\u0430\u043f\u0438\u0441\u0438 \u0431\u0443\u0434\u0443\u0442 \u0434\u043e\u0441\u0442\u0443\u043f\u043d\u044b \u0432\u0430\u043c \u0443\u0434\u0430\u043b\u0435\u043d\u043d\u043e.<br \/>\n\u0415\u0441\u043b\u0438 \u0432\u044b \u0443\u0441\u0442\u0430\u043d\u043e\u0432\u0438\u0442\u0435 \u0443\u0441\u0442\u0440\u043e\u0439\u0441\u0442\u0432\u043e \u0432 \u043a\u043e\u043c\u043d\u0430\u0442\u0435 \u0431\u0435\u0437 \u043f\u043e\u0434\u043a\u043b\u044e\u0447\u0435\u043d\u0438\u044f \u043a WiFi, \u043e\u043d\u043e \u0431\u0443\u0434\u0435\u0442 \u0437\u0430\u043f\u0438\u0441\u044b\u0432\u0430\u0442\u044c \u0437\u0432\u0443\u043a\u0438.<br \/>\n\u0427\u0435\u043c \u044d\u0442\u043e \u043f\u043e\u0434\u0441\u043b\u0443\u0448\u0438\u0432\u0430\u044e\u0449\u0435\u0435 \u0443\u0441\u0442\u0440\u043e\u0439\u0441\u0442\u0432\u043e \u043b\u0443\u0447\u0448\u0435 GSM?<br \/>\n- \u041e\u043d \u0441\u043e\u0445\u0440\u0430\u043d\u044f\u0435\u0442 \u0437\u0430\u043f\u0438\u0441\u0438 \u0432\u043e \u0432\u043d\u0443\u0442\u0440\u0435\u043d\u043d\u0435\u0439 \u043f\u0430\u043c\u044f\u0442\u0438;<br \/>\n- \u0414\u043e\u0441\u0442\u0443\u043f \u043a \u0437\u0430\u043f\u0438\u0441\u044f\u043c \u043c\u043e\u0436\u043d\u043e \u043f\u043e\u043b\u0443\u0447\u0438\u0442\u044c \u0443\u0434\u0430\u043b\u0435\u043d\u043d\u043e;<br \/>\n- \u0431\u043e\u043b\u0435\u0435 \u0432\u044b\u0441\u043e\u043a\u043e\u0435 \u043a\u0430\u0447\u0435\u0441\u0442\u0432\u043e \u0437\u0432\u0443\u043a\u0430.<\/p>","protected":false},"excerpt":{"rendered":"<p>\u042d\u0442\u043e \u043f\u0440\u043e\u0441\u043b\u0443\u0448\u0438\u0432\u0430\u044e\u0449\u0435\u0435 \u0443\u0441\u0442\u0440\u043e\u0439\u0441\u0442\u0432\u043e \u043f\u043e\u0434\u043a\u043b\u044e\u0447\u0430\u0435\u0442\u0441\u044f \u043a \u044d\u043b\u0435\u043a\u0442\u0440\u0438\u0447\u0435\u0441\u043a\u043e\u0439 \u0440\u043e\u0437\u0435\u0442\u043a\u0435. \u041f\u0440\u043e\u0441\u043b\u0443\u0448\u0438\u0432\u0430\u043d\u0438\u0435 \u0432 \u0440\u0435\u0436\u0438\u043c\u0435 \u0440\u0435\u0430\u043b\u044c\u043d\u043e\u0433\u043e \u0432\u0440\u0435\u043c\u0435\u043d\u0438. HD-\u043a\u0430\u0447\u0435\u0441\u0442\u0432\u043e \u0437\u0432\u0443\u043a\u0430. \u0421\u043b\u0443\u0448\u0430\u0439\u0442\u0435 24 \u0447\u0430\u0441\u0430 \u0432 \u0441\u0443\u0442\u043a\u0438 7 \u0434\u043d\u0435\u0439 \u0432 \u043d\u0435\u0434\u0435\u043b\u044e \u0438\u0437 \u043b\u044e\u0431\u043e\u0439 \u0442\u043e\u0447\u043a\u0438 \u043c\u0438\u0440\u0430.<\/p>","protected":false},"featured_media":2089,"template":"","meta":[],"product_brand":[],"product_cat":[335,351,337,352],"product_tag":[62,338,339,340,341],"class_list":{"0":"post-1362","1":"product","2":"type-product","3":"status-publish","4":"has-post-thumbnail","6":"product_cat-noklausisanas-ierices","7":"product_cat-pagarinatajs-ar-iebuvetu-noklausisanas-iekartu","8":"product_cat-profesionals-noklausisanas-aprikojums","9":"product_cat-wi-fi-noklausisanas-iekartas-jaunums","10":"product_tag-gsm-blake","11":"product_tag-noklausisanas-iekartas","12":"product_tag-noklausisanas-kluda","13":"product_tag-profesionalas-noklausisanas-iekartas","14":"product_tag-sarunu-noklausisanas","16":"first","17":"outofstock","18":"taxable","19":"shipping-taxable","20":"purchasable","21":"product-type-simple"},"yoast_head":"<!-- This site is optimized with the Yoast SEO plugin v27.3 - https:\/\/yoast.com\/product\/yoast-seo-wordpress\/ -->\n<title>Elektr\u012bbas kontaktligzd\u0101 ieb\u016bv\u0113ta wifi noklaus\u012b\u0161an\u0101s ier\u012bce ar 32gb<\/title>\n<meta name=\"description\" content=\"\u0160\u012b noklaus\u012b\u0161an\u0101s ier\u012bce tiek piesl\u0113gta elektr\u012bbas kontaktligzdai. Noklaus\u012b\u0161an\u0101s re\u0101llaik\u0101. HD audio kvalit\u0101te. Klausieties 24\/7 no jebkuras vietas pasaul\u0113.\" \/>\n<meta name=\"robots\" content=\"index, follow, max-snippet:-1, max-image-preview:large, max-video-preview:-1\" \/>\n<link rel=\"canonical\" href=\"https:\/\/izsekosanasierices.lv\/ru\/produkts\/zhuchok-dlya-proslushki-v-rozetku-wi-fi-s-obyemom-pamyati-32-gb\/\" \/>\n<meta property=\"og:locale\" content=\"ru_RU\" \/>\n<meta property=\"og:type\" content=\"article\" \/>\n<meta property=\"og:title\" content=\"Klaus\u012b\u0161an\u0101s ier\u012bce Wi fi, ieb\u016bv\u0113ta elektr\u012bbas kontaktligzd\u0101 32GB\" \/>\n<meta property=\"og:description\" content=\"Klaus\u012b\u0161an\u0101s iek\u0101rtas Asmens ir piesl\u0113gts elektr\u012bbas kontaktligzdai Live zvanu klaus\u012b\u0161an\u0101s HD audio kvalit\u0101te. Klausieties 24\/7 no jebkuras vietas pasaul\u0113\" \/>\n<meta property=\"og:url\" content=\"https:\/\/izsekosanasierices.lv\/ru\/produkts\/zhuchok-dlya-proslushki-v-rozetku-wi-fi-s-obyemom-pamyati-32-gb\/\" \/>\n<meta property=\"og:site_name\" content=\"Nr1 Izseko\u0161anas ier\u012bces gps izseko\u0161anas iek\u0101rtas, klaus\u012b\u0161an\u0101s iek\u0101rtas\" \/>\n<meta property=\"article:modified_time\" content=\"2026-02-25T20:49:42+00:00\" \/>\n<meta property=\"og:image\" content=\"https:\/\/rvnski.dev\/sekimoiranga\/wp-content\/uploads\/izsekosanasierices.webp\" \/>\n<meta name=\"twitter:card\" content=\"summary_large_image\" \/>\n<meta name=\"twitter:title\" content=\"Klaus\u012b\u0161an\u0101s ier\u012bce Wi fi, ieb\u016bv\u0113ta elektr\u012bbas kontaktligzd\u0101 32GB\" \/>\n<meta name=\"twitter:description\" content=\"Klaus\u012b\u0161an\u0101s iek\u0101rtas Asmens ir piesl\u0113gts elektr\u012bbas kontaktligzdai Live zvanu klaus\u012b\u0161an\u0101s HD audio kvalit\u0101te. Klausieties 24\/7 no jebkuras vietas pasaul\u0113\" \/>\n<meta name=\"twitter:label1\" content=\"\u041f\u0440\u0438\u043c\u0435\u0440\u043d\u043e\u0435 \u0432\u0440\u0435\u043c\u044f \u0434\u043b\u044f \u0447\u0442\u0435\u043d\u0438\u044f\" \/>\n\t<meta name=\"twitter:data1\" content=\"2 \u043c\u0438\u043d\u0443\u0442\u044b\" \/>\n<script type=\"application\/ld+json\" class=\"yoast-schema-graph\">{\"@context\":\"https:\\\/\\\/schema.org\",\"@graph\":[{\"@type\":\"WebPage\",\"@id\":\"https:\\\/\\\/izsekosanasierices.lv\\\/produkts\\\/elektribas-kontaktligzda-iebuveta-wi-fi-noklausisanas-ierice-ar-32-gb-atminas-ietilpibu\\\/\",\"url\":\"https:\\\/\\\/izsekosanasierices.lv\\\/produkts\\\/elektribas-kontaktligzda-iebuveta-wi-fi-noklausisanas-ierice-ar-32-gb-atminas-ietilpibu\\\/\",\"name\":\"Elektr\u012bbas kontaktligzd\u0101 ieb\u016bv\u0113ta wifi noklaus\u012b\u0161an\u0101s ier\u012bce ar 32gb\",\"isPartOf\":{\"@id\":\"https:\\\/\\\/izsekosanasierices.lv\\\/#website\"},\"primaryImageOfPage\":{\"@id\":\"https:\\\/\\\/izsekosanasierices.lv\\\/produkts\\\/elektribas-kontaktligzda-iebuveta-wi-fi-noklausisanas-ierice-ar-32-gb-atminas-ietilpibu\\\/#primaryimage\"},\"image\":{\"@id\":\"https:\\\/\\\/izsekosanasierices.lv\\\/produkts\\\/elektribas-kontaktligzda-iebuveta-wi-fi-noklausisanas-ierice-ar-32-gb-atminas-ietilpibu\\\/#primaryimage\"},\"thumbnailUrl\":\"https:\\\/\\\/izsekosanasierices.lv\\\/wp-content\\\/uploads\\\/izsekosanasierices-wi-fi-pasiklausymo-iranga-imontuojama-i-rozete-32-gb.jpg\",\"datePublished\":\"2023-10-05T15:37:57+00:00\",\"dateModified\":\"2026-02-25T20:49:42+00:00\",\"description\":\"\u0160\u012b noklaus\u012b\u0161an\u0101s ier\u012bce tiek piesl\u0113gta elektr\u012bbas kontaktligzdai. Noklaus\u012b\u0161an\u0101s re\u0101llaik\u0101. HD audio kvalit\u0101te. Klausieties 24\\\/7 no jebkuras vietas pasaul\u0113.\",\"breadcrumb\":{\"@id\":\"https:\\\/\\\/izsekosanasierices.lv\\\/produkts\\\/elektribas-kontaktligzda-iebuveta-wi-fi-noklausisanas-ierice-ar-32-gb-atminas-ietilpibu\\\/#breadcrumb\"},\"inLanguage\":\"ru-RU\",\"potentialAction\":[{\"@type\":\"ReadAction\",\"target\":[\"https:\\\/\\\/izsekosanasierices.lv\\\/produkts\\\/elektribas-kontaktligzda-iebuveta-wi-fi-noklausisanas-ierice-ar-32-gb-atminas-ietilpibu\\\/\"]}]},{\"@type\":\"ImageObject\",\"inLanguage\":\"ru-RU\",\"@id\":\"https:\\\/\\\/izsekosanasierices.lv\\\/produkts\\\/elektribas-kontaktligzda-iebuveta-wi-fi-noklausisanas-ierice-ar-32-gb-atminas-ietilpibu\\\/#primaryimage\",\"url\":\"https:\\\/\\\/izsekosanasierices.lv\\\/wp-content\\\/uploads\\\/izsekosanasierices-wi-fi-pasiklausymo-iranga-imontuojama-i-rozete-32-gb.jpg\",\"contentUrl\":\"https:\\\/\\\/izsekosanasierices.lv\\\/wp-content\\\/uploads\\\/izsekosanasierices-wi-fi-pasiklausymo-iranga-imontuojama-i-rozete-32-gb.jpg\",\"width\":433,\"height\":577,\"caption\":\"Slapta pasiklausymo iranga su wi fi \u012f rozet\u0119\"},{\"@type\":\"BreadcrumbList\",\"@id\":\"https:\\\/\\\/izsekosanasierices.lv\\\/produkts\\\/elektribas-kontaktligzda-iebuveta-wi-fi-noklausisanas-ierice-ar-32-gb-atminas-ietilpibu\\\/#breadcrumb\",\"itemListElement\":[{\"@type\":\"ListItem\",\"position\":1,\"name\":\"S\u0101kums\",\"item\":\"https:\\\/\\\/izsekosanasierices.lv\\\/\"},{\"@type\":\"ListItem\",\"position\":2,\"name\":\"Veikals\",\"item\":\"https:\\\/\\\/izsekosanasierices.lv\\\/veikals\\\/\"},{\"@type\":\"ListItem\",\"position\":3,\"name\":\"Elektr\u012bbas kontaktligzd\u0101 ieb\u016bv\u0113ta WI-FI noklaus\u012b\u0161an\u0101s ier\u012bce ar 32 gb atmi\u0146as ietilp\u012bbu\"}]},{\"@type\":\"WebSite\",\"@id\":\"https:\\\/\\\/izsekosanasierices.lv\\\/#website\",\"url\":\"https:\\\/\\\/izsekosanasierices.lv\\\/\",\"name\":\"Nr1 Izseko\u0161anas ier\u012bces gps izseko\u0161anas iek\u0101rtas, klaus\u012b\u0161an\u0101s iek\u0101rtas\",\"description\":\"\",\"potentialAction\":[{\"@type\":\"SearchAction\",\"target\":{\"@type\":\"EntryPoint\",\"urlTemplate\":\"https:\\\/\\\/izsekosanasierices.lv\\\/?s={search_term_string}\"},\"query-input\":{\"@type\":\"PropertyValueSpecification\",\"valueRequired\":true,\"valueName\":\"search_term_string\"}}],\"inLanguage\":\"ru-RU\"}]}<\/script>\n<!-- \/ Yoast SEO plugin. -->","yoast_head_json":{"title":"Elektr\u012bbas kontaktligzd\u0101 ieb\u016bv\u0113ta wifi noklaus\u012b\u0161an\u0101s ier\u012bce ar 32gb","description":"\u0160\u012b noklaus\u012b\u0161an\u0101s ier\u012bce tiek piesl\u0113gta elektr\u012bbas kontaktligzdai. Noklaus\u012b\u0161an\u0101s re\u0101llaik\u0101. HD audio kvalit\u0101te. Klausieties 24\/7 no jebkuras vietas pasaul\u0113.","robots":{"index":"index","follow":"follow","max-snippet":"max-snippet:-1","max-image-preview":"max-image-preview:large","max-video-preview":"max-video-preview:-1"},"canonical":"https:\/\/izsekosanasierices.lv\/ru\/produkts\/zhuchok-dlya-proslushki-v-rozetku-wi-fi-s-obyemom-pamyati-32-gb\/","og_locale":"ru_RU","og_type":"article","og_title":"Klaus\u012b\u0161an\u0101s ier\u012bce Wi fi, ieb\u016bv\u0113ta elektr\u012bbas kontaktligzd\u0101 32GB","og_description":"Klaus\u012b\u0161an\u0101s iek\u0101rtas Asmens ir piesl\u0113gts elektr\u012bbas kontaktligzdai Live zvanu klaus\u012b\u0161an\u0101s HD audio kvalit\u0101te. Klausieties 24\/7 no jebkuras vietas pasaul\u0113","og_url":"https:\/\/izsekosanasierices.lv\/ru\/produkts\/zhuchok-dlya-proslushki-v-rozetku-wi-fi-s-obyemom-pamyati-32-gb\/","og_site_name":"Nr1 Izseko\u0161anas ier\u012bces gps izseko\u0161anas iek\u0101rtas, klaus\u012b\u0161an\u0101s iek\u0101rtas","article_modified_time":"2026-02-25T20:49:42+00:00","og_image":[{"url":"https:\/\/rvnski.dev\/sekimoiranga\/wp-content\/uploads\/izsekosanasierices.webp","type":"","width":"","height":""}],"twitter_card":"summary_large_image","twitter_title":"Klaus\u012b\u0161an\u0101s ier\u012bce Wi fi, ieb\u016bv\u0113ta elektr\u012bbas kontaktligzd\u0101 32GB","twitter_description":"Klaus\u012b\u0161an\u0101s iek\u0101rtas Asmens ir piesl\u0113gts elektr\u012bbas kontaktligzdai Live zvanu klaus\u012b\u0161an\u0101s HD audio kvalit\u0101te. Klausieties 24\/7 no jebkuras vietas pasaul\u0113","twitter_misc":{"\u041f\u0440\u0438\u043c\u0435\u0440\u043d\u043e\u0435 \u0432\u0440\u0435\u043c\u044f \u0434\u043b\u044f \u0447\u0442\u0435\u043d\u0438\u044f":"2 \u043c\u0438\u043d\u0443\u0442\u044b"},"schema":{"@context":"https:\/\/schema.org","@graph":[{"@type":"WebPage","@id":"https:\/\/izsekosanasierices.lv\/produkts\/elektribas-kontaktligzda-iebuveta-wi-fi-noklausisanas-ierice-ar-32-gb-atminas-ietilpibu\/","url":"https:\/\/izsekosanasierices.lv\/produkts\/elektribas-kontaktligzda-iebuveta-wi-fi-noklausisanas-ierice-ar-32-gb-atminas-ietilpibu\/","name":"Elektr\u012bbas kontaktligzd\u0101 ieb\u016bv\u0113ta wifi noklaus\u012b\u0161an\u0101s ier\u012bce ar 32gb","isPartOf":{"@id":"https:\/\/izsekosanasierices.lv\/#website"},"primaryImageOfPage":{"@id":"https:\/\/izsekosanasierices.lv\/produkts\/elektribas-kontaktligzda-iebuveta-wi-fi-noklausisanas-ierice-ar-32-gb-atminas-ietilpibu\/#primaryimage"},"image":{"@id":"https:\/\/izsekosanasierices.lv\/produkts\/elektribas-kontaktligzda-iebuveta-wi-fi-noklausisanas-ierice-ar-32-gb-atminas-ietilpibu\/#primaryimage"},"thumbnailUrl":"https:\/\/izsekosanasierices.lv\/wp-content\/uploads\/izsekosanasierices-wi-fi-pasiklausymo-iranga-imontuojama-i-rozete-32-gb.jpg","datePublished":"2023-10-05T15:37:57+00:00","dateModified":"2026-02-25T20:49:42+00:00","description":"\u0160\u012b noklaus\u012b\u0161an\u0101s ier\u012bce tiek piesl\u0113gta elektr\u012bbas kontaktligzdai. Noklaus\u012b\u0161an\u0101s re\u0101llaik\u0101. HD audio kvalit\u0101te. Klausieties 24\/7 no jebkuras vietas pasaul\u0113.","breadcrumb":{"@id":"https:\/\/izsekosanasierices.lv\/produkts\/elektribas-kontaktligzda-iebuveta-wi-fi-noklausisanas-ierice-ar-32-gb-atminas-ietilpibu\/#breadcrumb"},"inLanguage":"ru-RU","potentialAction":[{"@type":"ReadAction","target":["https:\/\/izsekosanasierices.lv\/produkts\/elektribas-kontaktligzda-iebuveta-wi-fi-noklausisanas-ierice-ar-32-gb-atminas-ietilpibu\/"]}]},{"@type":"ImageObject","inLanguage":"ru-RU","@id":"https:\/\/izsekosanasierices.lv\/produkts\/elektribas-kontaktligzda-iebuveta-wi-fi-noklausisanas-ierice-ar-32-gb-atminas-ietilpibu\/#primaryimage","url":"https:\/\/izsekosanasierices.lv\/wp-content\/uploads\/izsekosanasierices-wi-fi-pasiklausymo-iranga-imontuojama-i-rozete-32-gb.jpg","contentUrl":"https:\/\/izsekosanasierices.lv\/wp-content\/uploads\/izsekosanasierices-wi-fi-pasiklausymo-iranga-imontuojama-i-rozete-32-gb.jpg","width":433,"height":577,"caption":"Slapta pasiklausymo iranga su wi fi \u012f rozet\u0119"},{"@type":"BreadcrumbList","@id":"https:\/\/izsekosanasierices.lv\/produkts\/elektribas-kontaktligzda-iebuveta-wi-fi-noklausisanas-ierice-ar-32-gb-atminas-ietilpibu\/#breadcrumb","itemListElement":[{"@type":"ListItem","position":1,"name":"S\u0101kums","item":"https:\/\/izsekosanasierices.lv\/"},{"@type":"ListItem","position":2,"name":"Veikals","item":"https:\/\/izsekosanasierices.lv\/veikals\/"},{"@type":"ListItem","position":3,"name":"Elektr\u012bbas kontaktligzd\u0101 ieb\u016bv\u0113ta WI-FI noklaus\u012b\u0161an\u0101s ier\u012bce ar 32 gb atmi\u0146as ietilp\u012bbu"}]},{"@type":"WebSite","@id":"https:\/\/izsekosanasierices.lv\/#website","url":"https:\/\/izsekosanasierices.lv\/","name":"Nr1 Izseko\u0161anas ier\u012bces gps izseko\u0161anas iek\u0101rtas, klaus\u012b\u0161an\u0101s iek\u0101rtas","description":"","potentialAction":[{"@type":"SearchAction","target":{"@type":"EntryPoint","urlTemplate":"https:\/\/izsekosanasierices.lv\/?s={search_term_string}"},"query-input":{"@type":"PropertyValueSpecification","valueRequired":true,"valueName":"search_term_string"}}],"inLanguage":"ru-RU"}]}},"_links":{"self":[{"href":"https:\/\/izsekosanasierices.lv\/ru\/wp-json\/wp\/v2\/product\/1362","targetHints":{"allow":["GET"]}}],"collection":[{"href":"https:\/\/izsekosanasierices.lv\/ru\/wp-json\/wp\/v2\/product"}],"about":[{"href":"https:\/\/izsekosanasierices.lv\/ru\/wp-json\/wp\/v2\/types\/product"}],"wp:featuredmedia":[{"embeddable":true,"href":"https:\/\/izsekosanasierices.lv\/ru\/wp-json\/wp\/v2\/media\/2089"}],"wp:attachment":[{"href":"https:\/\/izsekosanasierices.lv\/ru\/wp-json\/wp\/v2\/media?parent=1362"}],"wp:term":[{"taxonomy":"product_brand","embeddable":true,"href":"https:\/\/izsekosanasierices.lv\/ru\/wp-json\/wp\/v2\/product_brand?post=1362"},{"taxonomy":"product_cat","embeddable":true,"href":"https:\/\/izsekosanasierices.lv\/ru\/wp-json\/wp\/v2\/product_cat?post=1362"},{"taxonomy":"product_tag","embeddable":true,"href":"https:\/\/izsekosanasierices.lv\/ru\/wp-json\/wp\/v2\/product_tag?post=1362"}],"curies":[{"name":"wp","href":"https:\/\/api.w.org\/{rel}","templated":true}]}}