{"id":1368,"date":"2023-10-05T15:37:57","date_gmt":"2023-10-05T15:37:57","guid":{"rendered":"https:\/\/izsekosanasierices.lv\/produktas\/elektros-lizdas-rozete-220v-5v-usb-su-imontuota-slapta-kamera-wifi\/"},"modified":"2026-02-26T09:05:59","modified_gmt":"2026-02-26T07:05:59","slug":"stravas-ligzda-ar-iebuvetu-slepeno-kameru-ar-wifi-220v-5v-un-usb","status":"publish","type":"product","link":"https:\/\/izsekosanasierices.lv\/ru\/produkts\/rozetka-so-vstroyennoy-skrytoy-kameroy-s-wifi-220v-5v-i-usb\/","title":{"rendered":"\u0420\u043e\u0437\u0435\u0442\u043a\u0430 \u0441\u043e \u0432\u0441\u0442\u0440\u043e\u0435\u043d\u043d\u043e\u0439 \u0441\u043a\u0440\u044b\u0442\u043e\u0439 \u043a\u0430\u043c\u0435\u0440\u043e\u0439 \u0441 WiFi | 220V\/5V \u0438 USB"},"content":{"rendered":"<p><strong>\u0410\u041a\u0426\u0418\u042f: 32 \u0413\u0411 micro SD \u0432 \u043f\u043e\u0434\u0430\u0440\u043e\u043a <\/strong><\/p>\n<p><strong>\u0422\u0435\u0445\u043d\u0438\u0447\u0435\u0441\u043a\u0438\u0435 \u043f\u0430\u0440\u0430\u043c\u0435\u0442\u0440\u044b:<\/strong><\/p>\n<ul>\n<li>\u041f\u043e\u0434\u0434\u0435\u0440\u0436\u043a\u0430 \u043a\u0430\u0440\u0442 \u043f\u0430\u043c\u044f\u0442\u0438: micro SD \u043e\u0442 32 \u0434\u043e 128 \u0413\u0431<\/li>\n<li>\u0417\u0430\u043f\u0438\u0441\u044c \u0432\u0438\u0434\u0435\u043e \u0441\u043e \u0437\u0432\u0443\u043a\u043e\u043c<\/li>\n<li>\u0420\u0430\u0437\u0440\u0435\u0448\u0435\u043d\u0438\u0435 \u0437\u0430\u043f\u0438\u0441\u0438: Full HD 1920 x 1080 px<\/li>\n<li>\u0424\u0443\u043d\u043a\u0446\u0438\u043e\u043d\u0438\u0440\u0443\u044e\u0449\u0430\u044f \u0440\u043e\u0437\u0435\u0442\u043a\u0430<\/li>\n<li>\u0423\u0433\u043e\u043b: 110\u00b0<\/li>\n<li>\u0410\u0443\u0434\u0438\u043e: \u043c\u0438\u043a\u0440\u043e\u0444\u043e\u043d \u0441 \u0448\u0443\u043c\u043e\u043f\u043e\u0434\u0430\u0432\u043b\u0435\u043d\u0438\u0435\u043c<\/li>\n<li>\u0421\u0442\u0430\u043d\u0434\u0430\u0440\u0442 \u043f\u043e\u0434\u043a\u043b\u044e\u0447\u0435\u043d\u0438\u044f: USB<\/li>\n<li>\u041d\u043e\u0447\u043d\u043e\u0435 \u0432\u0438\u0434\u0435\u043d\u0438\u0435: \u043d\u0435\u0442<\/li>\n<li>\u041e\u043d\u043b\u0430\u0439\u043d-\u043c\u043e\u043d\u0438\u0442\u043e\u0440\u0438\u043d\u0433 (\u0447\u0435\u0440\u0435\u0437 \u043c\u043e\u0431\u0438\u043b\u044c\u043d\u043e\u0435 \u043f\u0440\u0438\u043b\u043e\u0436\u0435\u043d\u0438\u0435)<\/li>\n<li>\u0414\u0430\u0442\u0447\u0438\u043a \u0434\u0432\u0438\u0436\u0435\u043d\u0438\u044f<\/li>\n<li>\u041d\u0435\u043f\u0440\u0435\u0440\u044b\u0432\u043d\u0430\u044f \u0437\u0430\u043f\u0438\u0441\u044c \u0432\u0438\u0434\u0435\u043e<\/li>\n<li>\u041a\u043e\u0434\u0438\u0440\u043e\u0432\u043a\u0430 \u0432\u0438\u0434\u0435\u043e: H264<\/li>\n<li>\u0412 \u043a\u043e\u043c\u043f\u043b\u0435\u043a\u0442 \u0432\u0445\u043e\u0434\u0438\u0442: \u0444\u043e\u0442\u043e\u0430\u043f\u043f\u0430\u0440\u0430\u0442 \u0441 <strong>WiFi<\/strong>\u0423\u0441\u0442\u0440\u043e\u0439\u0441\u0442\u0432\u043e \u0434\u043b\u044f \u0447\u0442\u0435\u043d\u0438\u044f \u043a\u0430\u0440\u0442 \u043f\u0430\u043c\u044f\u0442\u0438 micro SD,<\/li>\n<li><strong>\u0413\u0410\u0420\u0410\u041d\u0422\u0418\u042f 12 \u043c\u0435\u0441\u044f\u0446\u0435\u0432<\/strong><\/li>\n<\/ul>\n<p><span style=\"color: #ff0000;\"><strong>\u041d\u0443\u0436\u043d\u0430 \u0431\u044b\u0441\u0442\u0440\u0430\u044f \u0434\u043e\u0441\u0442\u0430\u0432\u043a\u0430 \u0432 \u0442\u043e\u0442 \u0436\u0435 \u0434\u0435\u043d\u044c (\u0438 \u0432 \u0432\u044b\u0445\u043e\u0434\u043d\u044b\u0435)?  \u0417\u0432\u043e\u043d\u0438\u0442\u0435 +37120484176!<\/strong><\/span><\/p>\n<p>\u0418\u0441\u043f\u043e\u043b\u044c\u0437\u043e\u0432\u0430\u043d\u0438\u0435: \u0434\u043b\u044f \u0441\u043e\u0431\u0441\u0442\u0432\u0435\u043d\u043d\u043e\u0439 \u0437\u0430\u0449\u0438\u0442\u044b, \u0434\u043b\u044f \u0437\u0430\u0449\u0438\u0442\u044b \u0434\u0435\u0442\u0435\u0439.<\/p>\n<p>\u042d\u0442\u0430 \u0440\u043e\u0437\u0435\u0442\u043a\u0430 \u0441\u043e \u0432\u0441\u0442\u0440\u043e\u0435\u043d\u043d\u043e\u0439 \u0441\u0435\u043a\u0440\u0435\u0442\u043d\u043e\u0439 \u043a\u0430\u043c\u0435\u0440\u043e\u0439 - \u043e\u0442\u043b\u0438\u0447\u043d\u044b\u0439 \u0438\u043d\u0441\u0442\u0440\u0443\u043c\u0435\u043d\u0442 \u0434\u043b\u044f \u0437\u0430\u0449\u0438\u0442\u044b \u0432\u0430\u0441 \u0438 \u0432\u0430\u0448\u0438\u0445 \u0434\u0435\u0442\u0435\u0439. \u0412\u0438\u0437\u0443\u0430\u043b\u044c\u043d\u043e \u043e\u043d\u0430 \u043d\u0435\u043e\u0442\u043b\u0438\u0447\u0438\u043c\u0430 \u043e\u0442 \u043e\u0431\u044b\u0447\u043d\u043e\u0439 \u0440\u043e\u0437\u0435\u0442\u043a\u0438, \u043f\u043e\u044d\u0442\u043e\u043c\u0443 \u043d\u0435 \u0432\u044b\u0437\u044b\u0432\u0430\u0435\u0442 \u043f\u043e\u0434\u043e\u0437\u0440\u0435\u043d\u0438\u0439 \u0438 \u0438\u0441\u043f\u0440\u0430\u0432\u043d\u043e \u0432\u044b\u043f\u043e\u043b\u043d\u044f\u0435\u0442 \u0441\u0432\u043e\u044e \u0444\u0443\u043d\u043a\u0446\u0438\u044e.<\/p>\n<p>\u0423\u0441\u0442\u0430\u043d\u043e\u0432\u043a\u0430 \u043f\u0440\u043e\u0441\u0442\u0430 \u0438 \u0443\u0434\u043e\u0431\u043d\u0430 - \u043f\u0440\u043e\u0441\u0442\u043e \u043f\u043e\u0434\u043a\u043b\u044e\u0447\u0438\u0442\u0435 \u0434\u0432\u0430 \u043f\u0440\u043e\u0432\u043e\u0434\u0430 \u043a \u0441\u0435\u0442\u0438. \u0412\u043e \u0438\u0437\u0431\u0435\u0436\u0430\u043d\u0438\u0435 \u0440\u0438\u0441\u043a\u0430 \u043f\u043e\u0440\u0430\u0436\u0435\u043d\u0438\u044f \u044d\u043b\u0435\u043a\u0442\u0440\u0438\u0447\u0435\u0441\u043a\u0438\u043c \u0442\u043e\u043a\u043e\u043c \u043d\u0435\u043e\u0431\u0445\u043e\u0434\u0438\u043c\u043e \u0443\u0431\u0435\u0434\u0438\u0442\u044c\u0441\u044f, \u0447\u0442\u043e \u0438\u0441\u0442\u043e\u0447\u043d\u0438\u043a \u043f\u0438\u0442\u0430\u043d\u0438\u044f \u0432\u044b\u043a\u043b\u044e\u0447\u0435\u043d. \u0420\u043e\u0437\u0435\u0442\u043a\u0430 \u0440\u0430\u0431\u043e\u0442\u0430\u0435\u0442 \u043a\u0430\u043a \u043e\u0431\u044b\u0447\u043d\u0430\u044f \u0440\u043e\u0437\u0435\u0442\u043a\u0430 \u0438 \u043e\u0441\u043d\u0430\u0449\u0435\u043d\u0430 \u0434\u0432\u0443\u043c\u044f \u043f\u043e\u0440\u0442\u0430\u043c\u0438 USB \u0434\u043b\u044f \u0437\u0430\u0440\u044f\u0434\u043a\u0438.<\/p>\n<p>\u042d\u0442\u0430 \u0440\u043e\u0437\u0435\u0442\u043a\u0430 \u043f\u043e\u0437\u0432\u043e\u043b\u044f\u0435\u0442 \u0441\u043b\u0435\u0434\u0438\u0442\u044c \u0437\u0430 \u0434\u0435\u0442\u044c\u043c\u0438 24 \u0447\u0430\u0441\u0430 \u0432 \u0441\u0443\u0442\u043a\u0438, 7 \u0434\u043d\u0435\u0439 \u0432 \u043d\u0435\u0434\u0435\u043b\u044e. \u0412\u0441\u0442\u0440\u043e\u0435\u043d\u043d\u0430\u044f \u0441\u0435\u043a\u0440\u0435\u0442\u043d\u0430\u044f \u043a\u0430\u043c\u0435\u0440\u0430 \u043f\u043e\u0437\u0432\u043e\u043b\u044f\u0435\u0442 \u0432\u0438\u0434\u0435\u0442\u044c, \u0447\u0442\u043e \u043f\u0440\u043e\u0438\u0441\u0445\u043e\u0434\u0438\u0442 \u0432 \u0434\u043e\u043c\u0435, \u0447\u0435\u0440\u0435\u0437 \u043c\u043e\u0431\u0438\u043b\u044c\u043d\u043e\u0435 \u043f\u0440\u0438\u043b\u043e\u0436\u0435\u043d\u0438\u0435 \u0438\u043b\u0438 \u0434\u0440\u0443\u0433\u043e\u0435 \u0443\u0441\u0442\u0440\u043e\u0439\u0441\u0442\u0432\u043e, \u043a\u043e\u0442\u043e\u0440\u043e\u0435 \u043c\u043e\u0436\u043d\u043e \u043f\u043e\u0434\u043a\u043b\u044e\u0447\u0438\u0442\u044c. \u042d\u0442\u043e \u043f\u043e\u0437\u0432\u043e\u043b\u0438\u0442 \u0432\u0430\u043c \u0447\u0443\u0432\u0441\u0442\u0432\u043e\u0432\u0430\u0442\u044c \u0441\u0435\u0431\u044f \u0443\u0432\u0435\u0440\u0435\u043d\u043d\u043e \u0438 \u0441\u043f\u043e\u043a\u043e\u0439\u043d\u043e, \u0437\u043d\u0430\u044f, \u0447\u0442\u043e \u0432\u044b \u043c\u043e\u0436\u0435\u0442\u0435 \u0441\u043b\u0435\u0434\u0438\u0442\u044c \u0437\u0430 \u0441\u0432\u043e\u0438\u043c\u0438 \u0434\u0435\u0442\u044c\u043c\u0438, \u0434\u0430\u0436\u0435 \u043a\u043e\u0433\u0434\u0430 \u0432\u0430\u0441 \u043d\u0435\u0442 \u0440\u044f\u0434\u043e\u043c.<\/p>\n<p>\u042d\u0442\u0430 \u0440\u043e\u0437\u0435\u0442\u043a\u0430 - \u043e\u0442\u043b\u0438\u0447\u043d\u044b\u0439 \u0441\u043f\u043e\u0441\u043e\u0431 \u043e\u0431\u0435\u0437\u043e\u043f\u0430\u0441\u0438\u0442\u044c \u0434\u0435\u0442\u0435\u0439, \u043e\u0441\u043e\u0431\u0435\u043d\u043d\u043e \u043a\u043e\u0433\u0434\u0430 \u043e\u043d\u0438 \u043e\u0441\u0442\u0430\u044e\u0442\u0441\u044f \u0434\u043e\u043c\u0430 \u043e\u0434\u043d\u0438. \u0412\u044b \u043c\u043e\u0436\u0435\u0442\u0435 \u0432\u0438\u0434\u0435\u0442\u044c, \u043a\u0430\u043a \u043e\u043d\u0438 \u0441\u0435\u0431\u044f \u0432\u0435\u0434\u0443\u0442, \u0432 \u0431\u0435\u0437\u043e\u043f\u0430\u0441\u043d\u043e\u0441\u0442\u0438 \u043b\u0438 \u043e\u043d\u0438 \u0438 \u043a\u0430\u043a \u0440\u0435\u0430\u0433\u0438\u0440\u0443\u044e\u0442 \u0432 \u043d\u0435\u043e\u0436\u0438\u0434\u0430\u043d\u043d\u044b\u0445 \u0441\u0438\u0442\u0443\u0430\u0446\u0438\u044f\u0445. \u042d\u0442\u043e \u0434\u0430\u0435\u0442 \u0432\u0430\u043c \u0431\u043e\u043b\u044c\u0448\u0435 \u043a\u043e\u043d\u0442\u0440\u043e\u043b\u044f \u0438 \u0443\u0432\u0435\u0440\u0435\u043d\u043d\u043e\u0441\u0442\u0438 \u0432 \u0442\u043e\u043c, \u0447\u0442\u043e \u0441 \u0432\u0430\u0448\u0438\u043c\u0438 \u0434\u0435\u0442\u044c\u043c\u0438 \u0432\u0441\u0435 \u0432 \u043f\u043e\u0440\u044f\u0434\u043a\u0435.<\/p>\n<p>\u042d\u0442\u0430 \u043d\u0435\u0437\u0430\u043c\u0435\u0442\u043d\u0430\u044f \u0438 \u043f\u0440\u0430\u043a\u0442\u0438\u0447\u043d\u0430\u044f \u0440\u043e\u0437\u0435\u0442\u043a\u0430 \u0441\u043e \u0432\u0441\u0442\u0440\u043e\u0435\u043d\u043d\u043e\u0439 \u0441\u0435\u043a\u0440\u0435\u0442\u043d\u043e\u0439 \u043a\u0430\u043c\u0435\u0440\u043e\u0439 - \u0438\u0434\u0435\u0430\u043b\u044c\u043d\u044b\u0439 \u0438\u043d\u0441\u0442\u0440\u0443\u043c\u0435\u043d\u0442 \u0434\u043b\u044f \u043e\u0431\u0435\u0441\u043f\u0435\u0447\u0435\u043d\u0438\u044f \u0431\u0435\u0437\u043e\u043f\u0430\u0441\u043d\u043e\u0441\u0442\u0438 \u0432\u0430\u0448\u0435\u0439 \u0441\u0435\u043c\u044c\u0438.<\/p>\n<p>\u042d\u0442\u0430 \u0440\u043e\u0437\u0435\u0442\u043a\u0430 \u0441\u043e \u0432\u0441\u0442\u0440\u043e\u0435\u043d\u043d\u043e\u0439 \u0441\u043a\u0440\u044b\u0442\u043e\u0439 \u043a\u0430\u043c\u0435\u0440\u043e\u0439 \u0432\u0438\u0437\u0443\u0430\u043b\u044c\u043d\u043e \u043d\u0435\u043e\u0442\u043b\u0438\u0447\u0438\u043c\u0430 \u043e\u0442 \u043e\u0431\u044b\u0447\u043d\u043e\u0439 \u0440\u043e\u0437\u0435\u0442\u043a\u0438. \u0415\u0435 \u043b\u0435\u0433\u043a\u043e \u0443\u0441\u0442\u0430\u043d\u043e\u0432\u0438\u0442\u044c - \u043f\u0440\u043e\u0441\u0442\u043e \u043f\u043e\u0434\u043a\u043b\u044e\u0447\u0438\u0442\u0435 \u0434\u0432\u0430 \u043f\u0440\u043e\u0432\u043e\u0434\u0430 \u043a \u0441\u0435\u0442\u0438 (\u0432\u043e \u0438\u0437\u0431\u0435\u0436\u0430\u043d\u0438\u0435 \u043f\u043e\u0440\u0430\u0436\u0435\u043d\u0438\u044f \u0442\u043e\u043a\u043e\u043c \u043e\u0442\u043a\u043b\u044e\u0447\u0438\u0442\u0435 \u043d\u0430\u043f\u0440\u044f\u0436\u0435\u043d\u0438\u0435 \u0432 \u0441\u0435\u0442\u0438 \u043f\u0435\u0440\u0435\u0434 \u043f\u043e\u0434\u043a\u043b\u044e\u0447\u0435\u043d\u0438\u0435\u043c \u043f\u0440\u043e\u0432\u043e\u0434\u043e\u0432). \u041f\u043e\u043b\u043d\u043e\u0444\u0443\u043d\u043a\u0446\u0438\u043e\u043d\u0430\u043b\u044c\u043d\u0430\u044f \u0440\u043e\u0437\u0435\u0442\u043a\u0430 \u0441 \u0434\u0432\u0443\u043c\u044f USB-\u043f\u043e\u0440\u0442\u0430\u043c\u0438 \u0434\u043b\u044f \u0437\u0430\u0440\u044f\u0434\u043a\u0438. \u0412\u044b \u043c\u043e\u0436\u0435\u0442\u0435 \u043d\u0430\u0431\u043b\u044e\u0434\u0430\u0442\u044c \u0437\u0430 \u0441\u0432\u043e\u0438\u043c\u0438 \u0434\u0435\u0442\u044c\u043c\u0438 24 \u0447\u0430\u0441\u0430 \u0432 \u0441\u0443\u0442\u043a\u0438, 7 \u0434\u043d\u0435\u0439 \u0432 \u043d\u0435\u0434\u0435\u043b\u044e.<\/p>","protected":false},"excerpt":{"rendered":"<p>\u0421\u043a\u0440\u044b\u0442\u0430\u044f \u043a\u0430\u043c\u0435\u0440\u0430, \u0432\u0441\u0442\u0440\u043e\u0435\u043d\u043d\u0430\u044f \u0432 \u0440\u043e\u0437\u0435\u0442\u043a\u0443. \u0412\u044b\u0441\u043e\u043a\u043e\u0435 \u043a\u0430\u0447\u0435\u0441\u0442\u0432\u043e \u0438\u0437\u043e\u0431\u0440\u0430\u0436\u0435\u043d\u0438\u044f. \u041f\u0440\u043e\u0441\u0442\u043e\u0442\u0430 \u0438\u0441\u043f\u043e\u043b\u044c\u0437\u043e\u0432\u0430\u043d\u0438\u044f. \u0423\u0434\u0430\u043b\u0435\u043d\u043d\u044b\u0439 \u043f\u0440\u043e\u0441\u043c\u043e\u0442\u0440. \u0411\u0435\u0441\u043f\u043b\u0430\u0442\u043d\u0430\u044f \u0434\u043e\u0441\u0442\u0430\u0432\u043a\u0430.<\/p>","protected":false},"featured_media":2126,"template":"","meta":[],"product_brand":[],"product_cat":[330,321,331],"product_tag":[332,325,23,333,334,328,29],"class_list":{"0":"post-1368","1":"product","2":"type-product","3":"status-publish","4":"has-post-thumbnail","6":"product_cat-masketas-kameras","7":"product_cat-sleptas-kameras","8":"product_cat-wi-fi-slepenas-kameras","9":"product_tag-izsekosanas-iekartas","10":"product_tag-izsekosanas-kamera","11":"product_tag-kamera","12":"product_tag-kameras-pulkstenis","13":"product_tag-masketa-kamera","14":"product_tag-slepena-kamera","15":"product_tag-wi-fi-kamera","17":"first","18":"instock","19":"sale","20":"taxable","21":"shipping-taxable","22":"purchasable","23":"product-type-simple"},"yoast_head":"<!-- This site is optimized with the Yoast SEO plugin v27.4 - https:\/\/yoast.com\/product\/yoast-seo-wordpress\/ -->\n<title>Str\u0101vas ligzda ar ieb\u016bv\u0113tu slepeno kameru ar wifi 220V 5V un USB<\/title>\n<meta name=\"description\" content=\"Str\u0101vas kontaktligzd\u0101 ieb\u016bv\u0113ta sl\u0113pt\u0101 kamera. Augstas kvalit\u0101tes att\u0113ls. Viegli lietojama. Att\u0101lin\u0101ta skat\u012b\u0161an\u0101s. Bezmaksas pieg\u0101de.\" \/>\n<meta name=\"robots\" content=\"index, follow, max-snippet:-1, max-image-preview:large, max-video-preview:-1\" \/>\n<link rel=\"canonical\" href=\"https:\/\/izsekosanasierices.lv\/ru\/produkts\/rozetka-so-vstroyennoy-skrytoy-kameroy-s-wifi-220v-5v-i-usb\/\" \/>\n<meta property=\"og:locale\" content=\"ru_RU\" \/>\n<meta property=\"og:type\" content=\"article\" \/>\n<meta property=\"og:title\" content=\"Elektrisk\u0101 kontaktligzda ar slepeno kameru WIFI - Sekimoiranga.lt\" \/>\n<meta property=\"og:description\" content=\"Slepen\u0101 kamera ir ieb\u016bv\u0113ta ce\u013cojuma t\u0101lru\u0146a l\u0101d\u0113t\u0101j\u0101. Augstas kvalit\u0101tes att\u0113ls, viegli lietojams. Att\u0101lin\u0101ta skat\u012b\u0161an\u0101s. Bezmaksas pieg\u0101de\" \/>\n<meta property=\"og:url\" content=\"https:\/\/izsekosanasierices.lv\/ru\/produkts\/rozetka-so-vstroyennoy-skrytoy-kameroy-s-wifi-220v-5v-i-usb\/\" \/>\n<meta property=\"og:site_name\" content=\"Nr1 Izseko\u0161anas ier\u012bces gps izseko\u0161anas iek\u0101rtas, klaus\u012b\u0161an\u0101s iek\u0101rtas\" \/>\n<meta property=\"article:modified_time\" content=\"2026-02-26T07:05:59+00:00\" \/>\n<meta property=\"og:image\" content=\"https:\/\/rvnski.dev\/sekimoiranga\/wp-content\/uploads\/izsekosanasierices.webp\" \/>\n<meta name=\"twitter:card\" content=\"summary_large_image\" \/>\n<meta name=\"twitter:title\" content=\"Elektrisk\u0101 kontaktligzda ar slepeno kameru WIFI - Sekimoiranga.lt\" \/>\n<meta name=\"twitter:description\" content=\"Slepen\u0101 kamera ir ieb\u016bv\u0113ta ce\u013cojuma t\u0101lru\u0146a l\u0101d\u0113t\u0101j\u0101. Augstas kvalit\u0101tes att\u0113ls, viegli lietojams. Att\u0101lin\u0101ta skat\u012b\u0161an\u0101s. Bezmaksas pieg\u0101de\" \/>\n<meta name=\"twitter:label1\" content=\"\u041f\u0440\u0438\u043c\u0435\u0440\u043d\u043e\u0435 \u0432\u0440\u0435\u043c\u044f \u0434\u043b\u044f \u0447\u0442\u0435\u043d\u0438\u044f\" \/>\n\t<meta name=\"twitter:data1\" content=\"2 \u043c\u0438\u043d\u0443\u0442\u044b\" \/>\n<script type=\"application\/ld+json\" class=\"yoast-schema-graph\">{\"@context\":\"https:\\\/\\\/schema.org\",\"@graph\":[{\"@type\":\"WebPage\",\"@id\":\"https:\\\/\\\/izsekosanasierices.lv\\\/produkts\\\/stravas-ligzda-ar-iebuvetu-slepeno-kameru-ar-wifi-220v-5v-un-usb\\\/\",\"url\":\"https:\\\/\\\/izsekosanasierices.lv\\\/produkts\\\/stravas-ligzda-ar-iebuvetu-slepeno-kameru-ar-wifi-220v-5v-un-usb\\\/\",\"name\":\"Str\u0101vas ligzda ar ieb\u016bv\u0113tu slepeno kameru ar wifi 220V 5V un USB\",\"isPartOf\":{\"@id\":\"https:\\\/\\\/izsekosanasierices.lv\\\/#website\"},\"primaryImageOfPage\":{\"@id\":\"https:\\\/\\\/izsekosanasierices.lv\\\/produkts\\\/stravas-ligzda-ar-iebuvetu-slepeno-kameru-ar-wifi-220v-5v-un-usb\\\/#primaryimage\"},\"image\":{\"@id\":\"https:\\\/\\\/izsekosanasierices.lv\\\/produkts\\\/stravas-ligzda-ar-iebuvetu-slepeno-kameru-ar-wifi-220v-5v-un-usb\\\/#primaryimage\"},\"thumbnailUrl\":\"https:\\\/\\\/izsekosanasierices.lv\\\/wp-content\\\/uploads\\\/izsekosanasierices-elektros-lizdas-rozete-220v-5v-usb-su-imontuota-slapta-kamera-wifi.jpg\",\"datePublished\":\"2023-10-05T15:37:57+00:00\",\"dateModified\":\"2026-02-26T07:05:59+00:00\",\"description\":\"Str\u0101vas kontaktligzd\u0101 ieb\u016bv\u0113ta sl\u0113pt\u0101 kamera. Augstas kvalit\u0101tes att\u0113ls. Viegli lietojama. Att\u0101lin\u0101ta skat\u012b\u0161an\u0101s. Bezmaksas pieg\u0101de.\",\"breadcrumb\":{\"@id\":\"https:\\\/\\\/izsekosanasierices.lv\\\/produkts\\\/stravas-ligzda-ar-iebuvetu-slepeno-kameru-ar-wifi-220v-5v-un-usb\\\/#breadcrumb\"},\"inLanguage\":\"ru-RU\",\"potentialAction\":[{\"@type\":\"ReadAction\",\"target\":[\"https:\\\/\\\/izsekosanasierices.lv\\\/produkts\\\/stravas-ligzda-ar-iebuvetu-slepeno-kameru-ar-wifi-220v-5v-un-usb\\\/\"]}]},{\"@type\":\"ImageObject\",\"inLanguage\":\"ru-RU\",\"@id\":\"https:\\\/\\\/izsekosanasierices.lv\\\/produkts\\\/stravas-ligzda-ar-iebuvetu-slepeno-kameru-ar-wifi-220v-5v-un-usb\\\/#primaryimage\",\"url\":\"https:\\\/\\\/izsekosanasierices.lv\\\/wp-content\\\/uploads\\\/izsekosanasierices-elektros-lizdas-rozete-220v-5v-usb-su-imontuota-slapta-kamera-wifi.jpg\",\"contentUrl\":\"https:\\\/\\\/izsekosanasierices.lv\\\/wp-content\\\/uploads\\\/izsekosanasierices-elektros-lizdas-rozete-220v-5v-usb-su-imontuota-slapta-kamera-wifi.jpg\",\"width\":713,\"height\":708,\"caption\":\"Kelioninis USB pakrov\u0117jas su \u012fmontuota slapta kamera\"},{\"@type\":\"BreadcrumbList\",\"@id\":\"https:\\\/\\\/izsekosanasierices.lv\\\/produkts\\\/stravas-ligzda-ar-iebuvetu-slepeno-kameru-ar-wifi-220v-5v-un-usb\\\/#breadcrumb\",\"itemListElement\":[{\"@type\":\"ListItem\",\"position\":1,\"name\":\"S\u0101kums\",\"item\":\"https:\\\/\\\/izsekosanasierices.lv\\\/\"},{\"@type\":\"ListItem\",\"position\":2,\"name\":\"Veikals\",\"item\":\"https:\\\/\\\/izsekosanasierices.lv\\\/veikals\\\/\"},{\"@type\":\"ListItem\",\"position\":3,\"name\":\"Str\u0101vas ligzda ar ieb\u016bv\u0113tu slepeno kameru ar WiFi | 220V \\\/ 5V un USB\"}]},{\"@type\":\"WebSite\",\"@id\":\"https:\\\/\\\/izsekosanasierices.lv\\\/#website\",\"url\":\"https:\\\/\\\/izsekosanasierices.lv\\\/\",\"name\":\"Nr1 Izseko\u0161anas ier\u012bces gps izseko\u0161anas iek\u0101rtas, klaus\u012b\u0161an\u0101s iek\u0101rtas\",\"description\":\"\",\"potentialAction\":[{\"@type\":\"SearchAction\",\"target\":{\"@type\":\"EntryPoint\",\"urlTemplate\":\"https:\\\/\\\/izsekosanasierices.lv\\\/?s={search_term_string}\"},\"query-input\":{\"@type\":\"PropertyValueSpecification\",\"valueRequired\":true,\"valueName\":\"search_term_string\"}}],\"inLanguage\":\"ru-RU\"}]}<\/script>\n<!-- \/ Yoast SEO plugin. -->","yoast_head_json":{"title":"Str\u0101vas ligzda ar ieb\u016bv\u0113tu slepeno kameru ar wifi 220V 5V un USB","description":"Str\u0101vas kontaktligzd\u0101 ieb\u016bv\u0113ta sl\u0113pt\u0101 kamera. Augstas kvalit\u0101tes att\u0113ls. Viegli lietojama. Att\u0101lin\u0101ta skat\u012b\u0161an\u0101s. Bezmaksas pieg\u0101de.","robots":{"index":"index","follow":"follow","max-snippet":"max-snippet:-1","max-image-preview":"max-image-preview:large","max-video-preview":"max-video-preview:-1"},"canonical":"https:\/\/izsekosanasierices.lv\/ru\/produkts\/rozetka-so-vstroyennoy-skrytoy-kameroy-s-wifi-220v-5v-i-usb\/","og_locale":"ru_RU","og_type":"article","og_title":"Elektrisk\u0101 kontaktligzda ar slepeno kameru WIFI - Sekimoiranga.lt","og_description":"Slepen\u0101 kamera ir ieb\u016bv\u0113ta ce\u013cojuma t\u0101lru\u0146a l\u0101d\u0113t\u0101j\u0101. Augstas kvalit\u0101tes att\u0113ls, viegli lietojams. Att\u0101lin\u0101ta skat\u012b\u0161an\u0101s. Bezmaksas pieg\u0101de","og_url":"https:\/\/izsekosanasierices.lv\/ru\/produkts\/rozetka-so-vstroyennoy-skrytoy-kameroy-s-wifi-220v-5v-i-usb\/","og_site_name":"Nr1 Izseko\u0161anas ier\u012bces gps izseko\u0161anas iek\u0101rtas, klaus\u012b\u0161an\u0101s iek\u0101rtas","article_modified_time":"2026-02-26T07:05:59+00:00","og_image":[{"url":"https:\/\/rvnski.dev\/sekimoiranga\/wp-content\/uploads\/izsekosanasierices.webp","type":"","width":"","height":""}],"twitter_card":"summary_large_image","twitter_title":"Elektrisk\u0101 kontaktligzda ar slepeno kameru WIFI - Sekimoiranga.lt","twitter_description":"Slepen\u0101 kamera ir ieb\u016bv\u0113ta ce\u013cojuma t\u0101lru\u0146a l\u0101d\u0113t\u0101j\u0101. Augstas kvalit\u0101tes att\u0113ls, viegli lietojams. Att\u0101lin\u0101ta skat\u012b\u0161an\u0101s. Bezmaksas pieg\u0101de","twitter_misc":{"\u041f\u0440\u0438\u043c\u0435\u0440\u043d\u043e\u0435 \u0432\u0440\u0435\u043c\u044f \u0434\u043b\u044f \u0447\u0442\u0435\u043d\u0438\u044f":"2 \u043c\u0438\u043d\u0443\u0442\u044b"},"schema":{"@context":"https:\/\/schema.org","@graph":[{"@type":"WebPage","@id":"https:\/\/izsekosanasierices.lv\/produkts\/stravas-ligzda-ar-iebuvetu-slepeno-kameru-ar-wifi-220v-5v-un-usb\/","url":"https:\/\/izsekosanasierices.lv\/produkts\/stravas-ligzda-ar-iebuvetu-slepeno-kameru-ar-wifi-220v-5v-un-usb\/","name":"Str\u0101vas ligzda ar ieb\u016bv\u0113tu slepeno kameru ar wifi 220V 5V un USB","isPartOf":{"@id":"https:\/\/izsekosanasierices.lv\/#website"},"primaryImageOfPage":{"@id":"https:\/\/izsekosanasierices.lv\/produkts\/stravas-ligzda-ar-iebuvetu-slepeno-kameru-ar-wifi-220v-5v-un-usb\/#primaryimage"},"image":{"@id":"https:\/\/izsekosanasierices.lv\/produkts\/stravas-ligzda-ar-iebuvetu-slepeno-kameru-ar-wifi-220v-5v-un-usb\/#primaryimage"},"thumbnailUrl":"https:\/\/izsekosanasierices.lv\/wp-content\/uploads\/izsekosanasierices-elektros-lizdas-rozete-220v-5v-usb-su-imontuota-slapta-kamera-wifi.jpg","datePublished":"2023-10-05T15:37:57+00:00","dateModified":"2026-02-26T07:05:59+00:00","description":"Str\u0101vas kontaktligzd\u0101 ieb\u016bv\u0113ta sl\u0113pt\u0101 kamera. Augstas kvalit\u0101tes att\u0113ls. Viegli lietojama. Att\u0101lin\u0101ta skat\u012b\u0161an\u0101s. Bezmaksas pieg\u0101de.","breadcrumb":{"@id":"https:\/\/izsekosanasierices.lv\/produkts\/stravas-ligzda-ar-iebuvetu-slepeno-kameru-ar-wifi-220v-5v-un-usb\/#breadcrumb"},"inLanguage":"ru-RU","potentialAction":[{"@type":"ReadAction","target":["https:\/\/izsekosanasierices.lv\/produkts\/stravas-ligzda-ar-iebuvetu-slepeno-kameru-ar-wifi-220v-5v-un-usb\/"]}]},{"@type":"ImageObject","inLanguage":"ru-RU","@id":"https:\/\/izsekosanasierices.lv\/produkts\/stravas-ligzda-ar-iebuvetu-slepeno-kameru-ar-wifi-220v-5v-un-usb\/#primaryimage","url":"https:\/\/izsekosanasierices.lv\/wp-content\/uploads\/izsekosanasierices-elektros-lizdas-rozete-220v-5v-usb-su-imontuota-slapta-kamera-wifi.jpg","contentUrl":"https:\/\/izsekosanasierices.lv\/wp-content\/uploads\/izsekosanasierices-elektros-lizdas-rozete-220v-5v-usb-su-imontuota-slapta-kamera-wifi.jpg","width":713,"height":708,"caption":"Kelioninis USB pakrov\u0117jas su \u012fmontuota slapta kamera"},{"@type":"BreadcrumbList","@id":"https:\/\/izsekosanasierices.lv\/produkts\/stravas-ligzda-ar-iebuvetu-slepeno-kameru-ar-wifi-220v-5v-un-usb\/#breadcrumb","itemListElement":[{"@type":"ListItem","position":1,"name":"S\u0101kums","item":"https:\/\/izsekosanasierices.lv\/"},{"@type":"ListItem","position":2,"name":"Veikals","item":"https:\/\/izsekosanasierices.lv\/veikals\/"},{"@type":"ListItem","position":3,"name":"Str\u0101vas ligzda ar ieb\u016bv\u0113tu slepeno kameru ar WiFi | 220V \/ 5V un USB"}]},{"@type":"WebSite","@id":"https:\/\/izsekosanasierices.lv\/#website","url":"https:\/\/izsekosanasierices.lv\/","name":"Nr1 Izseko\u0161anas ier\u012bces gps izseko\u0161anas iek\u0101rtas, klaus\u012b\u0161an\u0101s iek\u0101rtas","description":"","potentialAction":[{"@type":"SearchAction","target":{"@type":"EntryPoint","urlTemplate":"https:\/\/izsekosanasierices.lv\/?s={search_term_string}"},"query-input":{"@type":"PropertyValueSpecification","valueRequired":true,"valueName":"search_term_string"}}],"inLanguage":"ru-RU"}]}},"_links":{"self":[{"href":"https:\/\/izsekosanasierices.lv\/ru\/wp-json\/wp\/v2\/product\/1368","targetHints":{"allow":["GET"]}}],"collection":[{"href":"https:\/\/izsekosanasierices.lv\/ru\/wp-json\/wp\/v2\/product"}],"about":[{"href":"https:\/\/izsekosanasierices.lv\/ru\/wp-json\/wp\/v2\/types\/product"}],"wp:featuredmedia":[{"embeddable":true,"href":"https:\/\/izsekosanasierices.lv\/ru\/wp-json\/wp\/v2\/media\/2126"}],"wp:attachment":[{"href":"https:\/\/izsekosanasierices.lv\/ru\/wp-json\/wp\/v2\/media?parent=1368"}],"wp:term":[{"taxonomy":"product_brand","embeddable":true,"href":"https:\/\/izsekosanasierices.lv\/ru\/wp-json\/wp\/v2\/product_brand?post=1368"},{"taxonomy":"product_cat","embeddable":true,"href":"https:\/\/izsekosanasierices.lv\/ru\/wp-json\/wp\/v2\/product_cat?post=1368"},{"taxonomy":"product_tag","embeddable":true,"href":"https:\/\/izsekosanasierices.lv\/ru\/wp-json\/wp\/v2\/product_tag?post=1368"}],"curies":[{"name":"wp","href":"https:\/\/api.w.org\/{rel}","templated":true}]}}