{"id":1375,"date":"2023-10-05T15:37:57","date_gmt":"2023-10-05T15:37:57","guid":{"rendered":"https:\/\/izsekosanasierices.lv\/produktas\/mini-gsm-pasiklausymo-blake-silikoninis-mikrofonas-hq\/"},"modified":"2025-11-20T15:22:38","modified_gmt":"2025-11-20T13:22:38","slug":"mini-gsm-noklausisanas-ierice-hq-silikona-mikrofons","status":"publish","type":"product","link":"https:\/\/izsekosanasierices.lv\/ru\/produkts\/mini-gsm-podslushivayuschee-ustroystvo-silikonovyy-mikrofon-hq\/","title":{"rendered":"\u041c\u0438\u043d\u0438 GSM \u043f\u043e\u0434\u0441\u043b\u0443\u0448\u0438\u0432\u0430\u044e\u0449\u0435\u0435 \u0443\u0441\u0442\u0440\u043e\u0439\u0441\u0442\u0432\u043e - \u0441\u0438\u043b\u0438\u043a\u043e\u043d\u043e\u0432\u044b\u0439 \u043c\u0438\u043a\u0440\u043e\u0444\u043e\u043d HQ"},"content":{"rendered":"<p><strong>\u0422\u0435\u0445\u043d\u0438\u0447\u0435\u0441\u043a\u0438\u0435 \u043f\u0430\u0440\u0430\u043c\u0435\u0442\u0440\u044b:<\/strong><\/p>\n<ul>\n<li>\u0420\u0435\u0436\u0438\u043c \u043f\u0435\u0440\u0435\u0434\u0430\u0447\u0438 \u0437\u0432\u0443\u043a\u0430: GSM<\/li>\n<li>SIM-\u043a\u0430\u0440\u0442\u0430 \u0432 \u043a\u043e\u043c\u043f\u043b\u0435\u043a\u0442\u0435<\/li>\n<li>\u041d\u0435\u043e\u0433\u0440\u0430\u043d\u0438\u0447\u0435\u043d\u043d\u043e\u0435 \u0440\u0430\u0441\u0441\u0442\u043e\u044f\u043d\u0438\u0435 \u043f\u0440\u043e\u0441\u043b\u0443\u0448\u0438\u0432\u0430\u043d\u0438\u044f<\/li>\n<li>\u0422\u0438\u043f \u0430\u043a\u043a\u0443\u043c\u0443\u043b\u044f\u0442\u043e\u0440\u0430: \u043b\u0438\u0442\u0438\u0439-\u0438\u043e\u043d\u043d\u044b\u0439 (\u0432\u043d\u0443\u0442\u0440\u0435\u043d\u043d\u0438\u0439)<\/li>\n<li>\u041c\u0438\u043a\u0440\u043e\u0444\u043e\u043d: \u0441\u0438\u043b\u0438\u043a\u043e\u043d HQ<\/li>\n<li>\u0412\u0440\u0435\u043c\u044f \u0440\u0430\u0431\u043e\u0442\u044b \u043e\u0442 \u0430\u043a\u043a\u0443\u043c\u0443\u043b\u044f\u0442\u043e\u0440\u0430: \u0434\u043e 5 \u0447\u0430\u0441\u043e\u0432 \u0432 \u0440\u0435\u0436\u0438\u043c\u0435 \u043f\u0440\u043e\u0441\u043b\u0443\u0448\u0438\u0432\u0430\u043d\u0438\u044f \u0438 \u0434\u043e 5 \u0434\u043d\u0435\u0439 \u0432 \u0440\u0435\u0436\u0438\u043c\u0435 \u043e\u0436\u0438\u0434\u0430\u043d\u0438\u044f<\/li>\n<li>\u0420\u0430\u0437\u043c\u0435\u0440\u044b \u0441\u043b\u0443\u0445\u043e\u0432\u043e\u0433\u043e \u0430\u043f\u043f\u0430\u0440\u0430\u0442\u0430: 55 \u043c\u043c x 22 \u043c\u043c x 15 \u043c\u043c<\/li>\n<li><strong>\u0413\u0410\u0420\u0410\u041d\u0422\u0418\u042f 12 \u043c\u0435\u0441\u044f\u0446\u0435\u0432<\/strong><\/li>\n<\/ul>\n<p><span style=\"color: #ff0000;\"><strong>\u041d\u0443\u0436\u043d\u0430 \u0431\u044b\u0441\u0442\u0440\u0430\u044f \u0434\u043e\u0441\u0442\u0430\u0432\u043a\u0430 \u0432 \u0442\u043e\u0442 \u0436\u0435 \u0434\u0435\u043d\u044c? (\u0438 \u0432 \u0432\u044b\u0445\u043e\u0434\u043d\u044b\u0435 \u0434\u043d\u0438) - \u0437\u0432\u043e\u043d\u0438\u0442\u0435 +371-20484176<\/strong><\/span><\/p>\n<p>\u0418\u0441\u043f\u043e\u043b\u044c\u0437\u043e\u0432\u0430\u043d\u0438\u0435: \u0434\u043b\u044f \u0432\u0430\u0448\u0435\u0439 \u0431\u0435\u0437\u043e\u043f\u0430\u0441\u043d\u043e\u0441\u0442\u0438, \u0434\u043b\u044f \u0431\u0435\u0437\u043e\u043f\u0430\u0441\u043d\u043e\u0441\u0442\u0438 \u0434\u0435\u0442\u0435\u0439.<\/p>\n<p>\u0422\u0435\u043f\u0435\u0440\u044c \u0432\u044b \u043c\u043e\u0436\u0435\u0442\u0435 \u043f\u0440\u043e\u0441\u043b\u0443\u0448\u0438\u0432\u0430\u0442\u044c \u0441\u0432\u043e\u0438 \u0440\u0430\u0437\u0433\u043e\u0432\u043e\u0440\u044b \u0441 \u043f\u043e\u043c\u043e\u0449\u044c\u044e Blake Mini GSM Listener! \u042d\u0442\u043e \u043d\u0435\u0431\u043e\u043b\u044c\u0448\u043e\u0435 \u0443\u0441\u0442\u0440\u043e\u0439\u0441\u0442\u0432\u043e \u043f\u043e\u0437\u0432\u043e\u043b\u044f\u0435\u0442 \u043f\u0440\u043e\u0441\u043b\u0443\u0448\u0438\u0432\u0430\u0442\u044c \u0440\u0430\u0437\u0433\u043e\u0432\u043e\u0440\u044b \u043d\u0430 \u043d\u0435\u043e\u0433\u0440\u0430\u043d\u0438\u0447\u0435\u043d\u043d\u043e\u043c \u0440\u0430\u0441\u0441\u0442\u043e\u044f\u043d\u0438\u0438. \u042d\u0442\u043e \u0438\u0434\u0435\u0430\u043b\u044c\u043d\u043e\u0435 \u0443\u0441\u0442\u0440\u043e\u0439\u0441\u0442\u0432\u043e \u0434\u043b\u044f \u0442\u0435\u0445, \u043a\u0442\u043e \u0445\u043e\u0447\u0435\u0442 \u043f\u043e\u0434\u0441\u043b\u0443\u0448\u0438\u0432\u0430\u0442\u044c \u0440\u0430\u0437\u0433\u043e\u0432\u043e\u0440\u044b.<\/p>\n<p>\"Mini GSM Listening Blake\" \u043e\u0431\u0435\u0441\u043f\u0435\u0447\u0438\u0432\u0430\u0435\u0442 \u0447\u0438\u0441\u0442\u044b\u0439 \u0437\u0432\u0443\u043a \u0431\u0435\u0437 \u0438\u0441\u043a\u0430\u0436\u0435\u043d\u0438\u0439<\/p>\n<p>\u041f\u0435\u0440\u0435\u0437\u0430\u0440\u044f\u0436\u0430\u0435\u043c\u044b\u0439 \u0430\u043a\u043a\u0443\u043c\u0443\u043b\u044f\u0442\u043e\u0440: \u0443\u0441\u0442\u0440\u043e\u0439\u0441\u0442\u0432\u043e \u043e\u0441\u043d\u0430\u0449\u0435\u043d\u043e \u043f\u0435\u0440\u0435\u0437\u0430\u0440\u044f\u0436\u0430\u0435\u043c\u044b\u043c \u0430\u043a\u043a\u0443\u043c\u0443\u043b\u044f\u0442\u043e\u0440\u043e\u043c, \u043a\u043e\u0442\u043e\u0440\u044b\u0439 \u043e\u0431\u0435\u0441\u043f\u0435\u0447\u0438\u0432\u0430\u0435\u0442 \u0434\u043e 5 \u0447\u0430\u0441\u043e\u0432 \u043f\u0440\u043e\u0441\u043b\u0443\u0448\u0438\u0432\u0430\u043d\u0438\u044f.<\/p>\n<p>\u041f\u0440\u043e\u0441\u0442\u043e\u0439 \u0432 \u0438\u0441\u043f\u043e\u043b\u044c\u0437\u043e\u0432\u0430\u043d\u0438\u0438, \u043f\u0440\u043e\u0441\u0442\u043e \u0432\u0441\u0442\u0430\u0432\u044c\u0442\u0435 sim-\u043a\u0430\u0440\u0442\u0443 \u0438 \u0443\u0441\u0442\u0440\u043e\u0439\u0441\u0442\u0432\u043e \u0433\u043e\u0442\u043e\u0432\u043e \u043a \u0440\u0430\u0431\u043e\u0442\u0435. \u0415\u0441\u0442\u044c \u0444\u0443\u043d\u043a\u0446\u0438\u044f \u0441 \u0437\u0430\u0449\u0438\u0442\u043e\u0439 \"\u043c\u044b \u0434\u0430\u0435\u043c \u0435\u0435 \u0432\u0430\u0448\u0435\u043c\u0443 \u043c\u043e\u0431\u0438\u043b\u044c\u043d\u043e\u043c\u0443 \u0442\u0435\u043b\u0435\u0444\u043e\u043d\u0443\". \u041d\u043e\u043c\u0435\u0440 \u0442\u0435\u043b\u0435\u0444\u043e\u043d\u0430 \u0432 \u043a\u0430\u0447\u0435\u0441\u0442\u0432\u0435 \u0430\u0434\u043c\u0438\u043d\u0438\u0441\u0442\u0440\u0430\u0442\u043e\u0440\u0430, \u0435\u0441\u043b\u0438 \u043a\u0442\u043e-\u0442\u043e \u043f\u043e\u0437\u0432\u043e\u043d\u0438\u0442 \u043d\u0430 gsm \u0436\u0443\u0447\u043e\u043a, \u043e\u043d \u0431\u0443\u0434\u0435\u0442 \u0437\u0430\u043d\u044f\u0442. \u0422\u043e\u043b\u044c\u043a\u043e \u0432\u044b \u0441\u043c\u043e\u0436\u0435\u0442\u0435 \u0437\u0432\u043e\u043d\u0438\u0442\u044c \u0432 \u043a\u043b\u0438\u043d\u043a\u0443 \u0438 \u043f\u0440\u043e\u0441\u043b\u0443\u0448\u0438\u0432\u0430\u0442\u044c \u0440\u0430\u0437\u0433\u043e\u0432\u043e\u0440\u044b.<\/p>","protected":false},"excerpt":{"rendered":"<p>\u041c\u0438\u043d\u0438\u0430\u0442\u044e\u0440\u043d\u043e\u0435 \u0443\u0441\u0442\u0440\u043e\u0439\u0441\u0442\u0432\u043e \u0434\u043b\u044f \u043f\u0440\u043e\u0441\u043b\u0443\u0448\u0438\u0432\u0430\u043d\u0438\u044f GMS \u0441 \u043c\u0438\u043a\u0440\u043e\u0444\u043e\u043d\u043e\u043c HQ. \u0412\u044b\u0441\u043e\u043a\u043e\u0435 \u043a\u0430\u0447\u0435\u0441\u0442\u0432\u043e \u0437\u0432\u0443\u043a\u0430. \u0411\u043e\u043b\u044c\u0448\u043e\u0439 \u0432\u044b\u0431\u043e\u0440 \u043f\u043e\u0434\u0441\u043b\u0443\u0448\u0438\u0432\u0430\u044e\u0449\u0438\u0445 \u0443\u0441\u0442\u0440\u043e\u0439\u0441\u0442\u0432. \u0422\u043e\u043b\u044c\u043a\u043e \u0432\u044b\u0441\u043e\u043a\u043e\u043a\u0430\u0447\u0435\u0441\u0442\u0432\u0435\u043d\u043d\u044b\u0435 \u043f\u043e\u0434\u0441\u043b\u0443\u0448\u0438\u0432\u0430\u044e\u0449\u0438\u0435 \u0443\u0441\u0442\u0440\u043e\u0439\u0441\u0442\u0432\u0430. \u0413\u0430\u0440\u0430\u043d\u0442\u0438\u044f \u043d\u0438\u0437\u043a\u043e\u0439 \u0446\u0435\u043d\u044b.<\/p>","protected":false},"featured_media":2174,"template":"","meta":[],"product_brand":[],"product_cat":[336,335,337],"product_tag":[62,338,339,340,341],"class_list":{"0":"post-1375","1":"product","2":"type-product","3":"status-publish","4":"has-post-thumbnail","6":"product_cat-gsm-noklausisanas-iekartas-blakes","7":"product_cat-noklausisanas-ierices","8":"product_cat-profesionals-noklausisanas-aprikojums","9":"product_tag-gsm-blake","10":"product_tag-noklausisanas-iekartas","11":"product_tag-noklausisanas-kluda","12":"product_tag-profesionalas-noklausisanas-iekartas","13":"product_tag-sarunu-noklausisanas","15":"first","16":"instock","17":"taxable","18":"shipping-taxable","19":"purchasable","20":"product-type-simple"},"yoast_head":"<!-- This site is optimized with the Yoast SEO plugin v27.4 - https:\/\/yoast.com\/product\/yoast-seo-wordpress\/ -->\n<title>Mini GSM noklaus\u012b\u0161an\u0101s ier\u012bce \u2013 HQ silikona mikrofons<\/title>\n<meta name=\"description\" content=\"Mini GMS noklaus\u012b\u0161an\u0101s iek\u0101rta ar HQ mikrofonu. Augsta ska\u0146as kvalit\u0101te. Liela noklaus\u012b\u0161an\u0101s iek\u0101rtu izv\u0113le. Tikai augstas kvalit\u0101tes noklaus\u012b\u0161an\u0101s iek\u0101rtas\" \/>\n<meta name=\"robots\" content=\"index, follow, max-snippet:-1, max-image-preview:large, max-video-preview:-1\" \/>\n<link rel=\"canonical\" href=\"https:\/\/izsekosanasierices.lv\/ru\/produkts\/mini-gsm-podslushivayuschee-ustroystvo-silikonovyy-mikrofon-hq\/\" \/>\n<meta property=\"og:locale\" content=\"ru_RU\" \/>\n<meta property=\"og:type\" content=\"article\" \/>\n<meta property=\"og:title\" content=\"Mini GSM noklaus\u012b\u0161an\u0101s ier\u012bce (silikona mikrofons) HQ -\" \/>\n<meta property=\"og:description\" content=\"Mini GMS blake HQ mikrofons, augsta ska\u0146as kvalit\u0101te. Liela noklaus\u012b\u0161an\u0101s k\u013c\u016bdu izv\u0113le. Tikai augstas kvalit\u0101tes noklaus\u012b\u0161an\u0101s iek\u0101rtas. Zemas cenas garantija\" \/>\n<meta property=\"og:url\" content=\"https:\/\/izsekosanasierices.lv\/ru\/produkts\/mini-gsm-podslushivayuschee-ustroystvo-silikonovyy-mikrofon-hq\/\" \/>\n<meta property=\"og:site_name\" content=\"Nr1 Izseko\u0161anas ier\u012bces gps izseko\u0161anas iek\u0101rtas, klaus\u012b\u0161an\u0101s iek\u0101rtas\" \/>\n<meta property=\"article:modified_time\" content=\"2025-11-20T13:22:38+00:00\" \/>\n<meta property=\"og:image\" content=\"https:\/\/rvnski.dev\/sekimoiranga\/wp-content\/uploads\/izsekosanasierices.webp\" \/>\n<meta name=\"twitter:card\" content=\"summary_large_image\" \/>\n<meta name=\"twitter:title\" content=\"Mini GSM noklaus\u012b\u0161an\u0101s ier\u012bce (silikona mikrofons) HQ -\" \/>\n<meta name=\"twitter:description\" content=\"Mini GMS blake HQ mikrofons, augsta ska\u0146as kvalit\u0101te. Liela noklaus\u012b\u0161an\u0101s k\u013c\u016bdu izv\u0113le. Tikai augstas kvalit\u0101tes noklaus\u012b\u0161an\u0101s iek\u0101rtas. Zemas cenas garantija\" \/>\n<meta name=\"twitter:label1\" content=\"\u041f\u0440\u0438\u043c\u0435\u0440\u043d\u043e\u0435 \u0432\u0440\u0435\u043c\u044f \u0434\u043b\u044f \u0447\u0442\u0435\u043d\u0438\u044f\" \/>\n\t<meta name=\"twitter:data1\" content=\"2 \u043c\u0438\u043d\u0443\u0442\u044b\" \/>\n<script type=\"application\/ld+json\" class=\"yoast-schema-graph\">{\"@context\":\"https:\\\/\\\/schema.org\",\"@graph\":[{\"@type\":\"WebPage\",\"@id\":\"https:\\\/\\\/izsekosanasierices.lv\\\/produkts\\\/mini-gsm-noklausisanas-ierice-hq-silikona-mikrofons\\\/\",\"url\":\"https:\\\/\\\/izsekosanasierices.lv\\\/produkts\\\/mini-gsm-noklausisanas-ierice-hq-silikona-mikrofons\\\/\",\"name\":\"Mini GSM noklaus\u012b\u0161an\u0101s ier\u012bce \u2013 HQ silikona mikrofons\",\"isPartOf\":{\"@id\":\"https:\\\/\\\/izsekosanasierices.lv\\\/#website\"},\"primaryImageOfPage\":{\"@id\":\"https:\\\/\\\/izsekosanasierices.lv\\\/produkts\\\/mini-gsm-noklausisanas-ierice-hq-silikona-mikrofons\\\/#primaryimage\"},\"image\":{\"@id\":\"https:\\\/\\\/izsekosanasierices.lv\\\/produkts\\\/mini-gsm-noklausisanas-ierice-hq-silikona-mikrofons\\\/#primaryimage\"},\"thumbnailUrl\":\"https:\\\/\\\/izsekosanasierices.lv\\\/wp-content\\\/uploads\\\/izsekosanasierices-mini-gsm-pasiklausymo-blake-silikoninis-mikrofonas-hq.jpg\",\"datePublished\":\"2023-10-05T15:37:57+00:00\",\"dateModified\":\"2025-11-20T13:22:38+00:00\",\"description\":\"Mini GMS noklaus\u012b\u0161an\u0101s iek\u0101rta ar HQ mikrofonu. Augsta ska\u0146as kvalit\u0101te. Liela noklaus\u012b\u0161an\u0101s iek\u0101rtu izv\u0113le. Tikai augstas kvalit\u0101tes noklaus\u012b\u0161an\u0101s iek\u0101rtas\",\"breadcrumb\":{\"@id\":\"https:\\\/\\\/izsekosanasierices.lv\\\/produkts\\\/mini-gsm-noklausisanas-ierice-hq-silikona-mikrofons\\\/#breadcrumb\"},\"inLanguage\":\"ru-RU\",\"potentialAction\":[{\"@type\":\"ReadAction\",\"target\":[\"https:\\\/\\\/izsekosanasierices.lv\\\/produkts\\\/mini-gsm-noklausisanas-ierice-hq-silikona-mikrofons\\\/\"]}]},{\"@type\":\"ImageObject\",\"inLanguage\":\"ru-RU\",\"@id\":\"https:\\\/\\\/izsekosanasierices.lv\\\/produkts\\\/mini-gsm-noklausisanas-ierice-hq-silikona-mikrofons\\\/#primaryimage\",\"url\":\"https:\\\/\\\/izsekosanasierices.lv\\\/wp-content\\\/uploads\\\/izsekosanasierices-mini-gsm-pasiklausymo-blake-silikoninis-mikrofonas-hq.jpg\",\"contentUrl\":\"https:\\\/\\\/izsekosanasierices.lv\\\/wp-content\\\/uploads\\\/izsekosanasierices-mini-gsm-pasiklausymo-blake-silikoninis-mikrofonas-hq.jpg\",\"width\":557,\"height\":577,\"caption\":\"Mini GSM pasiklausymo blak\u0117 ( silikoninis mikrofonas) HQ\"},{\"@type\":\"BreadcrumbList\",\"@id\":\"https:\\\/\\\/izsekosanasierices.lv\\\/produkts\\\/mini-gsm-noklausisanas-ierice-hq-silikona-mikrofons\\\/#breadcrumb\",\"itemListElement\":[{\"@type\":\"ListItem\",\"position\":1,\"name\":\"S\u0101kums\",\"item\":\"https:\\\/\\\/izsekosanasierices.lv\\\/\"},{\"@type\":\"ListItem\",\"position\":2,\"name\":\"Veikals\",\"item\":\"https:\\\/\\\/izsekosanasierices.lv\\\/veikals\\\/\"},{\"@type\":\"ListItem\",\"position\":3,\"name\":\"Mini GSM noklaus\u012b\u0161an\u0101s ier\u012bce \u2013 HQ silikona mikrofons\"}]},{\"@type\":\"WebSite\",\"@id\":\"https:\\\/\\\/izsekosanasierices.lv\\\/#website\",\"url\":\"https:\\\/\\\/izsekosanasierices.lv\\\/\",\"name\":\"Nr1 Izseko\u0161anas ier\u012bces gps izseko\u0161anas iek\u0101rtas, klaus\u012b\u0161an\u0101s iek\u0101rtas\",\"description\":\"\",\"potentialAction\":[{\"@type\":\"SearchAction\",\"target\":{\"@type\":\"EntryPoint\",\"urlTemplate\":\"https:\\\/\\\/izsekosanasierices.lv\\\/?s={search_term_string}\"},\"query-input\":{\"@type\":\"PropertyValueSpecification\",\"valueRequired\":true,\"valueName\":\"search_term_string\"}}],\"inLanguage\":\"ru-RU\"}]}<\/script>\n<!-- \/ Yoast SEO plugin. -->","yoast_head_json":{"title":"Mini GSM noklaus\u012b\u0161an\u0101s ier\u012bce \u2013 HQ silikona mikrofons","description":"Mini GMS noklaus\u012b\u0161an\u0101s iek\u0101rta ar HQ mikrofonu. Augsta ska\u0146as kvalit\u0101te. Liela noklaus\u012b\u0161an\u0101s iek\u0101rtu izv\u0113le. Tikai augstas kvalit\u0101tes noklaus\u012b\u0161an\u0101s iek\u0101rtas","robots":{"index":"index","follow":"follow","max-snippet":"max-snippet:-1","max-image-preview":"max-image-preview:large","max-video-preview":"max-video-preview:-1"},"canonical":"https:\/\/izsekosanasierices.lv\/ru\/produkts\/mini-gsm-podslushivayuschee-ustroystvo-silikonovyy-mikrofon-hq\/","og_locale":"ru_RU","og_type":"article","og_title":"Mini GSM noklaus\u012b\u0161an\u0101s ier\u012bce (silikona mikrofons) HQ -","og_description":"Mini GMS blake HQ mikrofons, augsta ska\u0146as kvalit\u0101te. Liela noklaus\u012b\u0161an\u0101s k\u013c\u016bdu izv\u0113le. Tikai augstas kvalit\u0101tes noklaus\u012b\u0161an\u0101s iek\u0101rtas. Zemas cenas garantija","og_url":"https:\/\/izsekosanasierices.lv\/ru\/produkts\/mini-gsm-podslushivayuschee-ustroystvo-silikonovyy-mikrofon-hq\/","og_site_name":"Nr1 Izseko\u0161anas ier\u012bces gps izseko\u0161anas iek\u0101rtas, klaus\u012b\u0161an\u0101s iek\u0101rtas","article_modified_time":"2025-11-20T13:22:38+00:00","og_image":[{"url":"https:\/\/rvnski.dev\/sekimoiranga\/wp-content\/uploads\/izsekosanasierices.webp","type":"","width":"","height":""}],"twitter_card":"summary_large_image","twitter_title":"Mini GSM noklaus\u012b\u0161an\u0101s ier\u012bce (silikona mikrofons) HQ -","twitter_description":"Mini GMS blake HQ mikrofons, augsta ska\u0146as kvalit\u0101te. Liela noklaus\u012b\u0161an\u0101s k\u013c\u016bdu izv\u0113le. Tikai augstas kvalit\u0101tes noklaus\u012b\u0161an\u0101s iek\u0101rtas. Zemas cenas garantija","twitter_misc":{"\u041f\u0440\u0438\u043c\u0435\u0440\u043d\u043e\u0435 \u0432\u0440\u0435\u043c\u044f \u0434\u043b\u044f \u0447\u0442\u0435\u043d\u0438\u044f":"2 \u043c\u0438\u043d\u0443\u0442\u044b"},"schema":{"@context":"https:\/\/schema.org","@graph":[{"@type":"WebPage","@id":"https:\/\/izsekosanasierices.lv\/produkts\/mini-gsm-noklausisanas-ierice-hq-silikona-mikrofons\/","url":"https:\/\/izsekosanasierices.lv\/produkts\/mini-gsm-noklausisanas-ierice-hq-silikona-mikrofons\/","name":"Mini GSM noklaus\u012b\u0161an\u0101s ier\u012bce \u2013 HQ silikona mikrofons","isPartOf":{"@id":"https:\/\/izsekosanasierices.lv\/#website"},"primaryImageOfPage":{"@id":"https:\/\/izsekosanasierices.lv\/produkts\/mini-gsm-noklausisanas-ierice-hq-silikona-mikrofons\/#primaryimage"},"image":{"@id":"https:\/\/izsekosanasierices.lv\/produkts\/mini-gsm-noklausisanas-ierice-hq-silikona-mikrofons\/#primaryimage"},"thumbnailUrl":"https:\/\/izsekosanasierices.lv\/wp-content\/uploads\/izsekosanasierices-mini-gsm-pasiklausymo-blake-silikoninis-mikrofonas-hq.jpg","datePublished":"2023-10-05T15:37:57+00:00","dateModified":"2025-11-20T13:22:38+00:00","description":"Mini GMS noklaus\u012b\u0161an\u0101s iek\u0101rta ar HQ mikrofonu. Augsta ska\u0146as kvalit\u0101te. Liela noklaus\u012b\u0161an\u0101s iek\u0101rtu izv\u0113le. Tikai augstas kvalit\u0101tes noklaus\u012b\u0161an\u0101s iek\u0101rtas","breadcrumb":{"@id":"https:\/\/izsekosanasierices.lv\/produkts\/mini-gsm-noklausisanas-ierice-hq-silikona-mikrofons\/#breadcrumb"},"inLanguage":"ru-RU","potentialAction":[{"@type":"ReadAction","target":["https:\/\/izsekosanasierices.lv\/produkts\/mini-gsm-noklausisanas-ierice-hq-silikona-mikrofons\/"]}]},{"@type":"ImageObject","inLanguage":"ru-RU","@id":"https:\/\/izsekosanasierices.lv\/produkts\/mini-gsm-noklausisanas-ierice-hq-silikona-mikrofons\/#primaryimage","url":"https:\/\/izsekosanasierices.lv\/wp-content\/uploads\/izsekosanasierices-mini-gsm-pasiklausymo-blake-silikoninis-mikrofonas-hq.jpg","contentUrl":"https:\/\/izsekosanasierices.lv\/wp-content\/uploads\/izsekosanasierices-mini-gsm-pasiklausymo-blake-silikoninis-mikrofonas-hq.jpg","width":557,"height":577,"caption":"Mini GSM pasiklausymo blak\u0117 ( silikoninis mikrofonas) HQ"},{"@type":"BreadcrumbList","@id":"https:\/\/izsekosanasierices.lv\/produkts\/mini-gsm-noklausisanas-ierice-hq-silikona-mikrofons\/#breadcrumb","itemListElement":[{"@type":"ListItem","position":1,"name":"S\u0101kums","item":"https:\/\/izsekosanasierices.lv\/"},{"@type":"ListItem","position":2,"name":"Veikals","item":"https:\/\/izsekosanasierices.lv\/veikals\/"},{"@type":"ListItem","position":3,"name":"Mini GSM noklaus\u012b\u0161an\u0101s ier\u012bce \u2013 HQ silikona mikrofons"}]},{"@type":"WebSite","@id":"https:\/\/izsekosanasierices.lv\/#website","url":"https:\/\/izsekosanasierices.lv\/","name":"Nr1 Izseko\u0161anas ier\u012bces gps izseko\u0161anas iek\u0101rtas, klaus\u012b\u0161an\u0101s iek\u0101rtas","description":"","potentialAction":[{"@type":"SearchAction","target":{"@type":"EntryPoint","urlTemplate":"https:\/\/izsekosanasierices.lv\/?s={search_term_string}"},"query-input":{"@type":"PropertyValueSpecification","valueRequired":true,"valueName":"search_term_string"}}],"inLanguage":"ru-RU"}]}},"_links":{"self":[{"href":"https:\/\/izsekosanasierices.lv\/ru\/wp-json\/wp\/v2\/product\/1375","targetHints":{"allow":["GET"]}}],"collection":[{"href":"https:\/\/izsekosanasierices.lv\/ru\/wp-json\/wp\/v2\/product"}],"about":[{"href":"https:\/\/izsekosanasierices.lv\/ru\/wp-json\/wp\/v2\/types\/product"}],"wp:featuredmedia":[{"embeddable":true,"href":"https:\/\/izsekosanasierices.lv\/ru\/wp-json\/wp\/v2\/media\/2174"}],"wp:attachment":[{"href":"https:\/\/izsekosanasierices.lv\/ru\/wp-json\/wp\/v2\/media?parent=1375"}],"wp:term":[{"taxonomy":"product_brand","embeddable":true,"href":"https:\/\/izsekosanasierices.lv\/ru\/wp-json\/wp\/v2\/product_brand?post=1375"},{"taxonomy":"product_cat","embeddable":true,"href":"https:\/\/izsekosanasierices.lv\/ru\/wp-json\/wp\/v2\/product_cat?post=1375"},{"taxonomy":"product_tag","embeddable":true,"href":"https:\/\/izsekosanasierices.lv\/ru\/wp-json\/wp\/v2\/product_tag?post=1375"}],"curies":[{"name":"wp","href":"https:\/\/api.w.org\/{rel}","templated":true}]}}