{"id":1379,"date":"2023-10-05T15:37:57","date_gmt":"2023-10-05T15:37:57","guid":{"rendered":"https:\/\/izsekosanasierices.lv\/produktas\/medziokles-kamera-4g-su-sim-27k-video-14mp-nuotraukos-saules-panele\/"},"modified":"2026-01-27T08:17:16","modified_gmt":"2026-01-27T06:17:16","slug":"medibu-kamera-4g-ar-sim-27k-video-14mp-fotoattelu-saules-panelis","status":"publish","type":"product","link":"https:\/\/izsekosanasierices.lv\/ru\/produkts\/okhotnichya-kamera-4g-s-sim-kartoy-27k-video-14-mp-foto-solnechnaya-panel\/","title":{"rendered":"\u041e\u0445\u043e\u0442\u043d\u0438\u0447\u044c\u044f \u043a\u0430\u043c\u0435\u0440\u0430 4G \u0441 SIM-\u043a\u0430\u0440\u0442\u043e\u0439 | 2,7K \u0432\u0438\u0434\u0435\u043e | 14 mp \u0444\u043e\u0442\u043e | \u0441\u043e\u043b\u043d\u0435\u0447\u043d\u0430\u044f \u043f\u0430\u043d\u0435\u043b\u044c"},"content":{"rendered":"<h3><strong>\u0422\u0435\u0445\u043d\u0438\u0447\u0435\u0441\u043a\u0438\u0435 \u043f\u0430\u0440\u0430\u043c\u0435\u0442\u0440\u044b:<\/strong><\/h3>\n<ul>\n<li>\u0423\u0434\u0430\u043b\u0435\u043d\u043d\u044b\u0439 \u043f\u0440\u043e\u0441\u043c\u043e\u0442\u0440: \u0434\u0430<\/li>\n<li>\u0412\u0440\u0435\u043c\u044f \u0440\u0430\u0431\u043e\u0442\u044b \u0432 \u0440\u0435\u0436\u0438\u043c\u0435 \u043e\u0436\u0438\u0434\u0430\u043d\u0438\u044f: 150 \u0434\u043d\u0435\u0439<\/li>\n<li>5 \u043c\u043f \u043a\u0430\u043c\u0435\u0440\u0430<\/li>\n<li>\u0424\u043e\u0442\u043e\u0433\u0440\u0430\u0444\u0438\u0438 14 \u041c\u043f<\/li>\n<li>\u0421\u0432\u0435\u0440\u0445\u0431\u044b\u0441\u0442\u0440\u0430\u044f \u0430\u043a\u0442\u0438\u0432\u0430\u0446\u0438\u044f PIR: 0,5 \u0441<\/li>\n<li>Ip66 \u0437\u0430\u0449\u0438\u0442\u0430 \u043e\u0442 \u0432\u043e\u0434\u044b<\/li>\n<li>\u041d\u0435 \u0432\u0438\u0434\u043d\u043e \u043d\u043e\u0447\u044c\u044e, \u043d\u0435 \u0438\u0437\u043b\u0443\u0447\u0430\u0435\u0442 \u0441\u0432\u0435\u0442<\/li>\n<li>\u0420\u0430\u0431\u043e\u0442\u0430\u0435\u0442 \u0431\u0435\u0437 \u0441\u043e\u043b\u043d\u0435\u0447\u043d\u043e\u0439 \u043f\u0430\u043d\u0435\u043b\u0438<\/li>\n<li>\u0412\u0438\u0434\u0435\u043e \u0432 \u0444\u043e\u0440\u043c\u0430\u0442\u0435 HD 2,7k<\/li>\n<li>\u0416\u0438\u0432\u043e\u0439 \u0437\u0432\u0443\u043a \u0432 \u043d\u0430\u043b\u0438\u0447\u0438\u0438<\/li>\n<li>PIR-\u043e\u0431\u043d\u0430\u0440\u0443\u0436\u0435\u043d\u0438\u0435 \u0434\u0432\u0438\u0436\u0435\u043d\u0438\u044f: 15 - 20 \u043c\u0435\u0442\u0440\u043e\u0432<\/li>\n<li>\u0410\u043a\u043a\u0443\u043c\u0443\u043b\u044f\u0442\u043e\u0440\u043d\u0430\u044f \u0431\u0430\u0442\u0430\u0440\u0435\u044f 10 400 \u043c\u0410\u0447<\/li>\n<li>\u0421\u043e\u043b\u043d\u0435\u0447\u043d\u0430\u044f \u043f\u0430\u043d\u0435\u043b\u044c<\/li>\n<li>\u0417\u0430\u043f\u0438\u0441\u044c \u0432\u0438\u0434\u0435\u043e \u0441\u043e \u0437\u0432\u0443\u043a\u043e\u043c<\/li>\n<li>PIR-\u0434\u0430\u0442\u0447\u0438\u043a \u0441 \u043f\u043e\u0432\u044b\u0448\u0435\u043d\u043d\u043e\u0439 \u0447\u0443\u0432\u0441\u0442\u0432\u0438\u0442\u0435\u043b\u044c\u043d\u043e\u0441\u0442\u044c\u044e<\/li>\n<li>\u041f\u043e\u0434\u0434\u0435\u0440\u0436\u043a\u0430 \u043a\u0430\u0440\u0442 \u043f\u0430\u043c\u044f\u0442\u0438 \u0434\u043e 128 \u0413\u0411<\/li>\n<li>\u0421\u0435\u0442\u044c: GSM 4G, SIM-\u043a\u0430\u0440\u0442\u0430 \u0441 \u0438\u043d\u0442\u0435\u0440\u043d\u0435\u0442\u043e\u043c<\/li>\n<li>\u041f\u0440\u043e\u0441\u043c\u043e\u0442\u0440 \u0438\u0437\u043e\u0431\u0440\u0430\u0436\u0435\u043d\u0438\u0439: \u043f\u043e \u0442\u0435\u043b\u0435\u0444\u043e\u043d\u0443<\/li>\n<li>\u0423\u0432\u0435\u0434\u043e\u043c\u043b\u0435\u043d\u0438\u044f \u043f\u043e \u0442\u0435\u043b\u0435\u0444\u043e\u043d\u0443: \u0434\u0430<\/li>\n<li>\u0421\u043b\u043e\u0442 \u0434\u043b\u044f SIM-\u043a\u0430\u0440\u0442\u044b: \u0434\u0430<\/li>\n<li>\u0420\u0435\u0436\u0438\u043c \u043e\u0431\u043d\u0430\u0440\u0443\u0436\u0435\u043d\u0438\u044f \u0434\u0432\u0438\u0436\u0435\u043d\u0438\u044f: \u0434\u0430<\/li>\n<li>\u0423\u0433\u043e\u043b \u043e\u0431\u0437\u043e\u0440\u0430: 100\u00b0<\/li>\n<li>\u0424\u043e\u0440\u043c\u0430\u0442 \u0441\u0436\u0430\u0442\u0438\u044f: avi H.265<\/li>\n<li>\u041f\u043e\u0434\u0434\u0435\u0440\u0436\u0438\u0432\u0430\u0435\u043c\u044b\u0435 \u0441\u0438\u0441\u0442\u0435\u043c\u044b: iOS, Android<\/li>\n<li>\u0418\u0441\u0442\u043e\u0447\u043d\u0438\u043a \u043f\u0438\u0442\u0430\u043d\u0438\u044f: \u0432\u0441\u0442\u0440\u043e\u0435\u043d\u043d\u044b\u0439 \u0430\u043a\u043a\u0443\u043c\u0443\u043b\u044f\u0442\u043e\u0440 \u0438\u043b\u0438 \u0441\u043e\u043b\u043d\u0435\u0447\u043d\u0430\u044f \u0431\u0430\u0442\u0430\u0440\u0435\u044f (\u0432\u0445\u043e\u0434\u0438\u0442 \u0432 \u043a\u043e\u043c\u043f\u043b\u0435\u043a\u0442)<\/li>\n<li>\u0423\u043f\u0440\u0430\u0432\u043b\u0435\u043d\u0438\u0435 \u0437\u0430\u043f\u0438\u0441\u044c\u044e: \u0441 \u043b\u044e\u0431\u043e\u0433\u043e \u0441\u043c\u0430\u0440\u0442-\u0443\u0441\u0442\u0440\u043e\u0439\u0441\u0442\u0432\u0430 (\u0442\u0435\u043b\u0435\u0444\u043e\u043d\u0430, \u043a\u043e\u043c\u043f\u044c\u044e\u0442\u0435\u0440\u0430 \u0438\u043b\u0438 \u043f\u043b\u0430\u043d\u0448\u0435\u0442\u0430)<\/li>\n<li>\u0413\u0430\u0440\u0430\u043d\u0442\u0438\u044f 12 \u043c\u0435\u0441\u044f\u0446\u0435\u0432<\/li>\n<\/ul>\n<p><strong>\u00a0<\/strong><\/p>\n<h3><span style=\"color: #ff0000;\"><strong>\u041d\u0443\u0436\u043d\u0430 \u0431\u044b\u0441\u0442\u0440\u0430\u044f \u0434\u043e\u0441\u0442\u0430\u0432\u043a\u0430 \u0432 \u0442\u043e\u0442 \u0436\u0435 \u0434\u0435\u043d\u044c (\u0438 \u0432 \u0432\u044b\u0445\u043e\u0434\u043d\u044b\u0435)?  \u0417\u0432\u043e\u043d\u0438\u0442\u0435 +37120484176<\/strong><\/span><\/h3>","protected":false},"excerpt":{"rendered":"<p>\u041e\u0445\u043e\u0442\u043d\u0438\u0447\u044c\u044f \u043a\u0430\u043c\u0435\u0440\u0430 \u0441\u043e \u0441\u0432\u0435\u0440\u0445\u0434\u043e\u043b\u0433\u0438\u043c \u0432\u0440\u0435\u043c\u0435\u043d\u0435\u043c \u0430\u0432\u0442\u043e\u043d\u043e\u043c\u043d\u043e\u0439 \u0440\u0430\u0431\u043e\u0442\u044b, \u043c\u043e\u0434\u0443\u043b\u0435\u043c 4G, \u0432\u0438\u0434\u0435\u043e 2,7K. \u041f\u0440\u043e\u0441\u0442\u0430\u044f \u0432 \u0438\u0441\u043f\u043e\u043b\u044c\u0437\u043e\u0432\u0430\u043d\u0438\u0438, \u0448\u0438\u0440\u043e\u043a\u0438\u0439 \u0430\u0441\u0441\u043e\u0440\u0442\u0438\u043c\u0435\u043d\u0442 \u043e\u0445\u043e\u0442\u043d\u0438\u0447\u044c\u0438\u0445 \u043a\u0430\u043c\u0435\u0440. \u041d\u0438\u0437\u043a\u0430\u044f \u0446\u0435\u043d\u0430 \u043e\u0442\u0441\u043b\u0435\u0436\u0438\u0432\u0430\u043d\u0438\u044f \u043e\u0431\u043e\u0440\u0443\u0434\u043e\u0432\u0430\u043d\u0438\u044f<\/p>","protected":false},"featured_media":2200,"template":"","meta":[],"product_brand":[],"product_cat":[322,348,323,321],"product_tag":[349,350,324,325,326,36,327,328,329,32],"class_list":{"0":"post-1379","1":"product","2":"type-product","3":"status-publish","4":"has-post-thumbnail","6":"product_cat-4g-kameras","7":"product_cat-4g-medibu-kameras","8":"product_cat-ara-kameras-4g-wifi","9":"product_cat-sleptas-kameras","10":"product_tag-intermediate-windows-skamera","11":"product_tag-interokulara-kamera","12":"product_tag-izlukosanas-kamera","13":"product_tag-izsekosanas-kamera","14":"product_tag-maskesanas-kamera","15":"product_tag-mini-kamera","16":"product_tag-noverosanas-kamera","17":"product_tag-slepena-kamera","18":"product_tag-slepta-noverosanas-kamera","19":"product_tag-wifi-kamera","21":"first","22":"instock","23":"taxable","24":"shipping-taxable","25":"purchasable","26":"product-type-simple"},"yoast_head":"<!-- This site is optimized with the Yoast SEO plugin v27.4 - https:\/\/yoast.com\/product\/yoast-seo-wordpress\/ -->\n<title>4G med\u012bbu kamera ar SIM 2,7K video 4 mp saules bateriju panelis<\/title>\n<meta name=\"description\" content=\"Med\u012bbu kamera ar \u012bpa\u0161i ilgu akumulatora darb\u012bbas laiku 4G moduli, 2,7 K video Viegli lietojama Pla\u0161s med\u012bbu kameru kl\u0101sts Izseko\u0161anas iek\u0101rtas par zemu cenu\" \/>\n<meta name=\"robots\" content=\"index, follow, max-snippet:-1, max-image-preview:large, max-video-preview:-1\" \/>\n<link rel=\"canonical\" href=\"https:\/\/izsekosanasierices.lv\/ru\/produkts\/okhotnichya-kamera-4g-s-sim-kartoy-27k-video-14-mp-foto-solnechnaya-panel\/\" \/>\n<meta property=\"og:locale\" content=\"ru_RU\" \/>\n<meta property=\"og:type\" content=\"article\" \/>\n<meta property=\"og:title\" content=\"4G med\u012bbu kamera ar PIR 0,5s. 14mp kamera video 2.7K 104000mah\" \/>\n<meta property=\"og:description\" content=\"Med\u012bbu kamera ar \u012bpa\u0161i ilgu akumulatora darb\u012bbas laiku, 4G moduli, 2,7K video. Viegli lietojams, pla\u0161s med\u012bbu kameru kl\u0101sts. Izseko\u0161anas iek\u0101rtas par zemu cenu\" \/>\n<meta property=\"og:url\" content=\"https:\/\/izsekosanasierices.lv\/ru\/produkts\/okhotnichya-kamera-4g-s-sim-kartoy-27k-video-14-mp-foto-solnechnaya-panel\/\" \/>\n<meta property=\"og:site_name\" content=\"Nr1 Izseko\u0161anas ier\u012bces gps izseko\u0161anas iek\u0101rtas, klaus\u012b\u0161an\u0101s iek\u0101rtas\" \/>\n<meta property=\"article:modified_time\" content=\"2026-01-27T06:17:16+00:00\" \/>\n<meta property=\"og:image\" content=\"https:\/\/rvnski.dev\/sekimoiranga\/wp-content\/uploads\/izsekosanasierices.webp\" \/>\n<meta name=\"twitter:card\" content=\"summary_large_image\" \/>\n<meta name=\"twitter:title\" content=\"4G med\u012bbu kamera ar PIR 0,5s. 14mp kamera video 2.7K 104000mah\" \/>\n<meta name=\"twitter:description\" content=\"Med\u012bbu kamera ar \u012bpa\u0161i ilgu akumulatora darb\u012bbas laiku, 4G moduli, 2,7K video. Viegli lietojams, pla\u0161s med\u012bbu kameru kl\u0101sts. Izseko\u0161anas iek\u0101rtas par zemu cenu\" \/>\n<meta name=\"twitter:label1\" content=\"\u041f\u0440\u0438\u043c\u0435\u0440\u043d\u043e\u0435 \u0432\u0440\u0435\u043c\u044f \u0434\u043b\u044f \u0447\u0442\u0435\u043d\u0438\u044f\" \/>\n\t<meta name=\"twitter:data1\" content=\"1 \u043c\u0438\u043d\u0443\u0442\u0430\" \/>\n<script type=\"application\/ld+json\" class=\"yoast-schema-graph\">{\"@context\":\"https:\\\/\\\/schema.org\",\"@graph\":[{\"@type\":\"WebPage\",\"@id\":\"https:\\\/\\\/izsekosanasierices.lv\\\/produkts\\\/medibu-kamera-4g-ar-sim-27k-video-14mp-fotoattelu-saules-panelis\\\/\",\"url\":\"https:\\\/\\\/izsekosanasierices.lv\\\/produkts\\\/medibu-kamera-4g-ar-sim-27k-video-14mp-fotoattelu-saules-panelis\\\/\",\"name\":\"4G med\u012bbu kamera ar SIM 2,7K video 4 mp saules bateriju panelis\",\"isPartOf\":{\"@id\":\"https:\\\/\\\/izsekosanasierices.lv\\\/#website\"},\"primaryImageOfPage\":{\"@id\":\"https:\\\/\\\/izsekosanasierices.lv\\\/produkts\\\/medibu-kamera-4g-ar-sim-27k-video-14mp-fotoattelu-saules-panelis\\\/#primaryimage\"},\"image\":{\"@id\":\"https:\\\/\\\/izsekosanasierices.lv\\\/produkts\\\/medibu-kamera-4g-ar-sim-27k-video-14mp-fotoattelu-saules-panelis\\\/#primaryimage\"},\"thumbnailUrl\":\"https:\\\/\\\/izsekosanasierices.lv\\\/wp-content\\\/uploads\\\/izsekosanasierices-medziokles-kamera-4g-su-sim-27k-video-14mpx-nuotraukos-saules-panele.jpg\",\"datePublished\":\"2023-10-05T15:37:57+00:00\",\"dateModified\":\"2026-01-27T06:17:16+00:00\",\"description\":\"Med\u012bbu kamera ar \u012bpa\u0161i ilgu akumulatora darb\u012bbas laiku 4G moduli, 2,7 K video Viegli lietojama Pla\u0161s med\u012bbu kameru kl\u0101sts Izseko\u0161anas iek\u0101rtas par zemu cenu\",\"breadcrumb\":{\"@id\":\"https:\\\/\\\/izsekosanasierices.lv\\\/produkts\\\/medibu-kamera-4g-ar-sim-27k-video-14mp-fotoattelu-saules-panelis\\\/#breadcrumb\"},\"inLanguage\":\"ru-RU\",\"potentialAction\":[{\"@type\":\"ReadAction\",\"target\":[\"https:\\\/\\\/izsekosanasierices.lv\\\/produkts\\\/medibu-kamera-4g-ar-sim-27k-video-14mp-fotoattelu-saules-panelis\\\/\"]}]},{\"@type\":\"ImageObject\",\"inLanguage\":\"ru-RU\",\"@id\":\"https:\\\/\\\/izsekosanasierices.lv\\\/produkts\\\/medibu-kamera-4g-ar-sim-27k-video-14mp-fotoattelu-saules-panelis\\\/#primaryimage\",\"url\":\"https:\\\/\\\/izsekosanasierices.lv\\\/wp-content\\\/uploads\\\/izsekosanasierices-medziokles-kamera-4g-su-sim-27k-video-14mpx-nuotraukos-saules-panele.jpg\",\"contentUrl\":\"https:\\\/\\\/izsekosanasierices.lv\\\/wp-content\\\/uploads\\\/izsekosanasierices-medziokles-kamera-4g-su-sim-27k-video-14mpx-nuotraukos-saules-panele.jpg\",\"width\":1000,\"height\":1000,\"caption\":\"Med\u017eiokl\u0117s kamera 4G su sim 2\"},{\"@type\":\"BreadcrumbList\",\"@id\":\"https:\\\/\\\/izsekosanasierices.lv\\\/produkts\\\/medibu-kamera-4g-ar-sim-27k-video-14mp-fotoattelu-saules-panelis\\\/#breadcrumb\",\"itemListElement\":[{\"@type\":\"ListItem\",\"position\":1,\"name\":\"S\u0101kums\",\"item\":\"https:\\\/\\\/izsekosanasierices.lv\\\/\"},{\"@type\":\"ListItem\",\"position\":2,\"name\":\"Veikals\",\"item\":\"https:\\\/\\\/izsekosanasierices.lv\\\/veikals\\\/\"},{\"@type\":\"ListItem\",\"position\":3,\"name\":\"4G med\u012bbu kamera ar SIM | 2,7K video | 14 mp fotoatt\u0113li | saules bateriju panelis\"}]},{\"@type\":\"WebSite\",\"@id\":\"https:\\\/\\\/izsekosanasierices.lv\\\/#website\",\"url\":\"https:\\\/\\\/izsekosanasierices.lv\\\/\",\"name\":\"Nr1 Izseko\u0161anas ier\u012bces gps izseko\u0161anas iek\u0101rtas, klaus\u012b\u0161an\u0101s iek\u0101rtas\",\"description\":\"\",\"potentialAction\":[{\"@type\":\"SearchAction\",\"target\":{\"@type\":\"EntryPoint\",\"urlTemplate\":\"https:\\\/\\\/izsekosanasierices.lv\\\/?s={search_term_string}\"},\"query-input\":{\"@type\":\"PropertyValueSpecification\",\"valueRequired\":true,\"valueName\":\"search_term_string\"}}],\"inLanguage\":\"ru-RU\"}]}<\/script>\n<!-- \/ Yoast SEO plugin. -->","yoast_head_json":{"title":"4G med\u012bbu kamera ar SIM 2,7K video 4 mp saules bateriju panelis","description":"Med\u012bbu kamera ar \u012bpa\u0161i ilgu akumulatora darb\u012bbas laiku 4G moduli, 2,7 K video Viegli lietojama Pla\u0161s med\u012bbu kameru kl\u0101sts Izseko\u0161anas iek\u0101rtas par zemu cenu","robots":{"index":"index","follow":"follow","max-snippet":"max-snippet:-1","max-image-preview":"max-image-preview:large","max-video-preview":"max-video-preview:-1"},"canonical":"https:\/\/izsekosanasierices.lv\/ru\/produkts\/okhotnichya-kamera-4g-s-sim-kartoy-27k-video-14-mp-foto-solnechnaya-panel\/","og_locale":"ru_RU","og_type":"article","og_title":"4G med\u012bbu kamera ar PIR 0,5s. 14mp kamera video 2.7K 104000mah","og_description":"Med\u012bbu kamera ar \u012bpa\u0161i ilgu akumulatora darb\u012bbas laiku, 4G moduli, 2,7K video. Viegli lietojams, pla\u0161s med\u012bbu kameru kl\u0101sts. Izseko\u0161anas iek\u0101rtas par zemu cenu","og_url":"https:\/\/izsekosanasierices.lv\/ru\/produkts\/okhotnichya-kamera-4g-s-sim-kartoy-27k-video-14-mp-foto-solnechnaya-panel\/","og_site_name":"Nr1 Izseko\u0161anas ier\u012bces gps izseko\u0161anas iek\u0101rtas, klaus\u012b\u0161an\u0101s iek\u0101rtas","article_modified_time":"2026-01-27T06:17:16+00:00","og_image":[{"url":"https:\/\/rvnski.dev\/sekimoiranga\/wp-content\/uploads\/izsekosanasierices.webp","type":"","width":"","height":""}],"twitter_card":"summary_large_image","twitter_title":"4G med\u012bbu kamera ar PIR 0,5s. 14mp kamera video 2.7K 104000mah","twitter_description":"Med\u012bbu kamera ar \u012bpa\u0161i ilgu akumulatora darb\u012bbas laiku, 4G moduli, 2,7K video. Viegli lietojams, pla\u0161s med\u012bbu kameru kl\u0101sts. Izseko\u0161anas iek\u0101rtas par zemu cenu","twitter_misc":{"\u041f\u0440\u0438\u043c\u0435\u0440\u043d\u043e\u0435 \u0432\u0440\u0435\u043c\u044f \u0434\u043b\u044f \u0447\u0442\u0435\u043d\u0438\u044f":"1 \u043c\u0438\u043d\u0443\u0442\u0430"},"schema":{"@context":"https:\/\/schema.org","@graph":[{"@type":"WebPage","@id":"https:\/\/izsekosanasierices.lv\/produkts\/medibu-kamera-4g-ar-sim-27k-video-14mp-fotoattelu-saules-panelis\/","url":"https:\/\/izsekosanasierices.lv\/produkts\/medibu-kamera-4g-ar-sim-27k-video-14mp-fotoattelu-saules-panelis\/","name":"4G med\u012bbu kamera ar SIM 2,7K video 4 mp saules bateriju panelis","isPartOf":{"@id":"https:\/\/izsekosanasierices.lv\/#website"},"primaryImageOfPage":{"@id":"https:\/\/izsekosanasierices.lv\/produkts\/medibu-kamera-4g-ar-sim-27k-video-14mp-fotoattelu-saules-panelis\/#primaryimage"},"image":{"@id":"https:\/\/izsekosanasierices.lv\/produkts\/medibu-kamera-4g-ar-sim-27k-video-14mp-fotoattelu-saules-panelis\/#primaryimage"},"thumbnailUrl":"https:\/\/izsekosanasierices.lv\/wp-content\/uploads\/izsekosanasierices-medziokles-kamera-4g-su-sim-27k-video-14mpx-nuotraukos-saules-panele.jpg","datePublished":"2023-10-05T15:37:57+00:00","dateModified":"2026-01-27T06:17:16+00:00","description":"Med\u012bbu kamera ar \u012bpa\u0161i ilgu akumulatora darb\u012bbas laiku 4G moduli, 2,7 K video Viegli lietojama Pla\u0161s med\u012bbu kameru kl\u0101sts Izseko\u0161anas iek\u0101rtas par zemu cenu","breadcrumb":{"@id":"https:\/\/izsekosanasierices.lv\/produkts\/medibu-kamera-4g-ar-sim-27k-video-14mp-fotoattelu-saules-panelis\/#breadcrumb"},"inLanguage":"ru-RU","potentialAction":[{"@type":"ReadAction","target":["https:\/\/izsekosanasierices.lv\/produkts\/medibu-kamera-4g-ar-sim-27k-video-14mp-fotoattelu-saules-panelis\/"]}]},{"@type":"ImageObject","inLanguage":"ru-RU","@id":"https:\/\/izsekosanasierices.lv\/produkts\/medibu-kamera-4g-ar-sim-27k-video-14mp-fotoattelu-saules-panelis\/#primaryimage","url":"https:\/\/izsekosanasierices.lv\/wp-content\/uploads\/izsekosanasierices-medziokles-kamera-4g-su-sim-27k-video-14mpx-nuotraukos-saules-panele.jpg","contentUrl":"https:\/\/izsekosanasierices.lv\/wp-content\/uploads\/izsekosanasierices-medziokles-kamera-4g-su-sim-27k-video-14mpx-nuotraukos-saules-panele.jpg","width":1000,"height":1000,"caption":"Med\u017eiokl\u0117s kamera 4G su sim 2"},{"@type":"BreadcrumbList","@id":"https:\/\/izsekosanasierices.lv\/produkts\/medibu-kamera-4g-ar-sim-27k-video-14mp-fotoattelu-saules-panelis\/#breadcrumb","itemListElement":[{"@type":"ListItem","position":1,"name":"S\u0101kums","item":"https:\/\/izsekosanasierices.lv\/"},{"@type":"ListItem","position":2,"name":"Veikals","item":"https:\/\/izsekosanasierices.lv\/veikals\/"},{"@type":"ListItem","position":3,"name":"4G med\u012bbu kamera ar SIM | 2,7K video | 14 mp fotoatt\u0113li | saules bateriju panelis"}]},{"@type":"WebSite","@id":"https:\/\/izsekosanasierices.lv\/#website","url":"https:\/\/izsekosanasierices.lv\/","name":"Nr1 Izseko\u0161anas ier\u012bces gps izseko\u0161anas iek\u0101rtas, klaus\u012b\u0161an\u0101s iek\u0101rtas","description":"","potentialAction":[{"@type":"SearchAction","target":{"@type":"EntryPoint","urlTemplate":"https:\/\/izsekosanasierices.lv\/?s={search_term_string}"},"query-input":{"@type":"PropertyValueSpecification","valueRequired":true,"valueName":"search_term_string"}}],"inLanguage":"ru-RU"}]}},"_links":{"self":[{"href":"https:\/\/izsekosanasierices.lv\/ru\/wp-json\/wp\/v2\/product\/1379","targetHints":{"allow":["GET"]}}],"collection":[{"href":"https:\/\/izsekosanasierices.lv\/ru\/wp-json\/wp\/v2\/product"}],"about":[{"href":"https:\/\/izsekosanasierices.lv\/ru\/wp-json\/wp\/v2\/types\/product"}],"wp:featuredmedia":[{"embeddable":true,"href":"https:\/\/izsekosanasierices.lv\/ru\/wp-json\/wp\/v2\/media\/2200"}],"wp:attachment":[{"href":"https:\/\/izsekosanasierices.lv\/ru\/wp-json\/wp\/v2\/media?parent=1379"}],"wp:term":[{"taxonomy":"product_brand","embeddable":true,"href":"https:\/\/izsekosanasierices.lv\/ru\/wp-json\/wp\/v2\/product_brand?post=1379"},{"taxonomy":"product_cat","embeddable":true,"href":"https:\/\/izsekosanasierices.lv\/ru\/wp-json\/wp\/v2\/product_cat?post=1379"},{"taxonomy":"product_tag","embeddable":true,"href":"https:\/\/izsekosanasierices.lv\/ru\/wp-json\/wp\/v2\/product_tag?post=1379"}],"curies":[{"name":"wp","href":"https:\/\/api.w.org\/{rel}","templated":true}]}}