{"id":3435,"date":"2024-12-02T14:29:00","date_gmt":"2024-12-02T12:29:00","guid":{"rendered":"https:\/\/izsekosanasierices.lv\/?post_type=product&#038;p=3435"},"modified":"2026-02-15T19:20:02","modified_gmt":"2026-02-15T17:20:02","slug":"slepena-mini-4g-kamera-mazaka-tirgu-fullhd","status":"publish","type":"product","link":"https:\/\/izsekosanasierices.lv\/ru\/produkts\/secret-mini-4g-camera-samaya-malenkaya-fullhd-kamera-na-rynke\/","title":{"rendered":"Secret mini 4G camera - \u0441\u0430\u043c\u0430\u044f \u043c\u0430\u043b\u0435\u043d\u044c\u043a\u0430\u044f FullHD \u043a\u0430\u043c\u0435\u0440\u0430 \u043d\u0430 \u0440\u044b\u043d\u043a\u0435"},"content":{"rendered":"<h3><strong>\u0422\u0435\u0445\u043d\u0438\u0447\u0435\u0441\u043a\u0438\u0435 \u043f\u0430\u0440\u0430\u043c\u0435\u0442\u0440\u044b:<\/strong><\/h3>\n<ul>\n<li>\u0423\u0434\u0430\u043b\u0435\u043d\u043d\u044b\u0439 \u043f\u0440\u043e\u0441\u043c\u043e\u0442\u0440: \u0434\u0430<\/li>\n<li>\u0414\u043b\u0438\u043d\u0430 \u043a\u0430\u0431\u0435\u043b\u044f \u043a\u0430\u043c\u0435\u0440\u044b: 1 \u043c\u0435\u0442\u0440<\/li>\n<li>\u0417\u0430\u043f\u0438\u0441\u044c \u0432\u0438\u0434\u0435\u043e \u0441\u043e \u0437\u0432\u0443\u043a\u043e\u043c<\/li>\n<li>\u0421\u0440\u043e\u043a \u0441\u043b\u0443\u0436\u0431\u044b \u0431\u0430\u0442\u0430\u0440\u0435\u0438: +\/- 3 \u0447\u0430\u0441\u0430<\/li>\n<li>\u041f\u043e\u0434\u0434\u0435\u0440\u0436\u0438\u0432\u0430\u0435\u0442 \u043a\u0430\u0440\u0442\u044b \u043f\u0430\u043c\u044f\u0442\u0438 \u0434\u043e 128 \u0413\u0411 (\u043a\u0430\u0440\u0442\u0430 \u043d\u0435 \u0432\u0445\u043e\u0434\u0438\u0442 \u0432 \u043a\u043e\u043c\u043f\u043b\u0435\u043a\u0442)<\/li>\n<li>\u041c\u043e\u0436\u043d\u043e \u043f\u043e\u0434\u043a\u043b\u044e\u0447\u0438\u0442\u044c \u043a \u043f\u043e\u0441\u0442\u043e\u044f\u043d\u043d\u043e\u043c\u0443 \u0438\u0441\u0442\u043e\u0447\u043d\u0438\u043a\u0443 \u043f\u0438\u0442\u0430\u043d\u0438\u044f (\u043d\u0430\u043f\u0440\u0438\u043c\u0435\u0440, \u043a \u0437\u0430\u0440\u044f\u0434\u043d\u043e\u043c\u0443 \u0443\u0441\u0442\u0440\u043e\u0439\u0441\u0442\u0432\u0443 \u0434\u043b\u044f \u0442\u0435\u043b\u0435\u0444\u043e\u043d\u0430)<\/li>\n<li>\u0421\u0435\u0442\u044c: GSM 4G<\/li>\n<li>\u041d\u043e\u0447\u043d\u0430\u044f \u0432\u0438\u0434\u0438\u043c\u043e\u0441\u0442\u044c: \u043d\u0435\u0442<\/li>\n<li>\u041a\u0430\u0447\u0435\u0441\u0442\u0432\u043e \u0438\u0437\u043e\u0431\u0440\u0430\u0436\u0435\u043d\u0438\u044f: \u043f\u0440\u0435\u0434\u0432\u0430\u0440\u0438\u0442\u0435\u043b\u044c\u043d\u044b\u0439 \u043f\u0440\u043e\u0441\u043c\u043e\u0442\u0440 - FULL HD 1080P,<\/li>\n<li>\u0414\u043b\u044f \u043f\u043e\u0432\u0442\u043e\u0440\u043d\u043e\u0439 \u0441\u044a\u0435\u043c\u043a\u0438 \u0444\u043e\u0442\u043e\u0433\u0440\u0430\u0444\u0438\u0439 \u0438 \u0432\u0438\u0434\u0435\u043e: \u043d\u0430 \u0442\u0435\u043b\u0435\u0444\u043e\u043d\u0435<\/li>\n<li>\u0423\u0432\u0435\u0434\u043e\u043c\u043b\u0435\u043d\u0438\u044f \u043f\u043e \u0442\u0435\u043b\u0435\u0444\u043e\u043d\u0443: \u0434\u0430<\/li>\n<li>\u0421\u043b\u043e\u0442 \u0434\u043b\u044f SIM-\u043a\u0430\u0440\u0442\u044b: \u0434\u0430<\/li>\n<li>\u0420\u0435\u0436\u0438\u043c \u043e\u0431\u043d\u0430\u0440\u0443\u0436\u0435\u043d\u0438\u044f \u0434\u0432\u0438\u0436\u0435\u043d\u0438\u044f: \u0434\u0430 (\u0446\u0438\u0444\u0440\u043e\u0432\u043e\u0439)<\/li>\n<li>\u0423\u0433\u043e\u043b \u043e\u0431\u0437\u043e\u0440\u0430: 110\u00b0<\/li>\n<li>\u0424\u043e\u0440\u043c\u0430\u0442 \u0441\u0436\u0430\u0442\u0438\u044f: avi H.264<\/li>\n<li>\u041f\u043e\u0434\u0434\u0435\u0440\u0436\u0438\u0432\u0430\u0435\u043c\u044b\u0435 \u0441\u0438\u0441\u0442\u0435\u043c\u044b: iOS, Android<\/li>\n<li>\u041c\u043e\u0431\u0438\u043b\u044c\u043d\u043e\u0435 \u043f\u0440\u0438\u043b\u043e\u0436\u0435\u043d\u0438\u0435\u0418\u0441\u0442\u043e\u0447\u043d\u0438\u043a \u043f\u0438\u0442\u0430\u043d\u0438\u044f: \u0432\u0441\u0442\u0440\u043e\u0435\u043d\u043d\u044b\u0439 \u0430\u043a\u043a\u0443\u043c\u0443\u043b\u044f\u0442\u043e\u0440 \u0438 \u0441\u0435\u0442\u044c<\/li>\n<li>\u0420\u0430\u0437\u043c\u0435\u0440\u044b 5 \u0441\u043c x 1,9 \u0441\u043c x 4,5 \u0441\u043c<\/li>\n<li>\u0423\u043f\u0440\u0430\u0432\u043b\u0435\u043d\u0438\u0435 \u0437\u0430\u043f\u0438\u0441\u044c\u044e: \u0441 \u043b\u044e\u0431\u043e\u0433\u043e \u0441\u043c\u0430\u0440\u0442-\u0443\u0441\u0442\u0440\u043e\u0439\u0441\u0442\u0432\u0430 (\u0442\u0435\u043b\u0435\u0444\u043e\u043d\u0430, \u043a\u043e\u043c\u043f\u044c\u044e\u0442\u0435\u0440\u0430 \u0438\u043b\u0438 \u043f\u043b\u0430\u043d\u0448\u0435\u0442\u0430)<\/li>\n<li>\u0413\u0430\u0440\u0430\u043d\u0442\u0438\u044f 12 \u043c\u0435\u0441\u044f\u0446\u0435\u0432<\/li>\n<\/ul>\n<p><strong>\u00a0<\/strong><\/p>\n<p><span style=\"color: #ff0000;\"><strong>\u041d\u0443\u0436\u043d\u0430 \u0431\u044b\u0441\u0442\u0440\u0430\u044f \u0434\u043e\u0441\u0442\u0430\u0432\u043a\u0430 \u0432 \u0442\u043e\u0442 \u0436\u0435 \u0434\u0435\u043d\u044c (\u0438 \u0432 \u0432\u044b\u0445\u043e\u0434\u043d\u044b\u0435)?  \u0417\u0432\u043e\u043d\u0438\u0442\u0435 +37120484176<\/strong><\/span><\/p>\n<p><strong>\u041c\u0438\u043d\u0438-\u043a\u0430\u043c\u0435\u0440\u0430 4G \u0441 <\/strong><strong>SIM-\u041a\u0410\u0420\u0422\u0410<\/strong><strong> \u043a\u0430\u0440\u0442\u0430<\/strong><\/p>\n<p>\u0412\u044b\u0441\u043e\u043a\u043e\u0435 \u043a\u0430\u0447\u0435\u0441\u0442\u0432\u043e \u0438\u0437\u043e\u0431\u0440\u0430\u0436\u0435\u043d\u0438\u044f. \u042d\u0442\u0430 \u043a\u0430\u043c\u0435\u0440\u0430 \u043e\u0447\u0435\u043d\u044c \u043f\u0440\u043e\u0441\u0442\u0430 \u0432 \u0438\u0441\u043f\u043e\u043b\u044c\u0437\u043e\u0432\u0430\u043d\u0438\u0438.<\/p>\n<p>\u041f\u0440\u0435\u043c\u0438\u0430\u043b\u044c\u043d\u0430\u044f \u043c\u0438\u043d\u0438 \u043a\u0430\u043c\u0435\u0440\u0430 4G. \u0427\u0442\u043e\u0431\u044b \u0432\u043e\u0441\u043f\u043e\u043b\u044c\u0437\u043e\u0432\u0430\u0442\u044c\u0441\u044f \u043a\u0430\u043c\u0435\u0440\u043e\u0439, \u043d\u0443\u0436\u043d\u043e \u0432\u0441\u0442\u0430\u0432\u0438\u0442\u044c SIM-\u043a\u0430\u0440\u0442\u0443 \u0441 \u043f\u043e\u0434\u043a\u043b\u044e\u0447\u0435\u043d\u0438\u0435\u043c \u043a \u0438\u043d\u0442\u0435\u0440\u043d\u0435\u0442\u0443, \u0438 \u043a\u0430\u043c\u0435\u0440\u0430 \u0441\u0440\u0430\u0437\u0443 \u0436\u0435 \u043d\u0430\u0447\u043d\u0435\u0442 \u0440\u0430\u0431\u043e\u0442\u0430\u0442\u044c. \u0422\u0430\u043a\u043e\u0439 \u043c\u0430\u043b\u0435\u043d\u044c\u043a\u043e\u0439 \u0441\u0435\u043a\u0440\u0435\u0442\u043d\u043e\u0439 4G-\u043a\u0430\u043c\u0435\u0440\u044b \u0432\u044b \u0431\u043e\u043b\u044c\u0448\u0435 \u043d\u0438\u0433\u0434\u0435 \u043d\u0435 \u043d\u0430\u0439\u0434\u0435\u0442\u0435. \u0422\u043e\u043b\u0449\u0438\u043d\u0430 4G-\u043c\u043e\u0434\u0443\u043b\u044f \u044d\u0442\u043e\u0439 \u043a\u0430\u043c\u0435\u0440\u044b \u0441\u043e\u0441\u0442\u0430\u0432\u043b\u044f\u0435\u0442 \u0432\u0441\u0435\u0433\u043e 1,9 \u0441\u043c, \u0432\u044b\u0441\u043e\u0442\u0430 - 5 \u0441\u043c, \u0430 \u0448\u0438\u0440\u0438\u043d\u0430 - 4,5 \u0441\u043c. \u0410\u043a\u043a\u0443\u043c\u0443\u043b\u044f\u0442\u043e\u0440 \u0432\u043d\u0443\u0442\u0440\u0438 \u043e\u0431\u0435\u0441\u043f\u0435\u0447\u0438\u0442 \u0434\u043e 3 \u0447\u0430\u0441\u043e\u0432 \u043d\u0435\u043f\u0440\u0435\u0440\u044b\u0432\u043d\u043e\u0433\u043e \u0432\u0438\u0434\u0435\u043e\u043d\u0430\u0431\u043b\u044e\u0434\u0435\u043d\u0438\u044f.<\/p>\n<p>\u042d\u0442\u0443 \u043a\u0430\u043c\u0435\u0440\u0443 \u043c\u043e\u0436\u043d\u043e \u0438\u0441\u043f\u043e\u043b\u044c\u0437\u043e\u0432\u0430\u0442\u044c \u0434\u043e\u043c\u0430, \u043d\u0430 \u0440\u0430\u0431\u043e\u0442\u0435 \u0438\u043b\u0438 \u0434\u0430\u0436\u0435 \u0432 \u0441\u0443\u043c\u043a\u0435.<\/p>\n<p>\u0412\u044b \u0442\u0430\u043a\u0436\u0435 \u043c\u043e\u0436\u0435\u0442\u0435 \u0441\u043f\u0440\u044f\u0442\u0430\u0442\u044c \u0442\u0430\u043a\u0443\u044e \u043c\u0430\u043b\u0435\u043d\u044c\u043a\u0443\u044e \u043a\u0430\u043c\u0435\u0440\u0443 \u0432 \u043c\u0430\u0448\u0438\u043d\u0435.<\/p>","protected":false},"excerpt":{"rendered":"<p>\u0421\u0435\u043a\u0440\u0435\u0442\u043d\u0430\u044f \u043c\u0438\u043d\u0438-\u043a\u0430\u043c\u0435\u0440\u0430 \u043f\u0440\u0435\u043c\u0438\u0443\u043c-\u043a\u0430\u0447\u0435\u0441\u0442\u0432\u0430 \u0441 \u043c\u043e\u0434\u0443\u043b\u0435\u043c 4g. \u041f\u0440\u043e\u0441\u0442\u0430\u044f \u0432 \u0438\u0441\u043f\u043e\u043b\u044c\u0437\u043e\u0432\u0430\u043d\u0438\u0438, \u0432\u044b\u0441\u043e\u043a\u043e\u0435 \u043a\u0430\u0447\u0435\u0441\u0442\u0432\u043e \u0438\u0437\u043e\u0431\u0440\u0430\u0436\u0435\u043d\u0438\u044f. \u041a\u0430\u0431\u0435\u043b\u044c \u043a\u0430\u043c\u0435\u0440\u044b \u0434\u043b\u0438\u043d\u043e\u0439 \u0434\u043e 1 \u043c. \u0411\u0435\u0441\u043f\u043b\u0430\u0442\u043d\u0430\u044f \u0434\u043e\u0441\u0442\u0430\u0432\u043a\u0430 + \u0441\u043a\u0438\u0434\u043a\u0438<\/p>","protected":false},"featured_media":3439,"template":"","meta":[],"product_brand":[],"product_cat":[322,321],"product_tag":[324,325,326,36,327,328,329,32],"class_list":{"0":"post-3435","1":"product","2":"type-product","3":"status-publish","4":"has-post-thumbnail","6":"product_cat-4g-kameras","7":"product_cat-sleptas-kameras","8":"product_tag-izlukosanas-kamera","9":"product_tag-izsekosanas-kamera","10":"product_tag-maskesanas-kamera","11":"product_tag-mini-kamera","12":"product_tag-noverosanas-kamera","13":"product_tag-slepena-kamera","14":"product_tag-slepta-noverosanas-kamera","15":"product_tag-wifi-kamera","17":"first","18":"instock","19":"taxable","20":"shipping-taxable","21":"purchasable","22":"product-type-simple"},"yoast_head":"<!-- This site is optimized with the Yoast SEO plugin v27.4 - https:\/\/yoast.com\/product\/yoast-seo-wordpress\/ -->\n<title>Slepena mini 4G kamera \u2013 maz\u0101k\u0101 tirg\u016b<\/title>\n<meta name=\"description\" content=\"Premium kvalit\u0101tes slepena mini kamera ar 4G moduli. Viegli lietojama. Augstas kvalit\u0101tes att\u0113ls. Kameras kabe\u013ca garums 1 m . Bezmaksas pieg\u0101de + atlaides.\" \/>\n<meta name=\"robots\" content=\"index, follow, max-snippet:-1, max-image-preview:large, max-video-preview:-1\" \/>\n<link rel=\"canonical\" href=\"https:\/\/izsekosanasierices.lv\/ru\/produkts\/secret-mini-4g-camera-samaya-malenkaya-fullhd-kamera-na-rynke\/\" \/>\n<meta property=\"og:locale\" content=\"ru_RU\" \/>\n<meta property=\"og:type\" content=\"article\" \/>\n<meta property=\"og:title\" content=\"Slepen\u0101 mini kamera 4g maz\u0101k\u0101 tirg\u016b FULL HD att\u0113ls\" \/>\n<meta property=\"og:description\" content=\"Premium kvalit\u0101tes slepena mini kamera ar 4g moduli. Viegli lietojams, augstas kvalit\u0101tes att\u0113ls. Kameras kabelis l\u012bdz 1 m gar\u0161. Bezmaksas pieg\u0101de + atlaides\" \/>\n<meta property=\"og:url\" content=\"https:\/\/izsekosanasierices.lv\/ru\/produkts\/secret-mini-4g-camera-samaya-malenkaya-fullhd-kamera-na-rynke\/\" \/>\n<meta property=\"og:site_name\" content=\"Nr1 Izseko\u0161anas ier\u012bces gps izseko\u0161anas iek\u0101rtas, klaus\u012b\u0161an\u0101s iek\u0101rtas\" \/>\n<meta property=\"article:modified_time\" content=\"2026-02-15T17:20:02+00:00\" \/>\n<meta property=\"og:image\" content=\"https:\/\/rvnski.dev\/sekimoiranga\/wp-content\/uploads\/izsekosanasierices.webp\" \/>\n<meta name=\"twitter:card\" content=\"summary_large_image\" \/>\n<meta name=\"twitter:title\" content=\"Slepen\u0101 mini kamera 4g maz\u0101k\u0101 tirg\u016b FULL HD att\u0113ls\" \/>\n<meta name=\"twitter:description\" content=\"Premium kvalit\u0101tes slepena mini kamera ar 4g moduli. Viegli lietojams, augstas kvalit\u0101tes att\u0113ls. Kameras kabelis l\u012bdz 1 m gar\u0161. Bezmaksas pieg\u0101de + atlaides\" \/>\n<meta name=\"twitter:label1\" content=\"\u041f\u0440\u0438\u043c\u0435\u0440\u043d\u043e\u0435 \u0432\u0440\u0435\u043c\u044f \u0434\u043b\u044f \u0447\u0442\u0435\u043d\u0438\u044f\" \/>\n\t<meta name=\"twitter:data1\" content=\"2 \u043c\u0438\u043d\u0443\u0442\u044b\" \/>\n<script type=\"application\/ld+json\" class=\"yoast-schema-graph\">{\"@context\":\"https:\\\/\\\/schema.org\",\"@graph\":[{\"@type\":\"WebPage\",\"@id\":\"https:\\\/\\\/izsekosanasierices.lv\\\/produkts\\\/slepena-mini-4g-kamera-mazaka-tirgu-fullhd\\\/\",\"url\":\"https:\\\/\\\/izsekosanasierices.lv\\\/produkts\\\/slepena-mini-4g-kamera-mazaka-tirgu-fullhd\\\/\",\"name\":\"Slepena mini 4G kamera \u2013 maz\u0101k\u0101 tirg\u016b\",\"isPartOf\":{\"@id\":\"https:\\\/\\\/izsekosanasierices.lv\\\/#website\"},\"primaryImageOfPage\":{\"@id\":\"https:\\\/\\\/izsekosanasierices.lv\\\/produkts\\\/slepena-mini-4g-kamera-mazaka-tirgu-fullhd\\\/#primaryimage\"},\"image\":{\"@id\":\"https:\\\/\\\/izsekosanasierices.lv\\\/produkts\\\/slepena-mini-4g-kamera-mazaka-tirgu-fullhd\\\/#primaryimage\"},\"thumbnailUrl\":\"https:\\\/\\\/izsekosanasierices.lv\\\/wp-content\\\/uploads\\\/Mini-4G-kamera-ar-SIM-karti.png\",\"datePublished\":\"2024-12-02T12:29:00+00:00\",\"dateModified\":\"2026-02-15T17:20:02+00:00\",\"description\":\"Premium kvalit\u0101tes slepena mini kamera ar 4G moduli. Viegli lietojama. Augstas kvalit\u0101tes att\u0113ls. Kameras kabe\u013ca garums 1 m . Bezmaksas pieg\u0101de + atlaides.\",\"breadcrumb\":{\"@id\":\"https:\\\/\\\/izsekosanasierices.lv\\\/produkts\\\/slepena-mini-4g-kamera-mazaka-tirgu-fullhd\\\/#breadcrumb\"},\"inLanguage\":\"ru-RU\",\"potentialAction\":[{\"@type\":\"ReadAction\",\"target\":[\"https:\\\/\\\/izsekosanasierices.lv\\\/produkts\\\/slepena-mini-4g-kamera-mazaka-tirgu-fullhd\\\/\"]}]},{\"@type\":\"ImageObject\",\"inLanguage\":\"ru-RU\",\"@id\":\"https:\\\/\\\/izsekosanasierices.lv\\\/produkts\\\/slepena-mini-4g-kamera-mazaka-tirgu-fullhd\\\/#primaryimage\",\"url\":\"https:\\\/\\\/izsekosanasierices.lv\\\/wp-content\\\/uploads\\\/Mini-4G-kamera-ar-SIM-karti.png\",\"contentUrl\":\"https:\\\/\\\/izsekosanasierices.lv\\\/wp-content\\\/uploads\\\/Mini-4G-kamera-ar-SIM-karti.png\",\"width\":1280,\"height\":1280},{\"@type\":\"BreadcrumbList\",\"@id\":\"https:\\\/\\\/izsekosanasierices.lv\\\/produkts\\\/slepena-mini-4g-kamera-mazaka-tirgu-fullhd\\\/#breadcrumb\",\"itemListElement\":[{\"@type\":\"ListItem\",\"position\":1,\"name\":\"S\u0101kums\",\"item\":\"https:\\\/\\\/izsekosanasierices.lv\\\/\"},{\"@type\":\"ListItem\",\"position\":2,\"name\":\"Veikals\",\"item\":\"https:\\\/\\\/izsekosanasierices.lv\\\/veikals\\\/\"},{\"@type\":\"ListItem\",\"position\":3,\"name\":\"Slepena mini 4G kamera \u2013 maz\u0101k\u0101 tirg\u016b FullHD\"}]},{\"@type\":\"WebSite\",\"@id\":\"https:\\\/\\\/izsekosanasierices.lv\\\/#website\",\"url\":\"https:\\\/\\\/izsekosanasierices.lv\\\/\",\"name\":\"Nr1 Izseko\u0161anas ier\u012bces gps izseko\u0161anas iek\u0101rtas, klaus\u012b\u0161an\u0101s iek\u0101rtas\",\"description\":\"\",\"potentialAction\":[{\"@type\":\"SearchAction\",\"target\":{\"@type\":\"EntryPoint\",\"urlTemplate\":\"https:\\\/\\\/izsekosanasierices.lv\\\/?s={search_term_string}\"},\"query-input\":{\"@type\":\"PropertyValueSpecification\",\"valueRequired\":true,\"valueName\":\"search_term_string\"}}],\"inLanguage\":\"ru-RU\"}]}<\/script>\n<!-- \/ Yoast SEO plugin. -->","yoast_head_json":{"title":"Slepena mini 4G kamera \u2013 maz\u0101k\u0101 tirg\u016b","description":"Premium kvalit\u0101tes slepena mini kamera ar 4G moduli. Viegli lietojama. Augstas kvalit\u0101tes att\u0113ls. Kameras kabe\u013ca garums 1 m . Bezmaksas pieg\u0101de + atlaides.","robots":{"index":"index","follow":"follow","max-snippet":"max-snippet:-1","max-image-preview":"max-image-preview:large","max-video-preview":"max-video-preview:-1"},"canonical":"https:\/\/izsekosanasierices.lv\/ru\/produkts\/secret-mini-4g-camera-samaya-malenkaya-fullhd-kamera-na-rynke\/","og_locale":"ru_RU","og_type":"article","og_title":"Slepen\u0101 mini kamera 4g maz\u0101k\u0101 tirg\u016b FULL HD att\u0113ls","og_description":"Premium kvalit\u0101tes slepena mini kamera ar 4g moduli. Viegli lietojams, augstas kvalit\u0101tes att\u0113ls. Kameras kabelis l\u012bdz 1 m gar\u0161. Bezmaksas pieg\u0101de + atlaides","og_url":"https:\/\/izsekosanasierices.lv\/ru\/produkts\/secret-mini-4g-camera-samaya-malenkaya-fullhd-kamera-na-rynke\/","og_site_name":"Nr1 Izseko\u0161anas ier\u012bces gps izseko\u0161anas iek\u0101rtas, klaus\u012b\u0161an\u0101s iek\u0101rtas","article_modified_time":"2026-02-15T17:20:02+00:00","og_image":[{"url":"https:\/\/rvnski.dev\/sekimoiranga\/wp-content\/uploads\/izsekosanasierices.webp","type":"","width":"","height":""}],"twitter_card":"summary_large_image","twitter_title":"Slepen\u0101 mini kamera 4g maz\u0101k\u0101 tirg\u016b FULL HD att\u0113ls","twitter_description":"Premium kvalit\u0101tes slepena mini kamera ar 4g moduli. Viegli lietojams, augstas kvalit\u0101tes att\u0113ls. Kameras kabelis l\u012bdz 1 m gar\u0161. Bezmaksas pieg\u0101de + atlaides","twitter_misc":{"\u041f\u0440\u0438\u043c\u0435\u0440\u043d\u043e\u0435 \u0432\u0440\u0435\u043c\u044f \u0434\u043b\u044f \u0447\u0442\u0435\u043d\u0438\u044f":"2 \u043c\u0438\u043d\u0443\u0442\u044b"},"schema":{"@context":"https:\/\/schema.org","@graph":[{"@type":"WebPage","@id":"https:\/\/izsekosanasierices.lv\/produkts\/slepena-mini-4g-kamera-mazaka-tirgu-fullhd\/","url":"https:\/\/izsekosanasierices.lv\/produkts\/slepena-mini-4g-kamera-mazaka-tirgu-fullhd\/","name":"Slepena mini 4G kamera \u2013 maz\u0101k\u0101 tirg\u016b","isPartOf":{"@id":"https:\/\/izsekosanasierices.lv\/#website"},"primaryImageOfPage":{"@id":"https:\/\/izsekosanasierices.lv\/produkts\/slepena-mini-4g-kamera-mazaka-tirgu-fullhd\/#primaryimage"},"image":{"@id":"https:\/\/izsekosanasierices.lv\/produkts\/slepena-mini-4g-kamera-mazaka-tirgu-fullhd\/#primaryimage"},"thumbnailUrl":"https:\/\/izsekosanasierices.lv\/wp-content\/uploads\/Mini-4G-kamera-ar-SIM-karti.png","datePublished":"2024-12-02T12:29:00+00:00","dateModified":"2026-02-15T17:20:02+00:00","description":"Premium kvalit\u0101tes slepena mini kamera ar 4G moduli. Viegli lietojama. Augstas kvalit\u0101tes att\u0113ls. Kameras kabe\u013ca garums 1 m . Bezmaksas pieg\u0101de + atlaides.","breadcrumb":{"@id":"https:\/\/izsekosanasierices.lv\/produkts\/slepena-mini-4g-kamera-mazaka-tirgu-fullhd\/#breadcrumb"},"inLanguage":"ru-RU","potentialAction":[{"@type":"ReadAction","target":["https:\/\/izsekosanasierices.lv\/produkts\/slepena-mini-4g-kamera-mazaka-tirgu-fullhd\/"]}]},{"@type":"ImageObject","inLanguage":"ru-RU","@id":"https:\/\/izsekosanasierices.lv\/produkts\/slepena-mini-4g-kamera-mazaka-tirgu-fullhd\/#primaryimage","url":"https:\/\/izsekosanasierices.lv\/wp-content\/uploads\/Mini-4G-kamera-ar-SIM-karti.png","contentUrl":"https:\/\/izsekosanasierices.lv\/wp-content\/uploads\/Mini-4G-kamera-ar-SIM-karti.png","width":1280,"height":1280},{"@type":"BreadcrumbList","@id":"https:\/\/izsekosanasierices.lv\/produkts\/slepena-mini-4g-kamera-mazaka-tirgu-fullhd\/#breadcrumb","itemListElement":[{"@type":"ListItem","position":1,"name":"S\u0101kums","item":"https:\/\/izsekosanasierices.lv\/"},{"@type":"ListItem","position":2,"name":"Veikals","item":"https:\/\/izsekosanasierices.lv\/veikals\/"},{"@type":"ListItem","position":3,"name":"Slepena mini 4G kamera \u2013 maz\u0101k\u0101 tirg\u016b FullHD"}]},{"@type":"WebSite","@id":"https:\/\/izsekosanasierices.lv\/#website","url":"https:\/\/izsekosanasierices.lv\/","name":"Nr1 Izseko\u0161anas ier\u012bces gps izseko\u0161anas iek\u0101rtas, klaus\u012b\u0161an\u0101s iek\u0101rtas","description":"","potentialAction":[{"@type":"SearchAction","target":{"@type":"EntryPoint","urlTemplate":"https:\/\/izsekosanasierices.lv\/?s={search_term_string}"},"query-input":{"@type":"PropertyValueSpecification","valueRequired":true,"valueName":"search_term_string"}}],"inLanguage":"ru-RU"}]}},"_links":{"self":[{"href":"https:\/\/izsekosanasierices.lv\/ru\/wp-json\/wp\/v2\/product\/3435","targetHints":{"allow":["GET"]}}],"collection":[{"href":"https:\/\/izsekosanasierices.lv\/ru\/wp-json\/wp\/v2\/product"}],"about":[{"href":"https:\/\/izsekosanasierices.lv\/ru\/wp-json\/wp\/v2\/types\/product"}],"wp:featuredmedia":[{"embeddable":true,"href":"https:\/\/izsekosanasierices.lv\/ru\/wp-json\/wp\/v2\/media\/3439"}],"wp:attachment":[{"href":"https:\/\/izsekosanasierices.lv\/ru\/wp-json\/wp\/v2\/media?parent=3435"}],"wp:term":[{"taxonomy":"product_brand","embeddable":true,"href":"https:\/\/izsekosanasierices.lv\/ru\/wp-json\/wp\/v2\/product_brand?post=3435"},{"taxonomy":"product_cat","embeddable":true,"href":"https:\/\/izsekosanasierices.lv\/ru\/wp-json\/wp\/v2\/product_cat?post=3435"},{"taxonomy":"product_tag","embeddable":true,"href":"https:\/\/izsekosanasierices.lv\/ru\/wp-json\/wp\/v2\/product_tag?post=3435"}],"curies":[{"name":"wp","href":"https:\/\/api.w.org\/{rel}","templated":true}]}}