{"id":3551,"date":"2025-01-20T12:26:00","date_gmt":"2025-01-20T10:26:00","guid":{"rendered":"https:\/\/izsekosanasierices.lv\/?post_type=product&#038;p=3551"},"modified":"2026-03-30T22:16:47","modified_gmt":"2026-03-30T19:16:47","slug":"sleptas-kameras-galda-pulkstenis-ar-nakts-redzamibas-full-hd-kvalitati","status":"publish","type":"product","link":"https:\/\/izsekosanasierices.lv\/ru\/produkts\/skrytaya-kamera-nastolnyye-chasy-s-nochnym-videniyem-kachestvom-full-hd\/","title":{"rendered":"\u0421\u043a\u0440\u044b\u0442\u0430\u044f \u043a\u0430\u043c\u0435\u0440\u0430 - \u043d\u0430\u0441\u0442\u043e\u043b\u044c\u043d\u044b\u0435 \u0447\u0430\u0441\u044b \u0441 \u043d\u043e\u0447\u043d\u044b\u043c \u0432\u0438\u0434\u0435\u043d\u0438\u0435\u043c \u0438 \u043a\u0430\u0447\u0435\u0441\u0442\u0432\u043e\u043c FULL HD"},"content":{"rendered":"<p><strong><span style=\"color: #ff0000;\">\u0410\u041a\u0426\u0418\u042f: 32 \u0413\u0411 micro SD \u0432 \u043f\u043e\u0434\u0430\u0440\u043e\u043a<\/span> <\/strong><\/p>\n<h2><strong>\u0427\u0430\u0441\u044b \u0441 \u043a\u0430\u043c\u0435\u0440\u043e\u0439:<\/strong><\/h2>\n<ul>\n<li><strong>\u0423\u0434\u0430\u043b\u0435\u043d\u043d\u044b\u0439 \u043f\u0440\u043e\u0441\u043c\u043e\u0442\u0440 \u0432\u0438\u0434\u0435\u043e:<\/strong> \u0414\u0410<\/li>\n<li><strong>\u041f\u0440\u043e\u0441\u0442\u0430\u044f \u043d\u0430\u0441\u0442\u0440\u043e\u0439\u043a\u0430 \u043a\u0430\u043c\u0435\u0440\u044b \u0432\u0441\u0435\u0433\u043e \u0437\u0430 2 \u043c\u0438\u043d\u0443\u0442\u044b<\/strong><\/li>\n<li><strong>\u0417\u0430\u043f\u0438\u0441\u044c \u0432\u0438\u0434\u0435\u043e \u0441\u043e \u0437\u0432\u0443\u043a\u043e\u043c<\/strong><\/li>\n<li><strong>\u041d\u043e\u0447\u043d\u0430\u044f \u0432\u0438\u0434\u0438\u043c\u043e\u0441\u0442\u044c:<\/strong> 5 \u043c\u0435\u0442\u0440\u043e\u0432<\/li>\n<li><strong>\u041a\u0430\u043c\u0435\u0440\u0430 \u0445\u043e\u0440\u043e\u0448\u043e \u0437\u0430\u043c\u0430\u0441\u043a\u0438\u0440\u043e\u0432\u0430\u043d\u0430, \u0435\u0435 \u043d\u0435\u0432\u043e\u0437\u043c\u043e\u0436\u043d\u043e \u0437\u0430\u043c\u0435\u0442\u0438\u0442\u044c<\/strong><\/li>\n<li><strong>\u0424\u0443\u043d\u043a\u0446\u0438\u044f \u0441\u0438\u0433\u043d\u0430\u043b\u0438\u0437\u0430\u0446\u0438\u0438:<\/strong> \u0414\u0410<\/li>\n<li><strong>\u041a\u0430\u0447\u0435\u0441\u0442\u0432\u043e \u0432\u0438\u0434\u0435\u043e:<\/strong> \u041e\u0431\u0437\u043e\u0440 HD 1920*1080<\/li>\n<li><strong>\u0420\u0430\u0437\u0440\u0435\u0448\u0435\u043d\u0438\u0435 \u0444\u043e\u0442\u043e\u0433\u0440\u0430\u0444\u0438\u0439:<\/strong> 1280*720<\/li>\n<li><strong>\u0423\u0433\u043e\u043b \u043e\u0431\u0437\u043e\u0440\u0430:<\/strong> 120 \u0433\u0440\u0430\u0434\u0443\u0441\u043e\u0432<\/li>\n<li><strong>\u041a\u043e\u043b\u0438\u0447\u0435\u0441\u0442\u0432\u043e \u0432\u044b\u0441\u0442\u0440\u0435\u043b\u043e\u0432:<\/strong> 20 \u041a\u0410\u0414\u0420\u041e\u0412 \u0412 \u0421\u0415\u041a\u0423\u041d\u0414\u0423<\/li>\n<li><strong>Push-\u0443\u0432\u0435\u0434\u043e\u043c\u043b\u0435\u043d\u0438\u044f (\u043e\u0431\u043d\u0430\u0440\u0443\u0436\u0435\u043d\u0438\u0435 \u0434\u0432\u0438\u0436\u0435\u043d\u0438\u044f)<\/strong><\/li>\n<li><strong>\u041a\u0430\u0440\u0442\u044b \u043f\u0430\u043c\u044f\u0442\u0438:<\/strong> \u041e\u0442 32 \u0434\u043e 128 \u0413\u0431 (\u043a\u0430\u0440\u0442\u0430 \u043d\u0435 \u0432\u0445\u043e\u0434\u0438\u0442 \u0432 \u043a\u043e\u043c\u043f\u043b\u0435\u043a\u0442)<\/li>\n<li><strong>\u0412\u0438\u0434\u0435\u043e\u043d\u0430\u0431\u043b\u044e\u0434\u0435\u043d\u0438\u0435:<\/strong> \u041f\u043e \u0442\u0435\u043b\u0435\u0444\u043e\u043d\u0443 \u0438\u043b\u0438 \u0441 \u043f\u043e\u043c\u043e\u0449\u044c\u044e \u043a\u043e\u043c\u043f\u044c\u044e\u0442\u0435\u0440\u0430 (\u043e\u043d\u043b\u0430\u0439\u043d)<\/li>\n<li><strong>\u0412\u0440\u0435\u043c\u044f \u0440\u0430\u0431\u043e\u0442\u044b \u043e\u0442 \u0430\u043a\u043a\u0443\u043c\u0443\u043b\u044f\u0442\u043e\u0440\u0430:<\/strong> \u043e\u043a\u043e\u043b\u043e 3 \u0447\u0430\u0441\u043e\u0432 - \u043f\u0440\u0438 \u043a\u0440\u0443\u0433\u043b\u043e\u0441\u0443\u0442\u043e\u0447\u043d\u043e\u043c \u043f\u0438\u0442\u0430\u043d\u0438\u0438<\/li>\n<li><strong>\u0415\u043c\u043a\u043e\u0441\u0442\u044c \u0430\u043a\u043a\u0443\u043c\u0443\u043b\u044f\u0442\u043e\u0440\u0430:<\/strong> 2500 \u043c\u0410\u0447<\/li>\n<li><strong>\u041e\u0431\u043d\u0430\u0440\u0443\u0436\u0435\u043d\u0438\u0435 \u0434\u0432\u0438\u0436\u0435\u043d\u0438\u044f:<\/strong> \u0414\u0430, \u0446\u0438\u0444\u0440\u043e\u0432\u043e\u0439<\/li>\n<li><strong>\u0424\u043e\u0440\u043c\u0430\u0442 \u0441\u0436\u0430\u0442\u0438\u044f:<\/strong> AVI H.264<\/li>\n<li><strong>\u0424\u043e\u0440\u043c\u0430\u0442 \u0432\u0438\u0434\u0435\u043e:<\/strong> AVI<\/li>\n<li><strong>\u0421\u0438\u0441\u0442\u0435\u043c\u044b:<\/strong> \"iOS\", \"Android\"<\/li>\n<li><strong>\u041f\u0440\u0438\u043b\u043e\u0436\u0435\u043d\u0438\u0435:<\/strong> \u0418<\/li>\n<li><strong>\u041a\u043e\u0440\u043c\u043b\u0435\u043d\u0438\u0435:<\/strong> \u0432\u043d\u0443\u0442\u0440\u0435\u043d\u043d\u0438\u0439 \u0438\u043b\u0438 \u0432\u043d\u0435\u0448\u043d\u0438\u0439 \u0430\u043a\u043a\u0443\u043c\u0443\u043b\u044f\u0442\u043e\u0440; \u0433\u043d\u0435\u0437\u0434\u043e \u043f\u0438\u0442\u0430\u043d\u0438\u044f 5 \u0412<\/li>\n<li><strong>Wi-Fi:<\/strong> \u0418<\/li>\n<li><strong>\u0413\u0410\u0420\u0410\u041d\u0422\u0418\u042f:<\/strong> 12 \u043c\u0435\u0441\u044f\u0446\u0435\u0432<\/li>\n<\/ul>\n<p><strong>\u00a0<\/strong><\/p>\n<p><span style=\"color: #ff0000;\"><strong>\u041d\u0443\u0436\u043d\u0430 \u0431\u044b\u0441\u0442\u0440\u0430\u044f \u0434\u043e\u0441\u0442\u0430\u0432\u043a\u0430 \u0432 \u0442\u043e\u0442 \u0436\u0435 \u0434\u0435\u043d\u044c (\u0438 \u0432 \u0432\u044b\u0445\u043e\u0434\u043d\u044b\u0435)?  \u0417\u0432\u043e\u043d\u0438\u0442\u0435 +37120484176<\/strong><\/span><\/p>\n<p>&nbsp;<\/p>","protected":false},"excerpt":{"rendered":"<p><strong>WiFi<\/strong>\u0447\u0430\u0441\u044b \u0441\u043e \u0432\u0441\u0442\u0440\u043e\u0435\u043d\u043d\u043e\u0439 \u0441\u043a\u0440\u044b\u0442\u043e\u0439 \u043a\u0430\u043c\u0435\u0440\u043e\u0439 \u043d\u0430\u0431\u043b\u044e\u0434\u0435\u043d\u0438\u044f. Full HD. \u0414\u0430\u0442\u0447\u0438\u043a \u0434\u0432\u0438\u0436\u0435\u043d\u0438\u044f. \u041e\u0434\u043d\u0430 \u0438\u0437 \u043b\u0443\u0447\u0448\u0438\u0445 \u043a\u0430\u043c\u0443\u0444\u043b\u0438\u0440\u043e\u0432\u0430\u043d\u043d\u044b\u0445 \u043a\u0430\u043c\u0435\u0440 \u043d\u0430 \u0440\u044b\u043d\u043a\u0435. \u0428\u0438\u0440\u043e\u043a\u0438\u0439 \u0443\u0433\u043e\u043b \u043e\u0431\u0437\u043e\u0440\u0430 160 \u0433\u0440\u0430\u0434\u0443\u0441\u043e\u0432.<\/p>","protected":false},"featured_media":3552,"template":"","meta":[],"product_brand":[],"product_cat":[330,321,331],"product_tag":[84,325,36,436,328,415,32,437],"class_list":{"0":"post-3551","1":"product","2":"type-product","3":"status-publish","4":"has-post-thumbnail","6":"product_cat-masketas-kameras","7":"product_cat-sleptas-kameras","8":"product_cat-wi-fi-slepenas-kameras","9":"product_tag-ip-kamera","10":"product_tag-izsekosanas-kamera","11":"product_tag-mini-kamera","12":"product_tag-noverosanas-kameras","13":"product_tag-slepena-kamera","14":"product_tag-slepenas-kameras","15":"product_tag-wifi-kamera","16":"product_tag-wifi-noverosanas-kamera","18":"first","19":"instock","20":"sale","21":"taxable","22":"shipping-taxable","23":"purchasable","24":"product-type-simple"},"yoast_head":"<!-- This site is optimized with the Yoast SEO plugin v27.5 - https:\/\/yoast.com\/product\/yoast-seo-wordpress\/ -->\n<title>Sl\u0113pt\u0101 kamera \u2013 galda pulkstenis ar nakts redzam\u012bbu un FULL HD<\/title>\n<meta name=\"description\" content=\"WiFipulkstenis ar ieb\u016bv\u0113tu sl\u0113pto nov\u0113ro\u0161anas kameru. Full HD. Kust\u012bbu sensors. Viena no lab\u0101kaj\u0101m mask\u0113taj\u0101m kamer\u0101m tirg\u016b. Pla\u0161s skata le\u0146\u0137is \u2013 160 gr\u0101du.\" \/>\n<meta name=\"robots\" content=\"index, follow, max-snippet:-1, max-image-preview:large, max-video-preview:-1\" \/>\n<link rel=\"canonical\" href=\"https:\/\/izsekosanasierices.lv\/ru\/produkts\/skrytaya-kamera-nastolnyye-chasy-s-nochnym-videniyem-kachestvom-full-hd\/\" \/>\n<meta property=\"og:locale\" content=\"ru_RU\" \/>\n<meta property=\"og:type\" content=\"article\" \/>\n<meta property=\"og:title\" content=\"Wi-fi pulkstenis ar ieb\u016bv\u0113tu slepenas izseko\u0161anas kameru Full HD kust\u012bbu uztver\u0161ana\" \/>\n<meta property=\"og:description\" content=\"Wi-fi pulkstenis ar ieb\u016bv\u0113tu slepenas izseko\u0161anas kameru Full HD kust\u012bbu sensors. Viena no lab\u0101kaj\u0101m mask\u0113taj\u0101m kamer\u0101m tirg\u016b. Pla\u0161s skata le\u0146\u0137is 160\" \/>\n<meta property=\"og:url\" content=\"https:\/\/izsekosanasierices.lv\/ru\/produkts\/skrytaya-kamera-nastolnyye-chasy-s-nochnym-videniyem-kachestvom-full-hd\/\" \/>\n<meta property=\"og:site_name\" content=\"Nr1 Izseko\u0161anas ier\u012bces gps izseko\u0161anas iek\u0101rtas, klaus\u012b\u0161an\u0101s iek\u0101rtas\" \/>\n<meta property=\"article:modified_time\" content=\"2026-03-30T19:16:47+00:00\" \/>\n<meta property=\"og:image\" content=\"https:\/\/rvnski.dev\/sekimoiranga\/wp-content\/uploads\/izsekosanasierices.webp\" \/>\n<meta name=\"twitter:card\" content=\"summary_large_image\" \/>\n<meta name=\"twitter:title\" content=\"Wi-fi pulkstenis ar ieb\u016bv\u0113tu slepenas izseko\u0161anas kameru Full HD kust\u012bbu uztver\u0161ana\" \/>\n<meta name=\"twitter:description\" content=\"Wi-fi pulkstenis ar ieb\u016bv\u0113tu slepenas izseko\u0161anas kameru Full HD kust\u012bbu sensors. Viena no lab\u0101kaj\u0101m mask\u0113taj\u0101m kamer\u0101m tirg\u016b. Pla\u0161s skata le\u0146\u0137is 160\" \/>\n<meta name=\"twitter:label1\" content=\"\u041f\u0440\u0438\u043c\u0435\u0440\u043d\u043e\u0435 \u0432\u0440\u0435\u043c\u044f \u0434\u043b\u044f \u0447\u0442\u0435\u043d\u0438\u044f\" \/>\n\t<meta name=\"twitter:data1\" content=\"1 \u043c\u0438\u043d\u0443\u0442\u0430\" \/>\n<script type=\"application\/ld+json\" class=\"yoast-schema-graph\">{\"@context\":\"https:\\\/\\\/schema.org\",\"@graph\":[{\"@type\":\"WebPage\",\"@id\":\"https:\\\/\\\/izsekosanasierices.lv\\\/produkts\\\/sleptas-kameras-galda-pulkstenis-ar-nakts-redzamibas-full-hd-kvalitati\\\/\",\"url\":\"https:\\\/\\\/izsekosanasierices.lv\\\/produkts\\\/sleptas-kameras-galda-pulkstenis-ar-nakts-redzamibas-full-hd-kvalitati\\\/\",\"name\":\"Sl\u0113pt\u0101 kamera \u2013 galda pulkstenis ar nakts redzam\u012bbu un FULL HD\",\"isPartOf\":{\"@id\":\"https:\\\/\\\/izsekosanasierices.lv\\\/#website\"},\"primaryImageOfPage\":{\"@id\":\"https:\\\/\\\/izsekosanasierices.lv\\\/produkts\\\/sleptas-kameras-galda-pulkstenis-ar-nakts-redzamibas-full-hd-kvalitati\\\/#primaryimage\"},\"image\":{\"@id\":\"https:\\\/\\\/izsekosanasierices.lv\\\/produkts\\\/sleptas-kameras-galda-pulkstenis-ar-nakts-redzamibas-full-hd-kvalitati\\\/#primaryimage\"},\"thumbnailUrl\":\"https:\\\/\\\/izsekosanasierices.lv\\\/wp-content\\\/uploads\\\/sleptas-kameras-galda-pulkstenis-ar-nakts-redzamibas-pilnu-HD-kvalitati.jpg\",\"datePublished\":\"2025-01-20T10:26:00+00:00\",\"dateModified\":\"2026-03-30T19:16:47+00:00\",\"description\":\"WiFipulkstenis ar ieb\u016bv\u0113tu sl\u0113pto nov\u0113ro\u0161anas kameru. Full HD. Kust\u012bbu sensors. Viena no lab\u0101kaj\u0101m mask\u0113taj\u0101m kamer\u0101m tirg\u016b. Pla\u0161s skata le\u0146\u0137is \u2013 160 gr\u0101du.\",\"breadcrumb\":{\"@id\":\"https:\\\/\\\/izsekosanasierices.lv\\\/produkts\\\/sleptas-kameras-galda-pulkstenis-ar-nakts-redzamibas-full-hd-kvalitati\\\/#breadcrumb\"},\"inLanguage\":\"ru-RU\",\"potentialAction\":[{\"@type\":\"ReadAction\",\"target\":[\"https:\\\/\\\/izsekosanasierices.lv\\\/produkts\\\/sleptas-kameras-galda-pulkstenis-ar-nakts-redzamibas-full-hd-kvalitati\\\/\"]}]},{\"@type\":\"ImageObject\",\"inLanguage\":\"ru-RU\",\"@id\":\"https:\\\/\\\/izsekosanasierices.lv\\\/produkts\\\/sleptas-kameras-galda-pulkstenis-ar-nakts-redzamibas-full-hd-kvalitati\\\/#primaryimage\",\"url\":\"https:\\\/\\\/izsekosanasierices.lv\\\/wp-content\\\/uploads\\\/sleptas-kameras-galda-pulkstenis-ar-nakts-redzamibas-pilnu-HD-kvalitati.jpg\",\"contentUrl\":\"https:\\\/\\\/izsekosanasierices.lv\\\/wp-content\\\/uploads\\\/sleptas-kameras-galda-pulkstenis-ar-nakts-redzamibas-pilnu-HD-kvalitati.jpg\",\"width\":458,\"height\":458,\"caption\":\"sl\u0113pt\u0101s kameras galda pulkstenis ar nakts redzam\u012bbas pilnu HD kvalit\u0101ti\"},{\"@type\":\"BreadcrumbList\",\"@id\":\"https:\\\/\\\/izsekosanasierices.lv\\\/produkts\\\/sleptas-kameras-galda-pulkstenis-ar-nakts-redzamibas-full-hd-kvalitati\\\/#breadcrumb\",\"itemListElement\":[{\"@type\":\"ListItem\",\"position\":1,\"name\":\"S\u0101kums\",\"item\":\"https:\\\/\\\/izsekosanasierices.lv\\\/\"},{\"@type\":\"ListItem\",\"position\":2,\"name\":\"Veikals\",\"item\":\"https:\\\/\\\/izsekosanasierices.lv\\\/veikals\\\/\"},{\"@type\":\"ListItem\",\"position\":3,\"name\":\"Sl\u0113pt\u0101 kamera \u2013 galda pulkstenis ar nakts redzam\u012bbu un FULL HD kvalit\u0101ti\"}]},{\"@type\":\"WebSite\",\"@id\":\"https:\\\/\\\/izsekosanasierices.lv\\\/#website\",\"url\":\"https:\\\/\\\/izsekosanasierices.lv\\\/\",\"name\":\"Nr1 Izseko\u0161anas ier\u012bces gps izseko\u0161anas iek\u0101rtas, klaus\u012b\u0161an\u0101s iek\u0101rtas\",\"description\":\"\",\"potentialAction\":[{\"@type\":\"SearchAction\",\"target\":{\"@type\":\"EntryPoint\",\"urlTemplate\":\"https:\\\/\\\/izsekosanasierices.lv\\\/?s={search_term_string}\"},\"query-input\":{\"@type\":\"PropertyValueSpecification\",\"valueRequired\":true,\"valueName\":\"search_term_string\"}}],\"inLanguage\":\"ru-RU\"}]}<\/script>\n<!-- \/ Yoast SEO plugin. -->","yoast_head_json":{"title":"Sl\u0113pt\u0101 kamera \u2013 galda pulkstenis ar nakts redzam\u012bbu un FULL HD","description":"WiFipulkstenis ar ieb\u016bv\u0113tu sl\u0113pto nov\u0113ro\u0161anas kameru. Full HD. Kust\u012bbu sensors. Viena no lab\u0101kaj\u0101m mask\u0113taj\u0101m kamer\u0101m tirg\u016b. Pla\u0161s skata le\u0146\u0137is \u2013 160 gr\u0101du.","robots":{"index":"index","follow":"follow","max-snippet":"max-snippet:-1","max-image-preview":"max-image-preview:large","max-video-preview":"max-video-preview:-1"},"canonical":"https:\/\/izsekosanasierices.lv\/ru\/produkts\/skrytaya-kamera-nastolnyye-chasy-s-nochnym-videniyem-kachestvom-full-hd\/","og_locale":"ru_RU","og_type":"article","og_title":"Wi-fi pulkstenis ar ieb\u016bv\u0113tu slepenas izseko\u0161anas kameru Full HD kust\u012bbu uztver\u0161ana","og_description":"Wi-fi pulkstenis ar ieb\u016bv\u0113tu slepenas izseko\u0161anas kameru Full HD kust\u012bbu sensors. Viena no lab\u0101kaj\u0101m mask\u0113taj\u0101m kamer\u0101m tirg\u016b. Pla\u0161s skata le\u0146\u0137is 160","og_url":"https:\/\/izsekosanasierices.lv\/ru\/produkts\/skrytaya-kamera-nastolnyye-chasy-s-nochnym-videniyem-kachestvom-full-hd\/","og_site_name":"Nr1 Izseko\u0161anas ier\u012bces gps izseko\u0161anas iek\u0101rtas, klaus\u012b\u0161an\u0101s iek\u0101rtas","article_modified_time":"2026-03-30T19:16:47+00:00","og_image":[{"url":"https:\/\/rvnski.dev\/sekimoiranga\/wp-content\/uploads\/izsekosanasierices.webp","type":"","width":"","height":""}],"twitter_card":"summary_large_image","twitter_title":"Wi-fi pulkstenis ar ieb\u016bv\u0113tu slepenas izseko\u0161anas kameru Full HD kust\u012bbu uztver\u0161ana","twitter_description":"Wi-fi pulkstenis ar ieb\u016bv\u0113tu slepenas izseko\u0161anas kameru Full HD kust\u012bbu sensors. Viena no lab\u0101kaj\u0101m mask\u0113taj\u0101m kamer\u0101m tirg\u016b. Pla\u0161s skata le\u0146\u0137is 160","twitter_misc":{"\u041f\u0440\u0438\u043c\u0435\u0440\u043d\u043e\u0435 \u0432\u0440\u0435\u043c\u044f \u0434\u043b\u044f \u0447\u0442\u0435\u043d\u0438\u044f":"1 \u043c\u0438\u043d\u0443\u0442\u0430"},"schema":{"@context":"https:\/\/schema.org","@graph":[{"@type":"WebPage","@id":"https:\/\/izsekosanasierices.lv\/produkts\/sleptas-kameras-galda-pulkstenis-ar-nakts-redzamibas-full-hd-kvalitati\/","url":"https:\/\/izsekosanasierices.lv\/produkts\/sleptas-kameras-galda-pulkstenis-ar-nakts-redzamibas-full-hd-kvalitati\/","name":"Sl\u0113pt\u0101 kamera \u2013 galda pulkstenis ar nakts redzam\u012bbu un FULL HD","isPartOf":{"@id":"https:\/\/izsekosanasierices.lv\/#website"},"primaryImageOfPage":{"@id":"https:\/\/izsekosanasierices.lv\/produkts\/sleptas-kameras-galda-pulkstenis-ar-nakts-redzamibas-full-hd-kvalitati\/#primaryimage"},"image":{"@id":"https:\/\/izsekosanasierices.lv\/produkts\/sleptas-kameras-galda-pulkstenis-ar-nakts-redzamibas-full-hd-kvalitati\/#primaryimage"},"thumbnailUrl":"https:\/\/izsekosanasierices.lv\/wp-content\/uploads\/sleptas-kameras-galda-pulkstenis-ar-nakts-redzamibas-pilnu-HD-kvalitati.jpg","datePublished":"2025-01-20T10:26:00+00:00","dateModified":"2026-03-30T19:16:47+00:00","description":"WiFipulkstenis ar ieb\u016bv\u0113tu sl\u0113pto nov\u0113ro\u0161anas kameru. Full HD. Kust\u012bbu sensors. Viena no lab\u0101kaj\u0101m mask\u0113taj\u0101m kamer\u0101m tirg\u016b. Pla\u0161s skata le\u0146\u0137is \u2013 160 gr\u0101du.","breadcrumb":{"@id":"https:\/\/izsekosanasierices.lv\/produkts\/sleptas-kameras-galda-pulkstenis-ar-nakts-redzamibas-full-hd-kvalitati\/#breadcrumb"},"inLanguage":"ru-RU","potentialAction":[{"@type":"ReadAction","target":["https:\/\/izsekosanasierices.lv\/produkts\/sleptas-kameras-galda-pulkstenis-ar-nakts-redzamibas-full-hd-kvalitati\/"]}]},{"@type":"ImageObject","inLanguage":"ru-RU","@id":"https:\/\/izsekosanasierices.lv\/produkts\/sleptas-kameras-galda-pulkstenis-ar-nakts-redzamibas-full-hd-kvalitati\/#primaryimage","url":"https:\/\/izsekosanasierices.lv\/wp-content\/uploads\/sleptas-kameras-galda-pulkstenis-ar-nakts-redzamibas-pilnu-HD-kvalitati.jpg","contentUrl":"https:\/\/izsekosanasierices.lv\/wp-content\/uploads\/sleptas-kameras-galda-pulkstenis-ar-nakts-redzamibas-pilnu-HD-kvalitati.jpg","width":458,"height":458,"caption":"sl\u0113pt\u0101s kameras galda pulkstenis ar nakts redzam\u012bbas pilnu HD kvalit\u0101ti"},{"@type":"BreadcrumbList","@id":"https:\/\/izsekosanasierices.lv\/produkts\/sleptas-kameras-galda-pulkstenis-ar-nakts-redzamibas-full-hd-kvalitati\/#breadcrumb","itemListElement":[{"@type":"ListItem","position":1,"name":"S\u0101kums","item":"https:\/\/izsekosanasierices.lv\/"},{"@type":"ListItem","position":2,"name":"Veikals","item":"https:\/\/izsekosanasierices.lv\/veikals\/"},{"@type":"ListItem","position":3,"name":"Sl\u0113pt\u0101 kamera \u2013 galda pulkstenis ar nakts redzam\u012bbu un FULL HD kvalit\u0101ti"}]},{"@type":"WebSite","@id":"https:\/\/izsekosanasierices.lv\/#website","url":"https:\/\/izsekosanasierices.lv\/","name":"Nr1 Izseko\u0161anas ier\u012bces gps izseko\u0161anas iek\u0101rtas, klaus\u012b\u0161an\u0101s iek\u0101rtas","description":"","potentialAction":[{"@type":"SearchAction","target":{"@type":"EntryPoint","urlTemplate":"https:\/\/izsekosanasierices.lv\/?s={search_term_string}"},"query-input":{"@type":"PropertyValueSpecification","valueRequired":true,"valueName":"search_term_string"}}],"inLanguage":"ru-RU"}]}},"_links":{"self":[{"href":"https:\/\/izsekosanasierices.lv\/ru\/wp-json\/wp\/v2\/product\/3551","targetHints":{"allow":["GET"]}}],"collection":[{"href":"https:\/\/izsekosanasierices.lv\/ru\/wp-json\/wp\/v2\/product"}],"about":[{"href":"https:\/\/izsekosanasierices.lv\/ru\/wp-json\/wp\/v2\/types\/product"}],"wp:featuredmedia":[{"embeddable":true,"href":"https:\/\/izsekosanasierices.lv\/ru\/wp-json\/wp\/v2\/media\/3552"}],"wp:attachment":[{"href":"https:\/\/izsekosanasierices.lv\/ru\/wp-json\/wp\/v2\/media?parent=3551"}],"wp:term":[{"taxonomy":"product_brand","embeddable":true,"href":"https:\/\/izsekosanasierices.lv\/ru\/wp-json\/wp\/v2\/product_brand?post=3551"},{"taxonomy":"product_cat","embeddable":true,"href":"https:\/\/izsekosanasierices.lv\/ru\/wp-json\/wp\/v2\/product_cat?post=3551"},{"taxonomy":"product_tag","embeddable":true,"href":"https:\/\/izsekosanasierices.lv\/ru\/wp-json\/wp\/v2\/product_tag?post=3551"}],"curies":[{"name":"wp","href":"https:\/\/api.w.org\/{rel}","templated":true}]}}