{"id":3581,"date":"2025-01-20T13:19:28","date_gmt":"2025-01-20T11:19:28","guid":{"rendered":"https:\/\/izsekosanasierices.lv\/?post_type=product&#038;p=3581"},"modified":"2026-03-10T11:50:55","modified_gmt":"2026-03-10T09:50:55","slug":"dumu-detektors-ar-kameru-ne-imitacija-ar-wi-fi-full-hd","status":"publish","type":"product","link":"https:\/\/izsekosanasierices.lv\/ru\/produkts\/detektor-dyma-s-kameroy-ne-imitatsiya-s-wi-fi-full-hd\/","title":{"rendered":"\u0414\u0435\u0442\u0435\u043a\u0442\u043e\u0440 \u0434\u044b\u043c\u0430 \u0441 \u043a\u0430\u043c\u0435\u0440\u043e\u0439 (\u043d\u0435 \u0438\u043c\u0438\u0442\u0430\u0446\u0438\u044f) \u0441 Wi-Fi FULL HD"},"content":{"rendered":"<h3><strong>\u041f\u0440\u044f\u043c\u0430\u044f \u0442\u0440\u0430\u043d\u0441\u043b\u044f\u0446\u0438\u044f \u0438\u0437 \u043b\u044e\u0431\u043e\u0439 \u0442\u043e\u0447\u043a\u0438 \u043c\u0438\u0440\u0430 <\/strong><\/h3>\n<h3><strong>\u0422\u0435\u0445\u043d\u0438\u0447\u0435\u0441\u043a\u0438\u0435 \u043f\u0430\u0440\u0430\u043c\u0435\u0442\u0440\u044b:<\/strong><\/h3>\n<div class=\"flex max-w-full flex-col flex-grow\">\n<div class=\"min-h-8 text-message flex w-full flex-col items-end gap-2 whitespace-normal break-words text-start [.text-message+&amp;]:mt-5\" dir=\"auto\" data-message-author-role=\"assistant\" data-message-id=\"fd056309-036b-4214-81c4-e874b19fbcce\" data-message-model-slug=\"gpt-4o-mini\">\n<div class=\"flex w-full flex-col gap-1 empty:hidden first:pt-[3px]\">\n<div class=\"markdown prose w-full break-words dark:prose-invert light\">\n<ul>\n<li>\u041f\u0440\u043e\u0441\u043c\u043e\u0442\u0440 \u0438\u0437\u043e\u0431\u0440\u0430\u0436\u0435\u043d\u0438\u0439 \u0432 \u0440\u0435\u0430\u043b\u044c\u043d\u043e\u043c \u0432\u0440\u0435\u043c\u0435\u043d\u0438 \u0447\u0435\u0440\u0435\u0437 \u043c\u043e\u0431\u0438\u043b\u044c\u043d\u043e\u0435 \u043f\u0440\u0438\u043b\u043e\u0436\u0435\u043d\u0438\u0435<\/li>\n<li>\u0411\u044b\u0441\u0442\u0440\u043e\u0435 \u043f\u043e\u0434\u043a\u043b\u044e\u0447\u0435\u043d\u0438\u0435, \u0441\u0447\u0438\u0442\u044b\u0432\u0430\u043d\u0438\u0435 QR-\u043a\u043e\u0434\u0430 \u0441 \u043a\u0430\u043c\u0435\u0440\u044b<\/li>\n<li>\u041e\u0440\u0438\u0433\u0438\u043d\u0430\u043b\u044c\u043d\u044b\u0439 \u0434\u0435\u0442\u0435\u043a\u0442\u043e\u0440 \u0434\u044b\u043c\u0430 (\u0441\u043e \u0432\u0441\u0442\u0440\u043e\u0435\u043d\u043d\u043e\u0439 \u0441\u043a\u0440\u044b\u0442\u043e\u0439 \u043a\u0430\u043c\u0435\u0440\u043e\u0439)<\/li>\n<li>\u041d\u0435 \u043d\u0430\u0440\u0443\u0448\u0430\u0435\u0442 \u043d\u0438 \u0437\u0432\u0443\u043a\u0430, \u043d\u0438 \u0441\u0432\u0435\u0442\u0430<\/li>\n<li>\u0418\u0437\u043e\u0431\u0440\u0430\u0436\u0435\u043d\u0438\u0435 \u0437\u0430\u043f\u0438\u0441\u044b\u0432\u0430\u0435\u0442\u0441\u044f \u0441\u043e \u0437\u0432\u0443\u043a\u043e\u043c<\/li>\n<li>\u041c\u043e\u0436\u0435\u0442 \u0431\u044b\u0442\u044c \u043f\u043e\u0434\u043a\u043b\u044e\u0447\u0435\u043d \u043a \u043f\u043e\u0441\u0442\u043e\u044f\u043d\u043d\u043e\u043c\u0443 \u0438\u0441\u0442\u043e\u0447\u043d\u0438\u043a\u0443 \u043f\u0438\u0442\u0430\u043d\u0438\u044f<\/li>\n<li>\u0420\u0430\u0437\u0440\u0435\u0448\u0435\u043d\u0438\u0435 \u0437\u0430\u043f\u0438\u0441\u0438: Full HD<\/li>\n<li>\u0424\u043e\u0440\u043c\u0430\u0442 \u0432\u0438\u0434\u0435\u043e: AVI | \u043c\u0430\u043a\u0441. 25 \u043a\u0430\u0434\u0440\u043e\u0432 \u0432 \u0441\u0435\u043a\u0443\u043d\u0434\u0443<\/li>\n<li>\u0423\u0433\u043e\u043b \u043e\u0431\u0437\u043e\u0440\u0430: 100\u00b0, \u043e\u0447\u0435\u043d\u044c \u0448\u0438\u0440\u043e\u043a\u0438\u0439<\/li>\n<li>\u0417\u0432\u0443\u043a: \u043c\u0438\u043a\u0440\u043e\u0444\u043e\u043d \u0441 \u0444\u0443\u043d\u043a\u0446\u0438\u0435\u0439 \u0448\u0443\u043c\u043e\u043f\u043e\u0434\u0430\u0432\u043b\u0435\u043d\u0438\u044f<\/li>\n<li>\u0421\u0442\u0430\u043d\u0434\u0430\u0440\u0442 \u043f\u043e\u0434\u043a\u043b\u044e\u0447\u0435\u043d\u0438\u044f: USB<\/li>\n<li>\u0412\u043e\u0437\u043c\u043e\u0436\u043d\u043e\u0441\u0442\u044c \u0437\u0430\u043f\u0438\u0441\u0438 \u0441 \u0434\u0432\u0438\u0436\u0435\u043d\u0438\u044f<\/li>\n<li>\u0421\u0436\u0430\u0442\u0438\u0435 \u0432\u0438\u0434\u0435\u043e: H264<\/li>\n<li>Wi-Fi \u043a\u0430\u043c\u0435\u0440\u0430 (\u0434\u0435\u0442\u0435\u043a\u0442\u043e\u0440 \u0434\u044b\u043c\u0430), \u0443\u0441\u0442\u0440\u043e\u0439\u0441\u0442\u0432\u043e \u0434\u043b\u044f \u0447\u0442\u0435\u043d\u0438\u044f \u043a\u0430\u0440\u0442 \u043f\u0430\u043c\u044f\u0442\u0438 micro SD, USB-\u043a\u0430\u0431\u0435\u043b\u044c<\/li>\n<li>\u0420\u0430\u0437\u043c\u0435\u0440\u044b: 13,5 \u0441\u043c (\u0434\u0438\u0430\u043c\u0435\u0442\u0440 \u0432 \u0441\u0430\u043c\u043e\u0439 \u0448\u0438\u0440\u043e\u043a\u043e\u0439 \u0442\u043e\u0447\u043a\u0435), \u0441\u0443\u0436\u0430\u044e\u0449\u0438\u0439\u0441\u044f \u043a\u043e\u0440\u043f\u0443\u0441 \u0434\u043e 11 \u0441\u043c, \u0442\u043e\u043b\u0449\u0438\u043d\u0430 3,5 \u0441\u043c<\/li>\n<li><strong>\u0413\u0410\u0420\u0410\u041d\u0422\u0418\u042f:<\/strong> 12 \u043c\u0435\u0441\u044f\u0446\u0435\u0432<\/li>\n<\/ul>\n<\/div>\n<\/div>\n<\/div>\n<\/div>\n<p><span style=\"color: #ff0000;\"><strong>\u041d\u0443\u0436\u043d\u0430 \u0431\u044b\u0441\u0442\u0440\u0430\u044f \u0434\u043e\u0441\u0442\u0430\u0432\u043a\u0430 \u0432 \u0442\u043e\u0442 \u0436\u0435 \u0434\u0435\u043d\u044c (\u0438 \u0432 \u0432\u044b\u0445\u043e\u0434\u043d\u044b\u0435)?  \u0417\u0432\u043e\u043d\u0438\u0442\u0435 +37120484176<\/strong><\/span><\/p>\n<p>&nbsp;<\/p>","protected":false},"excerpt":{"rendered":"<p>\u041f\u0440\u044f\u043c\u0430\u044f \u043e\u043d\u043b\u0430\u0439\u043d-\u0442\u0440\u0430\u043d\u0441\u043b\u044f\u0446\u0438\u044f \u0438\u0437 \u043b\u044e\u0431\u043e\u0439 \u0442\u043e\u0447\u043a\u0438 \u043c\u0438\u0440\u0430 \u0422\u0435\u0445\u043d\u0438\u0447\u0435\u0441\u043a\u0438\u0435 \u043e\u0441\u043e\u0431\u0435\u043d\u043d\u043e\u0441\u0442\u0438: \u0432\u043e\u0437\u043c\u043e\u0436\u043d\u043e\u0441\u0442\u044c \u043f\u0440\u043e\u0441\u043c\u043e\u0442\u0440\u0430 \u0436\u0438\u0432\u043e\u0433\u043e \u0438\u0437\u043e\u0431\u0440\u0430\u0436\u0435\u043d\u0438\u044f \u0447\u0435\u0440\u0435\u0437 \u043c\u043e\u0431\u0438\u043b\u044c\u043d\u043e\u0435 \u043f\u0440\u0438\u043b\u043e\u0436\u0435\u043d\u0438\u0435 \u0411\u044b\u0441\u0442\u0440\u043e\u0435 \u043f\u043e\u0434\u043a\u043b\u044e\u0447\u0435\u043d\u0438\u0435, \u0441\u0447\u0438\u0442\u044b\u0432\u0430\u043d\u0438\u0435 QR-\u043a\u043e\u0434\u0430 \u0441 \u043a\u0430\u043c\u0435\u0440\u044b \u041e\u0440\u0438\u0433\u0438\u043d\u0430\u043b\u044c\u043d\u044b\u0439 \u0434\u0435\u0442\u0435\u043a\u0442\u043e\u0440 \u0434\u044b\u043c\u0430 (\u0441\u043e \u0432\u0441\u0442\u0440\u043e\u0435\u043d\u043d\u043e\u0439 \u0441\u043a\u0440\u044b\u0442\u043e\u0439 \u043a\u0430\u043c\u0435\u0440\u043e\u0439)...<\/p>","protected":false},"featured_media":3582,"template":"","meta":[],"product_brand":[],"product_cat":[330,321,331],"product_tag":[417,332,325,23,334,328,29],"class_list":{"0":"post-3581","1":"product","2":"type-product","3":"status-publish","4":"has-post-thumbnail","6":"product_cat-masketas-kameras","7":"product_cat-sleptas-kameras","8":"product_cat-wi-fi-slepenas-kameras","9":"product_tag-dumu-detektors","10":"product_tag-izsekosanas-iekartas","11":"product_tag-izsekosanas-kamera","12":"product_tag-kamera","13":"product_tag-masketa-kamera","14":"product_tag-slepena-kamera","15":"product_tag-wi-fi-kamera","17":"first","18":"instock","19":"sale","20":"taxable","21":"shipping-taxable","22":"purchasable","23":"product-type-simple"},"yoast_head":"<!-- This site is optimized with the Yoast SEO plugin v27.4 - https:\/\/yoast.com\/product\/yoast-seo-wordpress\/ -->\n<title>D\u016bmu detektors ar kameru (ne imit\u0101cija) ar Wi-Fi FULL HD<\/title>\n<meta name=\"robots\" content=\"index, follow, max-snippet:-1, max-image-preview:large, max-video-preview:-1\" \/>\n<link rel=\"canonical\" href=\"https:\/\/izsekosanasierices.lv\/ru\/produkts\/detektor-dyma-s-kameroy-ne-imitatsiya-s-wi-fi-full-hd\/\" \/>\n<meta property=\"og:locale\" content=\"ru_RU\" \/>\n<meta property=\"og:type\" content=\"article\" \/>\n<meta property=\"og:title\" content=\"D\u016bmu detektora uzst\u0101d\u012b\u0161ana ar sl\u0113pto nov\u0113ro\u0161anas kameru|Sekimoiranga.lt\" \/>\n<meta property=\"og:description\" content=\"D\u016bmu detektora imit\u0101cija T\u0101 ir apr\u012bkota ar slepenu nov\u0113ro\u0161anas kameru ar WI FI, kas \u013caus jums nov\u0113rot tie\u0161raidi tie\u0161saist\u0113 27\/7 Augstas kvalit\u0101tes att\u0113ls. Apm\u0101c\u012bba izmantot\" \/>\n<meta property=\"og:url\" content=\"https:\/\/izsekosanasierices.lv\/ru\/produkts\/detektor-dyma-s-kameroy-ne-imitatsiya-s-wi-fi-full-hd\/\" \/>\n<meta property=\"og:site_name\" content=\"Nr1 Izseko\u0161anas ier\u012bces gps izseko\u0161anas iek\u0101rtas, klaus\u012b\u0161an\u0101s iek\u0101rtas\" \/>\n<meta property=\"article:modified_time\" content=\"2026-03-10T09:50:55+00:00\" \/>\n<meta property=\"og:image\" content=\"https:\/\/rvnski.dev\/sekimoiranga\/wp-content\/uploads\/izsekosanasierices.webp\" \/>\n<meta name=\"twitter:card\" content=\"summary_large_image\" \/>\n<meta name=\"twitter:title\" content=\"D\u016bmu detektora uzst\u0101d\u012b\u0161ana ar sl\u0113pto nov\u0113ro\u0161anas kameru|Sekimoiranga.lt\" \/>\n<meta name=\"twitter:description\" content=\"D\u016bmu detektora imit\u0101cija T\u0101 ir apr\u012bkota ar slepenu nov\u0113ro\u0161anas kameru ar WI FI, kas \u013caus jums nov\u0113rot tie\u0161raidi tie\u0161saist\u0113 27\/7 Augstas kvalit\u0101tes att\u0113ls. Apm\u0101c\u012bba izmantot\" \/>\n<meta name=\"twitter:label1\" content=\"\u041f\u0440\u0438\u043c\u0435\u0440\u043d\u043e\u0435 \u0432\u0440\u0435\u043c\u044f \u0434\u043b\u044f \u0447\u0442\u0435\u043d\u0438\u044f\" \/>\n\t<meta name=\"twitter:data1\" content=\"1 \u043c\u0438\u043d\u0443\u0442\u0430\" \/>\n<script type=\"application\/ld+json\" class=\"yoast-schema-graph\">{\"@context\":\"https:\\\/\\\/schema.org\",\"@graph\":[{\"@type\":\"WebPage\",\"@id\":\"https:\\\/\\\/izsekosanasierices.lv\\\/produkts\\\/dumu-detektors-ar-kameru-ne-imitacija-ar-wi-fi-full-hd\\\/\",\"url\":\"https:\\\/\\\/izsekosanasierices.lv\\\/produkts\\\/dumu-detektors-ar-kameru-ne-imitacija-ar-wi-fi-full-hd\\\/\",\"name\":\"D\u016bmu detektors ar kameru (ne imit\u0101cija) ar Wi-Fi FULL HD\",\"isPartOf\":{\"@id\":\"https:\\\/\\\/izsekosanasierices.lv\\\/#website\"},\"primaryImageOfPage\":{\"@id\":\"https:\\\/\\\/izsekosanasierices.lv\\\/produkts\\\/dumu-detektors-ar-kameru-ne-imitacija-ar-wi-fi-full-hd\\\/#primaryimage\"},\"image\":{\"@id\":\"https:\\\/\\\/izsekosanasierices.lv\\\/produkts\\\/dumu-detektors-ar-kameru-ne-imitacija-ar-wi-fi-full-hd\\\/#primaryimage\"},\"thumbnailUrl\":\"https:\\\/\\\/izsekosanasierices.lv\\\/wp-content\\\/uploads\\\/dumu-detektors-WIFI-ar-kameru-1000x1000-1.png\",\"datePublished\":\"2025-01-20T11:19:28+00:00\",\"dateModified\":\"2026-03-10T09:50:55+00:00\",\"breadcrumb\":{\"@id\":\"https:\\\/\\\/izsekosanasierices.lv\\\/produkts\\\/dumu-detektors-ar-kameru-ne-imitacija-ar-wi-fi-full-hd\\\/#breadcrumb\"},\"inLanguage\":\"ru-RU\",\"potentialAction\":[{\"@type\":\"ReadAction\",\"target\":[\"https:\\\/\\\/izsekosanasierices.lv\\\/produkts\\\/dumu-detektors-ar-kameru-ne-imitacija-ar-wi-fi-full-hd\\\/\"]}]},{\"@type\":\"ImageObject\",\"inLanguage\":\"ru-RU\",\"@id\":\"https:\\\/\\\/izsekosanasierices.lv\\\/produkts\\\/dumu-detektors-ar-kameru-ne-imitacija-ar-wi-fi-full-hd\\\/#primaryimage\",\"url\":\"https:\\\/\\\/izsekosanasierices.lv\\\/wp-content\\\/uploads\\\/dumu-detektors-WIFI-ar-kameru-1000x1000-1.png\",\"contentUrl\":\"https:\\\/\\\/izsekosanasierices.lv\\\/wp-content\\\/uploads\\\/dumu-detektors-WIFI-ar-kameru-1000x1000-1.png\",\"width\":1000,\"height\":1000,\"caption\":\"d\u016bmu detektors-WIFI-ar-kameru-1000x1000\"},{\"@type\":\"BreadcrumbList\",\"@id\":\"https:\\\/\\\/izsekosanasierices.lv\\\/produkts\\\/dumu-detektors-ar-kameru-ne-imitacija-ar-wi-fi-full-hd\\\/#breadcrumb\",\"itemListElement\":[{\"@type\":\"ListItem\",\"position\":1,\"name\":\"S\u0101kums\",\"item\":\"https:\\\/\\\/izsekosanasierices.lv\\\/\"},{\"@type\":\"ListItem\",\"position\":2,\"name\":\"Veikals\",\"item\":\"https:\\\/\\\/izsekosanasierices.lv\\\/veikals\\\/\"},{\"@type\":\"ListItem\",\"position\":3,\"name\":\"D\u016bmu detektors ar kameru (ne imit\u0101cija) ar Wi-Fi FULL HD\"}]},{\"@type\":\"WebSite\",\"@id\":\"https:\\\/\\\/izsekosanasierices.lv\\\/#website\",\"url\":\"https:\\\/\\\/izsekosanasierices.lv\\\/\",\"name\":\"Nr1 Izseko\u0161anas ier\u012bces gps izseko\u0161anas iek\u0101rtas, klaus\u012b\u0161an\u0101s iek\u0101rtas\",\"description\":\"\",\"potentialAction\":[{\"@type\":\"SearchAction\",\"target\":{\"@type\":\"EntryPoint\",\"urlTemplate\":\"https:\\\/\\\/izsekosanasierices.lv\\\/?s={search_term_string}\"},\"query-input\":{\"@type\":\"PropertyValueSpecification\",\"valueRequired\":true,\"valueName\":\"search_term_string\"}}],\"inLanguage\":\"ru-RU\"}]}<\/script>\n<!-- \/ Yoast SEO plugin. -->","yoast_head_json":{"title":"D\u016bmu detektors ar kameru (ne imit\u0101cija) ar Wi-Fi FULL HD","robots":{"index":"index","follow":"follow","max-snippet":"max-snippet:-1","max-image-preview":"max-image-preview:large","max-video-preview":"max-video-preview:-1"},"canonical":"https:\/\/izsekosanasierices.lv\/ru\/produkts\/detektor-dyma-s-kameroy-ne-imitatsiya-s-wi-fi-full-hd\/","og_locale":"ru_RU","og_type":"article","og_title":"D\u016bmu detektora uzst\u0101d\u012b\u0161ana ar sl\u0113pto nov\u0113ro\u0161anas kameru|Sekimoiranga.lt","og_description":"D\u016bmu detektora imit\u0101cija T\u0101 ir apr\u012bkota ar slepenu nov\u0113ro\u0161anas kameru ar WI FI, kas \u013caus jums nov\u0113rot tie\u0161raidi tie\u0161saist\u0113 27\/7 Augstas kvalit\u0101tes att\u0113ls. Apm\u0101c\u012bba izmantot","og_url":"https:\/\/izsekosanasierices.lv\/ru\/produkts\/detektor-dyma-s-kameroy-ne-imitatsiya-s-wi-fi-full-hd\/","og_site_name":"Nr1 Izseko\u0161anas ier\u012bces gps izseko\u0161anas iek\u0101rtas, klaus\u012b\u0161an\u0101s iek\u0101rtas","article_modified_time":"2026-03-10T09:50:55+00:00","og_image":[{"url":"https:\/\/rvnski.dev\/sekimoiranga\/wp-content\/uploads\/izsekosanasierices.webp","type":"","width":"","height":""}],"twitter_card":"summary_large_image","twitter_title":"D\u016bmu detektora uzst\u0101d\u012b\u0161ana ar sl\u0113pto nov\u0113ro\u0161anas kameru|Sekimoiranga.lt","twitter_description":"D\u016bmu detektora imit\u0101cija T\u0101 ir apr\u012bkota ar slepenu nov\u0113ro\u0161anas kameru ar WI FI, kas \u013caus jums nov\u0113rot tie\u0161raidi tie\u0161saist\u0113 27\/7 Augstas kvalit\u0101tes att\u0113ls. Apm\u0101c\u012bba izmantot","twitter_misc":{"\u041f\u0440\u0438\u043c\u0435\u0440\u043d\u043e\u0435 \u0432\u0440\u0435\u043c\u044f \u0434\u043b\u044f \u0447\u0442\u0435\u043d\u0438\u044f":"1 \u043c\u0438\u043d\u0443\u0442\u0430"},"schema":{"@context":"https:\/\/schema.org","@graph":[{"@type":"WebPage","@id":"https:\/\/izsekosanasierices.lv\/produkts\/dumu-detektors-ar-kameru-ne-imitacija-ar-wi-fi-full-hd\/","url":"https:\/\/izsekosanasierices.lv\/produkts\/dumu-detektors-ar-kameru-ne-imitacija-ar-wi-fi-full-hd\/","name":"D\u016bmu detektors ar kameru (ne imit\u0101cija) ar Wi-Fi FULL HD","isPartOf":{"@id":"https:\/\/izsekosanasierices.lv\/#website"},"primaryImageOfPage":{"@id":"https:\/\/izsekosanasierices.lv\/produkts\/dumu-detektors-ar-kameru-ne-imitacija-ar-wi-fi-full-hd\/#primaryimage"},"image":{"@id":"https:\/\/izsekosanasierices.lv\/produkts\/dumu-detektors-ar-kameru-ne-imitacija-ar-wi-fi-full-hd\/#primaryimage"},"thumbnailUrl":"https:\/\/izsekosanasierices.lv\/wp-content\/uploads\/dumu-detektors-WIFI-ar-kameru-1000x1000-1.png","datePublished":"2025-01-20T11:19:28+00:00","dateModified":"2026-03-10T09:50:55+00:00","breadcrumb":{"@id":"https:\/\/izsekosanasierices.lv\/produkts\/dumu-detektors-ar-kameru-ne-imitacija-ar-wi-fi-full-hd\/#breadcrumb"},"inLanguage":"ru-RU","potentialAction":[{"@type":"ReadAction","target":["https:\/\/izsekosanasierices.lv\/produkts\/dumu-detektors-ar-kameru-ne-imitacija-ar-wi-fi-full-hd\/"]}]},{"@type":"ImageObject","inLanguage":"ru-RU","@id":"https:\/\/izsekosanasierices.lv\/produkts\/dumu-detektors-ar-kameru-ne-imitacija-ar-wi-fi-full-hd\/#primaryimage","url":"https:\/\/izsekosanasierices.lv\/wp-content\/uploads\/dumu-detektors-WIFI-ar-kameru-1000x1000-1.png","contentUrl":"https:\/\/izsekosanasierices.lv\/wp-content\/uploads\/dumu-detektors-WIFI-ar-kameru-1000x1000-1.png","width":1000,"height":1000,"caption":"d\u016bmu detektors-WIFI-ar-kameru-1000x1000"},{"@type":"BreadcrumbList","@id":"https:\/\/izsekosanasierices.lv\/produkts\/dumu-detektors-ar-kameru-ne-imitacija-ar-wi-fi-full-hd\/#breadcrumb","itemListElement":[{"@type":"ListItem","position":1,"name":"S\u0101kums","item":"https:\/\/izsekosanasierices.lv\/"},{"@type":"ListItem","position":2,"name":"Veikals","item":"https:\/\/izsekosanasierices.lv\/veikals\/"},{"@type":"ListItem","position":3,"name":"D\u016bmu detektors ar kameru (ne imit\u0101cija) ar Wi-Fi FULL HD"}]},{"@type":"WebSite","@id":"https:\/\/izsekosanasierices.lv\/#website","url":"https:\/\/izsekosanasierices.lv\/","name":"Nr1 Izseko\u0161anas ier\u012bces gps izseko\u0161anas iek\u0101rtas, klaus\u012b\u0161an\u0101s iek\u0101rtas","description":"","potentialAction":[{"@type":"SearchAction","target":{"@type":"EntryPoint","urlTemplate":"https:\/\/izsekosanasierices.lv\/?s={search_term_string}"},"query-input":{"@type":"PropertyValueSpecification","valueRequired":true,"valueName":"search_term_string"}}],"inLanguage":"ru-RU"}]}},"_links":{"self":[{"href":"https:\/\/izsekosanasierices.lv\/ru\/wp-json\/wp\/v2\/product\/3581","targetHints":{"allow":["GET"]}}],"collection":[{"href":"https:\/\/izsekosanasierices.lv\/ru\/wp-json\/wp\/v2\/product"}],"about":[{"href":"https:\/\/izsekosanasierices.lv\/ru\/wp-json\/wp\/v2\/types\/product"}],"wp:featuredmedia":[{"embeddable":true,"href":"https:\/\/izsekosanasierices.lv\/ru\/wp-json\/wp\/v2\/media\/3582"}],"wp:attachment":[{"href":"https:\/\/izsekosanasierices.lv\/ru\/wp-json\/wp\/v2\/media?parent=3581"}],"wp:term":[{"taxonomy":"product_brand","embeddable":true,"href":"https:\/\/izsekosanasierices.lv\/ru\/wp-json\/wp\/v2\/product_brand?post=3581"},{"taxonomy":"product_cat","embeddable":true,"href":"https:\/\/izsekosanasierices.lv\/ru\/wp-json\/wp\/v2\/product_cat?post=3581"},{"taxonomy":"product_tag","embeddable":true,"href":"https:\/\/izsekosanasierices.lv\/ru\/wp-json\/wp\/v2\/product_tag?post=3581"}],"curies":[{"name":"wp","href":"https:\/\/api.w.org\/{rel}","templated":true}]}}