{"id":3587,"date":"2025-01-20T13:29:06","date_gmt":"2025-01-20T11:29:06","guid":{"rendered":"https:\/\/izsekosanasierices.lv\/?post_type=product&#038;p=3587"},"modified":"2025-11-19T17:55:59","modified_gmt":"2025-11-19T15:55:59","slug":"majsaimniecibas-elektriskais-pagarinatajs-pagarinatajs-ar-slepto-kameru","status":"publish","type":"product","link":"https:\/\/izsekosanasierices.lv\/ru\/produkts\/bytovoy-elektricheskiy-udlinitel-udlinitel-so-skrytoy-kameroy\/","title":{"rendered":"\u0411\u044b\u0442\u043e\u0432\u043e\u0439 \u044d\u043b\u0435\u043a\u0442\u0440\u0438\u0447\u0435\u0441\u043a\u0438\u0439 \u0443\u0434\u043b\u0438\u043d\u0438\u0442\u0435\u043b\u044c \/ \u0443\u0434\u043b\u0438\u043d\u0438\u0442\u0435\u043b\u044c \u0441\u043e \u0441\u043a\u0440\u044b\u0442\u043e\u0439 \u043a\u0430\u043c\u0435\u0440\u043e\u0439"},"content":{"rendered":"<h3><strong>\u0422\u0435\u0445\u043d\u0438\u0447\u0435\u0441\u043a\u0438\u0435 \u043f\u0430\u0440\u0430\u043c\u0435\u0442\u0440\u044b:<\/strong><\/h3>\n<div class=\"flex max-w-full flex-col flex-grow\">\n<div class=\"min-h-8 text-message flex w-full flex-col items-end gap-2 whitespace-normal break-words text-start [.text-message+&amp;]:mt-5\" dir=\"auto\" data-message-author-role=\"assistant\" data-message-id=\"fd056309-036b-4214-81c4-e874b19fbcce\" data-message-model-slug=\"gpt-4o-mini\">\n<div class=\"flex w-full flex-col gap-1 empty:hidden first:pt-[3px]\">\n<div class=\"markdown prose w-full break-words dark:prose-invert light\">\n<ul>\n<li>\u0423\u0434\u0430\u043b\u0435\u043d\u043d\u044b\u0439 \u043f\u0440\u043e\u0441\u043c\u043e\u0442\u0440: \u0414\u0410<\/li>\n<li>\u0422\u043e\u043b\u044c\u043a\u043e \u0432 \u0431\u0435\u043b\u043e\u043c \u0446\u0432\u0435\u0442\u0435<\/li>\n<li>\u0418\u0437\u043e\u0431\u0440\u0430\u0436\u0435\u043d\u0438\u0435 \u0437\u0430\u043f\u0438\u0441\u044b\u0432\u0430\u0435\u0442\u0441\u044f \u0441\u043e \u0437\u0432\u0443\u043a\u043e\u043c<\/li>\n<li>\u041a\u0430\u0447\u0435\u0441\u0442\u0432\u043e \u0438\u0437\u043e\u0431\u0440\u0430\u0436\u0435\u043d\u0438\u044f: FULL HD 1080P, 1920*1080<\/li>\n<li>\u0418\u0437\u043e\u0431\u0440\u0430\u0436\u0435\u043d\u0438\u044f \u043c\u043e\u0436\u043d\u043e \u043f\u0440\u043e\u0441\u043c\u0430\u0442\u0440\u0438\u0432\u0430\u0442\u044c: \u043d\u0430 \u0442\u0435\u043b\u0435\u0444\u043e\u043d\u0435, \u043f\u043b\u0430\u043d\u0448\u0435\u0442\u0435<\/li>\n<li>\u041a\u0430\u043c\u0435\u0440\u0435 \u043d\u0435 \u0442\u0440\u0435\u0431\u0443\u0435\u0442\u0441\u044f \u0437\u0430\u0440\u044f\u0434\u043a\u0430, \u0442\u0430\u043a \u043a\u0430\u043a \u043f\u0440\u0438 \u043f\u043e\u0434\u043a\u043b\u044e\u0447\u0435\u043d\u0438\u0438 \u043a \u044d\u043b\u0435\u043a\u0442\u0440\u043e\u0441\u0435\u0442\u0438 \u0438\u0437\u043e\u0431\u0440\u0430\u0436\u0435\u043d\u0438\u0435 \u043e\u0442\u043e\u0431\u0440\u0430\u0436\u0430\u0435\u0442\u0441\u044f \u043f\u043e\u0441\u0442\u043e\u044f\u043d\u043d\u043e<\/li>\n<li>\u0420\u0435\u0436\u0438\u043c \u0434\u0435\u0442\u0435\u043a\u0442\u043e\u0440\u0430 \u0434\u0432\u0438\u0436\u0435\u043d\u0438\u044f: \u0414\u0410 (\u0446\u0438\u0444\u0440\u043e\u0432\u043e\u0439)<\/li>\n<li>\u0423\u0433\u043e\u043b \u043e\u0431\u0437\u043e\u0440\u0430: 90\u00b0<\/li>\n<li>\u041f\u043e\u0434\u0434\u0435\u0440\u0436\u0438\u0432\u0430\u0435\u043c\u0430\u044f \u043a\u0430\u0440\u0442\u0430 \u043f\u0430\u043c\u044f\u0442\u0438: \u0434\u043e 128 \u0413\u0411 (\u043a\u0430\u0440\u0442\u0430 \u043d\u0435 \u0432\u043a\u043b\u044e\u0447\u0435\u043d\u0430 \u0432 \u043a\u043e\u043c\u043f\u043b\u0435\u043a\u0442)<\/li>\n<li>1 \u0447\u0430\u0441 \u0432\u0438\u0434\u0435\u043e\u0437\u0430\u043f\u0438\u0441\u0438: 400 \u041c\u0411<\/li>\n<li>\u041f\u043e\u0434\u0434\u0435\u0440\u0436\u0438\u0432\u0430\u0435\u043c\u044b\u0435 \u0441\u0438\u0441\u0442\u0435\u043c\u044b \"iOS\", \"Android\"<\/li>\n<li>\u041f\u0440\u0438\u043b\u043e\u0436\u0435\u043d\u0438\u044f \u0434\u043b\u044f Android \/ iPhone<\/li>\n<li>\u041f\u043e\u0434\u043a\u043b\u044e\u0447\u0430\u0435\u0442\u0441\u044f \u043a WiFi \u0441\u0435\u0442\u0438, \u0438\u0437\u043e\u0431\u0440\u0430\u0436\u0435\u043d\u0438\u0435 \u043c\u043e\u0436\u043d\u043e \u043f\u0440\u043e\u0441\u043c\u0430\u0442\u0440\u0438\u0432\u0430\u0442\u044c \u0438\u0437 \u043b\u044e\u0431\u043e\u0439 \u0442\u043e\u0447\u043a\u0438 \u043c\u0438\u0440\u0430<\/li>\n<li>\u041f\u044f\u0442\u044c \u0440\u043e\u0437\u0435\u0442\u043e\u043a<\/li>\n<li>\u0413\u0430\u0440\u0430\u043d\u0442\u0438\u044f 12 \u043c\u0435\u0441\u044f\u0446\u0435\u0432<\/li>\n<\/ul>\n<\/div>\n<\/div>\n<\/div>\n<\/div>\n<p><span style=\"color: #ff0000;\"><strong>\u041d\u0443\u0436\u043d\u0430 \u0431\u044b\u0441\u0442\u0440\u0430\u044f \u0434\u043e\u0441\u0442\u0430\u0432\u043a\u0430 \u0432 \u0442\u043e\u0442 \u0436\u0435 \u0434\u0435\u043d\u044c (\u0438 \u0432 \u0432\u044b\u0445\u043e\u0434\u043d\u044b\u0435)?  \u0417\u0432\u043e\u043d\u0438\u0442\u0435 +37120484176<\/strong><\/span><\/p>\n<p>&nbsp;<\/p>","protected":false},"excerpt":{"rendered":"<p>Tehniskie parametri: Att\u0101lin\u0101t\u0101 skat\u012b\u0161an\u0101s: J\u0100 Tikai balt\u0101 kr\u0101s\u0101 Att\u0113ls tiek ierakst\u012bts ar ska\u0146u Att\u0113la kvalit\u0101te: FULL HD 1080P, 1920*1080 Att\u0113lus var skat\u012bties: telefon\u0101, plan\u0161etdator\u0101 Kamerai nav nepiecie\u0161ama uzl\u0101de, jo, piesl\u0113dzot&#8230;<\/p>","protected":false},"featured_media":3588,"template":"","meta":[],"product_brand":[],"product_cat":[330,321,331],"product_tag":[417,332,325,23,334,328,29],"class_list":{"0":"post-3587","1":"product","2":"type-product","3":"status-publish","4":"has-post-thumbnail","6":"product_cat-masketas-kameras","7":"product_cat-sleptas-kameras","8":"product_cat-wi-fi-slepenas-kameras","9":"product_tag-dumu-detektors","10":"product_tag-izsekosanas-iekartas","11":"product_tag-izsekosanas-kamera","12":"product_tag-kamera","13":"product_tag-masketa-kamera","14":"product_tag-slepena-kamera","15":"product_tag-wi-fi-kamera","17":"first","18":"instock","19":"sale","20":"taxable","21":"shipping-taxable","22":"purchasable","23":"product-type-simple"},"yoast_head":"<!-- This site is optimized with the Yoast SEO plugin v27.4 - https:\/\/yoast.com\/product\/yoast-seo-wordpress\/ -->\n<title>M\u0101jsaimniec\u012bbas elektriskais pagarin\u0101t\u0101js pagarin\u0101t\u0101js ar sl\u0113pto kameru<\/title>\n<meta name=\"robots\" content=\"index, follow, max-snippet:-1, max-image-preview:large, max-video-preview:-1\" \/>\n<link rel=\"canonical\" href=\"https:\/\/izsekosanasierices.lv\/ru\/produkts\/bytovoy-elektricheskiy-udlinitel-udlinitel-so-skrytoy-kameroy\/\" \/>\n<meta property=\"og:locale\" content=\"ru_RU\" \/>\n<meta property=\"og:type\" content=\"article\" \/>\n<meta property=\"og:title\" content=\"D\u016bmu detektora uzst\u0101d\u012b\u0161ana ar sl\u0113pto nov\u0113ro\u0161anas kameru|Sekimoiranga.lt\" \/>\n<meta property=\"og:description\" content=\"D\u016bmu detektora imit\u0101cija T\u0101 ir apr\u012bkota ar slepenu nov\u0113ro\u0161anas kameru ar WI FI, kas \u013caus jums nov\u0113rot tie\u0161raidi tie\u0161saist\u0113 27\/7 Augstas kvalit\u0101tes att\u0113ls. Apm\u0101c\u012bba izmantot\" \/>\n<meta property=\"og:url\" content=\"https:\/\/izsekosanasierices.lv\/ru\/produkts\/bytovoy-elektricheskiy-udlinitel-udlinitel-so-skrytoy-kameroy\/\" \/>\n<meta property=\"og:site_name\" content=\"Nr1 Izseko\u0161anas ier\u012bces gps izseko\u0161anas iek\u0101rtas, klaus\u012b\u0161an\u0101s iek\u0101rtas\" \/>\n<meta property=\"article:modified_time\" content=\"2025-11-19T15:55:59+00:00\" \/>\n<meta property=\"og:image\" content=\"https:\/\/rvnski.dev\/sekimoiranga\/wp-content\/uploads\/izsekosanasierices.webp\" \/>\n<meta name=\"twitter:card\" content=\"summary_large_image\" \/>\n<meta name=\"twitter:title\" content=\"D\u016bmu detektora uzst\u0101d\u012b\u0161ana ar sl\u0113pto nov\u0113ro\u0161anas kameru|Sekimoiranga.lt\" \/>\n<meta name=\"twitter:description\" content=\"D\u016bmu detektora imit\u0101cija T\u0101 ir apr\u012bkota ar slepenu nov\u0113ro\u0161anas kameru ar WI FI, kas \u013caus jums nov\u0113rot tie\u0161raidi tie\u0161saist\u0113 27\/7 Augstas kvalit\u0101tes att\u0113ls. Apm\u0101c\u012bba izmantot\" \/>\n<meta name=\"twitter:label1\" content=\"\u041f\u0440\u0438\u043c\u0435\u0440\u043d\u043e\u0435 \u0432\u0440\u0435\u043c\u044f \u0434\u043b\u044f \u0447\u0442\u0435\u043d\u0438\u044f\" \/>\n\t<meta name=\"twitter:data1\" content=\"1 \u043c\u0438\u043d\u0443\u0442\u0430\" \/>\n<script type=\"application\/ld+json\" class=\"yoast-schema-graph\">{\"@context\":\"https:\\\/\\\/schema.org\",\"@graph\":[{\"@type\":\"WebPage\",\"@id\":\"https:\\\/\\\/izsekosanasierices.lv\\\/produkts\\\/majsaimniecibas-elektriskais-pagarinatajs-pagarinatajs-ar-slepto-kameru\\\/\",\"url\":\"https:\\\/\\\/izsekosanasierices.lv\\\/produkts\\\/majsaimniecibas-elektriskais-pagarinatajs-pagarinatajs-ar-slepto-kameru\\\/\",\"name\":\"M\u0101jsaimniec\u012bbas elektriskais pagarin\u0101t\u0101js pagarin\u0101t\u0101js ar sl\u0113pto kameru\",\"isPartOf\":{\"@id\":\"https:\\\/\\\/izsekosanasierices.lv\\\/#website\"},\"primaryImageOfPage\":{\"@id\":\"https:\\\/\\\/izsekosanasierices.lv\\\/produkts\\\/majsaimniecibas-elektriskais-pagarinatajs-pagarinatajs-ar-slepto-kameru\\\/#primaryimage\"},\"image\":{\"@id\":\"https:\\\/\\\/izsekosanasierices.lv\\\/produkts\\\/majsaimniecibas-elektriskais-pagarinatajs-pagarinatajs-ar-slepto-kameru\\\/#primaryimage\"},\"thumbnailUrl\":\"https:\\\/\\\/izsekosanasierices.lv\\\/wp-content\\\/uploads\\\/paplasinajums-pagarinajums-slepta-kamera-600x600-1.jpg\",\"datePublished\":\"2025-01-20T11:29:06+00:00\",\"dateModified\":\"2025-11-19T15:55:59+00:00\",\"breadcrumb\":{\"@id\":\"https:\\\/\\\/izsekosanasierices.lv\\\/produkts\\\/majsaimniecibas-elektriskais-pagarinatajs-pagarinatajs-ar-slepto-kameru\\\/#breadcrumb\"},\"inLanguage\":\"ru-RU\",\"potentialAction\":[{\"@type\":\"ReadAction\",\"target\":[\"https:\\\/\\\/izsekosanasierices.lv\\\/produkts\\\/majsaimniecibas-elektriskais-pagarinatajs-pagarinatajs-ar-slepto-kameru\\\/\"]}]},{\"@type\":\"ImageObject\",\"inLanguage\":\"ru-RU\",\"@id\":\"https:\\\/\\\/izsekosanasierices.lv\\\/produkts\\\/majsaimniecibas-elektriskais-pagarinatajs-pagarinatajs-ar-slepto-kameru\\\/#primaryimage\",\"url\":\"https:\\\/\\\/izsekosanasierices.lv\\\/wp-content\\\/uploads\\\/paplasinajums-pagarinajums-slepta-kamera-600x600-1.jpg\",\"contentUrl\":\"https:\\\/\\\/izsekosanasierices.lv\\\/wp-content\\\/uploads\\\/paplasinajums-pagarinajums-slepta-kamera-600x600-1.jpg\",\"width\":600,\"height\":600,\"caption\":\"papla\u0161in\u0101jums-pagarin\u0101jums-sl\u0113pt\u0101-kamera-600x600\"},{\"@type\":\"BreadcrumbList\",\"@id\":\"https:\\\/\\\/izsekosanasierices.lv\\\/produkts\\\/majsaimniecibas-elektriskais-pagarinatajs-pagarinatajs-ar-slepto-kameru\\\/#breadcrumb\",\"itemListElement\":[{\"@type\":\"ListItem\",\"position\":1,\"name\":\"S\u0101kums\",\"item\":\"https:\\\/\\\/izsekosanasierices.lv\\\/\"},{\"@type\":\"ListItem\",\"position\":2,\"name\":\"Veikals\",\"item\":\"https:\\\/\\\/izsekosanasierices.lv\\\/veikals\\\/\"},{\"@type\":\"ListItem\",\"position\":3,\"name\":\"M\u0101jsaimniec\u012bbas elektriskais pagarin\u0101t\u0101js \\\/ pagarin\u0101t\u0101js ar sl\u0113pto kameru\"}]},{\"@type\":\"WebSite\",\"@id\":\"https:\\\/\\\/izsekosanasierices.lv\\\/#website\",\"url\":\"https:\\\/\\\/izsekosanasierices.lv\\\/\",\"name\":\"Nr1 Izseko\u0161anas ier\u012bces gps izseko\u0161anas iek\u0101rtas, klaus\u012b\u0161an\u0101s iek\u0101rtas\",\"description\":\"\",\"potentialAction\":[{\"@type\":\"SearchAction\",\"target\":{\"@type\":\"EntryPoint\",\"urlTemplate\":\"https:\\\/\\\/izsekosanasierices.lv\\\/?s={search_term_string}\"},\"query-input\":{\"@type\":\"PropertyValueSpecification\",\"valueRequired\":true,\"valueName\":\"search_term_string\"}}],\"inLanguage\":\"ru-RU\"}]}<\/script>\n<!-- \/ Yoast SEO plugin. -->","yoast_head_json":{"title":"M\u0101jsaimniec\u012bbas elektriskais pagarin\u0101t\u0101js pagarin\u0101t\u0101js ar sl\u0113pto kameru","robots":{"index":"index","follow":"follow","max-snippet":"max-snippet:-1","max-image-preview":"max-image-preview:large","max-video-preview":"max-video-preview:-1"},"canonical":"https:\/\/izsekosanasierices.lv\/ru\/produkts\/bytovoy-elektricheskiy-udlinitel-udlinitel-so-skrytoy-kameroy\/","og_locale":"ru_RU","og_type":"article","og_title":"D\u016bmu detektora uzst\u0101d\u012b\u0161ana ar sl\u0113pto nov\u0113ro\u0161anas kameru|Sekimoiranga.lt","og_description":"D\u016bmu detektora imit\u0101cija T\u0101 ir apr\u012bkota ar slepenu nov\u0113ro\u0161anas kameru ar WI FI, kas \u013caus jums nov\u0113rot tie\u0161raidi tie\u0161saist\u0113 27\/7 Augstas kvalit\u0101tes att\u0113ls. Apm\u0101c\u012bba izmantot","og_url":"https:\/\/izsekosanasierices.lv\/ru\/produkts\/bytovoy-elektricheskiy-udlinitel-udlinitel-so-skrytoy-kameroy\/","og_site_name":"Nr1 Izseko\u0161anas ier\u012bces gps izseko\u0161anas iek\u0101rtas, klaus\u012b\u0161an\u0101s iek\u0101rtas","article_modified_time":"2025-11-19T15:55:59+00:00","og_image":[{"url":"https:\/\/rvnski.dev\/sekimoiranga\/wp-content\/uploads\/izsekosanasierices.webp","type":"","width":"","height":""}],"twitter_card":"summary_large_image","twitter_title":"D\u016bmu detektora uzst\u0101d\u012b\u0161ana ar sl\u0113pto nov\u0113ro\u0161anas kameru|Sekimoiranga.lt","twitter_description":"D\u016bmu detektora imit\u0101cija T\u0101 ir apr\u012bkota ar slepenu nov\u0113ro\u0161anas kameru ar WI FI, kas \u013caus jums nov\u0113rot tie\u0161raidi tie\u0161saist\u0113 27\/7 Augstas kvalit\u0101tes att\u0113ls. Apm\u0101c\u012bba izmantot","twitter_misc":{"\u041f\u0440\u0438\u043c\u0435\u0440\u043d\u043e\u0435 \u0432\u0440\u0435\u043c\u044f \u0434\u043b\u044f \u0447\u0442\u0435\u043d\u0438\u044f":"1 \u043c\u0438\u043d\u0443\u0442\u0430"},"schema":{"@context":"https:\/\/schema.org","@graph":[{"@type":"WebPage","@id":"https:\/\/izsekosanasierices.lv\/produkts\/majsaimniecibas-elektriskais-pagarinatajs-pagarinatajs-ar-slepto-kameru\/","url":"https:\/\/izsekosanasierices.lv\/produkts\/majsaimniecibas-elektriskais-pagarinatajs-pagarinatajs-ar-slepto-kameru\/","name":"M\u0101jsaimniec\u012bbas elektriskais pagarin\u0101t\u0101js pagarin\u0101t\u0101js ar sl\u0113pto kameru","isPartOf":{"@id":"https:\/\/izsekosanasierices.lv\/#website"},"primaryImageOfPage":{"@id":"https:\/\/izsekosanasierices.lv\/produkts\/majsaimniecibas-elektriskais-pagarinatajs-pagarinatajs-ar-slepto-kameru\/#primaryimage"},"image":{"@id":"https:\/\/izsekosanasierices.lv\/produkts\/majsaimniecibas-elektriskais-pagarinatajs-pagarinatajs-ar-slepto-kameru\/#primaryimage"},"thumbnailUrl":"https:\/\/izsekosanasierices.lv\/wp-content\/uploads\/paplasinajums-pagarinajums-slepta-kamera-600x600-1.jpg","datePublished":"2025-01-20T11:29:06+00:00","dateModified":"2025-11-19T15:55:59+00:00","breadcrumb":{"@id":"https:\/\/izsekosanasierices.lv\/produkts\/majsaimniecibas-elektriskais-pagarinatajs-pagarinatajs-ar-slepto-kameru\/#breadcrumb"},"inLanguage":"ru-RU","potentialAction":[{"@type":"ReadAction","target":["https:\/\/izsekosanasierices.lv\/produkts\/majsaimniecibas-elektriskais-pagarinatajs-pagarinatajs-ar-slepto-kameru\/"]}]},{"@type":"ImageObject","inLanguage":"ru-RU","@id":"https:\/\/izsekosanasierices.lv\/produkts\/majsaimniecibas-elektriskais-pagarinatajs-pagarinatajs-ar-slepto-kameru\/#primaryimage","url":"https:\/\/izsekosanasierices.lv\/wp-content\/uploads\/paplasinajums-pagarinajums-slepta-kamera-600x600-1.jpg","contentUrl":"https:\/\/izsekosanasierices.lv\/wp-content\/uploads\/paplasinajums-pagarinajums-slepta-kamera-600x600-1.jpg","width":600,"height":600,"caption":"papla\u0161in\u0101jums-pagarin\u0101jums-sl\u0113pt\u0101-kamera-600x600"},{"@type":"BreadcrumbList","@id":"https:\/\/izsekosanasierices.lv\/produkts\/majsaimniecibas-elektriskais-pagarinatajs-pagarinatajs-ar-slepto-kameru\/#breadcrumb","itemListElement":[{"@type":"ListItem","position":1,"name":"S\u0101kums","item":"https:\/\/izsekosanasierices.lv\/"},{"@type":"ListItem","position":2,"name":"Veikals","item":"https:\/\/izsekosanasierices.lv\/veikals\/"},{"@type":"ListItem","position":3,"name":"M\u0101jsaimniec\u012bbas elektriskais pagarin\u0101t\u0101js \/ pagarin\u0101t\u0101js ar sl\u0113pto kameru"}]},{"@type":"WebSite","@id":"https:\/\/izsekosanasierices.lv\/#website","url":"https:\/\/izsekosanasierices.lv\/","name":"Nr1 Izseko\u0161anas ier\u012bces gps izseko\u0161anas iek\u0101rtas, klaus\u012b\u0161an\u0101s iek\u0101rtas","description":"","potentialAction":[{"@type":"SearchAction","target":{"@type":"EntryPoint","urlTemplate":"https:\/\/izsekosanasierices.lv\/?s={search_term_string}"},"query-input":{"@type":"PropertyValueSpecification","valueRequired":true,"valueName":"search_term_string"}}],"inLanguage":"ru-RU"}]}},"_links":{"self":[{"href":"https:\/\/izsekosanasierices.lv\/ru\/wp-json\/wp\/v2\/product\/3587","targetHints":{"allow":["GET"]}}],"collection":[{"href":"https:\/\/izsekosanasierices.lv\/ru\/wp-json\/wp\/v2\/product"}],"about":[{"href":"https:\/\/izsekosanasierices.lv\/ru\/wp-json\/wp\/v2\/types\/product"}],"wp:featuredmedia":[{"embeddable":true,"href":"https:\/\/izsekosanasierices.lv\/ru\/wp-json\/wp\/v2\/media\/3588"}],"wp:attachment":[{"href":"https:\/\/izsekosanasierices.lv\/ru\/wp-json\/wp\/v2\/media?parent=3587"}],"wp:term":[{"taxonomy":"product_brand","embeddable":true,"href":"https:\/\/izsekosanasierices.lv\/ru\/wp-json\/wp\/v2\/product_brand?post=3587"},{"taxonomy":"product_cat","embeddable":true,"href":"https:\/\/izsekosanasierices.lv\/ru\/wp-json\/wp\/v2\/product_cat?post=3587"},{"taxonomy":"product_tag","embeddable":true,"href":"https:\/\/izsekosanasierices.lv\/ru\/wp-json\/wp\/v2\/product_tag?post=3587"}],"curies":[{"name":"wp","href":"https:\/\/api.w.org\/{rel}","templated":true}]}}