{"id":3604,"date":"2025-01-20T13:55:16","date_gmt":"2025-01-20T11:55:16","guid":{"rendered":"https:\/\/izsekosanasierices.lv\/?post_type=product&#038;p=3604"},"modified":"2025-11-19T17:17:30","modified_gmt":"2025-11-19T15:17:30","slug":"xiaomi-wifi-marsrutizators-sakaru-pastiprinatajs-ar-slepto-kameru","status":"publish","type":"product","link":"https:\/\/izsekosanasierices.lv\/ru\/produkts\/xiaomi-wifi-router-usilitel-svyazi-so-skrytoy-kameroy\/","title":{"rendered":"XIAOMI WiFi \u0440\u043e\u0443\u0442\u0435\u0440 (\u0443\u0441\u0438\u043b\u0438\u0442\u0435\u043b\u044c \u0441\u0432\u044f\u0437\u0438) \u0441\u043e \u0441\u043a\u0440\u044b\u0442\u043e\u0439 \u043a\u0430\u043c\u0435\u0440\u043e\u0439"},"content":{"rendered":"<p><strong><span style=\"color: #ff0000;\">\u0410\u041a\u0426\u0418\u042f: 32 \u0413\u0411 micro SD \u0432 \u043f\u043e\u0434\u0430\u0440\u043e\u043a<\/span> <\/strong><\/p>\n<h3>\u0422\u0435\u0445\u043d\u0438\u0447\u0435\u0441\u043a\u0438\u0435 \u043f\u0430\u0440\u0430\u043c\u0435\u0442\u0440\u044b:<\/h3>\n<ul>\n<li>\u0412\u043d\u0443\u0442\u0440\u0435\u043d\u043d\u044f\u044f \u043f\u0430\u043c\u044f\u0442\u044c 32GB (\u043d\u0435\u043f\u0440\u0435\u0440\u044b\u0432\u043d\u043e \u043c\u043e\u0436\u0435\u0442 \u0437\u0430\u043f\u0438\u0441\u044b\u0432\u0430\u0442\u044c \u043f\u0440\u0438\u043c\u0435\u0440\u043d\u043e 4 \u0434\u043d\u044f)<\/li>\n<li>\u0412\u0438\u0434\u0435\u043e\u0443\u0441\u0442\u0430\u043d\u043e\u0432\u043a\u0430 \u0441\u043e \u0437\u0432\u0443\u043a\u043e\u043c<\/li>\n<li>\u0423\u0441\u0438\u043b\u0438\u0442\u0435\u043b\u044c \u0441\u0432\u044f\u0437\u0438 \u0440\u0430\u0431\u043e\u0442\u0430\u0435\u0442 (\u043d\u0435 \u0438\u043c\u0438\u0442\u0430\u0446\u0438\u044f)<\/li>\n<li>\u0420\u0430\u0437\u0440\u0435\u0448\u0435\u043d\u0438\u0435 \u0437\u0430\u043f\u0438\u0441\u0438: \u043f\u043e\u043b\u043d\u044b\u0439 HD 1920x1080px<\/li>\n<li>\u0412\u0441\u0442\u0430\u0432\u044c\u0442\u0435 \u0432 \u0440\u043e\u0437\u0435\u0442\u043a\u0443<\/li>\n<li>\u0423\u0433\u043e\u043b: 110\u00b0<\/li>\n<li>\u0417\u0432\u0443\u043a: \u043c\u0438\u043a\u0440\u043e\u0444\u043e\u043d \u0441 \u0444\u0443\u043d\u043a\u0446\u0438\u0435\u0439 \u0448\u0443\u043c\u043e\u043f\u043e\u0434\u0430\u0432\u043b\u0435\u043d\u0438\u044f<\/li>\n<li>\u0412\u0441\u0442\u0430\u0432\u044c\u0442\u0435 \u0432 \u0440\u043e\u0437\u0435\u0442\u043a\u0443<\/li>\n<li>\u041e\u043d\u043b\u0430\u0439\u043d \u043c\u043e\u043d\u0438\u0442\u043e\u0440\u0438\u043d\u0433 (\u0447\u0435\u0440\u0435\u0437 \u043c\u043e\u0431\u0438\u043b\u044c\u043d\u043e\u0435 \u043f\u0440\u0438\u043b\u043e\u0436\u0435\u043d\u0438\u0435)<\/li>\n<li>\u0414\u0430\u0442\u0447\u0438\u043a \u0434\u0432\u0438\u0436\u0435\u043d\u0438\u044f<\/li>\n<li>\u0412\u043e\u0437\u043c\u043e\u0436\u043d\u043e\u0441\u0442\u044c \u043f\u0438\u0441\u0430\u0442\u044c \u043f\u043e\u0432\u0435\u0440\u0445 \u0432\u0438\u0434\u0435\u043e (\u043f\u0435\u0442\u043b\u044f)<\/li>\n<li>\u0412\u0438\u0434\u0435\u043e\u0443\u0441\u0442\u0430\u043d\u043e\u0432\u043a\u0430 \u043f\u0440\u0438 \u043e\u0431\u043d\u0430\u0440\u0443\u0436\u0435\u043d\u0438\u0438 \u0434\u0432\u0438\u0436\u0435\u043d\u0438\u044f<\/li>\n<li>\u041a\u043e\u0434\u0438\u0440\u043e\u0432\u0430\u043d\u0438\u0435 \u0432\u0438\u0434\u0435\u043e: H264<\/li>\n<li>\u041a\u043e\u043c\u043f\u043b\u0435\u043a\u0442\u0430\u0446\u0438\u044f: WiFi \u043a\u0430\u043c\u0435\u0440\u0430, \u0438\u043d\u0441\u0442\u0440\u0443\u043a\u0446\u0438\u044f<\/li>\n<li>\u0421\u043a\u043e\u0440\u043e\u0441\u0442\u044c \u043f\u0435\u0440\u0435\u0434\u0430\u0447\u0438 \u0434\u0430\u043d\u043d\u044b\u0445 \u0434\u043e 300 Mbps<\/li>\n<li>\u0420\u0430\u0437\u043c\u0435\u0440\u044b: 120x30x90mm<\/li>\n<li>\u0413\u0410\u0420\u0410\u041d\u0422\u0418\u042f 12 \u043c\u0435\u0441\u044f\u0446\u0435\u0432<\/li>\n<\/ul>\n<p><span style=\"color: #ff0000;\"><strong>\u041d\u0443\u0436\u043d\u0430 \u0431\u044b\u0441\u0442\u0440\u0430\u044f \u0434\u043e\u0441\u0442\u0430\u0432\u043a\u0430 \u0432 \u0442\u043e\u0442 \u0436\u0435 \u0434\u0435\u043d\u044c (\u0438 \u0432 \u0432\u044b\u0445\u043e\u0434\u043d\u044b\u0435)?  \u0417\u0432\u043e\u043d\u0438\u0442\u0435 +37120484176<\/strong><\/span><\/p>\n<p>&nbsp;<\/p>","protected":false},"excerpt":{"rendered":"<p><strong>WiFi<\/strong>\u0447\u0430\u0441\u044b \u0441\u043e \u0432\u0441\u0442\u0440\u043e\u0435\u043d\u043d\u043e\u0439 \u0441\u043a\u0440\u044b\u0442\u043e\u0439 \u043a\u0430\u043c\u0435\u0440\u043e\u0439 \u043d\u0430\u0431\u043b\u044e\u0434\u0435\u043d\u0438\u044f. Full HD. \u0414\u0430\u0442\u0447\u0438\u043a \u0434\u0432\u0438\u0436\u0435\u043d\u0438\u044f. \u041e\u0434\u043d\u0430 \u0438\u0437 \u043b\u0443\u0447\u0448\u0438\u0445 \u043a\u0430\u043c\u0443\u0444\u043b\u0438\u0440\u043e\u0432\u0430\u043d\u043d\u044b\u0445 \u043a\u0430\u043c\u0435\u0440 \u043d\u0430 \u0440\u044b\u043d\u043a\u0435. \u0428\u0438\u0440\u043e\u043a\u0438\u0439 \u0443\u0433\u043e\u043b \u043e\u0431\u0437\u043e\u0440\u0430 160 \u0433\u0440\u0430\u0434\u0443\u0441\u043e\u0432.<\/p>","protected":false},"featured_media":3606,"template":"","meta":[],"product_brand":[],"product_cat":[330,321,331],"product_tag":[84,325,36,436,328,415,32,437],"class_list":{"0":"post-3604","1":"product","2":"type-product","3":"status-publish","4":"has-post-thumbnail","6":"product_cat-masketas-kameras","7":"product_cat-sleptas-kameras","8":"product_cat-wi-fi-slepenas-kameras","9":"product_tag-ip-kamera","10":"product_tag-izsekosanas-kamera","11":"product_tag-mini-kamera","12":"product_tag-noverosanas-kameras","13":"product_tag-slepena-kamera","14":"product_tag-slepenas-kameras","15":"product_tag-wifi-kamera","16":"product_tag-wifi-noverosanas-kamera","18":"first","19":"instock","20":"taxable","21":"shipping-taxable","22":"purchasable","23":"product-type-simple"},"yoast_head":"<!-- This site is optimized with the Yoast SEO plugin v27.4 - https:\/\/yoast.com\/product\/yoast-seo-wordpress\/ -->\n<title>XIAOMI WiFi mar\u0161rutizators sakaru pastiprin\u0101t\u0101js ar sl\u0113pto kameru<\/title>\n<meta name=\"description\" content=\"Xiaomi mar\u0161rutizators WiFi sign\u0101la pastiprin\u0101t\u0101js. Augstas kvalit\u0101tes slepen\u0101 video kamera. Viegls lietojums. \u0100tra un vienk\u0101r\u0161a piesl\u0113g\u0161ana pie WiFi, 32GB\" \/>\n<meta name=\"robots\" content=\"index, follow, max-snippet:-1, max-image-preview:large, max-video-preview:-1\" \/>\n<link rel=\"canonical\" href=\"https:\/\/izsekosanasierices.lv\/ru\/produkts\/xiaomi-wifi-router-usilitel-svyazi-so-skrytoy-kameroy\/\" \/>\n<meta property=\"og:locale\" content=\"ru_RU\" \/>\n<meta property=\"og:type\" content=\"article\" \/>\n<meta property=\"og:title\" content=\"Wi-fi pulkstenis ar ieb\u016bv\u0113tu slepenas izseko\u0161anas kameru Full HD kust\u012bbu uztver\u0161ana\" \/>\n<meta property=\"og:description\" content=\"Wi-fi pulkstenis ar ieb\u016bv\u0113tu slepenas izseko\u0161anas kameru Full HD kust\u012bbu sensors. Viena no lab\u0101kaj\u0101m mask\u0113taj\u0101m kamer\u0101m tirg\u016b. Pla\u0161s skata le\u0146\u0137is 160\" \/>\n<meta property=\"og:url\" content=\"https:\/\/izsekosanasierices.lv\/ru\/produkts\/xiaomi-wifi-router-usilitel-svyazi-so-skrytoy-kameroy\/\" \/>\n<meta property=\"og:site_name\" content=\"Nr1 Izseko\u0161anas ier\u012bces gps izseko\u0161anas iek\u0101rtas, klaus\u012b\u0161an\u0101s iek\u0101rtas\" \/>\n<meta property=\"article:modified_time\" content=\"2025-11-19T15:17:30+00:00\" \/>\n<meta property=\"og:image\" content=\"https:\/\/rvnski.dev\/sekimoiranga\/wp-content\/uploads\/izsekosanasierices.webp\" \/>\n<meta name=\"twitter:card\" content=\"summary_large_image\" \/>\n<meta name=\"twitter:title\" content=\"Wi-fi pulkstenis ar ieb\u016bv\u0113tu slepenas izseko\u0161anas kameru Full HD kust\u012bbu uztver\u0161ana\" \/>\n<meta name=\"twitter:description\" content=\"Wi-fi pulkstenis ar ieb\u016bv\u0113tu slepenas izseko\u0161anas kameru Full HD kust\u012bbu sensors. Viena no lab\u0101kaj\u0101m mask\u0113taj\u0101m kamer\u0101m tirg\u016b. Pla\u0161s skata le\u0146\u0137is 160\" \/>\n<meta name=\"twitter:label1\" content=\"\u041f\u0440\u0438\u043c\u0435\u0440\u043d\u043e\u0435 \u0432\u0440\u0435\u043c\u044f \u0434\u043b\u044f \u0447\u0442\u0435\u043d\u0438\u044f\" \/>\n\t<meta name=\"twitter:data1\" content=\"1 \u043c\u0438\u043d\u0443\u0442\u0430\" \/>\n<script type=\"application\/ld+json\" class=\"yoast-schema-graph\">{\"@context\":\"https:\\\/\\\/schema.org\",\"@graph\":[{\"@type\":\"WebPage\",\"@id\":\"https:\\\/\\\/izsekosanasierices.lv\\\/produkts\\\/xiaomi-wifi-marsrutizators-sakaru-pastiprinatajs-ar-slepto-kameru\\\/\",\"url\":\"https:\\\/\\\/izsekosanasierices.lv\\\/produkts\\\/xiaomi-wifi-marsrutizators-sakaru-pastiprinatajs-ar-slepto-kameru\\\/\",\"name\":\"XIAOMI WiFi mar\u0161rutizators sakaru pastiprin\u0101t\u0101js ar sl\u0113pto kameru\",\"isPartOf\":{\"@id\":\"https:\\\/\\\/izsekosanasierices.lv\\\/#website\"},\"primaryImageOfPage\":{\"@id\":\"https:\\\/\\\/izsekosanasierices.lv\\\/produkts\\\/xiaomi-wifi-marsrutizators-sakaru-pastiprinatajs-ar-slepto-kameru\\\/#primaryimage\"},\"image\":{\"@id\":\"https:\\\/\\\/izsekosanasierices.lv\\\/produkts\\\/xiaomi-wifi-marsrutizators-sakaru-pastiprinatajs-ar-slepto-kameru\\\/#primaryimage\"},\"thumbnailUrl\":\"https:\\\/\\\/izsekosanasierices.lv\\\/wp-content\\\/uploads\\\/xiaomi-wifi-marsrutetaja-diapazona-pastiprinatajs-ar-slepto-kameru-600x600-1.jpg\",\"datePublished\":\"2025-01-20T11:55:16+00:00\",\"dateModified\":\"2025-11-19T15:17:30+00:00\",\"description\":\"Xiaomi mar\u0161rutizators WiFi sign\u0101la pastiprin\u0101t\u0101js. Augstas kvalit\u0101tes slepen\u0101 video kamera. Viegls lietojums. \u0100tra un vienk\u0101r\u0161a piesl\u0113g\u0161ana pie WiFi, 32GB\",\"breadcrumb\":{\"@id\":\"https:\\\/\\\/izsekosanasierices.lv\\\/produkts\\\/xiaomi-wifi-marsrutizators-sakaru-pastiprinatajs-ar-slepto-kameru\\\/#breadcrumb\"},\"inLanguage\":\"ru-RU\",\"potentialAction\":[{\"@type\":\"ReadAction\",\"target\":[\"https:\\\/\\\/izsekosanasierices.lv\\\/produkts\\\/xiaomi-wifi-marsrutizators-sakaru-pastiprinatajs-ar-slepto-kameru\\\/\"]}]},{\"@type\":\"ImageObject\",\"inLanguage\":\"ru-RU\",\"@id\":\"https:\\\/\\\/izsekosanasierices.lv\\\/produkts\\\/xiaomi-wifi-marsrutizators-sakaru-pastiprinatajs-ar-slepto-kameru\\\/#primaryimage\",\"url\":\"https:\\\/\\\/izsekosanasierices.lv\\\/wp-content\\\/uploads\\\/xiaomi-wifi-marsrutetaja-diapazona-pastiprinatajs-ar-slepto-kameru-600x600-1.jpg\",\"contentUrl\":\"https:\\\/\\\/izsekosanasierices.lv\\\/wp-content\\\/uploads\\\/xiaomi-wifi-marsrutetaja-diapazona-pastiprinatajs-ar-slepto-kameru-600x600-1.jpg\",\"width\":600,\"height\":600,\"caption\":\"xiaomi-wifi mar\u0161rut\u0113t\u0101ja diapazona pastiprin\u0101t\u0101js ar sl\u0113pto kameru 600x600\"},{\"@type\":\"BreadcrumbList\",\"@id\":\"https:\\\/\\\/izsekosanasierices.lv\\\/produkts\\\/xiaomi-wifi-marsrutizators-sakaru-pastiprinatajs-ar-slepto-kameru\\\/#breadcrumb\",\"itemListElement\":[{\"@type\":\"ListItem\",\"position\":1,\"name\":\"S\u0101kums\",\"item\":\"https:\\\/\\\/izsekosanasierices.lv\\\/\"},{\"@type\":\"ListItem\",\"position\":2,\"name\":\"Veikals\",\"item\":\"https:\\\/\\\/izsekosanasierices.lv\\\/veikals\\\/\"},{\"@type\":\"ListItem\",\"position\":3,\"name\":\"XIAOMI WiFi mar\u0161rutizators (sakaru pastiprin\u0101t\u0101js) ar sl\u0113pto kameru\"}]},{\"@type\":\"WebSite\",\"@id\":\"https:\\\/\\\/izsekosanasierices.lv\\\/#website\",\"url\":\"https:\\\/\\\/izsekosanasierices.lv\\\/\",\"name\":\"Nr1 Izseko\u0161anas ier\u012bces gps izseko\u0161anas iek\u0101rtas, klaus\u012b\u0161an\u0101s iek\u0101rtas\",\"description\":\"\",\"potentialAction\":[{\"@type\":\"SearchAction\",\"target\":{\"@type\":\"EntryPoint\",\"urlTemplate\":\"https:\\\/\\\/izsekosanasierices.lv\\\/?s={search_term_string}\"},\"query-input\":{\"@type\":\"PropertyValueSpecification\",\"valueRequired\":true,\"valueName\":\"search_term_string\"}}],\"inLanguage\":\"ru-RU\"}]}<\/script>\n<!-- \/ Yoast SEO plugin. -->","yoast_head_json":{"title":"XIAOMI WiFi mar\u0161rutizators sakaru pastiprin\u0101t\u0101js ar sl\u0113pto kameru","description":"Xiaomi mar\u0161rutizators WiFi sign\u0101la pastiprin\u0101t\u0101js. Augstas kvalit\u0101tes slepen\u0101 video kamera. Viegls lietojums. \u0100tra un vienk\u0101r\u0161a piesl\u0113g\u0161ana pie WiFi, 32GB","robots":{"index":"index","follow":"follow","max-snippet":"max-snippet:-1","max-image-preview":"max-image-preview:large","max-video-preview":"max-video-preview:-1"},"canonical":"https:\/\/izsekosanasierices.lv\/ru\/produkts\/xiaomi-wifi-router-usilitel-svyazi-so-skrytoy-kameroy\/","og_locale":"ru_RU","og_type":"article","og_title":"Wi-fi pulkstenis ar ieb\u016bv\u0113tu slepenas izseko\u0161anas kameru Full HD kust\u012bbu uztver\u0161ana","og_description":"Wi-fi pulkstenis ar ieb\u016bv\u0113tu slepenas izseko\u0161anas kameru Full HD kust\u012bbu sensors. Viena no lab\u0101kaj\u0101m mask\u0113taj\u0101m kamer\u0101m tirg\u016b. Pla\u0161s skata le\u0146\u0137is 160","og_url":"https:\/\/izsekosanasierices.lv\/ru\/produkts\/xiaomi-wifi-router-usilitel-svyazi-so-skrytoy-kameroy\/","og_site_name":"Nr1 Izseko\u0161anas ier\u012bces gps izseko\u0161anas iek\u0101rtas, klaus\u012b\u0161an\u0101s iek\u0101rtas","article_modified_time":"2025-11-19T15:17:30+00:00","og_image":[{"url":"https:\/\/rvnski.dev\/sekimoiranga\/wp-content\/uploads\/izsekosanasierices.webp","type":"","width":"","height":""}],"twitter_card":"summary_large_image","twitter_title":"Wi-fi pulkstenis ar ieb\u016bv\u0113tu slepenas izseko\u0161anas kameru Full HD kust\u012bbu uztver\u0161ana","twitter_description":"Wi-fi pulkstenis ar ieb\u016bv\u0113tu slepenas izseko\u0161anas kameru Full HD kust\u012bbu sensors. Viena no lab\u0101kaj\u0101m mask\u0113taj\u0101m kamer\u0101m tirg\u016b. Pla\u0161s skata le\u0146\u0137is 160","twitter_misc":{"\u041f\u0440\u0438\u043c\u0435\u0440\u043d\u043e\u0435 \u0432\u0440\u0435\u043c\u044f \u0434\u043b\u044f \u0447\u0442\u0435\u043d\u0438\u044f":"1 \u043c\u0438\u043d\u0443\u0442\u0430"},"schema":{"@context":"https:\/\/schema.org","@graph":[{"@type":"WebPage","@id":"https:\/\/izsekosanasierices.lv\/produkts\/xiaomi-wifi-marsrutizators-sakaru-pastiprinatajs-ar-slepto-kameru\/","url":"https:\/\/izsekosanasierices.lv\/produkts\/xiaomi-wifi-marsrutizators-sakaru-pastiprinatajs-ar-slepto-kameru\/","name":"XIAOMI WiFi mar\u0161rutizators sakaru pastiprin\u0101t\u0101js ar sl\u0113pto kameru","isPartOf":{"@id":"https:\/\/izsekosanasierices.lv\/#website"},"primaryImageOfPage":{"@id":"https:\/\/izsekosanasierices.lv\/produkts\/xiaomi-wifi-marsrutizators-sakaru-pastiprinatajs-ar-slepto-kameru\/#primaryimage"},"image":{"@id":"https:\/\/izsekosanasierices.lv\/produkts\/xiaomi-wifi-marsrutizators-sakaru-pastiprinatajs-ar-slepto-kameru\/#primaryimage"},"thumbnailUrl":"https:\/\/izsekosanasierices.lv\/wp-content\/uploads\/xiaomi-wifi-marsrutetaja-diapazona-pastiprinatajs-ar-slepto-kameru-600x600-1.jpg","datePublished":"2025-01-20T11:55:16+00:00","dateModified":"2025-11-19T15:17:30+00:00","description":"Xiaomi mar\u0161rutizators WiFi sign\u0101la pastiprin\u0101t\u0101js. Augstas kvalit\u0101tes slepen\u0101 video kamera. Viegls lietojums. \u0100tra un vienk\u0101r\u0161a piesl\u0113g\u0161ana pie WiFi, 32GB","breadcrumb":{"@id":"https:\/\/izsekosanasierices.lv\/produkts\/xiaomi-wifi-marsrutizators-sakaru-pastiprinatajs-ar-slepto-kameru\/#breadcrumb"},"inLanguage":"ru-RU","potentialAction":[{"@type":"ReadAction","target":["https:\/\/izsekosanasierices.lv\/produkts\/xiaomi-wifi-marsrutizators-sakaru-pastiprinatajs-ar-slepto-kameru\/"]}]},{"@type":"ImageObject","inLanguage":"ru-RU","@id":"https:\/\/izsekosanasierices.lv\/produkts\/xiaomi-wifi-marsrutizators-sakaru-pastiprinatajs-ar-slepto-kameru\/#primaryimage","url":"https:\/\/izsekosanasierices.lv\/wp-content\/uploads\/xiaomi-wifi-marsrutetaja-diapazona-pastiprinatajs-ar-slepto-kameru-600x600-1.jpg","contentUrl":"https:\/\/izsekosanasierices.lv\/wp-content\/uploads\/xiaomi-wifi-marsrutetaja-diapazona-pastiprinatajs-ar-slepto-kameru-600x600-1.jpg","width":600,"height":600,"caption":"xiaomi-wifi mar\u0161rut\u0113t\u0101ja diapazona pastiprin\u0101t\u0101js ar sl\u0113pto kameru 600x600"},{"@type":"BreadcrumbList","@id":"https:\/\/izsekosanasierices.lv\/produkts\/xiaomi-wifi-marsrutizators-sakaru-pastiprinatajs-ar-slepto-kameru\/#breadcrumb","itemListElement":[{"@type":"ListItem","position":1,"name":"S\u0101kums","item":"https:\/\/izsekosanasierices.lv\/"},{"@type":"ListItem","position":2,"name":"Veikals","item":"https:\/\/izsekosanasierices.lv\/veikals\/"},{"@type":"ListItem","position":3,"name":"XIAOMI WiFi mar\u0161rutizators (sakaru pastiprin\u0101t\u0101js) ar sl\u0113pto kameru"}]},{"@type":"WebSite","@id":"https:\/\/izsekosanasierices.lv\/#website","url":"https:\/\/izsekosanasierices.lv\/","name":"Nr1 Izseko\u0161anas ier\u012bces gps izseko\u0161anas iek\u0101rtas, klaus\u012b\u0161an\u0101s iek\u0101rtas","description":"","potentialAction":[{"@type":"SearchAction","target":{"@type":"EntryPoint","urlTemplate":"https:\/\/izsekosanasierices.lv\/?s={search_term_string}"},"query-input":{"@type":"PropertyValueSpecification","valueRequired":true,"valueName":"search_term_string"}}],"inLanguage":"ru-RU"}]}},"_links":{"self":[{"href":"https:\/\/izsekosanasierices.lv\/ru\/wp-json\/wp\/v2\/product\/3604","targetHints":{"allow":["GET"]}}],"collection":[{"href":"https:\/\/izsekosanasierices.lv\/ru\/wp-json\/wp\/v2\/product"}],"about":[{"href":"https:\/\/izsekosanasierices.lv\/ru\/wp-json\/wp\/v2\/types\/product"}],"wp:featuredmedia":[{"embeddable":true,"href":"https:\/\/izsekosanasierices.lv\/ru\/wp-json\/wp\/v2\/media\/3606"}],"wp:attachment":[{"href":"https:\/\/izsekosanasierices.lv\/ru\/wp-json\/wp\/v2\/media?parent=3604"}],"wp:term":[{"taxonomy":"product_brand","embeddable":true,"href":"https:\/\/izsekosanasierices.lv\/ru\/wp-json\/wp\/v2\/product_brand?post=3604"},{"taxonomy":"product_cat","embeddable":true,"href":"https:\/\/izsekosanasierices.lv\/ru\/wp-json\/wp\/v2\/product_cat?post=3604"},{"taxonomy":"product_tag","embeddable":true,"href":"https:\/\/izsekosanasierices.lv\/ru\/wp-json\/wp\/v2\/product_tag?post=3604"}],"curies":[{"name":"wp","href":"https:\/\/api.w.org\/{rel}","templated":true}]}}