{"id":3611,"date":"2025-01-20T14:11:17","date_gmt":"2025-01-20T12:11:17","guid":{"rendered":"https:\/\/izsekosanasierices.lv\/?post_type=product&#038;p=3611"},"modified":"2026-01-06T15:02:36","modified_gmt":"2026-01-06T13:02:36","slug":"zieds-maksligais-ar-wifi-slepeno-kameru","status":"publish","type":"product","link":"https:\/\/izsekosanasierices.lv\/ru\/produkts\/tsvetok-poddelnyy-s-sekretnoy-kameroy-wifi\/","title":{"rendered":"\u0426\u0432\u0435\u0442\u043e\u043a (\u043f\u043e\u0434\u0434\u0435\u043b\u044c\u043d\u044b\u0439) \u0441 \u0441\u0435\u043a\u0440\u0435\u0442\u043d\u043e\u0439 \u043a\u0430\u043c\u0435\u0440\u043e\u0439 WiFi."},"content":{"rendered":"<p><strong><span style=\"color: #ff0000;\">\u0410\u041a\u0426\u0418\u042f: 32 \u0413\u0411 micro SD \u0432 \u043f\u043e\u0434\u0430\u0440\u043e\u043a<\/span> <\/strong><\/p>\n<p><strong>\u0422\u0435\u0445\u043d\u0438\u0447\u0435\u0441\u043a\u0438\u0435 \u043f\u0430\u0440\u0430\u043c\u0435\u0442\u0440\u044b:<\/strong><\/p>\n<div class=\"flex-shrink-0 flex flex-col relative items-end\">\n<div>\n<div class=\"pt-0\"><\/div>\n<\/div>\n<\/div>\n<div class=\"group\/conversation-turn relative flex w-full min-w-0 flex-col agent-turn\">\n<div class=\"flex-col gap-1 md:gap-3\">\n<div class=\"flex max-w-full flex-col flex-grow\">\n<div class=\"min-h-8 text-message flex w-full flex-col items-end gap-2 whitespace-normal break-words text-start [.text-message+&amp;]:mt-5\" dir=\"auto\" data-message-author-role=\"assistant\" data-message-id=\"1f4466df-78bf-4d5a-aab9-3b468f3c2700\" data-message-model-slug=\"gpt-4o-mini\">\n<div class=\"flex w-full flex-col gap-1 empty:hidden first:pt-[3px]\">\n<div class=\"markdown prose w-full break-words dark:prose-invert light\">\n<ul>\n<li>\u0423\u0434\u0430\u043b\u0435\u043d\u043d\u044b\u0439 \u043f\u0440\u043e\u0441\u043c\u043e\u0442\u0440: \u0414\u0410<\/li>\n<li>\u0414\u0435\u043a\u043e\u0440\u0430\u0442\u0438\u0432\u043d\u044b\u0439 \u0446\u0432\u0435\u0442\u043e\u043a<\/li>\n<li>\u0420\u0430\u0437\u043c\u0435\u0440\u044b \u043f\u0440\u0438\u043c\u0435\u0440\u043d\u043e 35-40 \u0441\u043c \u0432 \u0432\u044b\u0441\u043e\u0442\u0443<\/li>\n<li>\u0418\u0437\u043e\u0431\u0440\u0430\u0436\u0435\u043d\u0438\u0435 \u0437\u0430\u043f\u0438\u0441\u044b\u0432\u0430\u0435\u0442\u0441\u044f \u0441\u043e \u0437\u0432\u0443\u043a\u043e\u043c<\/li>\n<li>\u0412\u0440\u0435\u043c\u044f \u0440\u0430\u0431\u043e\u0442\u044b \u0431\u0435\u0437 \u043f\u043e\u0434\u0437\u0430\u0440\u044f\u0434\u043a\u0438: 2-3 \u0447\u0430\u0441\u0430<\/li>\n<li>\u041a\u0430\u0447\u0435\u0441\u0442\u0432\u043e \u0432\u0438\u0434\u0435\u043e: FULL HD 1080P, 1920*1080<\/li>\n<li>\u0421\u043c\u043e\u0442\u0440\u0435\u0442\u044c \u0438\u0437\u043e\u0431\u0440\u0430\u0436\u0435\u043d\u0438\u044f \u043c\u043e\u0436\u043d\u043e: \u043d\u0430 \u0442\u0435\u043b\u0435\u0444\u043e\u043d\u0435, \u043a\u043e\u043c\u043f\u044c\u044e\u0442\u0435\u0440\u0435 \u0438 \u043f\u043b\u0430\u043d\u0448\u0435\u0442\u0435<\/li>\n<li>\u0414\u043b\u0438\u0442\u0435\u043b\u044c\u043d\u043e\u0441\u0442\u044c \u0437\u0430\u043f\u0438\u0441\u0438 \u0441 \u0438\u0441\u043f\u043e\u043b\u044c\u0437\u043e\u0432\u0430\u043d\u0438\u0435\u043c \u0431\u0430\u0442\u0430\u0440\u0435\u0438: \u043f\u0440\u0438\u043c\u0435\u0440\u043d\u043e 3-4 \u0447\u0430\u0441\u0430 (\u043c\u043e\u0436\u043d\u043e \u0438\u0441\u043f\u043e\u043b\u044c\u0437\u043e\u0432\u0430\u0442\u044c \u0431\u0430\u0442\u0430\u0440\u0435\u044e \u0431\u043e\u043b\u044c\u0448\u0435\u0439 \u043c\u043e\u0449\u043d\u043e\u0441\u0442\u0438, \u043d\u0430\u043f\u0440\u0438\u043c\u0435\u0440, powerbank)<\/li>\n<li>\u0424\u0443\u043d\u043a\u0446\u0438\u044f \u043d\u043e\u0447\u043d\u043e\u0439 \u0437\u0430\u043f\u0438\u0441\u0438: \u041d\u0415\u0422<\/li>\n<li>\u0420\u0435\u0436\u0438\u043c \u0434\u0435\u0442\u0435\u043a\u0442\u043e\u0440\u0430 \u0434\u0432\u0438\u0436\u0435\u043d\u0438\u044f: \u0414\u0410 (\u0446\u0438\u0444\u0440\u043e\u0432\u043e\u0439)<\/li>\n<li>\u0423\u0433\u043e\u043b \u043e\u0431\u0437\u043e\u0440\u0430: 90\u00b0<\/li>\n<li>\u041f\u043e\u0434\u0434\u0435\u0440\u0436\u0438\u0432\u0430\u0435\u043c\u0430\u044f \u043a\u0430\u0440\u0442\u0430 \u043f\u0430\u043c\u044f\u0442\u0438: 16-128 \u0413\u0411<\/li>\n<li>\u0420\u0430\u0437\u043c\u0435\u0440 \u0432\u0438\u0434\u0435\u043e \u0437\u0430\u043f\u0438\u0441\u0438 \u0437\u0430 1 \u0447\u0430\u0441: 320 \u041c\u0411<\/li>\n<li>\u0424\u043e\u0440\u043c\u0430\u0442 \u0441\u0436\u0430\u0442\u0438\u044f: AVI H.264<\/li>\n<li>\u041f\u043e\u0434\u0434\u0435\u0440\u0436\u0438\u0432\u0430\u0435\u043c\u044b\u0435 \u0441\u0438\u0441\u0442\u0435\u043c\u044b iOS, Android, Windows<\/li>\n<li>\u041f\u0440\u043e\u0433\u0440\u0430\u043c\u043c\u044b: Android \/ iPhone<\/li>\n<li>\u0418\u0441\u0442\u043e\u0447\u043d\u0438\u043a\u0438 \u043f\u0438\u0442\u0430\u043d\u0438\u044f: \u0431\u0430\u0442\u0430\u0440\u0435\u044f \u0438\u043b\u0438 \u043e\u0442 \u0441\u0435\u0442\u0438 (\u043d\u0430\u043f\u0440\u0438\u043c\u0435\u0440, \u0437\u0430\u0440\u044f\u0434\u043d\u043e\u0435 \u0443\u0441\u0442\u0440\u043e\u0439\u0441\u0442\u0432\u043e \u0434\u043b\u044f \u043c\u043e\u0431\u0438\u043b\u044c\u043d\u043e\u0433\u043e \u0442\u0435\u043b\u0435\u0444\u043e\u043d\u0430)<\/li>\n<li>Wi-Fi: IEEE802.11 b\/g\/n<\/li>\n<li>\u0423\u043f\u0440\u0430\u0432\u043b\u0435\u043d\u0438\u0435 \u0437\u0430\u043f\u0438\u0441\u044c\u044e: \u043d\u0430 \u043b\u044e\u0431\u043e\u043c \u0443\u043c\u043d\u043e\u043c \u0443\u0441\u0442\u0440\u043e\u0439\u0441\u0442\u0432\u0435 (\u0432 \u0442\u0435\u043b\u0435\u0444\u043e\u043d\u0435, \u043a\u043e\u043c\u043f\u044c\u044e\u0442\u0435\u0440\u0435 \u0438\u043b\u0438 \u043f\u043b\u0430\u043d\u0448\u0435\u0442\u0435).<\/li>\n<li>\u0413\u0430\u0440\u0430\u043d\u0442\u0438\u044f 24 \u043c\u0435\u0441\u044f\u0446\u0430.<\/li>\n<\/ul>\n<\/div>\n<\/div>\n<\/div>\n<\/div>\n<\/div>\n<\/div>\n<p><span style=\"color: #ff0000;\"><strong>\u041d\u0443\u0436\u043d\u0430 \u0431\u044b\u0441\u0442\u0440\u0430\u044f \u0434\u043e\u0441\u0442\u0430\u0432\u043a\u0430 \u0432 \u0442\u043e\u0442 \u0436\u0435 \u0434\u0435\u043d\u044c (\u0438 \u0432 \u0432\u044b\u0445\u043e\u0434\u043d\u044b\u0435)?  \u0417\u0432\u043e\u043d\u0438\u0442\u0435 +37120484176!<\/strong><\/span><\/p>","protected":false},"excerpt":{"rendered":"<p>AKCIJA: D\u0101van\u0101 micro SD 32 GB Tehniskie parametri: Att\u0101lin\u0101t\u0101 skat\u012b\u0161an\u0101s: J\u0100 Dekorat\u012bvs zieds Izm\u0113ri apm\u0113ram 35-40 cm augstum\u0101 Att\u0113ls tiek ierakst\u012bts ar ska\u0146u Darbo\u0161an\u0101s laiks bez uzl\u0101des: 2-3 stundas Video&#8230;<\/p>","protected":false},"featured_media":3612,"template":"","meta":[],"product_brand":[],"product_cat":[330,321,331],"product_tag":[332,325,23,333,334,328,29],"class_list":{"0":"post-3611","1":"product","2":"type-product","3":"status-publish","4":"has-post-thumbnail","6":"product_cat-masketas-kameras","7":"product_cat-sleptas-kameras","8":"product_cat-wi-fi-slepenas-kameras","9":"product_tag-izsekosanas-iekartas","10":"product_tag-izsekosanas-kamera","11":"product_tag-kamera","12":"product_tag-kameras-pulkstenis","13":"product_tag-masketa-kamera","14":"product_tag-slepena-kamera","15":"product_tag-wi-fi-kamera","17":"first","18":"instock","19":"taxable","20":"shipping-taxable","21":"purchasable","22":"product-type-simple"},"yoast_head":"<!-- This site is optimized with the Yoast SEO plugin v27.4 - https:\/\/yoast.com\/product\/yoast-seo-wordpress\/ -->\n<title>Zieds (m\u0101ksl\u012bgais) ar WiFi slepeno kameru.<\/title>\n<meta name=\"robots\" content=\"index, follow, max-snippet:-1, max-image-preview:large, max-video-preview:-1\" \/>\n<link rel=\"canonical\" href=\"https:\/\/izsekosanasierices.lv\/ru\/produkts\/tsvetok-poddelnyy-s-sekretnoy-kameroy-wifi\/\" \/>\n<meta property=\"og:locale\" content=\"ru_RU\" \/>\n<meta property=\"og:type\" content=\"article\" \/>\n<meta property=\"og:title\" content=\"Ce\u013cojuma USB l\u0101d\u0113t\u0101js ar slepeno kameru (tie\u0161raide, izmantojot tel.)\" \/>\n<meta property=\"og:description\" content=\"Slepen\u0101 kamera ir ieb\u016bv\u0113ta ce\u013cojuma t\u0101lru\u0146a l\u0101d\u0113t\u0101j\u0101. Augstas kvalit\u0101tes att\u0113ls, viegli lietojams. Att\u0101lin\u0101ta skat\u012b\u0161an\u0101s. Bezmaksas pieg\u0101de\" \/>\n<meta property=\"og:url\" content=\"https:\/\/izsekosanasierices.lv\/ru\/produkts\/tsvetok-poddelnyy-s-sekretnoy-kameroy-wifi\/\" \/>\n<meta property=\"og:site_name\" content=\"Nr1 Izseko\u0161anas ier\u012bces gps izseko\u0161anas iek\u0101rtas, klaus\u012b\u0161an\u0101s iek\u0101rtas\" \/>\n<meta property=\"article:modified_time\" content=\"2026-01-06T13:02:36+00:00\" \/>\n<meta property=\"og:image\" content=\"https:\/\/rvnski.dev\/sekimoiranga\/wp-content\/uploads\/izsekosanasierices.webp\" \/>\n<meta name=\"twitter:card\" content=\"summary_large_image\" \/>\n<meta name=\"twitter:title\" content=\"Ce\u013cojuma USB l\u0101d\u0113t\u0101js ar slepeno kameru (tie\u0161raide, izmantojot tel.)\" \/>\n<meta name=\"twitter:description\" content=\"Slepen\u0101 kamera ir ieb\u016bv\u0113ta ce\u013cojuma t\u0101lru\u0146a l\u0101d\u0113t\u0101j\u0101. Augstas kvalit\u0101tes att\u0113ls, viegli lietojams. Att\u0101lin\u0101ta skat\u012b\u0161an\u0101s. Bezmaksas pieg\u0101de\" \/>\n<meta name=\"twitter:label1\" content=\"\u041f\u0440\u0438\u043c\u0435\u0440\u043d\u043e\u0435 \u0432\u0440\u0435\u043c\u044f \u0434\u043b\u044f \u0447\u0442\u0435\u043d\u0438\u044f\" \/>\n\t<meta name=\"twitter:data1\" content=\"1 \u043c\u0438\u043d\u0443\u0442\u0430\" \/>\n<script type=\"application\/ld+json\" class=\"yoast-schema-graph\">{\"@context\":\"https:\\\/\\\/schema.org\",\"@graph\":[{\"@type\":\"WebPage\",\"@id\":\"https:\\\/\\\/izsekosanasierices.lv\\\/produkts\\\/zieds-maksligais-ar-wifi-slepeno-kameru\\\/\",\"url\":\"https:\\\/\\\/izsekosanasierices.lv\\\/produkts\\\/zieds-maksligais-ar-wifi-slepeno-kameru\\\/\",\"name\":\"Zieds (m\u0101ksl\u012bgais) ar WiFi slepeno kameru.\",\"isPartOf\":{\"@id\":\"https:\\\/\\\/izsekosanasierices.lv\\\/#website\"},\"primaryImageOfPage\":{\"@id\":\"https:\\\/\\\/izsekosanasierices.lv\\\/produkts\\\/zieds-maksligais-ar-wifi-slepeno-kameru\\\/#primaryimage\"},\"image\":{\"@id\":\"https:\\\/\\\/izsekosanasierices.lv\\\/produkts\\\/zieds-maksligais-ar-wifi-slepeno-kameru\\\/#primaryimage\"},\"thumbnailUrl\":\"https:\\\/\\\/izsekosanasierices.lv\\\/wp-content\\\/uploads\\\/puku-pods-ar-slepto-kameru-600x600-1.jpg\",\"datePublished\":\"2025-01-20T12:11:17+00:00\",\"dateModified\":\"2026-01-06T13:02:36+00:00\",\"breadcrumb\":{\"@id\":\"https:\\\/\\\/izsekosanasierices.lv\\\/produkts\\\/zieds-maksligais-ar-wifi-slepeno-kameru\\\/#breadcrumb\"},\"inLanguage\":\"ru-RU\",\"potentialAction\":[{\"@type\":\"ReadAction\",\"target\":[\"https:\\\/\\\/izsekosanasierices.lv\\\/produkts\\\/zieds-maksligais-ar-wifi-slepeno-kameru\\\/\"]}]},{\"@type\":\"ImageObject\",\"inLanguage\":\"ru-RU\",\"@id\":\"https:\\\/\\\/izsekosanasierices.lv\\\/produkts\\\/zieds-maksligais-ar-wifi-slepeno-kameru\\\/#primaryimage\",\"url\":\"https:\\\/\\\/izsekosanasierices.lv\\\/wp-content\\\/uploads\\\/puku-pods-ar-slepto-kameru-600x600-1.jpg\",\"contentUrl\":\"https:\\\/\\\/izsekosanasierices.lv\\\/wp-content\\\/uploads\\\/puku-pods-ar-slepto-kameru-600x600-1.jpg\",\"width\":600,\"height\":600,\"caption\":\"pu\u0137u pods-ar-sl\u0113pto-kameru-600x600\"},{\"@type\":\"BreadcrumbList\",\"@id\":\"https:\\\/\\\/izsekosanasierices.lv\\\/produkts\\\/zieds-maksligais-ar-wifi-slepeno-kameru\\\/#breadcrumb\",\"itemListElement\":[{\"@type\":\"ListItem\",\"position\":1,\"name\":\"S\u0101kums\",\"item\":\"https:\\\/\\\/izsekosanasierices.lv\\\/\"},{\"@type\":\"ListItem\",\"position\":2,\"name\":\"Veikals\",\"item\":\"https:\\\/\\\/izsekosanasierices.lv\\\/veikals\\\/\"},{\"@type\":\"ListItem\",\"position\":3,\"name\":\"Zieds (m\u0101ksl\u012bgais) ar WiFi slepeno kameru.\"}]},{\"@type\":\"WebSite\",\"@id\":\"https:\\\/\\\/izsekosanasierices.lv\\\/#website\",\"url\":\"https:\\\/\\\/izsekosanasierices.lv\\\/\",\"name\":\"Nr1 Izseko\u0161anas ier\u012bces gps izseko\u0161anas iek\u0101rtas, klaus\u012b\u0161an\u0101s iek\u0101rtas\",\"description\":\"\",\"potentialAction\":[{\"@type\":\"SearchAction\",\"target\":{\"@type\":\"EntryPoint\",\"urlTemplate\":\"https:\\\/\\\/izsekosanasierices.lv\\\/?s={search_term_string}\"},\"query-input\":{\"@type\":\"PropertyValueSpecification\",\"valueRequired\":true,\"valueName\":\"search_term_string\"}}],\"inLanguage\":\"ru-RU\"}]}<\/script>\n<!-- \/ Yoast SEO plugin. -->","yoast_head_json":{"title":"Zieds (m\u0101ksl\u012bgais) ar WiFi slepeno kameru.","robots":{"index":"index","follow":"follow","max-snippet":"max-snippet:-1","max-image-preview":"max-image-preview:large","max-video-preview":"max-video-preview:-1"},"canonical":"https:\/\/izsekosanasierices.lv\/ru\/produkts\/tsvetok-poddelnyy-s-sekretnoy-kameroy-wifi\/","og_locale":"ru_RU","og_type":"article","og_title":"Ce\u013cojuma USB l\u0101d\u0113t\u0101js ar slepeno kameru (tie\u0161raide, izmantojot tel.)","og_description":"Slepen\u0101 kamera ir ieb\u016bv\u0113ta ce\u013cojuma t\u0101lru\u0146a l\u0101d\u0113t\u0101j\u0101. Augstas kvalit\u0101tes att\u0113ls, viegli lietojams. Att\u0101lin\u0101ta skat\u012b\u0161an\u0101s. Bezmaksas pieg\u0101de","og_url":"https:\/\/izsekosanasierices.lv\/ru\/produkts\/tsvetok-poddelnyy-s-sekretnoy-kameroy-wifi\/","og_site_name":"Nr1 Izseko\u0161anas ier\u012bces gps izseko\u0161anas iek\u0101rtas, klaus\u012b\u0161an\u0101s iek\u0101rtas","article_modified_time":"2026-01-06T13:02:36+00:00","og_image":[{"url":"https:\/\/rvnski.dev\/sekimoiranga\/wp-content\/uploads\/izsekosanasierices.webp","type":"","width":"","height":""}],"twitter_card":"summary_large_image","twitter_title":"Ce\u013cojuma USB l\u0101d\u0113t\u0101js ar slepeno kameru (tie\u0161raide, izmantojot tel.)","twitter_description":"Slepen\u0101 kamera ir ieb\u016bv\u0113ta ce\u013cojuma t\u0101lru\u0146a l\u0101d\u0113t\u0101j\u0101. Augstas kvalit\u0101tes att\u0113ls, viegli lietojams. Att\u0101lin\u0101ta skat\u012b\u0161an\u0101s. Bezmaksas pieg\u0101de","twitter_misc":{"\u041f\u0440\u0438\u043c\u0435\u0440\u043d\u043e\u0435 \u0432\u0440\u0435\u043c\u044f \u0434\u043b\u044f \u0447\u0442\u0435\u043d\u0438\u044f":"1 \u043c\u0438\u043d\u0443\u0442\u0430"},"schema":{"@context":"https:\/\/schema.org","@graph":[{"@type":"WebPage","@id":"https:\/\/izsekosanasierices.lv\/produkts\/zieds-maksligais-ar-wifi-slepeno-kameru\/","url":"https:\/\/izsekosanasierices.lv\/produkts\/zieds-maksligais-ar-wifi-slepeno-kameru\/","name":"Zieds (m\u0101ksl\u012bgais) ar WiFi slepeno kameru.","isPartOf":{"@id":"https:\/\/izsekosanasierices.lv\/#website"},"primaryImageOfPage":{"@id":"https:\/\/izsekosanasierices.lv\/produkts\/zieds-maksligais-ar-wifi-slepeno-kameru\/#primaryimage"},"image":{"@id":"https:\/\/izsekosanasierices.lv\/produkts\/zieds-maksligais-ar-wifi-slepeno-kameru\/#primaryimage"},"thumbnailUrl":"https:\/\/izsekosanasierices.lv\/wp-content\/uploads\/puku-pods-ar-slepto-kameru-600x600-1.jpg","datePublished":"2025-01-20T12:11:17+00:00","dateModified":"2026-01-06T13:02:36+00:00","breadcrumb":{"@id":"https:\/\/izsekosanasierices.lv\/produkts\/zieds-maksligais-ar-wifi-slepeno-kameru\/#breadcrumb"},"inLanguage":"ru-RU","potentialAction":[{"@type":"ReadAction","target":["https:\/\/izsekosanasierices.lv\/produkts\/zieds-maksligais-ar-wifi-slepeno-kameru\/"]}]},{"@type":"ImageObject","inLanguage":"ru-RU","@id":"https:\/\/izsekosanasierices.lv\/produkts\/zieds-maksligais-ar-wifi-slepeno-kameru\/#primaryimage","url":"https:\/\/izsekosanasierices.lv\/wp-content\/uploads\/puku-pods-ar-slepto-kameru-600x600-1.jpg","contentUrl":"https:\/\/izsekosanasierices.lv\/wp-content\/uploads\/puku-pods-ar-slepto-kameru-600x600-1.jpg","width":600,"height":600,"caption":"pu\u0137u pods-ar-sl\u0113pto-kameru-600x600"},{"@type":"BreadcrumbList","@id":"https:\/\/izsekosanasierices.lv\/produkts\/zieds-maksligais-ar-wifi-slepeno-kameru\/#breadcrumb","itemListElement":[{"@type":"ListItem","position":1,"name":"S\u0101kums","item":"https:\/\/izsekosanasierices.lv\/"},{"@type":"ListItem","position":2,"name":"Veikals","item":"https:\/\/izsekosanasierices.lv\/veikals\/"},{"@type":"ListItem","position":3,"name":"Zieds (m\u0101ksl\u012bgais) ar WiFi slepeno kameru."}]},{"@type":"WebSite","@id":"https:\/\/izsekosanasierices.lv\/#website","url":"https:\/\/izsekosanasierices.lv\/","name":"Nr1 Izseko\u0161anas ier\u012bces gps izseko\u0161anas iek\u0101rtas, klaus\u012b\u0161an\u0101s iek\u0101rtas","description":"","potentialAction":[{"@type":"SearchAction","target":{"@type":"EntryPoint","urlTemplate":"https:\/\/izsekosanasierices.lv\/?s={search_term_string}"},"query-input":{"@type":"PropertyValueSpecification","valueRequired":true,"valueName":"search_term_string"}}],"inLanguage":"ru-RU"}]}},"_links":{"self":[{"href":"https:\/\/izsekosanasierices.lv\/ru\/wp-json\/wp\/v2\/product\/3611","targetHints":{"allow":["GET"]}}],"collection":[{"href":"https:\/\/izsekosanasierices.lv\/ru\/wp-json\/wp\/v2\/product"}],"about":[{"href":"https:\/\/izsekosanasierices.lv\/ru\/wp-json\/wp\/v2\/types\/product"}],"wp:featuredmedia":[{"embeddable":true,"href":"https:\/\/izsekosanasierices.lv\/ru\/wp-json\/wp\/v2\/media\/3612"}],"wp:attachment":[{"href":"https:\/\/izsekosanasierices.lv\/ru\/wp-json\/wp\/v2\/media?parent=3611"}],"wp:term":[{"taxonomy":"product_brand","embeddable":true,"href":"https:\/\/izsekosanasierices.lv\/ru\/wp-json\/wp\/v2\/product_brand?post=3611"},{"taxonomy":"product_cat","embeddable":true,"href":"https:\/\/izsekosanasierices.lv\/ru\/wp-json\/wp\/v2\/product_cat?post=3611"},{"taxonomy":"product_tag","embeddable":true,"href":"https:\/\/izsekosanasierices.lv\/ru\/wp-json\/wp\/v2\/product_tag?post=3611"}],"curies":[{"name":"wp","href":"https:\/\/api.w.org\/{rel}","templated":true}]}}