{"id":3650,"date":"2025-01-27T14:22:02","date_gmt":"2025-01-27T12:22:02","guid":{"rendered":"https:\/\/izsekosanasierices.lv\/?post_type=product&#038;p=3650"},"modified":"2025-11-19T17:24:12","modified_gmt":"2025-11-19T15:24:12","slug":"fm-radio-bluetooth-skalrunis-ar-slepeno-kameru-32gb","status":"publish","type":"product","link":"https:\/\/izsekosanasierices.lv\/ru\/produkts\/fm-radio-bluetooth-kolonka-s-sekretnoy-kameroy-32-gb\/","title":{"rendered":"FM-\u0440\u0430\u0434\u0438\u043e Bluetooth \u043a\u043e\u043b\u043e\u043d\u043a\u0430 \u0441 \u0441\u0435\u043a\u0440\u0435\u0442\u043d\u043e\u0439 \u043a\u0430\u043c\u0435\u0440\u043e\u0439 32 \u0413\u0411"},"content":{"rendered":"<h3><strong>\u0422\u0435\u0445\u043d\u0438\u0447\u0435\u0441\u043a\u0438\u0435 \u043f\u0430\u0440\u0430\u043c\u0435\u0442\u0440\u044b:<\/strong><\/h3>\n<ul>\n<li>\u0423\u0434\u0430\u043b\u0435\u043d\u043d\u044b\u0439 \u043f\u0440\u043e\u0441\u043c\u043e\u0442\u0440 \u0432\u0438\u0434\u0435\u043e \u0438\u0437 \u043b\u044e\u0431\u043e\u0439 \u0442\u043e\u0447\u043a\u0438 \u043c\u0438\u0440\u0430<\/li>\n<li>FM-\u0440\u0430\u0434\u0438\u043e \u2013 \u0432\u043e\u0437\u043c\u043e\u0436\u043d\u043e\u0441\u0442\u044c \u0441\u043b\u0443\u0448\u0430\u0442\u044c \u0440\u0430\u0434\u0438\u043e\u0441\u0442\u0430\u043d\u0446\u0438\u0438<\/li>\n<li>\u0412\u043d\u0443\u0442\u0440\u0435\u043d\u043d\u044f\u044f \u043f\u0430\u043c\u044f\u0442\u044c 32 \u0413\u0411<\/li>\n<li>\u0417\u0430\u043f\u0438\u0441\u044c \u0432\u0438\u0434\u0435\u043e \u0441\u043e \u0437\u0432\u0443\u043a\u043e\u043c<\/li>\n<li>\u041e\u0431\u044a\u0435\u043a\u0442\u0438\u0432: 2px CMOS<\/li>\n<li>\u041c\u0443\u0437\u044b\u043a\u0430: \u0421\u043e\u0432\u043c\u0435\u0441\u0442\u0438\u043c\u043e \u0447\u0435\u0440\u0435\u0437 BLUETOOTH<\/li>\n<li>\u041a\u0430\u0447\u0435\u0441\u0442\u0432\u043e \u0432\u0438\u0434\u0435\u043e: HD 1920*1080<\/li>\n<li>\u0420\u0430\u0437\u0440\u0435\u0448\u0435\u043d\u0438\u0435 \u0444\u043e\u0442\u043e: 4032*3024<\/li>\n<li>\u0417\u0430\u043f\u0438\u0441\u044c \u0432\u0438\u0434\u0435\u043e: 1 \u0447\u0430\u0441 360 \u041c\u0411<\/li>\n<li>\u0423\u0432\u0435\u0434\u043e\u043c\u043b\u0435\u043d\u0438\u044f \u043f\u0440\u0438 \u043e\u0431\u043d\u0430\u0440\u0443\u0436\u0435\u043d\u0438\u0438 \u0434\u0432\u0438\u0436\u0435\u043d\u0438\u044f (Push notification)<\/li>\n<li>\u0412\u0438\u0434\u0435\u043e\u043d\u0430\u0431\u043b\u044e\u0434\u0435\u043d\u0438\u0435: \u0421 \u0442\u0435\u043b\u0435\u0444\u043e\u043d\u0430 \u0438\u043b\u0438 \u043a\u043e\u043c\u043f\u044c\u044e\u0442\u0435\u0440\u0430 (\u043e\u043d\u043b\u0430\u0439\u043d \u0432 \u0438\u043d\u0442\u0435\u0440\u043d\u0435\u0442\u0435)<\/li>\n<li>\u0412\u0440\u0435\u043c\u044f \u0440\u0430\u0431\u043e\u0442\u044b \u043e\u0442 \u0430\u043a\u043a\u0443\u043c\u0443\u043b\u044f\u0442\u043e\u0440\u0430: \u043f\u0440\u0438\u043c\u0435\u0440\u043d\u043e 3 \u0447\u0430\u0441\u0430 \u2013 \u043e\u0442 \u0438\u0441\u0442\u043e\u0447\u043d\u0438\u043a\u0430 \u043f\u0438\u0442\u0430\u043d\u0438\u044f 24\/7<\/li>\n<li>\u0415\u043c\u043a\u043e\u0441\u0442\u044c \u0430\u043a\u043a\u0443\u043c\u0443\u043b\u044f\u0442\u043e\u0440\u0430: 2500 \u043c\u0410\u0447<\/li>\n<li>\u0410\u0434\u0430\u043f\u0442\u0435\u0440 220 \u0412 (\u0434\u043b\u044f \u043f\u043e\u0441\u0442\u043e\u044f\u043d\u043d\u043e\u0433\u043e \u043f\u043e\u0434\u043a\u043b\u044e\u0447\u0435\u043d\u0438\u044f \u043a \u044d\u043b\u0435\u043a\u0442\u0440\u043e\u0441\u0435\u0442\u0438, \u0432 \u043a\u043e\u043c\u043f\u043b\u0435\u043a\u0442 \u043d\u0435 \u0432\u0445\u043e\u0434\u0438\u0442)<\/li>\n<li>\u041e\u0431\u043d\u0430\u0440\u0443\u0436\u0435\u043d\u0438\u0435 \u0434\u0432\u0438\u0436\u0435\u043d\u0438\u044f: \u0414\u0410, \u0446\u0438\u0444\u0440\u043e\u0432\u043e\u0435<\/li>\n<li>\u0424\u043e\u0440\u043c\u0430\u0442 \u0441\u0436\u0430\u0442\u0438\u044f: AVI H.265<\/li>\n<li>\u0412\u0438\u0434\u0435\u043e \u0444\u043e\u0440\u043c\u0430\u0442: AVI<\/li>\n<li>\u041f\u0440\u0438\u043b\u043e\u0436\u0435\u043d\u0438\u0435: \u00abiOS\u00bb, \u00abAndroid\u00bb<\/li>\n<li>Wi-Fi: \u0415\u0441\u0442\u044c<\/li>\n<li>\u0413\u0410\u0420\u0410\u041d\u0422\u0418\u042f: 12 \u043c\u0435\u0441\u044f\u0446\u0435\u0432<\/li>\n<li>\u041f\u0440\u0438\u043c\u0435\u043d\u0435\u043d\u0438\u0435: \u0434\u043b\u044f \u0441\u043e\u0431\u0441\u0442\u0432\u0435\u043d\u043d\u043e\u0439 \u0438\u043b\u0438 \u0434\u0435\u0442\u0441\u043a\u043e\u0439 \u0431\u0435\u0437\u043e\u043f\u0430\u0441\u043d\u043e\u0441\u0442\u0438<\/li>\n<\/ul>\n<p><strong>\u0421\u043a\u0440\u044b\u0442\u0430\u044f \u043a\u0430\u043c\u0435\u0440\u0430 \u0441 \u0432\u0438\u0434\u0435\u043e \u0432\u044b\u0441\u0448\u0435\u0433\u043e \u043a\u0430\u0447\u0435\u0441\u0442\u0432\u0430<\/strong><br \/>\n\u042d\u0442\u0443 \u0441\u043a\u0440\u044b\u0442\u0443\u044e \u043a\u0430\u043c\u0435\u0440\u0443 \u043c\u044b \u043f\u0440\u043e\u0438\u0437\u0432\u043e\u0434\u0438\u043c \u0441\u0430\u043c\u0438, \u043e\u043d\u0430 \u0438\u0434\u0435\u0430\u043b\u044c\u043d\u043e \u0437\u0430\u043c\u0430\u0441\u043a\u0438\u0440\u043e\u0432\u0430\u043d\u0430 \u2013 \u0434\u0430\u0436\u0435 \u044f, \u0440\u0430\u0431\u043e\u0442\u0430\u044f \u0432 \u044d\u0442\u043e\u0439 \u043e\u0431\u043b\u0430\u0441\u0442\u0438 \u0434\u043e\u043b\u0433\u043e\u0435 \u0432\u0440\u0435\u043c\u044f, \u043d\u0435 \u043c\u043e\u0433\u0443 \u0435\u0435 \u0437\u0430\u043c\u0435\u0442\u0438\u0442\u044c.<\/p>\n<p>\u0412\u044b \u043c\u043e\u0436\u0435\u0442\u0435 \u0431\u044b\u0442\u044c \u0443\u0432\u0435\u0440\u0435\u043d\u044b \u2013 \u043d\u0438\u043a\u0442\u043e \u043d\u0435 \u043e\u0431\u043d\u0430\u0440\u0443\u0436\u0438\u0442 \u044d\u0442\u0443 \u043a\u0430\u043c\u0435\u0440\u0443.<\/p>\n<p>\u0423\u0441\u0442\u0430\u043d\u043e\u0432\u043a\u0430 \u043a\u0430\u043c\u0435\u0440\u044b \u043d\u0430 \u043c\u043e\u0431\u0438\u043b\u044c\u043d\u044b\u0439 \u0442\u0435\u043b\u0435\u0444\u043e\u043d \u0437\u0430\u043d\u0438\u043c\u0430\u0435\u0442 \u0432\u0441\u0435\u0433\u043e 2 \u043c\u0438\u043d\u0443\u0442\u044b \u2013 \u044d\u0442\u043e \u043e\u0447\u0435\u043d\u044c \u043f\u0440\u043e\u0441\u0442\u043e.<\/p>\n<p>\u042d\u0442\u043e\u0442 \u0434\u0438\u043d\u0430\u043c\u0438\u043a \u0432\u044b\u043f\u043e\u043b\u043d\u044f\u0435\u0442 \u0432\u0441\u0435 \u0444\u0443\u043d\u043a\u0446\u0438\u0438 \u2013 \u043c\u043e\u0436\u043d\u043e \u0441\u043b\u0443\u0448\u0430\u0442\u044c \u043c\u0443\u0437\u044b\u043a\u0443, \u0432\u043e\u0441\u043f\u0440\u043e\u0438\u0437\u0432\u043e\u0434\u0438\u0442\u044c \u0430\u0443\u0434\u0438\u043e\u0437\u0430\u043f\u0438\u0441\u0438 \u0441 \u043c\u043e\u0431\u0438\u043b\u044c\u043d\u043e\u0433\u043e \u0442\u0435\u043b\u0435\u0444\u043e\u043d\u0430.<\/p>","protected":false},"excerpt":{"rendered":"<p>\u0421\u043a\u0440\u044b\u0442\u0430\u044f WiFi \u043a\u0430\u043c\u0435\u0440\u0430 \u043d\u0430\u0431\u043b\u044e\u0434\u0435\u043d\u0438\u044f \u0441 \u0440\u0430\u0437\u0440\u0435\u0448\u0435\u043d\u0438\u0435\u043c FULL HD. \u041a\u0430\u043c\u0435\u0440\u0430 \u043e\u0441\u043d\u0430\u0449\u0435\u043d\u0430 \u0432\u043d\u0435\u0448\u043d\u0438\u043c \u0430\u043a\u043a\u0443\u043c\u0443\u043b\u044f\u0442\u043e\u0440\u043e\u043c, \u043a\u043e\u0442\u043e\u0440\u043e\u0433\u043e \u0445\u0432\u0430\u0442\u0430\u0435\u0442 \u043d\u0430 4 \u0447\u0430\u0441\u0430 \u0440\u0430\u0431\u043e\u0442\u044b \u0432 \u0440\u0435\u0436\u0438\u043c\u0435 \u0437\u0430\u043f\u0438\u0441\u0438. \u042d\u0442\u0443 \u043c\u0438\u043d\u0438-\u043a\u0430\u043c\u0435\u0440\u0443 \u043c\u043e\u0436\u043d\u043e \u043b\u0435\u0433\u043a\u043e \u0441\u043f\u0440\u044f\u0442\u0430\u0442\u044c \u0432 \u043c\u0435\u0431\u0435\u043b\u0438.<\/p>","protected":false},"featured_media":3651,"template":"","meta":[],"product_brand":[],"product_cat":[330,321,331],"product_tag":[324,325,326,36,327,328,329,32],"class_list":{"0":"post-3650","1":"product","2":"type-product","3":"status-publish","4":"has-post-thumbnail","6":"product_cat-masketas-kameras","7":"product_cat-sleptas-kameras","8":"product_cat-wi-fi-slepenas-kameras","9":"product_tag-izlukosanas-kamera","10":"product_tag-izsekosanas-kamera","11":"product_tag-maskesanas-kamera","12":"product_tag-mini-kamera","13":"product_tag-noverosanas-kamera","14":"product_tag-slepena-kamera","15":"product_tag-slepta-noverosanas-kamera","16":"product_tag-wifi-kamera","18":"first","19":"instock","20":"taxable","21":"shipping-taxable","22":"purchasable","23":"product-type-simple"},"yoast_head":"<!-- This site is optimized with the Yoast SEO plugin v27.4 - https:\/\/yoast.com\/product\/yoast-seo-wordpress\/ -->\n<title>FM radio Bluetooth ska\u013crunis ar slepeno kameru 32GB<\/title>\n<meta name=\"robots\" content=\"index, follow, max-snippet:-1, max-image-preview:large, max-video-preview:-1\" \/>\n<link rel=\"canonical\" href=\"https:\/\/izsekosanasierices.lv\/ru\/produkts\/fm-radio-bluetooth-kolonka-s-sekretnoy-kameroy-32-gb\/\" \/>\n<meta property=\"og:locale\" content=\"ru_RU\" \/>\n<meta property=\"og:type\" content=\"article\" \/>\n<meta property=\"og:title\" content=\"WiFi sl\u0113pta nov\u0113ro\u0161anas kamera FULL HD, viegli sl\u0113pta ar akumulatoru\" \/>\n<meta property=\"og:description\" content=\"WiFi slepena nov\u0113ro\u0161anas kamera FULL HD iz\u0161\u0137irtsp\u0113j\u0101, ko ir viegli nosl\u0113pt. Kamerai ir \u0101r\u0113jais akumulators, kas darbojas l\u012bdz 4 stund\u0101m. ierakstiem. Mini kameru var viegli pasl\u0113pt m\u0113bel\u0113s\" \/>\n<meta property=\"og:url\" content=\"https:\/\/izsekosanasierices.lv\/ru\/produkts\/fm-radio-bluetooth-kolonka-s-sekretnoy-kameroy-32-gb\/\" \/>\n<meta property=\"og:site_name\" content=\"Nr1 Izseko\u0161anas ier\u012bces gps izseko\u0161anas iek\u0101rtas, klaus\u012b\u0161an\u0101s iek\u0101rtas\" \/>\n<meta property=\"article:modified_time\" content=\"2025-11-19T15:24:12+00:00\" \/>\n<meta property=\"og:image\" content=\"https:\/\/rvnski.dev\/sekimoiranga\/wp-content\/uploads\/izsekosanasierices.webp\" \/>\n<meta name=\"twitter:card\" content=\"summary_large_image\" \/>\n<meta name=\"twitter:title\" content=\"WiFi sl\u0113pta nov\u0113ro\u0161anas kamera FULL HD, viegli sl\u0113pta ar akumulatoru\" \/>\n<meta name=\"twitter:description\" content=\"WiFi slepena nov\u0113ro\u0161anas kamera FULL HD iz\u0161\u0137irtsp\u0113j\u0101, ko ir viegli nosl\u0113pt. Kamerai ir \u0101r\u0113jais akumulators, kas darbojas l\u012bdz 4 stund\u0101m. ierakstiem. Mini kameru var viegli pasl\u0113pt m\u0113bel\u0113s\" \/>\n<meta name=\"twitter:label1\" content=\"\u041f\u0440\u0438\u043c\u0435\u0440\u043d\u043e\u0435 \u0432\u0440\u0435\u043c\u044f \u0434\u043b\u044f \u0447\u0442\u0435\u043d\u0438\u044f\" \/>\n\t<meta name=\"twitter:data1\" content=\"2 \u043c\u0438\u043d\u0443\u0442\u044b\" \/>\n<script type=\"application\/ld+json\" class=\"yoast-schema-graph\">{\"@context\":\"https:\\\/\\\/schema.org\",\"@graph\":[{\"@type\":\"WebPage\",\"@id\":\"https:\\\/\\\/izsekosanasierices.lv\\\/produkts\\\/fm-radio-bluetooth-skalrunis-ar-slepeno-kameru-32gb\\\/\",\"url\":\"https:\\\/\\\/izsekosanasierices.lv\\\/produkts\\\/fm-radio-bluetooth-skalrunis-ar-slepeno-kameru-32gb\\\/\",\"name\":\"FM radio Bluetooth ska\u013crunis ar slepeno kameru 32GB\",\"isPartOf\":{\"@id\":\"https:\\\/\\\/izsekosanasierices.lv\\\/#website\"},\"primaryImageOfPage\":{\"@id\":\"https:\\\/\\\/izsekosanasierices.lv\\\/produkts\\\/fm-radio-bluetooth-skalrunis-ar-slepeno-kameru-32gb\\\/#primaryimage\"},\"image\":{\"@id\":\"https:\\\/\\\/izsekosanasierices.lv\\\/produkts\\\/fm-radio-bluetooth-skalrunis-ar-slepeno-kameru-32gb\\\/#primaryimage\"},\"thumbnailUrl\":\"https:\\\/\\\/izsekosanasierices.lv\\\/wp-content\\\/uploads\\\/Bluetooth-skalrunis-ar-iebuvetu-slepto-kameru-32gb-600x600-1.jpg\",\"datePublished\":\"2025-01-27T12:22:02+00:00\",\"dateModified\":\"2025-11-19T15:24:12+00:00\",\"breadcrumb\":{\"@id\":\"https:\\\/\\\/izsekosanasierices.lv\\\/produkts\\\/fm-radio-bluetooth-skalrunis-ar-slepeno-kameru-32gb\\\/#breadcrumb\"},\"inLanguage\":\"ru-RU\",\"potentialAction\":[{\"@type\":\"ReadAction\",\"target\":[\"https:\\\/\\\/izsekosanasierices.lv\\\/produkts\\\/fm-radio-bluetooth-skalrunis-ar-slepeno-kameru-32gb\\\/\"]}]},{\"@type\":\"ImageObject\",\"inLanguage\":\"ru-RU\",\"@id\":\"https:\\\/\\\/izsekosanasierices.lv\\\/produkts\\\/fm-radio-bluetooth-skalrunis-ar-slepeno-kameru-32gb\\\/#primaryimage\",\"url\":\"https:\\\/\\\/izsekosanasierices.lv\\\/wp-content\\\/uploads\\\/Bluetooth-skalrunis-ar-iebuvetu-slepto-kameru-32gb-600x600-1.jpg\",\"contentUrl\":\"https:\\\/\\\/izsekosanasierices.lv\\\/wp-content\\\/uploads\\\/Bluetooth-skalrunis-ar-iebuvetu-slepto-kameru-32gb-600x600-1.jpg\",\"width\":600,\"height\":600,\"caption\":\"Bluetooth ska\u013crunis ar ieb\u016bv\u0113tu sl\u0113pto kameru 32gb-600x600\"},{\"@type\":\"BreadcrumbList\",\"@id\":\"https:\\\/\\\/izsekosanasierices.lv\\\/produkts\\\/fm-radio-bluetooth-skalrunis-ar-slepeno-kameru-32gb\\\/#breadcrumb\",\"itemListElement\":[{\"@type\":\"ListItem\",\"position\":1,\"name\":\"S\u0101kums\",\"item\":\"https:\\\/\\\/izsekosanasierices.lv\\\/\"},{\"@type\":\"ListItem\",\"position\":2,\"name\":\"Veikals\",\"item\":\"https:\\\/\\\/izsekosanasierices.lv\\\/veikals\\\/\"},{\"@type\":\"ListItem\",\"position\":3,\"name\":\"FM radio Bluetooth ska\u013crunis ar slepeno kameru 32GB\"}]},{\"@type\":\"WebSite\",\"@id\":\"https:\\\/\\\/izsekosanasierices.lv\\\/#website\",\"url\":\"https:\\\/\\\/izsekosanasierices.lv\\\/\",\"name\":\"Nr1 Izseko\u0161anas ier\u012bces gps izseko\u0161anas iek\u0101rtas, klaus\u012b\u0161an\u0101s iek\u0101rtas\",\"description\":\"\",\"potentialAction\":[{\"@type\":\"SearchAction\",\"target\":{\"@type\":\"EntryPoint\",\"urlTemplate\":\"https:\\\/\\\/izsekosanasierices.lv\\\/?s={search_term_string}\"},\"query-input\":{\"@type\":\"PropertyValueSpecification\",\"valueRequired\":true,\"valueName\":\"search_term_string\"}}],\"inLanguage\":\"ru-RU\"}]}<\/script>\n<!-- \/ Yoast SEO plugin. -->","yoast_head_json":{"title":"FM radio Bluetooth ska\u013crunis ar slepeno kameru 32GB","robots":{"index":"index","follow":"follow","max-snippet":"max-snippet:-1","max-image-preview":"max-image-preview:large","max-video-preview":"max-video-preview:-1"},"canonical":"https:\/\/izsekosanasierices.lv\/ru\/produkts\/fm-radio-bluetooth-kolonka-s-sekretnoy-kameroy-32-gb\/","og_locale":"ru_RU","og_type":"article","og_title":"WiFi sl\u0113pta nov\u0113ro\u0161anas kamera FULL HD, viegli sl\u0113pta ar akumulatoru","og_description":"WiFi slepena nov\u0113ro\u0161anas kamera FULL HD iz\u0161\u0137irtsp\u0113j\u0101, ko ir viegli nosl\u0113pt. Kamerai ir \u0101r\u0113jais akumulators, kas darbojas l\u012bdz 4 stund\u0101m. ierakstiem. Mini kameru var viegli pasl\u0113pt m\u0113bel\u0113s","og_url":"https:\/\/izsekosanasierices.lv\/ru\/produkts\/fm-radio-bluetooth-kolonka-s-sekretnoy-kameroy-32-gb\/","og_site_name":"Nr1 Izseko\u0161anas ier\u012bces gps izseko\u0161anas iek\u0101rtas, klaus\u012b\u0161an\u0101s iek\u0101rtas","article_modified_time":"2025-11-19T15:24:12+00:00","og_image":[{"url":"https:\/\/rvnski.dev\/sekimoiranga\/wp-content\/uploads\/izsekosanasierices.webp","type":"","width":"","height":""}],"twitter_card":"summary_large_image","twitter_title":"WiFi sl\u0113pta nov\u0113ro\u0161anas kamera FULL HD, viegli sl\u0113pta ar akumulatoru","twitter_description":"WiFi slepena nov\u0113ro\u0161anas kamera FULL HD iz\u0161\u0137irtsp\u0113j\u0101, ko ir viegli nosl\u0113pt. Kamerai ir \u0101r\u0113jais akumulators, kas darbojas l\u012bdz 4 stund\u0101m. ierakstiem. Mini kameru var viegli pasl\u0113pt m\u0113bel\u0113s","twitter_misc":{"\u041f\u0440\u0438\u043c\u0435\u0440\u043d\u043e\u0435 \u0432\u0440\u0435\u043c\u044f \u0434\u043b\u044f \u0447\u0442\u0435\u043d\u0438\u044f":"2 \u043c\u0438\u043d\u0443\u0442\u044b"},"schema":{"@context":"https:\/\/schema.org","@graph":[{"@type":"WebPage","@id":"https:\/\/izsekosanasierices.lv\/produkts\/fm-radio-bluetooth-skalrunis-ar-slepeno-kameru-32gb\/","url":"https:\/\/izsekosanasierices.lv\/produkts\/fm-radio-bluetooth-skalrunis-ar-slepeno-kameru-32gb\/","name":"FM radio Bluetooth ska\u013crunis ar slepeno kameru 32GB","isPartOf":{"@id":"https:\/\/izsekosanasierices.lv\/#website"},"primaryImageOfPage":{"@id":"https:\/\/izsekosanasierices.lv\/produkts\/fm-radio-bluetooth-skalrunis-ar-slepeno-kameru-32gb\/#primaryimage"},"image":{"@id":"https:\/\/izsekosanasierices.lv\/produkts\/fm-radio-bluetooth-skalrunis-ar-slepeno-kameru-32gb\/#primaryimage"},"thumbnailUrl":"https:\/\/izsekosanasierices.lv\/wp-content\/uploads\/Bluetooth-skalrunis-ar-iebuvetu-slepto-kameru-32gb-600x600-1.jpg","datePublished":"2025-01-27T12:22:02+00:00","dateModified":"2025-11-19T15:24:12+00:00","breadcrumb":{"@id":"https:\/\/izsekosanasierices.lv\/produkts\/fm-radio-bluetooth-skalrunis-ar-slepeno-kameru-32gb\/#breadcrumb"},"inLanguage":"ru-RU","potentialAction":[{"@type":"ReadAction","target":["https:\/\/izsekosanasierices.lv\/produkts\/fm-radio-bluetooth-skalrunis-ar-slepeno-kameru-32gb\/"]}]},{"@type":"ImageObject","inLanguage":"ru-RU","@id":"https:\/\/izsekosanasierices.lv\/produkts\/fm-radio-bluetooth-skalrunis-ar-slepeno-kameru-32gb\/#primaryimage","url":"https:\/\/izsekosanasierices.lv\/wp-content\/uploads\/Bluetooth-skalrunis-ar-iebuvetu-slepto-kameru-32gb-600x600-1.jpg","contentUrl":"https:\/\/izsekosanasierices.lv\/wp-content\/uploads\/Bluetooth-skalrunis-ar-iebuvetu-slepto-kameru-32gb-600x600-1.jpg","width":600,"height":600,"caption":"Bluetooth ska\u013crunis ar ieb\u016bv\u0113tu sl\u0113pto kameru 32gb-600x600"},{"@type":"BreadcrumbList","@id":"https:\/\/izsekosanasierices.lv\/produkts\/fm-radio-bluetooth-skalrunis-ar-slepeno-kameru-32gb\/#breadcrumb","itemListElement":[{"@type":"ListItem","position":1,"name":"S\u0101kums","item":"https:\/\/izsekosanasierices.lv\/"},{"@type":"ListItem","position":2,"name":"Veikals","item":"https:\/\/izsekosanasierices.lv\/veikals\/"},{"@type":"ListItem","position":3,"name":"FM radio Bluetooth ska\u013crunis ar slepeno kameru 32GB"}]},{"@type":"WebSite","@id":"https:\/\/izsekosanasierices.lv\/#website","url":"https:\/\/izsekosanasierices.lv\/","name":"Nr1 Izseko\u0161anas ier\u012bces gps izseko\u0161anas iek\u0101rtas, klaus\u012b\u0161an\u0101s iek\u0101rtas","description":"","potentialAction":[{"@type":"SearchAction","target":{"@type":"EntryPoint","urlTemplate":"https:\/\/izsekosanasierices.lv\/?s={search_term_string}"},"query-input":{"@type":"PropertyValueSpecification","valueRequired":true,"valueName":"search_term_string"}}],"inLanguage":"ru-RU"}]}},"_links":{"self":[{"href":"https:\/\/izsekosanasierices.lv\/ru\/wp-json\/wp\/v2\/product\/3650","targetHints":{"allow":["GET"]}}],"collection":[{"href":"https:\/\/izsekosanasierices.lv\/ru\/wp-json\/wp\/v2\/product"}],"about":[{"href":"https:\/\/izsekosanasierices.lv\/ru\/wp-json\/wp\/v2\/types\/product"}],"wp:featuredmedia":[{"embeddable":true,"href":"https:\/\/izsekosanasierices.lv\/ru\/wp-json\/wp\/v2\/media\/3651"}],"wp:attachment":[{"href":"https:\/\/izsekosanasierices.lv\/ru\/wp-json\/wp\/v2\/media?parent=3650"}],"wp:term":[{"taxonomy":"product_brand","embeddable":true,"href":"https:\/\/izsekosanasierices.lv\/ru\/wp-json\/wp\/v2\/product_brand?post=3650"},{"taxonomy":"product_cat","embeddable":true,"href":"https:\/\/izsekosanasierices.lv\/ru\/wp-json\/wp\/v2\/product_cat?post=3650"},{"taxonomy":"product_tag","embeddable":true,"href":"https:\/\/izsekosanasierices.lv\/ru\/wp-json\/wp\/v2\/product_tag?post=3650"}],"curies":[{"name":"wp","href":"https:\/\/api.w.org\/{rel}","templated":true}]}}