{"id":3696,"date":"2025-01-27T15:39:18","date_gmt":"2025-01-27T13:39:18","guid":{"rendered":"https:\/\/izsekosanasierices.lv\/?post_type=product&#038;p=3696"},"modified":"2026-01-06T15:02:36","modified_gmt":"2026-01-06T13:02:36","slug":"plisa-lacis-ar-slepeno-kameru","status":"publish","type":"product","link":"https:\/\/izsekosanasierices.lv\/ru\/produkts\/plyushevyy-mishka-so-skrytoy-kameroy\/","title":{"rendered":"\u041f\u043b\u044e\u0448\u0435\u0432\u044b\u0439 \u043c\u0435\u0434\u0432\u0435\u0434\u044c \u0441 \u0441\u0435\u043a\u0440\u0435\u0442\u043d\u043e\u0439 \u043a\u0430\u043c\u0435\u0440\u043e\u0439"},"content":{"rendered":"<h3><strong>\u0422\u0435\u0445\u043d\u0438\u0447\u0435\u0441\u043a\u0438\u0435 \u043f\u0430\u0440\u0430\u043c\u0435\u0442\u0440\u044b:<\/strong><\/h3>\n<ul>\n<li>\u041f\u0440\u043e\u0441\u043c\u043e\u0442\u0440 \u0438\u0437\u043e\u0431\u0440\u0430\u0436\u0435\u043d\u0438\u0439 \u0432 \u0440\u0435\u0430\u043b\u044c\u043d\u043e\u043c \u0432\u0440\u0435\u043c\u0435\u043d\u0438 \u0447\u0435\u0440\u0435\u0437 \u043c\u043e\u0431\u0438\u043b\u044c\u043d\u043e\u0435 \u043f\u0440\u0438\u043b\u043e\u0436\u0435\u043d\u0438\u0435<\/li>\n<li>\u0411\u044b\u0441\u0442\u0440\u043e\u0435 \u043f\u043e\u0434\u043a\u043b\u044e\u0447\u0435\u043d\u0438\u0435 - \u0432\u0441\u0435\u0433\u043e 2 \u043c\u0438\u043d\u0443\u0442\u044b<\/li>\n<li>\u0412\u044b \u043c\u043e\u0436\u0435\u0442\u0435 \u0441\u043c\u043e\u0442\u0440\u0435\u0442\u044c \u043f\u0440\u044f\u043c\u043e\u0439 \u044d\u0444\u0438\u0440 \u043d\u0430 \u0441\u0432\u043e\u0435\u043c \u0442\u0435\u043b\u0435\u0444\u043e\u043d\u0435<\/li>\n<li>\u041d\u0435 \u0438\u0437\u0434\u0430\u0435\u0442 \u043d\u0438\u043a\u0430\u043a\u0438\u0445 \u0437\u0432\u0443\u043a\u043e\u0432\u044b\u0445 \u0438\u043b\u0438 \u0441\u0432\u0435\u0442\u043e\u0432\u044b\u0445 \u0441\u0438\u0433\u043d\u0430\u043b\u043e\u0432<\/li>\n<li>\u0418\u0437\u043e\u0431\u0440\u0430\u0436\u0435\u043d\u0438\u0435 \u0437\u0430\u043f\u0438\u0441\u044b\u0432\u0430\u0435\u0442\u0441\u044f \u0441\u043e \u0437\u0432\u0443\u043a\u043e\u043c \u0432 \u0442\u0435\u0447\u0435\u043d\u0438\u0435 2-3 \u0447\u0430\u0441\u043e\u0432<\/li>\n<li>\u0420\u0430\u0437\u0440\u0435\u0448\u0435\u043d\u0438\u0435 \u0437\u0430\u043f\u0438\u0441\u0438: Full HD<\/li>\n<li>\u0424\u043e\u0440\u043c\u0430\u0442 \u0432\u0438\u0434\u0435\u043e: avi | \u043c\u0430\u043a\u0441\u0438\u043c\u0443\u043c 25 \u043a\u0430\u0434\u0440\u043e\u0432 \u0432 \u0441\u0435\u043a\u0443\u043d\u0434\u0443<\/li>\n<li>\u0423\u0433\u043e\u043b \u043e\u0431\u0437\u043e\u0440\u0430: 100\u00b0, \u043e\u0447\u0435\u043d\u044c \u0448\u0438\u0440\u043e\u043a\u0438\u0439<\/li>\n<li>\u0417\u0432\u0443\u043a: \u043c\u0438\u043a\u0440\u043e\u0444\u043e\u043d \u0441 \u0448\u0443\u043c\u043e\u043f\u043e\u0434\u0430\u0432\u043b\u0435\u043d\u0438\u0435\u043c<\/li>\n<li>\u0417\u0430\u0440\u044f\u0434\u043a\u0430 \u0447\u0435\u0440\u0435\u0437 USB-\u043a\u0430\u0431\u0435\u043b\u044c<\/li>\n<li>\u0417\u0430\u043f\u0438\u0441\u044c \u0432\u0438\u0434\u0435\u043e: H264<\/li>\n<li>Wifi \u043a\u0430\u043c\u0435\u0440\u0430 (\u0438\u043c\u0438\u0442\u0430\u0446\u0438\u044f), \u0443\u0441\u0442\u0440\u043e\u0439\u0441\u0442\u0432\u043e \u0434\u043b\u044f \u0447\u0442\u0435\u043d\u0438\u044f \u043a\u0430\u0440\u0442 \u043f\u0430\u043c\u044f\u0442\u0438 micro SD, \u043a\u0430\u0431\u0435\u043b\u044c USB<\/li>\n<li>\u0420\u0430\u0437\u043c\u0435\u0440\u044b: \u0432\u044b\u0441\u043e\u0442\u0430 \u043e\u0442 \u0433\u043e\u043b\u043e\u0432\u044b \u0434\u043e \u043d\u043e\u0433 35 \u0441\u043c x \u0440\u0430\u0441\u0441\u0442\u043e\u044f\u043d\u0438\u0435 \u043c\u0435\u0436\u0434\u0443 \u0440\u0443\u043a\u0430\u043c\u0438 \u043e\u043a\u043e\u043b\u043e 28 \u0441\u043c.<\/li>\n<li>\u0413\u0410\u0420\u0410\u041d\u0422\u0418\u042f 12 \u043c\u0435\u0441\u044f\u0446\u0435\u0432<\/li>\n<\/ul>","protected":false},"excerpt":{"rendered":"<p>\u0421\u043a\u0440\u044b\u0442\u0430\u044f WiFi \u043a\u0430\u043c\u0435\u0440\u0430 \u043d\u0430\u0431\u043b\u044e\u0434\u0435\u043d\u0438\u044f \u0441 \u0440\u0430\u0437\u0440\u0435\u0448\u0435\u043d\u0438\u0435\u043c FULL HD. \u041a\u0430\u043c\u0435\u0440\u0430 \u043e\u0441\u043d\u0430\u0449\u0435\u043d\u0430 \u0432\u043d\u0435\u0448\u043d\u0438\u043c \u0430\u043a\u043a\u0443\u043c\u0443\u043b\u044f\u0442\u043e\u0440\u043e\u043c, \u043a\u043e\u0442\u043e\u0440\u043e\u0433\u043e \u0445\u0432\u0430\u0442\u0430\u0435\u0442 \u043d\u0430 4 \u0447\u0430\u0441\u0430 \u0440\u0430\u0431\u043e\u0442\u044b \u0432 \u0440\u0435\u0436\u0438\u043c\u0435 \u0437\u0430\u043f\u0438\u0441\u0438. \u042d\u0442\u0443 \u043c\u0438\u043d\u0438-\u043a\u0430\u043c\u0435\u0440\u0443 \u043c\u043e\u0436\u043d\u043e \u043b\u0435\u0433\u043a\u043e \u0441\u043f\u0440\u044f\u0442\u0430\u0442\u044c \u0432 \u043c\u0435\u0431\u0435\u043b\u0438.<\/p>","protected":false},"featured_media":3697,"template":"","meta":[],"product_brand":[],"product_cat":[330,321,331],"product_tag":[324,325,326,36,327,328,329,32],"class_list":{"0":"post-3696","1":"product","2":"type-product","3":"status-publish","4":"has-post-thumbnail","6":"product_cat-masketas-kameras","7":"product_cat-sleptas-kameras","8":"product_cat-wi-fi-slepenas-kameras","9":"product_tag-izlukosanas-kamera","10":"product_tag-izsekosanas-kamera","11":"product_tag-maskesanas-kamera","12":"product_tag-mini-kamera","13":"product_tag-noverosanas-kamera","14":"product_tag-slepena-kamera","15":"product_tag-slepta-noverosanas-kamera","16":"product_tag-wifi-kamera","18":"first","19":"instock","20":"taxable","21":"shipping-taxable","22":"purchasable","23":"product-type-simple"},"yoast_head":"<!-- This site is optimized with the Yoast SEO plugin v27.4 - https:\/\/yoast.com\/product\/yoast-seo-wordpress\/ -->\n<title>Pl\u012b\u0161a l\u0101cis ar slepeno kameru<\/title>\n<meta name=\"robots\" content=\"index, follow, max-snippet:-1, max-image-preview:large, max-video-preview:-1\" \/>\n<link rel=\"canonical\" href=\"https:\/\/izsekosanasierices.lv\/ru\/produkts\/plyushevyy-mishka-so-skrytoy-kameroy\/\" \/>\n<meta property=\"og:locale\" content=\"ru_RU\" \/>\n<meta property=\"og:type\" content=\"article\" \/>\n<meta property=\"og:title\" content=\"WiFi sl\u0113pta nov\u0113ro\u0161anas kamera FULL HD, viegli sl\u0113pta ar akumulatoru\" \/>\n<meta property=\"og:description\" content=\"WiFi slepena nov\u0113ro\u0161anas kamera FULL HD iz\u0161\u0137irtsp\u0113j\u0101, ko ir viegli nosl\u0113pt. Kamerai ir \u0101r\u0113jais akumulators, kas darbojas l\u012bdz 4 stund\u0101m. ierakstiem. Mini kameru var viegli pasl\u0113pt m\u0113bel\u0113s\" \/>\n<meta property=\"og:url\" content=\"https:\/\/izsekosanasierices.lv\/ru\/produkts\/plyushevyy-mishka-so-skrytoy-kameroy\/\" \/>\n<meta property=\"og:site_name\" content=\"Nr1 Izseko\u0161anas ier\u012bces gps izseko\u0161anas iek\u0101rtas, klaus\u012b\u0161an\u0101s iek\u0101rtas\" \/>\n<meta property=\"article:modified_time\" content=\"2026-01-06T13:02:36+00:00\" \/>\n<meta property=\"og:image\" content=\"https:\/\/rvnski.dev\/sekimoiranga\/wp-content\/uploads\/izsekosanasierices.webp\" \/>\n<meta name=\"twitter:card\" content=\"summary_large_image\" \/>\n<meta name=\"twitter:title\" content=\"WiFi sl\u0113pta nov\u0113ro\u0161anas kamera FULL HD, viegli sl\u0113pta ar akumulatoru\" \/>\n<meta name=\"twitter:description\" content=\"WiFi slepena nov\u0113ro\u0161anas kamera FULL HD iz\u0161\u0137irtsp\u0113j\u0101, ko ir viegli nosl\u0113pt. Kamerai ir \u0101r\u0113jais akumulators, kas darbojas l\u012bdz 4 stund\u0101m. ierakstiem. Mini kameru var viegli pasl\u0113pt m\u0113bel\u0113s\" \/>\n<meta name=\"twitter:label1\" content=\"\u041f\u0440\u0438\u043c\u0435\u0440\u043d\u043e\u0435 \u0432\u0440\u0435\u043c\u044f \u0434\u043b\u044f \u0447\u0442\u0435\u043d\u0438\u044f\" \/>\n\t<meta name=\"twitter:data1\" content=\"1 \u043c\u0438\u043d\u0443\u0442\u0430\" \/>\n<script type=\"application\/ld+json\" class=\"yoast-schema-graph\">{\"@context\":\"https:\\\/\\\/schema.org\",\"@graph\":[{\"@type\":\"WebPage\",\"@id\":\"https:\\\/\\\/izsekosanasierices.lv\\\/produkts\\\/plisa-lacis-ar-slepeno-kameru\\\/\",\"url\":\"https:\\\/\\\/izsekosanasierices.lv\\\/produkts\\\/plisa-lacis-ar-slepeno-kameru\\\/\",\"name\":\"Pl\u012b\u0161a l\u0101cis ar slepeno kameru\",\"isPartOf\":{\"@id\":\"https:\\\/\\\/izsekosanasierices.lv\\\/#website\"},\"primaryImageOfPage\":{\"@id\":\"https:\\\/\\\/izsekosanasierices.lv\\\/produkts\\\/plisa-lacis-ar-slepeno-kameru\\\/#primaryimage\"},\"image\":{\"@id\":\"https:\\\/\\\/izsekosanasierices.lv\\\/produkts\\\/plisa-lacis-ar-slepeno-kameru\\\/#primaryimage\"},\"thumbnailUrl\":\"https:\\\/\\\/izsekosanasierices.lv\\\/wp-content\\\/uploads\\\/Lacitis-ar-slepto-kameru-600x600-1.png\",\"datePublished\":\"2025-01-27T13:39:18+00:00\",\"dateModified\":\"2026-01-06T13:02:36+00:00\",\"breadcrumb\":{\"@id\":\"https:\\\/\\\/izsekosanasierices.lv\\\/produkts\\\/plisa-lacis-ar-slepeno-kameru\\\/#breadcrumb\"},\"inLanguage\":\"ru-RU\",\"potentialAction\":[{\"@type\":\"ReadAction\",\"target\":[\"https:\\\/\\\/izsekosanasierices.lv\\\/produkts\\\/plisa-lacis-ar-slepeno-kameru\\\/\"]}]},{\"@type\":\"ImageObject\",\"inLanguage\":\"ru-RU\",\"@id\":\"https:\\\/\\\/izsekosanasierices.lv\\\/produkts\\\/plisa-lacis-ar-slepeno-kameru\\\/#primaryimage\",\"url\":\"https:\\\/\\\/izsekosanasierices.lv\\\/wp-content\\\/uploads\\\/Lacitis-ar-slepto-kameru-600x600-1.png\",\"contentUrl\":\"https:\\\/\\\/izsekosanasierices.lv\\\/wp-content\\\/uploads\\\/Lacitis-ar-slepto-kameru-600x600-1.png\",\"width\":600,\"height\":600,\"caption\":\"L\u0101c\u012btis-ar-sl\u0113pto-kameru-600x600\"},{\"@type\":\"BreadcrumbList\",\"@id\":\"https:\\\/\\\/izsekosanasierices.lv\\\/produkts\\\/plisa-lacis-ar-slepeno-kameru\\\/#breadcrumb\",\"itemListElement\":[{\"@type\":\"ListItem\",\"position\":1,\"name\":\"S\u0101kums\",\"item\":\"https:\\\/\\\/izsekosanasierices.lv\\\/\"},{\"@type\":\"ListItem\",\"position\":2,\"name\":\"Veikals\",\"item\":\"https:\\\/\\\/izsekosanasierices.lv\\\/veikals\\\/\"},{\"@type\":\"ListItem\",\"position\":3,\"name\":\"Pl\u012b\u0161a l\u0101cis ar slepeno kameru\"}]},{\"@type\":\"WebSite\",\"@id\":\"https:\\\/\\\/izsekosanasierices.lv\\\/#website\",\"url\":\"https:\\\/\\\/izsekosanasierices.lv\\\/\",\"name\":\"Nr1 Izseko\u0161anas ier\u012bces gps izseko\u0161anas iek\u0101rtas, klaus\u012b\u0161an\u0101s iek\u0101rtas\",\"description\":\"\",\"potentialAction\":[{\"@type\":\"SearchAction\",\"target\":{\"@type\":\"EntryPoint\",\"urlTemplate\":\"https:\\\/\\\/izsekosanasierices.lv\\\/?s={search_term_string}\"},\"query-input\":{\"@type\":\"PropertyValueSpecification\",\"valueRequired\":true,\"valueName\":\"search_term_string\"}}],\"inLanguage\":\"ru-RU\"}]}<\/script>\n<!-- \/ Yoast SEO plugin. -->","yoast_head_json":{"title":"Pl\u012b\u0161a l\u0101cis ar slepeno kameru","robots":{"index":"index","follow":"follow","max-snippet":"max-snippet:-1","max-image-preview":"max-image-preview:large","max-video-preview":"max-video-preview:-1"},"canonical":"https:\/\/izsekosanasierices.lv\/ru\/produkts\/plyushevyy-mishka-so-skrytoy-kameroy\/","og_locale":"ru_RU","og_type":"article","og_title":"WiFi sl\u0113pta nov\u0113ro\u0161anas kamera FULL HD, viegli sl\u0113pta ar akumulatoru","og_description":"WiFi slepena nov\u0113ro\u0161anas kamera FULL HD iz\u0161\u0137irtsp\u0113j\u0101, ko ir viegli nosl\u0113pt. Kamerai ir \u0101r\u0113jais akumulators, kas darbojas l\u012bdz 4 stund\u0101m. ierakstiem. Mini kameru var viegli pasl\u0113pt m\u0113bel\u0113s","og_url":"https:\/\/izsekosanasierices.lv\/ru\/produkts\/plyushevyy-mishka-so-skrytoy-kameroy\/","og_site_name":"Nr1 Izseko\u0161anas ier\u012bces gps izseko\u0161anas iek\u0101rtas, klaus\u012b\u0161an\u0101s iek\u0101rtas","article_modified_time":"2026-01-06T13:02:36+00:00","og_image":[{"url":"https:\/\/rvnski.dev\/sekimoiranga\/wp-content\/uploads\/izsekosanasierices.webp","type":"","width":"","height":""}],"twitter_card":"summary_large_image","twitter_title":"WiFi sl\u0113pta nov\u0113ro\u0161anas kamera FULL HD, viegli sl\u0113pta ar akumulatoru","twitter_description":"WiFi slepena nov\u0113ro\u0161anas kamera FULL HD iz\u0161\u0137irtsp\u0113j\u0101, ko ir viegli nosl\u0113pt. Kamerai ir \u0101r\u0113jais akumulators, kas darbojas l\u012bdz 4 stund\u0101m. ierakstiem. Mini kameru var viegli pasl\u0113pt m\u0113bel\u0113s","twitter_misc":{"\u041f\u0440\u0438\u043c\u0435\u0440\u043d\u043e\u0435 \u0432\u0440\u0435\u043c\u044f \u0434\u043b\u044f \u0447\u0442\u0435\u043d\u0438\u044f":"1 \u043c\u0438\u043d\u0443\u0442\u0430"},"schema":{"@context":"https:\/\/schema.org","@graph":[{"@type":"WebPage","@id":"https:\/\/izsekosanasierices.lv\/produkts\/plisa-lacis-ar-slepeno-kameru\/","url":"https:\/\/izsekosanasierices.lv\/produkts\/plisa-lacis-ar-slepeno-kameru\/","name":"Pl\u012b\u0161a l\u0101cis ar slepeno kameru","isPartOf":{"@id":"https:\/\/izsekosanasierices.lv\/#website"},"primaryImageOfPage":{"@id":"https:\/\/izsekosanasierices.lv\/produkts\/plisa-lacis-ar-slepeno-kameru\/#primaryimage"},"image":{"@id":"https:\/\/izsekosanasierices.lv\/produkts\/plisa-lacis-ar-slepeno-kameru\/#primaryimage"},"thumbnailUrl":"https:\/\/izsekosanasierices.lv\/wp-content\/uploads\/Lacitis-ar-slepto-kameru-600x600-1.png","datePublished":"2025-01-27T13:39:18+00:00","dateModified":"2026-01-06T13:02:36+00:00","breadcrumb":{"@id":"https:\/\/izsekosanasierices.lv\/produkts\/plisa-lacis-ar-slepeno-kameru\/#breadcrumb"},"inLanguage":"ru-RU","potentialAction":[{"@type":"ReadAction","target":["https:\/\/izsekosanasierices.lv\/produkts\/plisa-lacis-ar-slepeno-kameru\/"]}]},{"@type":"ImageObject","inLanguage":"ru-RU","@id":"https:\/\/izsekosanasierices.lv\/produkts\/plisa-lacis-ar-slepeno-kameru\/#primaryimage","url":"https:\/\/izsekosanasierices.lv\/wp-content\/uploads\/Lacitis-ar-slepto-kameru-600x600-1.png","contentUrl":"https:\/\/izsekosanasierices.lv\/wp-content\/uploads\/Lacitis-ar-slepto-kameru-600x600-1.png","width":600,"height":600,"caption":"L\u0101c\u012btis-ar-sl\u0113pto-kameru-600x600"},{"@type":"BreadcrumbList","@id":"https:\/\/izsekosanasierices.lv\/produkts\/plisa-lacis-ar-slepeno-kameru\/#breadcrumb","itemListElement":[{"@type":"ListItem","position":1,"name":"S\u0101kums","item":"https:\/\/izsekosanasierices.lv\/"},{"@type":"ListItem","position":2,"name":"Veikals","item":"https:\/\/izsekosanasierices.lv\/veikals\/"},{"@type":"ListItem","position":3,"name":"Pl\u012b\u0161a l\u0101cis ar slepeno kameru"}]},{"@type":"WebSite","@id":"https:\/\/izsekosanasierices.lv\/#website","url":"https:\/\/izsekosanasierices.lv\/","name":"Nr1 Izseko\u0161anas ier\u012bces gps izseko\u0161anas iek\u0101rtas, klaus\u012b\u0161an\u0101s iek\u0101rtas","description":"","potentialAction":[{"@type":"SearchAction","target":{"@type":"EntryPoint","urlTemplate":"https:\/\/izsekosanasierices.lv\/?s={search_term_string}"},"query-input":{"@type":"PropertyValueSpecification","valueRequired":true,"valueName":"search_term_string"}}],"inLanguage":"ru-RU"}]}},"_links":{"self":[{"href":"https:\/\/izsekosanasierices.lv\/ru\/wp-json\/wp\/v2\/product\/3696","targetHints":{"allow":["GET"]}}],"collection":[{"href":"https:\/\/izsekosanasierices.lv\/ru\/wp-json\/wp\/v2\/product"}],"about":[{"href":"https:\/\/izsekosanasierices.lv\/ru\/wp-json\/wp\/v2\/types\/product"}],"wp:featuredmedia":[{"embeddable":true,"href":"https:\/\/izsekosanasierices.lv\/ru\/wp-json\/wp\/v2\/media\/3697"}],"wp:attachment":[{"href":"https:\/\/izsekosanasierices.lv\/ru\/wp-json\/wp\/v2\/media?parent=3696"}],"wp:term":[{"taxonomy":"product_brand","embeddable":true,"href":"https:\/\/izsekosanasierices.lv\/ru\/wp-json\/wp\/v2\/product_brand?post=3696"},{"taxonomy":"product_cat","embeddable":true,"href":"https:\/\/izsekosanasierices.lv\/ru\/wp-json\/wp\/v2\/product_cat?post=3696"},{"taxonomy":"product_tag","embeddable":true,"href":"https:\/\/izsekosanasierices.lv\/ru\/wp-json\/wp\/v2\/product_tag?post=3696"}],"curies":[{"name":"wp","href":"https:\/\/api.w.org\/{rel}","templated":true}]}}