{"id":3758,"date":"2025-02-11T14:34:34","date_gmt":"2025-02-11T12:34:34","guid":{"rendered":"https:\/\/izsekosanasierices.lv\/?post_type=product&#038;p=3758"},"modified":"2026-04-08T16:55:26","modified_gmt":"2026-04-08T13:55:26","slug":"powerbank-gsm-noklausisanas-ierice-darbojas-bez-uzlades-lidz-180-dienam","status":"publish","type":"product","link":"https:\/\/izsekosanasierices.lv\/ru\/produkts\/podslushivayuschee-ustroystvo-powerbank-gsm-rabotaet-bez-podzaryadki-do-180-dney\/","title":{"rendered":"\u041f\u043e\u0434\u0441\u043b\u0443\u0448\u0438\u0432\u0430\u044e\u0449\u0435\u0435 \u0443\u0441\u0442\u0440\u043e\u0439\u0441\u0442\u0432\u043e POWERBANK GSM \u0440\u0430\u0431\u043e\u0442\u0430\u0435\u0442 \u0431\u0435\u0437 \u043f\u043e\u0434\u0437\u0430\u0440\u044f\u0434\u043a\u0438 \u0434\u043e 180 \u0434\u043d\u0435\u0439"},"content":{"rendered":"<p data-start=\"21\" data-end=\"47\"><strong data-start=\"21\" data-end=\"45\">\u0422\u0435\u0445\u043d\u0438\u0447\u0435\u0441\u043a\u0438\u0435 \u043f\u0430\u0440\u0430\u043c\u0435\u0442\u0440\u044b:<\/strong><\/p>\n<ul data-start=\"48\" data-end=\"545\">\n<li data-start=\"48\" data-end=\"85\">\u0410\u0432\u0442\u043e\u043c\u0430\u0442\u0438\u0447\u0435\u0441\u043a\u0438\u0439 \u043e\u0431\u0440\u0430\u0442\u043d\u044b\u0439 \u0432\u044b\u0437\u043e\u0432 \u0437\u0432\u0443\u043a\u0430<\/li>\n<li data-start=\"86\" data-end=\"133\">\u0412\u0440\u0435\u043c\u044f \u043e\u0436\u0438\u0434\u0430\u043d\u0438\u044f \u0434\u043e 180 \u0434\u043d\u0435\u0439 (6 \u043c\u0435\u0441\u044f\u0446\u0435\u0432)<\/li>\n<li data-start=\"134\" data-end=\"178\">\u0412\u0440\u0435\u043c\u044f \u043f\u0440\u043e\u0441\u043b\u0443\u0448\u0438\u0432\u0430\u043d\u0438\u044f \u043f\u0440\u0438\u043c\u0435\u0440\u043d\u043e 100 \u0447\u0430\u0441\u043e\u0432<\/li>\n<li data-start=\"179\" data-end=\"206\">\u0412\u044b\u0441\u043e\u043a\u043e\u0435 \u043a\u0430\u0447\u0435\u0441\u0442\u0432\u043e \u0437\u0432\u0443\u043a\u0430<\/li>\n<li data-start=\"207\" data-end=\"238\">\u0424\u0443\u043d\u043a\u0446\u0438\u044f \u0440\u0430\u0441\u043f\u043e\u0437\u043d\u0430\u0432\u0430\u043d\u0438\u044f \u0437\u0432\u0443\u043a\u0430<\/li>\n<li data-start=\"239\" data-end=\"285\">\u041d\u0430\u0441\u0442\u043e\u044f\u0449\u0438\u0439 powerbank (\u043f\u0435\u0440\u0435\u043d\u043e\u0441\u043d\u043e\u0439 \u0430\u043a\u043a\u0443\u043c\u0443\u043b\u044f\u0442\u043e\u0440)<\/li>\n<li data-start=\"286\" data-end=\"335\">\u0412\u043c\u0435\u0441\u0442\u0438\u043c\u043e\u0441\u0442\u044c \u043f\u0435\u0440\u0435\u043d\u043e\u0441\u043d\u043e\u0433\u043e \u0430\u043a\u043a\u0443\u043c\u0443\u043b\u044f\u0442\u043e\u0440\u0430: 16 000 \u043c\u0410\u0447<\/li>\n<li data-start=\"336\" data-end=\"363\">\u0421\u0432\u044f\u0437\u044c: GSM \/ GPRS<\/li>\n<li data-start=\"364\" data-end=\"405\">\u0427\u0430\u0441\u0442\u043e\u0442\u044b GSM: 850\/900\/1800\/1900 \u041c\u0413\u0446<\/li>\n<li data-start=\"406\" data-end=\"437\">\u0417\u0430\u0440\u044f\u0434\u043a\u0430: 5V 500 mA USB \u043f\u043e\u0440\u0442<\/li>\n<li data-start=\"438\" data-end=\"496\">\u0420\u0430\u0431\u043e\u0447\u0430\u044f \u0442\u0435\u043c\u043f\u0435\u0440\u0430\u0442\u0443\u0440\u0430: \u043e\u0442 -20 \u0434\u043e +55 \u0433\u0440\u0430\u0434\u0443\u0441\u043e\u0432 \u043f\u043e \u0426\u0435\u043b\u044c\u0441\u0438\u044e<\/li>\n<li data-start=\"497\" data-end=\"529\">\u0420\u0430\u0437\u043c\u0435\u0440: 17,2\u043c\u043c x 80\u043c\u043c x 23\u043c\u043c<\/li>\n<li data-start=\"530\" data-end=\"545\">\u0412\u0435\u0441: 345\u0433<\/li>\n<\/ul>\n<p data-start=\"547\" data-end=\"630\"><strong data-start=\"547\" data-end=\"565\">\u041e\u0431\u043e\u0440\u0443\u0434\u043e\u0432\u0430\u043d\u0438\u0435:<\/strong> Powerbank \u043f\u0435\u0440\u0435\u043d\u043e\u0441\u043d\u043e\u0439 \u0430\u043a\u043a\u0443\u043c\u0443\u043b\u044f\u0442\u043e\u0440<br data-start=\"601\" data-end=\"604\" \/><strong data-start=\"604\" data-end=\"618\">\u0413\u0410\u0420\u0410\u041d\u0422\u0418\u042f:<\/strong> 12 \u043c\u0435\u0441\u044f\u0446\u0435\u0432<\/p>\n<p><span style=\"color: #ff0000;\"><strong>\u041d\u0443\u0436\u043d\u0430 \u0431\u044b\u0441\u0442\u0440\u0430\u044f \u0434\u043e\u0441\u0442\u0430\u0432\u043a\u0430 \u0432 \u0442\u043e\u0442 \u0436\u0435 \u0434\u0435\u043d\u044c (\u0438 \u0432 \u0432\u044b\u0445\u043e\u0434\u043d\u044b\u0435)? \u041f\u043e\u0437\u0432\u043e\u043d\u0438\u0442\u0435 \u043f\u043e \u0442\u0435\u043b\u0435\u0444\u043e\u043d\u0443 +371-20484176<\/strong><\/span><\/p>\n<p>\u0418\u0441\u043f\u043e\u043b\u044c\u0437\u043e\u0432\u0430\u043d\u0438\u0435: \u0434\u043b\u044f \u0432\u0430\u0448\u0435\u0439 \u0431\u0435\u0437\u043e\u043f\u0430\u0441\u043d\u043e\u0441\u0442\u0438, \u0434\u043b\u044f \u0431\u0435\u0437\u043e\u043f\u0430\u0441\u043d\u043e\u0441\u0442\u0438 \u0434\u0435\u0442\u0435\u0439.<\/p>\n<p>&nbsp;<\/p>","protected":false},"excerpt":{"rendered":"<p>\u041f\u0430\u0443\u044d\u0440\u0431\u0430\u043d\u043a \u043f\u0435\u0440\u0435\u043d\u043e\u0441\u043d\u043e\u0439 \u0430\u043a\u043a\u0443\u043c\u0443\u043b\u044f\u0442\u043e\u0440 \u0441 \u0432\u0441\u0442\u0440\u043e\u0435\u043d\u043d\u044b\u043c \u0441\u043a\u0440\u044b\u0442\u044b\u043c \u043f\u0440\u043e\u0441\u043b\u0443\u0448\u0438\u0432\u0430\u044e\u0449\u0438\u043c \u0443\u0441\u0442\u0440\u043e\u0439\u0441\u0442\u0432\u043e\u043c \u0420\u0430\u0431\u043e\u0442\u0430\u0435\u0442 \u0434\u043e 180 \u0434\u043d\u0435\u0439 \u0431\u0435\u0437 \u043f\u043e\u0434\u0437\u0430\u0440\u044f\u0434\u043a\u0438. \u0417\u0432\u0443\u043a \u043c\u043e\u0436\u043d\u043e \u0441\u043b\u0443\u0448\u0430\u0442\u044c \u0432 \u0440\u0435\u0436\u0438\u043c\u0435 \u0440\u0435\u0430\u043b\u044c\u043d\u043e\u0433\u043e \u0432\u0440\u0435\u043c\u0435\u043d\u0438 \u043f\u043e \u0442\u0435\u043b\u0435\u0444\u043e\u043d\u0443<\/p>","protected":false},"featured_media":3759,"template":"","meta":[],"product_brand":[],"product_cat":[336,335,337],"product_tag":[62,338,339,340,341],"class_list":{"0":"post-3758","1":"product","2":"type-product","3":"status-publish","4":"has-post-thumbnail","6":"product_cat-gsm-noklausisanas-iekartas-blakes","7":"product_cat-noklausisanas-ierices","8":"product_cat-profesionals-noklausisanas-aprikojums","9":"product_tag-gsm-blake","10":"product_tag-noklausisanas-iekartas","11":"product_tag-noklausisanas-kluda","12":"product_tag-profesionalas-noklausisanas-iekartas","13":"product_tag-sarunu-noklausisanas","15":"first","16":"instock","17":"taxable","18":"shipping-taxable","19":"purchasable","20":"product-type-simple"},"yoast_head":"<!-- This site is optimized with the Yoast SEO plugin v27.4 - https:\/\/yoast.com\/product\/yoast-seo-wordpress\/ -->\n<title>Powerbank gsm noklaus\u012b\u0161an\u0101s ier\u012bce darbojas l\u012bdz 180d<\/title>\n<meta name=\"description\" content=\"Powerbank p\u0101rn\u0113s\u0101jamais akumulators ar ieb\u016bv\u0113tu slepenu noklaus\u012b\u0161an\u0101s ier\u012bci Darbojas l\u012bdz 180 dien\u0101m bez uzl\u0101des. Ska\u0146u var klaus\u012bties tie\u0161raid\u0113 pa t\u0101lruni\" \/>\n<meta name=\"robots\" content=\"index, follow, max-snippet:-1, max-image-preview:large, max-video-preview:-1\" \/>\n<link rel=\"canonical\" href=\"https:\/\/izsekosanasierices.lv\/ru\/produkts\/podslushivayuschee-ustroystvo-powerbank-gsm-rabotaet-bez-podzaryadki-do-180-dney\/\" \/>\n<meta property=\"og:locale\" content=\"ru_RU\" \/>\n<meta property=\"og:type\" content=\"article\" \/>\n<meta property=\"og:title\" content=\"HQ Listening Bug sver tikai 23 g. ar HQ mikrofonu\" \/>\n<meta property=\"og:description\" content=\"Mini GMS blake HQ mikrofons, augsta ska\u0146as kvalit\u0101te. Liela noklaus\u012b\u0161an\u0101s k\u013c\u016bdu izv\u0113le. Tikai augstas kvalit\u0101tes noklaus\u012b\u0161an\u0101s iek\u0101rtas. Zemas cenas garantija\" \/>\n<meta property=\"og:url\" content=\"https:\/\/izsekosanasierices.lv\/ru\/produkts\/podslushivayuschee-ustroystvo-powerbank-gsm-rabotaet-bez-podzaryadki-do-180-dney\/\" \/>\n<meta property=\"og:site_name\" content=\"Nr1 Izseko\u0161anas ier\u012bces gps izseko\u0161anas iek\u0101rtas, klaus\u012b\u0161an\u0101s iek\u0101rtas\" \/>\n<meta property=\"article:modified_time\" content=\"2026-04-08T13:55:26+00:00\" \/>\n<meta property=\"og:image\" content=\"https:\/\/rvnski.dev\/sekimoiranga\/wp-content\/uploads\/izsekosanasierices.webp\" \/>\n<meta name=\"twitter:card\" content=\"summary_large_image\" \/>\n<meta name=\"twitter:title\" content=\"HQ Listening Bug sver tikai 23 g. ar HQ mikrofonu\" \/>\n<meta name=\"twitter:description\" content=\"Mini GMS blake HQ mikrofons, augsta ska\u0146as kvalit\u0101te. Liela noklaus\u012b\u0161an\u0101s k\u013c\u016bdu izv\u0113le. Tikai augstas kvalit\u0101tes noklaus\u012b\u0161an\u0101s iek\u0101rtas. Zemas cenas garantija\" \/>\n<meta name=\"twitter:label1\" content=\"\u041f\u0440\u0438\u043c\u0435\u0440\u043d\u043e\u0435 \u0432\u0440\u0435\u043c\u044f \u0434\u043b\u044f \u0447\u0442\u0435\u043d\u0438\u044f\" \/>\n\t<meta name=\"twitter:data1\" content=\"1 \u043c\u0438\u043d\u0443\u0442\u0430\" \/>\n<script type=\"application\/ld+json\" class=\"yoast-schema-graph\">{\"@context\":\"https:\\\/\\\/schema.org\",\"@graph\":[{\"@type\":\"WebPage\",\"@id\":\"https:\\\/\\\/izsekosanasierices.lv\\\/produkts\\\/powerbank-gsm-noklausisanas-ierice-darbojas-bez-uzlades-lidz-180-dienam\\\/\",\"url\":\"https:\\\/\\\/izsekosanasierices.lv\\\/produkts\\\/powerbank-gsm-noklausisanas-ierice-darbojas-bez-uzlades-lidz-180-dienam\\\/\",\"name\":\"Powerbank gsm noklaus\u012b\u0161an\u0101s ier\u012bce darbojas l\u012bdz 180d\",\"isPartOf\":{\"@id\":\"https:\\\/\\\/izsekosanasierices.lv\\\/#website\"},\"primaryImageOfPage\":{\"@id\":\"https:\\\/\\\/izsekosanasierices.lv\\\/produkts\\\/powerbank-gsm-noklausisanas-ierice-darbojas-bez-uzlades-lidz-180-dienam\\\/#primaryimage\"},\"image\":{\"@id\":\"https:\\\/\\\/izsekosanasierices.lv\\\/produkts\\\/powerbank-gsm-noklausisanas-ierice-darbojas-bez-uzlades-lidz-180-dienam\\\/#primaryimage\"},\"thumbnailUrl\":\"https:\\\/\\\/izsekosanasierices.lv\\\/wp-content\\\/uploads\\\/powerbank-klausisanas-ierice.jpg\",\"datePublished\":\"2025-02-11T12:34:34+00:00\",\"dateModified\":\"2026-04-08T13:55:26+00:00\",\"description\":\"Powerbank p\u0101rn\u0113s\u0101jamais akumulators ar ieb\u016bv\u0113tu slepenu noklaus\u012b\u0161an\u0101s ier\u012bci Darbojas l\u012bdz 180 dien\u0101m bez uzl\u0101des. Ska\u0146u var klaus\u012bties tie\u0161raid\u0113 pa t\u0101lruni\",\"breadcrumb\":{\"@id\":\"https:\\\/\\\/izsekosanasierices.lv\\\/produkts\\\/powerbank-gsm-noklausisanas-ierice-darbojas-bez-uzlades-lidz-180-dienam\\\/#breadcrumb\"},\"inLanguage\":\"ru-RU\",\"potentialAction\":[{\"@type\":\"ReadAction\",\"target\":[\"https:\\\/\\\/izsekosanasierices.lv\\\/produkts\\\/powerbank-gsm-noklausisanas-ierice-darbojas-bez-uzlades-lidz-180-dienam\\\/\"]}]},{\"@type\":\"ImageObject\",\"inLanguage\":\"ru-RU\",\"@id\":\"https:\\\/\\\/izsekosanasierices.lv\\\/produkts\\\/powerbank-gsm-noklausisanas-ierice-darbojas-bez-uzlades-lidz-180-dienam\\\/#primaryimage\",\"url\":\"https:\\\/\\\/izsekosanasierices.lv\\\/wp-content\\\/uploads\\\/powerbank-klausisanas-ierice.jpg\",\"contentUrl\":\"https:\\\/\\\/izsekosanasierices.lv\\\/wp-content\\\/uploads\\\/powerbank-klausisanas-ierice.jpg\",\"width\":629,\"height\":629,\"caption\":\"powerbank klaus\u012b\u0161an\u0101s ier\u012bce\"},{\"@type\":\"BreadcrumbList\",\"@id\":\"https:\\\/\\\/izsekosanasierices.lv\\\/produkts\\\/powerbank-gsm-noklausisanas-ierice-darbojas-bez-uzlades-lidz-180-dienam\\\/#breadcrumb\",\"itemListElement\":[{\"@type\":\"ListItem\",\"position\":1,\"name\":\"S\u0101kums\",\"item\":\"https:\\\/\\\/izsekosanasierices.lv\\\/\"},{\"@type\":\"ListItem\",\"position\":2,\"name\":\"Veikals\",\"item\":\"https:\\\/\\\/izsekosanasierices.lv\\\/veikals\\\/\"},{\"@type\":\"ListItem\",\"position\":3,\"name\":\"POWERBANK GSM noklaus\u012b\u0161an\u0101s ier\u012bce darbojas bez uzl\u0101des l\u012bdz 180 dien\u0101m\"}]},{\"@type\":\"WebSite\",\"@id\":\"https:\\\/\\\/izsekosanasierices.lv\\\/#website\",\"url\":\"https:\\\/\\\/izsekosanasierices.lv\\\/\",\"name\":\"Nr1 Izseko\u0161anas ier\u012bces gps izseko\u0161anas iek\u0101rtas, klaus\u012b\u0161an\u0101s iek\u0101rtas\",\"description\":\"\",\"potentialAction\":[{\"@type\":\"SearchAction\",\"target\":{\"@type\":\"EntryPoint\",\"urlTemplate\":\"https:\\\/\\\/izsekosanasierices.lv\\\/?s={search_term_string}\"},\"query-input\":{\"@type\":\"PropertyValueSpecification\",\"valueRequired\":true,\"valueName\":\"search_term_string\"}}],\"inLanguage\":\"ru-RU\"}]}<\/script>\n<!-- \/ Yoast SEO plugin. -->","yoast_head_json":{"title":"Powerbank gsm noklaus\u012b\u0161an\u0101s ier\u012bce darbojas l\u012bdz 180d","description":"Powerbank p\u0101rn\u0113s\u0101jamais akumulators ar ieb\u016bv\u0113tu slepenu noklaus\u012b\u0161an\u0101s ier\u012bci Darbojas l\u012bdz 180 dien\u0101m bez uzl\u0101des. Ska\u0146u var klaus\u012bties tie\u0161raid\u0113 pa t\u0101lruni","robots":{"index":"index","follow":"follow","max-snippet":"max-snippet:-1","max-image-preview":"max-image-preview:large","max-video-preview":"max-video-preview:-1"},"canonical":"https:\/\/izsekosanasierices.lv\/ru\/produkts\/podslushivayuschee-ustroystvo-powerbank-gsm-rabotaet-bez-podzaryadki-do-180-dney\/","og_locale":"ru_RU","og_type":"article","og_title":"HQ Listening Bug sver tikai 23 g. ar HQ mikrofonu","og_description":"Mini GMS blake HQ mikrofons, augsta ska\u0146as kvalit\u0101te. Liela noklaus\u012b\u0161an\u0101s k\u013c\u016bdu izv\u0113le. Tikai augstas kvalit\u0101tes noklaus\u012b\u0161an\u0101s iek\u0101rtas. Zemas cenas garantija","og_url":"https:\/\/izsekosanasierices.lv\/ru\/produkts\/podslushivayuschee-ustroystvo-powerbank-gsm-rabotaet-bez-podzaryadki-do-180-dney\/","og_site_name":"Nr1 Izseko\u0161anas ier\u012bces gps izseko\u0161anas iek\u0101rtas, klaus\u012b\u0161an\u0101s iek\u0101rtas","article_modified_time":"2026-04-08T13:55:26+00:00","og_image":[{"url":"https:\/\/rvnski.dev\/sekimoiranga\/wp-content\/uploads\/izsekosanasierices.webp","type":"","width":"","height":""}],"twitter_card":"summary_large_image","twitter_title":"HQ Listening Bug sver tikai 23 g. ar HQ mikrofonu","twitter_description":"Mini GMS blake HQ mikrofons, augsta ska\u0146as kvalit\u0101te. Liela noklaus\u012b\u0161an\u0101s k\u013c\u016bdu izv\u0113le. Tikai augstas kvalit\u0101tes noklaus\u012b\u0161an\u0101s iek\u0101rtas. Zemas cenas garantija","twitter_misc":{"\u041f\u0440\u0438\u043c\u0435\u0440\u043d\u043e\u0435 \u0432\u0440\u0435\u043c\u044f \u0434\u043b\u044f \u0447\u0442\u0435\u043d\u0438\u044f":"1 \u043c\u0438\u043d\u0443\u0442\u0430"},"schema":{"@context":"https:\/\/schema.org","@graph":[{"@type":"WebPage","@id":"https:\/\/izsekosanasierices.lv\/produkts\/powerbank-gsm-noklausisanas-ierice-darbojas-bez-uzlades-lidz-180-dienam\/","url":"https:\/\/izsekosanasierices.lv\/produkts\/powerbank-gsm-noklausisanas-ierice-darbojas-bez-uzlades-lidz-180-dienam\/","name":"Powerbank gsm noklaus\u012b\u0161an\u0101s ier\u012bce darbojas l\u012bdz 180d","isPartOf":{"@id":"https:\/\/izsekosanasierices.lv\/#website"},"primaryImageOfPage":{"@id":"https:\/\/izsekosanasierices.lv\/produkts\/powerbank-gsm-noklausisanas-ierice-darbojas-bez-uzlades-lidz-180-dienam\/#primaryimage"},"image":{"@id":"https:\/\/izsekosanasierices.lv\/produkts\/powerbank-gsm-noklausisanas-ierice-darbojas-bez-uzlades-lidz-180-dienam\/#primaryimage"},"thumbnailUrl":"https:\/\/izsekosanasierices.lv\/wp-content\/uploads\/powerbank-klausisanas-ierice.jpg","datePublished":"2025-02-11T12:34:34+00:00","dateModified":"2026-04-08T13:55:26+00:00","description":"Powerbank p\u0101rn\u0113s\u0101jamais akumulators ar ieb\u016bv\u0113tu slepenu noklaus\u012b\u0161an\u0101s ier\u012bci Darbojas l\u012bdz 180 dien\u0101m bez uzl\u0101des. Ska\u0146u var klaus\u012bties tie\u0161raid\u0113 pa t\u0101lruni","breadcrumb":{"@id":"https:\/\/izsekosanasierices.lv\/produkts\/powerbank-gsm-noklausisanas-ierice-darbojas-bez-uzlades-lidz-180-dienam\/#breadcrumb"},"inLanguage":"ru-RU","potentialAction":[{"@type":"ReadAction","target":["https:\/\/izsekosanasierices.lv\/produkts\/powerbank-gsm-noklausisanas-ierice-darbojas-bez-uzlades-lidz-180-dienam\/"]}]},{"@type":"ImageObject","inLanguage":"ru-RU","@id":"https:\/\/izsekosanasierices.lv\/produkts\/powerbank-gsm-noklausisanas-ierice-darbojas-bez-uzlades-lidz-180-dienam\/#primaryimage","url":"https:\/\/izsekosanasierices.lv\/wp-content\/uploads\/powerbank-klausisanas-ierice.jpg","contentUrl":"https:\/\/izsekosanasierices.lv\/wp-content\/uploads\/powerbank-klausisanas-ierice.jpg","width":629,"height":629,"caption":"powerbank klaus\u012b\u0161an\u0101s ier\u012bce"},{"@type":"BreadcrumbList","@id":"https:\/\/izsekosanasierices.lv\/produkts\/powerbank-gsm-noklausisanas-ierice-darbojas-bez-uzlades-lidz-180-dienam\/#breadcrumb","itemListElement":[{"@type":"ListItem","position":1,"name":"S\u0101kums","item":"https:\/\/izsekosanasierices.lv\/"},{"@type":"ListItem","position":2,"name":"Veikals","item":"https:\/\/izsekosanasierices.lv\/veikals\/"},{"@type":"ListItem","position":3,"name":"POWERBANK GSM noklaus\u012b\u0161an\u0101s ier\u012bce darbojas bez uzl\u0101des l\u012bdz 180 dien\u0101m"}]},{"@type":"WebSite","@id":"https:\/\/izsekosanasierices.lv\/#website","url":"https:\/\/izsekosanasierices.lv\/","name":"Nr1 Izseko\u0161anas ier\u012bces gps izseko\u0161anas iek\u0101rtas, klaus\u012b\u0161an\u0101s iek\u0101rtas","description":"","potentialAction":[{"@type":"SearchAction","target":{"@type":"EntryPoint","urlTemplate":"https:\/\/izsekosanasierices.lv\/?s={search_term_string}"},"query-input":{"@type":"PropertyValueSpecification","valueRequired":true,"valueName":"search_term_string"}}],"inLanguage":"ru-RU"}]}},"_links":{"self":[{"href":"https:\/\/izsekosanasierices.lv\/ru\/wp-json\/wp\/v2\/product\/3758","targetHints":{"allow":["GET"]}}],"collection":[{"href":"https:\/\/izsekosanasierices.lv\/ru\/wp-json\/wp\/v2\/product"}],"about":[{"href":"https:\/\/izsekosanasierices.lv\/ru\/wp-json\/wp\/v2\/types\/product"}],"wp:featuredmedia":[{"embeddable":true,"href":"https:\/\/izsekosanasierices.lv\/ru\/wp-json\/wp\/v2\/media\/3759"}],"wp:attachment":[{"href":"https:\/\/izsekosanasierices.lv\/ru\/wp-json\/wp\/v2\/media?parent=3758"}],"wp:term":[{"taxonomy":"product_brand","embeddable":true,"href":"https:\/\/izsekosanasierices.lv\/ru\/wp-json\/wp\/v2\/product_brand?post=3758"},{"taxonomy":"product_cat","embeddable":true,"href":"https:\/\/izsekosanasierices.lv\/ru\/wp-json\/wp\/v2\/product_cat?post=3758"},{"taxonomy":"product_tag","embeddable":true,"href":"https:\/\/izsekosanasierices.lv\/ru\/wp-json\/wp\/v2\/product_tag?post=3758"}],"curies":[{"name":"wp","href":"https:\/\/api.w.org\/{rel}","templated":true}]}}