{"id":4581,"date":"2025-11-20T13:02:35","date_gmt":"2025-11-20T11:02:35","guid":{"rendered":"https:\/\/izsekosanasierices.lv\/?post_type=product&#038;p=4581"},"modified":"2025-11-20T15:00:42","modified_gmt":"2025-11-20T13:00:42","slug":"pulksteni-ar-slepenu-video-kameru-un-skanu-krasains-ekrans","status":"publish","type":"product","link":"https:\/\/izsekosanasierices.lv\/ru\/produkts\/chasy-s-skrytoy-videokameroy-i-skaniruyuschim-tsvetnym-ekranom\/","title":{"rendered":"\u0427\u0430\u0441\u044b \u0441 \u0441\u043a\u0440\u044b\u0442\u043e\u0439 \u0432\u0438\u0434\u0435\u043e\u043a\u0430\u043c\u0435\u0440\u043e\u0439 \u0438 \u0437\u0432\u0443\u043a\u043e\u043c \u0426\u0432\u0435\u0442\u043d\u043e\u0439 \u044d\u043a\u0440\u0430\u043d"},"content":{"rendered":"<h3>\u0422\u0435\u0445\u043d\u0438\u0447\u0435\u0441\u043a\u0438\u0435<strong>\u00a0\u043f\u0430\u0440\u0430\u043c\u0435\u0442\u0440\u044b:<\/strong><\/h3>\n<ul>\n<li>\u0412\u043d\u0443\u0442\u0440\u0435\u043d\u043d\u044f\u044f \u043f\u0430\u043c\u044f\u0442\u044c: 8 \u0413\u0411 \u0434\u043e 240 \u043c\u0438\u043d\u0443\u0442<\/li>\n<li>\u0412\u043e \u0432\u0440\u0435\u043c\u044f \u0441\u044a\u0435\u043c\u043a\u0438 \u0437\u0430\u043f\u0438\u0441\u044b\u0432\u0430\u0435\u0442 \u0437\u0432\u0443\u043a<\/li>\n<li>\u041c\u043e\u0436\u043d\u043e \u0438\u0441\u043f\u043e\u043b\u044c\u0437\u043e\u0432\u0430\u0442\u044c \u0432 \u043a\u0430\u0447\u0435\u0441\u0442\u0432\u0435 \u0434\u0438\u043a\u0442\u043e\u0444\u043e\u043d\u0430<\/li>\n<li>\u0426\u0432\u0435\u0442\u043d\u043e\u0439 \u044d\u043a\u0440\u0430\u043d<\/li>\n<li>\u0420\u0430\u0437\u0440\u0435\u0448\u0435\u043d\u0438\u0435 \u0432\u0438\u0434\u0435\u043e: Full-HD 1920 x 1080PX<\/li>\n<li>\u0412\u0438\u0434\u0435\u043e \u0444\u043e\u0440\u043c\u0430\u0442: AVI, 30 \u043a\u0430\u0434\u0440\u043e\u0432 \/ \u0441<\/li>\n<li>\u0412\u0441\u0442\u0440\u043e\u0435\u043d\u043d\u044b\u0439 \u0430\u043a\u043a\u0443\u043c\u0443\u043b\u044f\u0442\u043e\u0440: 200mAh (\u043f\u0435\u0440\u0435\u0437\u0430\u0440\u044f\u0436\u0430\u0435\u043c\u044b\u0439)<\/li>\n<li>\u0412\u0440\u0435\u043c\u044f \u0437\u0430\u043f\u0438\u0441\u0438 \u0432\u0438\u0434\u0435\u043e: \u043f\u0440\u0438\u043c\u0435\u0440\u043d\u043e 100 \u043c\u0438\u043d\u0443\u0442<\/li>\n<li>\u0412\u0440\u0435\u043c\u044f \u0437\u0430\u043f\u0438\u0441\u0438 \u0437\u0432\u0443\u043a\u0430: \u043f\u0440\u0438\u043c\u0435\u0440\u043d\u043e 27 \u0447\u0430\u0441\u043e\u0432<\/li>\n<li>\u0417\u0430\u0440\u044f\u0434\u043a\u0430: USB \u0441\u043e\u0435\u0434\u0438\u043d\u0435\u043d\u0438\u0435 \u0438\u043b\u0438 5V \u0437\u0430\u0440\u044f\u0434\u043d\u043e\u0435 \u0443\u0441\u0442\u0440\u043e\u0439\u0441\u0442\u0432\u043e<\/li>\n<li>\u0423\u0433\u043e\u043b \u043e\u0431\u0437\u043e\u0440\u0430: 80 \u00b0<\/li>\n<li>\u0420\u0430\u0437\u0440\u0435\u0448\u0435\u043d\u0438\u0435 \u0438\u0437\u043e\u0431\u0440\u0430\u0436\u0435\u043d\u0438\u044f: HD 1280 x 720PX<\/li>\n<li>\u0412\u0435\u0441 \u0438 \u0440\u0430\u0437\u043c\u0435\u0440\u044b: 26 \u0433; 46 \u043c\u043c x 20 \u043c\u043c x 12 \u043c\u043c<\/li>\n<li>\u0426\u0432\u0435\u0442: \u0447\u0435\u0440\u043d\u044b\u0439<\/li>\n<li><strong>\u0413\u0410\u0420\u0410\u041d\u0422\u0418\u042f 12 \u043c\u0435\u0441\u044f\u0446\u0435\u0432.<\/strong><\/li>\n<\/ul>\n<p><span style=\"color: #d0121a\"><strong>\u041d\u0443\u0436\u043d\u0430 \u0431\u044b\u0441\u0442\u0440\u0430\u044f \u0434\u043e\u0441\u0442\u0430\u0432\u043a\u0430 \u0432 \u0442\u043e\u0442 \u0436\u0435 \u0434\u0435\u043d\u044c? (\u0442\u0430\u043a\u0436\u0435 \u0432 \u0432\u044b\u0445\u043e\u0434\u043d\u044b\u0435) \u2013 \u0437\u0432\u043e\u043d\u0438\u0442\u0435 +37068411114<\/strong><\/span><\/p>","protected":false},"excerpt":{"rendered":"<p>Tehniskie\u00a0parametri: Iek\u0161\u0113j\u0101 atmi\u0146a: 8gb l\u012bdz 240 min Film\u0113\u0161anas laik\u0101 ieraksta ska\u0146u Var izmantot k\u0101 diktofonu Kr\u0101sains ekr\u0101ns Video iz\u0161\u0137irtsp\u0113ja: Full-HD 1920 x 1080PX Video form\u0101ts: AVI, 30 kadri \/ s&#8230;<\/p>","protected":false},"featured_media":4582,"template":"","meta":[],"product_brand":[],"product_cat":[342,330,362,321],"product_tag":[],"class_list":{"0":"post-4581","1":"product","2":"type-product","3":"status-publish","4":"has-post-thumbnail","6":"product_cat-diktofoni","7":"product_cat-masketas-kameras","8":"product_cat-rokas-pulksteni-kameras","9":"product_cat-sleptas-kameras","11":"first","12":"instock","13":"purchasable","14":"product-type-simple"},"yoast_head":"<!-- This site is optimized with the Yoast SEO plugin v27.4 - https:\/\/yoast.com\/product\/yoast-seo-wordpress\/ -->\n<title>Pulkste\u0146i ar slepenu video kameru un ska\u0146u Kr\u0101sains ekr\u0101ns<\/title>\n<meta name=\"robots\" content=\"index, follow, max-snippet:-1, max-image-preview:large, max-video-preview:-1\" \/>\n<link rel=\"canonical\" href=\"https:\/\/izsekosanasierices.lv\/ru\/produkts\/chasy-s-skrytoy-videokameroy-i-skaniruyuschim-tsvetnym-ekranom\/\" \/>\n<meta property=\"og:locale\" content=\"ru_RU\" \/>\n<meta property=\"og:type\" content=\"article\" \/>\n<meta property=\"og:title\" content=\"Pulkste\u0146i ar slepenu video kameru un ska\u0146u Kr\u0101sains ekr\u0101ns\" \/>\n<meta property=\"og:description\" content=\"Tehniskie\u00a0parametri: Iek\u0161\u0113j\u0101 atmi\u0146a: 8gb l\u012bdz 240 min Film\u0113\u0161anas laik\u0101 ieraksta ska\u0146u Var izmantot k\u0101 diktofonu Kr\u0101sains ekr\u0101ns Video iz\u0161\u0137irtsp\u0113ja: Full-HD 1920 x 1080PX Video form\u0101ts: AVI, 30 kadri \/ s...\" \/>\n<meta property=\"og:url\" content=\"https:\/\/izsekosanasierices.lv\/ru\/produkts\/chasy-s-skrytoy-videokameroy-i-skaniruyuschim-tsvetnym-ekranom\/\" \/>\n<meta property=\"og:site_name\" content=\"Nr1 Izseko\u0161anas ier\u012bces gps izseko\u0161anas iek\u0101rtas, klaus\u012b\u0161an\u0101s iek\u0101rtas\" \/>\n<meta property=\"article:modified_time\" content=\"2025-11-20T13:00:42+00:00\" \/>\n<meta property=\"og:image\" content=\"https:\/\/izsekosanasierices.lv\/wp-content\/uploads\/laikrodis-slapta-video-kamera-su-garsu-spalvotas-ekranas-4.jpg\" \/>\n\t<meta property=\"og:image:width\" content=\"800\" \/>\n\t<meta property=\"og:image:height\" content=\"800\" \/>\n\t<meta property=\"og:image:type\" content=\"image\/jpeg\" \/>\n<meta name=\"twitter:card\" content=\"summary_large_image\" \/>\n<meta name=\"twitter:label1\" content=\"\u041f\u0440\u0438\u043c\u0435\u0440\u043d\u043e\u0435 \u0432\u0440\u0435\u043c\u044f \u0434\u043b\u044f \u0447\u0442\u0435\u043d\u0438\u044f\" \/>\n\t<meta name=\"twitter:data1\" content=\"1 \u043c\u0438\u043d\u0443\u0442\u0430\" \/>\n<script type=\"application\/ld+json\" class=\"yoast-schema-graph\">{\"@context\":\"https:\\\/\\\/schema.org\",\"@graph\":[{\"@type\":\"WebPage\",\"@id\":\"https:\\\/\\\/izsekosanasierices.lv\\\/produkts\\\/pulksteni-ar-slepenu-video-kameru-un-skanu-krasains-ekrans\\\/\",\"url\":\"https:\\\/\\\/izsekosanasierices.lv\\\/produkts\\\/pulksteni-ar-slepenu-video-kameru-un-skanu-krasains-ekrans\\\/\",\"name\":\"Pulkste\u0146i ar slepenu video kameru un ska\u0146u Kr\u0101sains ekr\u0101ns\",\"isPartOf\":{\"@id\":\"https:\\\/\\\/izsekosanasierices.lv\\\/#website\"},\"primaryImageOfPage\":{\"@id\":\"https:\\\/\\\/izsekosanasierices.lv\\\/produkts\\\/pulksteni-ar-slepenu-video-kameru-un-skanu-krasains-ekrans\\\/#primaryimage\"},\"image\":{\"@id\":\"https:\\\/\\\/izsekosanasierices.lv\\\/produkts\\\/pulksteni-ar-slepenu-video-kameru-un-skanu-krasains-ekrans\\\/#primaryimage\"},\"thumbnailUrl\":\"https:\\\/\\\/izsekosanasierices.lv\\\/wp-content\\\/uploads\\\/laikrodis-slapta-video-kamera-su-garsu-spalvotas-ekranas-4.jpg\",\"datePublished\":\"2025-11-20T11:02:35+00:00\",\"dateModified\":\"2025-11-20T13:00:42+00:00\",\"breadcrumb\":{\"@id\":\"https:\\\/\\\/izsekosanasierices.lv\\\/produkts\\\/pulksteni-ar-slepenu-video-kameru-un-skanu-krasains-ekrans\\\/#breadcrumb\"},\"inLanguage\":\"ru-RU\",\"potentialAction\":[{\"@type\":\"ReadAction\",\"target\":[\"https:\\\/\\\/izsekosanasierices.lv\\\/produkts\\\/pulksteni-ar-slepenu-video-kameru-un-skanu-krasains-ekrans\\\/\"]}]},{\"@type\":\"ImageObject\",\"inLanguage\":\"ru-RU\",\"@id\":\"https:\\\/\\\/izsekosanasierices.lv\\\/produkts\\\/pulksteni-ar-slepenu-video-kameru-un-skanu-krasains-ekrans\\\/#primaryimage\",\"url\":\"https:\\\/\\\/izsekosanasierices.lv\\\/wp-content\\\/uploads\\\/laikrodis-slapta-video-kamera-su-garsu-spalvotas-ekranas-4.jpg\",\"contentUrl\":\"https:\\\/\\\/izsekosanasierices.lv\\\/wp-content\\\/uploads\\\/laikrodis-slapta-video-kamera-su-garsu-spalvotas-ekranas-4.jpg\",\"width\":800,\"height\":800},{\"@type\":\"BreadcrumbList\",\"@id\":\"https:\\\/\\\/izsekosanasierices.lv\\\/produkts\\\/pulksteni-ar-slepenu-video-kameru-un-skanu-krasains-ekrans\\\/#breadcrumb\",\"itemListElement\":[{\"@type\":\"ListItem\",\"position\":1,\"name\":\"S\u0101kums\",\"item\":\"https:\\\/\\\/izsekosanasierices.lv\\\/\"},{\"@type\":\"ListItem\",\"position\":2,\"name\":\"Veikals\",\"item\":\"https:\\\/\\\/izsekosanasierices.lv\\\/veikals\\\/\"},{\"@type\":\"ListItem\",\"position\":3,\"name\":\"Pulkste\u0146i ar slepenu video kameru un ska\u0146u Kr\u0101sains ekr\u0101ns\"}]},{\"@type\":\"WebSite\",\"@id\":\"https:\\\/\\\/izsekosanasierices.lv\\\/#website\",\"url\":\"https:\\\/\\\/izsekosanasierices.lv\\\/\",\"name\":\"Nr1 Izseko\u0161anas ier\u012bces gps izseko\u0161anas iek\u0101rtas, klaus\u012b\u0161an\u0101s iek\u0101rtas\",\"description\":\"\",\"potentialAction\":[{\"@type\":\"SearchAction\",\"target\":{\"@type\":\"EntryPoint\",\"urlTemplate\":\"https:\\\/\\\/izsekosanasierices.lv\\\/?s={search_term_string}\"},\"query-input\":{\"@type\":\"PropertyValueSpecification\",\"valueRequired\":true,\"valueName\":\"search_term_string\"}}],\"inLanguage\":\"ru-RU\"}]}<\/script>\n<!-- \/ Yoast SEO plugin. -->","yoast_head_json":{"title":"Pulkste\u0146i ar slepenu video kameru un ska\u0146u Kr\u0101sains ekr\u0101ns","robots":{"index":"index","follow":"follow","max-snippet":"max-snippet:-1","max-image-preview":"max-image-preview:large","max-video-preview":"max-video-preview:-1"},"canonical":"https:\/\/izsekosanasierices.lv\/ru\/produkts\/chasy-s-skrytoy-videokameroy-i-skaniruyuschim-tsvetnym-ekranom\/","og_locale":"ru_RU","og_type":"article","og_title":"Pulkste\u0146i ar slepenu video kameru un ska\u0146u Kr\u0101sains ekr\u0101ns","og_description":"Tehniskie\u00a0parametri: Iek\u0161\u0113j\u0101 atmi\u0146a: 8gb l\u012bdz 240 min Film\u0113\u0161anas laik\u0101 ieraksta ska\u0146u Var izmantot k\u0101 diktofonu Kr\u0101sains ekr\u0101ns Video iz\u0161\u0137irtsp\u0113ja: Full-HD 1920 x 1080PX Video form\u0101ts: AVI, 30 kadri \/ s...","og_url":"https:\/\/izsekosanasierices.lv\/ru\/produkts\/chasy-s-skrytoy-videokameroy-i-skaniruyuschim-tsvetnym-ekranom\/","og_site_name":"Nr1 Izseko\u0161anas ier\u012bces gps izseko\u0161anas iek\u0101rtas, klaus\u012b\u0161an\u0101s iek\u0101rtas","article_modified_time":"2025-11-20T13:00:42+00:00","og_image":[{"width":800,"height":800,"url":"https:\/\/izsekosanasierices.lv\/wp-content\/uploads\/laikrodis-slapta-video-kamera-su-garsu-spalvotas-ekranas-4.jpg","type":"image\/jpeg"}],"twitter_card":"summary_large_image","twitter_misc":{"\u041f\u0440\u0438\u043c\u0435\u0440\u043d\u043e\u0435 \u0432\u0440\u0435\u043c\u044f \u0434\u043b\u044f \u0447\u0442\u0435\u043d\u0438\u044f":"1 \u043c\u0438\u043d\u0443\u0442\u0430"},"schema":{"@context":"https:\/\/schema.org","@graph":[{"@type":"WebPage","@id":"https:\/\/izsekosanasierices.lv\/produkts\/pulksteni-ar-slepenu-video-kameru-un-skanu-krasains-ekrans\/","url":"https:\/\/izsekosanasierices.lv\/produkts\/pulksteni-ar-slepenu-video-kameru-un-skanu-krasains-ekrans\/","name":"Pulkste\u0146i ar slepenu video kameru un ska\u0146u Kr\u0101sains ekr\u0101ns","isPartOf":{"@id":"https:\/\/izsekosanasierices.lv\/#website"},"primaryImageOfPage":{"@id":"https:\/\/izsekosanasierices.lv\/produkts\/pulksteni-ar-slepenu-video-kameru-un-skanu-krasains-ekrans\/#primaryimage"},"image":{"@id":"https:\/\/izsekosanasierices.lv\/produkts\/pulksteni-ar-slepenu-video-kameru-un-skanu-krasains-ekrans\/#primaryimage"},"thumbnailUrl":"https:\/\/izsekosanasierices.lv\/wp-content\/uploads\/laikrodis-slapta-video-kamera-su-garsu-spalvotas-ekranas-4.jpg","datePublished":"2025-11-20T11:02:35+00:00","dateModified":"2025-11-20T13:00:42+00:00","breadcrumb":{"@id":"https:\/\/izsekosanasierices.lv\/produkts\/pulksteni-ar-slepenu-video-kameru-un-skanu-krasains-ekrans\/#breadcrumb"},"inLanguage":"ru-RU","potentialAction":[{"@type":"ReadAction","target":["https:\/\/izsekosanasierices.lv\/produkts\/pulksteni-ar-slepenu-video-kameru-un-skanu-krasains-ekrans\/"]}]},{"@type":"ImageObject","inLanguage":"ru-RU","@id":"https:\/\/izsekosanasierices.lv\/produkts\/pulksteni-ar-slepenu-video-kameru-un-skanu-krasains-ekrans\/#primaryimage","url":"https:\/\/izsekosanasierices.lv\/wp-content\/uploads\/laikrodis-slapta-video-kamera-su-garsu-spalvotas-ekranas-4.jpg","contentUrl":"https:\/\/izsekosanasierices.lv\/wp-content\/uploads\/laikrodis-slapta-video-kamera-su-garsu-spalvotas-ekranas-4.jpg","width":800,"height":800},{"@type":"BreadcrumbList","@id":"https:\/\/izsekosanasierices.lv\/produkts\/pulksteni-ar-slepenu-video-kameru-un-skanu-krasains-ekrans\/#breadcrumb","itemListElement":[{"@type":"ListItem","position":1,"name":"S\u0101kums","item":"https:\/\/izsekosanasierices.lv\/"},{"@type":"ListItem","position":2,"name":"Veikals","item":"https:\/\/izsekosanasierices.lv\/veikals\/"},{"@type":"ListItem","position":3,"name":"Pulkste\u0146i ar slepenu video kameru un ska\u0146u Kr\u0101sains ekr\u0101ns"}]},{"@type":"WebSite","@id":"https:\/\/izsekosanasierices.lv\/#website","url":"https:\/\/izsekosanasierices.lv\/","name":"Nr1 Izseko\u0161anas ier\u012bces gps izseko\u0161anas iek\u0101rtas, klaus\u012b\u0161an\u0101s iek\u0101rtas","description":"","potentialAction":[{"@type":"SearchAction","target":{"@type":"EntryPoint","urlTemplate":"https:\/\/izsekosanasierices.lv\/?s={search_term_string}"},"query-input":{"@type":"PropertyValueSpecification","valueRequired":true,"valueName":"search_term_string"}}],"inLanguage":"ru-RU"}]}},"_links":{"self":[{"href":"https:\/\/izsekosanasierices.lv\/ru\/wp-json\/wp\/v2\/product\/4581","targetHints":{"allow":["GET"]}}],"collection":[{"href":"https:\/\/izsekosanasierices.lv\/ru\/wp-json\/wp\/v2\/product"}],"about":[{"href":"https:\/\/izsekosanasierices.lv\/ru\/wp-json\/wp\/v2\/types\/product"}],"wp:featuredmedia":[{"embeddable":true,"href":"https:\/\/izsekosanasierices.lv\/ru\/wp-json\/wp\/v2\/media\/4582"}],"wp:attachment":[{"href":"https:\/\/izsekosanasierices.lv\/ru\/wp-json\/wp\/v2\/media?parent=4581"}],"wp:term":[{"taxonomy":"product_brand","embeddable":true,"href":"https:\/\/izsekosanasierices.lv\/ru\/wp-json\/wp\/v2\/product_brand?post=4581"},{"taxonomy":"product_cat","embeddable":true,"href":"https:\/\/izsekosanasierices.lv\/ru\/wp-json\/wp\/v2\/product_cat?post=4581"},{"taxonomy":"product_tag","embeddable":true,"href":"https:\/\/izsekosanasierices.lv\/ru\/wp-json\/wp\/v2\/product_tag?post=4581"}],"curies":[{"name":"wp","href":"https:\/\/api.w.org\/{rel}","templated":true}]}}