{"id":4589,"date":"2025-11-20T13:02:35","date_gmt":"2025-11-20T11:02:35","guid":{"rendered":"https:\/\/izsekosanasierices.lv\/?post_type=product&#038;p=4589"},"modified":"2025-11-20T15:06:46","modified_gmt":"2025-11-20T13:06:46","slug":"savienojums-diktofonam-piezimju-klausisanai-pie-telefona","status":"publish","type":"product","link":"https:\/\/izsekosanasierices.lv\/ru\/produkts\/podklyuchenie-diktofona-dlya-proslushivaniya-zametok-po-telefonu\/","title":{"rendered":"\u041f\u043e\u0434\u043a\u043b\u044e\u0447\u0435\u043d\u0438\u0435 \u0434\u0438\u043a\u0442\u043e\u0444\u043e\u043d\u0430 \u0434\u043b\u044f \u043f\u0440\u043e\u0441\u043b\u0443\u0448\u0438\u0432\u0430\u043d\u0438\u044f \u0437\u0430\u043c\u0435\u0442\u043e\u043a \u043f\u043e \u0442\u0435\u043b\u0435\u0444\u043e\u043d\u0443"},"content":{"rendered":"<h3><strong>\u0422\u0435\u0445\u043d\u0438\u0447\u0435\u0441\u043a\u0438\u0435 \u043f\u0430\u0440\u0430\u043c\u0435\u0442\u0440\u044b:<\/strong><\/h3>\n<ul>\n<li>\u041f\u043e\u0434\u043a\u043b\u044e\u0447\u0435\u043d\u0438\u0435 \u0434\u0438\u043a\u0442\u043e\u0444\u043e\u043d\u0430 \u043a \u043c\u043e\u0431\u0438\u043b\u044c\u043d\u043e\u043c\u0443 \u0442\u0435\u043b\u0435\u0444\u043e\u043d\u0443<\/li>\n<li>\u0412\u0430\u043c \u043d\u0435 \u043f\u043e\u043d\u0430\u0434\u043e\u0431\u0438\u0442\u0441\u044f \u043a\u043e\u043c\u043f\u044c\u044e\u0442\u0435\u0440 \u0434\u043b\u044f \u043f\u0440\u043e\u0441\u043b\u0443\u0448\u0438\u0432\u0430\u043d\u0438\u044f \u0437\u0430\u043f\u0438\u0441\u0435\u0439<\/li>\n<li>\u0421\u043e\u0432\u043c\u0435\u0441\u0442\u0438\u043c \u0441\u043e \u0432\u0441\u0435\u043c\u0438 \u0442\u0435\u043b\u0435\u0444\u043e\u043d\u0430\u043c\u0438 \u043d\u0430 Android \u0441 \u0440\u0430\u0437\u044a\u0435\u043c\u043e\u043c TYPE C \u0434\u043b\u044f \u0437\u0430\u0440\u044f\u0434\u043a\u0438<\/li>\n<li><span style=\"color: #ff0000\"><strong>\u041d\u0435 \u043f\u043e\u0434\u0445\u043e\u0434\u0438\u0442 \u0434\u043b\u044f \u0442\u0435\u043b\u0435\u0444\u043e\u043d\u043e\u0432 iPhone<\/strong><\/span><\/li>\n<li>\u041b\u0435\u0433\u043a\u043e\u0441\u0442\u044c \u0432 \u0438\u0441\u043f\u043e\u043b\u044c\u0437\u043e\u0432\u0430\u043d\u0438\u0438<\/li>\n<li>\u0432\u0435\u0441 10\u0433\u0440<\/li>\n<li><strong>\u0413\u0410\u0420\u0410\u041d\u0422\u0418\u042f 12 \u043c\u0435\u0441\u044f\u0446\u0435\u0432.<\/strong><\/li>\n<\/ul>\n<p><span style=\"color: #d0121a\"><strong>\u041d\u0443\u0436\u043d\u0430 \u0431\u044b\u0441\u0442\u0440\u0430\u044f \u0434\u043e\u0441\u0442\u0430\u0432\u043a\u0430, \u0432 \u0442\u043e\u0442 \u0436\u0435 \u0434\u0435\u043d\u044c? (\u0442\u0430\u043a\u0436\u0435 \u0432 \u0432\u044b\u0445\u043e\u0434\u043d\u044b\u0435) \u2013 \u0437\u0432\u043e\u043d\u0438\u0442\u0435 +37068411114<\/strong><\/span><\/p>\n<p>\u0418\u0441\u043f\u043e\u043b\u044c\u0437\u043e\u0432\u0430\u043d\u0438\u0435: \u0434\u043b\u044f \u0432\u0430\u0448\u0435\u0439 \u0437\u0430\u0449\u0438\u0442\u044b \u0438 \u0437\u0430\u0449\u0438\u0442\u044b \u0434\u0435\u0442\u0435\u0439.<\/p>\n<div class=\"group\/conversation-turn relative flex w-full min-w-0 flex-col agent-turn\">\n<div class=\"flex-col gap-1 md:gap-3\">\n<div class=\"flex max-w-full flex-col flex-grow\">\n<div class=\"min-h-8 text-message flex w-full flex-col items-end gap-2 whitespace-normal break-words text-start [.text-message+&#038;]:mt-5\" dir=\"auto\" data-message-author-role=\"assistant\" data-message-id=\"95b84b49-b078-4cc1-b304-f8bf94ae0fa7\" data-message-model-slug=\"gpt-4o\">\n<div class=\"flex w-full flex-col gap-1 empty:hidden first:pt-[3px]\">\n<div class=\"markdown prose w-full break-words dark:prose-invert light\">\n<div class=\"flex max-w-full flex-col flex-grow\">\n<div class=\"min-h-8 text-message flex w-full flex-col items-end gap-2 whitespace-normal break-words text-start [.text-message+&#038;]:mt-5\" dir=\"auto\" data-message-author-role=\"assistant\" data-message-id=\"fd4174d8-6c5b-49d4-9405-829269e64bd8\" data-message-model-slug=\"gpt-4o\">\n<div class=\"flex w-full flex-col gap-1 empty:hidden first:pt-[3px]\">\n<p style=\"text-align: left\">\u041d\u0435\u0442 \u043a\u043e\u043c\u043f\u044c\u044e\u0442\u0435\u0440\u0430?, \u0447\u0442\u043e\u0431\u044b \u043f\u043e\u0434\u043a\u043b\u044e\u0447\u0438\u0442\u044c \u0434\u0438\u043a\u0442\u043e\u0444\u043e\u043d. \u042d\u0442\u043e \u043d\u0435 \u043f\u0440\u043e\u0431\u043b\u0435\u043c\u0430 \u2013 \u0432\u044b \u043c\u043e\u0436\u0435\u0442\u0435 \u0438\u0441\u043f\u043e\u043b\u044c\u0437\u043e\u0432\u0430\u0442\u044c OTG \u0441\u043e\u0435\u0434\u0438\u043d\u0435\u043d\u0438\u0435!<\/p>\n<p style=\"text-align: left\">OTG \u0441\u043e\u0435\u0434\u0438\u043d\u0435\u043d\u0438\u0435 \u0434\u043b\u044f \u043c\u043e\u0431\u0438\u043b\u044c\u043d\u043e\u0433\u043e \u0442\u0435\u043b\u0435\u0444\u043e\u043d\u0430 \u043d\u0430 Android \u2013 \u0443\u0434\u043e\u0431\u043d\u043e\u0435 \u0438 \u043f\u0440\u0430\u043a\u0442\u0438\u0447\u043d\u043e\u0435 \u0440\u0435\u0448\u0435\u043d\u0438\u0435. \u041e\u043d\u043e \u043f\u043e\u0437\u0432\u043e\u043b\u044f\u0435\u0442 \u0431\u044b\u0441\u0442\u0440\u043e \u0438 \u043b\u0435\u0433\u043a\u043e \u043f\u043e\u0434\u043a\u043b\u044e\u0447\u0438\u0442\u044c \u0434\u0438\u043a\u0442\u043e\u0444\u043e\u043d \u0438 \u043f\u0435\u0440\u0435\u0434\u0430\u0442\u044c \u0437\u0430\u043f\u0438\u0441\u0438 \u043f\u0440\u044f\u043c\u043e \u043d\u0430 \u0442\u0435\u043b\u0435\u0444\u043e\u043d. \u0418\u0441\u043f\u043e\u043b\u044c\u0437\u0443\u044f OTG \u0441\u043e\u0435\u0434\u0438\u043d\u0435\u043d\u0438\u0435, \u0432\u044b \u0432\u044b\u043f\u043e\u043b\u043d\u0438\u0442\u0435 \u0432\u0441\u0435 \u044d\u0442\u0438 \u0448\u0430\u0433\u0438 \u0431\u0435\u0437 \u043a\u043e\u043c\u043f\u044c\u044e\u0442\u0435\u0440\u0430.<\/p>\n<p style=\"text-align: left\">\u042d\u0442\u043e \u043d\u0435 \u0442\u0440\u0435\u0431\u0443\u0435\u0442 \u043d\u0438\u043a\u0430\u043a\u0438\u0445 \u0441\u043f\u0435\u0446\u0438\u0430\u043b\u044c\u043d\u044b\u0445 \u043d\u0430\u0432\u044b\u043a\u043e\u0432 \u2013 \u044d\u0442\u043e \u043c\u043e\u0436\u0435\u0442 \u0441\u0434\u0435\u043b\u0430\u0442\u044c \u043a\u0430\u0436\u0434\u044b\u0439. \u041f\u0440\u043e\u0441\u0442\u043e, \u0431\u044b\u0441\u0442\u0440\u043e \u0438 \u0443\u0434\u043e\u0431\u043d\u043e!<\/p>\n<\/div>\n<\/div>\n<\/div>\n<\/div>\n<\/div>\n<\/div>\n<\/div>\n<\/div>\n<\/div>","protected":false},"excerpt":{"rendered":"<p>Tehniskie parametri: Savienojums diktofona piesl\u0113g\u0161anai pie mobil\u0101 telefona Jums neb\u016bs nepiecie\u0161ams dators ierakstu noklaus\u012b\u0161anai Atbilst visiem Android telefoniem ar TYPE C uzl\u0101des savienojumu Nav piem\u0113rots iPhone telefoniem Viegla lieto\u0161ana svars&#8230;<\/p>","protected":false},"featured_media":4590,"template":"","meta":[],"product_brand":[],"product_cat":[342],"product_tag":[],"class_list":{"0":"post-4589","1":"product","2":"type-product","3":"status-publish","4":"has-post-thumbnail","6":"product_cat-diktofoni","8":"first","9":"instock","10":"purchasable","11":"product-type-simple"},"yoast_head":"<!-- This site is optimized with the Yoast SEO plugin v27.3 - https:\/\/yoast.com\/product\/yoast-seo-wordpress\/ -->\n<title>Savienojums diktofonam piez\u012bmju klaus\u012b\u0161anai pie telefona<\/title>\n<meta name=\"robots\" content=\"index, follow, max-snippet:-1, max-image-preview:large, max-video-preview:-1\" \/>\n<link rel=\"canonical\" href=\"https:\/\/izsekosanasierices.lv\/ru\/produkts\/podklyuchenie-diktofona-dlya-proslushivaniya-zametok-po-telefonu\/\" \/>\n<meta property=\"og:locale\" content=\"ru_RU\" \/>\n<meta property=\"og:type\" content=\"article\" \/>\n<meta property=\"og:title\" content=\"Savienojums diktofonam piez\u012bmju klaus\u012b\u0161anai pie telefona\" \/>\n<meta property=\"og:description\" content=\"Tehniskie parametri: Savienojums diktofona piesl\u0113g\u0161anai pie mobil\u0101 telefona Jums neb\u016bs nepiecie\u0161ams dators ierakstu noklaus\u012b\u0161anai Atbilst visiem Android telefoniem ar TYPE C uzl\u0101des savienojumu Nav piem\u0113rots iPhone telefoniem Viegla lieto\u0161ana svars...\" \/>\n<meta property=\"og:url\" content=\"https:\/\/izsekosanasierices.lv\/ru\/produkts\/podklyuchenie-diktofona-dlya-proslushivaniya-zametok-po-telefonu\/\" \/>\n<meta property=\"og:site_name\" content=\"Nr1 Izseko\u0161anas ier\u012bces gps izseko\u0161anas iek\u0101rtas, klaus\u012b\u0161an\u0101s iek\u0101rtas\" \/>\n<meta property=\"article:modified_time\" content=\"2025-11-20T13:06:46+00:00\" \/>\n<meta property=\"og:image\" content=\"https:\/\/izsekosanasierices.lv\/wp-content\/uploads\/usb-otg-perejimas-mobiliam-telefonui-duomenu-perdavimui.jpg\" \/>\n\t<meta property=\"og:image:width\" content=\"1600\" \/>\n\t<meta property=\"og:image:height\" content=\"1600\" \/>\n\t<meta property=\"og:image:type\" content=\"image\/jpeg\" \/>\n<meta name=\"twitter:card\" content=\"summary_large_image\" \/>\n<meta name=\"twitter:label1\" content=\"\u041f\u0440\u0438\u043c\u0435\u0440\u043d\u043e\u0435 \u0432\u0440\u0435\u043c\u044f \u0434\u043b\u044f \u0447\u0442\u0435\u043d\u0438\u044f\" \/>\n\t<meta name=\"twitter:data1\" content=\"1 \u043c\u0438\u043d\u0443\u0442\u0430\" \/>\n<script type=\"application\/ld+json\" class=\"yoast-schema-graph\">{\"@context\":\"https:\\\/\\\/schema.org\",\"@graph\":[{\"@type\":\"WebPage\",\"@id\":\"https:\\\/\\\/izsekosanasierices.lv\\\/produkts\\\/savienojums-diktofonam-piezimju-klausisanai-pie-telefona\\\/\",\"url\":\"https:\\\/\\\/izsekosanasierices.lv\\\/produkts\\\/savienojums-diktofonam-piezimju-klausisanai-pie-telefona\\\/\",\"name\":\"Savienojums diktofonam piez\u012bmju klaus\u012b\u0161anai pie telefona\",\"isPartOf\":{\"@id\":\"https:\\\/\\\/izsekosanasierices.lv\\\/#website\"},\"primaryImageOfPage\":{\"@id\":\"https:\\\/\\\/izsekosanasierices.lv\\\/produkts\\\/savienojums-diktofonam-piezimju-klausisanai-pie-telefona\\\/#primaryimage\"},\"image\":{\"@id\":\"https:\\\/\\\/izsekosanasierices.lv\\\/produkts\\\/savienojums-diktofonam-piezimju-klausisanai-pie-telefona\\\/#primaryimage\"},\"thumbnailUrl\":\"https:\\\/\\\/izsekosanasierices.lv\\\/wp-content\\\/uploads\\\/usb-otg-perejimas-mobiliam-telefonui-duomenu-perdavimui.jpg\",\"datePublished\":\"2025-11-20T11:02:35+00:00\",\"dateModified\":\"2025-11-20T13:06:46+00:00\",\"breadcrumb\":{\"@id\":\"https:\\\/\\\/izsekosanasierices.lv\\\/produkts\\\/savienojums-diktofonam-piezimju-klausisanai-pie-telefona\\\/#breadcrumb\"},\"inLanguage\":\"ru-RU\",\"potentialAction\":[{\"@type\":\"ReadAction\",\"target\":[\"https:\\\/\\\/izsekosanasierices.lv\\\/produkts\\\/savienojums-diktofonam-piezimju-klausisanai-pie-telefona\\\/\"]}]},{\"@type\":\"ImageObject\",\"inLanguage\":\"ru-RU\",\"@id\":\"https:\\\/\\\/izsekosanasierices.lv\\\/produkts\\\/savienojums-diktofonam-piezimju-klausisanai-pie-telefona\\\/#primaryimage\",\"url\":\"https:\\\/\\\/izsekosanasierices.lv\\\/wp-content\\\/uploads\\\/usb-otg-perejimas-mobiliam-telefonui-duomenu-perdavimui.jpg\",\"contentUrl\":\"https:\\\/\\\/izsekosanasierices.lv\\\/wp-content\\\/uploads\\\/usb-otg-perejimas-mobiliam-telefonui-duomenu-perdavimui.jpg\",\"width\":1600,\"height\":1600},{\"@type\":\"BreadcrumbList\",\"@id\":\"https:\\\/\\\/izsekosanasierices.lv\\\/produkts\\\/savienojums-diktofonam-piezimju-klausisanai-pie-telefona\\\/#breadcrumb\",\"itemListElement\":[{\"@type\":\"ListItem\",\"position\":1,\"name\":\"S\u0101kums\",\"item\":\"https:\\\/\\\/izsekosanasierices.lv\\\/\"},{\"@type\":\"ListItem\",\"position\":2,\"name\":\"Veikals\",\"item\":\"https:\\\/\\\/izsekosanasierices.lv\\\/veikals\\\/\"},{\"@type\":\"ListItem\",\"position\":3,\"name\":\"Savienojums diktofonam piez\u012bmju klaus\u012b\u0161anai pie telefona\"}]},{\"@type\":\"WebSite\",\"@id\":\"https:\\\/\\\/izsekosanasierices.lv\\\/#website\",\"url\":\"https:\\\/\\\/izsekosanasierices.lv\\\/\",\"name\":\"Nr1 Izseko\u0161anas ier\u012bces gps izseko\u0161anas iek\u0101rtas, klaus\u012b\u0161an\u0101s iek\u0101rtas\",\"description\":\"\",\"potentialAction\":[{\"@type\":\"SearchAction\",\"target\":{\"@type\":\"EntryPoint\",\"urlTemplate\":\"https:\\\/\\\/izsekosanasierices.lv\\\/?s={search_term_string}\"},\"query-input\":{\"@type\":\"PropertyValueSpecification\",\"valueRequired\":true,\"valueName\":\"search_term_string\"}}],\"inLanguage\":\"ru-RU\"}]}<\/script>\n<!-- \/ Yoast SEO plugin. -->","yoast_head_json":{"title":"Savienojums diktofonam piez\u012bmju klaus\u012b\u0161anai pie telefona","robots":{"index":"index","follow":"follow","max-snippet":"max-snippet:-1","max-image-preview":"max-image-preview:large","max-video-preview":"max-video-preview:-1"},"canonical":"https:\/\/izsekosanasierices.lv\/ru\/produkts\/podklyuchenie-diktofona-dlya-proslushivaniya-zametok-po-telefonu\/","og_locale":"ru_RU","og_type":"article","og_title":"Savienojums diktofonam piez\u012bmju klaus\u012b\u0161anai pie telefona","og_description":"Tehniskie parametri: Savienojums diktofona piesl\u0113g\u0161anai pie mobil\u0101 telefona Jums neb\u016bs nepiecie\u0161ams dators ierakstu noklaus\u012b\u0161anai Atbilst visiem Android telefoniem ar TYPE C uzl\u0101des savienojumu Nav piem\u0113rots iPhone telefoniem Viegla lieto\u0161ana svars...","og_url":"https:\/\/izsekosanasierices.lv\/ru\/produkts\/podklyuchenie-diktofona-dlya-proslushivaniya-zametok-po-telefonu\/","og_site_name":"Nr1 Izseko\u0161anas ier\u012bces gps izseko\u0161anas iek\u0101rtas, klaus\u012b\u0161an\u0101s iek\u0101rtas","article_modified_time":"2025-11-20T13:06:46+00:00","og_image":[{"width":1600,"height":1600,"url":"https:\/\/izsekosanasierices.lv\/wp-content\/uploads\/usb-otg-perejimas-mobiliam-telefonui-duomenu-perdavimui.jpg","type":"image\/jpeg"}],"twitter_card":"summary_large_image","twitter_misc":{"\u041f\u0440\u0438\u043c\u0435\u0440\u043d\u043e\u0435 \u0432\u0440\u0435\u043c\u044f \u0434\u043b\u044f \u0447\u0442\u0435\u043d\u0438\u044f":"1 \u043c\u0438\u043d\u0443\u0442\u0430"},"schema":{"@context":"https:\/\/schema.org","@graph":[{"@type":"WebPage","@id":"https:\/\/izsekosanasierices.lv\/produkts\/savienojums-diktofonam-piezimju-klausisanai-pie-telefona\/","url":"https:\/\/izsekosanasierices.lv\/produkts\/savienojums-diktofonam-piezimju-klausisanai-pie-telefona\/","name":"Savienojums diktofonam piez\u012bmju klaus\u012b\u0161anai pie telefona","isPartOf":{"@id":"https:\/\/izsekosanasierices.lv\/#website"},"primaryImageOfPage":{"@id":"https:\/\/izsekosanasierices.lv\/produkts\/savienojums-diktofonam-piezimju-klausisanai-pie-telefona\/#primaryimage"},"image":{"@id":"https:\/\/izsekosanasierices.lv\/produkts\/savienojums-diktofonam-piezimju-klausisanai-pie-telefona\/#primaryimage"},"thumbnailUrl":"https:\/\/izsekosanasierices.lv\/wp-content\/uploads\/usb-otg-perejimas-mobiliam-telefonui-duomenu-perdavimui.jpg","datePublished":"2025-11-20T11:02:35+00:00","dateModified":"2025-11-20T13:06:46+00:00","breadcrumb":{"@id":"https:\/\/izsekosanasierices.lv\/produkts\/savienojums-diktofonam-piezimju-klausisanai-pie-telefona\/#breadcrumb"},"inLanguage":"ru-RU","potentialAction":[{"@type":"ReadAction","target":["https:\/\/izsekosanasierices.lv\/produkts\/savienojums-diktofonam-piezimju-klausisanai-pie-telefona\/"]}]},{"@type":"ImageObject","inLanguage":"ru-RU","@id":"https:\/\/izsekosanasierices.lv\/produkts\/savienojums-diktofonam-piezimju-klausisanai-pie-telefona\/#primaryimage","url":"https:\/\/izsekosanasierices.lv\/wp-content\/uploads\/usb-otg-perejimas-mobiliam-telefonui-duomenu-perdavimui.jpg","contentUrl":"https:\/\/izsekosanasierices.lv\/wp-content\/uploads\/usb-otg-perejimas-mobiliam-telefonui-duomenu-perdavimui.jpg","width":1600,"height":1600},{"@type":"BreadcrumbList","@id":"https:\/\/izsekosanasierices.lv\/produkts\/savienojums-diktofonam-piezimju-klausisanai-pie-telefona\/#breadcrumb","itemListElement":[{"@type":"ListItem","position":1,"name":"S\u0101kums","item":"https:\/\/izsekosanasierices.lv\/"},{"@type":"ListItem","position":2,"name":"Veikals","item":"https:\/\/izsekosanasierices.lv\/veikals\/"},{"@type":"ListItem","position":3,"name":"Savienojums diktofonam piez\u012bmju klaus\u012b\u0161anai pie telefona"}]},{"@type":"WebSite","@id":"https:\/\/izsekosanasierices.lv\/#website","url":"https:\/\/izsekosanasierices.lv\/","name":"Nr1 Izseko\u0161anas ier\u012bces gps izseko\u0161anas iek\u0101rtas, klaus\u012b\u0161an\u0101s iek\u0101rtas","description":"","potentialAction":[{"@type":"SearchAction","target":{"@type":"EntryPoint","urlTemplate":"https:\/\/izsekosanasierices.lv\/?s={search_term_string}"},"query-input":{"@type":"PropertyValueSpecification","valueRequired":true,"valueName":"search_term_string"}}],"inLanguage":"ru-RU"}]}},"_links":{"self":[{"href":"https:\/\/izsekosanasierices.lv\/ru\/wp-json\/wp\/v2\/product\/4589","targetHints":{"allow":["GET"]}}],"collection":[{"href":"https:\/\/izsekosanasierices.lv\/ru\/wp-json\/wp\/v2\/product"}],"about":[{"href":"https:\/\/izsekosanasierices.lv\/ru\/wp-json\/wp\/v2\/types\/product"}],"wp:featuredmedia":[{"embeddable":true,"href":"https:\/\/izsekosanasierices.lv\/ru\/wp-json\/wp\/v2\/media\/4590"}],"wp:attachment":[{"href":"https:\/\/izsekosanasierices.lv\/ru\/wp-json\/wp\/v2\/media?parent=4589"}],"wp:term":[{"taxonomy":"product_brand","embeddable":true,"href":"https:\/\/izsekosanasierices.lv\/ru\/wp-json\/wp\/v2\/product_brand?post=4589"},{"taxonomy":"product_cat","embeddable":true,"href":"https:\/\/izsekosanasierices.lv\/ru\/wp-json\/wp\/v2\/product_cat?post=4589"},{"taxonomy":"product_tag","embeddable":true,"href":"https:\/\/izsekosanasierices.lv\/ru\/wp-json\/wp\/v2\/product_tag?post=4589"}],"curies":[{"name":"wp","href":"https:\/\/api.w.org\/{rel}","templated":true}]}}