{"id":4736,"date":"2025-11-20T13:05:55","date_gmt":"2025-11-20T11:05:55","guid":{"rendered":"https:\/\/izsekosanasierices.lv\/?post_type=product&#038;p=4736"},"modified":"2025-11-20T14:50:41","modified_gmt":"2025-11-20T12:50:41","slug":"ikea-pagarinatajs-ar-kameru-32gb-full-hd-video-kvalitate","status":"publish","type":"product","link":"https:\/\/izsekosanasierices.lv\/ru\/produkts\/ikea-proizvoditel-s-kameroy-32gb-full-hd-video-kachestvo\/","title":{"rendered":"\u0423\u0434\u043b\u0438\u043d\u0438\u0442\u0435\u043b\u044c IKEA \u0441 \u043a\u0430\u043c\u0435\u0440\u043e\u0439 32gb Full HD \u043a\u0430\u0447\u0435\u0441\u0442\u0432\u043e \u0432\u0438\u0434\u0435\u043e"},"content":{"rendered":"<h3 style=\"text-align: left\"><strong>\u0422\u0435\u0445\u043d\u0438\u0447\u0435\u0441\u043a\u0438\u0435 \u043f\u0430\u0440\u0430\u043c\u0435\u0442\u0440\u044b:<\/strong><\/h3>\n<ul>\n<li>\u0423\u0434\u043b\u0438\u043d\u0438\u0442\u0435\u043b\u044c \u0441 \u043a\u0430\u043c\u0435\u0440\u043e\u0439<\/li>\n<li>\u0418\u0437\u043e\u0431\u0440\u0430\u0436\u0435\u043d\u0438\u044f \u0447\u0435\u0440\u0435\u0437 \u043a\u0430\u043c\u0435\u0440\u0443 \u043c\u043e\u0436\u043d\u043e \u0431\u0443\u0434\u0435\u0442 \u0441\u043c\u043e\u0442\u0440\u0435\u0442\u044c \u0438\u0437 \u043b\u044e\u0431\u043e\u0439 \u0441\u0442\u0440\u0430\u043d\u044b \u043c\u0438\u0440\u0430<\/li>\n<li>\u041e\u0440\u0438\u0433\u0438\u043d\u0430\u043b <strong>\u0418\u041a\u0415\u0410<\/strong> \u0443\u0434\u043b\u0438\u043d\u0438\u0442\u0435\u043b\u044c<\/li>\n<li><strong>32 \u0413\u0411 \u0432\u0441\u0442\u0440\u043e\u0435\u043d\u043d\u043e\u0439 \u043f\u0430\u043c\u044f\u0442\u0438<\/strong><\/li>\n<li>\u0418\u0437\u043e\u0431\u0440\u0430\u0436\u0435\u043d\u0438\u0435 \u0437\u0430\u043f\u0438\u0441\u044b\u0432\u0430\u0435\u0442\u0441\u044f \u0441\u043e \u0437\u0432\u0443\u043a\u043e\u043c<\/li>\n<li>\u041a\u0430\u0447\u0435\u0441\u0442\u0432\u043e \u0432\u0438\u0434\u0435\u043e: <strong>FULL HD<\/strong><\/li>\n<li>\u0418\u0437\u043e\u0431\u0440\u0430\u0436\u0435\u043d\u0438\u044f \u043c\u043e\u0436\u043d\u043e \u043f\u0440\u043e\u0441\u043c\u0430\u0442\u0440\u0438\u0432\u0430\u0442\u044c: \u043d\u0430 \u0442\u0435\u043b\u0435\u0444\u043e\u043d\u0435, \u043f\u043b\u0430\u043d\u0448\u0435\u0442\u0435<\/li>\n<li>\u0417\u0430\u0440\u044f\u0436\u0430\u0442\u044c \u043a\u0430\u043c\u0435\u0440\u0443 \u043d\u0435 \u043d\u0443\u0436\u043d\u043e, \u0442\u0430\u043a \u043a\u0430\u043a \u043f\u0440\u0438 \u043f\u043e\u0434\u043a\u043b\u044e\u0447\u0435\u043d\u0438\u0438 \u043a \u044d\u043b\u0435\u043a\u0442\u0440\u0438\u0447\u0435\u0441\u043a\u043e\u0439 \u0441\u0435\u0442\u0438 \u0438\u0437\u043e\u0431\u0440\u0430\u0436\u0435\u043d\u0438\u0435 \u043e\u0442\u043e\u0431\u0440\u0430\u0436\u0430\u0435\u0442\u0441\u044f \u043f\u043e\u0441\u0442\u043e\u044f\u043d\u043d\u043e<\/li>\n<li>\u0420\u0435\u0436\u0438\u043c \u043e\u0431\u043d\u0430\u0440\u0443\u0436\u0435\u043d\u0438\u044f \u0434\u0432\u0438\u0436\u0435\u043d\u0438\u044f: \u0414\u0410 (\u0446\u0438\u0444\u0440\u043e\u0432\u043e\u0439)<\/li>\n<li>\u0423\u0433\u043e\u043b \u043e\u0431\u0437\u043e\u0440\u0430: 100 \u00b0<\/li>\n<li>\u041f\u043e\u0434\u0434\u0435\u0440\u0436\u0438\u0432\u0430\u0435\u043c\u0430\u044f \u043a\u0430\u0440\u0442\u0430: \u0434\u043e 128 \u0413\u0411 (\u043a\u0430\u0440\u0442\u0430 \u0432 \u043a\u043e\u043c\u043f\u043b\u0435\u043a\u0442 \u043d\u0435 \u0432\u0445\u043e\u0434\u0438\u0442)<\/li>\n<li>1 \u0447. \u0432\u0438\u0434\u0435\u043e\u0437\u0430\u043f\u0438\u0441\u044c 400 \u041c\u0411<\/li>\n<li>\u041f\u0440\u043e\u0433\u0440\u0430\u043c\u043c\u044b: Android \/ iPhone<\/li>\n<li>\u041f\u043e\u0434\u043a\u043b\u044e\u0447\u0430\u0435\u0442\u0441\u044f \u043a WiFi \u0441\u0435\u0442\u0438, \u0438\u0437\u043e\u0431\u0440\u0430\u0436\u0435\u043d\u0438\u0435 \u0431\u0443\u0434\u0435\u0442 \u0432\u0438\u0434\u043d\u043e \u0438\u0437 \u043b\u044e\u0431\u043e\u0433\u043e \u043c\u0435\u0441\u0442\u0430 \u043c\u0438\u0440\u0430<\/li>\n<li>\u0427\u0435\u0442\u044b\u0440\u0435 \u0440\u043e\u0437\u0435\u0442\u043a\u0438<\/li>\n<li><strong>\u0413\u0430\u0440\u0430\u043d\u0442\u0438\u044f 12 \u043c\u0435\u0441\u044f\u0446\u0435\u0432.<\/strong><\/li>\n<\/ul>\n<p>\u0418\u0441\u043f\u043e\u043b\u044c\u0437\u043e\u0432\u0430\u043d\u0438\u0435: \u0414\u043b\u044f \u0432\u0430\u0448\u0435\u0439 \u0431\u0435\u0437\u043e\u043f\u0430\u0441\u043d\u043e\u0441\u0442\u0438 \u0438 \u0431\u0435\u0437\u043e\u043f\u0430\u0441\u043d\u043e\u0441\u0442\u0438 \u0434\u0435\u0442\u0435\u0439.<\/p>\n<p><span style=\"color: #d0121a\"><strong>\u041d\u0443\u0436\u043d\u0430 \u0431\u044b\u0441\u0442\u0440\u0430\u044f \u0434\u043e\u0441\u0442\u0430\u0432\u043a\u0430, \u0432 \u0442\u043e\u0442 \u0436\u0435 \u0434\u0435\u043d\u044c? (\u0442\u0430\u043a\u0436\u0435 \u0432 \u0432\u044b\u0445\u043e\u0434\u043d\u044b\u0435) \u2013 \u0437\u0432\u043e\u043d\u0438\u0442\u0435 +37068411114<\/strong><\/span><\/p>","protected":false},"excerpt":{"rendered":"<p>Tehniskie parametri: Pagarin\u0101t\u0101js ar kameru Att\u0113lu caur kameru var\u0113siet skat\u012bties no jebkuras pasaules valsts Ori\u0123in\u0101ls IKEA pagar\u012bn\u0101t\u0101js 32gb iek\u0161\u0113j\u0101 atmi\u0146a Att\u0113ls tiek ierakst\u012bts ar ska\u0146u Video kvalit\u0101te: FULL HD Att\u0113lus&#8230;<\/p>","protected":false},"featured_media":4737,"template":"","meta":[],"product_brand":[],"product_cat":[330,321,331],"product_tag":[],"class_list":{"0":"post-4736","1":"product","2":"type-product","3":"status-publish","4":"has-post-thumbnail","6":"product_cat-masketas-kameras","7":"product_cat-sleptas-kameras","8":"product_cat-wi-fi-slepenas-kameras","10":"first","11":"instock","12":"purchasable","13":"product-type-simple"},"yoast_head":"<!-- This site is optimized with the Yoast SEO plugin v27.4 - https:\/\/yoast.com\/product\/yoast-seo-wordpress\/ -->\n<title>IKEA pagarin\u0101t\u0101js ar kameru 32gb Full HD video kvalit\u0101te<\/title>\n<meta name=\"robots\" content=\"index, follow, max-snippet:-1, max-image-preview:large, max-video-preview:-1\" \/>\n<link rel=\"canonical\" href=\"https:\/\/izsekosanasierices.lv\/ru\/produkts\/ikea-proizvoditel-s-kameroy-32gb-full-hd-video-kachestvo\/\" \/>\n<meta property=\"og:locale\" content=\"ru_RU\" \/>\n<meta property=\"og:type\" content=\"article\" \/>\n<meta property=\"og:title\" content=\"IKEA pagarin\u0101t\u0101js ar kameru 32gb Full HD video kvalit\u0101te\" \/>\n<meta property=\"og:description\" content=\"Tehniskie parametri: Pagarin\u0101t\u0101js ar kameru Att\u0113lu caur kameru var\u0113siet skat\u012bties no jebkuras pasaules valsts Ori\u0123in\u0101ls IKEA pagar\u012bn\u0101t\u0101js 32gb iek\u0161\u0113j\u0101 atmi\u0146a Att\u0113ls tiek ierakst\u012bts ar ska\u0146u Video kvalit\u0101te: FULL HD Att\u0113lus...\" \/>\n<meta property=\"og:url\" content=\"https:\/\/izsekosanasierices.lv\/ru\/produkts\/ikea-proizvoditel-s-kameroy-32gb-full-hd-video-kachestvo\/\" \/>\n<meta property=\"og:site_name\" content=\"Nr1 Izseko\u0161anas ier\u012bces gps izseko\u0161anas iek\u0101rtas, klaus\u012b\u0161an\u0101s iek\u0101rtas\" \/>\n<meta property=\"article:modified_time\" content=\"2025-11-20T12:50:41+00:00\" \/>\n<meta property=\"og:image\" content=\"https:\/\/izsekosanasierices.lv\/wp-content\/uploads\/prailgintuvas-kamera-1-2.jpg\" \/>\n\t<meta property=\"og:image:width\" content=\"800\" \/>\n\t<meta property=\"og:image:height\" content=\"800\" \/>\n\t<meta property=\"og:image:type\" content=\"image\/jpeg\" \/>\n<meta name=\"twitter:card\" content=\"summary_large_image\" \/>\n<meta name=\"twitter:label1\" content=\"\u041f\u0440\u0438\u043c\u0435\u0440\u043d\u043e\u0435 \u0432\u0440\u0435\u043c\u044f \u0434\u043b\u044f \u0447\u0442\u0435\u043d\u0438\u044f\" \/>\n\t<meta name=\"twitter:data1\" content=\"1 \u043c\u0438\u043d\u0443\u0442\u0430\" \/>\n<script type=\"application\/ld+json\" class=\"yoast-schema-graph\">{\"@context\":\"https:\\\/\\\/schema.org\",\"@graph\":[{\"@type\":\"WebPage\",\"@id\":\"https:\\\/\\\/izsekosanasierices.lv\\\/produkts\\\/ikea-pagarinatajs-ar-kameru-32gb-full-hd-video-kvalitate\\\/\",\"url\":\"https:\\\/\\\/izsekosanasierices.lv\\\/produkts\\\/ikea-pagarinatajs-ar-kameru-32gb-full-hd-video-kvalitate\\\/\",\"name\":\"IKEA pagarin\u0101t\u0101js ar kameru 32gb Full HD video kvalit\u0101te\",\"isPartOf\":{\"@id\":\"https:\\\/\\\/izsekosanasierices.lv\\\/#website\"},\"primaryImageOfPage\":{\"@id\":\"https:\\\/\\\/izsekosanasierices.lv\\\/produkts\\\/ikea-pagarinatajs-ar-kameru-32gb-full-hd-video-kvalitate\\\/#primaryimage\"},\"image\":{\"@id\":\"https:\\\/\\\/izsekosanasierices.lv\\\/produkts\\\/ikea-pagarinatajs-ar-kameru-32gb-full-hd-video-kvalitate\\\/#primaryimage\"},\"thumbnailUrl\":\"https:\\\/\\\/izsekosanasierices.lv\\\/wp-content\\\/uploads\\\/prailgintuvas-kamera-1-2.jpg\",\"datePublished\":\"2025-11-20T11:05:55+00:00\",\"dateModified\":\"2025-11-20T12:50:41+00:00\",\"breadcrumb\":{\"@id\":\"https:\\\/\\\/izsekosanasierices.lv\\\/produkts\\\/ikea-pagarinatajs-ar-kameru-32gb-full-hd-video-kvalitate\\\/#breadcrumb\"},\"inLanguage\":\"ru-RU\",\"potentialAction\":[{\"@type\":\"ReadAction\",\"target\":[\"https:\\\/\\\/izsekosanasierices.lv\\\/produkts\\\/ikea-pagarinatajs-ar-kameru-32gb-full-hd-video-kvalitate\\\/\"]}]},{\"@type\":\"ImageObject\",\"inLanguage\":\"ru-RU\",\"@id\":\"https:\\\/\\\/izsekosanasierices.lv\\\/produkts\\\/ikea-pagarinatajs-ar-kameru-32gb-full-hd-video-kvalitate\\\/#primaryimage\",\"url\":\"https:\\\/\\\/izsekosanasierices.lv\\\/wp-content\\\/uploads\\\/prailgintuvas-kamera-1-2.jpg\",\"contentUrl\":\"https:\\\/\\\/izsekosanasierices.lv\\\/wp-content\\\/uploads\\\/prailgintuvas-kamera-1-2.jpg\",\"width\":800,\"height\":800},{\"@type\":\"BreadcrumbList\",\"@id\":\"https:\\\/\\\/izsekosanasierices.lv\\\/produkts\\\/ikea-pagarinatajs-ar-kameru-32gb-full-hd-video-kvalitate\\\/#breadcrumb\",\"itemListElement\":[{\"@type\":\"ListItem\",\"position\":1,\"name\":\"S\u0101kums\",\"item\":\"https:\\\/\\\/izsekosanasierices.lv\\\/\"},{\"@type\":\"ListItem\",\"position\":2,\"name\":\"Veikals\",\"item\":\"https:\\\/\\\/izsekosanasierices.lv\\\/veikals\\\/\"},{\"@type\":\"ListItem\",\"position\":3,\"name\":\"IKEA pagarin\u0101t\u0101js ar kameru 32gb Full HD video kvalit\u0101te\"}]},{\"@type\":\"WebSite\",\"@id\":\"https:\\\/\\\/izsekosanasierices.lv\\\/#website\",\"url\":\"https:\\\/\\\/izsekosanasierices.lv\\\/\",\"name\":\"Nr1 Izseko\u0161anas ier\u012bces gps izseko\u0161anas iek\u0101rtas, klaus\u012b\u0161an\u0101s iek\u0101rtas\",\"description\":\"\",\"potentialAction\":[{\"@type\":\"SearchAction\",\"target\":{\"@type\":\"EntryPoint\",\"urlTemplate\":\"https:\\\/\\\/izsekosanasierices.lv\\\/?s={search_term_string}\"},\"query-input\":{\"@type\":\"PropertyValueSpecification\",\"valueRequired\":true,\"valueName\":\"search_term_string\"}}],\"inLanguage\":\"ru-RU\"}]}<\/script>\n<!-- \/ Yoast SEO plugin. -->","yoast_head_json":{"title":"IKEA pagarin\u0101t\u0101js ar kameru 32gb Full HD video kvalit\u0101te","robots":{"index":"index","follow":"follow","max-snippet":"max-snippet:-1","max-image-preview":"max-image-preview:large","max-video-preview":"max-video-preview:-1"},"canonical":"https:\/\/izsekosanasierices.lv\/ru\/produkts\/ikea-proizvoditel-s-kameroy-32gb-full-hd-video-kachestvo\/","og_locale":"ru_RU","og_type":"article","og_title":"IKEA pagarin\u0101t\u0101js ar kameru 32gb Full HD video kvalit\u0101te","og_description":"Tehniskie parametri: Pagarin\u0101t\u0101js ar kameru Att\u0113lu caur kameru var\u0113siet skat\u012bties no jebkuras pasaules valsts Ori\u0123in\u0101ls IKEA pagar\u012bn\u0101t\u0101js 32gb iek\u0161\u0113j\u0101 atmi\u0146a Att\u0113ls tiek ierakst\u012bts ar ska\u0146u Video kvalit\u0101te: FULL HD Att\u0113lus...","og_url":"https:\/\/izsekosanasierices.lv\/ru\/produkts\/ikea-proizvoditel-s-kameroy-32gb-full-hd-video-kachestvo\/","og_site_name":"Nr1 Izseko\u0161anas ier\u012bces gps izseko\u0161anas iek\u0101rtas, klaus\u012b\u0161an\u0101s iek\u0101rtas","article_modified_time":"2025-11-20T12:50:41+00:00","og_image":[{"width":800,"height":800,"url":"https:\/\/izsekosanasierices.lv\/wp-content\/uploads\/prailgintuvas-kamera-1-2.jpg","type":"image\/jpeg"}],"twitter_card":"summary_large_image","twitter_misc":{"\u041f\u0440\u0438\u043c\u0435\u0440\u043d\u043e\u0435 \u0432\u0440\u0435\u043c\u044f \u0434\u043b\u044f \u0447\u0442\u0435\u043d\u0438\u044f":"1 \u043c\u0438\u043d\u0443\u0442\u0430"},"schema":{"@context":"https:\/\/schema.org","@graph":[{"@type":"WebPage","@id":"https:\/\/izsekosanasierices.lv\/produkts\/ikea-pagarinatajs-ar-kameru-32gb-full-hd-video-kvalitate\/","url":"https:\/\/izsekosanasierices.lv\/produkts\/ikea-pagarinatajs-ar-kameru-32gb-full-hd-video-kvalitate\/","name":"IKEA pagarin\u0101t\u0101js ar kameru 32gb Full HD video kvalit\u0101te","isPartOf":{"@id":"https:\/\/izsekosanasierices.lv\/#website"},"primaryImageOfPage":{"@id":"https:\/\/izsekosanasierices.lv\/produkts\/ikea-pagarinatajs-ar-kameru-32gb-full-hd-video-kvalitate\/#primaryimage"},"image":{"@id":"https:\/\/izsekosanasierices.lv\/produkts\/ikea-pagarinatajs-ar-kameru-32gb-full-hd-video-kvalitate\/#primaryimage"},"thumbnailUrl":"https:\/\/izsekosanasierices.lv\/wp-content\/uploads\/prailgintuvas-kamera-1-2.jpg","datePublished":"2025-11-20T11:05:55+00:00","dateModified":"2025-11-20T12:50:41+00:00","breadcrumb":{"@id":"https:\/\/izsekosanasierices.lv\/produkts\/ikea-pagarinatajs-ar-kameru-32gb-full-hd-video-kvalitate\/#breadcrumb"},"inLanguage":"ru-RU","potentialAction":[{"@type":"ReadAction","target":["https:\/\/izsekosanasierices.lv\/produkts\/ikea-pagarinatajs-ar-kameru-32gb-full-hd-video-kvalitate\/"]}]},{"@type":"ImageObject","inLanguage":"ru-RU","@id":"https:\/\/izsekosanasierices.lv\/produkts\/ikea-pagarinatajs-ar-kameru-32gb-full-hd-video-kvalitate\/#primaryimage","url":"https:\/\/izsekosanasierices.lv\/wp-content\/uploads\/prailgintuvas-kamera-1-2.jpg","contentUrl":"https:\/\/izsekosanasierices.lv\/wp-content\/uploads\/prailgintuvas-kamera-1-2.jpg","width":800,"height":800},{"@type":"BreadcrumbList","@id":"https:\/\/izsekosanasierices.lv\/produkts\/ikea-pagarinatajs-ar-kameru-32gb-full-hd-video-kvalitate\/#breadcrumb","itemListElement":[{"@type":"ListItem","position":1,"name":"S\u0101kums","item":"https:\/\/izsekosanasierices.lv\/"},{"@type":"ListItem","position":2,"name":"Veikals","item":"https:\/\/izsekosanasierices.lv\/veikals\/"},{"@type":"ListItem","position":3,"name":"IKEA pagarin\u0101t\u0101js ar kameru 32gb Full HD video kvalit\u0101te"}]},{"@type":"WebSite","@id":"https:\/\/izsekosanasierices.lv\/#website","url":"https:\/\/izsekosanasierices.lv\/","name":"Nr1 Izseko\u0161anas ier\u012bces gps izseko\u0161anas iek\u0101rtas, klaus\u012b\u0161an\u0101s iek\u0101rtas","description":"","potentialAction":[{"@type":"SearchAction","target":{"@type":"EntryPoint","urlTemplate":"https:\/\/izsekosanasierices.lv\/?s={search_term_string}"},"query-input":{"@type":"PropertyValueSpecification","valueRequired":true,"valueName":"search_term_string"}}],"inLanguage":"ru-RU"}]}},"_links":{"self":[{"href":"https:\/\/izsekosanasierices.lv\/ru\/wp-json\/wp\/v2\/product\/4736","targetHints":{"allow":["GET"]}}],"collection":[{"href":"https:\/\/izsekosanasierices.lv\/ru\/wp-json\/wp\/v2\/product"}],"about":[{"href":"https:\/\/izsekosanasierices.lv\/ru\/wp-json\/wp\/v2\/types\/product"}],"wp:featuredmedia":[{"embeddable":true,"href":"https:\/\/izsekosanasierices.lv\/ru\/wp-json\/wp\/v2\/media\/4737"}],"wp:attachment":[{"href":"https:\/\/izsekosanasierices.lv\/ru\/wp-json\/wp\/v2\/media?parent=4736"}],"wp:term":[{"taxonomy":"product_brand","embeddable":true,"href":"https:\/\/izsekosanasierices.lv\/ru\/wp-json\/wp\/v2\/product_brand?post=4736"},{"taxonomy":"product_cat","embeddable":true,"href":"https:\/\/izsekosanasierices.lv\/ru\/wp-json\/wp\/v2\/product_cat?post=4736"},{"taxonomy":"product_tag","embeddable":true,"href":"https:\/\/izsekosanasierices.lv\/ru\/wp-json\/wp\/v2\/product_tag?post=4736"}],"curies":[{"name":"wp","href":"https:\/\/api.w.org\/{rel}","templated":true}]}}