{"id":4775,"date":"2025-11-20T13:05:55","date_gmt":"2025-11-20T11:05:55","guid":{"rendered":"https:\/\/izsekosanasierices.lv\/?post_type=product&#038;p=4775"},"modified":"2025-12-16T09:10:54","modified_gmt":"2025-12-16T07:10:54","slug":"pagarinatajs-rozetes-bloks-ar-4k-wi-fi-slepto-kameru-3x-usb-type-c","status":"publish","type":"product","link":"https:\/\/izsekosanasierices.lv\/ru\/produkts\/udlinitel-blok-rozetok-s-4k-wi-fi-skrytoy-kameroy-3x-usb-type-c\/","title":{"rendered":"\u0423\u0434\u043b\u0438\u043d\u0438\u0442\u0435\u043b\u044c (\u0431\u043b\u043e\u043a \u0440\u043e\u0437\u0435\u0442\u043e\u043a) \u0441 4K Wi-Fi \u0441\u043a\u0440\u044b\u0442\u043e\u0439 \u043a\u0430\u043c\u0435\u0440\u043e\u0439, 3\u00d7 USB, Type-C"},"content":{"rendered":"<h3><strong>\u0422\u0435\u0445\u043d\u0438\u0447\u0435\u0441\u043a\u0438\u0435 \u043f\u0430\u0440\u0430\u043c\u0435\u0442\u0440\u044b:<\/strong><\/h3>\n<ul>\n<li>\u0423\u0434\u0430\u043b\u0435\u043d\u043d\u044b\u0439 \u043f\u0440\u043e\u0441\u043c\u043e\u0442\u0440: \u0414\u0410<\/li>\n<li>\u0418\u0437\u043e\u0431\u0440\u0430\u0436\u0435\u043d\u0438\u0435 \u0437\u0430\u043f\u0438\u0441\u044b\u0432\u0430\u0435\u0442\u0441\u044f \u0441\u043e \u0437\u0432\u0443\u043a\u043e\u043c<\/li>\n<li>\u041e\u0434\u0438\u043d \u0440\u0430\u0437\u044a\u0435\u043c TYPE C<\/li>\n<li>3 USB \u0440\u0430\u0437\u044a\u0435\u043c\u0430<\/li>\n<li>\u0423\u0441\u0442\u0430\u043d\u043e\u0432\u043a\u0430 \u0437\u0430\u043d\u0438\u043c\u0430\u0435\u0442 \u043d\u0435\u0441\u043a\u043e\u043b\u044c\u043a\u043e \u043c\u0438\u043d\u0443\u0442<\/li>\n<li>\u041f\u043e\u0434\u043a\u043b\u044e\u0447\u0430\u0435\u0442\u0441\u044f \u043a USB \u043a\u043e\u043c\u043f\u044c\u044e\u0442\u0435\u0440\u0430 \u0438\u043b\u0438 \u0437\u0430\u0440\u044f\u0434\u043d\u043e\u043c\u0443 \u0443\u0441\u0442\u0440\u043e\u0439\u0441\u0442\u0432\u0443<\/li>\n<li>\u041a\u0430\u0447\u0435\u0441\u0442\u0432\u043e \u0438\u0437\u043e\u0431\u0440\u0430\u0436\u0435\u043d\u0438\u044f: 4K FULL HD<\/li>\n<li>\u041f\u0440\u043e\u0441\u043c\u043e\u0442\u0440\u0435\u0442\u044c \u0438\u0437\u043e\u0431\u0440\u0430\u0436\u0435\u043d\u0438\u044f \u043c\u043e\u0436\u043d\u043e: \u043d\u0430 \u0442\u0435\u043b\u0435\u0444\u043e\u043d\u0435, \u043a\u043e\u043c\u043f\u044c\u044e\u0442\u0435\u0440\u0435 \u0438 \u043f\u043b\u0430\u043d\u0448\u0435\u0442\u0435<\/li>\n<li>\u0420\u0435\u0436\u0438\u043c \u043e\u0431\u043d\u0430\u0440\u0443\u0436\u0435\u043d\u0438\u044f \u0434\u0432\u0438\u0436\u0435\u043d\u0438\u044f: \u0414\u0410 (\u0446\u0438\u0444\u0440\u043e\u0432\u043e\u0439)<\/li>\n<li>\u0423\u0433\u043e\u043b \u043e\u0431\u0437\u043e\u0440\u0430: 100\u00b0<\/li>\n<li>\u041f\u043e\u0434\u0434\u0435\u0440\u0436\u0438\u0432\u0430\u0435\u043c\u0430\u044f \u043a\u0430\u0440\u0442\u0430: 32-128 \u0413\u0411<\/li>\n<li>1 \u0447\u0430\u0441 \u0432\u0438\u0434\u0435\u043e\u0437\u0430\u043f\u0438\u0441\u0438 330 \u041c\u0411<\/li>\n<li>\u0424\u043e\u0440\u043c\u0430\u0442 \u0441\u0436\u0430\u0442\u0438\u044f: AVI H.264<\/li>\n<li>\u041f\u043e\u0434\u0434\u0435\u0440\u0436\u0438\u0432\u0430\u0435\u043c\u044b\u0435 \u0441\u0438\u0441\u0442\u0435\u043c\u044b: \u00abiOS\u00bb \u00abAndroid\u00bb \u00abWindows\u00bb<\/li>\n<li>\u041f\u0440\u043e\u0433\u0440\u0430\u043c\u043c\u044b: Android \/ iPhone<\/li>\n<li>\u0421\u043f\u043e\u0441\u043e\u0431\u044b \u043f\u0438\u0442\u0430\u043d\u0438\u044f: \u0430\u043a\u043a\u0443\u043c\u0443\u043b\u044f\u0442\u043e\u0440 \u0438\u043b\u0438 \u043e\u0442 \u0441\u0435\u0442\u0438 (\u043d\u0430\u043f\u0440\u0438\u043c\u0435\u0440, \u0437\u0430\u0440\u044f\u0434\u043d\u043e\u0435 \u0443\u0441\u0442\u0440\u043e\u0439\u0441\u0442\u0432\u043e \u0434\u043b\u044f \u043c\u043e\u0431\u0438\u043b\u044c\u043d\u043e\u0433\u043e \u0442\u0435\u043b\u0435\u0444\u043e\u043d\u0430)<\/li>\n<li>Wi-Fi \u0440\u0430\u0437\u044a\u0435\u043c: IEEE802.11 b \/ g \/ n<\/li>\n<li>\u0420\u0430\u0437\u043c\u0435\u0440\u044b: 300 \u043c\u043c x 67 \u043c\u043c x 57 \u043c\u043c<\/li>\n<li>\u0423\u043f\u0440\u0430\u0432\u043b\u0435\u043d\u0438\u0435 \u0437\u0430\u043f\u0438\u0441\u044c\u044e: \u043d\u0430 \u043b\u044e\u0431\u043e\u043c \u0443\u043c\u043d\u043e\u043c \u0443\u0441\u0442\u0440\u043e\u0439\u0441\u0442\u0432\u0435 (\u0442\u0435\u043b\u0435\u0444\u043e\u043d, \u043a\u043e\u043c\u043f\u044c\u044e\u0442\u0435\u0440 \u0438\u043b\u0438 \u043f\u043b\u0430\u043d\u0448\u0435\u0442).<\/li>\n<li><strong>\u0413\u0430\u0440\u0430\u043d\u0442\u0438\u044f 24 \u043c\u0435\u0441\u044f\u0446\u0430.<\/strong><\/li>\n<\/ul>\n<p>\u0418\u0441\u043f\u043e\u043b\u044c\u0437\u043e\u0432\u0430\u043d\u0438\u0435: \u0434\u043b\u044f \u0432\u0430\u0448\u0435\u0439 \u0438 \u0434\u0435\u0442\u0441\u043a\u043e\u0439 \u0431\u0435\u0437\u043e\u043f\u0430\u0441\u043d\u043e\u0441\u0442\u0438.<\/p>\n<p><span style=\"color: #d0121a\"><strong>\u0415\u0441\u043b\u0438 \u0432\u0430\u043c \u043d\u0443\u0436\u043d\u0430 \u0431\u044b\u0441\u0442\u0440\u0430\u044f \u0434\u043e\u0441\u0442\u0430\u0432\u043a\u0430 \u0432 \u0442\u043e\u0442 \u0436\u0435 \u0434\u0435\u043d\u044c (\u0438 \u0432 \u0432\u044b\u0445\u043e\u0434\u043d\u044b\u0435) \u2013 \u0437\u0432\u043e\u043d\u0438\u0442\u0435 +37068411114<\/strong><\/span><\/p>","protected":false},"excerpt":{"rendered":"<p>Tehniskie parametri: Att\u0101lin\u0101t\u0101 apskate: J\u0100 Att\u0113ls tiek ierakst\u012bts ar ska\u0146u Viena TYPE C piesl\u0113gvieta 3 USB piesl\u0113gvietas Uzst\u0101d\u012b\u0161ana aiz\u0146em da\u017eas min\u016btes Piesl\u0113dzams pie USB datora vai l\u0101d\u0113t\u0101ja Att\u0113la kvalit\u0101te: 4K&#8230;<\/p>","protected":false},"featured_media":4776,"template":"","meta":[],"product_brand":[],"product_cat":[330,321,331],"product_tag":[],"class_list":{"0":"post-4775","1":"product","2":"type-product","3":"status-publish","4":"has-post-thumbnail","6":"product_cat-masketas-kameras","7":"product_cat-sleptas-kameras","8":"product_cat-wi-fi-slepenas-kameras","10":"first","11":"instock","12":"purchasable","13":"product-type-simple"},"yoast_head":"<!-- This site is optimized with the Yoast SEO plugin v27.4 - https:\/\/yoast.com\/product\/yoast-seo-wordpress\/ -->\n<title>Pagarin\u0101t\u0101js (rozetes bloks) ar 4K Wi-Fi sl\u0113pto kameru, 3\u00d7 USB, Type-C<\/title>\n<meta name=\"robots\" content=\"index, follow, max-snippet:-1, max-image-preview:large, max-video-preview:-1\" \/>\n<link rel=\"canonical\" href=\"https:\/\/izsekosanasierices.lv\/ru\/produkts\/udlinitel-blok-rozetok-s-4k-wi-fi-skrytoy-kameroy-3x-usb-type-c\/\" \/>\n<meta property=\"og:locale\" content=\"ru_RU\" \/>\n<meta property=\"og:type\" content=\"article\" \/>\n<meta property=\"og:title\" content=\"Pagarin\u0101t\u0101js (rozetes bloks) ar 4K Wi-Fi sl\u0113pto kameru, 3\u00d7 USB, Type-C\" \/>\n<meta property=\"og:description\" content=\"Tehniskie parametri: Att\u0101lin\u0101t\u0101 apskate: J\u0100 Att\u0113ls tiek ierakst\u012bts ar ska\u0146u Viena TYPE C piesl\u0113gvieta 3 USB piesl\u0113gvietas Uzst\u0101d\u012b\u0161ana aiz\u0146em da\u017eas min\u016btes Piesl\u0113dzams pie USB datora vai l\u0101d\u0113t\u0101ja Att\u0113la kvalit\u0101te: 4K...\" \/>\n<meta property=\"og:url\" content=\"https:\/\/izsekosanasierices.lv\/ru\/produkts\/udlinitel-blok-rozetok-s-4k-wi-fi-skrytoy-kameroy-3x-usb-type-c\/\" \/>\n<meta property=\"og:site_name\" content=\"Nr1 Izseko\u0161anas ier\u012bces gps izseko\u0161anas iek\u0101rtas, klaus\u012b\u0161an\u0101s iek\u0101rtas\" \/>\n<meta property=\"article:modified_time\" content=\"2025-12-16T07:10:54+00:00\" \/>\n<meta property=\"og:image\" content=\"https:\/\/izsekosanasierices.lv\/wp-content\/uploads\/slapta-kamera-ilgiklis-prailgintuvas-Wifi.jpg\" \/>\n\t<meta property=\"og:image:width\" content=\"800\" \/>\n\t<meta property=\"og:image:height\" content=\"800\" \/>\n\t<meta property=\"og:image:type\" content=\"image\/jpeg\" \/>\n<meta name=\"twitter:card\" content=\"summary_large_image\" \/>\n<meta name=\"twitter:label1\" content=\"\u041f\u0440\u0438\u043c\u0435\u0440\u043d\u043e\u0435 \u0432\u0440\u0435\u043c\u044f \u0434\u043b\u044f \u0447\u0442\u0435\u043d\u0438\u044f\" \/>\n\t<meta name=\"twitter:data1\" content=\"1 \u043c\u0438\u043d\u0443\u0442\u0430\" \/>\n<script type=\"application\/ld+json\" class=\"yoast-schema-graph\">{\"@context\":\"https:\\\/\\\/schema.org\",\"@graph\":[{\"@type\":\"WebPage\",\"@id\":\"https:\\\/\\\/izsekosanasierices.lv\\\/produkts\\\/pagarinatajs-rozetes-bloks-ar-4k-wi-fi-slepto-kameru-3x-usb-type-c\\\/\",\"url\":\"https:\\\/\\\/izsekosanasierices.lv\\\/produkts\\\/pagarinatajs-rozetes-bloks-ar-4k-wi-fi-slepto-kameru-3x-usb-type-c\\\/\",\"name\":\"Pagarin\u0101t\u0101js (rozetes bloks) ar 4K Wi-Fi sl\u0113pto kameru, 3\u00d7 USB, Type-C\",\"isPartOf\":{\"@id\":\"https:\\\/\\\/izsekosanasierices.lv\\\/#website\"},\"primaryImageOfPage\":{\"@id\":\"https:\\\/\\\/izsekosanasierices.lv\\\/produkts\\\/pagarinatajs-rozetes-bloks-ar-4k-wi-fi-slepto-kameru-3x-usb-type-c\\\/#primaryimage\"},\"image\":{\"@id\":\"https:\\\/\\\/izsekosanasierices.lv\\\/produkts\\\/pagarinatajs-rozetes-bloks-ar-4k-wi-fi-slepto-kameru-3x-usb-type-c\\\/#primaryimage\"},\"thumbnailUrl\":\"https:\\\/\\\/izsekosanasierices.lv\\\/wp-content\\\/uploads\\\/slapta-kamera-ilgiklis-prailgintuvas-Wifi.jpg\",\"datePublished\":\"2025-11-20T11:05:55+00:00\",\"dateModified\":\"2025-12-16T07:10:54+00:00\",\"breadcrumb\":{\"@id\":\"https:\\\/\\\/izsekosanasierices.lv\\\/produkts\\\/pagarinatajs-rozetes-bloks-ar-4k-wi-fi-slepto-kameru-3x-usb-type-c\\\/#breadcrumb\"},\"inLanguage\":\"ru-RU\",\"potentialAction\":[{\"@type\":\"ReadAction\",\"target\":[\"https:\\\/\\\/izsekosanasierices.lv\\\/produkts\\\/pagarinatajs-rozetes-bloks-ar-4k-wi-fi-slepto-kameru-3x-usb-type-c\\\/\"]}]},{\"@type\":\"ImageObject\",\"inLanguage\":\"ru-RU\",\"@id\":\"https:\\\/\\\/izsekosanasierices.lv\\\/produkts\\\/pagarinatajs-rozetes-bloks-ar-4k-wi-fi-slepto-kameru-3x-usb-type-c\\\/#primaryimage\",\"url\":\"https:\\\/\\\/izsekosanasierices.lv\\\/wp-content\\\/uploads\\\/slapta-kamera-ilgiklis-prailgintuvas-Wifi.jpg\",\"contentUrl\":\"https:\\\/\\\/izsekosanasierices.lv\\\/wp-content\\\/uploads\\\/slapta-kamera-ilgiklis-prailgintuvas-Wifi.jpg\",\"width\":800,\"height\":800},{\"@type\":\"BreadcrumbList\",\"@id\":\"https:\\\/\\\/izsekosanasierices.lv\\\/produkts\\\/pagarinatajs-rozetes-bloks-ar-4k-wi-fi-slepto-kameru-3x-usb-type-c\\\/#breadcrumb\",\"itemListElement\":[{\"@type\":\"ListItem\",\"position\":1,\"name\":\"S\u0101kums\",\"item\":\"https:\\\/\\\/izsekosanasierices.lv\\\/\"},{\"@type\":\"ListItem\",\"position\":2,\"name\":\"Veikals\",\"item\":\"https:\\\/\\\/izsekosanasierices.lv\\\/veikals\\\/\"},{\"@type\":\"ListItem\",\"position\":3,\"name\":\"Pagarin\u0101t\u0101js (rozetes bloks) ar 4K Wi-Fi sl\u0113pto kameru, 3\u00d7 USB, Type-C\"}]},{\"@type\":\"WebSite\",\"@id\":\"https:\\\/\\\/izsekosanasierices.lv\\\/#website\",\"url\":\"https:\\\/\\\/izsekosanasierices.lv\\\/\",\"name\":\"Nr1 Izseko\u0161anas ier\u012bces gps izseko\u0161anas iek\u0101rtas, klaus\u012b\u0161an\u0101s iek\u0101rtas\",\"description\":\"\",\"potentialAction\":[{\"@type\":\"SearchAction\",\"target\":{\"@type\":\"EntryPoint\",\"urlTemplate\":\"https:\\\/\\\/izsekosanasierices.lv\\\/?s={search_term_string}\"},\"query-input\":{\"@type\":\"PropertyValueSpecification\",\"valueRequired\":true,\"valueName\":\"search_term_string\"}}],\"inLanguage\":\"ru-RU\"}]}<\/script>\n<!-- \/ Yoast SEO plugin. -->","yoast_head_json":{"title":"Pagarin\u0101t\u0101js (rozetes bloks) ar 4K Wi-Fi sl\u0113pto kameru, 3\u00d7 USB, Type-C","robots":{"index":"index","follow":"follow","max-snippet":"max-snippet:-1","max-image-preview":"max-image-preview:large","max-video-preview":"max-video-preview:-1"},"canonical":"https:\/\/izsekosanasierices.lv\/ru\/produkts\/udlinitel-blok-rozetok-s-4k-wi-fi-skrytoy-kameroy-3x-usb-type-c\/","og_locale":"ru_RU","og_type":"article","og_title":"Pagarin\u0101t\u0101js (rozetes bloks) ar 4K Wi-Fi sl\u0113pto kameru, 3\u00d7 USB, Type-C","og_description":"Tehniskie parametri: Att\u0101lin\u0101t\u0101 apskate: J\u0100 Att\u0113ls tiek ierakst\u012bts ar ska\u0146u Viena TYPE C piesl\u0113gvieta 3 USB piesl\u0113gvietas Uzst\u0101d\u012b\u0161ana aiz\u0146em da\u017eas min\u016btes Piesl\u0113dzams pie USB datora vai l\u0101d\u0113t\u0101ja Att\u0113la kvalit\u0101te: 4K...","og_url":"https:\/\/izsekosanasierices.lv\/ru\/produkts\/udlinitel-blok-rozetok-s-4k-wi-fi-skrytoy-kameroy-3x-usb-type-c\/","og_site_name":"Nr1 Izseko\u0161anas ier\u012bces gps izseko\u0161anas iek\u0101rtas, klaus\u012b\u0161an\u0101s iek\u0101rtas","article_modified_time":"2025-12-16T07:10:54+00:00","og_image":[{"width":800,"height":800,"url":"https:\/\/izsekosanasierices.lv\/wp-content\/uploads\/slapta-kamera-ilgiklis-prailgintuvas-Wifi.jpg","type":"image\/jpeg"}],"twitter_card":"summary_large_image","twitter_misc":{"\u041f\u0440\u0438\u043c\u0435\u0440\u043d\u043e\u0435 \u0432\u0440\u0435\u043c\u044f \u0434\u043b\u044f \u0447\u0442\u0435\u043d\u0438\u044f":"1 \u043c\u0438\u043d\u0443\u0442\u0430"},"schema":{"@context":"https:\/\/schema.org","@graph":[{"@type":"WebPage","@id":"https:\/\/izsekosanasierices.lv\/produkts\/pagarinatajs-rozetes-bloks-ar-4k-wi-fi-slepto-kameru-3x-usb-type-c\/","url":"https:\/\/izsekosanasierices.lv\/produkts\/pagarinatajs-rozetes-bloks-ar-4k-wi-fi-slepto-kameru-3x-usb-type-c\/","name":"Pagarin\u0101t\u0101js (rozetes bloks) ar 4K Wi-Fi sl\u0113pto kameru, 3\u00d7 USB, Type-C","isPartOf":{"@id":"https:\/\/izsekosanasierices.lv\/#website"},"primaryImageOfPage":{"@id":"https:\/\/izsekosanasierices.lv\/produkts\/pagarinatajs-rozetes-bloks-ar-4k-wi-fi-slepto-kameru-3x-usb-type-c\/#primaryimage"},"image":{"@id":"https:\/\/izsekosanasierices.lv\/produkts\/pagarinatajs-rozetes-bloks-ar-4k-wi-fi-slepto-kameru-3x-usb-type-c\/#primaryimage"},"thumbnailUrl":"https:\/\/izsekosanasierices.lv\/wp-content\/uploads\/slapta-kamera-ilgiklis-prailgintuvas-Wifi.jpg","datePublished":"2025-11-20T11:05:55+00:00","dateModified":"2025-12-16T07:10:54+00:00","breadcrumb":{"@id":"https:\/\/izsekosanasierices.lv\/produkts\/pagarinatajs-rozetes-bloks-ar-4k-wi-fi-slepto-kameru-3x-usb-type-c\/#breadcrumb"},"inLanguage":"ru-RU","potentialAction":[{"@type":"ReadAction","target":["https:\/\/izsekosanasierices.lv\/produkts\/pagarinatajs-rozetes-bloks-ar-4k-wi-fi-slepto-kameru-3x-usb-type-c\/"]}]},{"@type":"ImageObject","inLanguage":"ru-RU","@id":"https:\/\/izsekosanasierices.lv\/produkts\/pagarinatajs-rozetes-bloks-ar-4k-wi-fi-slepto-kameru-3x-usb-type-c\/#primaryimage","url":"https:\/\/izsekosanasierices.lv\/wp-content\/uploads\/slapta-kamera-ilgiklis-prailgintuvas-Wifi.jpg","contentUrl":"https:\/\/izsekosanasierices.lv\/wp-content\/uploads\/slapta-kamera-ilgiklis-prailgintuvas-Wifi.jpg","width":800,"height":800},{"@type":"BreadcrumbList","@id":"https:\/\/izsekosanasierices.lv\/produkts\/pagarinatajs-rozetes-bloks-ar-4k-wi-fi-slepto-kameru-3x-usb-type-c\/#breadcrumb","itemListElement":[{"@type":"ListItem","position":1,"name":"S\u0101kums","item":"https:\/\/izsekosanasierices.lv\/"},{"@type":"ListItem","position":2,"name":"Veikals","item":"https:\/\/izsekosanasierices.lv\/veikals\/"},{"@type":"ListItem","position":3,"name":"Pagarin\u0101t\u0101js (rozetes bloks) ar 4K Wi-Fi sl\u0113pto kameru, 3\u00d7 USB, Type-C"}]},{"@type":"WebSite","@id":"https:\/\/izsekosanasierices.lv\/#website","url":"https:\/\/izsekosanasierices.lv\/","name":"Nr1 Izseko\u0161anas ier\u012bces gps izseko\u0161anas iek\u0101rtas, klaus\u012b\u0161an\u0101s iek\u0101rtas","description":"","potentialAction":[{"@type":"SearchAction","target":{"@type":"EntryPoint","urlTemplate":"https:\/\/izsekosanasierices.lv\/?s={search_term_string}"},"query-input":{"@type":"PropertyValueSpecification","valueRequired":true,"valueName":"search_term_string"}}],"inLanguage":"ru-RU"}]}},"_links":{"self":[{"href":"https:\/\/izsekosanasierices.lv\/ru\/wp-json\/wp\/v2\/product\/4775","targetHints":{"allow":["GET"]}}],"collection":[{"href":"https:\/\/izsekosanasierices.lv\/ru\/wp-json\/wp\/v2\/product"}],"about":[{"href":"https:\/\/izsekosanasierices.lv\/ru\/wp-json\/wp\/v2\/types\/product"}],"wp:featuredmedia":[{"embeddable":true,"href":"https:\/\/izsekosanasierices.lv\/ru\/wp-json\/wp\/v2\/media\/4776"}],"wp:attachment":[{"href":"https:\/\/izsekosanasierices.lv\/ru\/wp-json\/wp\/v2\/media?parent=4775"}],"wp:term":[{"taxonomy":"product_brand","embeddable":true,"href":"https:\/\/izsekosanasierices.lv\/ru\/wp-json\/wp\/v2\/product_brand?post=4775"},{"taxonomy":"product_cat","embeddable":true,"href":"https:\/\/izsekosanasierices.lv\/ru\/wp-json\/wp\/v2\/product_cat?post=4775"},{"taxonomy":"product_tag","embeddable":true,"href":"https:\/\/izsekosanasierices.lv\/ru\/wp-json\/wp\/v2\/product_tag?post=4775"}],"curies":[{"name":"wp","href":"https:\/\/api.w.org\/{rel}","templated":true}]}}