{"id":4805,"date":"2025-11-20T13:16:51","date_gmt":"2025-11-20T11:16:51","guid":{"rendered":"https:\/\/izsekosanasierices.lv\/?post_type=product&#038;p=4805"},"modified":"2025-11-20T14:55:03","modified_gmt":"2025-11-20T12:55:03","slug":"pro-diktofons-ierakstu-laiks-lidz-200st-vos-aktivizesana-no-skanas","status":"publish","type":"product","link":"https:\/\/izsekosanasierices.lv\/ru\/produkts\/pro-diktofon-zapis-vremeni-do-200st-vos-aktivizatsiya-s-skanirovaniya\/","title":{"rendered":"PRO \u0434\u0438\u043a\u0442\u043e\u0444\u043e\u043d \u0437\u0430\u043f\u0438\u0441\u044c \u0432\u0440\u0435\u043c\u0435\u043d\u0438 \u0434\u043e 200\u0441\u0442 VOS \u0430\u043a\u0442\u0438\u0432\u0430\u0446\u0438\u044f \u043e\u0442 \u0437\u0432\u0443\u043a\u0430"},"content":{"rendered":"<h3><strong>\u0422\u0435\u0445\u043d\u0438\u0447\u0435\u0441\u043a\u0438\u0435 \u043f\u0430\u0440\u0430\u043c\u0435\u0442\u0440\u044b:<\/strong><\/h3>\n<ul>\n<li><strong>\u0412\u041e\u0421<\/strong>\u2013 \u0434\u0438\u043a\u0442\u043e\u0444\u043e\u043d \u043c\u043e\u0436\u0435\u0442 \u0437\u0430\u043f\u0438\u0441\u044b\u0432\u0430\u0442\u044c \u0437\u0432\u0443\u043a, \u043d\u0435 \u0431\u0443\u0434\u0435\u0442 \u0437\u0430\u043f\u0438\u0441\u0435\u0439 \u0442\u0438\u0448\u0438\u043d\u044b<\/li>\n<li><strong>\u041d\u0438\u043a\u0430\u043a\u0438\u0445 \u0437\u0432\u0443\u043a\u043e\u0432\u044b\u0445 \u0438\u043b\u0438 \u0441\u0432\u0435\u0442\u043e\u0432\u044b\u0445 \u0441\u0438\u0433\u043d\u0430\u043b\u043e\u0432<\/strong> (\u0437\u0430\u0440\u044f\u0436\u0430\u044f \u0430\u043a\u043a\u0443\u043c\u0443\u043b\u044f\u0442\u043e\u0440)<\/li>\n<li>\u00a0<strong>\u0420\u0435\u0433\u0443\u043b\u0438\u0440\u0443\u0435\u043c\u043e\u0435 \u043a\u0430\u0447\u0435\u0441\u0442\u0432\u043e \u0437\u0432\u0443\u043a\u043e\u0432\u043e\u0439 \u0437\u0430\u043f\u0438\u0441\u0438<\/strong> \u2013 \u0432\u044b\u0431\u0435\u0440\u0438\u0442\u0435 192kbps, 256kbps \u0438\u043b\u0438 \u0434\u0430\u0436\u0435 512kbps \u0434\u043b\u044f \u043e\u0431\u0435\u0441\u043f\u0435\u0447\u0435\u043d\u0438\u044f \u0447\u0435\u0442\u043a\u0438\u0445 \u0438 \u0434\u0435\u0442\u0430\u043b\u0438\u0437\u0438\u0440\u043e\u0432\u0430\u043d\u043d\u044b\u0445 \u0437\u0430\u043f\u0438\u0441\u0435\u0439.<\/li>\n<li>\u00a0<strong>\u0411\u043e\u043b\u044c\u0448\u0430\u044f \u0432\u043d\u0443\u0442\u0440\u0435\u043d\u043d\u044f\u044f \u043f\u0430\u043c\u044f\u0442\u044c<\/strong> \u2013 \u0434\u0430\u0436\u0435 <strong>8 \u0413\u0411<\/strong>, \u043f\u043e\u0437\u0432\u043e\u043b\u044f\u044f \u0441\u043e\u0445\u0440\u0430\u043d\u044f\u0442\u044c \u043c\u043d\u043e\u0436\u0435\u0441\u0442\u0432\u043e \u0447\u0430\u0441\u043e\u0432 \u0437\u0430\u043f\u0438\u0441\u0435\u0439.<\/li>\n<li>\u00a0<strong>\u0414\u043b\u0438\u0442\u0435\u043b\u044c\u043d\u044b\u0439 \u0441\u0440\u043e\u043a \u0441\u043b\u0443\u0436\u0431\u044b \u0431\u0430\u0442\u0430\u0440\u0435\u0438<\/strong> \u2013 \u0434\u043e <strong>185\u2013200 \u0447\u0430\u0441\u043e\u0432<\/strong> \u043d\u0435\u043f\u0440\u0435\u0440\u044b\u0432\u043d\u043e\u0439 \u0437\u0430\u043f\u0438\u0441\u0438.<\/li>\n<li><strong>\u0412\u044b\u0441\u043e\u043a\u043e\u043a\u0430\u0447\u0435\u0441\u0442\u0432\u0435\u043d\u043d\u044b\u0439 \u0437\u0432\u0443\u043a<\/strong> \u2013 \u0447\u0435\u0442\u043a\u0438\u0435, \u0434\u0435\u0442\u0430\u043b\u0438\u0437\u0438\u0440\u043e\u0432\u0430\u043d\u043d\u044b\u0435 \u0437\u0430\u043f\u0438\u0441\u0438 \u0431\u0435\u0437 \u043f\u043e\u043c\u0435\u0445.<\/li>\n<li><strong>\u0423\u0434\u043e\u0431\u043d\u043e\u0435 \u043f\u0440\u043e\u0441\u043b\u0443\u0448\u0438\u0432\u0430\u043d\u0438\u0435<\/strong> \u2013 \u0447\u0435\u0440\u0435\u0437 \u043a\u043e\u043c\u043f\u044c\u044e\u0442\u0435\u0440 \u0438\u043b\u0438 \u043f\u043e\u0434\u043a\u043b\u044e\u0447\u0438\u0442\u0435 \u043a <strong>Android \u043c\u043e\u0431\u0438\u043b\u044c\u043d\u043e\u043c\u0443 \u0442\u0435\u043b\u0435\u0444\u043e\u043d\u0443<\/strong> \u0438 \u0441\u043b\u0443\u0448\u0430\u0439\u0442\u0435 \u0437\u0430\u043f\u0438\u0441\u0438 \u043b\u0435\u0433\u043a\u043e \u0438 \u0431\u044b\u0441\u0442\u0440\u043e.<\/li>\n<li><strong>\u041e\u0447\u0435\u043d\u044c \u043f\u0440\u043e\u0441\u0442\u043e\u0435 \u0438\u0441\u043f\u043e\u043b\u044c\u0437\u043e\u0432\u0430\u043d\u0438\u0435<\/strong> \u2013 \u0431\u0435\u0437 \u0441\u043b\u043e\u0436\u043d\u044b\u0445 \u043d\u0430\u0441\u0442\u0440\u043e\u0435\u043a, \u0440\u0430\u0431\u043e\u0442\u0430\u0435\u0442 \u0438\u043d\u0442\u0443\u0438\u0442\u0438\u0432\u043d\u043e.<\/li>\n<li>\u0418\u0434\u0435\u0430\u043b\u044c\u043d\u043e\u0435 \u0440\u0435\u0448\u0435\u043d\u0438\u0435 \u0434\u043b\u044f \u0442\u0435\u0445, \u043a\u0442\u043e \u0446\u0435\u043d\u0438\u0442 \u043d\u0430\u0434\u0435\u0436\u043d\u0443\u044e \u0438 \u043a\u0430\u0447\u0435\u0441\u0442\u0432\u0435\u043d\u043d\u0443\u044e \u0437\u0430\u043f\u0438\u0441\u044c \u0437\u0432\u0443\u043a\u0430!<\/li>\n<li>\u0412\u0440\u0435\u043c\u044f \u0437\u0430\u0440\u044f\u0434\u043a\u0438 4 \u0447\u0430\u0441\u0430.<\/li>\n<li>\u0417\u0430\u0440\u044f\u0436\u0430\u0435\u0442\u0441\u044f \u0447\u0435\u0440\u0435\u0437 USB<\/li>\n<li>\u0420\u0430\u0437\u043c\u0435\u0440\u044b 43 \u043c\u043c x 41 \u043c\u043c x 20 \u043c\u043c<\/li>\n<li><strong>\u0413\u0410\u0420\u0410\u041d\u0422\u0418\u042f 12 \u043c\u0435\u0441\u044f\u0446\u0435\u0432.<\/strong><\/li>\n<\/ul>\n<p><span style=\"color: #d0121a\"><strong>\u041d\u0443\u0436\u043d\u0430 \u0431\u044b\u0441\u0442\u0440\u0430\u044f \u0434\u043e\u0441\u0442\u0430\u0432\u043a\u0430, \u0432 \u0442\u043e\u0442 \u0436\u0435 \u0434\u0435\u043d\u044c? (\u0442\u0430\u043a\u0436\u0435 \u0432 \u0432\u044b\u0445\u043e\u0434\u043d\u044b\u0435) \u2013 \u0437\u0432\u043e\u043d\u0438\u0442\u0435 +37068411114<\/strong><\/span><\/p>\n<p>\u0418\u0441\u043f\u043e\u043b\u044c\u0437\u043e\u0432\u0430\u043d\u0438\u0435: \u0414\u043b\u044f \u0441\u0432\u043e\u0435\u0439, \u0437\u0430\u0449\u0438\u0442\u044b \u0434\u0435\u0442\u0435\u0439.<\/p>\n<p>\u0418\u0449\u0435\u0442\u0435 \u043d\u0430\u0434\u0435\u0436\u043d\u044b\u0439 \u0438 \u043a\u0430\u0447\u0435\u0441\u0442\u0432\u0435\u043d\u043d\u044b\u0439 \u0434\u0438\u043a\u0442\u043e\u0444\u043e\u043d? \u042d\u0442\u043e\u0442 <strong>VOS \u0434\u0438\u043a\u0442\u043e\u0444\u043e\u043d<\/strong> \u2013 \u043e\u0442\u043b\u0438\u0447\u043d\u044b\u0439 \u0432\u044b\u0431\u043e\u0440! \u0415\u0433\u043e \u0444\u0443\u043d\u043a\u0446\u0438\u044f \u0430\u043a\u0442\u0438\u0432\u0430\u0446\u0438\u0438 \u0437\u0432\u0443\u043a\u0430 \u043e\u0431\u0435\u0441\u043f\u0435\u0447\u0438\u0432\u0430\u0435\u0442 \u043d\u0430\u0447\u0430\u043b\u043e \u0437\u0430\u043f\u0438\u0441\u0438 \u0442\u043e\u043b\u044c\u043a\u043e \u043f\u0440\u0438 \u043d\u0430\u043b\u0438\u0447\u0438\u0438 \u0437\u0432\u0443\u043a\u0430, \u0442\u0435\u043c \u0441\u0430\u043c\u044b\u043c \u0438\u0437\u0431\u0435\u0433\u0430\u044f \u043d\u0435\u043d\u0443\u0436\u043d\u044b\u0445 \u043c\u043e\u043c\u0435\u043d\u0442\u043e\u0432 \u0442\u0438\u0448\u0438\u043d\u044b.<\/p>\n<p><strong>VOS \u0434\u0438\u043a\u0442\u043e\u0444\u043e\u043d<\/strong> \u2013 \u044d\u0442\u043e \u0441\u043e\u0432\u0440\u0435\u043c\u0435\u043d\u043d\u043e\u0435 \u0438 \u043d\u0430\u0434\u0435\u0436\u043d\u043e\u0435 \u0443\u0441\u0442\u0440\u043e\u0439\u0441\u0442\u0432\u043e, \u0440\u0430\u0437\u0440\u0430\u0431\u043e\u0442\u0430\u043d\u043d\u043e\u0435 \u0434\u043b\u044f \u043e\u0431\u0435\u0441\u043f\u0435\u0447\u0435\u043d\u0438\u044f \u0432\u044b\u0441\u0448\u0435\u0433\u043e \u043a\u0430\u0447\u0435\u0441\u0442\u0432\u0430 \u0437\u0430\u043f\u0438\u0441\u0438 \u0437\u0432\u0443\u043a\u0430. \u042d\u0442\u043e \u043a\u043e\u043c\u043f\u0430\u043a\u0442\u043d\u043e\u0435 \u0443\u0441\u0442\u0440\u043e\u0439\u0441\u0442\u0432\u043e \u0432\u044b\u0434\u0435\u043b\u044f\u0435\u0442\u0441\u044f \u0432\u044b\u0434\u0430\u044e\u0449\u0438\u043c\u0438\u0441\u044f \u0445\u0430\u0440\u0430\u043a\u0442\u0435\u0440\u0438\u0441\u0442\u0438\u043a\u0430\u043c\u0438, \u043a\u043e\u0442\u043e\u0440\u044b\u0435 \u043e\u0442\u043b\u0438\u0447\u0430\u044e\u0442 \u0435\u0433\u043e \u043e\u0442 \u0434\u0440\u0443\u0433\u0438\u0445 \u0434\u0438\u043a\u0442\u043e\u0444\u043e\u043d\u043e\u0432 \u043d\u0430 \u0440\u044b\u043d\u043a\u0435.<\/p>\n<p>\u041e\u0434\u043d\u0430 \u0438\u0437 \u0441\u0430\u043c\u044b\u0445 \u0432\u0430\u0436\u043d\u044b\u0445 \u0445\u0430\u0440\u0430\u043a\u0442\u0435\u0440\u0438\u0441\u0442\u0438\u043a \u044d\u0442\u043e\u0433\u043e \u0434\u0438\u043a\u0442\u043e\u0444\u043e\u043d\u0430 \u2013 \u0444\u0443\u043d\u043a\u0446\u0438\u044f \u0430\u043a\u0442\u0438\u0432\u0430\u0446\u0438\u0438 \u0437\u0432\u0443\u043a\u0430, \u043a\u043e\u0442\u043e\u0440\u0430\u044f \u0430\u0432\u0442\u043e\u043c\u0430\u0442\u0438\u0447\u0435\u0441\u043a\u0438 \u043d\u0430\u0447\u0438\u043d\u0430\u0435\u0442 \u0437\u0430\u043f\u0438\u0441\u044c \u0442\u043e\u043b\u044c\u043a\u043e \u043f\u0440\u0438 \u043e\u0431\u043d\u0430\u0440\u0443\u0436\u0435\u043d\u0438\u0438 \u0437\u0432\u0443\u043a\u0430. \u042d\u0442\u043e \u043d\u0435 \u0442\u043e\u043b\u044c\u043a\u043e \u044d\u043a\u043e\u043d\u043e\u043c\u0438\u0442 \u043f\u0430\u043c\u044f\u0442\u044c, \u043d\u043e \u0438 \u043e\u0431\u043b\u0435\u0433\u0447\u0430\u0435\u0442 \u043f\u043e\u0441\u043b\u0435\u0434\u0443\u044e\u0449\u0435\u0435 \u0440\u0435\u0434\u0430\u043a\u0442\u0438\u0440\u043e\u0432\u0430\u043d\u0438\u0435 \u0437\u0430\u043f\u0438\u0441\u0435\u0439, \u0442\u0430\u043a \u043a\u0430\u043a \u043d\u0435 \u043d\u0443\u0436\u043d\u043e \u0443\u0434\u0430\u043b\u044f\u0442\u044c \u0434\u043b\u0438\u043d\u043d\u044b\u0435 \u043f\u0435\u0440\u0438\u043e\u0434\u044b \u0442\u0438\u0448\u0438\u043d\u044b.<\/p>\n<p>\u0423\u0441\u0442\u0440\u043e\u0439\u0441\u0442\u0432\u043e \u043f\u0440\u0435\u0434\u043b\u0430\u0433\u0430\u0435\u0442 \u0433\u0438\u0431\u043a\u0438\u0435 \u043d\u0430\u0441\u0442\u0440\u043e\u0439\u043a\u0438 \u043a\u0430\u0447\u0435\u0441\u0442\u0432\u0430 \u0437\u0432\u0443\u043a\u0430 \u2013 \u043e\u0442 192kbps \u0434\u043e 512kbps. \u0422\u0430\u043a\u043e\u0439 \u0448\u0438\u0440\u043e\u043a\u0438\u0439 \u0434\u0438\u0430\u043f\u0430\u0437\u043e\u043d \u0432\u044b\u0431\u043e\u0440\u0430 \u043f\u043e\u0437\u0432\u043e\u043b\u044f\u0435\u0442 \u043f\u043e\u043b\u044c\u0437\u043e\u0432\u0430\u0442\u0435\u043b\u044e \u043e\u043f\u0442\u0438\u043c\u0430\u043b\u044c\u043d\u043e \u043d\u0430\u0441\u0442\u0440\u043e\u0438\u0442\u044c \u043a\u0430\u0447\u0435\u0441\u0442\u0432\u043e \u0437\u0432\u0443\u043a\u0430 \u0438 \u0438\u0441\u043f\u043e\u043b\u044c\u0437\u043e\u0432\u0430\u043d\u0438\u0435 \u043f\u0430\u043c\u044f\u0442\u0438 \u0432 \u0441\u043e\u043e\u0442\u0432\u0435\u0442\u0441\u0442\u0432\u0438\u0438 \u0441 \u0435\u0433\u043e \u043f\u043e\u0442\u0440\u0435\u0431\u043d\u043e\u0441\u0442\u044f\u043c\u0438. 8 \u0413\u0411 \u0432\u0441\u0442\u0440\u043e\u0435\u043d\u043d\u043e\u0439 \u043f\u0430\u043c\u044f\u0442\u0438 \u043e\u0431\u0435\u0441\u043f\u0435\u0447\u0438\u0432\u0430\u0435\u0442 \u0434\u043e\u0441\u0442\u0430\u0442\u043e\u0447\u043d\u043e\u0435 \u043a\u043e\u043b\u0438\u0447\u0435\u0441\u0442\u0432\u043e \u043c\u0435\u0441\u0442\u0430 \u0434\u043b\u044f \u0434\u043b\u0438\u043d\u043d\u044b\u0445 \u0437\u0430\u043f\u0438\u0441\u0435\u0439.<\/p>\n<p>\u041e\u0441\u043e\u0431\u0435\u043d\u043d\u043e \u0446\u0435\u043d\u043d\u0430\u044f \u0445\u0430\u0440\u0430\u043a\u0442\u0435\u0440\u0438\u0441\u0442\u0438\u043a\u0430 \u0434\u0438\u043a\u0442\u043e\u0444\u043e\u043d\u0430 \u2013 \u0435\u0433\u043e \u0434\u043b\u0438\u0442\u0435\u043b\u044c\u043d\u043e\u0435 \u0432\u0440\u0435\u043c\u044f \u0440\u0430\u0431\u043e\u0442\u044b \u043e\u0442 \u0430\u043a\u043a\u0443\u043c\u0443\u043b\u044f\u0442\u043e\u0440\u0430 \u2013 \u0434\u043e 200 \u0447\u0430\u0441\u043e\u0432 \u043d\u0435\u043f\u0440\u0435\u0440\u044b\u0432\u043d\u043e\u0439 \u0437\u0430\u043f\u0438\u0441\u0438. \u042d\u0442\u043e \u043e\u0441\u043e\u0431\u0435\u043d\u043d\u043e \u0430\u043a\u0442\u0443\u0430\u043b\u044c\u043d\u043e \u0432\u043e \u0432\u0440\u0435\u043c\u044f \u0434\u043b\u0438\u043d\u043d\u044b\u0445 \u043a\u043e\u043d\u0444\u0435\u0440\u0435\u043d\u0446\u0438\u0439, \u043b\u0435\u043a\u0446\u0438\u0439 \u0438\u043b\u0438 \u0432\u0441\u0442\u0440\u0435\u0447. \u0423\u0441\u0442\u0440\u043e\u0439\u0441\u0442\u0432\u043e \u043e\u0442\u043b\u0438\u0447\u043d\u043e \u0438\u043d\u0442\u0435\u0433\u0440\u0438\u0440\u0443\u0435\u0442\u0441\u044f \u0441 Android-\u0443\u0441\u0442\u0440\u043e\u0439\u0441\u0442\u0432\u0430\u043c\u0438, \u0447\u0442\u043e \u043f\u043e\u0437\u0432\u043e\u043b\u044f\u0435\u0442 \u0443\u0434\u043e\u0431\u043d\u043e \u043f\u0440\u043e\u0441\u043b\u0443\u0448\u0438\u0432\u0430\u0442\u044c \u0438 \u043e\u0431\u0440\u0430\u0431\u0430\u0442\u044b\u0432\u0430\u0442\u044c \u0437\u0430\u043f\u0438\u0441\u0438 \u043d\u0430 \u043c\u043e\u0431\u0438\u043b\u044c\u043d\u043e\u043c \u0442\u0435\u043b\u0435\u0444\u043e\u043d\u0435.<\/p>\n<p>\u0423\u043f\u0440\u0430\u0432\u043b\u0435\u043d\u0438\u0435 \u0434\u0438\u043a\u0442\u043e\u0444\u043e\u043d\u043e\u043c \u0440\u0430\u0437\u0440\u0430\u0431\u043e\u0442\u0430\u043d\u043e \u043c\u0430\u043a\u0441\u0438\u043c\u0430\u043b\u044c\u043d\u043e \u0438\u043d\u0442\u0443\u0438\u0442\u0438\u0432\u043d\u043e, \u043f\u043e\u044d\u0442\u043e\u043c\u0443 \u0434\u0430\u0436\u0435 \u043f\u043e\u043b\u044c\u0437\u043e\u0432\u0430\u0442\u0435\u043b\u0438 \u0441 \u043d\u0435\u0431\u043e\u043b\u044c\u0448\u0438\u043c \u043e\u043f\u044b\u0442\u043e\u043c \u0432 \u043e\u0431\u043b\u0430\u0441\u0442\u0438 \u0442\u0435\u0445\u043d\u043e\u043b\u043e\u0433\u0438\u0439 \u043b\u0435\u0433\u043a\u043e \u043d\u0430\u0443\u0447\u0430\u0442\u0441\u044f \u0438\u043c \u043f\u043e\u043b\u044c\u0437\u043e\u0432\u0430\u0442\u044c\u0441\u044f. \u042d\u0442\u043e \u0443\u043d\u0438\u0432\u0435\u0440\u0441\u0430\u043b\u044c\u043d\u043e\u0435 \u0443\u0441\u0442\u0440\u043e\u0439\u0441\u0442\u0432\u043e, \u043a\u043e\u0442\u043e\u0440\u043e\u0435 \u043e\u0442\u043b\u0438\u0447\u043d\u043e \u043f\u043e\u0434\u0445\u043e\u0434\u0438\u0442 \u043a\u0430\u043a \u0434\u043b\u044f \u043f\u0440\u043e\u0444\u0435\u0441\u0441\u0438\u043e\u043d\u0430\u043b\u044c\u043d\u043e\u0433\u043e, \u0442\u0430\u043a \u0438 \u0434\u043b\u044f \u043b\u0438\u0447\u043d\u043e\u0433\u043e \u0438\u0441\u043f\u043e\u043b\u044c\u0437\u043e\u0432\u0430\u043d\u0438\u044f.<\/p>","protected":false},"excerpt":{"rendered":"<p>Tehniskie parametri: VOS&#8211;\u00a0 diktofonam ir iesp\u0113jams ierakst\u012bt no ska\u0146as, neb\u016bs klusuma ierakstu Nek\u0101dus ska\u0146as vai gaismas sign\u0101lus (l\u0101d\u0113jot akumulatoru) \u00a0Regul\u0113jama ska\u0146as ieraksta kvalit\u0101te \u2013 izv\u0113lieties 192kbps, 256kbps vai pat 512kbps,&#8230;<\/p>","protected":false},"featured_media":4806,"template":"","meta":[],"product_brand":[],"product_cat":[342],"product_tag":[],"class_list":{"0":"post-4805","1":"product","2":"type-product","3":"status-publish","4":"has-post-thumbnail","6":"product_cat-diktofoni","8":"first","9":"instock","10":"purchasable","11":"product-type-simple"},"yoast_head":"<!-- This site is optimized with the Yoast SEO plugin v27.4 - https:\/\/yoast.com\/product\/yoast-seo-wordpress\/ -->\n<title>PRO diktofons ierakstu laiks l\u012bdz 200st VOS aktiviz\u0113\u0161ana no ska\u0146as<\/title>\n<meta name=\"robots\" content=\"index, follow, max-snippet:-1, max-image-preview:large, max-video-preview:-1\" \/>\n<link rel=\"canonical\" href=\"https:\/\/izsekosanasierices.lv\/ru\/produkts\/pro-diktofon-zapis-vremeni-do-200st-vos-aktivizatsiya-s-skanirovaniya\/\" \/>\n<meta property=\"og:locale\" content=\"ru_RU\" \/>\n<meta property=\"og:type\" content=\"article\" \/>\n<meta property=\"og:title\" content=\"PRO diktofons ierakstu laiks l\u012bdz 200st VOS aktiviz\u0113\u0161ana no ska\u0146as\" \/>\n<meta property=\"og:description\" content=\"Tehniskie parametri: VOS&#8211;\u00a0 diktofonam ir iesp\u0113jams ierakst\u012bt no ska\u0146as, neb\u016bs klusuma ierakstu Nek\u0101dus ska\u0146as vai gaismas sign\u0101lus (l\u0101d\u0113jot akumulatoru) \u00a0Regul\u0113jama ska\u0146as ieraksta kvalit\u0101te \u2013 izv\u0113lieties 192kbps, 256kbps vai pat 512kbps,...\" \/>\n<meta property=\"og:url\" content=\"https:\/\/izsekosanasierices.lv\/ru\/produkts\/pro-diktofon-zapis-vremeni-do-200st-vos-aktivizatsiya-s-skanirovaniya\/\" \/>\n<meta property=\"og:site_name\" content=\"Nr1 Izseko\u0161anas ier\u012bces gps izseko\u0161anas iek\u0101rtas, klaus\u012b\u0161an\u0101s iek\u0101rtas\" \/>\n<meta property=\"article:modified_time\" content=\"2025-11-20T12:55:03+00:00\" \/>\n<meta property=\"og:image\" content=\"https:\/\/izsekosanasierices.lv\/wp-content\/uploads\/mini-dkitofonas-1.png\" \/>\n\t<meta property=\"og:image:width\" content=\"1077\" \/>\n\t<meta property=\"og:image:height\" content=\"1280\" \/>\n\t<meta property=\"og:image:type\" content=\"image\/png\" \/>\n<meta name=\"twitter:card\" content=\"summary_large_image\" \/>\n<meta name=\"twitter:label1\" content=\"\u041f\u0440\u0438\u043c\u0435\u0440\u043d\u043e\u0435 \u0432\u0440\u0435\u043c\u044f \u0434\u043b\u044f \u0447\u0442\u0435\u043d\u0438\u044f\" \/>\n\t<meta name=\"twitter:data1\" content=\"3 \u043c\u0438\u043d\u0443\u0442\u044b\" \/>\n<script type=\"application\/ld+json\" class=\"yoast-schema-graph\">{\"@context\":\"https:\\\/\\\/schema.org\",\"@graph\":[{\"@type\":\"WebPage\",\"@id\":\"https:\\\/\\\/izsekosanasierices.lv\\\/produkts\\\/pro-diktofons-ierakstu-laiks-lidz-200st-vos-aktivizesana-no-skanas\\\/\",\"url\":\"https:\\\/\\\/izsekosanasierices.lv\\\/produkts\\\/pro-diktofons-ierakstu-laiks-lidz-200st-vos-aktivizesana-no-skanas\\\/\",\"name\":\"PRO diktofons ierakstu laiks l\u012bdz 200st VOS aktiviz\u0113\u0161ana no ska\u0146as\",\"isPartOf\":{\"@id\":\"https:\\\/\\\/izsekosanasierices.lv\\\/#website\"},\"primaryImageOfPage\":{\"@id\":\"https:\\\/\\\/izsekosanasierices.lv\\\/produkts\\\/pro-diktofons-ierakstu-laiks-lidz-200st-vos-aktivizesana-no-skanas\\\/#primaryimage\"},\"image\":{\"@id\":\"https:\\\/\\\/izsekosanasierices.lv\\\/produkts\\\/pro-diktofons-ierakstu-laiks-lidz-200st-vos-aktivizesana-no-skanas\\\/#primaryimage\"},\"thumbnailUrl\":\"https:\\\/\\\/izsekosanasierices.lv\\\/wp-content\\\/uploads\\\/mini-dkitofonas-1.png\",\"datePublished\":\"2025-11-20T11:16:51+00:00\",\"dateModified\":\"2025-11-20T12:55:03+00:00\",\"breadcrumb\":{\"@id\":\"https:\\\/\\\/izsekosanasierices.lv\\\/produkts\\\/pro-diktofons-ierakstu-laiks-lidz-200st-vos-aktivizesana-no-skanas\\\/#breadcrumb\"},\"inLanguage\":\"ru-RU\",\"potentialAction\":[{\"@type\":\"ReadAction\",\"target\":[\"https:\\\/\\\/izsekosanasierices.lv\\\/produkts\\\/pro-diktofons-ierakstu-laiks-lidz-200st-vos-aktivizesana-no-skanas\\\/\"]}]},{\"@type\":\"ImageObject\",\"inLanguage\":\"ru-RU\",\"@id\":\"https:\\\/\\\/izsekosanasierices.lv\\\/produkts\\\/pro-diktofons-ierakstu-laiks-lidz-200st-vos-aktivizesana-no-skanas\\\/#primaryimage\",\"url\":\"https:\\\/\\\/izsekosanasierices.lv\\\/wp-content\\\/uploads\\\/mini-dkitofonas-1.png\",\"contentUrl\":\"https:\\\/\\\/izsekosanasierices.lv\\\/wp-content\\\/uploads\\\/mini-dkitofonas-1.png\",\"width\":1077,\"height\":1280},{\"@type\":\"BreadcrumbList\",\"@id\":\"https:\\\/\\\/izsekosanasierices.lv\\\/produkts\\\/pro-diktofons-ierakstu-laiks-lidz-200st-vos-aktivizesana-no-skanas\\\/#breadcrumb\",\"itemListElement\":[{\"@type\":\"ListItem\",\"position\":1,\"name\":\"S\u0101kums\",\"item\":\"https:\\\/\\\/izsekosanasierices.lv\\\/\"},{\"@type\":\"ListItem\",\"position\":2,\"name\":\"Veikals\",\"item\":\"https:\\\/\\\/izsekosanasierices.lv\\\/veikals\\\/\"},{\"@type\":\"ListItem\",\"position\":3,\"name\":\"PRO diktofons ierakstu laiks l\u012bdz 200st VOS aktiviz\u0113\u0161ana no ska\u0146as\"}]},{\"@type\":\"WebSite\",\"@id\":\"https:\\\/\\\/izsekosanasierices.lv\\\/#website\",\"url\":\"https:\\\/\\\/izsekosanasierices.lv\\\/\",\"name\":\"Nr1 Izseko\u0161anas ier\u012bces gps izseko\u0161anas iek\u0101rtas, klaus\u012b\u0161an\u0101s iek\u0101rtas\",\"description\":\"\",\"potentialAction\":[{\"@type\":\"SearchAction\",\"target\":{\"@type\":\"EntryPoint\",\"urlTemplate\":\"https:\\\/\\\/izsekosanasierices.lv\\\/?s={search_term_string}\"},\"query-input\":{\"@type\":\"PropertyValueSpecification\",\"valueRequired\":true,\"valueName\":\"search_term_string\"}}],\"inLanguage\":\"ru-RU\"}]}<\/script>\n<!-- \/ Yoast SEO plugin. -->","yoast_head_json":{"title":"PRO diktofons ierakstu laiks l\u012bdz 200st VOS aktiviz\u0113\u0161ana no ska\u0146as","robots":{"index":"index","follow":"follow","max-snippet":"max-snippet:-1","max-image-preview":"max-image-preview:large","max-video-preview":"max-video-preview:-1"},"canonical":"https:\/\/izsekosanasierices.lv\/ru\/produkts\/pro-diktofon-zapis-vremeni-do-200st-vos-aktivizatsiya-s-skanirovaniya\/","og_locale":"ru_RU","og_type":"article","og_title":"PRO diktofons ierakstu laiks l\u012bdz 200st VOS aktiviz\u0113\u0161ana no ska\u0146as","og_description":"Tehniskie parametri: VOS&#8211;\u00a0 diktofonam ir iesp\u0113jams ierakst\u012bt no ska\u0146as, neb\u016bs klusuma ierakstu Nek\u0101dus ska\u0146as vai gaismas sign\u0101lus (l\u0101d\u0113jot akumulatoru) \u00a0Regul\u0113jama ska\u0146as ieraksta kvalit\u0101te \u2013 izv\u0113lieties 192kbps, 256kbps vai pat 512kbps,...","og_url":"https:\/\/izsekosanasierices.lv\/ru\/produkts\/pro-diktofon-zapis-vremeni-do-200st-vos-aktivizatsiya-s-skanirovaniya\/","og_site_name":"Nr1 Izseko\u0161anas ier\u012bces gps izseko\u0161anas iek\u0101rtas, klaus\u012b\u0161an\u0101s iek\u0101rtas","article_modified_time":"2025-11-20T12:55:03+00:00","og_image":[{"width":1077,"height":1280,"url":"https:\/\/izsekosanasierices.lv\/wp-content\/uploads\/mini-dkitofonas-1.png","type":"image\/png"}],"twitter_card":"summary_large_image","twitter_misc":{"\u041f\u0440\u0438\u043c\u0435\u0440\u043d\u043e\u0435 \u0432\u0440\u0435\u043c\u044f \u0434\u043b\u044f \u0447\u0442\u0435\u043d\u0438\u044f":"3 \u043c\u0438\u043d\u0443\u0442\u044b"},"schema":{"@context":"https:\/\/schema.org","@graph":[{"@type":"WebPage","@id":"https:\/\/izsekosanasierices.lv\/produkts\/pro-diktofons-ierakstu-laiks-lidz-200st-vos-aktivizesana-no-skanas\/","url":"https:\/\/izsekosanasierices.lv\/produkts\/pro-diktofons-ierakstu-laiks-lidz-200st-vos-aktivizesana-no-skanas\/","name":"PRO diktofons ierakstu laiks l\u012bdz 200st VOS aktiviz\u0113\u0161ana no ska\u0146as","isPartOf":{"@id":"https:\/\/izsekosanasierices.lv\/#website"},"primaryImageOfPage":{"@id":"https:\/\/izsekosanasierices.lv\/produkts\/pro-diktofons-ierakstu-laiks-lidz-200st-vos-aktivizesana-no-skanas\/#primaryimage"},"image":{"@id":"https:\/\/izsekosanasierices.lv\/produkts\/pro-diktofons-ierakstu-laiks-lidz-200st-vos-aktivizesana-no-skanas\/#primaryimage"},"thumbnailUrl":"https:\/\/izsekosanasierices.lv\/wp-content\/uploads\/mini-dkitofonas-1.png","datePublished":"2025-11-20T11:16:51+00:00","dateModified":"2025-11-20T12:55:03+00:00","breadcrumb":{"@id":"https:\/\/izsekosanasierices.lv\/produkts\/pro-diktofons-ierakstu-laiks-lidz-200st-vos-aktivizesana-no-skanas\/#breadcrumb"},"inLanguage":"ru-RU","potentialAction":[{"@type":"ReadAction","target":["https:\/\/izsekosanasierices.lv\/produkts\/pro-diktofons-ierakstu-laiks-lidz-200st-vos-aktivizesana-no-skanas\/"]}]},{"@type":"ImageObject","inLanguage":"ru-RU","@id":"https:\/\/izsekosanasierices.lv\/produkts\/pro-diktofons-ierakstu-laiks-lidz-200st-vos-aktivizesana-no-skanas\/#primaryimage","url":"https:\/\/izsekosanasierices.lv\/wp-content\/uploads\/mini-dkitofonas-1.png","contentUrl":"https:\/\/izsekosanasierices.lv\/wp-content\/uploads\/mini-dkitofonas-1.png","width":1077,"height":1280},{"@type":"BreadcrumbList","@id":"https:\/\/izsekosanasierices.lv\/produkts\/pro-diktofons-ierakstu-laiks-lidz-200st-vos-aktivizesana-no-skanas\/#breadcrumb","itemListElement":[{"@type":"ListItem","position":1,"name":"S\u0101kums","item":"https:\/\/izsekosanasierices.lv\/"},{"@type":"ListItem","position":2,"name":"Veikals","item":"https:\/\/izsekosanasierices.lv\/veikals\/"},{"@type":"ListItem","position":3,"name":"PRO diktofons ierakstu laiks l\u012bdz 200st VOS aktiviz\u0113\u0161ana no ska\u0146as"}]},{"@type":"WebSite","@id":"https:\/\/izsekosanasierices.lv\/#website","url":"https:\/\/izsekosanasierices.lv\/","name":"Nr1 Izseko\u0161anas ier\u012bces gps izseko\u0161anas iek\u0101rtas, klaus\u012b\u0161an\u0101s iek\u0101rtas","description":"","potentialAction":[{"@type":"SearchAction","target":{"@type":"EntryPoint","urlTemplate":"https:\/\/izsekosanasierices.lv\/?s={search_term_string}"},"query-input":{"@type":"PropertyValueSpecification","valueRequired":true,"valueName":"search_term_string"}}],"inLanguage":"ru-RU"}]}},"_links":{"self":[{"href":"https:\/\/izsekosanasierices.lv\/ru\/wp-json\/wp\/v2\/product\/4805","targetHints":{"allow":["GET"]}}],"collection":[{"href":"https:\/\/izsekosanasierices.lv\/ru\/wp-json\/wp\/v2\/product"}],"about":[{"href":"https:\/\/izsekosanasierices.lv\/ru\/wp-json\/wp\/v2\/types\/product"}],"wp:featuredmedia":[{"embeddable":true,"href":"https:\/\/izsekosanasierices.lv\/ru\/wp-json\/wp\/v2\/media\/4806"}],"wp:attachment":[{"href":"https:\/\/izsekosanasierices.lv\/ru\/wp-json\/wp\/v2\/media?parent=4805"}],"wp:term":[{"taxonomy":"product_brand","embeddable":true,"href":"https:\/\/izsekosanasierices.lv\/ru\/wp-json\/wp\/v2\/product_brand?post=4805"},{"taxonomy":"product_cat","embeddable":true,"href":"https:\/\/izsekosanasierices.lv\/ru\/wp-json\/wp\/v2\/product_cat?post=4805"},{"taxonomy":"product_tag","embeddable":true,"href":"https:\/\/izsekosanasierices.lv\/ru\/wp-json\/wp\/v2\/product_tag?post=4805"}],"curies":[{"name":"wp","href":"https:\/\/api.w.org\/{rel}","templated":true}]}}