{"id":4909,"date":"2025-11-20T13:19:22","date_gmt":"2025-11-20T11:19:22","guid":{"rendered":"https:\/\/izsekosanasierices.lv\/?post_type=product&#038;p=4909"},"modified":"2026-03-25T23:21:03","modified_gmt":"2026-03-25T21:21:03","slug":"bezvadu-ladetajs-telefonam-pulkstenim-ar-slepenu-videokameru","status":"publish","type":"product","link":"https:\/\/izsekosanasierices.lv\/ru\/produkts\/besprovodnoe-zaryadnoe-ustroystvo-dlya-telefona-s-skrytoy-videokameroy\/","title":{"rendered":"\u0411\u0435\u0441\u043f\u0440\u043e\u0432\u043e\u0434\u043d\u043e\u0435 \u0437\u0430\u0440\u044f\u0434\u043d\u043e\u0435 \u0443\u0441\u0442\u0440\u043e\u0439\u0441\u0442\u0432\u043e \u0434\u043b\u044f \u0442\u0435\u043b\u0435\u0444\u043e\u043d\u0430 \u0441 \u0441\u043a\u0440\u044b\u0442\u043e\u0439 \u043a\u0430\u043c\u0435\u0440\u043e\u0439"},"content":{"rendered":"<h3><strong>\u0422\u0435\u0445\u043d\u0438\u0447\u0435\u0441\u043a\u0438\u0435 \u043f\u0430\u0440\u0430\u043c\u0435\u0442\u0440\u044b:<\/strong><\/h3>\n<ul>\n<li>\u0423\u0434\u0430\u043b\u0435\u043d\u043d\u044b\u0439 \u043f\u0440\u043e\u0441\u043c\u043e\u0442\u0440: \u0414\u0410<\/li>\n<li>\u0418\u0437\u043e\u0431\u0440\u0430\u0436\u0435\u043d\u0438\u0435 \u0437\u0430\u043f\u0438\u0441\u044b\u0432\u0430\u0435\u0442\u0441\u044f \u0441\u043e \u0437\u0432\u0443\u043a\u043e\u043c<\/li>\n<li>\u041c\u043e\u0449\u043d\u043e\u0441\u0442\u044c \u0437\u0430\u0440\u044f\u0434\u043d\u043e\u0433\u043e \u0443\u0441\u0442\u0440\u043e\u0439\u0441\u0442\u0432\u0430 15W<\/li>\n<li>\u0423\u0441\u0442\u0430\u043d\u043e\u0432\u043a\u0430 \u0437\u0430\u043d\u0438\u043c\u0430\u0435\u0442 \u043d\u0435\u0441\u043a\u043e\u043b\u044c\u043a\u043e \u043c\u0438\u043d\u0443\u0442<\/li>\n<li>\u041a\u0430\u0447\u0435\u0441\u0442\u0432\u043e \u0432\u0438\u0434\u0435\u043e: 4K FULL HD1080P, 1920*1080<\/li>\n<li>\u0421\u043c\u043e\u0442\u0440\u0435\u0442\u044c \u0438\u0437\u043e\u0431\u0440\u0430\u0436\u0435\u043d\u0438\u044f \u043c\u043e\u0436\u043d\u043e: \u043d\u0430 \u0442\u0435\u043b\u0435\u0444\u043e\u043d\u0435, \u043a\u043e\u043c\u043f\u044c\u044e\u0442\u0435\u0440\u0435 \u0438 \u043f\u043b\u0430\u043d\u0448\u0435\u0442\u0435<\/li>\n<li>\u041f\u041e\u0414\u041a\u041b\u042e\u0427\u0415\u041d \u041a \u0421\u0415\u0422\u0418 \u0420\u0410\u0411\u041e\u0422\u0410\u0415\u0422 24\/7<\/li>\n<li>\u0420\u0435\u0436\u0438\u043c \u043e\u0431\u043d\u0430\u0440\u0443\u0436\u0435\u043d\u0438\u044f \u0434\u0432\u0438\u0436\u0435\u043d\u0438\u044f: \u0414\u0410 (\u0446\u0438\u0444\u0440\u043e\u0432\u043e\u0439)<\/li>\n<li>\u0423\u0433\u043e\u043b \u043e\u0431\u0437\u043e\u0440\u0430 110<\/li>\n<li>\u041f\u043e\u0434\u0434\u0435\u0440\u0436\u0438\u0432\u0430\u0435\u043c\u0430\u044f \u043a\u0430\u0440\u0442\u0430: 32-128 \u0413\u0411 (\u043a\u0430\u0440\u0442\u0430 \u043d\u0435 \u0432\u0445\u043e\u0434\u0438\u0442 \u0432 \u043a\u043e\u043c\u043f\u043b\u0435\u043a\u0442)<\/li>\n<li>1 \u0447. \u0432\u0438\u0434\u0435\u043e\u0437\u0430\u043f\u0438\u0441\u044c 315 MB<\/li>\n<li>\u0424\u043e\u0440\u043c\u0430\u0442 \u0441\u0436\u0430\u0442\u0438\u044f: AVI H.264<\/li>\n<li>\u041f\u043e\u0434\u0434\u0435\u0440\u0436\u0438\u0432\u0430\u0435\u043c\u044b\u0435 \u0441\u0438\u0441\u0442\u0435\u043c\u044b: \u00abiOS\u00bb \u00abAndroid\u00bb<\/li>\n<li>\u041f\u0440\u043e\u0433\u0440\u0430\u043c\u043c\u044b: Android \/ iPhone<\/li>\n<li>\u0421\u043f\u043e\u0441\u043e\u0431\u044b \u043f\u0438\u0442\u0430\u043d\u0438\u044f: \u0430\u043a\u043a\u0443\u043c\u0443\u043b\u044f\u0442\u043e\u0440 \u0438\u043b\u0438 \u043e\u0442 \u0441\u0435\u0442\u0438 (\u043d\u0430\u043f\u0440\u0438\u043c\u0435\u0440, \u0437\u0430\u0440\u044f\u0434\u043d\u043e\u0435 \u0443\u0441\u0442\u0440\u043e\u0439\u0441\u0442\u0432\u043e \u0434\u043b\u044f \u043c\u043e\u0431\u0438\u043b\u044c\u043d\u043e\u0433\u043e \u0442\u0435\u043b\u0435\u0444\u043e\u043d\u0430)<\/li>\n<li>Wi-Fi: IEEE802.11 b\/g\/n<\/li>\n<li>\u0420\u0430\u0437\u043c\u0435\u0440\u044b \u0437\u0430\u0440\u044f\u0434\u043d\u043e\u0433\u043e \u0443\u0441\u0442\u0440\u043e\u0439\u0441\u0442\u0432\u0430: 187\u043c\u043c x 61\u043c\u043c x 91\u043c\u043c<\/li>\n<li>\u0423\u043f\u0440\u0430\u0432\u043b\u0435\u043d\u0438\u0435 \u0437\u0430\u043f\u0438\u0441\u044c\u044e: \u043d\u0430 \u043b\u044e\u0431\u043e\u043c \u0443\u043c\u043d\u043e\u043c \u0443\u0441\u0442\u0440\u043e\u0439\u0441\u0442\u0432\u0435 (\u0442\u0435\u043b\u0435\u0444\u043e\u043d, \u043a\u043e\u043c\u043f\u044c\u044e\u0442\u0435\u0440 \u0438\u043b\u0438 \u043f\u043b\u0430\u043d\u0448\u0435\u0442).<\/li>\n<li><strong>\u0413\u0430\u0440\u0430\u043d\u0442\u0438\u044f 24 \u043c\u0435\u0441\u044f\u0446\u0430.<\/strong><\/li>\n<\/ul>\n<p>\u0418\u0441\u043f\u043e\u043b\u044c\u0437\u043e\u0432\u0430\u043d\u0438\u0435: \u0434\u043b\u044f \u0432\u0430\u0448\u0435\u0439 \u0438 \u0434\u0435\u0442\u0441\u043a\u043e\u0439 \u0431\u0435\u0437\u043e\u043f\u0430\u0441\u043d\u043e\u0441\u0442\u0438.<\/p>\n<p><span style=\"color: #d0121a\"><strong>\u0415\u0441\u043b\u0438 \u0432\u0430\u043c \u043d\u0443\u0436\u043d\u0430 \u0431\u044b\u0441\u0442\u0440\u0430\u044f \u0434\u043e\u0441\u0442\u0430\u0432\u043a\u0430 \u0432 \u0442\u043e\u0442 \u0436\u0435 \u0434\u0435\u043d\u044c (\u0438 \u0432 \u0432\u044b\u0445\u043e\u0434\u043d\u044b\u0435) \u2013 \u0437\u0432\u043e\u043d\u0438\u0442\u0435 +37068411114<\/strong><\/span><\/p>\n<p>\u041e\u0441\u043e\u0431\u0435\u043d\u043d\u043e \u043a\u0430\u0447\u0435\u0441\u0442\u0432\u0435\u043d\u043d\u0430\u044f \u043a\u0430\u043c\u0435\u0440\u0430, \u043a\u043e\u0442\u043e\u0440\u0443\u044e \u043b\u0435\u0433\u043a\u043e \u0438\u0441\u043f\u043e\u043b\u044c\u0437\u043e\u0432\u0430\u0442\u044c. \u041e\u0442\u043b\u0438\u0447\u043d\u043e \u043f\u043e\u0434\u0445\u043e\u0434\u0438\u0442 \u0434\u043b\u044f \u0437\u0430\u0449\u0438\u0442\u044b \u0434\u043e\u043c\u0430 \u0438\u043b\u0438 \u043d\u0430\u0431\u043b\u044e\u0434\u0435\u043d\u0438\u044f \u0437\u0430 \u043d\u0435\u0441\u043e\u0432\u0435\u0440\u0448\u0435\u043d\u043d\u043e\u043b\u0435\u0442\u043d\u0438\u043c\u0438 \u0434\u0435\u0442\u044c\u043c\u0438. \u042d\u0442\u0430 \u0441\u043a\u0440\u044b\u0442\u0430\u044f \u0432\u0438\u0434\u0435\u043e\u043a\u0430\u043c\u0435\u0440\u0430 \u043c\u043e\u0436\u0435\u0442 \u0437\u0430\u043f\u0438\u0441\u044b\u0432\u0430\u0442\u044c \u043f\u0440\u0438 \u0434\u0432\u0438\u0436\u0435\u043d\u0438\u0438, \u0438 \u0438\u0437\u043e\u0431\u0440\u0430\u0436\u0435\u043d\u0438\u0435 \u043c\u043e\u0436\u043d\u043e \u0432\u0438\u0434\u0435\u0442\u044c \u0432 \u0440\u0435\u0430\u043b\u044c\u043d\u043e\u043c \u0432\u0440\u0435\u043c\u0435\u043d\u0438 \u043d\u0430 \u043c\u043e\u0431\u0438\u043b\u044c\u043d\u043e\u043c \u0442\u0435\u043b\u0435\u0444\u043e\u043d\u0435. \u0423\u0441\u0442\u0430\u043d\u043e\u0432\u043a\u0430 \u043d\u0430\u0441\u0442\u043e\u043b\u044c\u043a\u043e \u043f\u0440\u043e\u0441\u0442\u0430, \u0447\u0442\u043e \u0437\u0430\u0439\u043c\u0435\u0442 \u0432\u0441\u0435\u0433\u043e \u043d\u0435\u0441\u043a\u043e\u043b\u044c\u043a\u043e \u043c\u0438\u043d\u0443\u0442.<\/p>\n<p class=\"whitespace-normal break-words\"><strong>\u0424\u0443\u043d\u043a\u0446\u0438\u043e\u043d\u0430\u043b\u044c\u043d\u043e\u0441\u0442\u044c:<\/strong><\/p>\n<ul class=\"[&#038;:not(:last-child)_ul]:pb-1 [&#038;:not(:last-child)_ol]:pb-1 list-disc space-y-1.5 pl-7\">\n<li class=\"whitespace-normal break-words\">\u0414\u0432\u043e\u0439\u043d\u0430\u044f \u0437\u0430\u0440\u044f\u0434\u043a\u0430 (\u0442\u0435\u043b\u0435\u0444\u043e\u043d + \u043d\u0430\u0443\u0448\u043d\u0438\u043a\u0438\/\u0443\u043c\u043d\u044b\u0435 \u0447\u0430\u0441\u044b \u043e\u0434\u043d\u043e\u0432\u0440\u0435\u043c\u0435\u043d\u043d\u043e)<\/li>\n<li>\u041c\u043e\u0449\u043d\u043e\u0441\u0442\u044c \u0437\u0430\u0440\u044f\u0434\u043a\u0438 15W<\/li>\n<li class=\"whitespace-normal break-words\">\u0412\u0441\u0442\u0440\u043e\u0435\u043d\u043d\u044b\u0435 \u0446\u0438\u0444\u0440\u043e\u0432\u044b\u0435 \u0447\u0430\u0441\u044b<\/li>\n<li class=\"whitespace-normal break-words\">\u0421\u043a\u0440\u044b\u0442\u0430\u044f \u043a\u0430\u043c\u0435\u0440\u0430 \u0441 \u043a\u0430\u0447\u0435\u0441\u0442\u0432\u043e\u043c \u0432\u0438\u0434\u0435\u043e 4K Full HD<\/li>\n<li class=\"whitespace-normal break-words\">\u0418\u0437\u043e\u0431\u0440\u0430\u0436\u0435\u043d\u0438\u0435 \u0437\u0430\u043f\u0438\u0441\u044b\u0432\u0430\u0435\u0442\u0441\u044f \u0441\u043e \u0437\u0432\u0443\u043a\u043e\u043c<\/li>\n<li class=\"whitespace-normal break-words\">\u0420\u0430\u0431\u043e\u0442\u0430 24\/7 \u043f\u0440\u0438 \u043f\u043e\u0434\u043a\u043b\u044e\u0447\u0435\u043d\u0438\u0438 \u043a \u044d\u043b\u0435\u043a\u0442\u0440\u0438\u0447\u0435\u0441\u0442\u0432\u0443<\/li>\n<\/ul>\n<p class=\"whitespace-normal break-words\"><strong>\u0422\u0435\u0445\u043d\u0438\u0447\u0435\u0441\u043a\u0438\u0435 \u0445\u0430\u0440\u0430\u043a\u0442\u0435\u0440\u0438\u0441\u0442\u0438\u043a\u0438:<\/strong><\/p>\n<ul class=\"[&#038;:not(:last-child)_ul]:pb-1 [&#038;:not(:last-child)_ol]:pb-1 list-disc space-y-1.5 pl-7\">\n<li class=\"whitespace-normal break-words\">\u0423\u0433\u043e\u043b \u043e\u0431\u0437\u043e\u0440\u0430: 110\u00b0<\/li>\n<li class=\"whitespace-normal break-words\">\u0424\u0443\u043d\u043a\u0446\u0438\u044f \u043e\u0431\u043d\u0430\u0440\u0443\u0436\u0435\u043d\u0438\u044f \u0434\u0432\u0438\u0436\u0435\u043d\u0438\u044f<\/li>\n<li class=\"whitespace-normal break-words\">Wi-Fi \u0441\u043e\u0435\u0434\u0438\u043d\u0435\u043d\u0438\u0435 (IEEE802.11 b\/g\/n)<\/li>\n<li class=\"whitespace-normal break-words\">\u041f\u043e\u0434\u0434\u0435\u0440\u0436\u043a\u0430 \u043a\u0430\u0440\u0442 \u043f\u0430\u043c\u044f\u0442\u0438: 32-128 GB<\/li>\n<li class=\"whitespace-normal break-words\">\u0424\u043e\u0440\u043c\u0430\u0442 \u0444\u0430\u0439\u043b\u0430: AVI H.264<\/li>\n<\/ul>\n<p class=\"whitespace-normal break-words\"><strong>\u0423\u043f\u0440\u0430\u0432\u043b\u0435\u043d\u0438\u0435 \u0438 \u0441\u043e\u0432\u043c\u0435\u0441\u0442\u0438\u043c\u043e\u0441\u0442\u044c:<\/strong><\/p>\n<ul class=\"[&#038;:not(:last-child)_ul]:pb-1 [&#038;:not(:last-child)_ol]:pb-1 list-disc space-y-1.5 pl-7\">\n<li class=\"whitespace-normal break-words\">\u0423\u0434\u0430\u043b\u0435\u043d\u043d\u044b\u0439 \u043f\u0440\u043e\u0441\u043c\u043e\u0442\u0440 \u0447\u0435\u0440\u0435\u0437 \u0443\u043c\u043d\u044b\u0435 \u0443\u0441\u0442\u0440\u043e\u0439\u0441\u0442\u0432\u0430<\/li>\n<li class=\"whitespace-normal break-words\">\u0421\u043e\u0432\u043c\u0435\u0441\u0442\u0438\u043c\u043e \u0441 iOS, Android<\/li>\n<li class=\"whitespace-normal break-words\">\u0421\u043f\u0435\u0446\u0438\u0430\u043b\u044c\u043d\u043e\u0435 \u043f\u0440\u0438\u043b\u043e\u0436\u0435\u043d\u0438\u0435 \u0434\u043b\u044f \u0442\u0435\u043b\u0435\u0444\u043e\u043d\u043e\u0432<\/li>\n<li class=\"whitespace-normal break-words\">\u0423\u043f\u0440\u0430\u0432\u043b\u0435\u043d\u0438\u0435 \u0447\u0435\u0440\u0435\u0437 \u0442\u0435\u043b\u0435\u0444\u043e\u043d \u0438\u043b\u0438 \u043f\u043b\u0430\u043d\u0448\u0435\u0442<\/li>\n<\/ul>\n<p class=\"whitespace-normal break-words\"><strong>\u0424\u0438\u0437\u0438\u0447\u0435\u0441\u043a\u0438\u0435 \u0445\u0430\u0440\u0430\u043a\u0442\u0435\u0440\u0438\u0441\u0442\u0438\u043a\u0438:<\/strong><\/p>\n<ul class=\"[&#038;:not(:last-child)_ul]:pb-1 [&#038;:not(:last-child)_ol]:pb-1 list-disc space-y-1.5 pl-7\">\n<li class=\"whitespace-normal break-words\">\u041a\u043e\u043c\u043f\u0430\u043a\u0442\u043d\u044b\u0439, \u0441\u043e\u0432\u0440\u0435\u043c\u0435\u043d\u043d\u044b\u0439 \u0434\u0438\u0437\u0430\u0439\u043d<\/li>\n<li class=\"whitespace-normal break-words\">\u0420\u0430\u0431\u043e\u0442\u0430\u0435\u0442 \u043e\u0442 \u044d\u043b\u0435\u043a\u0442\u0440\u0438\u0447\u0435\u0441\u043a\u043e\u0439 \u0441\u0435\u0442\u0438<\/li>\n<\/ul>\n<div class=\"iframe-container\"><\/div>","protected":false},"excerpt":{"rendered":"<p>Tehniskie parametri: Att\u0101lin\u0101t\u0101 skat\u012b\u0161an\u0101s: J\u0100 Att\u0113ls tiek ierakst\u012bts ar ska\u0146u L\u0101d\u0113t\u0101ja uzl\u0101des jauda 15W Instal\u0101cija aiz\u0146em da\u017eas min\u016btes Video kvalit\u0101te: 4K FULL HD1080P, 1920*1080 Skat\u012bt att\u0113lus var: telefon\u0101, dator\u0101 un&#8230;<\/p>","protected":false},"featured_media":4910,"template":"","meta":[],"product_brand":[],"product_cat":[330,321,331],"product_tag":[],"class_list":{"0":"post-4909","1":"product","2":"type-product","3":"status-publish","4":"has-post-thumbnail","6":"product_cat-masketas-kameras","7":"product_cat-sleptas-kameras","8":"product_cat-wi-fi-slepenas-kameras","10":"first","11":"instock","12":"purchasable","13":"product-type-simple"},"yoast_head":"<!-- This site is optimized with the Yoast SEO plugin v27.4 - https:\/\/yoast.com\/product\/yoast-seo-wordpress\/ -->\n<title>Bezvadu l\u0101d\u0113t\u0101js telefonam pulkstenim ar slepenu videokameru<\/title>\n<meta name=\"robots\" content=\"index, follow, max-snippet:-1, max-image-preview:large, max-video-preview:-1\" \/>\n<link rel=\"canonical\" href=\"https:\/\/izsekosanasierices.lv\/ru\/produkts\/besprovodnoe-zaryadnoe-ustroystvo-dlya-telefona-s-skrytoy-videokameroy\/\" \/>\n<meta property=\"og:locale\" content=\"ru_RU\" \/>\n<meta property=\"og:type\" content=\"article\" \/>\n<meta property=\"og:title\" content=\"Bezvadu l\u0101d\u0113t\u0101js telefonam pulkstenim ar slepenu videokameru\" \/>\n<meta property=\"og:description\" content=\"Tehniskie parametri: Att\u0101lin\u0101t\u0101 skat\u012b\u0161an\u0101s: J\u0100 Att\u0113ls tiek ierakst\u012bts ar ska\u0146u L\u0101d\u0113t\u0101ja uzl\u0101des jauda 15W Instal\u0101cija aiz\u0146em da\u017eas min\u016btes Video kvalit\u0101te: 4K FULL HD1080P, 1920*1080 Skat\u012bt att\u0113lus var: telefon\u0101, dator\u0101 un...\" \/>\n<meta property=\"og:url\" content=\"https:\/\/izsekosanasierices.lv\/ru\/produkts\/besprovodnoe-zaryadnoe-ustroystvo-dlya-telefona-s-skrytoy-videokameroy\/\" \/>\n<meta property=\"og:site_name\" content=\"Nr1 Izseko\u0161anas ier\u012bces gps izseko\u0161anas iek\u0101rtas, klaus\u012b\u0161an\u0101s iek\u0101rtas\" \/>\n<meta property=\"article:modified_time\" content=\"2026-03-25T21:21:03+00:00\" \/>\n<meta property=\"og:image\" content=\"https:\/\/izsekosanasierices.lv\/wp-content\/uploads\/slapta-vaizdo-kamera-bevielis-pakrovejas.jpg\" \/>\n\t<meta property=\"og:image:width\" content=\"638\" \/>\n\t<meta property=\"og:image:height\" content=\"577\" \/>\n\t<meta property=\"og:image:type\" content=\"image\/jpeg\" \/>\n<meta name=\"twitter:card\" content=\"summary_large_image\" \/>\n<meta name=\"twitter:label1\" content=\"\u041f\u0440\u0438\u043c\u0435\u0440\u043d\u043e\u0435 \u0432\u0440\u0435\u043c\u044f \u0434\u043b\u044f \u0447\u0442\u0435\u043d\u0438\u044f\" \/>\n\t<meta name=\"twitter:data1\" content=\"2 \u043c\u0438\u043d\u0443\u0442\u044b\" \/>\n<script type=\"application\/ld+json\" class=\"yoast-schema-graph\">{\"@context\":\"https:\\\/\\\/schema.org\",\"@graph\":[{\"@type\":\"WebPage\",\"@id\":\"https:\\\/\\\/izsekosanasierices.lv\\\/produkts\\\/bezvadu-ladetajs-telefonam-pulkstenim-ar-slepenu-videokameru\\\/\",\"url\":\"https:\\\/\\\/izsekosanasierices.lv\\\/produkts\\\/bezvadu-ladetajs-telefonam-pulkstenim-ar-slepenu-videokameru\\\/\",\"name\":\"Bezvadu l\u0101d\u0113t\u0101js telefonam pulkstenim ar slepenu videokameru\",\"isPartOf\":{\"@id\":\"https:\\\/\\\/izsekosanasierices.lv\\\/#website\"},\"primaryImageOfPage\":{\"@id\":\"https:\\\/\\\/izsekosanasierices.lv\\\/produkts\\\/bezvadu-ladetajs-telefonam-pulkstenim-ar-slepenu-videokameru\\\/#primaryimage\"},\"image\":{\"@id\":\"https:\\\/\\\/izsekosanasierices.lv\\\/produkts\\\/bezvadu-ladetajs-telefonam-pulkstenim-ar-slepenu-videokameru\\\/#primaryimage\"},\"thumbnailUrl\":\"https:\\\/\\\/izsekosanasierices.lv\\\/wp-content\\\/uploads\\\/slapta-vaizdo-kamera-bevielis-pakrovejas.jpg\",\"datePublished\":\"2025-11-20T11:19:22+00:00\",\"dateModified\":\"2026-03-25T21:21:03+00:00\",\"breadcrumb\":{\"@id\":\"https:\\\/\\\/izsekosanasierices.lv\\\/produkts\\\/bezvadu-ladetajs-telefonam-pulkstenim-ar-slepenu-videokameru\\\/#breadcrumb\"},\"inLanguage\":\"ru-RU\",\"potentialAction\":[{\"@type\":\"ReadAction\",\"target\":[\"https:\\\/\\\/izsekosanasierices.lv\\\/produkts\\\/bezvadu-ladetajs-telefonam-pulkstenim-ar-slepenu-videokameru\\\/\"]}]},{\"@type\":\"ImageObject\",\"inLanguage\":\"ru-RU\",\"@id\":\"https:\\\/\\\/izsekosanasierices.lv\\\/produkts\\\/bezvadu-ladetajs-telefonam-pulkstenim-ar-slepenu-videokameru\\\/#primaryimage\",\"url\":\"https:\\\/\\\/izsekosanasierices.lv\\\/wp-content\\\/uploads\\\/slapta-vaizdo-kamera-bevielis-pakrovejas.jpg\",\"contentUrl\":\"https:\\\/\\\/izsekosanasierices.lv\\\/wp-content\\\/uploads\\\/slapta-vaizdo-kamera-bevielis-pakrovejas.jpg\",\"width\":638,\"height\":577},{\"@type\":\"BreadcrumbList\",\"@id\":\"https:\\\/\\\/izsekosanasierices.lv\\\/produkts\\\/bezvadu-ladetajs-telefonam-pulkstenim-ar-slepenu-videokameru\\\/#breadcrumb\",\"itemListElement\":[{\"@type\":\"ListItem\",\"position\":1,\"name\":\"S\u0101kums\",\"item\":\"https:\\\/\\\/izsekosanasierices.lv\\\/\"},{\"@type\":\"ListItem\",\"position\":2,\"name\":\"Veikals\",\"item\":\"https:\\\/\\\/izsekosanasierices.lv\\\/veikals\\\/\"},{\"@type\":\"ListItem\",\"position\":3,\"name\":\"Bezvadu l\u0101d\u0113t\u0101js telefonam pulkstenim ar slepenu videokameru\"}]},{\"@type\":\"WebSite\",\"@id\":\"https:\\\/\\\/izsekosanasierices.lv\\\/#website\",\"url\":\"https:\\\/\\\/izsekosanasierices.lv\\\/\",\"name\":\"Nr1 Izseko\u0161anas ier\u012bces gps izseko\u0161anas iek\u0101rtas, klaus\u012b\u0161an\u0101s iek\u0101rtas\",\"description\":\"\",\"potentialAction\":[{\"@type\":\"SearchAction\",\"target\":{\"@type\":\"EntryPoint\",\"urlTemplate\":\"https:\\\/\\\/izsekosanasierices.lv\\\/?s={search_term_string}\"},\"query-input\":{\"@type\":\"PropertyValueSpecification\",\"valueRequired\":true,\"valueName\":\"search_term_string\"}}],\"inLanguage\":\"ru-RU\"}]}<\/script>\n<!-- \/ Yoast SEO plugin. -->","yoast_head_json":{"title":"Bezvadu l\u0101d\u0113t\u0101js telefonam pulkstenim ar slepenu videokameru","robots":{"index":"index","follow":"follow","max-snippet":"max-snippet:-1","max-image-preview":"max-image-preview:large","max-video-preview":"max-video-preview:-1"},"canonical":"https:\/\/izsekosanasierices.lv\/ru\/produkts\/besprovodnoe-zaryadnoe-ustroystvo-dlya-telefona-s-skrytoy-videokameroy\/","og_locale":"ru_RU","og_type":"article","og_title":"Bezvadu l\u0101d\u0113t\u0101js telefonam pulkstenim ar slepenu videokameru","og_description":"Tehniskie parametri: Att\u0101lin\u0101t\u0101 skat\u012b\u0161an\u0101s: J\u0100 Att\u0113ls tiek ierakst\u012bts ar ska\u0146u L\u0101d\u0113t\u0101ja uzl\u0101des jauda 15W Instal\u0101cija aiz\u0146em da\u017eas min\u016btes Video kvalit\u0101te: 4K FULL HD1080P, 1920*1080 Skat\u012bt att\u0113lus var: telefon\u0101, dator\u0101 un...","og_url":"https:\/\/izsekosanasierices.lv\/ru\/produkts\/besprovodnoe-zaryadnoe-ustroystvo-dlya-telefona-s-skrytoy-videokameroy\/","og_site_name":"Nr1 Izseko\u0161anas ier\u012bces gps izseko\u0161anas iek\u0101rtas, klaus\u012b\u0161an\u0101s iek\u0101rtas","article_modified_time":"2026-03-25T21:21:03+00:00","og_image":[{"width":638,"height":577,"url":"https:\/\/izsekosanasierices.lv\/wp-content\/uploads\/slapta-vaizdo-kamera-bevielis-pakrovejas.jpg","type":"image\/jpeg"}],"twitter_card":"summary_large_image","twitter_misc":{"\u041f\u0440\u0438\u043c\u0435\u0440\u043d\u043e\u0435 \u0432\u0440\u0435\u043c\u044f \u0434\u043b\u044f \u0447\u0442\u0435\u043d\u0438\u044f":"2 \u043c\u0438\u043d\u0443\u0442\u044b"},"schema":{"@context":"https:\/\/schema.org","@graph":[{"@type":"WebPage","@id":"https:\/\/izsekosanasierices.lv\/produkts\/bezvadu-ladetajs-telefonam-pulkstenim-ar-slepenu-videokameru\/","url":"https:\/\/izsekosanasierices.lv\/produkts\/bezvadu-ladetajs-telefonam-pulkstenim-ar-slepenu-videokameru\/","name":"Bezvadu l\u0101d\u0113t\u0101js telefonam pulkstenim ar slepenu videokameru","isPartOf":{"@id":"https:\/\/izsekosanasierices.lv\/#website"},"primaryImageOfPage":{"@id":"https:\/\/izsekosanasierices.lv\/produkts\/bezvadu-ladetajs-telefonam-pulkstenim-ar-slepenu-videokameru\/#primaryimage"},"image":{"@id":"https:\/\/izsekosanasierices.lv\/produkts\/bezvadu-ladetajs-telefonam-pulkstenim-ar-slepenu-videokameru\/#primaryimage"},"thumbnailUrl":"https:\/\/izsekosanasierices.lv\/wp-content\/uploads\/slapta-vaizdo-kamera-bevielis-pakrovejas.jpg","datePublished":"2025-11-20T11:19:22+00:00","dateModified":"2026-03-25T21:21:03+00:00","breadcrumb":{"@id":"https:\/\/izsekosanasierices.lv\/produkts\/bezvadu-ladetajs-telefonam-pulkstenim-ar-slepenu-videokameru\/#breadcrumb"},"inLanguage":"ru-RU","potentialAction":[{"@type":"ReadAction","target":["https:\/\/izsekosanasierices.lv\/produkts\/bezvadu-ladetajs-telefonam-pulkstenim-ar-slepenu-videokameru\/"]}]},{"@type":"ImageObject","inLanguage":"ru-RU","@id":"https:\/\/izsekosanasierices.lv\/produkts\/bezvadu-ladetajs-telefonam-pulkstenim-ar-slepenu-videokameru\/#primaryimage","url":"https:\/\/izsekosanasierices.lv\/wp-content\/uploads\/slapta-vaizdo-kamera-bevielis-pakrovejas.jpg","contentUrl":"https:\/\/izsekosanasierices.lv\/wp-content\/uploads\/slapta-vaizdo-kamera-bevielis-pakrovejas.jpg","width":638,"height":577},{"@type":"BreadcrumbList","@id":"https:\/\/izsekosanasierices.lv\/produkts\/bezvadu-ladetajs-telefonam-pulkstenim-ar-slepenu-videokameru\/#breadcrumb","itemListElement":[{"@type":"ListItem","position":1,"name":"S\u0101kums","item":"https:\/\/izsekosanasierices.lv\/"},{"@type":"ListItem","position":2,"name":"Veikals","item":"https:\/\/izsekosanasierices.lv\/veikals\/"},{"@type":"ListItem","position":3,"name":"Bezvadu l\u0101d\u0113t\u0101js telefonam pulkstenim ar slepenu videokameru"}]},{"@type":"WebSite","@id":"https:\/\/izsekosanasierices.lv\/#website","url":"https:\/\/izsekosanasierices.lv\/","name":"Nr1 Izseko\u0161anas ier\u012bces gps izseko\u0161anas iek\u0101rtas, klaus\u012b\u0161an\u0101s iek\u0101rtas","description":"","potentialAction":[{"@type":"SearchAction","target":{"@type":"EntryPoint","urlTemplate":"https:\/\/izsekosanasierices.lv\/?s={search_term_string}"},"query-input":{"@type":"PropertyValueSpecification","valueRequired":true,"valueName":"search_term_string"}}],"inLanguage":"ru-RU"}]}},"_links":{"self":[{"href":"https:\/\/izsekosanasierices.lv\/ru\/wp-json\/wp\/v2\/product\/4909","targetHints":{"allow":["GET"]}}],"collection":[{"href":"https:\/\/izsekosanasierices.lv\/ru\/wp-json\/wp\/v2\/product"}],"about":[{"href":"https:\/\/izsekosanasierices.lv\/ru\/wp-json\/wp\/v2\/types\/product"}],"wp:featuredmedia":[{"embeddable":true,"href":"https:\/\/izsekosanasierices.lv\/ru\/wp-json\/wp\/v2\/media\/4910"}],"wp:attachment":[{"href":"https:\/\/izsekosanasierices.lv\/ru\/wp-json\/wp\/v2\/media?parent=4909"}],"wp:term":[{"taxonomy":"product_brand","embeddable":true,"href":"https:\/\/izsekosanasierices.lv\/ru\/wp-json\/wp\/v2\/product_brand?post=4909"},{"taxonomy":"product_cat","embeddable":true,"href":"https:\/\/izsekosanasierices.lv\/ru\/wp-json\/wp\/v2\/product_cat?post=4909"},{"taxonomy":"product_tag","embeddable":true,"href":"https:\/\/izsekosanasierices.lv\/ru\/wp-json\/wp\/v2\/product_tag?post=4909"}],"curies":[{"name":"wp","href":"https:\/\/api.w.org\/{rel}","templated":true}]}}