{"id":4956,"date":"2025-11-20T13:20:07","date_gmt":"2025-11-20T11:20:07","guid":{"rendered":"https:\/\/izsekosanasierices.lv\/?post_type=product&#038;p=4956"},"modified":"2025-11-20T14:51:56","modified_gmt":"2025-11-20T12:51:56","slug":"datorpele-ar-slepenu-kameru-un-noklausisanos","status":"publish","type":"product","link":"https:\/\/izsekosanasierices.lv\/ru\/produkts\/mysh-s-skrytoy-kameroy-i-proslushivaniem\/","title":{"rendered":"\u041a\u043e\u043c\u043f\u044c\u044e\u0442\u0435\u0440\u043d\u0430\u044f \u043c\u044b\u0448\u044c \u0441\u043e \u0441\u043a\u0440\u044b\u0442\u043e\u0439 \u043a\u0430\u043c\u0435\u0440\u043e\u0439 \u0438 \u043f\u0440\u043e\u0441\u043b\u0443\u0448\u0438\u0432\u0430\u043d\u0438\u0435\u043c"},"content":{"rendered":"<h3><strong>\u0422\u0435\u0445\u043d\u0438\u0447\u0435\u0441\u043a\u0438\u0435 \u043f\u0430\u0440\u0430\u043c\u0435\u0442\u0440\u044b:<\/strong><\/h3>\n<ul>\n<li>\u041b\u0435\u0433\u043a\u0430\u044f \u043a\u043e\u043d\u0444\u0438\u0433\u0443\u0440\u0430\u0446\u0438\u044f<\/li>\n<li>\u041a\u0430\u0447\u0435\u0441\u0442\u0432\u043e \u0438\u0437\u043e\u0431\u0440\u0430\u0436\u0435\u043d\u0438\u044f Full HD<\/li>\n<li>\u0418\u0437\u043e\u0431\u0440\u0430\u0436\u0435\u043d\u0438\u0435 \u0437\u0430\u043f\u0438\u0441\u044b\u0432\u0430\u0435\u0442\u0441\u044f \u0441\u043e \u0437\u0432\u0443\u043a\u043e\u043c<\/li>\n<li>\u041f\u043e\u0434\u043a\u043b\u044e\u0447\u0435\u043d\u0438\u0435 \u0437\u0430\u043d\u0438\u043c\u0430\u0435\u0442 \u043d\u0435\u0441\u043a\u043e\u043b\u044c\u043a\u043e \u043c\u0438\u043d\u0443\u0442<\/li>\n<li>\u0418\u0437\u043e\u0431\u0440\u0430\u0436\u0435\u043d\u0438\u0435 \u0438 \u0437\u0432\u0443\u043a \u043c\u043e\u0436\u043d\u043e \u0432\u0438\u0434\u0435\u0442\u044c \u0438 \u0441\u043b\u044b\u0448\u0430\u0442\u044c \u043d\u0430 \u043d\u0435\u043e\u0433\u0440\u0430\u043d\u0438\u0447\u0435\u043d\u043d\u043e\u043c \u0440\u0430\u0441\u0441\u0442\u043e\u044f\u043d\u0438\u0438<\/li>\n<li>\u041f\u043e\u0434\u0434\u0435\u0440\u0436\u0438\u0432\u0430\u0435\u043c\u0430\u044f \u043a\u0430\u0440\u0442\u0430 \u043f\u0430\u043c\u044f\u0442\u0438 \u0434\u043e 128GB<\/li>\n<li>1 \u0447\u0430\u0441 \u0437\u0430\u043f\u0438\u0441\u0438 \u0437\u0430\u043d\u0438\u043c\u0430\u0435\u0442 \u0432\u0441\u0435\u0433\u043e 350MB \u043f\u0430\u043c\u044f\u0442\u0438<\/li>\n<li>\u041c\u0438\u043a\u0440\u043e\u0444\u043e\u043d: \u0432\u044b\u0441\u043e\u043a\u043e\u0435 \u043a\u0430\u0447\u0435\u0441\u0442\u0432\u043e<\/li>\n<li><strong>\u0413\u0410\u0420\u0410\u041d\u0422\u0418\u042f 12\u043c\u0435\u0441<\/strong><\/li>\n<\/ul>\n<p>\u0418\u0441\u043f\u043e\u043b\u044c\u0437\u043e\u0432\u0430\u043d\u0438\u0435: \u0434\u043b\u044f \u0432\u0430\u0448\u0435\u0439 \u0438 \u0434\u0435\u0442\u0441\u043a\u043e\u0439 \u0431\u0435\u0437\u043e\u043f\u0430\u0441\u043d\u043e\u0441\u0442\u0438.<\/p>\n<p><span style=\"color: #d0121a\"><strong>\u041d\u0443\u0436\u043d\u0430 \u0431\u044b\u0441\u0442\u0440\u0430\u044f \u0434\u043e\u0441\u0442\u0430\u0432\u043a\u0430, \u0432 \u0442\u043e\u0442 \u0436\u0435 \u0434\u0435\u043d\u044c? (\u0442\u0430\u043a\u0436\u0435 \u0432 \u0432\u044b\u0445\u043e\u0434\u043d\u044b\u0435) \u2013 \u0437\u0432\u043e\u043d\u0438\u0442\u0435 +37068411114<\/strong><\/span><\/p>","protected":false},"excerpt":{"rendered":"<p>Tehniskie parametri: Viegla konfigur\u0101cija Full HD att\u0113la kvalit\u0101te Att\u0113ls tiek ierakst\u012bts ar ska\u0146u Piesl\u0113g\u0161ana aiz\u0146em da\u017eas min\u016btes Att\u0113lu un ska\u0146u var redz\u0113t un dzird\u0113t neierobe\u017eot\u0101 att\u0101lum\u0101 Atbalst\u012bta atmi\u0146as karte l\u012bdz&#8230;<\/p>","protected":false},"featured_media":4957,"template":"","meta":[],"product_brand":[],"product_cat":[330,321,331],"product_tag":[],"class_list":{"0":"post-4956","1":"product","2":"type-product","3":"status-publish","4":"has-post-thumbnail","6":"product_cat-masketas-kameras","7":"product_cat-sleptas-kameras","8":"product_cat-wi-fi-slepenas-kameras","10":"first","11":"instock","12":"purchasable","13":"product-type-simple"},"yoast_head":"<!-- This site is optimized with the Yoast SEO plugin v27.4 - https:\/\/yoast.com\/product\/yoast-seo-wordpress\/ -->\n<title>Datorpele ar slepenu kameru un noklaus\u012b\u0161anos<\/title>\n<meta name=\"robots\" content=\"index, follow, max-snippet:-1, max-image-preview:large, max-video-preview:-1\" \/>\n<link rel=\"canonical\" href=\"https:\/\/izsekosanasierices.lv\/ru\/produkts\/mysh-s-skrytoy-kameroy-i-proslushivaniem\/\" \/>\n<meta property=\"og:locale\" content=\"ru_RU\" \/>\n<meta property=\"og:type\" content=\"article\" \/>\n<meta property=\"og:title\" content=\"Datorpele ar slepenu kameru un noklaus\u012b\u0161anos\" \/>\n<meta property=\"og:description\" content=\"Tehniskie parametri: Viegla konfigur\u0101cija Full HD att\u0113la kvalit\u0101te Att\u0113ls tiek ierakst\u012bts ar ska\u0146u Piesl\u0113g\u0161ana aiz\u0146em da\u017eas min\u016btes Att\u0113lu un ska\u0146u var redz\u0113t un dzird\u0113t neierobe\u017eot\u0101 att\u0101lum\u0101 Atbalst\u012bta atmi\u0146as karte l\u012bdz...\" \/>\n<meta property=\"og:url\" content=\"https:\/\/izsekosanasierices.lv\/ru\/produkts\/mysh-s-skrytoy-kameroy-i-proslushivaniem\/\" \/>\n<meta property=\"og:site_name\" content=\"Nr1 Izseko\u0161anas ier\u012bces gps izseko\u0161anas iek\u0101rtas, klaus\u012b\u0161an\u0101s iek\u0101rtas\" \/>\n<meta property=\"article:modified_time\" content=\"2025-11-20T12:51:56+00:00\" \/>\n<meta property=\"og:image\" content=\"https:\/\/izsekosanasierices.lv\/wp-content\/uploads\/kompiuterine-pele-slapta-kamera-pasiklausymo-iranga-1.jpg\" \/>\n\t<meta property=\"og:image:width\" content=\"937\" \/>\n\t<meta property=\"og:image:height\" content=\"943\" \/>\n\t<meta property=\"og:image:type\" content=\"image\/jpeg\" \/>\n<meta name=\"twitter:card\" content=\"summary_large_image\" \/>\n<meta name=\"twitter:label1\" content=\"\u041f\u0440\u0438\u043c\u0435\u0440\u043d\u043e\u0435 \u0432\u0440\u0435\u043c\u044f \u0434\u043b\u044f \u0447\u0442\u0435\u043d\u0438\u044f\" \/>\n\t<meta name=\"twitter:data1\" content=\"1 \u043c\u0438\u043d\u0443\u0442\u0430\" \/>\n<script type=\"application\/ld+json\" class=\"yoast-schema-graph\">{\"@context\":\"https:\\\/\\\/schema.org\",\"@graph\":[{\"@type\":\"WebPage\",\"@id\":\"https:\\\/\\\/izsekosanasierices.lv\\\/produkts\\\/datorpele-ar-slepenu-kameru-un-noklausisanos\\\/\",\"url\":\"https:\\\/\\\/izsekosanasierices.lv\\\/produkts\\\/datorpele-ar-slepenu-kameru-un-noklausisanos\\\/\",\"name\":\"Datorpele ar slepenu kameru un noklaus\u012b\u0161anos\",\"isPartOf\":{\"@id\":\"https:\\\/\\\/izsekosanasierices.lv\\\/#website\"},\"primaryImageOfPage\":{\"@id\":\"https:\\\/\\\/izsekosanasierices.lv\\\/produkts\\\/datorpele-ar-slepenu-kameru-un-noklausisanos\\\/#primaryimage\"},\"image\":{\"@id\":\"https:\\\/\\\/izsekosanasierices.lv\\\/produkts\\\/datorpele-ar-slepenu-kameru-un-noklausisanos\\\/#primaryimage\"},\"thumbnailUrl\":\"https:\\\/\\\/izsekosanasierices.lv\\\/wp-content\\\/uploads\\\/kompiuterine-pele-slapta-kamera-pasiklausymo-iranga-1.jpg\",\"datePublished\":\"2025-11-20T11:20:07+00:00\",\"dateModified\":\"2025-11-20T12:51:56+00:00\",\"breadcrumb\":{\"@id\":\"https:\\\/\\\/izsekosanasierices.lv\\\/produkts\\\/datorpele-ar-slepenu-kameru-un-noklausisanos\\\/#breadcrumb\"},\"inLanguage\":\"ru-RU\",\"potentialAction\":[{\"@type\":\"ReadAction\",\"target\":[\"https:\\\/\\\/izsekosanasierices.lv\\\/produkts\\\/datorpele-ar-slepenu-kameru-un-noklausisanos\\\/\"]}]},{\"@type\":\"ImageObject\",\"inLanguage\":\"ru-RU\",\"@id\":\"https:\\\/\\\/izsekosanasierices.lv\\\/produkts\\\/datorpele-ar-slepenu-kameru-un-noklausisanos\\\/#primaryimage\",\"url\":\"https:\\\/\\\/izsekosanasierices.lv\\\/wp-content\\\/uploads\\\/kompiuterine-pele-slapta-kamera-pasiklausymo-iranga-1.jpg\",\"contentUrl\":\"https:\\\/\\\/izsekosanasierices.lv\\\/wp-content\\\/uploads\\\/kompiuterine-pele-slapta-kamera-pasiklausymo-iranga-1.jpg\",\"width\":937,\"height\":943},{\"@type\":\"BreadcrumbList\",\"@id\":\"https:\\\/\\\/izsekosanasierices.lv\\\/produkts\\\/datorpele-ar-slepenu-kameru-un-noklausisanos\\\/#breadcrumb\",\"itemListElement\":[{\"@type\":\"ListItem\",\"position\":1,\"name\":\"S\u0101kums\",\"item\":\"https:\\\/\\\/izsekosanasierices.lv\\\/\"},{\"@type\":\"ListItem\",\"position\":2,\"name\":\"Veikals\",\"item\":\"https:\\\/\\\/izsekosanasierices.lv\\\/veikals\\\/\"},{\"@type\":\"ListItem\",\"position\":3,\"name\":\"Datorpele ar slepenu kameru un noklaus\u012b\u0161anos\"}]},{\"@type\":\"WebSite\",\"@id\":\"https:\\\/\\\/izsekosanasierices.lv\\\/#website\",\"url\":\"https:\\\/\\\/izsekosanasierices.lv\\\/\",\"name\":\"Nr1 Izseko\u0161anas ier\u012bces gps izseko\u0161anas iek\u0101rtas, klaus\u012b\u0161an\u0101s iek\u0101rtas\",\"description\":\"\",\"potentialAction\":[{\"@type\":\"SearchAction\",\"target\":{\"@type\":\"EntryPoint\",\"urlTemplate\":\"https:\\\/\\\/izsekosanasierices.lv\\\/?s={search_term_string}\"},\"query-input\":{\"@type\":\"PropertyValueSpecification\",\"valueRequired\":true,\"valueName\":\"search_term_string\"}}],\"inLanguage\":\"ru-RU\"}]}<\/script>\n<!-- \/ Yoast SEO plugin. -->","yoast_head_json":{"title":"Datorpele ar slepenu kameru un noklaus\u012b\u0161anos","robots":{"index":"index","follow":"follow","max-snippet":"max-snippet:-1","max-image-preview":"max-image-preview:large","max-video-preview":"max-video-preview:-1"},"canonical":"https:\/\/izsekosanasierices.lv\/ru\/produkts\/mysh-s-skrytoy-kameroy-i-proslushivaniem\/","og_locale":"ru_RU","og_type":"article","og_title":"Datorpele ar slepenu kameru un noklaus\u012b\u0161anos","og_description":"Tehniskie parametri: Viegla konfigur\u0101cija Full HD att\u0113la kvalit\u0101te Att\u0113ls tiek ierakst\u012bts ar ska\u0146u Piesl\u0113g\u0161ana aiz\u0146em da\u017eas min\u016btes Att\u0113lu un ska\u0146u var redz\u0113t un dzird\u0113t neierobe\u017eot\u0101 att\u0101lum\u0101 Atbalst\u012bta atmi\u0146as karte l\u012bdz...","og_url":"https:\/\/izsekosanasierices.lv\/ru\/produkts\/mysh-s-skrytoy-kameroy-i-proslushivaniem\/","og_site_name":"Nr1 Izseko\u0161anas ier\u012bces gps izseko\u0161anas iek\u0101rtas, klaus\u012b\u0161an\u0101s iek\u0101rtas","article_modified_time":"2025-11-20T12:51:56+00:00","og_image":[{"width":937,"height":943,"url":"https:\/\/izsekosanasierices.lv\/wp-content\/uploads\/kompiuterine-pele-slapta-kamera-pasiklausymo-iranga-1.jpg","type":"image\/jpeg"}],"twitter_card":"summary_large_image","twitter_misc":{"\u041f\u0440\u0438\u043c\u0435\u0440\u043d\u043e\u0435 \u0432\u0440\u0435\u043c\u044f \u0434\u043b\u044f \u0447\u0442\u0435\u043d\u0438\u044f":"1 \u043c\u0438\u043d\u0443\u0442\u0430"},"schema":{"@context":"https:\/\/schema.org","@graph":[{"@type":"WebPage","@id":"https:\/\/izsekosanasierices.lv\/produkts\/datorpele-ar-slepenu-kameru-un-noklausisanos\/","url":"https:\/\/izsekosanasierices.lv\/produkts\/datorpele-ar-slepenu-kameru-un-noklausisanos\/","name":"Datorpele ar slepenu kameru un noklaus\u012b\u0161anos","isPartOf":{"@id":"https:\/\/izsekosanasierices.lv\/#website"},"primaryImageOfPage":{"@id":"https:\/\/izsekosanasierices.lv\/produkts\/datorpele-ar-slepenu-kameru-un-noklausisanos\/#primaryimage"},"image":{"@id":"https:\/\/izsekosanasierices.lv\/produkts\/datorpele-ar-slepenu-kameru-un-noklausisanos\/#primaryimage"},"thumbnailUrl":"https:\/\/izsekosanasierices.lv\/wp-content\/uploads\/kompiuterine-pele-slapta-kamera-pasiklausymo-iranga-1.jpg","datePublished":"2025-11-20T11:20:07+00:00","dateModified":"2025-11-20T12:51:56+00:00","breadcrumb":{"@id":"https:\/\/izsekosanasierices.lv\/produkts\/datorpele-ar-slepenu-kameru-un-noklausisanos\/#breadcrumb"},"inLanguage":"ru-RU","potentialAction":[{"@type":"ReadAction","target":["https:\/\/izsekosanasierices.lv\/produkts\/datorpele-ar-slepenu-kameru-un-noklausisanos\/"]}]},{"@type":"ImageObject","inLanguage":"ru-RU","@id":"https:\/\/izsekosanasierices.lv\/produkts\/datorpele-ar-slepenu-kameru-un-noklausisanos\/#primaryimage","url":"https:\/\/izsekosanasierices.lv\/wp-content\/uploads\/kompiuterine-pele-slapta-kamera-pasiklausymo-iranga-1.jpg","contentUrl":"https:\/\/izsekosanasierices.lv\/wp-content\/uploads\/kompiuterine-pele-slapta-kamera-pasiklausymo-iranga-1.jpg","width":937,"height":943},{"@type":"BreadcrumbList","@id":"https:\/\/izsekosanasierices.lv\/produkts\/datorpele-ar-slepenu-kameru-un-noklausisanos\/#breadcrumb","itemListElement":[{"@type":"ListItem","position":1,"name":"S\u0101kums","item":"https:\/\/izsekosanasierices.lv\/"},{"@type":"ListItem","position":2,"name":"Veikals","item":"https:\/\/izsekosanasierices.lv\/veikals\/"},{"@type":"ListItem","position":3,"name":"Datorpele ar slepenu kameru un noklaus\u012b\u0161anos"}]},{"@type":"WebSite","@id":"https:\/\/izsekosanasierices.lv\/#website","url":"https:\/\/izsekosanasierices.lv\/","name":"Nr1 Izseko\u0161anas ier\u012bces gps izseko\u0161anas iek\u0101rtas, klaus\u012b\u0161an\u0101s iek\u0101rtas","description":"","potentialAction":[{"@type":"SearchAction","target":{"@type":"EntryPoint","urlTemplate":"https:\/\/izsekosanasierices.lv\/?s={search_term_string}"},"query-input":{"@type":"PropertyValueSpecification","valueRequired":true,"valueName":"search_term_string"}}],"inLanguage":"ru-RU"}]}},"_links":{"self":[{"href":"https:\/\/izsekosanasierices.lv\/ru\/wp-json\/wp\/v2\/product\/4956","targetHints":{"allow":["GET"]}}],"collection":[{"href":"https:\/\/izsekosanasierices.lv\/ru\/wp-json\/wp\/v2\/product"}],"about":[{"href":"https:\/\/izsekosanasierices.lv\/ru\/wp-json\/wp\/v2\/types\/product"}],"wp:featuredmedia":[{"embeddable":true,"href":"https:\/\/izsekosanasierices.lv\/ru\/wp-json\/wp\/v2\/media\/4957"}],"wp:attachment":[{"href":"https:\/\/izsekosanasierices.lv\/ru\/wp-json\/wp\/v2\/media?parent=4956"}],"wp:term":[{"taxonomy":"product_brand","embeddable":true,"href":"https:\/\/izsekosanasierices.lv\/ru\/wp-json\/wp\/v2\/product_brand?post=4956"},{"taxonomy":"product_cat","embeddable":true,"href":"https:\/\/izsekosanasierices.lv\/ru\/wp-json\/wp\/v2\/product_cat?post=4956"},{"taxonomy":"product_tag","embeddable":true,"href":"https:\/\/izsekosanasierices.lv\/ru\/wp-json\/wp\/v2\/product_tag?post=4956"}],"curies":[{"name":"wp","href":"https:\/\/api.w.org\/{rel}","templated":true}]}}