{"id":4993,"date":"2025-11-20T13:23:51","date_gmt":"2025-11-20T11:23:51","guid":{"rendered":"https:\/\/izsekosanasierices.lv\/?post_type=product&#038;p=4993"},"modified":"2026-01-09T09:30:59","modified_gmt":"2026-01-09T07:30:59","slug":"usb-atslega-ar-slepenu-video-kameru","status":"publish","type":"product","link":"https:\/\/izsekosanasierices.lv\/ru\/produkts\/usb-klyuch-s-skrytoy-videokameroy\/","title":{"rendered":"USB-\u043a\u043b\u044e\u0447 \u0441 \u0441\u043a\u0440\u044b\u0442\u043e\u0439 \u0432\u0438\u0434\u0435\u043e\u043a\u0430\u043c\u0435\u0440\u043e\u0439"},"content":{"rendered":"<h3><strong>\u0422\u0415\u0425\u041d\u0418\u0427\u0415\u0421\u041a\u0418\u0415 \u0425\u0410\u0420\u0410\u041a\u0422\u0415\u0420\u0418\u0421\u0422\u0418\u041a\u0418<\/strong><\/h3>\n<ul>\n<li>\u0412 \u043a\u043e\u043c\u043f\u043b\u0435\u043a\u0442\u0435 32gb \u043a\u0430\u0440\u0442\u0430 \u043f\u0430\u043c\u044f\u0442\u0438<\/li>\n<li>\u0412\u0440\u0435\u043c\u044f \u0440\u0430\u0431\u043e\u0442\u044b +- 4 \u0447\u0430\u0441\u0430<\/li>\n<li>\u041e\u0441\u043e\u0431\u0435\u043d\u043d\u043e \u043f\u0440\u043e\u0441\u0442\u0430\u044f \u0432 \u0438\u0441\u043f\u043e\u043b\u044c\u0437\u043e\u0432\u0430\u043d\u0438\u0438 \u043a\u0430\u043c\u0435\u0440\u0430<\/li>\n<li>\u041d\u0435 \u0438\u0437\u0434\u0430\u0435\u0442 \u043d\u0438\u043a\u0430\u043a\u0438\u0445 \u0441\u0432\u0435\u0442\u043e\u0432\u044b\u0445 \u0438 \u0437\u0432\u0443\u043a\u043e\u0432\u044b\u0445 \u0441\u0438\u0433\u043d\u0430\u043b\u043e\u0432<\/li>\n<li>\u0418\u0437\u043e\u0431\u0440\u0430\u0436\u0435\u043d\u0438\u0435 \u0437\u0430\u043f\u0438\u0441\u044b\u0432\u0430\u0435\u0442\u0441\u044f \u0441\u043e \u0437\u0432\u0443\u043a\u043e\u043c<\/li>\n<li>\u0412\u0438\u0434\u0435\u043e \u0440\u0430\u0437\u0440\u0435\u0448\u0435\u043d\u0438\u0435: FULL HD<\/li>\n<li>\u0412\u0438\u0434\u0435\u043e \u0444\u043e\u0440\u043c\u0430\u0442: AVI | 30fps<\/li>\n<li>\u0423\u0433\u043e\u043b \u0441\u044a\u0435\u043c\u043a\u0438: 70 \u00b0<\/li>\n<li>\u0421\u0442\u0430\u043d\u0434\u0430\u0440\u0442 \u043f\u043e\u0434\u043a\u043b\u044e\u0447\u0435\u043d\u0438\u044f: USB<\/li>\n<li>\u041f\u0435\u0440\u0435\u0437\u0430\u0440\u044f\u0436\u0430\u0435\u043c\u044b\u0439 \u0430\u043a\u043a\u0443\u043c\u0443\u043b\u044f\u0442\u043e\u0440: 3.7V 200mAh<\/li>\n<li>\u0421\u043e\u0432\u043c\u0435\u0441\u0442\u0438\u043c\u043e\u0441\u0442\u044c: Windows, Mac OS<\/li>\n<li>\u0426\u0432\u0435\u0442: \u0427\u0435\u0440\u043d\u044b\u0439<\/li>\n<li>\u041a\u043e\u043c\u043f\u043b\u0435\u043a\u0442\u0430\u0446\u0438\u044f: USB \u043a\u043b\u044e\u0447<\/li>\n<li><strong>\u0413\u0410\u0420\u0410\u041d\u0422\u0418\u042f 12\u043c\u0435\u0441<\/strong><\/li>\n<\/ul>\n<p><span style=\"color: #d0121a;\"><strong>\u041d\u0443\u0436\u043d\u0430 \u0431\u044b\u0441\u0442\u0440\u0430\u044f \u0434\u043e\u0441\u0442\u0430\u0432\u043a\u0430, \u0432 \u0442\u043e\u0442 \u0436\u0435 \u0434\u0435\u043d\u044c? (\u0442\u0430\u043a\u0436\u0435 \u0432 \u0432\u044b\u0445\u043e\u0434\u043d\u044b\u0435) \u2013 \u0437\u0432\u043e\u043d\u0438\u0442\u0435 +37120484176<\/strong><\/span><\/p>\n<p><b>\u0421\u043a\u0440\u044b\u0442\u0430\u044f \u0412\u0438\u0434\u0435\u043e\u043a\u0430\u043c\u0435\u0440\u0430 \u0432 \u0412\u0430\u0448\u0435\u043c \u041a\u0430\u0440\u043c\u0430\u043d\u0435: USB \u041a\u043b\u044e\u0447 \u0441 \u0421\u043a\u0440\u044b\u0442\u043e\u0439 \u0412\u0438\u0434\u0435\u043e\u043a\u0430\u043c\u0435\u0440\u043e\u0439<\/b><\/p>\n<p>\u041d\u0435 \u043f\u0443\u0442\u0430\u0439\u0442\u0435, \u044d\u0442\u043e \u043d\u0435 \u043f\u0440\u043e\u0441\u0442\u043e \u043e\u0431\u044b\u0447\u043d\u044b\u0439 <b>USB \u043a\u043b\u044e\u0447<\/b> \u2013 \u044d\u0442\u043e \u0432\u0430\u0448\u0430 \u043b\u0438\u0447\u043d\u0430\u044f, \u0441\u0443\u043f\u0435\u0440 \u043c\u043e\u0449\u043d\u0430\u044f <b>FULL HD \u0441\u043a\u0440\u044b\u0442\u0430\u044f \u0432\u0438\u0434\u0435\u043e\u043a\u0430\u043c\u0435\u0440\u0430<\/b>, \u043a\u043e\u0442\u043e\u0440\u0430\u044f \u0437\u0430\u043f\u0438\u0441\u044b\u0432\u0430\u0435\u0442 <b>\u0438\u0437\u043e\u0431\u0440\u0430\u0436\u0435\u043d\u0438\u0435 \u0441\u043e \u0437\u0432\u0443\u043a\u043e\u043c<\/b>. \u0418\u0449\u0435\u0442\u0435 \u043d\u0430\u0434\u0435\u0436\u043d\u044b\u0439 \u0441\u043f\u043e\u0441\u043e\u0431 \u0437\u0430\u0444\u0438\u043a\u0441\u0438\u0440\u043e\u0432\u0430\u0442\u044c \u0441\u043e\u0431\u044b\u0442\u0438\u044f, \u043d\u043e \u043d\u0435 \u0445\u043e\u0442\u0438\u0442\u0435, \u0447\u0442\u043e\u0431\u044b \u043a\u0442\u043e-\u0442\u043e \u043e\u0431 \u044d\u0442\u043e\u043c \u0437\u043d\u0430\u043b? \u042d\u0442\u043e \u0443\u0441\u0442\u0440\u043e\u0439\u0441\u0442\u0432\u043e \u2013 \u0432\u0430\u0448\u0435 \u0440\u0435\u0448\u0435\u043d\u0438\u0435.<\/p>\n<p><b>\u0418\u0434\u0435\u0430\u043b\u044c\u043d\u0430\u044f \u0421\u0435\u043a\u0440\u0435\u0442\u043d\u043e\u0441\u0442\u044c \u0438 \u041f\u0440\u043e\u0441\u0442\u043e\u0442\u0430<\/b><\/p>\n<p>\u042d\u0442\u043e\u0442 USB \u043a\u043b\u044e\u0447 \u0441 <b>\u0441\u043a\u0440\u044b\u0442\u043e\u0439 \u0432\u0438\u0434\u0435\u043e\u043a\u0430\u043c\u0435\u0440\u043e\u0439<\/b> \u0440\u0430\u0437\u0440\u0430\u0431\u043e\u0442\u0430\u043d \u0434\u043b\u044f \u043c\u0430\u043a\u0441\u0438\u043c\u0430\u043b\u044c\u043d\u043e\u0439 \u043d\u0435\u0437\u0430\u043c\u0435\u0442\u043d\u043e\u0441\u0442\u0438. \u041e\u043d <b>\u043d\u0435 \u0438\u0437\u0434\u0430\u0435\u0442 \u043d\u0438\u043a\u0430\u043a\u0438\u0445 \u0441\u0432\u0435\u0442\u043e\u0432\u044b\u0445 \u0438 \u0437\u0432\u0443\u043a\u043e\u0432\u044b\u0445 \u0441\u0438\u0433\u043d\u0430\u043b\u043e\u0432<\/b>, \u0438 \u0435\u0433\u043e <b>\u0447\u0435\u0440\u043d\u044b\u0439 (BLACK) \u0437\u043e\u043b\u043e\u0442\u043e\u0439 \u0446\u0432\u0435\u0442<\/b> \u043f\u0440\u0438\u0434\u0430\u0435\u0442 \u0435\u043c\u0443 \u043e\u0431\u044b\u0447\u043d\u044b\u0439, \u043d\u0435\u043d\u0430\u0434\u0435\u0436\u043d\u044b\u0439 \u0432\u0438\u0434. \u0418\u0441\u043f\u043e\u043b\u044c\u0437\u043e\u0432\u0430\u0442\u044c <b>\u0441\u043a\u0440\u044b\u0442\u043e\u0439 \u0432\u0438\u0434\u0435\u043e\u043a\u0430\u043c\u0435\u0440\u043e\u0439<\/b> <b>\u043e\u0441\u043e\u0431\u0435\u043d\u043d\u043e \u043b\u0435\u0433\u043a\u043e<\/b> \u2013 \u043f\u0440\u043e\u0441\u0442\u043e \u0432\u043a\u043b\u044e\u0447\u0438\u0442\u0435 \u0438 \u043f\u043e\u0437\u0432\u043e\u043b\u044c\u0442\u0435 \u0435\u0439 \u0440\u0430\u0431\u043e\u0442\u0430\u0442\u044c.<\/p>\n<p><b>\u0414\u043e\u043b\u0433\u043e\u0432\u0435\u0447\u043d\u043e\u0441\u0442\u044c \u0438 \u0412\u044b\u0441\u0448\u0435\u0435 \u041a\u0430\u0447\u0435\u0441\u0442\u0432\u043e<\/b><\/p>\n<p>\u0425\u043e\u0442\u044f \u043a\u043b\u044e\u0447 \u043a\u043e\u043c\u043f\u0430\u043a\u0442\u043d\u044b\u0439, \u043e\u043d \u043d\u0435 \u043b\u0438\u0448\u0435\u043d \u043c\u043e\u0449\u043d\u043e\u0441\u0442\u0438. \u0423\u0441\u0442\u0440\u043e\u0439\u0441\u0442\u0432\u043e \u0441 <b>\u0441\u043a\u0440\u044b\u0442\u043e\u0439 \u0432\u0438\u0434\u0435\u043e\u043a\u0430\u043c\u0435\u0440\u043e\u0439<\/b> \u043c\u043e\u0436\u0435\u0442 \u0440\u0430\u0431\u043e\u0442\u0430\u0442\u044c <b>\u0434\u043e 4 \u0447\u0430\u0441\u043e\u0432<\/b> (\u0441 <span class=\"math-inline\"><span class=\"katex\"><span class=\"katex-html\" aria-hidden=\"true\"><span class=\"base\"><span class=\"mord\">\u00b1<\/span><\/span><\/span><\/span><\/span> \u043d\u0435\u0431\u043e\u043b\u044c\u0448\u0438\u043c \u043e\u0442\u043a\u043b\u043e\u043d\u0435\u043d\u0438\u0435\u043c) \u0441 \u0432\u0441\u0442\u0440\u043e\u0435\u043d\u043d\u044b\u043c \u0430\u043a\u043a\u0443\u043c\u0443\u043b\u044f\u0442\u043e\u0440\u043e\u043c 3.7V 200mAh. \u0418\u0437\u043e\u0431\u0440\u0430\u0436\u0435\u043d\u0438\u0435 \u0437\u0430\u043f\u0438\u0441\u044b\u0432\u0430\u0435\u0442\u0441\u044f <b>30 \u043a\u0430\u0434\u0440\u043e\u0432 \u0432 \u0441\u0435\u043a\u0443\u043d\u0434\u0443 (fps)<\/b>, <b>AVI<\/b> \u0432 \u0444\u043e\u0440\u043c\u0430\u0442\u0435, \u0430 \u0443\u0433\u043e\u043b \u0441\u044a\u0435\u043c\u043a\u0438 70\u00b0 \u043e\u0431\u0435\u0441\u043f\u0435\u0447\u0438\u0432\u0430\u0435\u0442, \u0447\u0442\u043e \u0432\u044b \u043f\u043e\u0439\u043c\u0430\u0435\u0442\u0435 \u0432\u0441\u0435 \u0432\u0430\u0436\u043d\u043e\u0435. \u0412\u0430\u043c \u043d\u0435 \u043f\u0440\u0438\u0434\u0435\u0442\u0441\u044f \u0431\u0435\u0441\u043f\u043e\u043a\u043e\u0438\u0442\u044c\u0441\u044f \u043e \u043f\u0430\u043c\u044f\u0442\u0438 \u2013 <b>\u043a\u0430\u0440\u0442\u0430 \u043f\u0430\u043c\u044f\u0442\u0438 32GB \u0443\u0436\u0435 \u0432 \u043a\u043e\u043c\u043f\u043b\u0435\u043a\u0442\u0435<\/b>!<\/p>","protected":false},"excerpt":{"rendered":"<p>TEHNISKIE PARAMETRI: Komplekt\u0101 32gb atmi\u0146as karte Darba laiks +- 4 stundas \u012apa\u0161i viegli lietojama kamera Nesniedz nek\u0101das gaismas un ska\u0146as Att\u0113ls tiek ierakst\u012bts ar ska\u0146u Video iz\u0161\u0137irtsp\u0113ja: FULL HD Video&#8230;<\/p>","protected":false},"featured_media":4994,"template":"","meta":[],"product_brand":[],"product_cat":[330,321],"product_tag":[],"class_list":{"0":"post-4993","1":"product","2":"type-product","3":"status-publish","4":"has-post-thumbnail","6":"product_cat-masketas-kameras","7":"product_cat-sleptas-kameras","9":"first","10":"instock","11":"purchasable","12":"product-type-simple"},"yoast_head":"<!-- This site is optimized with the Yoast SEO plugin v27.4 - https:\/\/yoast.com\/product\/yoast-seo-wordpress\/ -->\n<title>USB atsl\u0113ga ar slepenu video kameru<\/title>\n<meta name=\"robots\" content=\"index, follow, max-snippet:-1, max-image-preview:large, max-video-preview:-1\" \/>\n<link rel=\"canonical\" href=\"https:\/\/izsekosanasierices.lv\/ru\/produkts\/usb-klyuch-s-skrytoy-videokameroy\/\" \/>\n<meta property=\"og:locale\" content=\"ru_RU\" \/>\n<meta property=\"og:type\" content=\"article\" \/>\n<meta property=\"og:title\" content=\"USB atsl\u0113ga ar slepenu video kameru\" \/>\n<meta property=\"og:description\" content=\"TEHNISKIE PARAMETRI: Komplekt\u0101 32gb atmi\u0146as karte Darba laiks +- 4 stundas \u012apa\u0161i viegli lietojama kamera Nesniedz nek\u0101das gaismas un ska\u0146as Att\u0113ls tiek ierakst\u012bts ar ska\u0146u Video iz\u0161\u0137irtsp\u0113ja: FULL HD Video...\" \/>\n<meta property=\"og:url\" content=\"https:\/\/izsekosanasierices.lv\/ru\/produkts\/usb-klyuch-s-skrytoy-videokameroy\/\" \/>\n<meta property=\"og:site_name\" content=\"Nr1 Izseko\u0161anas ier\u012bces gps izseko\u0161anas iek\u0101rtas, klaus\u012b\u0161an\u0101s iek\u0101rtas\" \/>\n<meta property=\"article:modified_time\" content=\"2026-01-09T07:30:59+00:00\" \/>\n<meta property=\"og:image\" content=\"https:\/\/izsekosanasierices.lv\/wp-content\/uploads\/slapta-mini-kamera-usb-laikmena-32gb.jpg\" \/>\n\t<meta property=\"og:image:width\" content=\"1000\" \/>\n\t<meta property=\"og:image:height\" content=\"1000\" \/>\n\t<meta property=\"og:image:type\" content=\"image\/jpeg\" \/>\n<meta name=\"twitter:card\" content=\"summary_large_image\" \/>\n<meta name=\"twitter:label1\" content=\"\u041f\u0440\u0438\u043c\u0435\u0440\u043d\u043e\u0435 \u0432\u0440\u0435\u043c\u044f \u0434\u043b\u044f \u0447\u0442\u0435\u043d\u0438\u044f\" \/>\n\t<meta name=\"twitter:data1\" content=\"2 \u043c\u0438\u043d\u0443\u0442\u044b\" \/>\n<script type=\"application\/ld+json\" class=\"yoast-schema-graph\">{\"@context\":\"https:\\\/\\\/schema.org\",\"@graph\":[{\"@type\":\"WebPage\",\"@id\":\"https:\\\/\\\/izsekosanasierices.lv\\\/produkts\\\/usb-atslega-ar-slepenu-video-kameru\\\/\",\"url\":\"https:\\\/\\\/izsekosanasierices.lv\\\/produkts\\\/usb-atslega-ar-slepenu-video-kameru\\\/\",\"name\":\"USB atsl\u0113ga ar slepenu video kameru\",\"isPartOf\":{\"@id\":\"https:\\\/\\\/izsekosanasierices.lv\\\/#website\"},\"primaryImageOfPage\":{\"@id\":\"https:\\\/\\\/izsekosanasierices.lv\\\/produkts\\\/usb-atslega-ar-slepenu-video-kameru\\\/#primaryimage\"},\"image\":{\"@id\":\"https:\\\/\\\/izsekosanasierices.lv\\\/produkts\\\/usb-atslega-ar-slepenu-video-kameru\\\/#primaryimage\"},\"thumbnailUrl\":\"https:\\\/\\\/izsekosanasierices.lv\\\/wp-content\\\/uploads\\\/slapta-mini-kamera-usb-laikmena-32gb.jpg\",\"datePublished\":\"2025-11-20T11:23:51+00:00\",\"dateModified\":\"2026-01-09T07:30:59+00:00\",\"breadcrumb\":{\"@id\":\"https:\\\/\\\/izsekosanasierices.lv\\\/produkts\\\/usb-atslega-ar-slepenu-video-kameru\\\/#breadcrumb\"},\"inLanguage\":\"ru-RU\",\"potentialAction\":[{\"@type\":\"ReadAction\",\"target\":[\"https:\\\/\\\/izsekosanasierices.lv\\\/produkts\\\/usb-atslega-ar-slepenu-video-kameru\\\/\"]}]},{\"@type\":\"ImageObject\",\"inLanguage\":\"ru-RU\",\"@id\":\"https:\\\/\\\/izsekosanasierices.lv\\\/produkts\\\/usb-atslega-ar-slepenu-video-kameru\\\/#primaryimage\",\"url\":\"https:\\\/\\\/izsekosanasierices.lv\\\/wp-content\\\/uploads\\\/slapta-mini-kamera-usb-laikmena-32gb.jpg\",\"contentUrl\":\"https:\\\/\\\/izsekosanasierices.lv\\\/wp-content\\\/uploads\\\/slapta-mini-kamera-usb-laikmena-32gb.jpg\",\"width\":1000,\"height\":1000},{\"@type\":\"BreadcrumbList\",\"@id\":\"https:\\\/\\\/izsekosanasierices.lv\\\/produkts\\\/usb-atslega-ar-slepenu-video-kameru\\\/#breadcrumb\",\"itemListElement\":[{\"@type\":\"ListItem\",\"position\":1,\"name\":\"S\u0101kums\",\"item\":\"https:\\\/\\\/izsekosanasierices.lv\\\/\"},{\"@type\":\"ListItem\",\"position\":2,\"name\":\"Veikals\",\"item\":\"https:\\\/\\\/izsekosanasierices.lv\\\/veikals\\\/\"},{\"@type\":\"ListItem\",\"position\":3,\"name\":\"USB atsl\u0113ga ar slepenu video kameru\"}]},{\"@type\":\"WebSite\",\"@id\":\"https:\\\/\\\/izsekosanasierices.lv\\\/#website\",\"url\":\"https:\\\/\\\/izsekosanasierices.lv\\\/\",\"name\":\"Nr1 Izseko\u0161anas ier\u012bces gps izseko\u0161anas iek\u0101rtas, klaus\u012b\u0161an\u0101s iek\u0101rtas\",\"description\":\"\",\"potentialAction\":[{\"@type\":\"SearchAction\",\"target\":{\"@type\":\"EntryPoint\",\"urlTemplate\":\"https:\\\/\\\/izsekosanasierices.lv\\\/?s={search_term_string}\"},\"query-input\":{\"@type\":\"PropertyValueSpecification\",\"valueRequired\":true,\"valueName\":\"search_term_string\"}}],\"inLanguage\":\"ru-RU\"}]}<\/script>\n<!-- \/ Yoast SEO plugin. -->","yoast_head_json":{"title":"USB atsl\u0113ga ar slepenu video kameru","robots":{"index":"index","follow":"follow","max-snippet":"max-snippet:-1","max-image-preview":"max-image-preview:large","max-video-preview":"max-video-preview:-1"},"canonical":"https:\/\/izsekosanasierices.lv\/ru\/produkts\/usb-klyuch-s-skrytoy-videokameroy\/","og_locale":"ru_RU","og_type":"article","og_title":"USB atsl\u0113ga ar slepenu video kameru","og_description":"TEHNISKIE PARAMETRI: Komplekt\u0101 32gb atmi\u0146as karte Darba laiks +- 4 stundas \u012apa\u0161i viegli lietojama kamera Nesniedz nek\u0101das gaismas un ska\u0146as Att\u0113ls tiek ierakst\u012bts ar ska\u0146u Video iz\u0161\u0137irtsp\u0113ja: FULL HD Video...","og_url":"https:\/\/izsekosanasierices.lv\/ru\/produkts\/usb-klyuch-s-skrytoy-videokameroy\/","og_site_name":"Nr1 Izseko\u0161anas ier\u012bces gps izseko\u0161anas iek\u0101rtas, klaus\u012b\u0161an\u0101s iek\u0101rtas","article_modified_time":"2026-01-09T07:30:59+00:00","og_image":[{"width":1000,"height":1000,"url":"https:\/\/izsekosanasierices.lv\/wp-content\/uploads\/slapta-mini-kamera-usb-laikmena-32gb.jpg","type":"image\/jpeg"}],"twitter_card":"summary_large_image","twitter_misc":{"\u041f\u0440\u0438\u043c\u0435\u0440\u043d\u043e\u0435 \u0432\u0440\u0435\u043c\u044f \u0434\u043b\u044f \u0447\u0442\u0435\u043d\u0438\u044f":"2 \u043c\u0438\u043d\u0443\u0442\u044b"},"schema":{"@context":"https:\/\/schema.org","@graph":[{"@type":"WebPage","@id":"https:\/\/izsekosanasierices.lv\/produkts\/usb-atslega-ar-slepenu-video-kameru\/","url":"https:\/\/izsekosanasierices.lv\/produkts\/usb-atslega-ar-slepenu-video-kameru\/","name":"USB atsl\u0113ga ar slepenu video kameru","isPartOf":{"@id":"https:\/\/izsekosanasierices.lv\/#website"},"primaryImageOfPage":{"@id":"https:\/\/izsekosanasierices.lv\/produkts\/usb-atslega-ar-slepenu-video-kameru\/#primaryimage"},"image":{"@id":"https:\/\/izsekosanasierices.lv\/produkts\/usb-atslega-ar-slepenu-video-kameru\/#primaryimage"},"thumbnailUrl":"https:\/\/izsekosanasierices.lv\/wp-content\/uploads\/slapta-mini-kamera-usb-laikmena-32gb.jpg","datePublished":"2025-11-20T11:23:51+00:00","dateModified":"2026-01-09T07:30:59+00:00","breadcrumb":{"@id":"https:\/\/izsekosanasierices.lv\/produkts\/usb-atslega-ar-slepenu-video-kameru\/#breadcrumb"},"inLanguage":"ru-RU","potentialAction":[{"@type":"ReadAction","target":["https:\/\/izsekosanasierices.lv\/produkts\/usb-atslega-ar-slepenu-video-kameru\/"]}]},{"@type":"ImageObject","inLanguage":"ru-RU","@id":"https:\/\/izsekosanasierices.lv\/produkts\/usb-atslega-ar-slepenu-video-kameru\/#primaryimage","url":"https:\/\/izsekosanasierices.lv\/wp-content\/uploads\/slapta-mini-kamera-usb-laikmena-32gb.jpg","contentUrl":"https:\/\/izsekosanasierices.lv\/wp-content\/uploads\/slapta-mini-kamera-usb-laikmena-32gb.jpg","width":1000,"height":1000},{"@type":"BreadcrumbList","@id":"https:\/\/izsekosanasierices.lv\/produkts\/usb-atslega-ar-slepenu-video-kameru\/#breadcrumb","itemListElement":[{"@type":"ListItem","position":1,"name":"S\u0101kums","item":"https:\/\/izsekosanasierices.lv\/"},{"@type":"ListItem","position":2,"name":"Veikals","item":"https:\/\/izsekosanasierices.lv\/veikals\/"},{"@type":"ListItem","position":3,"name":"USB atsl\u0113ga ar slepenu video kameru"}]},{"@type":"WebSite","@id":"https:\/\/izsekosanasierices.lv\/#website","url":"https:\/\/izsekosanasierices.lv\/","name":"Nr1 Izseko\u0161anas ier\u012bces gps izseko\u0161anas iek\u0101rtas, klaus\u012b\u0161an\u0101s iek\u0101rtas","description":"","potentialAction":[{"@type":"SearchAction","target":{"@type":"EntryPoint","urlTemplate":"https:\/\/izsekosanasierices.lv\/?s={search_term_string}"},"query-input":{"@type":"PropertyValueSpecification","valueRequired":true,"valueName":"search_term_string"}}],"inLanguage":"ru-RU"}]}},"_links":{"self":[{"href":"https:\/\/izsekosanasierices.lv\/ru\/wp-json\/wp\/v2\/product\/4993","targetHints":{"allow":["GET"]}}],"collection":[{"href":"https:\/\/izsekosanasierices.lv\/ru\/wp-json\/wp\/v2\/product"}],"about":[{"href":"https:\/\/izsekosanasierices.lv\/ru\/wp-json\/wp\/v2\/types\/product"}],"wp:featuredmedia":[{"embeddable":true,"href":"https:\/\/izsekosanasierices.lv\/ru\/wp-json\/wp\/v2\/media\/4994"}],"wp:attachment":[{"href":"https:\/\/izsekosanasierices.lv\/ru\/wp-json\/wp\/v2\/media?parent=4993"}],"wp:term":[{"taxonomy":"product_brand","embeddable":true,"href":"https:\/\/izsekosanasierices.lv\/ru\/wp-json\/wp\/v2\/product_brand?post=4993"},{"taxonomy":"product_cat","embeddable":true,"href":"https:\/\/izsekosanasierices.lv\/ru\/wp-json\/wp\/v2\/product_cat?post=4993"},{"taxonomy":"product_tag","embeddable":true,"href":"https:\/\/izsekosanasierices.lv\/ru\/wp-json\/wp\/v2\/product_tag?post=4993"}],"curies":[{"name":"wp","href":"https:\/\/api.w.org\/{rel}","templated":true}]}}