{"id":5005,"date":"2025-11-20T13:24:02","date_gmt":"2025-11-20T11:24:02","guid":{"rendered":"https:\/\/izsekosanasierices.lv\/?post_type=product&#038;p=5005"},"modified":"2025-11-28T09:32:51","modified_gmt":"2025-11-28T07:32:51","slug":"slepenkamera-darbos-lidz-5x-ilgak-ar-so-akumulatoru","status":"publish","type":"product","link":"https:\/\/izsekosanasierices.lv\/ru\/produkts\/selfi-kamera-rabotaet-do-5-raz-dolshe-s-etim-akkumulyatorom\/","title":{"rendered":"\u0421\u043a\u0440\u044b\u0442\u0430\u044f \u043a\u0430\u043c\u0435\u0440\u0430 \u0440\u0430\u0431\u043e\u0442\u0430\u0435\u0442 \u0432 5 \u0440\u0430\u0437 \u0434\u043e\u043b\u044c\u0448\u0435 \u0441 \u044d\u0442\u0438\u043c \u0430\u043a\u043a\u0443\u043c\u0443\u043b\u044f\u0442\u043e\u0440\u043e\u043c"},"content":{"rendered":"<h3><strong>\u0422\u0435\u0445\u043d\u0438\u0447\u0435\u0441\u043a\u0438\u0435 \u043f\u0430\u0440\u0430\u043c\u0435\u0442\u0440\u044b:<\/strong><\/h3>\n<ul>\n<li>\u0421\u0435\u043a\u0440\u0435\u0442\u043d\u0430\u044f \u043a\u0430\u043c\u0435\u0440\u0430 \u0431\u0443\u0434\u0435\u0442 \u0440\u0430\u0431\u043e\u0442\u0430\u0442\u044c \u0431\u043e\u043b\u0435\u0435 5 \u0440\u0430\u0437 \u0434\u043e\u043b\u044c\u0448\u0435.<\/li>\n<li>\u042d\u0442\u043e \u0431\u0430\u0442\u0430\u0440\u0435\u044f, \u0430 \u043d\u0435 \u043a\u0430\u043c\u0435\u0440\u0430<\/li>\n<li><strong data-start=\"95\" data-end=\"184\">\u0412\u043d\u0435\u0448\u043d\u0438\u0439 \u0430\u043a\u043a\u0443\u043c\u0443\u043b\u044f\u0442\u043e\u0440 10 000 \u043c\u0410\u0447 \u2013 \u0434\u0430\u0436\u0435 \u0432 5 \u0440\u0430\u0437 \u0431\u043e\u043b\u044c\u0448\u0435 \u0432\u0440\u0435\u043c\u0435\u043d\u0438 \u0440\u0430\u0431\u043e\u0442\u044b \u043a\u0430\u043c\u0435\u0440\u044b!<\/strong><\/li>\n<li><strong data-start=\"188\" data-end=\"217\">\u0411\u043e\u043b\u044c\u0448\u0430\u044f \u043c\u043e\u0449\u043d\u043e\u0441\u0442\u044c \u2013 10 000 \u043c\u0410\u0447<\/strong>, \u043f\u043e\u044d\u0442\u043e\u043c\u0443 \u0441\u0435\u043a\u0440\u0435\u0442\u043d\u0430\u044f \u043a\u0430\u043c\u0435\u0440\u0430 \u0431\u0443\u0434\u0435\u0442 \u0440\u0430\u0431\u043e\u0442\u0430\u0442\u044c <strong data-start=\"245\" data-end=\"267\">\u0434\u043e 5 \u0440\u0430\u0437 \u0434\u043e\u043b\u044c\u0448\u0435<\/strong> \u0431\u0435\u0437 \u043f\u043e\u0434\u0437\u0430\u0440\u044f\u0434\u043a\u0438.<\/li>\n<li>\u041b\u0435\u0433\u043a\u043e\u0435 \u043f\u043e\u0434\u043a\u043b\u044e\u0447\u0435\u043d\u0438\u0435<\/li>\n<li>\u0412 \u043a\u043e\u043c\u043f\u043b\u0435\u043a\u0442 \u0432\u0445\u043e\u0434\u0438\u0442 <strong data-start=\"325\" data-end=\"351\" data-is-only-node=\"\">\u0432\u0441\u0435 \u043d\u0435\u043e\u0431\u0445\u043e\u0434\u0438\u043c\u044b\u0435 \u043a\u0430\u0431\u0435\u043b\u0438<\/strong>, \u043f\u043e\u044d\u0442\u043e\u043c\u0443 \u043f\u043e\u0434\u043a\u043b\u044e\u0447\u0435\u043d\u0438\u0435 \u043e\u0447\u0435\u043d\u044c \u043f\u0440\u043e\u0441\u0442\u043e\u0435.<\/li>\n<li>\u041f\u043e\u0434\u0445\u043e\u0434\u0438\u0442 \u0434\u043b\u044f \u0432\u0441\u0435\u0445 \u043d\u0430\u0448\u0438\u0445 \u043a\u0430\u043c\u0435\u0440<\/li>\n<li>\u041f\u043e\u043b\u043d\u043e\u0441\u0442\u044c\u044e \u0441\u043e\u0432\u043c\u0435\u0441\u0442\u0438\u043c\u043e\u0435 \u0438 \u043d\u0430\u0434\u0435\u0436\u043d\u043e\u0435 \u0440\u0435\u0448\u0435\u043d\u0438\u0435.<\/li>\n<li><strong data-start=\"468\" data-end=\"495\">\u041a\u043e\u043c\u043f\u0430\u043a\u0442\u043d\u044b\u0439 \u0438 \u0443\u0434\u043e\u0431\u043d\u044b\u0439<\/strong> \u2013 \u0440\u0430\u0437\u043c\u0435\u0440\u044b <strong data-start=\"510\" data-end=\"530\">138 \u00d7 68 \u00d7 16 \u043c\u043c<\/strong>, \u0432\u0435\u0441 \u0432\u0441\u0435\u0433\u043e <strong data-start=\"543\" data-end=\"552\">220 \u0433<\/strong>.<\/li>\n<li><strong data-start=\"558\" data-end=\"582\">\u0418\u0434\u0435\u0430\u043b\u044c\u043d\u043e\u0435 \u0440\u0435\u0448\u0435\u043d\u0438\u0435<\/strong> \u0434\u043b\u044f \u043f\u0440\u043e\u0434\u043b\u0435\u043d\u0438\u044f \u0432\u0440\u0435\u043c\u0435\u043d\u0438 \u0440\u0430\u0431\u043e\u0442\u044b \u0441\u043a\u0440\u044b\u0442\u043e\u0439 \u043a\u0430\u043c\u0435\u0440\u044b<\/li>\n<\/ul>","protected":false},"excerpt":{"rendered":"<p>Tehniskie parametri: Vair\u0101k nek\u0101 5 reizes ilg\u0101k darbosies slepen\u0101 kamera. \u0160\u012b ir baterija, nevis kamera \u0100r\u0113j\u0101 akumulators 10 000 mAh \u2013 pat 5 reizes gar\u0101ks kameru darb\u012bbas laiks! Liela jauda&#8230;<\/p>","protected":false},"featured_media":5006,"template":"","meta":[],"product_brand":[],"product_cat":[330,321],"product_tag":[],"class_list":{"0":"post-5005","1":"product","2":"type-product","3":"status-publish","4":"has-post-thumbnail","6":"product_cat-masketas-kameras","7":"product_cat-sleptas-kameras","9":"first","10":"instock","11":"purchasable","12":"product-type-simple"},"yoast_head":"<!-- This site is optimized with the Yoast SEO plugin v27.5 - https:\/\/yoast.com\/product\/yoast-seo-wordpress\/ -->\n<title>Slepenkamera darbos l\u012bdz 5x ilg\u0101k ar \u0161o akumulatoru<\/title>\n<meta name=\"robots\" content=\"index, follow, max-snippet:-1, max-image-preview:large, max-video-preview:-1\" \/>\n<link rel=\"canonical\" href=\"https:\/\/izsekosanasierices.lv\/ru\/produkts\/selfi-kamera-rabotaet-do-5-raz-dolshe-s-etim-akkumulyatorom\/\" \/>\n<meta property=\"og:locale\" content=\"ru_RU\" \/>\n<meta property=\"og:type\" content=\"article\" \/>\n<meta property=\"og:title\" content=\"Slepenkamera darbos l\u012bdz 5x ilg\u0101k ar \u0161o akumulatoru\" \/>\n<meta property=\"og:description\" content=\"Tehniskie parametri: Vair\u0101k nek\u0101 5 reizes ilg\u0101k darbosies slepen\u0101 kamera. \u0160\u012b ir baterija, nevis kamera \u0100r\u0113j\u0101 akumulators 10 000 mAh \u2013 pat 5 reizes gar\u0101ks kameru darb\u012bbas laiks! Liela jauda...\" \/>\n<meta property=\"og:url\" content=\"https:\/\/izsekosanasierices.lv\/ru\/produkts\/selfi-kamera-rabotaet-do-5-raz-dolshe-s-etim-akkumulyatorom\/\" \/>\n<meta property=\"og:site_name\" content=\"Nr1 Izseko\u0161anas ier\u012bces gps izseko\u0161anas iek\u0101rtas, klaus\u012b\u0161an\u0101s iek\u0101rtas\" \/>\n<meta property=\"article:modified_time\" content=\"2025-11-28T07:32:51+00:00\" \/>\n<meta property=\"og:image\" content=\"https:\/\/izsekosanasierices.lv\/wp-content\/uploads\/Powerbank.jpg\" \/>\n\t<meta property=\"og:image:width\" content=\"888\" \/>\n\t<meta property=\"og:image:height\" content=\"883\" \/>\n\t<meta property=\"og:image:type\" content=\"image\/jpeg\" \/>\n<meta name=\"twitter:card\" content=\"summary_large_image\" \/>\n<meta name=\"twitter:label1\" content=\"\u041f\u0440\u0438\u043c\u0435\u0440\u043d\u043e\u0435 \u0432\u0440\u0435\u043c\u044f \u0434\u043b\u044f \u0447\u0442\u0435\u043d\u0438\u044f\" \/>\n\t<meta name=\"twitter:data1\" content=\"1 \u043c\u0438\u043d\u0443\u0442\u0430\" \/>\n<script type=\"application\/ld+json\" class=\"yoast-schema-graph\">{\"@context\":\"https:\\\/\\\/schema.org\",\"@graph\":[{\"@type\":\"WebPage\",\"@id\":\"https:\\\/\\\/izsekosanasierices.lv\\\/produkts\\\/slepenkamera-darbos-lidz-5x-ilgak-ar-so-akumulatoru\\\/\",\"url\":\"https:\\\/\\\/izsekosanasierices.lv\\\/produkts\\\/slepenkamera-darbos-lidz-5x-ilgak-ar-so-akumulatoru\\\/\",\"name\":\"Slepenkamera darbos l\u012bdz 5x ilg\u0101k ar \u0161o akumulatoru\",\"isPartOf\":{\"@id\":\"https:\\\/\\\/izsekosanasierices.lv\\\/#website\"},\"primaryImageOfPage\":{\"@id\":\"https:\\\/\\\/izsekosanasierices.lv\\\/produkts\\\/slepenkamera-darbos-lidz-5x-ilgak-ar-so-akumulatoru\\\/#primaryimage\"},\"image\":{\"@id\":\"https:\\\/\\\/izsekosanasierices.lv\\\/produkts\\\/slepenkamera-darbos-lidz-5x-ilgak-ar-so-akumulatoru\\\/#primaryimage\"},\"thumbnailUrl\":\"https:\\\/\\\/izsekosanasierices.lv\\\/wp-content\\\/uploads\\\/Powerbank.jpg\",\"datePublished\":\"2025-11-20T11:24:02+00:00\",\"dateModified\":\"2025-11-28T07:32:51+00:00\",\"breadcrumb\":{\"@id\":\"https:\\\/\\\/izsekosanasierices.lv\\\/produkts\\\/slepenkamera-darbos-lidz-5x-ilgak-ar-so-akumulatoru\\\/#breadcrumb\"},\"inLanguage\":\"ru-RU\",\"potentialAction\":[{\"@type\":\"ReadAction\",\"target\":[\"https:\\\/\\\/izsekosanasierices.lv\\\/produkts\\\/slepenkamera-darbos-lidz-5x-ilgak-ar-so-akumulatoru\\\/\"]}]},{\"@type\":\"ImageObject\",\"inLanguage\":\"ru-RU\",\"@id\":\"https:\\\/\\\/izsekosanasierices.lv\\\/produkts\\\/slepenkamera-darbos-lidz-5x-ilgak-ar-so-akumulatoru\\\/#primaryimage\",\"url\":\"https:\\\/\\\/izsekosanasierices.lv\\\/wp-content\\\/uploads\\\/Powerbank.jpg\",\"contentUrl\":\"https:\\\/\\\/izsekosanasierices.lv\\\/wp-content\\\/uploads\\\/Powerbank.jpg\",\"width\":888,\"height\":883},{\"@type\":\"BreadcrumbList\",\"@id\":\"https:\\\/\\\/izsekosanasierices.lv\\\/produkts\\\/slepenkamera-darbos-lidz-5x-ilgak-ar-so-akumulatoru\\\/#breadcrumb\",\"itemListElement\":[{\"@type\":\"ListItem\",\"position\":1,\"name\":\"S\u0101kums\",\"item\":\"https:\\\/\\\/izsekosanasierices.lv\\\/\"},{\"@type\":\"ListItem\",\"position\":2,\"name\":\"Veikals\",\"item\":\"https:\\\/\\\/izsekosanasierices.lv\\\/veikals\\\/\"},{\"@type\":\"ListItem\",\"position\":3,\"name\":\"Slepenkamera darbos l\u012bdz 5x ilg\u0101k ar \u0161o akumulatoru\"}]},{\"@type\":\"WebSite\",\"@id\":\"https:\\\/\\\/izsekosanasierices.lv\\\/#website\",\"url\":\"https:\\\/\\\/izsekosanasierices.lv\\\/\",\"name\":\"Nr1 Izseko\u0161anas ier\u012bces gps izseko\u0161anas iek\u0101rtas, klaus\u012b\u0161an\u0101s iek\u0101rtas\",\"description\":\"\",\"potentialAction\":[{\"@type\":\"SearchAction\",\"target\":{\"@type\":\"EntryPoint\",\"urlTemplate\":\"https:\\\/\\\/izsekosanasierices.lv\\\/?s={search_term_string}\"},\"query-input\":{\"@type\":\"PropertyValueSpecification\",\"valueRequired\":true,\"valueName\":\"search_term_string\"}}],\"inLanguage\":\"ru-RU\"}]}<\/script>\n<!-- \/ Yoast SEO plugin. -->","yoast_head_json":{"title":"Slepenkamera darbos l\u012bdz 5x ilg\u0101k ar \u0161o akumulatoru","robots":{"index":"index","follow":"follow","max-snippet":"max-snippet:-1","max-image-preview":"max-image-preview:large","max-video-preview":"max-video-preview:-1"},"canonical":"https:\/\/izsekosanasierices.lv\/ru\/produkts\/selfi-kamera-rabotaet-do-5-raz-dolshe-s-etim-akkumulyatorom\/","og_locale":"ru_RU","og_type":"article","og_title":"Slepenkamera darbos l\u012bdz 5x ilg\u0101k ar \u0161o akumulatoru","og_description":"Tehniskie parametri: Vair\u0101k nek\u0101 5 reizes ilg\u0101k darbosies slepen\u0101 kamera. \u0160\u012b ir baterija, nevis kamera \u0100r\u0113j\u0101 akumulators 10 000 mAh \u2013 pat 5 reizes gar\u0101ks kameru darb\u012bbas laiks! Liela jauda...","og_url":"https:\/\/izsekosanasierices.lv\/ru\/produkts\/selfi-kamera-rabotaet-do-5-raz-dolshe-s-etim-akkumulyatorom\/","og_site_name":"Nr1 Izseko\u0161anas ier\u012bces gps izseko\u0161anas iek\u0101rtas, klaus\u012b\u0161an\u0101s iek\u0101rtas","article_modified_time":"2025-11-28T07:32:51+00:00","og_image":[{"width":888,"height":883,"url":"https:\/\/izsekosanasierices.lv\/wp-content\/uploads\/Powerbank.jpg","type":"image\/jpeg"}],"twitter_card":"summary_large_image","twitter_misc":{"\u041f\u0440\u0438\u043c\u0435\u0440\u043d\u043e\u0435 \u0432\u0440\u0435\u043c\u044f \u0434\u043b\u044f \u0447\u0442\u0435\u043d\u0438\u044f":"1 \u043c\u0438\u043d\u0443\u0442\u0430"},"schema":{"@context":"https:\/\/schema.org","@graph":[{"@type":"WebPage","@id":"https:\/\/izsekosanasierices.lv\/produkts\/slepenkamera-darbos-lidz-5x-ilgak-ar-so-akumulatoru\/","url":"https:\/\/izsekosanasierices.lv\/produkts\/slepenkamera-darbos-lidz-5x-ilgak-ar-so-akumulatoru\/","name":"Slepenkamera darbos l\u012bdz 5x ilg\u0101k ar \u0161o akumulatoru","isPartOf":{"@id":"https:\/\/izsekosanasierices.lv\/#website"},"primaryImageOfPage":{"@id":"https:\/\/izsekosanasierices.lv\/produkts\/slepenkamera-darbos-lidz-5x-ilgak-ar-so-akumulatoru\/#primaryimage"},"image":{"@id":"https:\/\/izsekosanasierices.lv\/produkts\/slepenkamera-darbos-lidz-5x-ilgak-ar-so-akumulatoru\/#primaryimage"},"thumbnailUrl":"https:\/\/izsekosanasierices.lv\/wp-content\/uploads\/Powerbank.jpg","datePublished":"2025-11-20T11:24:02+00:00","dateModified":"2025-11-28T07:32:51+00:00","breadcrumb":{"@id":"https:\/\/izsekosanasierices.lv\/produkts\/slepenkamera-darbos-lidz-5x-ilgak-ar-so-akumulatoru\/#breadcrumb"},"inLanguage":"ru-RU","potentialAction":[{"@type":"ReadAction","target":["https:\/\/izsekosanasierices.lv\/produkts\/slepenkamera-darbos-lidz-5x-ilgak-ar-so-akumulatoru\/"]}]},{"@type":"ImageObject","inLanguage":"ru-RU","@id":"https:\/\/izsekosanasierices.lv\/produkts\/slepenkamera-darbos-lidz-5x-ilgak-ar-so-akumulatoru\/#primaryimage","url":"https:\/\/izsekosanasierices.lv\/wp-content\/uploads\/Powerbank.jpg","contentUrl":"https:\/\/izsekosanasierices.lv\/wp-content\/uploads\/Powerbank.jpg","width":888,"height":883},{"@type":"BreadcrumbList","@id":"https:\/\/izsekosanasierices.lv\/produkts\/slepenkamera-darbos-lidz-5x-ilgak-ar-so-akumulatoru\/#breadcrumb","itemListElement":[{"@type":"ListItem","position":1,"name":"S\u0101kums","item":"https:\/\/izsekosanasierices.lv\/"},{"@type":"ListItem","position":2,"name":"Veikals","item":"https:\/\/izsekosanasierices.lv\/veikals\/"},{"@type":"ListItem","position":3,"name":"Slepenkamera darbos l\u012bdz 5x ilg\u0101k ar \u0161o akumulatoru"}]},{"@type":"WebSite","@id":"https:\/\/izsekosanasierices.lv\/#website","url":"https:\/\/izsekosanasierices.lv\/","name":"Nr1 Izseko\u0161anas ier\u012bces gps izseko\u0161anas iek\u0101rtas, klaus\u012b\u0161an\u0101s iek\u0101rtas","description":"","potentialAction":[{"@type":"SearchAction","target":{"@type":"EntryPoint","urlTemplate":"https:\/\/izsekosanasierices.lv\/?s={search_term_string}"},"query-input":{"@type":"PropertyValueSpecification","valueRequired":true,"valueName":"search_term_string"}}],"inLanguage":"ru-RU"}]}},"_links":{"self":[{"href":"https:\/\/izsekosanasierices.lv\/ru\/wp-json\/wp\/v2\/product\/5005","targetHints":{"allow":["GET"]}}],"collection":[{"href":"https:\/\/izsekosanasierices.lv\/ru\/wp-json\/wp\/v2\/product"}],"about":[{"href":"https:\/\/izsekosanasierices.lv\/ru\/wp-json\/wp\/v2\/types\/product"}],"wp:featuredmedia":[{"embeddable":true,"href":"https:\/\/izsekosanasierices.lv\/ru\/wp-json\/wp\/v2\/media\/5006"}],"wp:attachment":[{"href":"https:\/\/izsekosanasierices.lv\/ru\/wp-json\/wp\/v2\/media?parent=5005"}],"wp:term":[{"taxonomy":"product_brand","embeddable":true,"href":"https:\/\/izsekosanasierices.lv\/ru\/wp-json\/wp\/v2\/product_brand?post=5005"},{"taxonomy":"product_cat","embeddable":true,"href":"https:\/\/izsekosanasierices.lv\/ru\/wp-json\/wp\/v2\/product_cat?post=5005"},{"taxonomy":"product_tag","embeddable":true,"href":"https:\/\/izsekosanasierices.lv\/ru\/wp-json\/wp\/v2\/product_tag?post=5005"}],"curies":[{"name":"wp","href":"https:\/\/api.w.org\/{rel}","templated":true}]}}