{"id":5015,"date":"2025-11-20T13:24:13","date_gmt":"2025-11-20T11:24:13","guid":{"rendered":"https:\/\/izsekosanasierices.lv\/?post_type=product&#038;p=5015"},"modified":"2026-04-12T04:26:40","modified_gmt":"2026-04-12T01:26:40","slug":"gaisa-mitrinatajs-difuzors-slepena-kamera","status":"publish","type":"product","link":"https:\/\/izsekosanasierices.lv\/ru\/produkts\/uvlazhnitel-vozdukha-diffuzor-skrytaya-kamera\/","title":{"rendered":"\u0414\u0438\u0444\u0444\u0443\u0437\u043e\u0440 \u043a\u043e\u043d\u0434\u0438\u0446\u0438\u043e\u043d\u0435\u0440\u0430 \u0432\u043e\u0437\u0434\u0443\u0445\u0430 \u0441\u043a\u0440\u044b\u0442\u0430\u044f \u043a\u0430\u043c\u0435\u0440\u0430"},"content":{"rendered":"<h2><strong>\u0422\u0435\u0445\u043d\u0438\u0447\u0435\u0441\u043a\u0438\u0435 \u043f\u0430\u0440\u0430\u043c\u0435\u0442\u0440\u044b:<\/strong><\/h2>\n<ul>\n<li style=\"list-style-type: none\">\n<ul>\n<li>\u0412\u043e\u0437\u043c\u043e\u0436\u043d\u043e\u0441\u0442\u044c \u043f\u0440\u043e\u0441\u043c\u043e\u0442\u0440\u0430 \u0438\u0437\u043e\u0431\u0440\u0430\u0436\u0435\u043d\u0438\u044f \u0432 \u0440\u0435\u0430\u043b\u044c\u043d\u043e\u043c \u0432\u0440\u0435\u043c\u0435\u043d\u0438 \u0447\u0435\u0440\u0435\u0437 \u043c\u043e\u0431\u0438\u043b\u044c\u043d\u043e\u0435 \u043f\u0440\u0438\u043b\u043e\u0436\u0435\u043d\u0438\u0435<\/li>\n<li>\u0423\u0432\u043b\u0430\u0436\u043d\u0438\u0442\u0435\u043b\u044c \u044d\u0444\u0438\u0440\u043d\u044b\u0445 \u043c\u0430\u0441\u0435\u043b 120 \u043c\u043b. \u043e\u0431\u044a\u0435\u043c \u0432\u043e\u0434\u044b<\/li>\n<li>\u041e\u0431\u044a\u0435\u043c \u0432\u043e\u0434\u044b 120 \u043c\u043b.<\/li>\n<li>7 \u0446\u0432\u0435\u0442\u043d\u043e\u0439 \u043f\u043e\u0434\u0441\u0432\u0435\u0442\u043a\u0438<\/li>\n<li>100% \u0424\u0443\u043d\u043a\u0446\u0438\u043e\u043d\u0430\u043b\u044c\u043d\u044b\u0439 \u0438\u0441\u043f\u0430\u0440\u0438\u0442\u0435\u043b\u044c<\/li>\n<li>\u0411\u044b\u0441\u0442\u0440\u043e\u0435 \u043f\u043e\u0434\u043a\u043b\u044e\u0447\u0435\u043d\u0438\u0435 \u0437\u0430\u0439\u043c\u0435\u0442 \u0432\u0441\u0435\u0433\u043e 2 \u043c\u0438\u043d\u0443\u0442\u044b.<\/li>\n<li>\u0418\u0437\u043e\u0431\u0440\u0430\u0436\u0435\u043d\u0438\u0435 \u043c\u043e\u0436\u043d\u043e \u043f\u0440\u043e\u0441\u043c\u0430\u0442\u0440\u0438\u0432\u0430\u0442\u044c \u0432 \u0440\u0435\u0430\u043b\u044c\u043d\u043e\u043c \u0432\u0440\u0435\u043c\u0435\u043d\u0438 \u043d\u0430 \u0442\u0435\u043b\u0435\u0444\u043e\u043d\u0435<\/li>\n<li>\u041d\u0435 \u0438\u0437\u0434\u0430\u0435\u0442 \u043d\u0438\u043a\u0430\u043a\u0438\u0445 \u0448\u0443\u043c\u043e\u0432 \u0438 \u0441\u0432\u0435\u0442\u0430<\/li>\n<li>\u041f\u043e\u0434\u043a\u043b\u044e\u0447\u0430\u0435\u0442\u0441\u044f \u043a \u044d\u043b\u0435\u043a\u0442\u0440\u043e\u0441\u0435\u0442\u0438, \u0431\u0443\u0434\u0435\u0442 \u0440\u0430\u0431\u043e\u0442\u0430\u0442\u044c \u043f\u043e\u0441\u0442\u043e\u044f\u043d\u043d\u043e, \u043d\u0435 \u043f\u043e\u0442\u0440\u0435\u0431\u0443\u0435\u0442\u0441\u044f \u0437\u0430\u0440\u044f\u0436\u0430\u0442\u044c \u0430\u043a\u043a\u0443\u043c\u0443\u043b\u044f\u0442\u043e\u0440<\/li>\n<li>\u0420\u0430\u0437\u0440\u0435\u0448\u0435\u043d\u0438\u0435 \u0437\u0430\u043f\u0438\u0441\u0438: Full HD<\/li>\n<li>\u0424\u043e\u0440\u043c\u0430\u0442 \u0432\u0438\u0434\u0435\u043e: avi | \u043c\u0430\u043a\u0441\u0438\u043c\u0443\u043c 25 \u043a\u0430\u0434\u0440\u043e\u0432 \u0432 \u0441\u0435\u043a\u0443\u043d\u0434\u0443<\/li>\n<li>\u0423\u0433\u043e\u043b \u043e\u0431\u0437\u043e\u0440\u0430: 100 \u00b0 \u043e\u0447\u0435\u043d\u044c \u0448\u0438\u0440\u043e\u043a\u0438\u0439 \u0443\u0433\u043e\u043b<\/li>\n<li>\u0428\u0443\u043c: \u043c\u0438\u043a\u0440\u043e\u0444\u043e\u043d \u0441 \u0444\u0443\u043d\u043a\u0446\u0438\u0435\u0439 \u043f\u043e\u0434\u0430\u0432\u043b\u0435\u043d\u0438\u044f \u0448\u0443\u043c\u0430<\/li>\n<li>\u0417\u0430\u0440\u044f\u0434\u043a\u0430 \u0447\u0435\u0440\u0435\u0437 USB-\u043a\u0430\u0431\u0435\u043b\u044c<\/li>\n<li>\u041a\u043e\u0434\u0438\u0440\u043e\u0432\u043a\u0430 \u0432\u0438\u0434\u0435\u043e: H264<\/li>\n<li>\u0426\u0432\u0435\u0442 \u0447\u0435\u0440\u043d\u044b\u0439 \u0434\u0435\u0440\u0435\u0432\u043e<\/li>\n<li>\u041a\u043e\u043c\u043f\u043b\u0435\u043a\u0442\u0430\u0446\u0438\u044f: Wifi \u043a\u0430\u043c\u0435\u0440\u0430 \u0443\u0432\u043b\u0430\u0436\u043d\u0438\u0442\u0435\u043b\u044c \u044d\u0444\u0438\u0440\u043d\u044b\u0445 \u043c\u0430\u0441\u0435\u043b, micro SD \u043a\u0430\u0440\u0442\u0440\u0438\u0434\u0435\u0440, usb \u043a\u0430\u0431\u0435\u043b\u044c<\/li>\n<li>\u0420\u0430\u0437\u043c\u0435\u0440\u044b: 115\u043c\u043c x 115\u043c\u043c x 193\u043c\u043c<\/li>\n<li>\u0413\u0410\u0420\u0410\u041d\u0422\u0418\u042f 12 \u043c\u0435\u0441\u044f\u0446\u0435\u0432.<\/li>\n<\/ul>\n<\/li>\n<\/ul>\n<p><span style=\"color: #ff0000\"><strong class=\"rednew\">\u041d\u0443\u0436\u043d\u0430 \u0431\u044b\u0441\u0442\u0440\u0430\u044f \u0434\u043e\u0441\u0442\u0430\u0432\u043a\u0430, \u0432 \u0442\u043e\u0442 \u0436\u0435 \u0434\u0435\u043d\u044c? (\u0442\u0430\u043a\u0436\u0435 \u0432 \u0432\u044b\u0445\u043e\u0434\u043d\u044b\u0435) \u2013 \u0437\u0432\u043e\u043d\u0438\u0442\u0435 +37068411114<\/strong><\/span><\/p>\n<p><b>\u0412\u044b\u0441\u043e\u043a\u043e\u043a\u0430\u0447\u0435\u0441\u0442\u0432\u0435\u043d\u043d\u0430\u044f \u0437\u0430\u0449\u0438\u0442\u0430 \u0434\u043e\u043c\u0430 \u0438 \u0441\u043f\u043e\u043a\u043e\u0439\u0441\u0442\u0432\u0438\u0435: \u0423\u0432\u043b\u0430\u0436\u043d\u0438\u0442\u0435\u043b\u044c \u0441 \u044d\u0444\u0438\u0440\u043d\u044b\u043c\u0438 \u043c\u0430\u0441\u043b\u0430\u043c\u0438 \u0438 \u0441\u043a\u0440\u044b\u0442\u043e\u0439 \u043a\u0430\u043c\u0435\u0440\u043e\u0439 Full HD<\/b><\/p>\n<p>\u042d\u0442\u043e \u0443\u0441\u0442\u0440\u043e\u0439\u0441\u0442\u0432\u043e \u044f\u0432\u043b\u044f\u0435\u0442\u0441\u044f \u0438\u0434\u0435\u0430\u043b\u044c\u043d\u044b\u043c \u0440\u0435\u0448\u0435\u043d\u0438\u0435\u043c \u0434\u043b\u044f \u0442\u0435\u0445, \u043a\u0442\u043e \u0446\u0435\u043d\u0438\u0442 \u0441\u0442\u0438\u043b\u044c \u0438 \u0431\u0435\u0437\u043e\u043f\u0430\u0441\u043d\u043e\u0441\u0442\u044c. \u0423\u0441\u0442\u0440\u043e\u0439\u0441\u0442\u0432\u043e \u0440\u0430\u0431\u043e\u0442\u0430\u0435\u0442 \u043a\u0430\u043a \u043f\u043e\u043b\u043d\u043e\u0446\u0435\u043d\u043d\u043e\u0435 <b>\u0443\u0432\u043b\u0430\u0436\u043d\u0438\u0442\u0435\u043b\u044c \u044d\u0444\u0438\u0440\u043d\u044b\u0445 \u043c\u0430\u0441\u0435\u043b<\/b> (\u043e\u0431\u044a\u0435\u043c 120 \u043c\u043b), \u0438 \u0435\u0433\u043e \u0434\u0438\u0437\u0430\u0439\u043d \u0434\u0438\u0441\u043a\u0440\u0435\u0442\u043d\u043e \u0441\u043a\u0440\u044b\u0432\u0430\u0435\u0442 \u0432\u044b\u0441\u043e\u043a\u043e\u043a\u0430\u0447\u0435\u0441\u0442\u0432\u0435\u043d\u043d\u0443\u044e \u0441\u0438\u0441\u0442\u0435\u043c\u0443 \u043d\u0430\u0431\u043b\u044e\u0434\u0435\u043d\u0438\u044f, \u043e\u0431\u0435\u0441\u043f\u0435\u0447\u0438\u0432\u0430\u044f \u043c\u0430\u043a\u0441\u0438\u043c\u0430\u043b\u044c\u043d\u0443\u044e \u0437\u0430\u0449\u0438\u0442\u0443 \u0434\u043e\u043c\u0430.<\/p>","protected":false},"excerpt":{"rendered":"<p>Tehniskie parametri: Iesp\u0113ja skat\u012bt att\u0113lu tie\u0161raid\u0113 caur mob. lietotni \u0112terisko e\u013c\u013cu iztvaic\u0113t\u0101js 120ml. \u016bdens tilpums \u016adens tilpums 120ml. 7 kr\u0101su apgaismojums 100% funkcion\u0113jo\u0161s iztvaic\u0113t\u0101js \u0100tra piesl\u0113g\u0161ana aiz\u0146ems tikai 2 min\u016btes&#8230;.<\/p>","protected":false},"featured_media":5016,"template":"","meta":[],"product_brand":[],"product_cat":[330,321,331],"product_tag":[],"class_list":{"0":"post-5015","1":"product","2":"type-product","3":"status-publish","4":"has-post-thumbnail","6":"product_cat-masketas-kameras","7":"product_cat-sleptas-kameras","8":"product_cat-wi-fi-slepenas-kameras","10":"first","11":"instock","12":"purchasable","13":"product-type-simple"},"yoast_head":"<!-- This site is optimized with the Yoast SEO plugin v27.4 - https:\/\/yoast.com\/product\/yoast-seo-wordpress\/ -->\n<title>Gaisa mitrin\u0101t\u0101js difuzors slepen\u0101 kamera<\/title>\n<meta name=\"robots\" content=\"index, follow, max-snippet:-1, max-image-preview:large, max-video-preview:-1\" \/>\n<link rel=\"canonical\" href=\"https:\/\/izsekosanasierices.lv\/ru\/produkts\/uvlazhnitel-vozdukha-diffuzor-skrytaya-kamera\/\" \/>\n<meta property=\"og:locale\" content=\"ru_RU\" \/>\n<meta property=\"og:type\" content=\"article\" \/>\n<meta property=\"og:title\" content=\"Gaisa mitrin\u0101t\u0101js difuzors slepen\u0101 kamera\" \/>\n<meta property=\"og:description\" content=\"Tehniskie parametri: Iesp\u0113ja skat\u012bt att\u0113lu tie\u0161raid\u0113 caur mob. lietotni \u0112terisko e\u013c\u013cu iztvaic\u0113t\u0101js 120ml. \u016bdens tilpums \u016adens tilpums 120ml. 7 kr\u0101su apgaismojums 100% funkcion\u0113jo\u0161s iztvaic\u0113t\u0101js \u0100tra piesl\u0113g\u0161ana aiz\u0146ems tikai 2 min\u016btes....\" \/>\n<meta property=\"og:url\" content=\"https:\/\/izsekosanasierices.lv\/ru\/produkts\/uvlazhnitel-vozdukha-diffuzor-skrytaya-kamera\/\" \/>\n<meta property=\"og:site_name\" content=\"Nr1 Izseko\u0161anas ier\u012bces gps izseko\u0161anas iek\u0101rtas, klaus\u012b\u0161an\u0101s iek\u0101rtas\" \/>\n<meta property=\"article:modified_time\" content=\"2026-04-12T01:26:40+00:00\" \/>\n<meta property=\"og:image\" content=\"https:\/\/izsekosanasierices.lv\/wp-content\/uploads\/slapta-kamera-oro-drekintuvas-32-gb-atmintis.jpeg\" \/>\n\t<meta property=\"og:image:width\" content=\"812\" \/>\n\t<meta property=\"og:image:height\" content=\"810\" \/>\n\t<meta property=\"og:image:type\" content=\"image\/jpeg\" \/>\n<meta name=\"twitter:card\" content=\"summary_large_image\" \/>\n<meta name=\"twitter:label1\" content=\"\u041f\u0440\u0438\u043c\u0435\u0440\u043d\u043e\u0435 \u0432\u0440\u0435\u043c\u044f \u0434\u043b\u044f \u0447\u0442\u0435\u043d\u0438\u044f\" \/>\n\t<meta name=\"twitter:data1\" content=\"2 \u043c\u0438\u043d\u0443\u0442\u044b\" \/>\n<script type=\"application\/ld+json\" class=\"yoast-schema-graph\">{\"@context\":\"https:\\\/\\\/schema.org\",\"@graph\":[{\"@type\":\"WebPage\",\"@id\":\"https:\\\/\\\/izsekosanasierices.lv\\\/produkts\\\/gaisa-mitrinatajs-difuzors-slepena-kamera\\\/\",\"url\":\"https:\\\/\\\/izsekosanasierices.lv\\\/produkts\\\/gaisa-mitrinatajs-difuzors-slepena-kamera\\\/\",\"name\":\"Gaisa mitrin\u0101t\u0101js difuzors slepen\u0101 kamera\",\"isPartOf\":{\"@id\":\"https:\\\/\\\/izsekosanasierices.lv\\\/#website\"},\"primaryImageOfPage\":{\"@id\":\"https:\\\/\\\/izsekosanasierices.lv\\\/produkts\\\/gaisa-mitrinatajs-difuzors-slepena-kamera\\\/#primaryimage\"},\"image\":{\"@id\":\"https:\\\/\\\/izsekosanasierices.lv\\\/produkts\\\/gaisa-mitrinatajs-difuzors-slepena-kamera\\\/#primaryimage\"},\"thumbnailUrl\":\"https:\\\/\\\/izsekosanasierices.lv\\\/wp-content\\\/uploads\\\/slapta-kamera-oro-drekintuvas-32-gb-atmintis.jpeg\",\"datePublished\":\"2025-11-20T11:24:13+00:00\",\"dateModified\":\"2026-04-12T01:26:40+00:00\",\"breadcrumb\":{\"@id\":\"https:\\\/\\\/izsekosanasierices.lv\\\/produkts\\\/gaisa-mitrinatajs-difuzors-slepena-kamera\\\/#breadcrumb\"},\"inLanguage\":\"ru-RU\",\"potentialAction\":[{\"@type\":\"ReadAction\",\"target\":[\"https:\\\/\\\/izsekosanasierices.lv\\\/produkts\\\/gaisa-mitrinatajs-difuzors-slepena-kamera\\\/\"]}]},{\"@type\":\"ImageObject\",\"inLanguage\":\"ru-RU\",\"@id\":\"https:\\\/\\\/izsekosanasierices.lv\\\/produkts\\\/gaisa-mitrinatajs-difuzors-slepena-kamera\\\/#primaryimage\",\"url\":\"https:\\\/\\\/izsekosanasierices.lv\\\/wp-content\\\/uploads\\\/slapta-kamera-oro-drekintuvas-32-gb-atmintis.jpeg\",\"contentUrl\":\"https:\\\/\\\/izsekosanasierices.lv\\\/wp-content\\\/uploads\\\/slapta-kamera-oro-drekintuvas-32-gb-atmintis.jpeg\",\"width\":812,\"height\":810},{\"@type\":\"BreadcrumbList\",\"@id\":\"https:\\\/\\\/izsekosanasierices.lv\\\/produkts\\\/gaisa-mitrinatajs-difuzors-slepena-kamera\\\/#breadcrumb\",\"itemListElement\":[{\"@type\":\"ListItem\",\"position\":1,\"name\":\"S\u0101kums\",\"item\":\"https:\\\/\\\/izsekosanasierices.lv\\\/\"},{\"@type\":\"ListItem\",\"position\":2,\"name\":\"Veikals\",\"item\":\"https:\\\/\\\/izsekosanasierices.lv\\\/veikals\\\/\"},{\"@type\":\"ListItem\",\"position\":3,\"name\":\"Gaisa mitrin\u0101t\u0101js difuzors slepen\u0101 kamera\"}]},{\"@type\":\"WebSite\",\"@id\":\"https:\\\/\\\/izsekosanasierices.lv\\\/#website\",\"url\":\"https:\\\/\\\/izsekosanasierices.lv\\\/\",\"name\":\"Nr1 Izseko\u0161anas ier\u012bces gps izseko\u0161anas iek\u0101rtas, klaus\u012b\u0161an\u0101s iek\u0101rtas\",\"description\":\"\",\"potentialAction\":[{\"@type\":\"SearchAction\",\"target\":{\"@type\":\"EntryPoint\",\"urlTemplate\":\"https:\\\/\\\/izsekosanasierices.lv\\\/?s={search_term_string}\"},\"query-input\":{\"@type\":\"PropertyValueSpecification\",\"valueRequired\":true,\"valueName\":\"search_term_string\"}}],\"inLanguage\":\"ru-RU\"}]}<\/script>\n<!-- \/ Yoast SEO plugin. -->","yoast_head_json":{"title":"Gaisa mitrin\u0101t\u0101js difuzors slepen\u0101 kamera","robots":{"index":"index","follow":"follow","max-snippet":"max-snippet:-1","max-image-preview":"max-image-preview:large","max-video-preview":"max-video-preview:-1"},"canonical":"https:\/\/izsekosanasierices.lv\/ru\/produkts\/uvlazhnitel-vozdukha-diffuzor-skrytaya-kamera\/","og_locale":"ru_RU","og_type":"article","og_title":"Gaisa mitrin\u0101t\u0101js difuzors slepen\u0101 kamera","og_description":"Tehniskie parametri: Iesp\u0113ja skat\u012bt att\u0113lu tie\u0161raid\u0113 caur mob. lietotni \u0112terisko e\u013c\u013cu iztvaic\u0113t\u0101js 120ml. \u016bdens tilpums \u016adens tilpums 120ml. 7 kr\u0101su apgaismojums 100% funkcion\u0113jo\u0161s iztvaic\u0113t\u0101js \u0100tra piesl\u0113g\u0161ana aiz\u0146ems tikai 2 min\u016btes....","og_url":"https:\/\/izsekosanasierices.lv\/ru\/produkts\/uvlazhnitel-vozdukha-diffuzor-skrytaya-kamera\/","og_site_name":"Nr1 Izseko\u0161anas ier\u012bces gps izseko\u0161anas iek\u0101rtas, klaus\u012b\u0161an\u0101s iek\u0101rtas","article_modified_time":"2026-04-12T01:26:40+00:00","og_image":[{"width":812,"height":810,"url":"https:\/\/izsekosanasierices.lv\/wp-content\/uploads\/slapta-kamera-oro-drekintuvas-32-gb-atmintis.jpeg","type":"image\/jpeg"}],"twitter_card":"summary_large_image","twitter_misc":{"\u041f\u0440\u0438\u043c\u0435\u0440\u043d\u043e\u0435 \u0432\u0440\u0435\u043c\u044f \u0434\u043b\u044f \u0447\u0442\u0435\u043d\u0438\u044f":"2 \u043c\u0438\u043d\u0443\u0442\u044b"},"schema":{"@context":"https:\/\/schema.org","@graph":[{"@type":"WebPage","@id":"https:\/\/izsekosanasierices.lv\/produkts\/gaisa-mitrinatajs-difuzors-slepena-kamera\/","url":"https:\/\/izsekosanasierices.lv\/produkts\/gaisa-mitrinatajs-difuzors-slepena-kamera\/","name":"Gaisa mitrin\u0101t\u0101js difuzors slepen\u0101 kamera","isPartOf":{"@id":"https:\/\/izsekosanasierices.lv\/#website"},"primaryImageOfPage":{"@id":"https:\/\/izsekosanasierices.lv\/produkts\/gaisa-mitrinatajs-difuzors-slepena-kamera\/#primaryimage"},"image":{"@id":"https:\/\/izsekosanasierices.lv\/produkts\/gaisa-mitrinatajs-difuzors-slepena-kamera\/#primaryimage"},"thumbnailUrl":"https:\/\/izsekosanasierices.lv\/wp-content\/uploads\/slapta-kamera-oro-drekintuvas-32-gb-atmintis.jpeg","datePublished":"2025-11-20T11:24:13+00:00","dateModified":"2026-04-12T01:26:40+00:00","breadcrumb":{"@id":"https:\/\/izsekosanasierices.lv\/produkts\/gaisa-mitrinatajs-difuzors-slepena-kamera\/#breadcrumb"},"inLanguage":"ru-RU","potentialAction":[{"@type":"ReadAction","target":["https:\/\/izsekosanasierices.lv\/produkts\/gaisa-mitrinatajs-difuzors-slepena-kamera\/"]}]},{"@type":"ImageObject","inLanguage":"ru-RU","@id":"https:\/\/izsekosanasierices.lv\/produkts\/gaisa-mitrinatajs-difuzors-slepena-kamera\/#primaryimage","url":"https:\/\/izsekosanasierices.lv\/wp-content\/uploads\/slapta-kamera-oro-drekintuvas-32-gb-atmintis.jpeg","contentUrl":"https:\/\/izsekosanasierices.lv\/wp-content\/uploads\/slapta-kamera-oro-drekintuvas-32-gb-atmintis.jpeg","width":812,"height":810},{"@type":"BreadcrumbList","@id":"https:\/\/izsekosanasierices.lv\/produkts\/gaisa-mitrinatajs-difuzors-slepena-kamera\/#breadcrumb","itemListElement":[{"@type":"ListItem","position":1,"name":"S\u0101kums","item":"https:\/\/izsekosanasierices.lv\/"},{"@type":"ListItem","position":2,"name":"Veikals","item":"https:\/\/izsekosanasierices.lv\/veikals\/"},{"@type":"ListItem","position":3,"name":"Gaisa mitrin\u0101t\u0101js difuzors slepen\u0101 kamera"}]},{"@type":"WebSite","@id":"https:\/\/izsekosanasierices.lv\/#website","url":"https:\/\/izsekosanasierices.lv\/","name":"Nr1 Izseko\u0161anas ier\u012bces gps izseko\u0161anas iek\u0101rtas, klaus\u012b\u0161an\u0101s iek\u0101rtas","description":"","potentialAction":[{"@type":"SearchAction","target":{"@type":"EntryPoint","urlTemplate":"https:\/\/izsekosanasierices.lv\/?s={search_term_string}"},"query-input":{"@type":"PropertyValueSpecification","valueRequired":true,"valueName":"search_term_string"}}],"inLanguage":"ru-RU"}]}},"_links":{"self":[{"href":"https:\/\/izsekosanasierices.lv\/ru\/wp-json\/wp\/v2\/product\/5015","targetHints":{"allow":["GET"]}}],"collection":[{"href":"https:\/\/izsekosanasierices.lv\/ru\/wp-json\/wp\/v2\/product"}],"about":[{"href":"https:\/\/izsekosanasierices.lv\/ru\/wp-json\/wp\/v2\/types\/product"}],"wp:featuredmedia":[{"embeddable":true,"href":"https:\/\/izsekosanasierices.lv\/ru\/wp-json\/wp\/v2\/media\/5016"}],"wp:attachment":[{"href":"https:\/\/izsekosanasierices.lv\/ru\/wp-json\/wp\/v2\/media?parent=5015"}],"wp:term":[{"taxonomy":"product_brand","embeddable":true,"href":"https:\/\/izsekosanasierices.lv\/ru\/wp-json\/wp\/v2\/product_brand?post=5015"},{"taxonomy":"product_cat","embeddable":true,"href":"https:\/\/izsekosanasierices.lv\/ru\/wp-json\/wp\/v2\/product_cat?post=5015"},{"taxonomy":"product_tag","embeddable":true,"href":"https:\/\/izsekosanasierices.lv\/ru\/wp-json\/wp\/v2\/product_tag?post=5015"}],"curies":[{"name":"wp","href":"https:\/\/api.w.org\/{rel}","templated":true}]}}