{"id":5031,"date":"2025-11-20T13:25:07","date_gmt":"2025-11-20T11:25:07","guid":{"rendered":"https:\/\/izsekosanasierices.lv\/?post_type=product&#038;p=5031"},"modified":"2025-11-20T14:55:13","modified_gmt":"2025-11-20T12:55:13","slug":"pro-hq-serijas-pildspalva-slepenais-diktofons-32gb","status":"publish","type":"product","link":"https:\/\/izsekosanasierices.lv\/ru\/produkts\/pro-hq-seriya-ruchka-s-sekretnym-diktofonom-32gb\/","title":{"rendered":"PRO HQ \u0441\u0435\u0440\u0438\u0438 \u0420\u0443\u0447\u043a\u0430 \u0441\u0435\u043a\u0440\u0435\u0442\u043d\u044b\u0439 \u0434\u0438\u043a\u0442\u043e\u0444\u043e\u043d 32GB"},"content":{"rendered":"<h3><strong>\u0422\u0435\u0445\u043d\u0438\u0447\u0435\u0441\u043a\u0438\u0435 \u043f\u0430\u0440\u0430\u043c\u0435\u0442\u0440\u044b:<\/strong><\/h3>\n<ul>\n<li>\u0414\u0438\u0430\u043f\u0430\u0437\u043e\u043d: \u0434\u043e 6-20 \u043c<\/li>\n<li>\u0418\u043d\u0442\u0435\u043b\u043b\u0435\u043a\u0442\u0443\u0430\u043b\u044c\u043d\u0430\u044f \u0441\u0438\u0441\u0442\u0435\u043c\u0430 \u043f\u043e\u0434\u0430\u0432\u043b\u0435\u043d\u0438\u044f \u0448\u0443\u043c\u0430<\/li>\n<li>\u0412\u043e\u0437\u043c\u043e\u0436\u043d\u043e\u0441\u0442\u044c \u0440\u0435\u0433\u0443\u043b\u0438\u0440\u043e\u0432\u043a\u0438 \u043a\u0430\u0447\u0435\u0441\u0442\u0432\u0430 \u0437\u0430\u043f\u0438\u0441\u0438<\/li>\n<li>\u0410\u0432\u0442\u043e\u043c\u0430\u0442\u0438\u0447\u0435\u0441\u043a\u043e\u0435 \u0432\u043e\u0441\u043f\u0440\u043e\u0438\u0437\u0432\u0435\u0434\u0435\u043d\u0438\u0435 \u0437\u0430\u043f\u0438\u0441\u0435\u0439<\/li>\n<li>\u041a\u0430\u0447\u0435\u0441\u0442\u0432\u043e \u0437\u0430\u043f\u0438\u0441\u0438: \u043e\u0442 192 kbps \u0434\u043e 512 kbps<\/li>\n<li>\u0412\u043d\u0443\u0442\u0440\u0435\u043d\u043d\u044f\u044f \u043f\u0430\u043c\u044f\u0442\u044c: 32GB<\/li>\n<li>\u0412\u0440\u0435\u043c\u044f \u0440\u0430\u0431\u043e\u0442\u044b: \u043f\u0440\u0438\u043c\u0435\u0440\u043d\u043e 25 \u0447\u0430\u0441\u043e\u0432 (\u0431\u0435\u0437 \u0437\u0430\u0440\u044f\u0434\u043a\u0438 \u0432\u044b\u043f\u043e\u043b\u043d\u044f\u0435\u0442 \u0437\u0430\u043f\u0438\u0441\u044c)<\/li>\n<li>\u041a\u043e\u0440\u043f\u0443\u0441: \u0430\u043b\u044e\u043c\u0438\u043d\u0438\u0439 \u0447\u0435\u0440\u043d\u044b\u0439<\/li>\n<li>\u0420\u0430\u0437\u0440\u044f\u0436\u0435\u043d\u043d\u044b\u0439 \u0430\u043a\u043a\u0443\u043c\u0443\u043b\u044f\u0442\u043e\u0440 \u043d\u0435 \u0438\u0437\u0434\u0430\u0435\u0442 \u043d\u0438\u043a\u0430\u043a\u0438\u0445 \u0437\u0432\u0443\u043a\u043e\u0432<\/li>\n<li>\u0412\u043e\u0437\u043c\u043e\u0436\u043d\u043e\u0441\u0442\u044c \u043e\u0431\u043d\u0430\u0440\u0443\u0436\u0435\u043d\u0438\u044f \u0433\u043e\u043b\u043e\u0441\u043e\u0432\u0430\u043d\u0438\u044f: \u0414\u0410<\/li>\n<li>\u041f\u043e\u0441\u0442\u043e\u044f\u043d\u043d\u0430\u044f \u0437\u0430\u043f\u0438\u0441\u044c \u0437\u0432\u0443\u043a\u0430: \u0414\u0410<\/li>\n<li>\u0424\u043e\u0440\u043c\u0430\u0442 \u0437\u0430\u043f\u0438\u0441\u0438: WAV<\/li>\n<li>\u041f\u043e\u0434\u0434\u0435\u0440\u0436\u0438\u0432\u0430\u0435\u043c\u044b\u0435 \u0441\u0438\u0441\u0442\u0435\u043c\u044b Windows<\/li>\n<li>\u0420\u0430\u0437\u043c\u0435\u0440 \u043a\u043e\u0440\u043f\u0443\u0441\u0430: \u041d\u0415 \u041e\u0422\u041b\u0418\u0427\u0410\u0415\u0422\u0421\u042f \u041e\u0422 \u041e\u0411\u042b\u0427\u041d\u041e\u0413\u041e \u0420\u0423\u0427\u041a\u0418 (\u041d\u0415 \u0411\u041e\u041b\u042c\u0428\u0415 \u041e\u0411\u042b\u0427\u041d\u042b\u0425 \u0420\u0423\u0427\u0415\u041a)<\/li>\n<li>\u0413\u0430\u0440\u0430\u043d\u0442\u0438\u044f 12 \u043c\u0435\u0441\u044f\u0446\u0435\u0432.<\/li>\n<\/ul>\n<p><span style=\"color: #d0121a\"><strong>\u041d\u0443\u0436\u043d\u0430 \u0431\u044b\u0441\u0442\u0440\u0430\u044f \u0434\u043e\u0441\u0442\u0430\u0432\u043a\u0430, \u0432 \u0442\u043e\u0442 \u0436\u0435 \u0434\u0435\u043d\u044c? (\u0438 \u0432 \u0432\u044b\u0445\u043e\u0434\u043d\u044b\u0435) \u2013 \u0437\u0432\u043e\u043d\u0438\u0442\u0435 +37068411114<\/strong><\/span><\/p>","protected":false},"excerpt":{"rendered":"<p>Tehniskie parametri: Diapazons: l\u012bdz 6-20 m Inteli\u0123enta trok\u0161\u0146u sl\u0101p\u0113\u0161anas sist\u0113ma Iesp\u0113ja regul\u0113t ieraksta kvalit\u0101ti Autom\u0101tiska ierakstu atska\u0146o\u0161ana Ieraksta kvalit\u0101te: no 192 kbps l\u012bdz 512 kbps Iek\u0161\u0113j\u0101 atmi\u0146a: 32GB Darba laiks:&#8230;<\/p>","protected":false},"featured_media":5032,"template":"","meta":[],"product_brand":[],"product_cat":[342,335],"product_tag":[],"class_list":{"0":"post-5031","1":"product","2":"type-product","3":"status-publish","4":"has-post-thumbnail","6":"product_cat-diktofoni","7":"product_cat-noklausisanas-ierices","9":"first","10":"instock","11":"purchasable","12":"product-type-simple"},"yoast_head":"<!-- This site is optimized with the Yoast SEO plugin v27.4 - https:\/\/yoast.com\/product\/yoast-seo-wordpress\/ -->\n<title>PRO HQ s\u0113rijas Pildspalva slepenais diktofons 32GB<\/title>\n<meta name=\"robots\" content=\"index, follow, max-snippet:-1, max-image-preview:large, max-video-preview:-1\" \/>\n<link rel=\"canonical\" href=\"https:\/\/izsekosanasierices.lv\/ru\/produkts\/pro-hq-seriya-ruchka-s-sekretnym-diktofonom-32gb\/\" \/>\n<meta property=\"og:locale\" content=\"ru_RU\" \/>\n<meta property=\"og:type\" content=\"article\" \/>\n<meta property=\"og:title\" content=\"PRO HQ s\u0113rijas Pildspalva slepenais diktofons 32GB\" \/>\n<meta property=\"og:description\" content=\"Tehniskie parametri: Diapazons: l\u012bdz 6-20 m Inteli\u0123enta trok\u0161\u0146u sl\u0101p\u0113\u0161anas sist\u0113ma Iesp\u0113ja regul\u0113t ieraksta kvalit\u0101ti Autom\u0101tiska ierakstu atska\u0146o\u0161ana Ieraksta kvalit\u0101te: no 192 kbps l\u012bdz 512 kbps Iek\u0161\u0113j\u0101 atmi\u0146a: 32GB Darba laiks:...\" \/>\n<meta property=\"og:url\" content=\"https:\/\/izsekosanasierices.lv\/ru\/produkts\/pro-hq-seriya-ruchka-s-sekretnym-diktofonom-32gb\/\" \/>\n<meta property=\"og:site_name\" content=\"Nr1 Izseko\u0161anas ier\u012bces gps izseko\u0161anas iek\u0101rtas, klaus\u012b\u0161an\u0101s iek\u0101rtas\" \/>\n<meta property=\"article:modified_time\" content=\"2025-11-20T12:55:13+00:00\" \/>\n<meta property=\"og:image\" content=\"https:\/\/izsekosanasierices.lv\/wp-content\/uploads\/PRO-HQ-diktofonas.jpeg\" \/>\n\t<meta property=\"og:image:width\" content=\"986\" \/>\n\t<meta property=\"og:image:height\" content=\"986\" \/>\n\t<meta property=\"og:image:type\" content=\"image\/jpeg\" \/>\n<meta name=\"twitter:card\" content=\"summary_large_image\" \/>\n<meta name=\"twitter:label1\" content=\"\u041f\u0440\u0438\u043c\u0435\u0440\u043d\u043e\u0435 \u0432\u0440\u0435\u043c\u044f \u0434\u043b\u044f \u0447\u0442\u0435\u043d\u0438\u044f\" \/>\n\t<meta name=\"twitter:data1\" content=\"1 \u043c\u0438\u043d\u0443\u0442\u0430\" \/>\n<script type=\"application\/ld+json\" class=\"yoast-schema-graph\">{\"@context\":\"https:\\\/\\\/schema.org\",\"@graph\":[{\"@type\":\"WebPage\",\"@id\":\"https:\\\/\\\/izsekosanasierices.lv\\\/produkts\\\/pro-hq-serijas-pildspalva-slepenais-diktofons-32gb\\\/\",\"url\":\"https:\\\/\\\/izsekosanasierices.lv\\\/produkts\\\/pro-hq-serijas-pildspalva-slepenais-diktofons-32gb\\\/\",\"name\":\"PRO HQ s\u0113rijas Pildspalva slepenais diktofons 32GB\",\"isPartOf\":{\"@id\":\"https:\\\/\\\/izsekosanasierices.lv\\\/#website\"},\"primaryImageOfPage\":{\"@id\":\"https:\\\/\\\/izsekosanasierices.lv\\\/produkts\\\/pro-hq-serijas-pildspalva-slepenais-diktofons-32gb\\\/#primaryimage\"},\"image\":{\"@id\":\"https:\\\/\\\/izsekosanasierices.lv\\\/produkts\\\/pro-hq-serijas-pildspalva-slepenais-diktofons-32gb\\\/#primaryimage\"},\"thumbnailUrl\":\"https:\\\/\\\/izsekosanasierices.lv\\\/wp-content\\\/uploads\\\/PRO-HQ-diktofonas.jpeg\",\"datePublished\":\"2025-11-20T11:25:07+00:00\",\"dateModified\":\"2025-11-20T12:55:13+00:00\",\"breadcrumb\":{\"@id\":\"https:\\\/\\\/izsekosanasierices.lv\\\/produkts\\\/pro-hq-serijas-pildspalva-slepenais-diktofons-32gb\\\/#breadcrumb\"},\"inLanguage\":\"ru-RU\",\"potentialAction\":[{\"@type\":\"ReadAction\",\"target\":[\"https:\\\/\\\/izsekosanasierices.lv\\\/produkts\\\/pro-hq-serijas-pildspalva-slepenais-diktofons-32gb\\\/\"]}]},{\"@type\":\"ImageObject\",\"inLanguage\":\"ru-RU\",\"@id\":\"https:\\\/\\\/izsekosanasierices.lv\\\/produkts\\\/pro-hq-serijas-pildspalva-slepenais-diktofons-32gb\\\/#primaryimage\",\"url\":\"https:\\\/\\\/izsekosanasierices.lv\\\/wp-content\\\/uploads\\\/PRO-HQ-diktofonas.jpeg\",\"contentUrl\":\"https:\\\/\\\/izsekosanasierices.lv\\\/wp-content\\\/uploads\\\/PRO-HQ-diktofonas.jpeg\",\"width\":986,\"height\":986},{\"@type\":\"BreadcrumbList\",\"@id\":\"https:\\\/\\\/izsekosanasierices.lv\\\/produkts\\\/pro-hq-serijas-pildspalva-slepenais-diktofons-32gb\\\/#breadcrumb\",\"itemListElement\":[{\"@type\":\"ListItem\",\"position\":1,\"name\":\"S\u0101kums\",\"item\":\"https:\\\/\\\/izsekosanasierices.lv\\\/\"},{\"@type\":\"ListItem\",\"position\":2,\"name\":\"Veikals\",\"item\":\"https:\\\/\\\/izsekosanasierices.lv\\\/veikals\\\/\"},{\"@type\":\"ListItem\",\"position\":3,\"name\":\"PRO HQ s\u0113rijas Pildspalva slepenais diktofons 32GB\"}]},{\"@type\":\"WebSite\",\"@id\":\"https:\\\/\\\/izsekosanasierices.lv\\\/#website\",\"url\":\"https:\\\/\\\/izsekosanasierices.lv\\\/\",\"name\":\"Nr1 Izseko\u0161anas ier\u012bces gps izseko\u0161anas iek\u0101rtas, klaus\u012b\u0161an\u0101s iek\u0101rtas\",\"description\":\"\",\"potentialAction\":[{\"@type\":\"SearchAction\",\"target\":{\"@type\":\"EntryPoint\",\"urlTemplate\":\"https:\\\/\\\/izsekosanasierices.lv\\\/?s={search_term_string}\"},\"query-input\":{\"@type\":\"PropertyValueSpecification\",\"valueRequired\":true,\"valueName\":\"search_term_string\"}}],\"inLanguage\":\"ru-RU\"}]}<\/script>\n<!-- \/ Yoast SEO plugin. -->","yoast_head_json":{"title":"PRO HQ s\u0113rijas Pildspalva slepenais diktofons 32GB","robots":{"index":"index","follow":"follow","max-snippet":"max-snippet:-1","max-image-preview":"max-image-preview:large","max-video-preview":"max-video-preview:-1"},"canonical":"https:\/\/izsekosanasierices.lv\/ru\/produkts\/pro-hq-seriya-ruchka-s-sekretnym-diktofonom-32gb\/","og_locale":"ru_RU","og_type":"article","og_title":"PRO HQ s\u0113rijas Pildspalva slepenais diktofons 32GB","og_description":"Tehniskie parametri: Diapazons: l\u012bdz 6-20 m Inteli\u0123enta trok\u0161\u0146u sl\u0101p\u0113\u0161anas sist\u0113ma Iesp\u0113ja regul\u0113t ieraksta kvalit\u0101ti Autom\u0101tiska ierakstu atska\u0146o\u0161ana Ieraksta kvalit\u0101te: no 192 kbps l\u012bdz 512 kbps Iek\u0161\u0113j\u0101 atmi\u0146a: 32GB Darba laiks:...","og_url":"https:\/\/izsekosanasierices.lv\/ru\/produkts\/pro-hq-seriya-ruchka-s-sekretnym-diktofonom-32gb\/","og_site_name":"Nr1 Izseko\u0161anas ier\u012bces gps izseko\u0161anas iek\u0101rtas, klaus\u012b\u0161an\u0101s iek\u0101rtas","article_modified_time":"2025-11-20T12:55:13+00:00","og_image":[{"width":986,"height":986,"url":"https:\/\/izsekosanasierices.lv\/wp-content\/uploads\/PRO-HQ-diktofonas.jpeg","type":"image\/jpeg"}],"twitter_card":"summary_large_image","twitter_misc":{"\u041f\u0440\u0438\u043c\u0435\u0440\u043d\u043e\u0435 \u0432\u0440\u0435\u043c\u044f \u0434\u043b\u044f \u0447\u0442\u0435\u043d\u0438\u044f":"1 \u043c\u0438\u043d\u0443\u0442\u0430"},"schema":{"@context":"https:\/\/schema.org","@graph":[{"@type":"WebPage","@id":"https:\/\/izsekosanasierices.lv\/produkts\/pro-hq-serijas-pildspalva-slepenais-diktofons-32gb\/","url":"https:\/\/izsekosanasierices.lv\/produkts\/pro-hq-serijas-pildspalva-slepenais-diktofons-32gb\/","name":"PRO HQ s\u0113rijas Pildspalva slepenais diktofons 32GB","isPartOf":{"@id":"https:\/\/izsekosanasierices.lv\/#website"},"primaryImageOfPage":{"@id":"https:\/\/izsekosanasierices.lv\/produkts\/pro-hq-serijas-pildspalva-slepenais-diktofons-32gb\/#primaryimage"},"image":{"@id":"https:\/\/izsekosanasierices.lv\/produkts\/pro-hq-serijas-pildspalva-slepenais-diktofons-32gb\/#primaryimage"},"thumbnailUrl":"https:\/\/izsekosanasierices.lv\/wp-content\/uploads\/PRO-HQ-diktofonas.jpeg","datePublished":"2025-11-20T11:25:07+00:00","dateModified":"2025-11-20T12:55:13+00:00","breadcrumb":{"@id":"https:\/\/izsekosanasierices.lv\/produkts\/pro-hq-serijas-pildspalva-slepenais-diktofons-32gb\/#breadcrumb"},"inLanguage":"ru-RU","potentialAction":[{"@type":"ReadAction","target":["https:\/\/izsekosanasierices.lv\/produkts\/pro-hq-serijas-pildspalva-slepenais-diktofons-32gb\/"]}]},{"@type":"ImageObject","inLanguage":"ru-RU","@id":"https:\/\/izsekosanasierices.lv\/produkts\/pro-hq-serijas-pildspalva-slepenais-diktofons-32gb\/#primaryimage","url":"https:\/\/izsekosanasierices.lv\/wp-content\/uploads\/PRO-HQ-diktofonas.jpeg","contentUrl":"https:\/\/izsekosanasierices.lv\/wp-content\/uploads\/PRO-HQ-diktofonas.jpeg","width":986,"height":986},{"@type":"BreadcrumbList","@id":"https:\/\/izsekosanasierices.lv\/produkts\/pro-hq-serijas-pildspalva-slepenais-diktofons-32gb\/#breadcrumb","itemListElement":[{"@type":"ListItem","position":1,"name":"S\u0101kums","item":"https:\/\/izsekosanasierices.lv\/"},{"@type":"ListItem","position":2,"name":"Veikals","item":"https:\/\/izsekosanasierices.lv\/veikals\/"},{"@type":"ListItem","position":3,"name":"PRO HQ s\u0113rijas Pildspalva slepenais diktofons 32GB"}]},{"@type":"WebSite","@id":"https:\/\/izsekosanasierices.lv\/#website","url":"https:\/\/izsekosanasierices.lv\/","name":"Nr1 Izseko\u0161anas ier\u012bces gps izseko\u0161anas iek\u0101rtas, klaus\u012b\u0161an\u0101s iek\u0101rtas","description":"","potentialAction":[{"@type":"SearchAction","target":{"@type":"EntryPoint","urlTemplate":"https:\/\/izsekosanasierices.lv\/?s={search_term_string}"},"query-input":{"@type":"PropertyValueSpecification","valueRequired":true,"valueName":"search_term_string"}}],"inLanguage":"ru-RU"}]}},"_links":{"self":[{"href":"https:\/\/izsekosanasierices.lv\/ru\/wp-json\/wp\/v2\/product\/5031","targetHints":{"allow":["GET"]}}],"collection":[{"href":"https:\/\/izsekosanasierices.lv\/ru\/wp-json\/wp\/v2\/product"}],"about":[{"href":"https:\/\/izsekosanasierices.lv\/ru\/wp-json\/wp\/v2\/types\/product"}],"wp:featuredmedia":[{"embeddable":true,"href":"https:\/\/izsekosanasierices.lv\/ru\/wp-json\/wp\/v2\/media\/5032"}],"wp:attachment":[{"href":"https:\/\/izsekosanasierices.lv\/ru\/wp-json\/wp\/v2\/media?parent=5031"}],"wp:term":[{"taxonomy":"product_brand","embeddable":true,"href":"https:\/\/izsekosanasierices.lv\/ru\/wp-json\/wp\/v2\/product_brand?post=5031"},{"taxonomy":"product_cat","embeddable":true,"href":"https:\/\/izsekosanasierices.lv\/ru\/wp-json\/wp\/v2\/product_cat?post=5031"},{"taxonomy":"product_tag","embeddable":true,"href":"https:\/\/izsekosanasierices.lv\/ru\/wp-json\/wp\/v2\/product_tag?post=5031"}],"curies":[{"name":"wp","href":"https:\/\/api.w.org\/{rel}","templated":true}]}}