{"id":5436,"date":"2026-04-03T09:48:23","date_gmt":"2026-04-03T06:48:23","guid":{"rendered":"https:\/\/izsekosanasierices.lv\/?post_type=product&#038;p=5436"},"modified":"2026-04-03T09:48:23","modified_gmt":"2026-04-03T06:48:23","slug":"pro-diktofons-ar-jaudigu-akumulatoru-2000mah-160st-darbiba","status":"publish","type":"product","link":"https:\/\/izsekosanasierices.lv\/ru\/produkts\/pro-diktofons-ar-jaudigu-akumulatoru-2000mah-160st-darbiba\/","title":{"rendered":"PRo Diktofons ar jaud\u012bgu akumulatoru 2000mAh 160st. darb\u012bba"},"content":{"rendered":"<h3><strong>\u0422\u0435\u0445\u043d\u0438\u0447\u0435\u0441\u043a\u0438\u0435 \u043f\u0430\u0440\u0430\u043c\u0435\u0442\u0440\u044b:<\/strong><\/h3>\n<ul>\n<li>Mikrofona jut\u012bba: apm\u0113ram 10-20 metri<\/li>\n<li>L\u012bdz 900 stund\u0101m ieraksta bez uzl\u0101des, t.i., apm\u0113ram 18 dienas<\/li>\n<li>Ieraksta kvalit\u0101te: 256 kbps l\u012bdz 512 kbps<\/li>\n<li>HD trok\u0161\u0146u sl\u0101p\u0113\u0161ana<\/li>\n<li>Iesl\u0113g\u0161ana ar viena pogas nospie\u0161anu<\/li>\n<li>Ieraksti tiek veikti ar laika un datuma z\u012bmi<\/li>\n<li>OTG var piesl\u0113gt pie Android telefona (p\u0101rl\u016bkot ierakstus), nepiecie\u0161ams OTG USB adapteris<\/li>\n<li>Iesp\u0113ja iestat\u012bt ska\u0146as kvalit\u0101ti, trok\u0161\u0146u sl\u0101p\u0113\u0161anas l\u012bmeni<\/li>\n<li>DSP procesors<\/li>\n<li>Akt\u012bv\u0101 \u0101r\u0113j\u0101 trok\u0161\u0146u sl\u0101p\u0113\u0161ana<\/li>\n<li>\u0412\u043d\u0443\u0442\u0440\u0435\u043d\u043d\u044f\u044f \u043f\u0430\u043c\u044f\u0442\u044c: 8 \u0413\u0411<\/li>\n<li>Akumulatora jauda: 2000 mAh<\/li>\n<li>Izs\u012bkstot akumulatoram, nerada nek\u0101dus trok\u0161\u0146us<\/li>\n<li>Balso\u0161anas atpaz\u012b\u0161anas iesp\u0113ja: J\u0100<\/li>\n<li>Past\u0101v\u012bgs ieraksts: J\u0100<\/li>\n<li>Ieraksta form\u0101ts: WAV vai mp3<\/li>\n<li>\u041f\u043e\u0434\u0434\u0435\u0440\u0436\u0438\u0432\u0430\u0435\u043c\u044b\u0435 \u0441\u0438\u0441\u0442\u0435\u043c\u044b Windows<\/li>\n<li>Korpusa izm\u0113rs: biezums 205 mm x platums 380 mm x garums 400 mm<\/li>\n<li><strong>\u0413\u0410\u0420\u0410\u041d\u0422\u0418\u042f 12 \u043c\u0435\u0441\u044f\u0446\u0435\u0432.<\/strong><\/li>\n<\/ul>\n<p><span style=\"color: #d0121a\"><strong>Ja Jums nepiecie\u0161ams \u0101trs pieg\u0101de, taj\u0101 pa\u0161\u0101 dien\u0101 (un br\u012bvdien\u0101s) &#8211; zvaniet +37068411114<\/strong><\/span><\/p>\n<p>Izmanto\u0161ana: Savu, b\u0113rnu aizsardz\u012bbai.<\/p>\n<p class=\"isSelectedEnd\">Slepenais diktofons \u2013 praktisks un uzticams risin\u0101jums diskretai ska\u0146as ierakst\u012b\u0161anai da\u017e\u0101d\u0101s situ\u0101cij\u0101s. Tas lieliski der gan sarunu fiks\u0113\u0161anai, gan b\u0113rnu dro\u0161\u012bbai, gan darba vid\u0113. Neitr\u0101lais un sol\u012bdais dizains neizraisa aizdomas, t\u0101p\u0113c to var tur\u0113t redzam\u0101 viet\u0101 vai viegli pasl\u0113pt.<\/p>\n<p class=\"isSelectedEnd\">Diktofonu var piestiprin\u0101t pie met\u0101la virsm\u0101m vai pasl\u0113pt aiz radiatora, m\u0113be\u013cu vai cit\u0101 nepaman\u0101m\u0101 viet\u0101. Gaid\u012b\u0161anas re\u017e\u012bms \u013cauj maksim\u0101li taup\u012bt akumulatoru, bet akt\u012bv\u0101 ierakst\u012b\u0161anas laik\u0101 nodro\u0161ina ilgas darba stundas bez p\u0101rtraukumiem. Augstas kvalit\u0101tes mikrofons nodro\u0161ina skaidru, t\u012bru ska\u0146u pat sare\u017e\u0123\u012bt\u0101kos akustiskajos apst\u0101k\u013cos.<\/p>\n<p class=\"isSelectedEnd\">Ier\u012bc\u0113 integr\u0113t\u0101 8 GB iek\u0161\u0113j\u0101 atmi\u0146a \u013cauj uzkr\u0101t lielu skaitu ierakstu. Var izv\u0113l\u0113ties past\u0101v\u012bgu ierakst\u012b\u0161anu vai iesl\u0113gt balso\u0161anas atpaz\u012b\u0161anas funkciju, kas autom\u0101tiski s\u0101k ierakstu tikai par\u0101doties ska\u0146ai. Vad\u012bba ir \u013coti vienk\u0101r\u0161a \u2013 ar viena pogas nospie\u0161anu, t\u0101p\u0113c diktofons ir piem\u0113rots ar\u012b tehnolo\u0123iski maz\u0101k pieredz\u0113ju\u0161iem lietot\u0101jiem.<\/p>\n<p class=\"isSelectedEnd\">Galvenie priek\u0161roc\u012bbas un tehnisk\u0101s \u012bpa\u0161\u012bbas:<br \/>\n\u2013 Mikrofona jut\u012bba: apm\u0113ram 10\u201320 metri<br \/>\n\u2013 L\u012bdz 900 stund\u0101m ierakstu bez uzl\u0101des (apm\u0113ram 18 dienas)<br \/>\n\u2013 Ieraksta kvalit\u0101te: no 256 kbps l\u012bdz 512 kbps<br \/>\n\u2013 HD trok\u0161\u0146u sl\u0101p\u0113\u0161ana un akt\u012bv\u0101 \u0101r\u0113j\u0101 trok\u0161\u0146u samazin\u0101\u0161ana<br \/>\n\u2013 DSP procesors<br \/>\n\u2013 Ieraksti ar datuma un laika z\u012bmi<br \/>\n\u2013 Balso\u0161anas atpaz\u012b\u0161anas funkcija: j\u0101<br \/>\n\u2013 Past\u0101v\u012bgs ieraksts: j\u0101<br \/>\n\u2013 Ieraksta form\u0101ts: WAV vai MP3<br \/>\n\u2013 Iek\u0161\u0113j\u0101 atmi\u0146a: 8 GB<br \/>\n\u2013 Akumulatora jauda: 2000 mAh<br \/>\n\u2013 Izs\u012bkstot akumulatoram, nerada nek\u0101dus trok\u0161\u0146us<br \/>\n\u2013 OTG atbalsts (iesp\u0113ja piesl\u0113gt pie Android telefona un p\u0101rl\u016bkot ierakstus)<br \/>\n\u2013 Atbalst\u012bt\u0101 sist\u0113ma: Windows<br \/>\n\u2013 Korpusa izm\u0113rs: biezums 205 mm x platums 380 mm x garums 400 mm<\/p>\n<p class=\"isSelectedEnd\">\u0160is slepenais diktofons \u2013 tas ir uzticams izv\u0113le tiem, kuri nov\u0113rt\u0113 diskreciju, augstu ska\u0146as kvalit\u0101ti un ilgu darb\u012bbas laiku bez papildu uzl\u0101des.<\/p>","protected":false},"excerpt":{"rendered":"<p>Tehniskie parametri: Mikrofona jut\u012bba: apm\u0113ram 10-20 metri L\u012bdz 900 stund\u0101m ieraksta bez uzl\u0101des, t.i., apm\u0113ram 18 dienas Ieraksta kvalit\u0101te: 256 kbps l\u012bdz 512 kbps HD trok\u0161\u0146u sl\u0101p\u0113\u0161ana Iesl\u0113g\u0161ana ar viena&#8230;<\/p>","protected":false},"featured_media":5359,"template":"","meta":[],"product_brand":[],"product_cat":[342,335],"product_tag":[],"class_list":{"0":"post-5436","1":"product","2":"type-product","3":"status-publish","4":"has-post-thumbnail","6":"product_cat-diktofoni","7":"product_cat-noklausisanas-ierices","9":"first","10":"instock","11":"taxable","12":"shipping-taxable","13":"purchasable","14":"product-type-simple"},"yoast_head":"<!-- This site is optimized with the Yoast SEO plugin v27.3 - https:\/\/yoast.com\/product\/yoast-seo-wordpress\/ -->\n<title>PRo Diktofons ar jaud\u012bgu akumulatoru 2000mAh 160st. darb\u012bba<\/title>\n<meta name=\"robots\" content=\"index, follow, max-snippet:-1, max-image-preview:large, max-video-preview:-1\" \/>\n<link rel=\"canonical\" href=\"https:\/\/izsekosanasierices.lv\/ru\/produkts\/pro-diktofons-ar-jaudigu-akumulatoru-2000mah-160st-darbiba\/\" \/>\n<meta property=\"og:locale\" content=\"ru_RU\" \/>\n<meta property=\"og:type\" content=\"article\" \/>\n<meta property=\"og:title\" content=\"PRo Diktofons ar jaud\u012bgu akumulatoru 2000mAh 160st. darb\u012bba\" \/>\n<meta property=\"og:description\" content=\"Tehniskie parametri: Mikrofona jut\u012bba: apm\u0113ram 10-20 metri L\u012bdz 900 stund\u0101m ieraksta bez uzl\u0101des, t.i., apm\u0113ram 18 dienas Ieraksta kvalit\u0101te: 256 kbps l\u012bdz 512 kbps HD trok\u0161\u0146u sl\u0101p\u0113\u0161ana Iesl\u0113g\u0161ana ar viena...\" \/>\n<meta property=\"og:url\" content=\"https:\/\/izsekosanasierices.lv\/ru\/produkts\/pro-diktofons-ar-jaudigu-akumulatoru-2000mah-160st-darbiba\/\" \/>\n<meta property=\"og:site_name\" content=\"Nr1 Izseko\u0161anas ier\u012bces gps izseko\u0161anas iek\u0101rtas, klaus\u012b\u0161an\u0101s iek\u0101rtas\" \/>\n<meta property=\"og:image\" content=\"https:\/\/izsekosanasierices.lv\/wp-content\/uploads\/profesionalus-diktofonas-1.jpeg\" \/>\n\t<meta property=\"og:image:width\" content=\"780\" \/>\n\t<meta property=\"og:image:height\" content=\"782\" \/>\n\t<meta property=\"og:image:type\" content=\"image\/jpeg\" \/>\n<meta name=\"twitter:card\" content=\"summary_large_image\" \/>\n<meta name=\"twitter:label1\" content=\"\u041f\u0440\u0438\u043c\u0435\u0440\u043d\u043e\u0435 \u0432\u0440\u0435\u043c\u044f \u0434\u043b\u044f \u0447\u0442\u0435\u043d\u0438\u044f\" \/>\n\t<meta name=\"twitter:data1\" content=\"3 \u043c\u0438\u043d\u0443\u0442\u044b\" \/>\n<script type=\"application\/ld+json\" class=\"yoast-schema-graph\">{\"@context\":\"https:\\\/\\\/schema.org\",\"@graph\":[{\"@type\":\"WebPage\",\"@id\":\"https:\\\/\\\/izsekosanasierices.lv\\\/produkts\\\/pro-diktofons-ar-jaudigu-akumulatoru-2000mah-160st-darbiba\\\/\",\"url\":\"https:\\\/\\\/izsekosanasierices.lv\\\/produkts\\\/pro-diktofons-ar-jaudigu-akumulatoru-2000mah-160st-darbiba\\\/\",\"name\":\"PRo Diktofons ar jaud\u012bgu akumulatoru 2000mAh 160st. darb\u012bba\",\"isPartOf\":{\"@id\":\"https:\\\/\\\/izsekosanasierices.lv\\\/#website\"},\"primaryImageOfPage\":{\"@id\":\"https:\\\/\\\/izsekosanasierices.lv\\\/produkts\\\/pro-diktofons-ar-jaudigu-akumulatoru-2000mah-160st-darbiba\\\/#primaryimage\"},\"image\":{\"@id\":\"https:\\\/\\\/izsekosanasierices.lv\\\/produkts\\\/pro-diktofons-ar-jaudigu-akumulatoru-2000mah-160st-darbiba\\\/#primaryimage\"},\"thumbnailUrl\":\"https:\\\/\\\/izsekosanasierices.lv\\\/wp-content\\\/uploads\\\/profesionalus-diktofonas-1.jpeg\",\"datePublished\":\"2026-04-03T06:48:23+00:00\",\"breadcrumb\":{\"@id\":\"https:\\\/\\\/izsekosanasierices.lv\\\/produkts\\\/pro-diktofons-ar-jaudigu-akumulatoru-2000mah-160st-darbiba\\\/#breadcrumb\"},\"inLanguage\":\"ru-RU\",\"potentialAction\":[{\"@type\":\"ReadAction\",\"target\":[\"https:\\\/\\\/izsekosanasierices.lv\\\/produkts\\\/pro-diktofons-ar-jaudigu-akumulatoru-2000mah-160st-darbiba\\\/\"]}]},{\"@type\":\"ImageObject\",\"inLanguage\":\"ru-RU\",\"@id\":\"https:\\\/\\\/izsekosanasierices.lv\\\/produkts\\\/pro-diktofons-ar-jaudigu-akumulatoru-2000mah-160st-darbiba\\\/#primaryimage\",\"url\":\"https:\\\/\\\/izsekosanasierices.lv\\\/wp-content\\\/uploads\\\/profesionalus-diktofonas-1.jpeg\",\"contentUrl\":\"https:\\\/\\\/izsekosanasierices.lv\\\/wp-content\\\/uploads\\\/profesionalus-diktofonas-1.jpeg\",\"width\":780,\"height\":782},{\"@type\":\"BreadcrumbList\",\"@id\":\"https:\\\/\\\/izsekosanasierices.lv\\\/produkts\\\/pro-diktofons-ar-jaudigu-akumulatoru-2000mah-160st-darbiba\\\/#breadcrumb\",\"itemListElement\":[{\"@type\":\"ListItem\",\"position\":1,\"name\":\"S\u0101kums\",\"item\":\"https:\\\/\\\/izsekosanasierices.lv\\\/\"},{\"@type\":\"ListItem\",\"position\":2,\"name\":\"Veikals\",\"item\":\"https:\\\/\\\/izsekosanasierices.lv\\\/veikals\\\/\"},{\"@type\":\"ListItem\",\"position\":3,\"name\":\"PRo Diktofons ar jaud\u012bgu akumulatoru 2000mAh 160st. darb\u012bba\"}]},{\"@type\":\"WebSite\",\"@id\":\"https:\\\/\\\/izsekosanasierices.lv\\\/#website\",\"url\":\"https:\\\/\\\/izsekosanasierices.lv\\\/\",\"name\":\"Nr1 Izseko\u0161anas ier\u012bces gps izseko\u0161anas iek\u0101rtas, klaus\u012b\u0161an\u0101s iek\u0101rtas\",\"description\":\"\",\"potentialAction\":[{\"@type\":\"SearchAction\",\"target\":{\"@type\":\"EntryPoint\",\"urlTemplate\":\"https:\\\/\\\/izsekosanasierices.lv\\\/?s={search_term_string}\"},\"query-input\":{\"@type\":\"PropertyValueSpecification\",\"valueRequired\":true,\"valueName\":\"search_term_string\"}}],\"inLanguage\":\"ru-RU\"}]}<\/script>\n<!-- \/ Yoast SEO plugin. -->","yoast_head_json":{"title":"PRo Diktofons ar jaud\u012bgu akumulatoru 2000mAh 160st. darb\u012bba","robots":{"index":"index","follow":"follow","max-snippet":"max-snippet:-1","max-image-preview":"max-image-preview:large","max-video-preview":"max-video-preview:-1"},"canonical":"https:\/\/izsekosanasierices.lv\/ru\/produkts\/pro-diktofons-ar-jaudigu-akumulatoru-2000mah-160st-darbiba\/","og_locale":"ru_RU","og_type":"article","og_title":"PRo Diktofons ar jaud\u012bgu akumulatoru 2000mAh 160st. darb\u012bba","og_description":"Tehniskie parametri: Mikrofona jut\u012bba: apm\u0113ram 10-20 metri L\u012bdz 900 stund\u0101m ieraksta bez uzl\u0101des, t.i., apm\u0113ram 18 dienas Ieraksta kvalit\u0101te: 256 kbps l\u012bdz 512 kbps HD trok\u0161\u0146u sl\u0101p\u0113\u0161ana Iesl\u0113g\u0161ana ar viena...","og_url":"https:\/\/izsekosanasierices.lv\/ru\/produkts\/pro-diktofons-ar-jaudigu-akumulatoru-2000mah-160st-darbiba\/","og_site_name":"Nr1 Izseko\u0161anas ier\u012bces gps izseko\u0161anas iek\u0101rtas, klaus\u012b\u0161an\u0101s iek\u0101rtas","og_image":[{"width":780,"height":782,"url":"https:\/\/izsekosanasierices.lv\/wp-content\/uploads\/profesionalus-diktofonas-1.jpeg","type":"image\/jpeg"}],"twitter_card":"summary_large_image","twitter_misc":{"\u041f\u0440\u0438\u043c\u0435\u0440\u043d\u043e\u0435 \u0432\u0440\u0435\u043c\u044f \u0434\u043b\u044f \u0447\u0442\u0435\u043d\u0438\u044f":"3 \u043c\u0438\u043d\u0443\u0442\u044b"},"schema":{"@context":"https:\/\/schema.org","@graph":[{"@type":"WebPage","@id":"https:\/\/izsekosanasierices.lv\/produkts\/pro-diktofons-ar-jaudigu-akumulatoru-2000mah-160st-darbiba\/","url":"https:\/\/izsekosanasierices.lv\/produkts\/pro-diktofons-ar-jaudigu-akumulatoru-2000mah-160st-darbiba\/","name":"PRo Diktofons ar jaud\u012bgu akumulatoru 2000mAh 160st. darb\u012bba","isPartOf":{"@id":"https:\/\/izsekosanasierices.lv\/#website"},"primaryImageOfPage":{"@id":"https:\/\/izsekosanasierices.lv\/produkts\/pro-diktofons-ar-jaudigu-akumulatoru-2000mah-160st-darbiba\/#primaryimage"},"image":{"@id":"https:\/\/izsekosanasierices.lv\/produkts\/pro-diktofons-ar-jaudigu-akumulatoru-2000mah-160st-darbiba\/#primaryimage"},"thumbnailUrl":"https:\/\/izsekosanasierices.lv\/wp-content\/uploads\/profesionalus-diktofonas-1.jpeg","datePublished":"2026-04-03T06:48:23+00:00","breadcrumb":{"@id":"https:\/\/izsekosanasierices.lv\/produkts\/pro-diktofons-ar-jaudigu-akumulatoru-2000mah-160st-darbiba\/#breadcrumb"},"inLanguage":"ru-RU","potentialAction":[{"@type":"ReadAction","target":["https:\/\/izsekosanasierices.lv\/produkts\/pro-diktofons-ar-jaudigu-akumulatoru-2000mah-160st-darbiba\/"]}]},{"@type":"ImageObject","inLanguage":"ru-RU","@id":"https:\/\/izsekosanasierices.lv\/produkts\/pro-diktofons-ar-jaudigu-akumulatoru-2000mah-160st-darbiba\/#primaryimage","url":"https:\/\/izsekosanasierices.lv\/wp-content\/uploads\/profesionalus-diktofonas-1.jpeg","contentUrl":"https:\/\/izsekosanasierices.lv\/wp-content\/uploads\/profesionalus-diktofonas-1.jpeg","width":780,"height":782},{"@type":"BreadcrumbList","@id":"https:\/\/izsekosanasierices.lv\/produkts\/pro-diktofons-ar-jaudigu-akumulatoru-2000mah-160st-darbiba\/#breadcrumb","itemListElement":[{"@type":"ListItem","position":1,"name":"S\u0101kums","item":"https:\/\/izsekosanasierices.lv\/"},{"@type":"ListItem","position":2,"name":"Veikals","item":"https:\/\/izsekosanasierices.lv\/veikals\/"},{"@type":"ListItem","position":3,"name":"PRo Diktofons ar jaud\u012bgu akumulatoru 2000mAh 160st. darb\u012bba"}]},{"@type":"WebSite","@id":"https:\/\/izsekosanasierices.lv\/#website","url":"https:\/\/izsekosanasierices.lv\/","name":"Nr1 Izseko\u0161anas ier\u012bces gps izseko\u0161anas iek\u0101rtas, klaus\u012b\u0161an\u0101s iek\u0101rtas","description":"","potentialAction":[{"@type":"SearchAction","target":{"@type":"EntryPoint","urlTemplate":"https:\/\/izsekosanasierices.lv\/?s={search_term_string}"},"query-input":{"@type":"PropertyValueSpecification","valueRequired":true,"valueName":"search_term_string"}}],"inLanguage":"ru-RU"}]}},"_links":{"self":[{"href":"https:\/\/izsekosanasierices.lv\/ru\/wp-json\/wp\/v2\/product\/5436","targetHints":{"allow":["GET"]}}],"collection":[{"href":"https:\/\/izsekosanasierices.lv\/ru\/wp-json\/wp\/v2\/product"}],"about":[{"href":"https:\/\/izsekosanasierices.lv\/ru\/wp-json\/wp\/v2\/types\/product"}],"wp:featuredmedia":[{"embeddable":true,"href":"https:\/\/izsekosanasierices.lv\/ru\/wp-json\/wp\/v2\/media\/5359"}],"wp:attachment":[{"href":"https:\/\/izsekosanasierices.lv\/ru\/wp-json\/wp\/v2\/media?parent=5436"}],"wp:term":[{"taxonomy":"product_brand","embeddable":true,"href":"https:\/\/izsekosanasierices.lv\/ru\/wp-json\/wp\/v2\/product_brand?post=5436"},{"taxonomy":"product_cat","embeddable":true,"href":"https:\/\/izsekosanasierices.lv\/ru\/wp-json\/wp\/v2\/product_cat?post=5436"},{"taxonomy":"product_tag","embeddable":true,"href":"https:\/\/izsekosanasierices.lv\/ru\/wp-json\/wp\/v2\/product_tag?post=5436"}],"curies":[{"name":"wp","href":"https:\/\/api.w.org\/{rel}","templated":true}]}}