{"id":5439,"date":"2026-04-03T09:48:23","date_gmt":"2026-04-03T06:48:23","guid":{"rendered":"https:\/\/izsekosanasierices.lv\/?post_type=product&#038;p=5439"},"modified":"2026-04-03T09:48:23","modified_gmt":"2026-04-03T06:48:23","slug":"laika-stacija-ar-slepenu-kameru-fullhd","status":"publish","type":"product","link":"https:\/\/izsekosanasierices.lv\/ru\/produkts\/laika-stacija-ar-slepenu-kameru-fullhd\/","title":{"rendered":"Laika stacija ar slepenu kameru FullHD"},"content":{"rendered":"<h3><strong>\u0422\u0435\u0445\u043d\u0438\u0447\u0435\u0441\u043a\u0438\u0435 \u043f\u0430\u0440\u0430\u043c\u0435\u0442\u0440\u044b:<\/strong><\/h3>\n<ul>\n<li>Att\u0101lin\u0101t\u0101 video apskate: J\u0100<\/li>\n<li>Att\u0113lu var redz\u0113t no jebkuras pasaules vietas<\/li>\n<li>\u0418\u0437\u043e\u0431\u0440\u0430\u0436\u0435\u043d\u0438\u0435 \u0437\u0430\u043f\u0438\u0441\u044b\u0432\u0430\u0435\u0442\u0441\u044f \u0441\u043e \u0437\u0432\u0443\u043a\u043e\u043c<\/li>\n<li>R\u0101da laiku<\/li>\n<li>Temperat\u016bras sensors<\/li>\n<li>Minimalistisks dizains<\/li>\n<li>Nek\u013c\u016bst ne ska\u0146as, ne gaismas<\/li>\n<li>Video kvalit\u0101te: apskate: Full hd \/ 4k<\/li>\n<li>Redzes le\u0146\u0137is: 105 gr\u0101di<\/li>\n<li>Kadru skaits: 30FPS<\/li>\n<li>Pazi\u0146ojumi, atkl\u0101jot kust\u012bbu (Push notification)<\/li>\n<li>Kartes atbalsts: no 16GB l\u012bdz 128 GB (karte nav iek\u013cauta)<\/li>\n<li>Video uzraudz\u012bba: ar telefonu vai datoru (tie\u0161saist\u0113)<\/li>\n<li>Adapteris 220v (past\u0101v\u012bgai piesl\u0113g\u0161anai pie elektr\u012bbas t\u012bkla)<\/li>\n<li>Kust\u012bbas atkl\u0101\u0161ana: J\u0100, digit\u0101l\u0101<\/li>\n<li>Kompresijas form\u0101ts: H265 V<\/li>\n<li>Sist\u0113mas: \u201eiOS\u201d, \u201eAndroid\u201d,<\/li>\n<li>Programma: Ir<\/li>\n<li>Baro\u0161ana: caur usb savienojumu<\/li>\n<li>Izm\u0113ri: 136mm x 75mm x 33 mm<\/li>\n<li>Wi-Fi: Ir<\/li>\n<li><strong>\u0413\u0410\u0420\u0410\u041d\u0422\u0418\u042f 12 \u043c\u0435\u0441\u044f\u0446\u0435\u0432<\/strong><\/li>\n<\/ul>\n<p><strong><span style=\"color: #d0121a\">Nepiecie\u0161ama \u0101tra pieg\u0101de, taj\u0101 pa\u0161\u0101 dien\u0101? (ar\u012b br\u012bvdien\u0101s) &#8211; zvaniet +37068411114<\/span><\/strong><\/p>\n<p style=\"text-align: left\"><span style=\"color: #000000\"><strong>Izmanto\u0161ana: Savu, b\u0113rnu dro\u0161\u012bbai.<\/strong><\/span><\/p>","protected":false},"excerpt":{"rendered":"<p>Tehniskie parametri: Att\u0101lin\u0101t\u0101 video apskate: J\u0100 Att\u0113lu var redz\u0113t no jebkuras pasaules vietas Att\u0113ls tiek ierakst\u012bts ar ska\u0146u R\u0101da laiku Temperat\u016bras sensors Minimalistisks dizains Nek\u013c\u016bst ne ska\u0146as, ne gaismas Video&#8230;<\/p>","protected":false},"featured_media":5377,"template":"","meta":[],"product_brand":[],"product_cat":[504,321,505],"product_tag":[],"class_list":{"0":"post-5439","1":"product","2":"type-product","3":"status-publish","4":"has-post-thumbnail","6":"product_cat-masketas-kameras-2","7":"product_cat-sleptas-kameras","8":"product_cat-wi-fi-slepenas-kameras-2","10":"first","11":"instock","12":"taxable","13":"shipping-taxable","14":"purchasable","15":"product-type-simple"},"yoast_head":"<!-- This site is optimized with the Yoast SEO plugin v27.3 - https:\/\/yoast.com\/product\/yoast-seo-wordpress\/ -->\n<title>Laika stacija ar slepenu kameru FullHD<\/title>\n<meta name=\"robots\" content=\"index, follow, max-snippet:-1, max-image-preview:large, max-video-preview:-1\" \/>\n<link rel=\"canonical\" href=\"https:\/\/izsekosanasierices.lv\/ru\/produkts\/laika-stacija-ar-slepenu-kameru-fullhd\/\" \/>\n<meta property=\"og:locale\" content=\"ru_RU\" \/>\n<meta property=\"og:type\" content=\"article\" \/>\n<meta property=\"og:title\" content=\"Laika stacija ar slepenu kameru FullHD\" \/>\n<meta property=\"og:description\" content=\"Tehniskie parametri: Att\u0101lin\u0101t\u0101 video apskate: J\u0100 Att\u0113lu var redz\u0113t no jebkuras pasaules vietas Att\u0113ls tiek ierakst\u012bts ar ska\u0146u R\u0101da laiku Temperat\u016bras sensors Minimalistisks dizains Nek\u013c\u016bst ne ska\u0146as, ne gaismas Video...\" \/>\n<meta property=\"og:url\" content=\"https:\/\/izsekosanasierices.lv\/ru\/produkts\/laika-stacija-ar-slepenu-kameru-fullhd\/\" \/>\n<meta property=\"og:site_name\" content=\"Nr1 Izseko\u0161anas ier\u012bces gps izseko\u0161anas iek\u0101rtas, klaus\u012b\u0161an\u0101s iek\u0101rtas\" \/>\n<meta property=\"og:image\" content=\"https:\/\/izsekosanasierices.lv\/wp-content\/uploads\/slapta-kamera-termometras-1.jpg\" \/>\n\t<meta property=\"og:image:width\" content=\"1148\" \/>\n\t<meta property=\"og:image:height\" content=\"1064\" \/>\n\t<meta property=\"og:image:type\" content=\"image\/jpeg\" \/>\n<meta name=\"twitter:card\" content=\"summary_large_image\" \/>\n<meta name=\"twitter:label1\" content=\"\u041f\u0440\u0438\u043c\u0435\u0440\u043d\u043e\u0435 \u0432\u0440\u0435\u043c\u044f \u0434\u043b\u044f \u0447\u0442\u0435\u043d\u0438\u044f\" \/>\n\t<meta name=\"twitter:data1\" content=\"1 \u043c\u0438\u043d\u0443\u0442\u0430\" \/>\n<script type=\"application\/ld+json\" class=\"yoast-schema-graph\">{\"@context\":\"https:\\\/\\\/schema.org\",\"@graph\":[{\"@type\":\"WebPage\",\"@id\":\"https:\\\/\\\/izsekosanasierices.lv\\\/produkts\\\/laika-stacija-ar-slepenu-kameru-fullhd\\\/\",\"url\":\"https:\\\/\\\/izsekosanasierices.lv\\\/produkts\\\/laika-stacija-ar-slepenu-kameru-fullhd\\\/\",\"name\":\"Laika stacija ar slepenu kameru FullHD\",\"isPartOf\":{\"@id\":\"https:\\\/\\\/izsekosanasierices.lv\\\/#website\"},\"primaryImageOfPage\":{\"@id\":\"https:\\\/\\\/izsekosanasierices.lv\\\/produkts\\\/laika-stacija-ar-slepenu-kameru-fullhd\\\/#primaryimage\"},\"image\":{\"@id\":\"https:\\\/\\\/izsekosanasierices.lv\\\/produkts\\\/laika-stacija-ar-slepenu-kameru-fullhd\\\/#primaryimage\"},\"thumbnailUrl\":\"https:\\\/\\\/izsekosanasierices.lv\\\/wp-content\\\/uploads\\\/slapta-kamera-termometras-1.jpg\",\"datePublished\":\"2026-04-03T06:48:23+00:00\",\"breadcrumb\":{\"@id\":\"https:\\\/\\\/izsekosanasierices.lv\\\/produkts\\\/laika-stacija-ar-slepenu-kameru-fullhd\\\/#breadcrumb\"},\"inLanguage\":\"ru-RU\",\"potentialAction\":[{\"@type\":\"ReadAction\",\"target\":[\"https:\\\/\\\/izsekosanasierices.lv\\\/produkts\\\/laika-stacija-ar-slepenu-kameru-fullhd\\\/\"]}]},{\"@type\":\"ImageObject\",\"inLanguage\":\"ru-RU\",\"@id\":\"https:\\\/\\\/izsekosanasierices.lv\\\/produkts\\\/laika-stacija-ar-slepenu-kameru-fullhd\\\/#primaryimage\",\"url\":\"https:\\\/\\\/izsekosanasierices.lv\\\/wp-content\\\/uploads\\\/slapta-kamera-termometras-1.jpg\",\"contentUrl\":\"https:\\\/\\\/izsekosanasierices.lv\\\/wp-content\\\/uploads\\\/slapta-kamera-termometras-1.jpg\",\"width\":1148,\"height\":1064},{\"@type\":\"BreadcrumbList\",\"@id\":\"https:\\\/\\\/izsekosanasierices.lv\\\/produkts\\\/laika-stacija-ar-slepenu-kameru-fullhd\\\/#breadcrumb\",\"itemListElement\":[{\"@type\":\"ListItem\",\"position\":1,\"name\":\"S\u0101kums\",\"item\":\"https:\\\/\\\/izsekosanasierices.lv\\\/\"},{\"@type\":\"ListItem\",\"position\":2,\"name\":\"Veikals\",\"item\":\"https:\\\/\\\/izsekosanasierices.lv\\\/veikals\\\/\"},{\"@type\":\"ListItem\",\"position\":3,\"name\":\"Laika stacija ar slepenu kameru FullHD\"}]},{\"@type\":\"WebSite\",\"@id\":\"https:\\\/\\\/izsekosanasierices.lv\\\/#website\",\"url\":\"https:\\\/\\\/izsekosanasierices.lv\\\/\",\"name\":\"Nr1 Izseko\u0161anas ier\u012bces gps izseko\u0161anas iek\u0101rtas, klaus\u012b\u0161an\u0101s iek\u0101rtas\",\"description\":\"\",\"potentialAction\":[{\"@type\":\"SearchAction\",\"target\":{\"@type\":\"EntryPoint\",\"urlTemplate\":\"https:\\\/\\\/izsekosanasierices.lv\\\/?s={search_term_string}\"},\"query-input\":{\"@type\":\"PropertyValueSpecification\",\"valueRequired\":true,\"valueName\":\"search_term_string\"}}],\"inLanguage\":\"ru-RU\"}]}<\/script>\n<!-- \/ Yoast SEO plugin. -->","yoast_head_json":{"title":"Laika stacija ar slepenu kameru FullHD","robots":{"index":"index","follow":"follow","max-snippet":"max-snippet:-1","max-image-preview":"max-image-preview:large","max-video-preview":"max-video-preview:-1"},"canonical":"https:\/\/izsekosanasierices.lv\/ru\/produkts\/laika-stacija-ar-slepenu-kameru-fullhd\/","og_locale":"ru_RU","og_type":"article","og_title":"Laika stacija ar slepenu kameru FullHD","og_description":"Tehniskie parametri: Att\u0101lin\u0101t\u0101 video apskate: J\u0100 Att\u0113lu var redz\u0113t no jebkuras pasaules vietas Att\u0113ls tiek ierakst\u012bts ar ska\u0146u R\u0101da laiku Temperat\u016bras sensors Minimalistisks dizains Nek\u013c\u016bst ne ska\u0146as, ne gaismas Video...","og_url":"https:\/\/izsekosanasierices.lv\/ru\/produkts\/laika-stacija-ar-slepenu-kameru-fullhd\/","og_site_name":"Nr1 Izseko\u0161anas ier\u012bces gps izseko\u0161anas iek\u0101rtas, klaus\u012b\u0161an\u0101s iek\u0101rtas","og_image":[{"width":1148,"height":1064,"url":"https:\/\/izsekosanasierices.lv\/wp-content\/uploads\/slapta-kamera-termometras-1.jpg","type":"image\/jpeg"}],"twitter_card":"summary_large_image","twitter_misc":{"\u041f\u0440\u0438\u043c\u0435\u0440\u043d\u043e\u0435 \u0432\u0440\u0435\u043c\u044f \u0434\u043b\u044f \u0447\u0442\u0435\u043d\u0438\u044f":"1 \u043c\u0438\u043d\u0443\u0442\u0430"},"schema":{"@context":"https:\/\/schema.org","@graph":[{"@type":"WebPage","@id":"https:\/\/izsekosanasierices.lv\/produkts\/laika-stacija-ar-slepenu-kameru-fullhd\/","url":"https:\/\/izsekosanasierices.lv\/produkts\/laika-stacija-ar-slepenu-kameru-fullhd\/","name":"Laika stacija ar slepenu kameru FullHD","isPartOf":{"@id":"https:\/\/izsekosanasierices.lv\/#website"},"primaryImageOfPage":{"@id":"https:\/\/izsekosanasierices.lv\/produkts\/laika-stacija-ar-slepenu-kameru-fullhd\/#primaryimage"},"image":{"@id":"https:\/\/izsekosanasierices.lv\/produkts\/laika-stacija-ar-slepenu-kameru-fullhd\/#primaryimage"},"thumbnailUrl":"https:\/\/izsekosanasierices.lv\/wp-content\/uploads\/slapta-kamera-termometras-1.jpg","datePublished":"2026-04-03T06:48:23+00:00","breadcrumb":{"@id":"https:\/\/izsekosanasierices.lv\/produkts\/laika-stacija-ar-slepenu-kameru-fullhd\/#breadcrumb"},"inLanguage":"ru-RU","potentialAction":[{"@type":"ReadAction","target":["https:\/\/izsekosanasierices.lv\/produkts\/laika-stacija-ar-slepenu-kameru-fullhd\/"]}]},{"@type":"ImageObject","inLanguage":"ru-RU","@id":"https:\/\/izsekosanasierices.lv\/produkts\/laika-stacija-ar-slepenu-kameru-fullhd\/#primaryimage","url":"https:\/\/izsekosanasierices.lv\/wp-content\/uploads\/slapta-kamera-termometras-1.jpg","contentUrl":"https:\/\/izsekosanasierices.lv\/wp-content\/uploads\/slapta-kamera-termometras-1.jpg","width":1148,"height":1064},{"@type":"BreadcrumbList","@id":"https:\/\/izsekosanasierices.lv\/produkts\/laika-stacija-ar-slepenu-kameru-fullhd\/#breadcrumb","itemListElement":[{"@type":"ListItem","position":1,"name":"S\u0101kums","item":"https:\/\/izsekosanasierices.lv\/"},{"@type":"ListItem","position":2,"name":"Veikals","item":"https:\/\/izsekosanasierices.lv\/veikals\/"},{"@type":"ListItem","position":3,"name":"Laika stacija ar slepenu kameru FullHD"}]},{"@type":"WebSite","@id":"https:\/\/izsekosanasierices.lv\/#website","url":"https:\/\/izsekosanasierices.lv\/","name":"Nr1 Izseko\u0161anas ier\u012bces gps izseko\u0161anas iek\u0101rtas, klaus\u012b\u0161an\u0101s iek\u0101rtas","description":"","potentialAction":[{"@type":"SearchAction","target":{"@type":"EntryPoint","urlTemplate":"https:\/\/izsekosanasierices.lv\/?s={search_term_string}"},"query-input":{"@type":"PropertyValueSpecification","valueRequired":true,"valueName":"search_term_string"}}],"inLanguage":"ru-RU"}]}},"_links":{"self":[{"href":"https:\/\/izsekosanasierices.lv\/ru\/wp-json\/wp\/v2\/product\/5439","targetHints":{"allow":["GET"]}}],"collection":[{"href":"https:\/\/izsekosanasierices.lv\/ru\/wp-json\/wp\/v2\/product"}],"about":[{"href":"https:\/\/izsekosanasierices.lv\/ru\/wp-json\/wp\/v2\/types\/product"}],"wp:featuredmedia":[{"embeddable":true,"href":"https:\/\/izsekosanasierices.lv\/ru\/wp-json\/wp\/v2\/media\/5377"}],"wp:attachment":[{"href":"https:\/\/izsekosanasierices.lv\/ru\/wp-json\/wp\/v2\/media?parent=5439"}],"wp:term":[{"taxonomy":"product_brand","embeddable":true,"href":"https:\/\/izsekosanasierices.lv\/ru\/wp-json\/wp\/v2\/product_brand?post=5439"},{"taxonomy":"product_cat","embeddable":true,"href":"https:\/\/izsekosanasierices.lv\/ru\/wp-json\/wp\/v2\/product_cat?post=5439"},{"taxonomy":"product_tag","embeddable":true,"href":"https:\/\/izsekosanasierices.lv\/ru\/wp-json\/wp\/v2\/product_tag?post=5439"}],"curies":[{"name":"wp","href":"https:\/\/api.w.org\/{rel}","templated":true}]}}