{"id":5440,"date":"2026-04-03T09:48:23","date_gmt":"2026-04-03T06:48:23","guid":{"rendered":"https:\/\/izsekosanasierices.lv\/?post_type=product&#038;p=5440"},"modified":"2026-04-03T09:48:23","modified_gmt":"2026-04-03T06:48:23","slug":"mobila-telefona-ladetajs-ar-slepenu-diktofonu","status":"publish","type":"product","link":"https:\/\/izsekosanasierices.lv\/ru\/produkts\/mobila-telefona-ladetajs-ar-slepenu-diktofonu\/","title":{"rendered":"Mobil\u0101 telefona l\u0101d\u0113t\u0101js ar slepenu diktofonu"},"content":{"rendered":"<h3><strong>\u0422\u0435\u0445\u043d\u0438\u0447\u0435\u0441\u043a\u0438\u0435 \u043f\u0430\u0440\u0430\u043c\u0435\u0442\u0440\u044b:<\/strong><\/h3>\n<ul>\n<li>Ieb\u016bv\u0113ts slepenais diktofons<\/li>\n<li>Darbojas iz\u0146emts no rozetes l\u012bdz 2000 stund\u0101m gaid\u012b\u0161anas re\u017e\u012bm\u0101<\/li>\n<li>Ierakstot darbosies iz\u0146emts no rozetes apm\u0113ram 100 stundas<\/li>\n<li>Ierakst\u012bt var 300 stundas, kad pievienots t\u012bklam<\/li>\n<li>Ieraksta form\u0101ts MP3 128kbps<\/li>\n<li>Ierakst\u012b\u0161ana no ska\u0146as pieci jut\u012bbas iestat\u012bjumi.<\/li>\n<li>Katrs ieraksts ar laika z\u012bmi<\/li>\n<li><strong><span style=\"color: #ff0000\">KOMPLEKT\u0100 TYPE C uzl\u0101des vads &#8211; der visiem mob. telefoniem<\/span><\/strong><\/li>\n<li>Der uzl\u0101d\u0113t: telefoniem, plan\u0161etdatoriem, fotokamer\u0101m un citiem ier\u012bc\u0113m<\/li>\n<li>Mikrofons: augstas kvalit\u0101tes; skaidrs ska\u0146as<\/li>\n<li>Akumulators: iek\u0161\u0113jais (litija jonu) Darbosies ar\u012b izsl\u0113gts no elektr\u012bbas kontaktligzdas<\/li>\n<li>Neat\u0161\u0137iras no parasta l\u0101d\u0113t\u0101ja<\/li>\n<li>Nek\u0101dus trok\u0161\u0146us un gaismas neizstaro<\/li>\n<li><strong>\u0413\u0410\u0420\u0410\u041d\u0422\u0418\u042f 12 \u043c\u0435\u0441\u044f\u0446\u0435\u0432.<\/strong><\/li>\n<\/ul>\n<p><span style=\"color: #d0121a\"><strong>Nepiecie\u0161ama \u0101tra pieg\u0101de, taj\u0101 pa\u0161\u0101 dien\u0101? (ar\u012b br\u012bvdien\u0101s) &#8211; zvaniet +37068411114<\/strong><\/span><\/p>\n<p>Izmanto\u0161ana: Savu, b\u0113rnu aizsardz\u012bbai.<\/p>\n<p data-start=\"0\" data-end=\"405\">Adapteris ir piln\u012bb\u0101 funkcion\u0101ls un darbojas k\u0101 parasts l\u0101d\u0113t\u0101js mobilajiem telefoniem, plan\u0161etdatoriem vai jebkurai 5V USB ier\u012bcei.<br data-start=\"139\" data-end=\"142\" \/>Pat \u013coti detaliz\u0113ta optisk\u0101 p\u0101rbaude ne\u013cauj noteikt, ka iek\u0161\u0101 ir kaut kas uzst\u0101d\u012bts. Nav nek\u0101du caurumu vai atveru (pat mikrofonam), nav nek\u0101du indikatora lampi\u0146u, kust\u012bgu da\u013cu vai skr\u016bvju, un ier\u012bci nav iesp\u0113jams atv\u0113rt cit\u0101di, k\u0101 tikai fiziski to saboj\u0101jot.<\/p>\n<p data-start=\"407\" data-end=\"708\">Iesl\u0113g\u0161ana un izsl\u0113g\u0161ana tiek veikta att\u0101lin\u0101ti, izmantojot \u012bpa\u0161i kod\u0113tu USB kabeli \u2013 pati ier\u012bce nav apr\u012bkota ar nek\u0101diem sl\u0113d\u017eiem.<br data-start=\"541\" data-end=\"544\" \/>Ierakstu lejupiel\u0101de, ier\u012bces iesl\u0113g\u0161ana un ierakst\u012b\u0161anas parametru iestat\u012b\u0161ana ir iesp\u0113jama tikai, izmantojot \u012bpa\u0161u kod\u0113tu USB kabeli, kas tiek pieg\u0101d\u0101ts kop\u0101 ar ier\u012bci.<\/p>\n<p data-start=\"710\" data-end=\"934\">Ieb\u016bv\u0113tais Li-Ion uzl\u0101d\u0113jamais akumulators \u013cauj ier\u012bcei ierakst\u012bt pat tad, kad adapters ir atvienots no 220 V kontaktligzdas.<br data-start=\"826\" data-end=\"829\" \/>D\u0113\u013c POWER SLEEP tehnolo\u0123ijas akumulators gandr\u012bz netiek izmantots, kam\u0113r nav ska\u0146as un ier\u012bce neieraksta.<\/p>\n<p data-start=\"936\" data-end=\"1104\">Atvienojot no 220 V kontaktligzdas, ier\u012bce var ierakst\u012bt l\u012bdz 100 stund\u0101m (kad ir ska\u0146a), bet kad ska\u0146a netiek fiks\u0113ta (neieraksta) \u2013 akumulators var darboties l\u012bdz 2000 stund\u0101m.<\/p>\n<p data-start=\"1106\" data-end=\"1237\">Katru reizi pievienojot pie 220 V kontaktligzdas, akumulators tiek uzl\u0101d\u0113ts. Ja tas ir piln\u012bb\u0101 izl\u0101d\u0113jies, tas tiek piln\u012bb\u0101 uzl\u0101d\u0113ts tikai 4 stundu laik\u0101.<\/p>\n<p data-start=\"1239\" data-end=\"1405\">Ier\u012bce ieraksta p\u0113c ska\u0146as noteik\u0161anas, kuras jut\u012bbu var regul\u0113t 5 l\u012bme\u0146os. Katrs ieraksts tiek saglab\u0101ts atsevi\u0161\u0137\u0101 fail\u0101 ar izveido\u0161anas datumu un laiku.<\/p>\n<p data-start=\"1408\" data-end=\"1482\">MRIYA IERAKST\u012a\u0160ANAS AUTONOMIJAS SPECIFIK\u0100CIJA<br data-start=\"1447\" data-end=\"1450\" \/>Ierakst\u012b\u0161anas laik\u0101 (kad ir ska\u0146a):<\/p>\n<ul data-start=\"1483\" data-end=\"1558\">\n<li data-section-id=\"oigyil\" data-start=\"1483\" data-end=\"1529\">300 stundas, kad pievienots pie 220 V kontaktligzdas;<\/li>\n<li data-section-id=\"15vpwjs\" data-start=\"1530\" data-end=\"1558\">100 stundas, kad atvienots.<\/li>\n<\/ul>\n<p data-start=\"1560\" data-end=\"1595\">Gaid\u012b\u0161anas re\u017e\u012bm\u0101 (kad nav ska\u0146as):<\/p>\n<ul data-start=\"1596\" data-end=\"1679\">\n<li data-section-id=\"dj31ch\" data-start=\"1596\" data-end=\"1649\">neierobe\u017eota ilgums, kad pievienots pie 220 V kontaktligzdas;<\/li>\n<li data-section-id=\"5rhqqj\" data-start=\"1650\" data-end=\"1679\">2000 stundas, kad atvienots.<\/li>\n<\/ul>\n<p data-start=\"1682\" data-end=\"2310\" data-is-last-node=\"\" data-is-only-node=\"\">\u0422\u0415\u0425\u041d\u0418\u0427\u0415\u0421\u041a\u0410\u042f \u0421\u041f\u0415\u0426\u0418\u0424\u0418\u041a\u0410\u0426\u0418\u042f<br data-start=\"1705\" data-end=\"1708\" \/>5V \/ 2A USB ce\u013cojumu adapters ar integr\u0113tu augstas kvalit\u0101tes pasl\u0113ptu ska\u0146as ierakst\u012b\u0161anas ier\u012bci;<br data-start=\"1804\" data-end=\"1807\" \/>MP3 ierakst\u012b\u0161anas form\u0101ts (128 kbps);<br data-start=\"1839\" data-end=\"1842\" \/>ALC pastiprin\u0101t\u0101js, kas nodro\u0161ina kvalitat\u012bvu pat klusu sarunu ierakst\u012b\u0161anu;<br data-start=\"1911\" data-end=\"1914\" \/>Ska\u0146as aktiviz\u0113ts ieraksts (jut\u012bba regul\u0113jama 5 l\u012bme\u0146os);<br data-start=\"1978\" data-end=\"1981\" \/>Katrs ieraksts tiek saglab\u0101ts atsevi\u0161\u0137\u0101 fail\u0101 ar datumu un laiku;<br data-start=\"2041\" data-end=\"2044\" \/>\u012apa\u0161a PC programmat\u016bra ierakst\u012b\u0161anas kvalit\u0101tei, ska\u0146as aktiviz\u0113\u0161anas jut\u012bbai, datumam un laikam iestat\u012b\u0161anai;<br data-start=\"2145\" data-end=\"2148\" \/>BLACK BOX dizains \u2013 nek\u0101du mar\u0137\u0113jumu, caurumu vai kust\u012bgu da\u013cu, nodro\u0161inot piln\u012bgu diskreciju;<br data-start=\"2247\" data-end=\"2250\" \/>Kod\u0113ts USB uzl\u0101des un klaus\u012b\u0161an\u0101s kabelis;<br data-start=\"2294\" data-end=\"2297\" \/>Ra\u017eots ES.<\/p>","protected":false},"excerpt":{"rendered":"<p>Tehniskie parametri: Ieb\u016bv\u0113ts slepenais diktofons Darbojas iz\u0146emts no rozetes l\u012bdz 2000 stund\u0101m gaid\u012b\u0161anas re\u017e\u012bm\u0101 Ierakstot darbosies iz\u0146emts no rozetes apm\u0113ram 100 stundas Ierakst\u012bt var 300 stundas, kad pievienots t\u012bklam Ieraksta&#8230;<\/p>","protected":false},"featured_media":5384,"template":"","meta":[],"product_brand":[],"product_cat":[342],"product_tag":[],"class_list":{"0":"post-5440","1":"product","2":"type-product","3":"status-publish","4":"has-post-thumbnail","6":"product_cat-diktofoni","8":"first","9":"instock","10":"taxable","11":"shipping-taxable","12":"purchasable","13":"product-type-simple"},"yoast_head":"<!-- This site is optimized with the Yoast SEO plugin v27.3 - https:\/\/yoast.com\/product\/yoast-seo-wordpress\/ -->\n<title>Mobil\u0101 telefona l\u0101d\u0113t\u0101js ar slepenu diktofonu<\/title>\n<meta name=\"robots\" content=\"index, follow, max-snippet:-1, max-image-preview:large, max-video-preview:-1\" \/>\n<link rel=\"canonical\" href=\"https:\/\/izsekosanasierices.lv\/ru\/produkts\/mobila-telefona-ladetajs-ar-slepenu-diktofonu\/\" \/>\n<meta property=\"og:locale\" content=\"ru_RU\" \/>\n<meta property=\"og:type\" content=\"article\" \/>\n<meta property=\"og:title\" content=\"Mobil\u0101 telefona l\u0101d\u0113t\u0101js ar slepenu diktofonu\" \/>\n<meta property=\"og:description\" content=\"Tehniskie parametri: Ieb\u016bv\u0113ts slepenais diktofons Darbojas iz\u0146emts no rozetes l\u012bdz 2000 stund\u0101m gaid\u012b\u0161anas re\u017e\u012bm\u0101 Ierakstot darbosies iz\u0146emts no rozetes apm\u0113ram 100 stundas Ierakst\u012bt var 300 stundas, kad pievienots t\u012bklam Ieraksta...\" \/>\n<meta property=\"og:url\" content=\"https:\/\/izsekosanasierices.lv\/ru\/produkts\/mobila-telefona-ladetajs-ar-slepenu-diktofonu\/\" \/>\n<meta property=\"og:site_name\" content=\"Nr1 Izseko\u0161anas ier\u012bces gps izseko\u0161anas iek\u0101rtas, klaus\u012b\u0161an\u0101s iek\u0101rtas\" \/>\n<meta property=\"og:image\" content=\"https:\/\/izsekosanasierices.lv\/wp-content\/uploads\/mobilaus-telefono-pakrovejas-su-diktofnu.png\" \/>\n\t<meta property=\"og:image:width\" content=\"1024\" \/>\n\t<meta property=\"og:image:height\" content=\"1035\" \/>\n\t<meta property=\"og:image:type\" content=\"image\/png\" \/>\n<meta name=\"twitter:card\" content=\"summary_large_image\" \/>\n<meta name=\"twitter:label1\" content=\"\u041f\u0440\u0438\u043c\u0435\u0440\u043d\u043e\u0435 \u0432\u0440\u0435\u043c\u044f \u0434\u043b\u044f \u0447\u0442\u0435\u043d\u0438\u044f\" \/>\n\t<meta name=\"twitter:data1\" content=\"3 \u043c\u0438\u043d\u0443\u0442\u044b\" \/>\n<script type=\"application\/ld+json\" class=\"yoast-schema-graph\">{\"@context\":\"https:\\\/\\\/schema.org\",\"@graph\":[{\"@type\":\"WebPage\",\"@id\":\"https:\\\/\\\/izsekosanasierices.lv\\\/produkts\\\/mobila-telefona-ladetajs-ar-slepenu-diktofonu\\\/\",\"url\":\"https:\\\/\\\/izsekosanasierices.lv\\\/produkts\\\/mobila-telefona-ladetajs-ar-slepenu-diktofonu\\\/\",\"name\":\"Mobil\u0101 telefona l\u0101d\u0113t\u0101js ar slepenu diktofonu\",\"isPartOf\":{\"@id\":\"https:\\\/\\\/izsekosanasierices.lv\\\/#website\"},\"primaryImageOfPage\":{\"@id\":\"https:\\\/\\\/izsekosanasierices.lv\\\/produkts\\\/mobila-telefona-ladetajs-ar-slepenu-diktofonu\\\/#primaryimage\"},\"image\":{\"@id\":\"https:\\\/\\\/izsekosanasierices.lv\\\/produkts\\\/mobila-telefona-ladetajs-ar-slepenu-diktofonu\\\/#primaryimage\"},\"thumbnailUrl\":\"https:\\\/\\\/izsekosanasierices.lv\\\/wp-content\\\/uploads\\\/mobilaus-telefono-pakrovejas-su-diktofnu.png\",\"datePublished\":\"2026-04-03T06:48:23+00:00\",\"breadcrumb\":{\"@id\":\"https:\\\/\\\/izsekosanasierices.lv\\\/produkts\\\/mobila-telefona-ladetajs-ar-slepenu-diktofonu\\\/#breadcrumb\"},\"inLanguage\":\"ru-RU\",\"potentialAction\":[{\"@type\":\"ReadAction\",\"target\":[\"https:\\\/\\\/izsekosanasierices.lv\\\/produkts\\\/mobila-telefona-ladetajs-ar-slepenu-diktofonu\\\/\"]}]},{\"@type\":\"ImageObject\",\"inLanguage\":\"ru-RU\",\"@id\":\"https:\\\/\\\/izsekosanasierices.lv\\\/produkts\\\/mobila-telefona-ladetajs-ar-slepenu-diktofonu\\\/#primaryimage\",\"url\":\"https:\\\/\\\/izsekosanasierices.lv\\\/wp-content\\\/uploads\\\/mobilaus-telefono-pakrovejas-su-diktofnu.png\",\"contentUrl\":\"https:\\\/\\\/izsekosanasierices.lv\\\/wp-content\\\/uploads\\\/mobilaus-telefono-pakrovejas-su-diktofnu.png\",\"width\":1024,\"height\":1035},{\"@type\":\"BreadcrumbList\",\"@id\":\"https:\\\/\\\/izsekosanasierices.lv\\\/produkts\\\/mobila-telefona-ladetajs-ar-slepenu-diktofonu\\\/#breadcrumb\",\"itemListElement\":[{\"@type\":\"ListItem\",\"position\":1,\"name\":\"S\u0101kums\",\"item\":\"https:\\\/\\\/izsekosanasierices.lv\\\/\"},{\"@type\":\"ListItem\",\"position\":2,\"name\":\"Veikals\",\"item\":\"https:\\\/\\\/izsekosanasierices.lv\\\/veikals\\\/\"},{\"@type\":\"ListItem\",\"position\":3,\"name\":\"Mobil\u0101 telefona l\u0101d\u0113t\u0101js ar slepenu diktofonu\"}]},{\"@type\":\"WebSite\",\"@id\":\"https:\\\/\\\/izsekosanasierices.lv\\\/#website\",\"url\":\"https:\\\/\\\/izsekosanasierices.lv\\\/\",\"name\":\"Nr1 Izseko\u0161anas ier\u012bces gps izseko\u0161anas iek\u0101rtas, klaus\u012b\u0161an\u0101s iek\u0101rtas\",\"description\":\"\",\"potentialAction\":[{\"@type\":\"SearchAction\",\"target\":{\"@type\":\"EntryPoint\",\"urlTemplate\":\"https:\\\/\\\/izsekosanasierices.lv\\\/?s={search_term_string}\"},\"query-input\":{\"@type\":\"PropertyValueSpecification\",\"valueRequired\":true,\"valueName\":\"search_term_string\"}}],\"inLanguage\":\"ru-RU\"}]}<\/script>\n<!-- \/ Yoast SEO plugin. -->","yoast_head_json":{"title":"Mobil\u0101 telefona l\u0101d\u0113t\u0101js ar slepenu diktofonu","robots":{"index":"index","follow":"follow","max-snippet":"max-snippet:-1","max-image-preview":"max-image-preview:large","max-video-preview":"max-video-preview:-1"},"canonical":"https:\/\/izsekosanasierices.lv\/ru\/produkts\/mobila-telefona-ladetajs-ar-slepenu-diktofonu\/","og_locale":"ru_RU","og_type":"article","og_title":"Mobil\u0101 telefona l\u0101d\u0113t\u0101js ar slepenu diktofonu","og_description":"Tehniskie parametri: Ieb\u016bv\u0113ts slepenais diktofons Darbojas iz\u0146emts no rozetes l\u012bdz 2000 stund\u0101m gaid\u012b\u0161anas re\u017e\u012bm\u0101 Ierakstot darbosies iz\u0146emts no rozetes apm\u0113ram 100 stundas Ierakst\u012bt var 300 stundas, kad pievienots t\u012bklam Ieraksta...","og_url":"https:\/\/izsekosanasierices.lv\/ru\/produkts\/mobila-telefona-ladetajs-ar-slepenu-diktofonu\/","og_site_name":"Nr1 Izseko\u0161anas ier\u012bces gps izseko\u0161anas iek\u0101rtas, klaus\u012b\u0161an\u0101s iek\u0101rtas","og_image":[{"width":1024,"height":1035,"url":"https:\/\/izsekosanasierices.lv\/wp-content\/uploads\/mobilaus-telefono-pakrovejas-su-diktofnu.png","type":"image\/png"}],"twitter_card":"summary_large_image","twitter_misc":{"\u041f\u0440\u0438\u043c\u0435\u0440\u043d\u043e\u0435 \u0432\u0440\u0435\u043c\u044f \u0434\u043b\u044f \u0447\u0442\u0435\u043d\u0438\u044f":"3 \u043c\u0438\u043d\u0443\u0442\u044b"},"schema":{"@context":"https:\/\/schema.org","@graph":[{"@type":"WebPage","@id":"https:\/\/izsekosanasierices.lv\/produkts\/mobila-telefona-ladetajs-ar-slepenu-diktofonu\/","url":"https:\/\/izsekosanasierices.lv\/produkts\/mobila-telefona-ladetajs-ar-slepenu-diktofonu\/","name":"Mobil\u0101 telefona l\u0101d\u0113t\u0101js ar slepenu diktofonu","isPartOf":{"@id":"https:\/\/izsekosanasierices.lv\/#website"},"primaryImageOfPage":{"@id":"https:\/\/izsekosanasierices.lv\/produkts\/mobila-telefona-ladetajs-ar-slepenu-diktofonu\/#primaryimage"},"image":{"@id":"https:\/\/izsekosanasierices.lv\/produkts\/mobila-telefona-ladetajs-ar-slepenu-diktofonu\/#primaryimage"},"thumbnailUrl":"https:\/\/izsekosanasierices.lv\/wp-content\/uploads\/mobilaus-telefono-pakrovejas-su-diktofnu.png","datePublished":"2026-04-03T06:48:23+00:00","breadcrumb":{"@id":"https:\/\/izsekosanasierices.lv\/produkts\/mobila-telefona-ladetajs-ar-slepenu-diktofonu\/#breadcrumb"},"inLanguage":"ru-RU","potentialAction":[{"@type":"ReadAction","target":["https:\/\/izsekosanasierices.lv\/produkts\/mobila-telefona-ladetajs-ar-slepenu-diktofonu\/"]}]},{"@type":"ImageObject","inLanguage":"ru-RU","@id":"https:\/\/izsekosanasierices.lv\/produkts\/mobila-telefona-ladetajs-ar-slepenu-diktofonu\/#primaryimage","url":"https:\/\/izsekosanasierices.lv\/wp-content\/uploads\/mobilaus-telefono-pakrovejas-su-diktofnu.png","contentUrl":"https:\/\/izsekosanasierices.lv\/wp-content\/uploads\/mobilaus-telefono-pakrovejas-su-diktofnu.png","width":1024,"height":1035},{"@type":"BreadcrumbList","@id":"https:\/\/izsekosanasierices.lv\/produkts\/mobila-telefona-ladetajs-ar-slepenu-diktofonu\/#breadcrumb","itemListElement":[{"@type":"ListItem","position":1,"name":"S\u0101kums","item":"https:\/\/izsekosanasierices.lv\/"},{"@type":"ListItem","position":2,"name":"Veikals","item":"https:\/\/izsekosanasierices.lv\/veikals\/"},{"@type":"ListItem","position":3,"name":"Mobil\u0101 telefona l\u0101d\u0113t\u0101js ar slepenu diktofonu"}]},{"@type":"WebSite","@id":"https:\/\/izsekosanasierices.lv\/#website","url":"https:\/\/izsekosanasierices.lv\/","name":"Nr1 Izseko\u0161anas ier\u012bces gps izseko\u0161anas iek\u0101rtas, klaus\u012b\u0161an\u0101s iek\u0101rtas","description":"","potentialAction":[{"@type":"SearchAction","target":{"@type":"EntryPoint","urlTemplate":"https:\/\/izsekosanasierices.lv\/?s={search_term_string}"},"query-input":{"@type":"PropertyValueSpecification","valueRequired":true,"valueName":"search_term_string"}}],"inLanguage":"ru-RU"}]}},"_links":{"self":[{"href":"https:\/\/izsekosanasierices.lv\/ru\/wp-json\/wp\/v2\/product\/5440","targetHints":{"allow":["GET"]}}],"collection":[{"href":"https:\/\/izsekosanasierices.lv\/ru\/wp-json\/wp\/v2\/product"}],"about":[{"href":"https:\/\/izsekosanasierices.lv\/ru\/wp-json\/wp\/v2\/types\/product"}],"wp:featuredmedia":[{"embeddable":true,"href":"https:\/\/izsekosanasierices.lv\/ru\/wp-json\/wp\/v2\/media\/5384"}],"wp:attachment":[{"href":"https:\/\/izsekosanasierices.lv\/ru\/wp-json\/wp\/v2\/media?parent=5440"}],"wp:term":[{"taxonomy":"product_brand","embeddable":true,"href":"https:\/\/izsekosanasierices.lv\/ru\/wp-json\/wp\/v2\/product_brand?post=5440"},{"taxonomy":"product_cat","embeddable":true,"href":"https:\/\/izsekosanasierices.lv\/ru\/wp-json\/wp\/v2\/product_cat?post=5440"},{"taxonomy":"product_tag","embeddable":true,"href":"https:\/\/izsekosanasierices.lv\/ru\/wp-json\/wp\/v2\/product_tag?post=5440"}],"curies":[{"name":"wp","href":"https:\/\/api.w.org\/{rel}","templated":true}]}}