{"id":5441,"date":"2026-04-03T09:48:23","date_gmt":"2026-04-03T06:48:23","guid":{"rendered":"https:\/\/izsekosanasierices.lv\/?post_type=product&#038;p=5441"},"modified":"2026-04-03T09:48:23","modified_gmt":"2026-04-03T06:48:23","slug":"wifi-diktofons-ar-attalinato-ierakstu-lejupieladi-telefona-ladetajs","status":"publish","type":"product","link":"https:\/\/izsekosanasierices.lv\/ru\/produkts\/wifi-diktofons-ar-attalinato-ierakstu-lejupieladi-telefona-ladetajs\/","title":{"rendered":"WiFi diktofons ar att\u0101lin\u0101to ierakstu lejupiel\u0101di telefona l\u0101d\u0113t\u0101js"},"content":{"rendered":"<h3><strong>\u0422\u0435\u0445\u043d\u0438\u0447\u0435\u0441\u043a\u0438\u0435 \u043f\u0430\u0440\u0430\u043c\u0435\u0442\u0440\u044b:<\/strong><\/h3>\n<ul>\n<li data-section-id=\"1i9r1c1\" data-start=\"130\" data-end=\"179\">Tie\u0161saistes klaus\u012b\u0161an\u0101s \u013coti augst\u0101 (HQ) kvalit\u0101t\u0113<\/li>\n<li data-section-id=\"t3h3b1\" data-start=\"180\" data-end=\"240\">Audio ieraksts uz SD karti ar ska\u0146as aktiviz\u0101ciju<\/li>\n<li data-section-id=\"t3h3b1\" data-start=\"180\" data-end=\"240\">Var darboties bez piesl\u0113guma t\u012bklam<\/li>\n<li data-section-id=\"kri7wh\" data-start=\"241\" data-end=\"302\">Ierakstu lejupiel\u0101de un p\u0101rl\u016bko\u0161ana caur mobilo lietotni<\/li>\n<li data-section-id=\"1ghlxo3\" data-start=\"303\" data-end=\"341\">Cikliska ierakst\u012b\u0161ana (loop recording)<\/li>\n<li data-section-id=\"s9yxei\" data-start=\"342\" data-end=\"407\">Iesp\u0113ja att\u0101lin\u0101ti format\u0113t SD karti caur lietotni<\/li>\n<li data-section-id=\"qsm8yr\" data-start=\"408\" data-end=\"460\">Ska\u0146as noteik\u0161anas funkcija ar \u201cpush\u201d pazi\u0146ojumu uz telefonu<\/li>\n<li data-section-id=\"1c3fbk0\" data-start=\"461\" data-end=\"512\">Izv\u0113les ieraksta ilgums (no 1 min l\u012bdz 30 min)<\/li>\n<li data-section-id=\"1c3fbk0\" data-start=\"461\" data-end=\"512\">Iek\u0161\u0113j\u0101 akumulators 500mAh<\/li>\n<li data-section-id=\"pal8dt\" data-start=\"513\" data-end=\"557\">Regul\u0113jams mikrofona jut\u012bgums<\/li>\n<li data-section-id=\"upz26z\" data-start=\"558\" data-end=\"602\">Zemas ener\u0123ijas pat\u0113ri\u0146\u0161 gaid\u012b\u0161anas re\u017e\u012bm\u0101<\/li>\n<li data-section-id=\"upz26z\" data-start=\"558\" data-end=\"602\">WAV form\u0101ts, 128 kbps, ska\u0146as aktiviz\u0101cija, atmi\u0146as izmanto\u0161ana 1 MB\/min., 512 st. \/ 32 GB<\/li>\n<li data-section-id=\"gstmmp\" data-start=\"603\" data-end=\"632\">Ieb\u016bv\u0113ta 32 GB atmi\u0146a<\/li>\n<li data-section-id=\"gstmmp\" data-start=\"603\" data-end=\"632\">Izm\u0113ri: 90 \u00d7 42 \u00d7 22 mm<\/li>\n<\/ul>\n<p><span style=\"color: #d0121a\"><strong>Nepiecie\u0161ama \u0101tra pieg\u0101de, taj\u0101 pa\u0161\u0101 dien\u0101? (ar\u012b br\u012bvdien\u0101s) &#8211; zvaniet +37068411114<\/strong><\/span><\/p>\n<p>Izmanto\u0161ana: Savu, b\u0113rnu aizsardz\u012bbai.<\/p>\n<p data-start=\"0\" data-end=\"171\">WiFi audio klaus\u012b\u0161an\u0101s ier\u012bce ar ierakst\u012b\u0161anas funkciju ir integr\u0113ta parastaj\u0101 5V\/2A ce\u013cojumu adapter\u012b, t\u0101d\u0113\u013c no \u0101rpuses izskat\u0101s un darbojas k\u0101 parasts l\u0101d\u0113t\u0101js.<\/p>\n<p data-start=\"173\" data-end=\"499\">Ier\u012bce \u013cauj re\u0101llaik\u0101 klaus\u012bties audio \u013coti augst\u0101 kvalit\u0101t\u0113 caur mobilo lietotni. T\u0101pat t\u0101 var ierakst\u012bt audio uz ieb\u016bv\u0113to 32 GB atmi\u0146u (microSD), kas \u013cauj uzkr\u0101t l\u012bdz 512 stundu ierakstiem. Ierakst\u012b\u0161ana notiek tikai tad, kad tiek noteikta ska\u0146a, un jut\u012bgumu var regul\u0113t. Katrs ieraksts tiek saglab\u0101ts atsevi\u0161\u0137i.<\/p>\n<p data-start=\"501\" data-end=\"854\">Visus ierakstus var \u0113rti lejupiel\u0101d\u0113t un p\u0101rl\u016bkot caur lietotni. Lejupiel\u0101de ir \u0101tra \u2013 piem\u0113ram, 1 min\u016btes ieraksts tiek lejupiel\u0101d\u0113ts apm\u0113ram 5 sekun\u017eu laik\u0101. T\u0101pat ir iesp\u0113jams izv\u0113l\u0113ties ierakstu ilgumu (no 1 l\u012bdz 30 min\u016bt\u0113m), izmantot ciklisku ierakst\u012b\u0161anu un att\u0101lin\u0101ti format\u0113t atmi\u0146u. Ska\u0146as kl\u0101tb\u016btn\u0113 ier\u012bce var s\u016bt\u012bt pazi\u0146ojumus uz telefonu.<\/p>\n<p data-start=\"856\" data-end=\"1126\">Kad adapteris ir piesl\u0113gts elektr\u012bbas t\u012bklam (220 V), tas darbojas neierobe\u017eotu laiku. Atvienojot no t\u012bkla, iesl\u0113dzas iek\u0161\u0113jais 500 mAh akumulators. Ar to ier\u012bce var darboties apm\u0113ram 7 stundas tie\u0161saistes klaus\u012b\u0161an\u0101s re\u017e\u012bm\u0101, l\u012bdz 24 stund\u0101m gaid\u012b\u0161anas re\u017e\u012bm\u0101 un l\u012bdz 7 dien\u0101m miega re\u017e\u012bm\u0101.<\/p>\n<p data-start=\"1128\" data-end=\"1294\">Ier\u012bce darbojas ar 2,4 GHz WiFi t\u012bkliem (5 GHz netiek atbalst\u012bts). Audio ieraksti tiek saglab\u0101ti WAV form\u0101t\u0101, 128 kbps kvalit\u0101t\u0113, un atmi\u0146as izmanto\u0161ana ir apm\u0113ram 1 MB min\u016bt\u0113.<\/p>\n<p data-start=\"1296\" data-end=\"1433\" data-is-last-node=\"\" data-is-only-node=\"\">Tas ir diskr\u0113ts un funkcion\u0101ls risin\u0101jums tiem, kam nepiecie\u0161ama att\u0101lin\u0101ta audio uzraudz\u012bba un ierakst\u012b\u0161ana bez papildus redzam\u0101m ier\u012bc\u0113m.<\/p>","protected":false},"excerpt":{"rendered":"<p>Tehniskie parametri: Tie\u0161saistes klaus\u012b\u0161an\u0101s \u013coti augst\u0101 (HQ) kvalit\u0101t\u0113 Audio ieraksts uz SD karti ar ska\u0146as aktiviz\u0101ciju Var darboties bez piesl\u0113guma t\u012bklam Ierakstu lejupiel\u0101de un p\u0101rl\u016bko\u0161ana caur mobilo lietotni Cikliska ierakst\u012b\u0161ana&#8230;<\/p>","protected":false},"featured_media":5388,"template":"","meta":[],"product_brand":[],"product_cat":[342,335,506],"product_tag":[],"class_list":{"0":"post-5441","1":"product","2":"type-product","3":"status-publish","4":"has-post-thumbnail","6":"product_cat-diktofoni","7":"product_cat-noklausisanas-ierices","8":"product_cat-wi-fi-noklausisanas-iekartas-jaunums-2","10":"first","11":"instock","12":"taxable","13":"shipping-taxable","14":"purchasable","15":"product-type-simple"},"yoast_head":"<!-- This site is optimized with the Yoast SEO plugin v27.3 - https:\/\/yoast.com\/product\/yoast-seo-wordpress\/ -->\n<title>WiFi diktofons ar att\u0101lin\u0101to ierakstu lejupiel\u0101di telefona l\u0101d\u0113t\u0101js<\/title>\n<meta name=\"robots\" content=\"index, follow, max-snippet:-1, max-image-preview:large, max-video-preview:-1\" \/>\n<link rel=\"canonical\" href=\"https:\/\/izsekosanasierices.lv\/ru\/produkts\/wifi-diktofons-ar-attalinato-ierakstu-lejupieladi-telefona-ladetajs\/\" \/>\n<meta property=\"og:locale\" content=\"ru_RU\" \/>\n<meta property=\"og:type\" content=\"article\" \/>\n<meta property=\"og:title\" content=\"WiFi diktofons ar att\u0101lin\u0101to ierakstu lejupiel\u0101di telefona l\u0101d\u0113t\u0101js\" \/>\n<meta property=\"og:description\" content=\"Tehniskie parametri: Tie\u0161saistes klaus\u012b\u0161an\u0101s \u013coti augst\u0101 (HQ) kvalit\u0101t\u0113 Audio ieraksts uz SD karti ar ska\u0146as aktiviz\u0101ciju Var darboties bez piesl\u0113guma t\u012bklam Ierakstu lejupiel\u0101de un p\u0101rl\u016bko\u0161ana caur mobilo lietotni Cikliska ierakst\u012b\u0161ana...\" \/>\n<meta property=\"og:url\" content=\"https:\/\/izsekosanasierices.lv\/ru\/produkts\/wifi-diktofons-ar-attalinato-ierakstu-lejupieladi-telefona-ladetajs\/\" \/>\n<meta property=\"og:site_name\" content=\"Nr1 Izseko\u0161anas ier\u012bces gps izseko\u0161anas iek\u0101rtas, klaus\u012b\u0161an\u0101s iek\u0101rtas\" \/>\n<meta property=\"og:image\" content=\"https:\/\/izsekosanasierices.lv\/wp-content\/uploads\/Telefono-pakrovejas-su-wifi-pasiklausymo-iranga-diktofonu.png\" \/>\n\t<meta property=\"og:image:width\" content=\"1024\" \/>\n\t<meta property=\"og:image:height\" content=\"1035\" \/>\n\t<meta property=\"og:image:type\" content=\"image\/png\" \/>\n<meta name=\"twitter:card\" content=\"summary_large_image\" \/>\n<meta name=\"twitter:label1\" content=\"\u041f\u0440\u0438\u043c\u0435\u0440\u043d\u043e\u0435 \u0432\u0440\u0435\u043c\u044f \u0434\u043b\u044f \u0447\u0442\u0435\u043d\u0438\u044f\" \/>\n\t<meta name=\"twitter:data1\" content=\"2 \u043c\u0438\u043d\u0443\u0442\u044b\" \/>\n<script type=\"application\/ld+json\" class=\"yoast-schema-graph\">{\"@context\":\"https:\\\/\\\/schema.org\",\"@graph\":[{\"@type\":\"WebPage\",\"@id\":\"https:\\\/\\\/izsekosanasierices.lv\\\/produkts\\\/wifi-diktofons-ar-attalinato-ierakstu-lejupieladi-telefona-ladetajs\\\/\",\"url\":\"https:\\\/\\\/izsekosanasierices.lv\\\/produkts\\\/wifi-diktofons-ar-attalinato-ierakstu-lejupieladi-telefona-ladetajs\\\/\",\"name\":\"WiFi diktofons ar att\u0101lin\u0101to ierakstu lejupiel\u0101di telefona l\u0101d\u0113t\u0101js\",\"isPartOf\":{\"@id\":\"https:\\\/\\\/izsekosanasierices.lv\\\/#website\"},\"primaryImageOfPage\":{\"@id\":\"https:\\\/\\\/izsekosanasierices.lv\\\/produkts\\\/wifi-diktofons-ar-attalinato-ierakstu-lejupieladi-telefona-ladetajs\\\/#primaryimage\"},\"image\":{\"@id\":\"https:\\\/\\\/izsekosanasierices.lv\\\/produkts\\\/wifi-diktofons-ar-attalinato-ierakstu-lejupieladi-telefona-ladetajs\\\/#primaryimage\"},\"thumbnailUrl\":\"https:\\\/\\\/izsekosanasierices.lv\\\/wp-content\\\/uploads\\\/Telefono-pakrovejas-su-wifi-pasiklausymo-iranga-diktofonu.png\",\"datePublished\":\"2026-04-03T06:48:23+00:00\",\"breadcrumb\":{\"@id\":\"https:\\\/\\\/izsekosanasierices.lv\\\/produkts\\\/wifi-diktofons-ar-attalinato-ierakstu-lejupieladi-telefona-ladetajs\\\/#breadcrumb\"},\"inLanguage\":\"ru-RU\",\"potentialAction\":[{\"@type\":\"ReadAction\",\"target\":[\"https:\\\/\\\/izsekosanasierices.lv\\\/produkts\\\/wifi-diktofons-ar-attalinato-ierakstu-lejupieladi-telefona-ladetajs\\\/\"]}]},{\"@type\":\"ImageObject\",\"inLanguage\":\"ru-RU\",\"@id\":\"https:\\\/\\\/izsekosanasierices.lv\\\/produkts\\\/wifi-diktofons-ar-attalinato-ierakstu-lejupieladi-telefona-ladetajs\\\/#primaryimage\",\"url\":\"https:\\\/\\\/izsekosanasierices.lv\\\/wp-content\\\/uploads\\\/Telefono-pakrovejas-su-wifi-pasiklausymo-iranga-diktofonu.png\",\"contentUrl\":\"https:\\\/\\\/izsekosanasierices.lv\\\/wp-content\\\/uploads\\\/Telefono-pakrovejas-su-wifi-pasiklausymo-iranga-diktofonu.png\",\"width\":1024,\"height\":1035},{\"@type\":\"BreadcrumbList\",\"@id\":\"https:\\\/\\\/izsekosanasierices.lv\\\/produkts\\\/wifi-diktofons-ar-attalinato-ierakstu-lejupieladi-telefona-ladetajs\\\/#breadcrumb\",\"itemListElement\":[{\"@type\":\"ListItem\",\"position\":1,\"name\":\"S\u0101kums\",\"item\":\"https:\\\/\\\/izsekosanasierices.lv\\\/\"},{\"@type\":\"ListItem\",\"position\":2,\"name\":\"Veikals\",\"item\":\"https:\\\/\\\/izsekosanasierices.lv\\\/veikals\\\/\"},{\"@type\":\"ListItem\",\"position\":3,\"name\":\"WiFi diktofons ar att\u0101lin\u0101to ierakstu lejupiel\u0101di telefona l\u0101d\u0113t\u0101js\"}]},{\"@type\":\"WebSite\",\"@id\":\"https:\\\/\\\/izsekosanasierices.lv\\\/#website\",\"url\":\"https:\\\/\\\/izsekosanasierices.lv\\\/\",\"name\":\"Nr1 Izseko\u0161anas ier\u012bces gps izseko\u0161anas iek\u0101rtas, klaus\u012b\u0161an\u0101s iek\u0101rtas\",\"description\":\"\",\"potentialAction\":[{\"@type\":\"SearchAction\",\"target\":{\"@type\":\"EntryPoint\",\"urlTemplate\":\"https:\\\/\\\/izsekosanasierices.lv\\\/?s={search_term_string}\"},\"query-input\":{\"@type\":\"PropertyValueSpecification\",\"valueRequired\":true,\"valueName\":\"search_term_string\"}}],\"inLanguage\":\"ru-RU\"}]}<\/script>\n<!-- \/ Yoast SEO plugin. -->","yoast_head_json":{"title":"WiFi diktofons ar att\u0101lin\u0101to ierakstu lejupiel\u0101di telefona l\u0101d\u0113t\u0101js","robots":{"index":"index","follow":"follow","max-snippet":"max-snippet:-1","max-image-preview":"max-image-preview:large","max-video-preview":"max-video-preview:-1"},"canonical":"https:\/\/izsekosanasierices.lv\/ru\/produkts\/wifi-diktofons-ar-attalinato-ierakstu-lejupieladi-telefona-ladetajs\/","og_locale":"ru_RU","og_type":"article","og_title":"WiFi diktofons ar att\u0101lin\u0101to ierakstu lejupiel\u0101di telefona l\u0101d\u0113t\u0101js","og_description":"Tehniskie parametri: Tie\u0161saistes klaus\u012b\u0161an\u0101s \u013coti augst\u0101 (HQ) kvalit\u0101t\u0113 Audio ieraksts uz SD karti ar ska\u0146as aktiviz\u0101ciju Var darboties bez piesl\u0113guma t\u012bklam Ierakstu lejupiel\u0101de un p\u0101rl\u016bko\u0161ana caur mobilo lietotni Cikliska ierakst\u012b\u0161ana...","og_url":"https:\/\/izsekosanasierices.lv\/ru\/produkts\/wifi-diktofons-ar-attalinato-ierakstu-lejupieladi-telefona-ladetajs\/","og_site_name":"Nr1 Izseko\u0161anas ier\u012bces gps izseko\u0161anas iek\u0101rtas, klaus\u012b\u0161an\u0101s iek\u0101rtas","og_image":[{"width":1024,"height":1035,"url":"https:\/\/izsekosanasierices.lv\/wp-content\/uploads\/Telefono-pakrovejas-su-wifi-pasiklausymo-iranga-diktofonu.png","type":"image\/png"}],"twitter_card":"summary_large_image","twitter_misc":{"\u041f\u0440\u0438\u043c\u0435\u0440\u043d\u043e\u0435 \u0432\u0440\u0435\u043c\u044f \u0434\u043b\u044f \u0447\u0442\u0435\u043d\u0438\u044f":"2 \u043c\u0438\u043d\u0443\u0442\u044b"},"schema":{"@context":"https:\/\/schema.org","@graph":[{"@type":"WebPage","@id":"https:\/\/izsekosanasierices.lv\/produkts\/wifi-diktofons-ar-attalinato-ierakstu-lejupieladi-telefona-ladetajs\/","url":"https:\/\/izsekosanasierices.lv\/produkts\/wifi-diktofons-ar-attalinato-ierakstu-lejupieladi-telefona-ladetajs\/","name":"WiFi diktofons ar att\u0101lin\u0101to ierakstu lejupiel\u0101di telefona l\u0101d\u0113t\u0101js","isPartOf":{"@id":"https:\/\/izsekosanasierices.lv\/#website"},"primaryImageOfPage":{"@id":"https:\/\/izsekosanasierices.lv\/produkts\/wifi-diktofons-ar-attalinato-ierakstu-lejupieladi-telefona-ladetajs\/#primaryimage"},"image":{"@id":"https:\/\/izsekosanasierices.lv\/produkts\/wifi-diktofons-ar-attalinato-ierakstu-lejupieladi-telefona-ladetajs\/#primaryimage"},"thumbnailUrl":"https:\/\/izsekosanasierices.lv\/wp-content\/uploads\/Telefono-pakrovejas-su-wifi-pasiklausymo-iranga-diktofonu.png","datePublished":"2026-04-03T06:48:23+00:00","breadcrumb":{"@id":"https:\/\/izsekosanasierices.lv\/produkts\/wifi-diktofons-ar-attalinato-ierakstu-lejupieladi-telefona-ladetajs\/#breadcrumb"},"inLanguage":"ru-RU","potentialAction":[{"@type":"ReadAction","target":["https:\/\/izsekosanasierices.lv\/produkts\/wifi-diktofons-ar-attalinato-ierakstu-lejupieladi-telefona-ladetajs\/"]}]},{"@type":"ImageObject","inLanguage":"ru-RU","@id":"https:\/\/izsekosanasierices.lv\/produkts\/wifi-diktofons-ar-attalinato-ierakstu-lejupieladi-telefona-ladetajs\/#primaryimage","url":"https:\/\/izsekosanasierices.lv\/wp-content\/uploads\/Telefono-pakrovejas-su-wifi-pasiklausymo-iranga-diktofonu.png","contentUrl":"https:\/\/izsekosanasierices.lv\/wp-content\/uploads\/Telefono-pakrovejas-su-wifi-pasiklausymo-iranga-diktofonu.png","width":1024,"height":1035},{"@type":"BreadcrumbList","@id":"https:\/\/izsekosanasierices.lv\/produkts\/wifi-diktofons-ar-attalinato-ierakstu-lejupieladi-telefona-ladetajs\/#breadcrumb","itemListElement":[{"@type":"ListItem","position":1,"name":"S\u0101kums","item":"https:\/\/izsekosanasierices.lv\/"},{"@type":"ListItem","position":2,"name":"Veikals","item":"https:\/\/izsekosanasierices.lv\/veikals\/"},{"@type":"ListItem","position":3,"name":"WiFi diktofons ar att\u0101lin\u0101to ierakstu lejupiel\u0101di telefona l\u0101d\u0113t\u0101js"}]},{"@type":"WebSite","@id":"https:\/\/izsekosanasierices.lv\/#website","url":"https:\/\/izsekosanasierices.lv\/","name":"Nr1 Izseko\u0161anas ier\u012bces gps izseko\u0161anas iek\u0101rtas, klaus\u012b\u0161an\u0101s iek\u0101rtas","description":"","potentialAction":[{"@type":"SearchAction","target":{"@type":"EntryPoint","urlTemplate":"https:\/\/izsekosanasierices.lv\/?s={search_term_string}"},"query-input":{"@type":"PropertyValueSpecification","valueRequired":true,"valueName":"search_term_string"}}],"inLanguage":"ru-RU"}]}},"_links":{"self":[{"href":"https:\/\/izsekosanasierices.lv\/ru\/wp-json\/wp\/v2\/product\/5441","targetHints":{"allow":["GET"]}}],"collection":[{"href":"https:\/\/izsekosanasierices.lv\/ru\/wp-json\/wp\/v2\/product"}],"about":[{"href":"https:\/\/izsekosanasierices.lv\/ru\/wp-json\/wp\/v2\/types\/product"}],"wp:featuredmedia":[{"embeddable":true,"href":"https:\/\/izsekosanasierices.lv\/ru\/wp-json\/wp\/v2\/media\/5388"}],"wp:attachment":[{"href":"https:\/\/izsekosanasierices.lv\/ru\/wp-json\/wp\/v2\/media?parent=5441"}],"wp:term":[{"taxonomy":"product_brand","embeddable":true,"href":"https:\/\/izsekosanasierices.lv\/ru\/wp-json\/wp\/v2\/product_brand?post=5441"},{"taxonomy":"product_cat","embeddable":true,"href":"https:\/\/izsekosanasierices.lv\/ru\/wp-json\/wp\/v2\/product_cat?post=5441"},{"taxonomy":"product_tag","embeddable":true,"href":"https:\/\/izsekosanasierices.lv\/ru\/wp-json\/wp\/v2\/product_tag?post=5441"}],"curies":[{"name":"wp","href":"https:\/\/api.w.org\/{rel}","templated":true}]}}