{"id":5442,"date":"2026-04-03T09:48:23","date_gmt":"2026-04-03T06:48:23","guid":{"rendered":"https:\/\/izsekosanasierices.lv\/?post_type=product&#038;p=5442"},"modified":"2026-04-03T09:48:23","modified_gmt":"2026-04-03T06:48:23","slug":"melna-kustibas-sensors-ar-slepeno-kameru-un-pir-sensoru-darbiba-lidz-1m","status":"publish","type":"product","link":"https:\/\/izsekosanasierices.lv\/ru\/produkts\/melna-kustibas-sensors-ar-slepeno-kameru-un-pir-sensoru-darbiba-lidz-1m\/","title":{"rendered":"Meln\u0101 kust\u012bbas sensors ar slepeno kameru un PIR sensoru Darb\u012bba l\u012bdz 1m"},"content":{"rendered":"<h3><strong>\u0422\u0435\u0445\u043d\u0438\u0447\u0435\u0441\u043a\u0438\u0435 \u043f\u0430\u0440\u0430\u043c\u0435\u0442\u0440\u044b:<\/strong><\/h3>\n<ul>\n<li>Atmi\u0146as kar\u0161u atbalsts: mikro SD \/ SDHC l\u012bdz 64GB (nav iek\u013cauts)<\/li>\n<li>Signaliz\u0101cijas kust\u012bbas sensors (imit\u0101cija)<\/li>\n<li>2mpx kameru sensors<\/li>\n<li>Video ieraksts ar ska\u0146u<\/li>\n<li>Ieraksta iz\u0161\u0137irtsp\u0113ja: pilns HD 1920x1080px<\/li>\n<li>Kust\u012bbas sensors imit\u0101cija<\/li>\n<li>Darbojas l\u012bdz 1 gadam bez uzl\u0101des (gaid\u012b\u0161anas re\u017e\u012bm\u0101)<\/li>\n<li>\u0424\u043e\u0440\u043c\u0430\u0442 \u0432\u0438\u0434\u0435\u043e: avi | \u043c\u0430\u043a\u0441\u0438\u043c\u0443\u043c 25 \u043a\u0430\u0434\u0440\u043e\u0432 \u0432 \u0441\u0435\u043a\u0443\u043d\u0434\u0443<\/li>\n<li>Video iz\u0161\u0137irtsp\u0113ja: 1920 x 1080 px<\/li>\n<li>Skata le\u0146\u0137is: 145 \u00b0 \u013coti pla\u0161s le\u0146\u0137is<\/li>\n<li>\u0417\u0432\u0443\u043a: \u043c\u0438\u043a\u0440\u043e\u0444\u043e\u043d \u0441 \u0448\u0443\u043c\u043e\u043f\u043e\u0434\u0430\u0432\u043b\u0435\u043d\u0438\u0435\u043c<\/li>\n<li>PIR sensora aktiviz\u0113\u0161an\u0101s l\u012bdz 5 metriem<\/li>\n<li>\u041d\u043e\u0447\u043d\u0430\u044f \u0432\u0438\u0434\u0438\u043c\u043e\u0441\u0442\u044c 5 \u043c\u0435\u0442\u0440\u043e\u0432<\/li>\n<li>Uzraudz\u012bba internet\u0101 tie\u0161raid\u0113 (caur mob. lietotni) no jebkuras pasaules valsts<\/li>\n<li>Kust\u012bbas noteik\u0161ana, izn\u0101k pazi\u0146ojums lietotn\u0113, ka k\u0101ds staig\u0101 telp\u0101<\/li>\n<li>Uzl\u0101des laiks apm\u0113ram 10 stundas<\/li>\n<li>Iek\u0161\u0113jais akumulators 4500mAh<\/li>\n<li>\u0414\u0430\u0442\u0447\u0438\u043a \u0434\u0432\u0438\u0436\u0435\u043d\u0438\u044f (PIR)<\/li>\n<li>Video ieraksta past\u0101v\u012bga ierakst\u012b\u0161ana (uz aug\u0161u)<\/li>\n<li>\u041a\u043e\u0434\u0438\u0440\u043e\u0432\u043a\u0430 \u0432\u0438\u0434\u0435\u043e: H264<\/li>\n<li>Komplekt\u0101cija: Sensora imit\u0101cija ar ieb\u016bv\u0113tu slepenu kameru, micro SD kar\u0161u las\u012bt\u0101js, USB kabelis, baro\u0161anas bloks<\/li>\n<li>Izm\u0113ri: 6,5&#215;3,7&#215;10,7cm<\/li>\n<li><strong>\u0413\u0410\u0420\u0410\u041d\u0422\u0418\u042f 12 \u043c\u0435\u0441\u044f\u0446\u0435\u0432<\/strong><\/li>\n<\/ul>\n<p><strong><span style=\"color: #d0121a\">Nepiecie\u0161ama \u0101tra pieg\u0101de, taj\u0101 pa\u0161\u0101 dien\u0101? (ar\u012b br\u012bvdien\u0101s) &#8211; zvaniet +37068411114<\/span><\/strong><\/p>","protected":false},"excerpt":{"rendered":"<p>Tehniskie parametri: Atmi\u0146as kar\u0161u atbalsts: mikro SD \/ SDHC l\u012bdz 64GB (nav iek\u013cauts) Signaliz\u0101cijas kust\u012bbas sensors (imit\u0101cija) 2mpx kameru sensors Video ieraksts ar ska\u0146u Ieraksta iz\u0161\u0137irtsp\u0113ja: pilns HD 1920x1080px Kust\u012bbas&#8230;<\/p>","protected":false},"featured_media":5392,"template":"","meta":[],"product_brand":[],"product_cat":[504,321,505],"product_tag":[],"class_list":{"0":"post-5442","1":"product","2":"type-product","3":"status-publish","4":"has-post-thumbnail","6":"product_cat-masketas-kameras-2","7":"product_cat-sleptas-kameras","8":"product_cat-wi-fi-slepenas-kameras-2","10":"first","11":"instock","12":"taxable","13":"shipping-taxable","14":"purchasable","15":"product-type-simple"},"yoast_head":"<!-- This site is optimized with the Yoast SEO plugin v27.3 - https:\/\/yoast.com\/product\/yoast-seo-wordpress\/ -->\n<title>Meln\u0101 kust\u012bbas sensors ar slepeno kameru un PIR sensoru Darb\u012bba l\u012bdz 1m<\/title>\n<meta name=\"robots\" content=\"index, follow, max-snippet:-1, max-image-preview:large, max-video-preview:-1\" \/>\n<link rel=\"canonical\" href=\"https:\/\/izsekosanasierices.lv\/ru\/produkts\/melna-kustibas-sensors-ar-slepeno-kameru-un-pir-sensoru-darbiba-lidz-1m\/\" \/>\n<meta property=\"og:locale\" content=\"ru_RU\" \/>\n<meta property=\"og:type\" content=\"article\" \/>\n<meta property=\"og:title\" content=\"Meln\u0101 kust\u012bbas sensors ar slepeno kameru un PIR sensoru Darb\u012bba l\u012bdz 1m\" \/>\n<meta property=\"og:description\" content=\"Tehniskie parametri: Atmi\u0146as kar\u0161u atbalsts: mikro SD \/ SDHC l\u012bdz 64GB (nav iek\u013cauts) Signaliz\u0101cijas kust\u012bbas sensors (imit\u0101cija) 2mpx kameru sensors Video ieraksts ar ska\u0146u Ieraksta iz\u0161\u0137irtsp\u0113ja: pilns HD 1920x1080px Kust\u012bbas...\" \/>\n<meta property=\"og:url\" content=\"https:\/\/izsekosanasierices.lv\/ru\/produkts\/melna-kustibas-sensors-ar-slepeno-kameru-un-pir-sensoru-darbiba-lidz-1m\/\" \/>\n<meta property=\"og:site_name\" content=\"Nr1 Izseko\u0161anas ier\u012bces gps izseko\u0161anas iek\u0101rtas, klaus\u012b\u0161an\u0101s iek\u0101rtas\" \/>\n<meta property=\"og:image\" content=\"https:\/\/izsekosanasierices.lv\/wp-content\/uploads\/judesio-dviklis-slaptos-kameros.jpg\" \/>\n\t<meta property=\"og:image:width\" content=\"605\" \/>\n\t<meta property=\"og:image:height\" content=\"785\" \/>\n\t<meta property=\"og:image:type\" content=\"image\/jpeg\" \/>\n<meta name=\"twitter:card\" content=\"summary_large_image\" \/>\n<meta name=\"twitter:label1\" content=\"\u041f\u0440\u0438\u043c\u0435\u0440\u043d\u043e\u0435 \u0432\u0440\u0435\u043c\u044f \u0434\u043b\u044f \u0447\u0442\u0435\u043d\u0438\u044f\" \/>\n\t<meta name=\"twitter:data1\" content=\"1 \u043c\u0438\u043d\u0443\u0442\u0430\" \/>\n<script type=\"application\/ld+json\" class=\"yoast-schema-graph\">{\"@context\":\"https:\\\/\\\/schema.org\",\"@graph\":[{\"@type\":\"WebPage\",\"@id\":\"https:\\\/\\\/izsekosanasierices.lv\\\/produkts\\\/melna-kustibas-sensors-ar-slepeno-kameru-un-pir-sensoru-darbiba-lidz-1m\\\/\",\"url\":\"https:\\\/\\\/izsekosanasierices.lv\\\/produkts\\\/melna-kustibas-sensors-ar-slepeno-kameru-un-pir-sensoru-darbiba-lidz-1m\\\/\",\"name\":\"Meln\u0101 kust\u012bbas sensors ar slepeno kameru un PIR sensoru Darb\u012bba l\u012bdz 1m\",\"isPartOf\":{\"@id\":\"https:\\\/\\\/izsekosanasierices.lv\\\/#website\"},\"primaryImageOfPage\":{\"@id\":\"https:\\\/\\\/izsekosanasierices.lv\\\/produkts\\\/melna-kustibas-sensors-ar-slepeno-kameru-un-pir-sensoru-darbiba-lidz-1m\\\/#primaryimage\"},\"image\":{\"@id\":\"https:\\\/\\\/izsekosanasierices.lv\\\/produkts\\\/melna-kustibas-sensors-ar-slepeno-kameru-un-pir-sensoru-darbiba-lidz-1m\\\/#primaryimage\"},\"thumbnailUrl\":\"https:\\\/\\\/izsekosanasierices.lv\\\/wp-content\\\/uploads\\\/judesio-dviklis-slaptos-kameros.jpg\",\"datePublished\":\"2026-04-03T06:48:23+00:00\",\"breadcrumb\":{\"@id\":\"https:\\\/\\\/izsekosanasierices.lv\\\/produkts\\\/melna-kustibas-sensors-ar-slepeno-kameru-un-pir-sensoru-darbiba-lidz-1m\\\/#breadcrumb\"},\"inLanguage\":\"ru-RU\",\"potentialAction\":[{\"@type\":\"ReadAction\",\"target\":[\"https:\\\/\\\/izsekosanasierices.lv\\\/produkts\\\/melna-kustibas-sensors-ar-slepeno-kameru-un-pir-sensoru-darbiba-lidz-1m\\\/\"]}]},{\"@type\":\"ImageObject\",\"inLanguage\":\"ru-RU\",\"@id\":\"https:\\\/\\\/izsekosanasierices.lv\\\/produkts\\\/melna-kustibas-sensors-ar-slepeno-kameru-un-pir-sensoru-darbiba-lidz-1m\\\/#primaryimage\",\"url\":\"https:\\\/\\\/izsekosanasierices.lv\\\/wp-content\\\/uploads\\\/judesio-dviklis-slaptos-kameros.jpg\",\"contentUrl\":\"https:\\\/\\\/izsekosanasierices.lv\\\/wp-content\\\/uploads\\\/judesio-dviklis-slaptos-kameros.jpg\",\"width\":605,\"height\":785},{\"@type\":\"BreadcrumbList\",\"@id\":\"https:\\\/\\\/izsekosanasierices.lv\\\/produkts\\\/melna-kustibas-sensors-ar-slepeno-kameru-un-pir-sensoru-darbiba-lidz-1m\\\/#breadcrumb\",\"itemListElement\":[{\"@type\":\"ListItem\",\"position\":1,\"name\":\"S\u0101kums\",\"item\":\"https:\\\/\\\/izsekosanasierices.lv\\\/\"},{\"@type\":\"ListItem\",\"position\":2,\"name\":\"Veikals\",\"item\":\"https:\\\/\\\/izsekosanasierices.lv\\\/veikals\\\/\"},{\"@type\":\"ListItem\",\"position\":3,\"name\":\"Meln\u0101 kust\u012bbas sensors ar slepeno kameru un PIR sensoru Darb\u012bba l\u012bdz 1m\"}]},{\"@type\":\"WebSite\",\"@id\":\"https:\\\/\\\/izsekosanasierices.lv\\\/#website\",\"url\":\"https:\\\/\\\/izsekosanasierices.lv\\\/\",\"name\":\"Nr1 Izseko\u0161anas ier\u012bces gps izseko\u0161anas iek\u0101rtas, klaus\u012b\u0161an\u0101s iek\u0101rtas\",\"description\":\"\",\"potentialAction\":[{\"@type\":\"SearchAction\",\"target\":{\"@type\":\"EntryPoint\",\"urlTemplate\":\"https:\\\/\\\/izsekosanasierices.lv\\\/?s={search_term_string}\"},\"query-input\":{\"@type\":\"PropertyValueSpecification\",\"valueRequired\":true,\"valueName\":\"search_term_string\"}}],\"inLanguage\":\"ru-RU\"}]}<\/script>\n<!-- \/ Yoast SEO plugin. -->","yoast_head_json":{"title":"Meln\u0101 kust\u012bbas sensors ar slepeno kameru un PIR sensoru Darb\u012bba l\u012bdz 1m","robots":{"index":"index","follow":"follow","max-snippet":"max-snippet:-1","max-image-preview":"max-image-preview:large","max-video-preview":"max-video-preview:-1"},"canonical":"https:\/\/izsekosanasierices.lv\/ru\/produkts\/melna-kustibas-sensors-ar-slepeno-kameru-un-pir-sensoru-darbiba-lidz-1m\/","og_locale":"ru_RU","og_type":"article","og_title":"Meln\u0101 kust\u012bbas sensors ar slepeno kameru un PIR sensoru Darb\u012bba l\u012bdz 1m","og_description":"Tehniskie parametri: Atmi\u0146as kar\u0161u atbalsts: mikro SD \/ SDHC l\u012bdz 64GB (nav iek\u013cauts) Signaliz\u0101cijas kust\u012bbas sensors (imit\u0101cija) 2mpx kameru sensors Video ieraksts ar ska\u0146u Ieraksta iz\u0161\u0137irtsp\u0113ja: pilns HD 1920x1080px Kust\u012bbas...","og_url":"https:\/\/izsekosanasierices.lv\/ru\/produkts\/melna-kustibas-sensors-ar-slepeno-kameru-un-pir-sensoru-darbiba-lidz-1m\/","og_site_name":"Nr1 Izseko\u0161anas ier\u012bces gps izseko\u0161anas iek\u0101rtas, klaus\u012b\u0161an\u0101s iek\u0101rtas","og_image":[{"width":605,"height":785,"url":"https:\/\/izsekosanasierices.lv\/wp-content\/uploads\/judesio-dviklis-slaptos-kameros.jpg","type":"image\/jpeg"}],"twitter_card":"summary_large_image","twitter_misc":{"\u041f\u0440\u0438\u043c\u0435\u0440\u043d\u043e\u0435 \u0432\u0440\u0435\u043c\u044f \u0434\u043b\u044f \u0447\u0442\u0435\u043d\u0438\u044f":"1 \u043c\u0438\u043d\u0443\u0442\u0430"},"schema":{"@context":"https:\/\/schema.org","@graph":[{"@type":"WebPage","@id":"https:\/\/izsekosanasierices.lv\/produkts\/melna-kustibas-sensors-ar-slepeno-kameru-un-pir-sensoru-darbiba-lidz-1m\/","url":"https:\/\/izsekosanasierices.lv\/produkts\/melna-kustibas-sensors-ar-slepeno-kameru-un-pir-sensoru-darbiba-lidz-1m\/","name":"Meln\u0101 kust\u012bbas sensors ar slepeno kameru un PIR sensoru Darb\u012bba l\u012bdz 1m","isPartOf":{"@id":"https:\/\/izsekosanasierices.lv\/#website"},"primaryImageOfPage":{"@id":"https:\/\/izsekosanasierices.lv\/produkts\/melna-kustibas-sensors-ar-slepeno-kameru-un-pir-sensoru-darbiba-lidz-1m\/#primaryimage"},"image":{"@id":"https:\/\/izsekosanasierices.lv\/produkts\/melna-kustibas-sensors-ar-slepeno-kameru-un-pir-sensoru-darbiba-lidz-1m\/#primaryimage"},"thumbnailUrl":"https:\/\/izsekosanasierices.lv\/wp-content\/uploads\/judesio-dviklis-slaptos-kameros.jpg","datePublished":"2026-04-03T06:48:23+00:00","breadcrumb":{"@id":"https:\/\/izsekosanasierices.lv\/produkts\/melna-kustibas-sensors-ar-slepeno-kameru-un-pir-sensoru-darbiba-lidz-1m\/#breadcrumb"},"inLanguage":"ru-RU","potentialAction":[{"@type":"ReadAction","target":["https:\/\/izsekosanasierices.lv\/produkts\/melna-kustibas-sensors-ar-slepeno-kameru-un-pir-sensoru-darbiba-lidz-1m\/"]}]},{"@type":"ImageObject","inLanguage":"ru-RU","@id":"https:\/\/izsekosanasierices.lv\/produkts\/melna-kustibas-sensors-ar-slepeno-kameru-un-pir-sensoru-darbiba-lidz-1m\/#primaryimage","url":"https:\/\/izsekosanasierices.lv\/wp-content\/uploads\/judesio-dviklis-slaptos-kameros.jpg","contentUrl":"https:\/\/izsekosanasierices.lv\/wp-content\/uploads\/judesio-dviklis-slaptos-kameros.jpg","width":605,"height":785},{"@type":"BreadcrumbList","@id":"https:\/\/izsekosanasierices.lv\/produkts\/melna-kustibas-sensors-ar-slepeno-kameru-un-pir-sensoru-darbiba-lidz-1m\/#breadcrumb","itemListElement":[{"@type":"ListItem","position":1,"name":"S\u0101kums","item":"https:\/\/izsekosanasierices.lv\/"},{"@type":"ListItem","position":2,"name":"Veikals","item":"https:\/\/izsekosanasierices.lv\/veikals\/"},{"@type":"ListItem","position":3,"name":"Meln\u0101 kust\u012bbas sensors ar slepeno kameru un PIR sensoru Darb\u012bba l\u012bdz 1m"}]},{"@type":"WebSite","@id":"https:\/\/izsekosanasierices.lv\/#website","url":"https:\/\/izsekosanasierices.lv\/","name":"Nr1 Izseko\u0161anas ier\u012bces gps izseko\u0161anas iek\u0101rtas, klaus\u012b\u0161an\u0101s iek\u0101rtas","description":"","potentialAction":[{"@type":"SearchAction","target":{"@type":"EntryPoint","urlTemplate":"https:\/\/izsekosanasierices.lv\/?s={search_term_string}"},"query-input":{"@type":"PropertyValueSpecification","valueRequired":true,"valueName":"search_term_string"}}],"inLanguage":"ru-RU"}]}},"_links":{"self":[{"href":"https:\/\/izsekosanasierices.lv\/ru\/wp-json\/wp\/v2\/product\/5442","targetHints":{"allow":["GET"]}}],"collection":[{"href":"https:\/\/izsekosanasierices.lv\/ru\/wp-json\/wp\/v2\/product"}],"about":[{"href":"https:\/\/izsekosanasierices.lv\/ru\/wp-json\/wp\/v2\/types\/product"}],"wp:featuredmedia":[{"embeddable":true,"href":"https:\/\/izsekosanasierices.lv\/ru\/wp-json\/wp\/v2\/media\/5392"}],"wp:attachment":[{"href":"https:\/\/izsekosanasierices.lv\/ru\/wp-json\/wp\/v2\/media?parent=5442"}],"wp:term":[{"taxonomy":"product_brand","embeddable":true,"href":"https:\/\/izsekosanasierices.lv\/ru\/wp-json\/wp\/v2\/product_brand?post=5442"},{"taxonomy":"product_cat","embeddable":true,"href":"https:\/\/izsekosanasierices.lv\/ru\/wp-json\/wp\/v2\/product_cat?post=5442"},{"taxonomy":"product_tag","embeddable":true,"href":"https:\/\/izsekosanasierices.lv\/ru\/wp-json\/wp\/v2\/product_tag?post=5442"}],"curies":[{"name":"wp","href":"https:\/\/api.w.org\/{rel}","templated":true}]}}