{"id":5443,"date":"2026-04-03T09:48:23","date_gmt":"2026-04-03T06:48:23","guid":{"rendered":"https:\/\/izsekosanasierices.lv\/?post_type=product&#038;p=5443"},"modified":"2026-04-03T09:48:23","modified_gmt":"2026-04-03T06:48:23","slug":"gaisa-mitrinatajs-ar-slepenu-videokameru","status":"publish","type":"product","link":"https:\/\/izsekosanasierices.lv\/ru\/produkts\/gaisa-mitrinatajs-ar-slepenu-videokameru\/","title":{"rendered":"Gaisa mitrin\u0101t\u0101js ar slepenu videokameru"},"content":{"rendered":"<h2><strong>\u0422\u0435\u0445\u043d\u0438\u0447\u0435\u0441\u043a\u0438\u0435 \u043f\u0430\u0440\u0430\u043c\u0435\u0442\u0440\u044b:<\/strong><\/h2>\n<ul>\n<li style=\"list-style-type: none\">\n<ul>\n<li>Iesp\u0113ja skat\u012bt att\u0113lu tie\u0161raid\u0113 caur mob. lietotni<\/li>\n<li>\u0112terisko e\u013c\u013cu tvaic\u0113t\u0101js 120ml. \u016bdens tilpums<\/li>\n<li>\u016adens tilpums 1 litrs<\/li>\n<li>2 kr\u0101su apgaismojums<\/li>\n<li>100% funkcion\u0113jo\u0161s tvaic\u0113t\u0101js<\/li>\n<li>\u0100tra piesl\u0113g\u0161ana aiz\u0146ems tikai 2 min\u016btes.<\/li>\n<li>Att\u0113lu var skat\u012bt tie\u0161raid\u0113 telefon\u0101<\/li>\n<li>Nek\u0101dus trok\u0161\u0146us un gaismas neizstaro<\/li>\n<li>Piesl\u0113dzams pie elektr\u012bbas t\u012bkla, darbosies visu laiku, neb\u016bs j\u0101l\u0101d\u0113 akumulators<\/li>\n<li>\u0420\u0430\u0437\u0440\u0435\u0448\u0435\u043d\u0438\u0435 \u0437\u0430\u043f\u0438\u0441\u0438: Full HD<\/li>\n<li>\u0424\u043e\u0440\u043c\u0430\u0442 \u0432\u0438\u0434\u0435\u043e: avi | \u043c\u0430\u043a\u0441\u0438\u043c\u0443\u043c 25 \u043a\u0430\u0434\u0440\u043e\u0432 \u0432 \u0441\u0435\u043a\u0443\u043d\u0434\u0443<\/li>\n<li>Skata le\u0146\u0137is: 100 \u00b0 \u013coti plats le\u0146\u0137is<\/li>\n<li>Troksnis: mikrofons ar trok\u0161\u0146u sl\u0101p\u0113\u0161anas funkciju<\/li>\n<li>Uzl\u0101de caur USB kabeli<\/li>\n<li>\u041a\u043e\u0434\u0438\u0440\u043e\u0432\u043a\u0430 \u0432\u0438\u0434\u0435\u043e: H264<\/li>\n<li>Kr\u0101sa melna koks<\/li>\n<li>Komplekt\u0101cija: Wifi kamera \u0113terisko e\u013c\u013cu tvaic\u0113t\u0101js, micro SD kar\u0161u las\u012bt\u0101js, usb kabelis<\/li>\n<li>Izm\u0113ri: 218mm x103mm x 103mm<\/li>\n<li>\u0413\u0410\u0420\u0410\u041d\u0422\u0418\u042f 12 \u043c\u0435\u0441\u044f\u0446\u0435\u0432.<\/li>\n<\/ul>\n<\/li>\n<\/ul>\n<p style=\"text-align: left\"><span style=\"color: #ff0000\"><strong class=\"rednew\">Nepiecie\u0161ams \u0101trs pieg\u0101de, taj\u0101 pa\u0161\u0101 dien\u0101? (ar\u012b br\u012bvdien\u0101s) &#8211; zvaniet +37068411114<\/strong><\/span><\/p>\n<p>Augst\u0101k\u0101s Kvalit\u0101tes M\u0101jas Aizsardz\u012bba un Komforts: \u0112terisko E\u013c\u013cu Tvaic\u0113t\u0101js ar Slepeno Full HD Kameru<\/p>\n<p>\u0160is moderns un elegants ier\u012bce apvieno divas noder\u012bgas funkcijas: gaisa mitrin\u0101\u0161anu un slepenu video nov\u0113ro\u0161anu. \u0160eit ir da\u017eas svar\u012bg\u0101k\u0101s \u012bpa\u0161\u012bbas:<\/p>\n<p>Diskr\u0113ts dizains: \u0160is ier\u012bce izskat\u0101s k\u0101 parasts un stil\u012bgs gaisa mitrin\u0101t\u0101js, t\u0101p\u0113c viegli iek\u013caujas jebkur\u0101 interjer\u0101 un nerada nek\u0101das aizdomas. Slepen\u0101 kamera ir lieliski pasl\u0113pta un neredzama.<\/p>\n<p>Augstas kvalit\u0101tes video ieraksts: Ieb\u016bv\u0113t\u0101 kamera ieraksta att\u0113lu augstas iz\u0161\u0137irtsp\u0113jas form\u0101t\u0101, t\u0101p\u0113c var\u0113siet redz\u0113t visu, kas notiek j\u016bsu m\u0101j\u0101s vai biroj\u0101, pat slikta apgaismojuma apst\u0101k\u013cos.<\/p>\n<p>Gaisa mitrin\u0101\u0161anas funkcija: Ier\u012bce efekt\u012bvi mitrina gaisu, pal\u012bdzot uzlabot telpu gaisa kvalit\u0101ti un atvieglot elpo\u0161anu, \u012bpa\u0161i sausaj\u0101 gada laik\u0101.<\/p>\n<p>Viegla vad\u012bba: Slepeno kameru var viegli vad\u012bt caur bezmaksas mobilo lietotni sav\u0101 viedt\u0101lrun\u012b. Lietotne \u013cauj skat\u012bt att\u0113lu tie\u0161raid\u0113, ierakst\u012bt video, fotograf\u0113t un regul\u0113t kameras iestat\u012bjumus.<\/p>\n<p>Kust\u012bbu noteik\u0161anas funkcija: Ier\u012bce autom\u0101tiski s\u0101k ierakst\u012bt att\u0113lu, kad konstat\u0113 kust\u012bbu, t\u0101p\u0113c var\u0113siet b\u016bt dro\u0161i, ka neko nepalaid\u012bsiet gar\u0101m.<\/p>\n<p>Atmi\u0146as kartes atbalsts: Ier\u012bce atbalsta microSD atmi\u0146as kartes l\u012bdz 128 GB, t\u0101p\u0113c var\u0113siet ierakst\u012bt daudz video materi\u0101la.<\/p>\n<p>\u0160is slepenais gaisa mitrin\u0101t\u0101js ar kameru ir lieliska izv\u0113le tiem, kuri v\u0113las palielin\u0101t savu m\u0101ju vai biroja dro\u0161\u012bbu un taj\u0101 pa\u0161\u0101 laik\u0101 uzlabot gaisa kvalit\u0101ti.<\/p>","protected":false},"excerpt":{"rendered":"<p>Tehniskie parametri: Iesp\u0113ja skat\u012bt att\u0113lu tie\u0161raid\u0113 caur mob. lietotni \u0112terisko e\u013c\u013cu tvaic\u0113t\u0101js 120ml. \u016bdens tilpums \u016adens tilpums 1 litrs 2 kr\u0101su apgaismojums 100% funkcion\u0113jo\u0161s tvaic\u0113t\u0101js \u0100tra piesl\u0113g\u0161ana aiz\u0146ems tikai 2&#8230;<\/p>","protected":false},"featured_media":5397,"template":"","meta":[],"product_brand":[],"product_cat":[504,321,505],"product_tag":[],"class_list":{"0":"post-5443","1":"product","2":"type-product","3":"status-publish","4":"has-post-thumbnail","6":"product_cat-masketas-kameras-2","7":"product_cat-sleptas-kameras","8":"product_cat-wi-fi-slepenas-kameras-2","10":"first","11":"instock","12":"taxable","13":"shipping-taxable","14":"purchasable","15":"product-type-simple"},"yoast_head":"<!-- This site is optimized with the Yoast SEO plugin v27.3 - https:\/\/yoast.com\/product\/yoast-seo-wordpress\/ -->\n<title>Gaisa mitrin\u0101t\u0101js ar slepenu videokameru<\/title>\n<meta name=\"robots\" content=\"index, follow, max-snippet:-1, max-image-preview:large, max-video-preview:-1\" \/>\n<link rel=\"canonical\" href=\"https:\/\/izsekosanasierices.lv\/ru\/produkts\/gaisa-mitrinatajs-ar-slepenu-videokameru\/\" \/>\n<meta property=\"og:locale\" content=\"ru_RU\" \/>\n<meta property=\"og:type\" content=\"article\" \/>\n<meta property=\"og:title\" content=\"Gaisa mitrin\u0101t\u0101js ar slepenu videokameru\" \/>\n<meta property=\"og:description\" content=\"Tehniskie parametri: Iesp\u0113ja skat\u012bt att\u0113lu tie\u0161raid\u0113 caur mob. lietotni \u0112terisko e\u013c\u013cu tvaic\u0113t\u0101js 120ml. \u016bdens tilpums \u016adens tilpums 1 litrs 2 kr\u0101su apgaismojums 100% funkcion\u0113jo\u0161s tvaic\u0113t\u0101js \u0100tra piesl\u0113g\u0161ana aiz\u0146ems tikai 2...\" \/>\n<meta property=\"og:url\" content=\"https:\/\/izsekosanasierices.lv\/ru\/produkts\/gaisa-mitrinatajs-ar-slepenu-videokameru\/\" \/>\n<meta property=\"og:site_name\" content=\"Nr1 Izseko\u0161anas ier\u012bces gps izseko\u0161anas iek\u0101rtas, klaus\u012b\u0161an\u0101s iek\u0101rtas\" \/>\n<meta property=\"og:image\" content=\"https:\/\/izsekosanasierices.lv\/wp-content\/uploads\/Oro-drekintuvas-defuzorius-slapta-kamera.jpg\" \/>\n\t<meta property=\"og:image:width\" content=\"1001\" \/>\n\t<meta property=\"og:image:height\" content=\"950\" \/>\n\t<meta property=\"og:image:type\" content=\"image\/jpeg\" \/>\n<meta name=\"twitter:card\" content=\"summary_large_image\" \/>\n<meta name=\"twitter:label1\" content=\"\u041f\u0440\u0438\u043c\u0435\u0440\u043d\u043e\u0435 \u0432\u0440\u0435\u043c\u044f \u0434\u043b\u044f \u0447\u0442\u0435\u043d\u0438\u044f\" \/>\n\t<meta name=\"twitter:data1\" content=\"2 \u043c\u0438\u043d\u0443\u0442\u044b\" \/>\n<script type=\"application\/ld+json\" class=\"yoast-schema-graph\">{\"@context\":\"https:\\\/\\\/schema.org\",\"@graph\":[{\"@type\":\"WebPage\",\"@id\":\"https:\\\/\\\/izsekosanasierices.lv\\\/produkts\\\/gaisa-mitrinatajs-ar-slepenu-videokameru\\\/\",\"url\":\"https:\\\/\\\/izsekosanasierices.lv\\\/produkts\\\/gaisa-mitrinatajs-ar-slepenu-videokameru\\\/\",\"name\":\"Gaisa mitrin\u0101t\u0101js ar slepenu videokameru\",\"isPartOf\":{\"@id\":\"https:\\\/\\\/izsekosanasierices.lv\\\/#website\"},\"primaryImageOfPage\":{\"@id\":\"https:\\\/\\\/izsekosanasierices.lv\\\/produkts\\\/gaisa-mitrinatajs-ar-slepenu-videokameru\\\/#primaryimage\"},\"image\":{\"@id\":\"https:\\\/\\\/izsekosanasierices.lv\\\/produkts\\\/gaisa-mitrinatajs-ar-slepenu-videokameru\\\/#primaryimage\"},\"thumbnailUrl\":\"https:\\\/\\\/izsekosanasierices.lv\\\/wp-content\\\/uploads\\\/Oro-drekintuvas-defuzorius-slapta-kamera.jpg\",\"datePublished\":\"2026-04-03T06:48:23+00:00\",\"breadcrumb\":{\"@id\":\"https:\\\/\\\/izsekosanasierices.lv\\\/produkts\\\/gaisa-mitrinatajs-ar-slepenu-videokameru\\\/#breadcrumb\"},\"inLanguage\":\"ru-RU\",\"potentialAction\":[{\"@type\":\"ReadAction\",\"target\":[\"https:\\\/\\\/izsekosanasierices.lv\\\/produkts\\\/gaisa-mitrinatajs-ar-slepenu-videokameru\\\/\"]}]},{\"@type\":\"ImageObject\",\"inLanguage\":\"ru-RU\",\"@id\":\"https:\\\/\\\/izsekosanasierices.lv\\\/produkts\\\/gaisa-mitrinatajs-ar-slepenu-videokameru\\\/#primaryimage\",\"url\":\"https:\\\/\\\/izsekosanasierices.lv\\\/wp-content\\\/uploads\\\/Oro-drekintuvas-defuzorius-slapta-kamera.jpg\",\"contentUrl\":\"https:\\\/\\\/izsekosanasierices.lv\\\/wp-content\\\/uploads\\\/Oro-drekintuvas-defuzorius-slapta-kamera.jpg\",\"width\":1001,\"height\":950},{\"@type\":\"BreadcrumbList\",\"@id\":\"https:\\\/\\\/izsekosanasierices.lv\\\/produkts\\\/gaisa-mitrinatajs-ar-slepenu-videokameru\\\/#breadcrumb\",\"itemListElement\":[{\"@type\":\"ListItem\",\"position\":1,\"name\":\"S\u0101kums\",\"item\":\"https:\\\/\\\/izsekosanasierices.lv\\\/\"},{\"@type\":\"ListItem\",\"position\":2,\"name\":\"Veikals\",\"item\":\"https:\\\/\\\/izsekosanasierices.lv\\\/veikals\\\/\"},{\"@type\":\"ListItem\",\"position\":3,\"name\":\"Gaisa mitrin\u0101t\u0101js ar slepenu videokameru\"}]},{\"@type\":\"WebSite\",\"@id\":\"https:\\\/\\\/izsekosanasierices.lv\\\/#website\",\"url\":\"https:\\\/\\\/izsekosanasierices.lv\\\/\",\"name\":\"Nr1 Izseko\u0161anas ier\u012bces gps izseko\u0161anas iek\u0101rtas, klaus\u012b\u0161an\u0101s iek\u0101rtas\",\"description\":\"\",\"potentialAction\":[{\"@type\":\"SearchAction\",\"target\":{\"@type\":\"EntryPoint\",\"urlTemplate\":\"https:\\\/\\\/izsekosanasierices.lv\\\/?s={search_term_string}\"},\"query-input\":{\"@type\":\"PropertyValueSpecification\",\"valueRequired\":true,\"valueName\":\"search_term_string\"}}],\"inLanguage\":\"ru-RU\"}]}<\/script>\n<!-- \/ Yoast SEO plugin. -->","yoast_head_json":{"title":"Gaisa mitrin\u0101t\u0101js ar slepenu videokameru","robots":{"index":"index","follow":"follow","max-snippet":"max-snippet:-1","max-image-preview":"max-image-preview:large","max-video-preview":"max-video-preview:-1"},"canonical":"https:\/\/izsekosanasierices.lv\/ru\/produkts\/gaisa-mitrinatajs-ar-slepenu-videokameru\/","og_locale":"ru_RU","og_type":"article","og_title":"Gaisa mitrin\u0101t\u0101js ar slepenu videokameru","og_description":"Tehniskie parametri: Iesp\u0113ja skat\u012bt att\u0113lu tie\u0161raid\u0113 caur mob. lietotni \u0112terisko e\u013c\u013cu tvaic\u0113t\u0101js 120ml. \u016bdens tilpums \u016adens tilpums 1 litrs 2 kr\u0101su apgaismojums 100% funkcion\u0113jo\u0161s tvaic\u0113t\u0101js \u0100tra piesl\u0113g\u0161ana aiz\u0146ems tikai 2...","og_url":"https:\/\/izsekosanasierices.lv\/ru\/produkts\/gaisa-mitrinatajs-ar-slepenu-videokameru\/","og_site_name":"Nr1 Izseko\u0161anas ier\u012bces gps izseko\u0161anas iek\u0101rtas, klaus\u012b\u0161an\u0101s iek\u0101rtas","og_image":[{"width":1001,"height":950,"url":"https:\/\/izsekosanasierices.lv\/wp-content\/uploads\/Oro-drekintuvas-defuzorius-slapta-kamera.jpg","type":"image\/jpeg"}],"twitter_card":"summary_large_image","twitter_misc":{"\u041f\u0440\u0438\u043c\u0435\u0440\u043d\u043e\u0435 \u0432\u0440\u0435\u043c\u044f \u0434\u043b\u044f \u0447\u0442\u0435\u043d\u0438\u044f":"2 \u043c\u0438\u043d\u0443\u0442\u044b"},"schema":{"@context":"https:\/\/schema.org","@graph":[{"@type":"WebPage","@id":"https:\/\/izsekosanasierices.lv\/produkts\/gaisa-mitrinatajs-ar-slepenu-videokameru\/","url":"https:\/\/izsekosanasierices.lv\/produkts\/gaisa-mitrinatajs-ar-slepenu-videokameru\/","name":"Gaisa mitrin\u0101t\u0101js ar slepenu videokameru","isPartOf":{"@id":"https:\/\/izsekosanasierices.lv\/#website"},"primaryImageOfPage":{"@id":"https:\/\/izsekosanasierices.lv\/produkts\/gaisa-mitrinatajs-ar-slepenu-videokameru\/#primaryimage"},"image":{"@id":"https:\/\/izsekosanasierices.lv\/produkts\/gaisa-mitrinatajs-ar-slepenu-videokameru\/#primaryimage"},"thumbnailUrl":"https:\/\/izsekosanasierices.lv\/wp-content\/uploads\/Oro-drekintuvas-defuzorius-slapta-kamera.jpg","datePublished":"2026-04-03T06:48:23+00:00","breadcrumb":{"@id":"https:\/\/izsekosanasierices.lv\/produkts\/gaisa-mitrinatajs-ar-slepenu-videokameru\/#breadcrumb"},"inLanguage":"ru-RU","potentialAction":[{"@type":"ReadAction","target":["https:\/\/izsekosanasierices.lv\/produkts\/gaisa-mitrinatajs-ar-slepenu-videokameru\/"]}]},{"@type":"ImageObject","inLanguage":"ru-RU","@id":"https:\/\/izsekosanasierices.lv\/produkts\/gaisa-mitrinatajs-ar-slepenu-videokameru\/#primaryimage","url":"https:\/\/izsekosanasierices.lv\/wp-content\/uploads\/Oro-drekintuvas-defuzorius-slapta-kamera.jpg","contentUrl":"https:\/\/izsekosanasierices.lv\/wp-content\/uploads\/Oro-drekintuvas-defuzorius-slapta-kamera.jpg","width":1001,"height":950},{"@type":"BreadcrumbList","@id":"https:\/\/izsekosanasierices.lv\/produkts\/gaisa-mitrinatajs-ar-slepenu-videokameru\/#breadcrumb","itemListElement":[{"@type":"ListItem","position":1,"name":"S\u0101kums","item":"https:\/\/izsekosanasierices.lv\/"},{"@type":"ListItem","position":2,"name":"Veikals","item":"https:\/\/izsekosanasierices.lv\/veikals\/"},{"@type":"ListItem","position":3,"name":"Gaisa mitrin\u0101t\u0101js ar slepenu videokameru"}]},{"@type":"WebSite","@id":"https:\/\/izsekosanasierices.lv\/#website","url":"https:\/\/izsekosanasierices.lv\/","name":"Nr1 Izseko\u0161anas ier\u012bces gps izseko\u0161anas iek\u0101rtas, klaus\u012b\u0161an\u0101s iek\u0101rtas","description":"","potentialAction":[{"@type":"SearchAction","target":{"@type":"EntryPoint","urlTemplate":"https:\/\/izsekosanasierices.lv\/?s={search_term_string}"},"query-input":{"@type":"PropertyValueSpecification","valueRequired":true,"valueName":"search_term_string"}}],"inLanguage":"ru-RU"}]}},"_links":{"self":[{"href":"https:\/\/izsekosanasierices.lv\/ru\/wp-json\/wp\/v2\/product\/5443","targetHints":{"allow":["GET"]}}],"collection":[{"href":"https:\/\/izsekosanasierices.lv\/ru\/wp-json\/wp\/v2\/product"}],"about":[{"href":"https:\/\/izsekosanasierices.lv\/ru\/wp-json\/wp\/v2\/types\/product"}],"wp:featuredmedia":[{"embeddable":true,"href":"https:\/\/izsekosanasierices.lv\/ru\/wp-json\/wp\/v2\/media\/5397"}],"wp:attachment":[{"href":"https:\/\/izsekosanasierices.lv\/ru\/wp-json\/wp\/v2\/media?parent=5443"}],"wp:term":[{"taxonomy":"product_brand","embeddable":true,"href":"https:\/\/izsekosanasierices.lv\/ru\/wp-json\/wp\/v2\/product_brand?post=5443"},{"taxonomy":"product_cat","embeddable":true,"href":"https:\/\/izsekosanasierices.lv\/ru\/wp-json\/wp\/v2\/product_cat?post=5443"},{"taxonomy":"product_tag","embeddable":true,"href":"https:\/\/izsekosanasierices.lv\/ru\/wp-json\/wp\/v2\/product_tag?post=5443"}],"curies":[{"name":"wp","href":"https:\/\/api.w.org\/{rel}","templated":true}]}}