{"id":5444,"date":"2026-04-03T09:48:23","date_gmt":"2026-04-03T06:48:23","guid":{"rendered":"https:\/\/izsekosanasierices.lv\/?post_type=product&#038;p=5444"},"modified":"2026-04-03T09:48:23","modified_gmt":"2026-04-03T06:48:23","slug":"gaisa-jonizators-tiritajs-ar-slepenu-videokameru","status":"publish","type":"product","link":"https:\/\/izsekosanasierices.lv\/ru\/produkts\/gaisa-jonizators-tiritajs-ar-slepenu-videokameru\/","title":{"rendered":"Gaisa jonizators t\u012br\u012bt\u0101js ar slepenu videokameru"},"content":{"rendered":"<h2><strong>\u0422\u0435\u0445\u043d\u0438\u0447\u0435\u0441\u043a\u0438\u0435 \u043f\u0430\u0440\u0430\u043c\u0435\u0442\u0440\u044b:<\/strong><\/h2>\n<ul>\n<li>Iesp\u0113ja skat\u012bt att\u0113lu tie\u0161raid\u0113 caur mob. lietotni<\/li>\n<li>Gaisa att\u012br\u012bt\u0101js jonizators<\/li>\n<li>\u0100tra piesl\u0113g\u0161ana aiz\u0146ems tikai 2 min.<\/li>\n<li>Att\u0113lu var skat\u012bt tie\u0161raid\u0113 telefon\u0101<\/li>\n<li>Nek\u0101dus trok\u0161\u0146us un gaismas neizdala<\/li>\n<li>Piesl\u0113dzams pie elektr\u012bbas t\u012bkla, darbosies visu laiku<\/li>\n<li>\u0420\u0430\u0437\u0440\u0435\u0448\u0435\u043d\u0438\u0435 \u0437\u0430\u043f\u0438\u0441\u0438: Full HD<\/li>\n<li>\u0424\u043e\u0440\u043c\u0430\u0442 \u0432\u0438\u0434\u0435\u043e: avi | \u043c\u0430\u043a\u0441\u0438\u043c\u0443\u043c 25 \u043a\u0430\u0434\u0440\u043e\u0432 \u0432 \u0441\u0435\u043a\u0443\u043d\u0434\u0443<\/li>\n<li>Skata le\u0146\u0137is: 100 \u00b0 \u013coti plats le\u0146\u0137is<\/li>\n<li>Troksni sl\u0101p\u0113jo\u0161s mikrofons<\/li>\n<li>Uzl\u0101de caur USB kabeli<\/li>\n<li>\u041a\u043e\u0434\u0438\u0440\u043e\u0432\u043a\u0430 \u0432\u0438\u0434\u0435\u043e: H264<\/li>\n<li>Kr\u0101sa melna koks<\/li>\n<li>Komplekt\u0101cija: Wifi kamera, \u0113terisko e\u013c\u013cu iztvaic\u0113t\u0101js, micro SD kar\u0161u las\u012bt\u0101js, usb kabelis<\/li>\n<li>Izm\u0113ri: 170mm x113mm x 113mm<\/li>\n<li>\u0413\u0410\u0420\u0410\u041d\u0422\u0418\u042f 12 \u043c\u0435\u0441\u044f\u0446\u0435\u0432.<\/li>\n<\/ul>\n<\/li>\n<\/ul>\n<p style=\"text-align: left\"><span style=\"color: #ff0000\"><strong class=\"rednew\">Nepiecie\u0161ams \u0101trs pieg\u0101de, taj\u0101 pa\u0161\u0101 dien\u0101? (ar\u012b br\u012bvdien\u0101s) &#8211; zvaniet +37068411114<\/strong><\/span><\/p>","protected":false},"excerpt":{"rendered":"<p>Tehniskie parametri: Iesp\u0113ja skat\u012bt att\u0113lu tie\u0161raid\u0113 caur mob. lietotni Gaisa att\u012br\u012bt\u0101js jonizators \u0100tra piesl\u0113g\u0161ana aiz\u0146ems tikai 2 min. Att\u0113lu var skat\u012bt tie\u0161raid\u0113 telefon\u0101 Nek\u0101dus trok\u0161\u0146us un gaismas neizdala Piesl\u0113dzams pie&#8230;<\/p>","protected":false},"featured_media":5402,"template":"","meta":[],"product_brand":[],"product_cat":[504,321,505],"product_tag":[],"class_list":{"0":"post-5444","1":"product","2":"type-product","3":"status-publish","4":"has-post-thumbnail","6":"product_cat-masketas-kameras-2","7":"product_cat-sleptas-kameras","8":"product_cat-wi-fi-slepenas-kameras-2","10":"first","11":"instock","12":"taxable","13":"shipping-taxable","14":"purchasable","15":"product-type-simple"},"yoast_head":"<!-- This site is optimized with the Yoast SEO plugin v27.3 - https:\/\/yoast.com\/product\/yoast-seo-wordpress\/ -->\n<title>Gaisa jonizators t\u012br\u012bt\u0101js ar slepenu videokameru<\/title>\n<meta name=\"robots\" content=\"index, follow, max-snippet:-1, max-image-preview:large, max-video-preview:-1\" \/>\n<link rel=\"canonical\" href=\"https:\/\/izsekosanasierices.lv\/ru\/produkts\/gaisa-jonizators-tiritajs-ar-slepenu-videokameru\/\" \/>\n<meta property=\"og:locale\" content=\"ru_RU\" \/>\n<meta property=\"og:type\" content=\"article\" \/>\n<meta property=\"og:title\" content=\"Gaisa jonizators t\u012br\u012bt\u0101js ar slepenu videokameru\" \/>\n<meta property=\"og:description\" content=\"Tehniskie parametri: Iesp\u0113ja skat\u012bt att\u0113lu tie\u0161raid\u0113 caur mob. lietotni Gaisa att\u012br\u012bt\u0101js jonizators \u0100tra piesl\u0113g\u0161ana aiz\u0146ems tikai 2 min. Att\u0113lu var skat\u012bt tie\u0161raid\u0113 telefon\u0101 Nek\u0101dus trok\u0161\u0146us un gaismas neizdala Piesl\u0113dzams pie...\" \/>\n<meta property=\"og:url\" content=\"https:\/\/izsekosanasierices.lv\/ru\/produkts\/gaisa-jonizators-tiritajs-ar-slepenu-videokameru\/\" \/>\n<meta property=\"og:site_name\" content=\"Nr1 Izseko\u0161anas ier\u012bces gps izseko\u0161anas iek\u0101rtas, klaus\u012b\u0161an\u0101s iek\u0101rtas\" \/>\n<meta property=\"og:image\" content=\"https:\/\/izsekosanasierices.lv\/wp-content\/uploads\/slapta-kamera-oro-jonizatorius-valytuvas.png\" \/>\n\t<meta property=\"og:image:width\" content=\"1024\" \/>\n\t<meta property=\"og:image:height\" content=\"1024\" \/>\n\t<meta property=\"og:image:type\" content=\"image\/png\" \/>\n<meta name=\"twitter:card\" content=\"summary_large_image\" \/>\n<meta name=\"twitter:label1\" content=\"\u041f\u0440\u0438\u043c\u0435\u0440\u043d\u043e\u0435 \u0432\u0440\u0435\u043c\u044f \u0434\u043b\u044f \u0447\u0442\u0435\u043d\u0438\u044f\" \/>\n\t<meta name=\"twitter:data1\" content=\"1 \u043c\u0438\u043d\u0443\u0442\u0430\" \/>\n<script type=\"application\/ld+json\" class=\"yoast-schema-graph\">{\"@context\":\"https:\\\/\\\/schema.org\",\"@graph\":[{\"@type\":\"WebPage\",\"@id\":\"https:\\\/\\\/izsekosanasierices.lv\\\/produkts\\\/gaisa-jonizators-tiritajs-ar-slepenu-videokameru\\\/\",\"url\":\"https:\\\/\\\/izsekosanasierices.lv\\\/produkts\\\/gaisa-jonizators-tiritajs-ar-slepenu-videokameru\\\/\",\"name\":\"Gaisa jonizators t\u012br\u012bt\u0101js ar slepenu videokameru\",\"isPartOf\":{\"@id\":\"https:\\\/\\\/izsekosanasierices.lv\\\/#website\"},\"primaryImageOfPage\":{\"@id\":\"https:\\\/\\\/izsekosanasierices.lv\\\/produkts\\\/gaisa-jonizators-tiritajs-ar-slepenu-videokameru\\\/#primaryimage\"},\"image\":{\"@id\":\"https:\\\/\\\/izsekosanasierices.lv\\\/produkts\\\/gaisa-jonizators-tiritajs-ar-slepenu-videokameru\\\/#primaryimage\"},\"thumbnailUrl\":\"https:\\\/\\\/izsekosanasierices.lv\\\/wp-content\\\/uploads\\\/slapta-kamera-oro-jonizatorius-valytuvas.png\",\"datePublished\":\"2026-04-03T06:48:23+00:00\",\"breadcrumb\":{\"@id\":\"https:\\\/\\\/izsekosanasierices.lv\\\/produkts\\\/gaisa-jonizators-tiritajs-ar-slepenu-videokameru\\\/#breadcrumb\"},\"inLanguage\":\"ru-RU\",\"potentialAction\":[{\"@type\":\"ReadAction\",\"target\":[\"https:\\\/\\\/izsekosanasierices.lv\\\/produkts\\\/gaisa-jonizators-tiritajs-ar-slepenu-videokameru\\\/\"]}]},{\"@type\":\"ImageObject\",\"inLanguage\":\"ru-RU\",\"@id\":\"https:\\\/\\\/izsekosanasierices.lv\\\/produkts\\\/gaisa-jonizators-tiritajs-ar-slepenu-videokameru\\\/#primaryimage\",\"url\":\"https:\\\/\\\/izsekosanasierices.lv\\\/wp-content\\\/uploads\\\/slapta-kamera-oro-jonizatorius-valytuvas.png\",\"contentUrl\":\"https:\\\/\\\/izsekosanasierices.lv\\\/wp-content\\\/uploads\\\/slapta-kamera-oro-jonizatorius-valytuvas.png\",\"width\":1024,\"height\":1024},{\"@type\":\"BreadcrumbList\",\"@id\":\"https:\\\/\\\/izsekosanasierices.lv\\\/produkts\\\/gaisa-jonizators-tiritajs-ar-slepenu-videokameru\\\/#breadcrumb\",\"itemListElement\":[{\"@type\":\"ListItem\",\"position\":1,\"name\":\"S\u0101kums\",\"item\":\"https:\\\/\\\/izsekosanasierices.lv\\\/\"},{\"@type\":\"ListItem\",\"position\":2,\"name\":\"Veikals\",\"item\":\"https:\\\/\\\/izsekosanasierices.lv\\\/veikals\\\/\"},{\"@type\":\"ListItem\",\"position\":3,\"name\":\"Gaisa jonizators t\u012br\u012bt\u0101js ar slepenu videokameru\"}]},{\"@type\":\"WebSite\",\"@id\":\"https:\\\/\\\/izsekosanasierices.lv\\\/#website\",\"url\":\"https:\\\/\\\/izsekosanasierices.lv\\\/\",\"name\":\"Nr1 Izseko\u0161anas ier\u012bces gps izseko\u0161anas iek\u0101rtas, klaus\u012b\u0161an\u0101s iek\u0101rtas\",\"description\":\"\",\"potentialAction\":[{\"@type\":\"SearchAction\",\"target\":{\"@type\":\"EntryPoint\",\"urlTemplate\":\"https:\\\/\\\/izsekosanasierices.lv\\\/?s={search_term_string}\"},\"query-input\":{\"@type\":\"PropertyValueSpecification\",\"valueRequired\":true,\"valueName\":\"search_term_string\"}}],\"inLanguage\":\"ru-RU\"}]}<\/script>\n<!-- \/ Yoast SEO plugin. -->","yoast_head_json":{"title":"Gaisa jonizators t\u012br\u012bt\u0101js ar slepenu videokameru","robots":{"index":"index","follow":"follow","max-snippet":"max-snippet:-1","max-image-preview":"max-image-preview:large","max-video-preview":"max-video-preview:-1"},"canonical":"https:\/\/izsekosanasierices.lv\/ru\/produkts\/gaisa-jonizators-tiritajs-ar-slepenu-videokameru\/","og_locale":"ru_RU","og_type":"article","og_title":"Gaisa jonizators t\u012br\u012bt\u0101js ar slepenu videokameru","og_description":"Tehniskie parametri: Iesp\u0113ja skat\u012bt att\u0113lu tie\u0161raid\u0113 caur mob. lietotni Gaisa att\u012br\u012bt\u0101js jonizators \u0100tra piesl\u0113g\u0161ana aiz\u0146ems tikai 2 min. Att\u0113lu var skat\u012bt tie\u0161raid\u0113 telefon\u0101 Nek\u0101dus trok\u0161\u0146us un gaismas neizdala Piesl\u0113dzams pie...","og_url":"https:\/\/izsekosanasierices.lv\/ru\/produkts\/gaisa-jonizators-tiritajs-ar-slepenu-videokameru\/","og_site_name":"Nr1 Izseko\u0161anas ier\u012bces gps izseko\u0161anas iek\u0101rtas, klaus\u012b\u0161an\u0101s iek\u0101rtas","og_image":[{"width":1024,"height":1024,"url":"https:\/\/izsekosanasierices.lv\/wp-content\/uploads\/slapta-kamera-oro-jonizatorius-valytuvas.png","type":"image\/png"}],"twitter_card":"summary_large_image","twitter_misc":{"\u041f\u0440\u0438\u043c\u0435\u0440\u043d\u043e\u0435 \u0432\u0440\u0435\u043c\u044f \u0434\u043b\u044f \u0447\u0442\u0435\u043d\u0438\u044f":"1 \u043c\u0438\u043d\u0443\u0442\u0430"},"schema":{"@context":"https:\/\/schema.org","@graph":[{"@type":"WebPage","@id":"https:\/\/izsekosanasierices.lv\/produkts\/gaisa-jonizators-tiritajs-ar-slepenu-videokameru\/","url":"https:\/\/izsekosanasierices.lv\/produkts\/gaisa-jonizators-tiritajs-ar-slepenu-videokameru\/","name":"Gaisa jonizators t\u012br\u012bt\u0101js ar slepenu videokameru","isPartOf":{"@id":"https:\/\/izsekosanasierices.lv\/#website"},"primaryImageOfPage":{"@id":"https:\/\/izsekosanasierices.lv\/produkts\/gaisa-jonizators-tiritajs-ar-slepenu-videokameru\/#primaryimage"},"image":{"@id":"https:\/\/izsekosanasierices.lv\/produkts\/gaisa-jonizators-tiritajs-ar-slepenu-videokameru\/#primaryimage"},"thumbnailUrl":"https:\/\/izsekosanasierices.lv\/wp-content\/uploads\/slapta-kamera-oro-jonizatorius-valytuvas.png","datePublished":"2026-04-03T06:48:23+00:00","breadcrumb":{"@id":"https:\/\/izsekosanasierices.lv\/produkts\/gaisa-jonizators-tiritajs-ar-slepenu-videokameru\/#breadcrumb"},"inLanguage":"ru-RU","potentialAction":[{"@type":"ReadAction","target":["https:\/\/izsekosanasierices.lv\/produkts\/gaisa-jonizators-tiritajs-ar-slepenu-videokameru\/"]}]},{"@type":"ImageObject","inLanguage":"ru-RU","@id":"https:\/\/izsekosanasierices.lv\/produkts\/gaisa-jonizators-tiritajs-ar-slepenu-videokameru\/#primaryimage","url":"https:\/\/izsekosanasierices.lv\/wp-content\/uploads\/slapta-kamera-oro-jonizatorius-valytuvas.png","contentUrl":"https:\/\/izsekosanasierices.lv\/wp-content\/uploads\/slapta-kamera-oro-jonizatorius-valytuvas.png","width":1024,"height":1024},{"@type":"BreadcrumbList","@id":"https:\/\/izsekosanasierices.lv\/produkts\/gaisa-jonizators-tiritajs-ar-slepenu-videokameru\/#breadcrumb","itemListElement":[{"@type":"ListItem","position":1,"name":"S\u0101kums","item":"https:\/\/izsekosanasierices.lv\/"},{"@type":"ListItem","position":2,"name":"Veikals","item":"https:\/\/izsekosanasierices.lv\/veikals\/"},{"@type":"ListItem","position":3,"name":"Gaisa jonizators t\u012br\u012bt\u0101js ar slepenu videokameru"}]},{"@type":"WebSite","@id":"https:\/\/izsekosanasierices.lv\/#website","url":"https:\/\/izsekosanasierices.lv\/","name":"Nr1 Izseko\u0161anas ier\u012bces gps izseko\u0161anas iek\u0101rtas, klaus\u012b\u0161an\u0101s iek\u0101rtas","description":"","potentialAction":[{"@type":"SearchAction","target":{"@type":"EntryPoint","urlTemplate":"https:\/\/izsekosanasierices.lv\/?s={search_term_string}"},"query-input":{"@type":"PropertyValueSpecification","valueRequired":true,"valueName":"search_term_string"}}],"inLanguage":"ru-RU"}]}},"_links":{"self":[{"href":"https:\/\/izsekosanasierices.lv\/ru\/wp-json\/wp\/v2\/product\/5444","targetHints":{"allow":["GET"]}}],"collection":[{"href":"https:\/\/izsekosanasierices.lv\/ru\/wp-json\/wp\/v2\/product"}],"about":[{"href":"https:\/\/izsekosanasierices.lv\/ru\/wp-json\/wp\/v2\/types\/product"}],"wp:featuredmedia":[{"embeddable":true,"href":"https:\/\/izsekosanasierices.lv\/ru\/wp-json\/wp\/v2\/media\/5402"}],"wp:attachment":[{"href":"https:\/\/izsekosanasierices.lv\/ru\/wp-json\/wp\/v2\/media?parent=5444"}],"wp:term":[{"taxonomy":"product_brand","embeddable":true,"href":"https:\/\/izsekosanasierices.lv\/ru\/wp-json\/wp\/v2\/product_brand?post=5444"},{"taxonomy":"product_cat","embeddable":true,"href":"https:\/\/izsekosanasierices.lv\/ru\/wp-json\/wp\/v2\/product_cat?post=5444"},{"taxonomy":"product_tag","embeddable":true,"href":"https:\/\/izsekosanasierices.lv\/ru\/wp-json\/wp\/v2\/product_tag?post=5444"}],"curies":[{"name":"wp","href":"https:\/\/api.w.org\/{rel}","templated":true}]}}