{"id":5446,"date":"2026-04-03T09:48:23","date_gmt":"2026-04-03T06:48:23","guid":{"rendered":"https:\/\/izsekosanasierices.lv\/?post_type=product&#038;p=5446"},"modified":"2026-04-03T09:48:23","modified_gmt":"2026-04-03T06:48:23","slug":"signalizacijas-kustibu-sensors-4mpx-nakts-redzamiba","status":"publish","type":"product","link":"https:\/\/izsekosanasierices.lv\/ru\/produkts\/signalizacijas-kustibu-sensors-4mpx-nakts-redzamiba\/","title":{"rendered":"Signaliz\u0101cijas kust\u012bbu sensors 4mpx nakts redzam\u012bba"},"content":{"rendered":"<h3><strong>\u0422\u0435\u0445\u043d\u0438\u0447\u0435\u0441\u043a\u0438\u0435 \u043f\u0430\u0440\u0430\u043c\u0435\u0442\u0440\u044b:<\/strong><\/h3>\n<ul>\n<li>Atmi\u0146as kar\u0161u atbalsts: mikro SD \/ SDHC l\u012bdz 124GB (nav iek\u013cauts)<\/li>\n<li>4mpx kameras sensors<\/li>\n<li>Atbalsta ONVIF (var piesl\u0113gt pie DVR un NVR ier\u012bc\u0113m)<\/li>\n<li>Nakts redzam\u012bba IR<\/li>\n<li>Signaliz\u0101cijas kust\u012bbas sensors (imit\u0101cija)<\/li>\n<li>Video ieraksts ar ska\u0146u<\/li>\n<li>Ieraksta iz\u0161\u0137irtsp\u0113ja: pilns HD 1920x1080px<\/li>\n<li>Darbojas l\u012bdz 1 gadam bez uzl\u0101des (gaid\u012b\u0161anas re\u017e\u012bm\u0101)<\/li>\n<li>\u0424\u043e\u0440\u043c\u0430\u0442 \u0432\u0438\u0434\u0435\u043e: avi | \u043c\u0430\u043a\u0441\u0438\u043c\u0443\u043c 25 \u043a\u0430\u0434\u0440\u043e\u0432 \u0432 \u0441\u0435\u043a\u0443\u043d\u0434\u0443<\/li>\n<li>Video iz\u0161\u0137irtsp\u0113ja: 1920 x 1080 px<\/li>\n<li>Skata le\u0146\u0137is: 145 \u00b0 \u013coti pla\u0161s le\u0146\u0137is<\/li>\n<li>\u0417\u0432\u0443\u043a: \u043c\u0438\u043a\u0440\u043e\u0444\u043e\u043d \u0441 \u0448\u0443\u043c\u043e\u043f\u043e\u0434\u0430\u0432\u043b\u0435\u043d\u0438\u0435\u043c<\/li>\n<li>PIR sensora aktiviz\u0113\u0161an\u0101s apm\u0113ram 5 metri<\/li>\n<li>\u041d\u043e\u0447\u043d\u0430\u044f \u0432\u0438\u0434\u0438\u043c\u043e\u0441\u0442\u044c 5 \u043c\u0435\u0442\u0440\u043e\u0432<\/li>\n<li>AC DC baro\u0161ana<\/li>\n<li>Uzraudz\u012bba internet\u0101 tie\u0161raid\u0113 (caur mob. lietotni) no jebkuras pasaules valsts<\/li>\n<li>Kust\u012bbas noteik\u0161ana, izn\u0101k pazi\u0146ojums lietotn\u0113, ka k\u0101ds staig\u0101 telp\u0101<\/li>\n<li>Video ieraksta past\u0101v\u012bga ierakst\u012b\u0161ana (uz aug\u0161u)<\/li>\n<li>\u041a\u043e\u0434\u0438\u0440\u043e\u0432\u043a\u0430 \u0432\u0438\u0434\u0435\u043e: H264<\/li>\n<li>Komplekt\u0101cija: Sensora imit\u0101cija ar ieb\u016bv\u0113tu slepenu kameru, micro SD kar\u0161u las\u012bt\u0101js, USB kabelis, baro\u0161anas bloks<\/li>\n<li>Izm\u0113ri: 6,5&#215;3,7&#215;10,7cm<\/li>\n<li><strong>\u0413\u0410\u0420\u0410\u041d\u0422\u0418\u042f 12 \u043c\u0435\u0441\u044f\u0446\u0435\u0432.<\/strong><\/li>\n<\/ul>\n<p><strong><span style=\"color: #d0121a\">Nepiecie\u0161ama \u0101tra pieg\u0101de, taj\u0101 pa\u0161\u0101 dien\u0101? (un br\u012bvdien\u0101s) &#8211; zvaniet +37068411114<\/span><\/strong><\/p>\n<p data-path-to-node=\"0\">\u0160\u012b inovat\u012bv\u0101 video uzraudz\u012bbas kamera ir meistar\u012bgi mask\u0113ta k\u0101 parasts kust\u012bbas sensors, t\u0101p\u0113c ide\u0101li piem\u0113rota diskretai un nepaman\u0101mai telpu uzraudz\u012bbai. Pateicoties \u013coti pla\u0161ajam 145\u00b0 skata le\u0146\u0137im, viena kamera var viegli aptvert liel\u0101ko da\u013cu telpas, neatst\u0101jot nek\u0101das akl\u0101s zonas. \u0160is video uzraudz\u012bbas risin\u0101jums nodro\u0161ina izcilu funkcionalit\u0101ti: Full HD 1080p video kvalit\u0101te \u013cauj redz\u0113t katru s\u012bkumu, bet integr\u0113t\u0101 nakts redzam\u012bba nodro\u0161ina skaidru att\u0113lu pat piln\u012bg\u0101 tums\u0101. Kamera lieliski tiks gal\u0101 ar nepaman\u0101m\u012bbas izaicin\u0101jumiem un papildin\u0101s jebkuru dro\u0161\u012bbas sist\u0113mu.<\/p>\n<p data-path-to-node=\"1\">Bez augstas kvalit\u0101tes video un pla\u0161a skata le\u0146\u0137a \u0161\u012b kamera izce\u013cas ar\u012b ar \u013coti ilgu darb\u012bbas laiku. Ieb\u016bv\u0113tais akumulators gaid\u012b\u0161anas re\u017e\u012bm\u0101 var darboties l\u012bdz gadam bez papildu uzl\u0101des, t\u0101p\u0113c jums neb\u016bs j\u0101uztraucas par bie\u017e\u0101m bateriju mai\u0146\u0101m. Turkl\u0101t video uzraudz\u012bba re\u0101laj\u0101 laik\u0101 ir viegli pieejama caur bezmaksas mobilo lietotni, kas \u013cauj jums att\u0101lin\u0101ti uzraudz\u012bt telpas no jebkuras pasaules vietas. Kamerai ir ar\u012b kust\u012bbas noteik\u0161anas funkcija, kas autom\u0101tiski inform\u0113 j\u016bs par jebkuru telp\u0101 notieko\u0161o kust\u012bbu un \u013cauj re\u0101laj\u0101 laik\u0101 redz\u0113t tie\u0161o video ierakstu. Ir ar\u012b iesp\u0113ja video ierakst\u012bt past\u0101v\u012bgi ar ska\u0146as ierakstu, lai v\u0113l\u0101k var\u0113tu p\u0101rskat\u012bt visu notikumu.<\/p>","protected":false},"excerpt":{"rendered":"<p>Tehniskie parametri: Atmi\u0146as kar\u0161u atbalsts: mikro SD \/ SDHC l\u012bdz 124GB (nav iek\u013cauts) 4mpx kameras sensors Atbalsta ONVIF (var piesl\u0113gt pie DVR un NVR ier\u012bc\u0113m) Nakts redzam\u012bba IR Signaliz\u0101cijas kust\u012bbas&#8230;<\/p>","protected":false},"featured_media":5411,"template":"","meta":[],"product_brand":[],"product_cat":[504,321,505],"product_tag":[],"class_list":{"0":"post-5446","1":"product","2":"type-product","3":"status-publish","4":"has-post-thumbnail","6":"product_cat-masketas-kameras-2","7":"product_cat-sleptas-kameras","8":"product_cat-wi-fi-slepenas-kameras-2","10":"first","11":"instock","12":"taxable","13":"shipping-taxable","14":"purchasable","15":"product-type-simple"},"yoast_head":"<!-- This site is optimized with the Yoast SEO plugin v27.3 - https:\/\/yoast.com\/product\/yoast-seo-wordpress\/ -->\n<title>Signaliz\u0101cijas kust\u012bbu sensors 4mpx nakts redzam\u012bba<\/title>\n<meta name=\"robots\" content=\"index, follow, max-snippet:-1, max-image-preview:large, max-video-preview:-1\" \/>\n<link rel=\"canonical\" href=\"https:\/\/izsekosanasierices.lv\/ru\/produkts\/signalizacijas-kustibu-sensors-4mpx-nakts-redzamiba\/\" \/>\n<meta property=\"og:locale\" content=\"ru_RU\" \/>\n<meta property=\"og:type\" content=\"article\" \/>\n<meta property=\"og:title\" content=\"Signaliz\u0101cijas kust\u012bbu sensors 4mpx nakts redzam\u012bba\" \/>\n<meta property=\"og:description\" content=\"Tehniskie parametri: Atmi\u0146as kar\u0161u atbalsts: mikro SD \/ SDHC l\u012bdz 124GB (nav iek\u013cauts) 4mpx kameras sensors Atbalsta ONVIF (var piesl\u0113gt pie DVR un NVR ier\u012bc\u0113m) Nakts redzam\u012bba IR Signaliz\u0101cijas kust\u012bbas...\" \/>\n<meta property=\"og:url\" content=\"https:\/\/izsekosanasierices.lv\/ru\/produkts\/signalizacijas-kustibu-sensors-4mpx-nakts-redzamiba\/\" \/>\n<meta property=\"og:site_name\" content=\"Nr1 Izseko\u0161anas ier\u012bces gps izseko\u0161anas iek\u0101rtas, klaus\u012b\u0161an\u0101s iek\u0101rtas\" \/>\n<meta property=\"og:image\" content=\"https:\/\/izsekosanasierices.lv\/wp-content\/uploads\/judesio-daviklis-signalizacija-su-slapta-kamera-slaptos-kameros-.jpg\" \/>\n\t<meta property=\"og:image:width\" content=\"1024\" \/>\n\t<meta property=\"og:image:height\" content=\"1024\" \/>\n\t<meta property=\"og:image:type\" content=\"image\/jpeg\" \/>\n<meta name=\"twitter:card\" content=\"summary_large_image\" \/>\n<meta name=\"twitter:label1\" content=\"\u041f\u0440\u0438\u043c\u0435\u0440\u043d\u043e\u0435 \u0432\u0440\u0435\u043c\u044f \u0434\u043b\u044f \u0447\u0442\u0435\u043d\u0438\u044f\" \/>\n\t<meta name=\"twitter:data1\" content=\"2 \u043c\u0438\u043d\u0443\u0442\u044b\" \/>\n<script type=\"application\/ld+json\" class=\"yoast-schema-graph\">{\"@context\":\"https:\\\/\\\/schema.org\",\"@graph\":[{\"@type\":\"WebPage\",\"@id\":\"https:\\\/\\\/izsekosanasierices.lv\\\/produkts\\\/signalizacijas-kustibu-sensors-4mpx-nakts-redzamiba\\\/\",\"url\":\"https:\\\/\\\/izsekosanasierices.lv\\\/produkts\\\/signalizacijas-kustibu-sensors-4mpx-nakts-redzamiba\\\/\",\"name\":\"Signaliz\u0101cijas kust\u012bbu sensors 4mpx nakts redzam\u012bba\",\"isPartOf\":{\"@id\":\"https:\\\/\\\/izsekosanasierices.lv\\\/#website\"},\"primaryImageOfPage\":{\"@id\":\"https:\\\/\\\/izsekosanasierices.lv\\\/produkts\\\/signalizacijas-kustibu-sensors-4mpx-nakts-redzamiba\\\/#primaryimage\"},\"image\":{\"@id\":\"https:\\\/\\\/izsekosanasierices.lv\\\/produkts\\\/signalizacijas-kustibu-sensors-4mpx-nakts-redzamiba\\\/#primaryimage\"},\"thumbnailUrl\":\"https:\\\/\\\/izsekosanasierices.lv\\\/wp-content\\\/uploads\\\/judesio-daviklis-signalizacija-su-slapta-kamera-slaptos-kameros-.jpg\",\"datePublished\":\"2026-04-03T06:48:23+00:00\",\"breadcrumb\":{\"@id\":\"https:\\\/\\\/izsekosanasierices.lv\\\/produkts\\\/signalizacijas-kustibu-sensors-4mpx-nakts-redzamiba\\\/#breadcrumb\"},\"inLanguage\":\"ru-RU\",\"potentialAction\":[{\"@type\":\"ReadAction\",\"target\":[\"https:\\\/\\\/izsekosanasierices.lv\\\/produkts\\\/signalizacijas-kustibu-sensors-4mpx-nakts-redzamiba\\\/\"]}]},{\"@type\":\"ImageObject\",\"inLanguage\":\"ru-RU\",\"@id\":\"https:\\\/\\\/izsekosanasierices.lv\\\/produkts\\\/signalizacijas-kustibu-sensors-4mpx-nakts-redzamiba\\\/#primaryimage\",\"url\":\"https:\\\/\\\/izsekosanasierices.lv\\\/wp-content\\\/uploads\\\/judesio-daviklis-signalizacija-su-slapta-kamera-slaptos-kameros-.jpg\",\"contentUrl\":\"https:\\\/\\\/izsekosanasierices.lv\\\/wp-content\\\/uploads\\\/judesio-daviklis-signalizacija-su-slapta-kamera-slaptos-kameros-.jpg\",\"width\":1024,\"height\":1024},{\"@type\":\"BreadcrumbList\",\"@id\":\"https:\\\/\\\/izsekosanasierices.lv\\\/produkts\\\/signalizacijas-kustibu-sensors-4mpx-nakts-redzamiba\\\/#breadcrumb\",\"itemListElement\":[{\"@type\":\"ListItem\",\"position\":1,\"name\":\"S\u0101kums\",\"item\":\"https:\\\/\\\/izsekosanasierices.lv\\\/\"},{\"@type\":\"ListItem\",\"position\":2,\"name\":\"Veikals\",\"item\":\"https:\\\/\\\/izsekosanasierices.lv\\\/veikals\\\/\"},{\"@type\":\"ListItem\",\"position\":3,\"name\":\"Signaliz\u0101cijas kust\u012bbu sensors 4mpx nakts redzam\u012bba\"}]},{\"@type\":\"WebSite\",\"@id\":\"https:\\\/\\\/izsekosanasierices.lv\\\/#website\",\"url\":\"https:\\\/\\\/izsekosanasierices.lv\\\/\",\"name\":\"Nr1 Izseko\u0161anas ier\u012bces gps izseko\u0161anas iek\u0101rtas, klaus\u012b\u0161an\u0101s iek\u0101rtas\",\"description\":\"\",\"potentialAction\":[{\"@type\":\"SearchAction\",\"target\":{\"@type\":\"EntryPoint\",\"urlTemplate\":\"https:\\\/\\\/izsekosanasierices.lv\\\/?s={search_term_string}\"},\"query-input\":{\"@type\":\"PropertyValueSpecification\",\"valueRequired\":true,\"valueName\":\"search_term_string\"}}],\"inLanguage\":\"ru-RU\"}]}<\/script>\n<!-- \/ Yoast SEO plugin. -->","yoast_head_json":{"title":"Signaliz\u0101cijas kust\u012bbu sensors 4mpx nakts redzam\u012bba","robots":{"index":"index","follow":"follow","max-snippet":"max-snippet:-1","max-image-preview":"max-image-preview:large","max-video-preview":"max-video-preview:-1"},"canonical":"https:\/\/izsekosanasierices.lv\/ru\/produkts\/signalizacijas-kustibu-sensors-4mpx-nakts-redzamiba\/","og_locale":"ru_RU","og_type":"article","og_title":"Signaliz\u0101cijas kust\u012bbu sensors 4mpx nakts redzam\u012bba","og_description":"Tehniskie parametri: Atmi\u0146as kar\u0161u atbalsts: mikro SD \/ SDHC l\u012bdz 124GB (nav iek\u013cauts) 4mpx kameras sensors Atbalsta ONVIF (var piesl\u0113gt pie DVR un NVR ier\u012bc\u0113m) Nakts redzam\u012bba IR Signaliz\u0101cijas kust\u012bbas...","og_url":"https:\/\/izsekosanasierices.lv\/ru\/produkts\/signalizacijas-kustibu-sensors-4mpx-nakts-redzamiba\/","og_site_name":"Nr1 Izseko\u0161anas ier\u012bces gps izseko\u0161anas iek\u0101rtas, klaus\u012b\u0161an\u0101s iek\u0101rtas","og_image":[{"width":1024,"height":1024,"url":"https:\/\/izsekosanasierices.lv\/wp-content\/uploads\/judesio-daviklis-signalizacija-su-slapta-kamera-slaptos-kameros-.jpg","type":"image\/jpeg"}],"twitter_card":"summary_large_image","twitter_misc":{"\u041f\u0440\u0438\u043c\u0435\u0440\u043d\u043e\u0435 \u0432\u0440\u0435\u043c\u044f \u0434\u043b\u044f \u0447\u0442\u0435\u043d\u0438\u044f":"2 \u043c\u0438\u043d\u0443\u0442\u044b"},"schema":{"@context":"https:\/\/schema.org","@graph":[{"@type":"WebPage","@id":"https:\/\/izsekosanasierices.lv\/produkts\/signalizacijas-kustibu-sensors-4mpx-nakts-redzamiba\/","url":"https:\/\/izsekosanasierices.lv\/produkts\/signalizacijas-kustibu-sensors-4mpx-nakts-redzamiba\/","name":"Signaliz\u0101cijas kust\u012bbu sensors 4mpx nakts redzam\u012bba","isPartOf":{"@id":"https:\/\/izsekosanasierices.lv\/#website"},"primaryImageOfPage":{"@id":"https:\/\/izsekosanasierices.lv\/produkts\/signalizacijas-kustibu-sensors-4mpx-nakts-redzamiba\/#primaryimage"},"image":{"@id":"https:\/\/izsekosanasierices.lv\/produkts\/signalizacijas-kustibu-sensors-4mpx-nakts-redzamiba\/#primaryimage"},"thumbnailUrl":"https:\/\/izsekosanasierices.lv\/wp-content\/uploads\/judesio-daviklis-signalizacija-su-slapta-kamera-slaptos-kameros-.jpg","datePublished":"2026-04-03T06:48:23+00:00","breadcrumb":{"@id":"https:\/\/izsekosanasierices.lv\/produkts\/signalizacijas-kustibu-sensors-4mpx-nakts-redzamiba\/#breadcrumb"},"inLanguage":"ru-RU","potentialAction":[{"@type":"ReadAction","target":["https:\/\/izsekosanasierices.lv\/produkts\/signalizacijas-kustibu-sensors-4mpx-nakts-redzamiba\/"]}]},{"@type":"ImageObject","inLanguage":"ru-RU","@id":"https:\/\/izsekosanasierices.lv\/produkts\/signalizacijas-kustibu-sensors-4mpx-nakts-redzamiba\/#primaryimage","url":"https:\/\/izsekosanasierices.lv\/wp-content\/uploads\/judesio-daviklis-signalizacija-su-slapta-kamera-slaptos-kameros-.jpg","contentUrl":"https:\/\/izsekosanasierices.lv\/wp-content\/uploads\/judesio-daviklis-signalizacija-su-slapta-kamera-slaptos-kameros-.jpg","width":1024,"height":1024},{"@type":"BreadcrumbList","@id":"https:\/\/izsekosanasierices.lv\/produkts\/signalizacijas-kustibu-sensors-4mpx-nakts-redzamiba\/#breadcrumb","itemListElement":[{"@type":"ListItem","position":1,"name":"S\u0101kums","item":"https:\/\/izsekosanasierices.lv\/"},{"@type":"ListItem","position":2,"name":"Veikals","item":"https:\/\/izsekosanasierices.lv\/veikals\/"},{"@type":"ListItem","position":3,"name":"Signaliz\u0101cijas kust\u012bbu sensors 4mpx nakts redzam\u012bba"}]},{"@type":"WebSite","@id":"https:\/\/izsekosanasierices.lv\/#website","url":"https:\/\/izsekosanasierices.lv\/","name":"Nr1 Izseko\u0161anas ier\u012bces gps izseko\u0161anas iek\u0101rtas, klaus\u012b\u0161an\u0101s iek\u0101rtas","description":"","potentialAction":[{"@type":"SearchAction","target":{"@type":"EntryPoint","urlTemplate":"https:\/\/izsekosanasierices.lv\/?s={search_term_string}"},"query-input":{"@type":"PropertyValueSpecification","valueRequired":true,"valueName":"search_term_string"}}],"inLanguage":"ru-RU"}]}},"_links":{"self":[{"href":"https:\/\/izsekosanasierices.lv\/ru\/wp-json\/wp\/v2\/product\/5446","targetHints":{"allow":["GET"]}}],"collection":[{"href":"https:\/\/izsekosanasierices.lv\/ru\/wp-json\/wp\/v2\/product"}],"about":[{"href":"https:\/\/izsekosanasierices.lv\/ru\/wp-json\/wp\/v2\/types\/product"}],"wp:featuredmedia":[{"embeddable":true,"href":"https:\/\/izsekosanasierices.lv\/ru\/wp-json\/wp\/v2\/media\/5411"}],"wp:attachment":[{"href":"https:\/\/izsekosanasierices.lv\/ru\/wp-json\/wp\/v2\/media?parent=5446"}],"wp:term":[{"taxonomy":"product_brand","embeddable":true,"href":"https:\/\/izsekosanasierices.lv\/ru\/wp-json\/wp\/v2\/product_brand?post=5446"},{"taxonomy":"product_cat","embeddable":true,"href":"https:\/\/izsekosanasierices.lv\/ru\/wp-json\/wp\/v2\/product_cat?post=5446"},{"taxonomy":"product_tag","embeddable":true,"href":"https:\/\/izsekosanasierices.lv\/ru\/wp-json\/wp\/v2\/product_tag?post=5446"}],"curies":[{"name":"wp","href":"https:\/\/api.w.org\/{rel}","templated":true}]}}