{"id":5447,"date":"2026-04-03T09:48:23","date_gmt":"2026-04-03T06:48:23","guid":{"rendered":"https:\/\/izsekosanasierices.lv\/?post_type=product&#038;p=5447"},"modified":"2026-04-03T09:48:23","modified_gmt":"2026-04-03T06:48:23","slug":"hq-diktofons-darbo-laiks-lidz-12-dienam-ierakstisanai","status":"publish","type":"product","link":"https:\/\/izsekosanasierices.lv\/ru\/produkts\/hq-diktofons-darbo-laiks-lidz-12-dienam-ierakstisanai\/","title":{"rendered":"HQ diktofons darbo laiks l\u012bdz 12 dien\u0101m ierakst\u012b\u0161anai"},"content":{"rendered":"<h3><strong>\u0422\u0435\u0445\u043d\u0438\u0447\u0435\u0441\u043a\u0438\u0435 \u043f\u0430\u0440\u0430\u043c\u0435\u0442\u0440\u044b:<\/strong><\/h3>\n<ul>\n<li>Diapazons: l\u012bdz 6-20 m<\/li>\n<li>Inteli\u0123enta trok\u0161\u0146u sl\u0101p\u0113\u0161anas sist\u0113ma<\/li>\n<li>Iesp\u0113ja regul\u0113t ieraksta kvalit\u0101ti<\/li>\n<li>Autom\u0101tiska ierakstu atska\u0146o\u0161ana<\/li>\n<li>Ieraksta kvalit\u0101te: no 192 kbps l\u012bdz 512 kbps<\/li>\n<li>Iek\u0161\u0113j\u0101 atmi\u0146a: 8GB<\/li>\n<li>Darba laiks: apm\u0113ram 12 dienas (akumulatora darb\u012bbas laiks)<\/li>\n<li>Korpuss: plastmasa<\/li>\n<li>Izsl\u0113dzoties akumulatoram, nerada nek\u0101dus trok\u0161\u0146us<\/li>\n<li>Balso\u0161anas noteik\u0161anas iesp\u0113ja: J\u0100<\/li>\n<li>Past\u0101v\u012bgi ieraksta ska\u0146u: J\u0100<\/li>\n<li>Ieraksta form\u0101ts: WAV<\/li>\n<li>Izm\u0113ri: 73mm x 53mm x 13 mm<\/li>\n<li>Korpusa izm\u0113rs: NEAT\u0160\u0136IRAS NO PARASTA PENSKRIJA (NAV LARG\u0100KS NEK\u0100 PARASTIE PENSKRIJI)<\/li>\n<li>Garantija 12 m\u0113ne\u0161i.<\/li>\n<\/ul>\n<p><span style=\"color: #d0121a\"><strong>Nepiecie\u0161ams \u0101trs pieg\u0101de, taj\u0101 pa\u0161\u0101 dien\u0101? (un br\u012bvdien\u0101s) &#8211; zvaniet +37068411114<\/strong><\/span><\/p>","protected":false},"excerpt":{"rendered":"<p>Tehniskie parametri: Diapazons: l\u012bdz 6-20 m Inteli\u0123enta trok\u0161\u0146u sl\u0101p\u0113\u0161anas sist\u0113ma Iesp\u0113ja regul\u0113t ieraksta kvalit\u0101ti Autom\u0101tiska ierakstu atska\u0146o\u0161ana Ieraksta kvalit\u0101te: no 192 kbps l\u012bdz 512 kbps Iek\u0161\u0113j\u0101 atmi\u0146a: 8GB Darba laiks:&#8230;<\/p>","protected":false},"featured_media":5414,"template":"","meta":[],"product_brand":[],"product_cat":[342,335],"product_tag":[],"class_list":{"0":"post-5447","1":"product","2":"type-product","3":"status-publish","4":"has-post-thumbnail","6":"product_cat-diktofoni","7":"product_cat-noklausisanas-ierices","9":"first","10":"instock","11":"taxable","12":"shipping-taxable","13":"purchasable","14":"product-type-simple"},"yoast_head":"<!-- This site is optimized with the Yoast SEO plugin v27.3 - https:\/\/yoast.com\/product\/yoast-seo-wordpress\/ -->\n<title>HQ diktofons darbo laiks l\u012bdz 12 dien\u0101m ierakst\u012b\u0161anai<\/title>\n<meta name=\"robots\" content=\"index, follow, max-snippet:-1, max-image-preview:large, max-video-preview:-1\" \/>\n<link rel=\"canonical\" href=\"https:\/\/izsekosanasierices.lv\/ru\/produkts\/hq-diktofons-darbo-laiks-lidz-12-dienam-ierakstisanai\/\" \/>\n<meta property=\"og:locale\" content=\"ru_RU\" \/>\n<meta property=\"og:type\" content=\"article\" \/>\n<meta property=\"og:title\" content=\"HQ diktofons darbo laiks l\u012bdz 12 dien\u0101m ierakst\u012b\u0161anai\" \/>\n<meta property=\"og:description\" content=\"Tehniskie parametri: Diapazons: l\u012bdz 6-20 m Inteli\u0123enta trok\u0161\u0146u sl\u0101p\u0113\u0161anas sist\u0113ma Iesp\u0113ja regul\u0113t ieraksta kvalit\u0101ti Autom\u0101tiska ierakstu atska\u0146o\u0161ana Ieraksta kvalit\u0101te: no 192 kbps l\u012bdz 512 kbps Iek\u0161\u0113j\u0101 atmi\u0146a: 8GB Darba laiks:...\" \/>\n<meta property=\"og:url\" content=\"https:\/\/izsekosanasierices.lv\/ru\/produkts\/hq-diktofons-darbo-laiks-lidz-12-dienam-ierakstisanai\/\" \/>\n<meta property=\"og:site_name\" content=\"Nr1 Izseko\u0161anas ier\u012bces gps izseko\u0161anas iek\u0101rtas, klaus\u012b\u0161an\u0101s iek\u0101rtas\" \/>\n<meta property=\"og:image\" content=\"https:\/\/izsekosanasierices.lv\/wp-content\/uploads\/mini-diktofonas-1.jpeg\" \/>\n\t<meta property=\"og:image:width\" content=\"1172\" \/>\n\t<meta property=\"og:image:height\" content=\"1176\" \/>\n\t<meta property=\"og:image:type\" content=\"image\/jpeg\" \/>\n<meta name=\"twitter:card\" content=\"summary_large_image\" \/>\n<meta name=\"twitter:label1\" content=\"\u041f\u0440\u0438\u043c\u0435\u0440\u043d\u043e\u0435 \u0432\u0440\u0435\u043c\u044f \u0434\u043b\u044f \u0447\u0442\u0435\u043d\u0438\u044f\" \/>\n\t<meta name=\"twitter:data1\" content=\"1 \u043c\u0438\u043d\u0443\u0442\u0430\" \/>\n<script type=\"application\/ld+json\" class=\"yoast-schema-graph\">{\"@context\":\"https:\\\/\\\/schema.org\",\"@graph\":[{\"@type\":\"WebPage\",\"@id\":\"https:\\\/\\\/izsekosanasierices.lv\\\/produkts\\\/hq-diktofons-darbo-laiks-lidz-12-dienam-ierakstisanai\\\/\",\"url\":\"https:\\\/\\\/izsekosanasierices.lv\\\/produkts\\\/hq-diktofons-darbo-laiks-lidz-12-dienam-ierakstisanai\\\/\",\"name\":\"HQ diktofons darbo laiks l\u012bdz 12 dien\u0101m ierakst\u012b\u0161anai\",\"isPartOf\":{\"@id\":\"https:\\\/\\\/izsekosanasierices.lv\\\/#website\"},\"primaryImageOfPage\":{\"@id\":\"https:\\\/\\\/izsekosanasierices.lv\\\/produkts\\\/hq-diktofons-darbo-laiks-lidz-12-dienam-ierakstisanai\\\/#primaryimage\"},\"image\":{\"@id\":\"https:\\\/\\\/izsekosanasierices.lv\\\/produkts\\\/hq-diktofons-darbo-laiks-lidz-12-dienam-ierakstisanai\\\/#primaryimage\"},\"thumbnailUrl\":\"https:\\\/\\\/izsekosanasierices.lv\\\/wp-content\\\/uploads\\\/mini-diktofonas-1.jpeg\",\"datePublished\":\"2026-04-03T06:48:23+00:00\",\"breadcrumb\":{\"@id\":\"https:\\\/\\\/izsekosanasierices.lv\\\/produkts\\\/hq-diktofons-darbo-laiks-lidz-12-dienam-ierakstisanai\\\/#breadcrumb\"},\"inLanguage\":\"ru-RU\",\"potentialAction\":[{\"@type\":\"ReadAction\",\"target\":[\"https:\\\/\\\/izsekosanasierices.lv\\\/produkts\\\/hq-diktofons-darbo-laiks-lidz-12-dienam-ierakstisanai\\\/\"]}]},{\"@type\":\"ImageObject\",\"inLanguage\":\"ru-RU\",\"@id\":\"https:\\\/\\\/izsekosanasierices.lv\\\/produkts\\\/hq-diktofons-darbo-laiks-lidz-12-dienam-ierakstisanai\\\/#primaryimage\",\"url\":\"https:\\\/\\\/izsekosanasierices.lv\\\/wp-content\\\/uploads\\\/mini-diktofonas-1.jpeg\",\"contentUrl\":\"https:\\\/\\\/izsekosanasierices.lv\\\/wp-content\\\/uploads\\\/mini-diktofonas-1.jpeg\",\"width\":1172,\"height\":1176},{\"@type\":\"BreadcrumbList\",\"@id\":\"https:\\\/\\\/izsekosanasierices.lv\\\/produkts\\\/hq-diktofons-darbo-laiks-lidz-12-dienam-ierakstisanai\\\/#breadcrumb\",\"itemListElement\":[{\"@type\":\"ListItem\",\"position\":1,\"name\":\"S\u0101kums\",\"item\":\"https:\\\/\\\/izsekosanasierices.lv\\\/\"},{\"@type\":\"ListItem\",\"position\":2,\"name\":\"Veikals\",\"item\":\"https:\\\/\\\/izsekosanasierices.lv\\\/veikals\\\/\"},{\"@type\":\"ListItem\",\"position\":3,\"name\":\"HQ diktofons darbo laiks l\u012bdz 12 dien\u0101m ierakst\u012b\u0161anai\"}]},{\"@type\":\"WebSite\",\"@id\":\"https:\\\/\\\/izsekosanasierices.lv\\\/#website\",\"url\":\"https:\\\/\\\/izsekosanasierices.lv\\\/\",\"name\":\"Nr1 Izseko\u0161anas ier\u012bces gps izseko\u0161anas iek\u0101rtas, klaus\u012b\u0161an\u0101s iek\u0101rtas\",\"description\":\"\",\"potentialAction\":[{\"@type\":\"SearchAction\",\"target\":{\"@type\":\"EntryPoint\",\"urlTemplate\":\"https:\\\/\\\/izsekosanasierices.lv\\\/?s={search_term_string}\"},\"query-input\":{\"@type\":\"PropertyValueSpecification\",\"valueRequired\":true,\"valueName\":\"search_term_string\"}}],\"inLanguage\":\"ru-RU\"}]}<\/script>\n<!-- \/ Yoast SEO plugin. -->","yoast_head_json":{"title":"HQ diktofons darbo laiks l\u012bdz 12 dien\u0101m ierakst\u012b\u0161anai","robots":{"index":"index","follow":"follow","max-snippet":"max-snippet:-1","max-image-preview":"max-image-preview:large","max-video-preview":"max-video-preview:-1"},"canonical":"https:\/\/izsekosanasierices.lv\/ru\/produkts\/hq-diktofons-darbo-laiks-lidz-12-dienam-ierakstisanai\/","og_locale":"ru_RU","og_type":"article","og_title":"HQ diktofons darbo laiks l\u012bdz 12 dien\u0101m ierakst\u012b\u0161anai","og_description":"Tehniskie parametri: Diapazons: l\u012bdz 6-20 m Inteli\u0123enta trok\u0161\u0146u sl\u0101p\u0113\u0161anas sist\u0113ma Iesp\u0113ja regul\u0113t ieraksta kvalit\u0101ti Autom\u0101tiska ierakstu atska\u0146o\u0161ana Ieraksta kvalit\u0101te: no 192 kbps l\u012bdz 512 kbps Iek\u0161\u0113j\u0101 atmi\u0146a: 8GB Darba laiks:...","og_url":"https:\/\/izsekosanasierices.lv\/ru\/produkts\/hq-diktofons-darbo-laiks-lidz-12-dienam-ierakstisanai\/","og_site_name":"Nr1 Izseko\u0161anas ier\u012bces gps izseko\u0161anas iek\u0101rtas, klaus\u012b\u0161an\u0101s iek\u0101rtas","og_image":[{"width":1172,"height":1176,"url":"https:\/\/izsekosanasierices.lv\/wp-content\/uploads\/mini-diktofonas-1.jpeg","type":"image\/jpeg"}],"twitter_card":"summary_large_image","twitter_misc":{"\u041f\u0440\u0438\u043c\u0435\u0440\u043d\u043e\u0435 \u0432\u0440\u0435\u043c\u044f \u0434\u043b\u044f \u0447\u0442\u0435\u043d\u0438\u044f":"1 \u043c\u0438\u043d\u0443\u0442\u0430"},"schema":{"@context":"https:\/\/schema.org","@graph":[{"@type":"WebPage","@id":"https:\/\/izsekosanasierices.lv\/produkts\/hq-diktofons-darbo-laiks-lidz-12-dienam-ierakstisanai\/","url":"https:\/\/izsekosanasierices.lv\/produkts\/hq-diktofons-darbo-laiks-lidz-12-dienam-ierakstisanai\/","name":"HQ diktofons darbo laiks l\u012bdz 12 dien\u0101m ierakst\u012b\u0161anai","isPartOf":{"@id":"https:\/\/izsekosanasierices.lv\/#website"},"primaryImageOfPage":{"@id":"https:\/\/izsekosanasierices.lv\/produkts\/hq-diktofons-darbo-laiks-lidz-12-dienam-ierakstisanai\/#primaryimage"},"image":{"@id":"https:\/\/izsekosanasierices.lv\/produkts\/hq-diktofons-darbo-laiks-lidz-12-dienam-ierakstisanai\/#primaryimage"},"thumbnailUrl":"https:\/\/izsekosanasierices.lv\/wp-content\/uploads\/mini-diktofonas-1.jpeg","datePublished":"2026-04-03T06:48:23+00:00","breadcrumb":{"@id":"https:\/\/izsekosanasierices.lv\/produkts\/hq-diktofons-darbo-laiks-lidz-12-dienam-ierakstisanai\/#breadcrumb"},"inLanguage":"ru-RU","potentialAction":[{"@type":"ReadAction","target":["https:\/\/izsekosanasierices.lv\/produkts\/hq-diktofons-darbo-laiks-lidz-12-dienam-ierakstisanai\/"]}]},{"@type":"ImageObject","inLanguage":"ru-RU","@id":"https:\/\/izsekosanasierices.lv\/produkts\/hq-diktofons-darbo-laiks-lidz-12-dienam-ierakstisanai\/#primaryimage","url":"https:\/\/izsekosanasierices.lv\/wp-content\/uploads\/mini-diktofonas-1.jpeg","contentUrl":"https:\/\/izsekosanasierices.lv\/wp-content\/uploads\/mini-diktofonas-1.jpeg","width":1172,"height":1176},{"@type":"BreadcrumbList","@id":"https:\/\/izsekosanasierices.lv\/produkts\/hq-diktofons-darbo-laiks-lidz-12-dienam-ierakstisanai\/#breadcrumb","itemListElement":[{"@type":"ListItem","position":1,"name":"S\u0101kums","item":"https:\/\/izsekosanasierices.lv\/"},{"@type":"ListItem","position":2,"name":"Veikals","item":"https:\/\/izsekosanasierices.lv\/veikals\/"},{"@type":"ListItem","position":3,"name":"HQ diktofons darbo laiks l\u012bdz 12 dien\u0101m ierakst\u012b\u0161anai"}]},{"@type":"WebSite","@id":"https:\/\/izsekosanasierices.lv\/#website","url":"https:\/\/izsekosanasierices.lv\/","name":"Nr1 Izseko\u0161anas ier\u012bces gps izseko\u0161anas iek\u0101rtas, klaus\u012b\u0161an\u0101s iek\u0101rtas","description":"","potentialAction":[{"@type":"SearchAction","target":{"@type":"EntryPoint","urlTemplate":"https:\/\/izsekosanasierices.lv\/?s={search_term_string}"},"query-input":{"@type":"PropertyValueSpecification","valueRequired":true,"valueName":"search_term_string"}}],"inLanguage":"ru-RU"}]}},"_links":{"self":[{"href":"https:\/\/izsekosanasierices.lv\/ru\/wp-json\/wp\/v2\/product\/5447","targetHints":{"allow":["GET"]}}],"collection":[{"href":"https:\/\/izsekosanasierices.lv\/ru\/wp-json\/wp\/v2\/product"}],"about":[{"href":"https:\/\/izsekosanasierices.lv\/ru\/wp-json\/wp\/v2\/types\/product"}],"wp:featuredmedia":[{"embeddable":true,"href":"https:\/\/izsekosanasierices.lv\/ru\/wp-json\/wp\/v2\/media\/5414"}],"wp:attachment":[{"href":"https:\/\/izsekosanasierices.lv\/ru\/wp-json\/wp\/v2\/media?parent=5447"}],"wp:term":[{"taxonomy":"product_brand","embeddable":true,"href":"https:\/\/izsekosanasierices.lv\/ru\/wp-json\/wp\/v2\/product_brand?post=5447"},{"taxonomy":"product_cat","embeddable":true,"href":"https:\/\/izsekosanasierices.lv\/ru\/wp-json\/wp\/v2\/product_cat?post=5447"},{"taxonomy":"product_tag","embeddable":true,"href":"https:\/\/izsekosanasierices.lv\/ru\/wp-json\/wp\/v2\/product_tag?post=5447"}],"curies":[{"name":"wp","href":"https:\/\/api.w.org\/{rel}","templated":true}]}}