{"id":5448,"date":"2026-04-03T09:48:23","date_gmt":"2026-04-03T06:48:23","guid":{"rendered":"https:\/\/izsekosanasierices.lv\/?post_type=product&#038;p=5448"},"modified":"2026-04-03T09:48:23","modified_gmt":"2026-04-03T06:48:23","slug":"areja-baterija-power-bank-ar-slepenu-diktofonu-20-dienu-darbiba","status":"publish","type":"product","link":"https:\/\/izsekosanasierices.lv\/ru\/produkts\/areja-baterija-power-bank-ar-slepenu-diktofonu-20-dienu-darbiba\/","title":{"rendered":"\u0100r\u0113j\u0101 baterija Power Bank ar slepenu diktofonu 20 dienu darb\u012bba"},"content":{"rendered":"<h3><strong>\u0422\u0435\u0445\u043d\u0438\u0447\u0435\u0441\u043a\u0438\u0435 \u043f\u0430\u0440\u0430\u043c\u0435\u0442\u0440\u044b:<\/strong><\/h3>\n<ul>\n<li>Diapazons: l\u012bdz 6-20 m<\/li>\n<li>Magn\u0113ts: ir (iesp\u0113ja piel\u012bm\u0113t pie met\u0101la virsm\u0101m)<\/li>\n<li>Troksni sl\u0101p\u0113\u0161ana<\/li>\n<li>Autom\u0101tiska ierakstu pastiprin\u0101\u0161ana<\/li>\n<li>Laika un datuma z\u012bme<\/li>\n<li>Ieraksta kvalit\u0101te: 192 kbps l\u012bdz 512 kbps<\/li>\n<li>\u0412\u043d\u0443\u0442\u0440\u0435\u043d\u043d\u044f\u044f \u043f\u0430\u043c\u044f\u0442\u044c: 8 \u0413\u0411<\/li>\n<li>Darba laiks: apm\u0113ram 20 dienas (bez uzl\u0101des veic ierakstu)<\/li>\n<li>Power Bank akumulatora jauda: 5000 mAh<\/li>\n<li>Izsl\u0113dzoties akumulatoram, neizdala nek\u0101dus ska\u0146as<\/li>\n<li>Balso\u0161anas noteik\u0161anas iesp\u0113ja: J\u0100<\/li>\n<li>Past\u0101v\u012bgi ieraksta ska\u0146u: J\u0100<\/li>\n<li>Ieraksta form\u0101ts: WAV<\/li>\n<li>Korpusa izm\u0113rs: biezums 106 mm x platums 59 mm x garums 14 mm<\/li>\n<li><strong>\u0413\u0410\u0420\u0410\u041d\u0422\u0418\u042f 12 \u043c\u0435\u0441\u044f\u0446\u0435\u0432.<\/strong><\/li>\n<\/ul>\n<p><span style=\"color: #d0121a\"><strong>Ja jums nepiecie\u0161ams \u0101trs pieg\u0101de, taj\u0101 pa\u0161\u0101 dien\u0101 (un br\u012bvdien\u0101s) &#8211; zvaniet +37068411114<\/strong><\/span><\/p>\n<p>Izmanto\u0161ana: Savu, b\u0113rnu aizsardz\u012bbai.<\/p>\n<p>\u0160is ier\u012bce ir absol\u016bts l\u012bderis tirg\u016b un neaizvietojams r\u012bks ikvienam, kur\u0161 mekl\u0113 uzticamu slepeno ska\u0146as ierakst\u012b\u0161anas risin\u0101jumu. Tas ir divk\u0101r\u0161as labuma sniedz\u0113js: jaud\u012bgs &#8220;Power Bank&#8221; un profesion\u0101ls slepens diktofons vien\u0101 korpus\u0101. Iedom\u0101jieties diktofonu, kas ne tikai lieliski veic savu funkciju, bet ar\u012b izskat\u0101s k\u0101 parasta, neuztverama \u0101r\u0113j\u0101 baterija. Tas nodro\u0161ina nep\u0101rsp\u0113jamu nosl\u0113pumain\u012bbu. \u0160is ier\u012bce ir tik slepena, ka neviens pat neiedom\u0101sies par t\u0101s patieso m\u0113r\u0137i. T\u0101 kompaktais, tikai 14 mm biezais korpuss ir p\u0101rsteidzo\u0161i pl\u0101ns un viegls, t\u0101p\u0113c to \u0113rti n\u0113s\u0101t. Iespaid\u012bg\u0101k\u0101 t\u0101 \u012bpa\u0161\u012bba ir neticami ilgs darb\u012bbas laiks \u2013 l\u012bdz 20 dien\u0101m nep\u0101rtraukt\u0101 ierakst\u012b\u0161an\u0101 bez uzl\u0101des. To pan\u0101k, pateicoties integr\u0113tajai jaud\u012bgajai 5000 mAh &#8220;Power Bank&#8221; akumulatoram, kas nodro\u0161ina, ka ieraksts nekad nebeigsies negaid\u012bti. Ier\u012bce darbojas \u0101rk\u0101rt\u012bgi jut\u012bgi, t\u0101p\u0113c varat b\u016bt mier\u012bgi par katra, pat visatt\u0101l\u0101k\u0101, sarunas fiks\u0113\u0161anu. Ska\u0146as ieraksts ir iesp\u0113jams l\u012bdz 6\u201320 metru diapazon\u0101, un augst\u0101k\u0101s kvalit\u0101tes trok\u0161\u0146u sl\u0101p\u0113\u0161anas tehnolo\u0123ija nodro\u0161ina krist\u0101ldzidru ska\u0146u bez jebk\u0101diem trauc\u0113jumiem. Neatkar\u012bgi no t\u0101, vai tas ir trok\u0161\u0146ains birojs vai kluss san\u0101ksmju telpa, \u0161is diktofons lieliski veiks savu darbu. Autom\u0101tisk\u0101 ierakstu pastiprin\u0101\u0161anas funkcija par\u016bp\u0113sies, lai pat klus\u0101k\u0101s sarunas b\u016btu lieliski dzirdamas. Katrs ieraksts ir apz\u012bm\u0113ts ar laika un datuma z\u012bmi, t\u0101p\u0113c vienm\u0113r zin\u0101siet, kad tas tika veikts. Ieraksta kvalit\u0101ti varat izv\u0113l\u0113ties pa\u0161i \u2013 no 192 kbps l\u012bdz 512 kbps. Tas nodro\u0161ina elast\u012bbu un \u013cauj atrast optim\u0101lu l\u012bdzsvaru starp ska\u0146as kvalit\u0101ti un atmi\u0146as izmanto\u0161anu. \u0160is ier\u012bce ir apr\u012bkota ar iek\u0161\u0113jo 8 GB atmi\u0146u, kur\u0101 ietilpst daudzas stundas augstas kvalit\u0101tes ierakstu. V\u0113l vair\u0101k \u0113rt\u012bbas nodro\u0161ina magn\u0113tiskais korpuss. \u0160is diktofons ir magn\u0113tisks, t\u0101p\u0113c to bez piep\u016bles pievienosiet pie jebkuras met\u0101la virsmas, piem\u0113ram, pie automa\u0161\u012bnas durv\u012bm, galda k\u0101jas vai citas met\u0101la konstrukcijas. Tas nodro\u0161ina v\u0113l vair\u0101k iesp\u0113ju pasl\u0113pt ier\u012bci un nodro\u0161in\u0101t maksim\u0101lu nosl\u0113pumain\u012bbu. Ier\u012bce ir tik gudra, ka izsl\u0113dzoties akumulatoram, t\u0101 neizdala nek\u0101dus ska\u0146as, t\u0101p\u0113c j\u016bsu nosl\u0113pums paliks dro\u0161s. Balso\u0161anas noteik\u0161anas iesp\u0113ja \u2013 t\u0101 ir funkcija, kas pal\u012bdz\u0113s ietaup\u012bt atmi\u0146u un laiku. Diktofons s\u0101ks ierakst\u012bt tikai tad, kad noteiks ska\u0146u, t\u0101p\u0113c jums neb\u016bs j\u0101uzklausa tuk\u0161i ieraksti. Past\u0101v\u012bg\u0101 ierakst\u012b\u0161anas re\u017e\u012bms nodro\u0161in\u0101s, ka nekas netiks izlaists. Ieraksta form\u0101ts \u2013 WAV, kas ir pla\u0161i izmantots un viegli sader\u012bgs ar da\u017e\u0101diem atska\u0146ot\u0101jiem. \u0160is diktofons \u2013 tas ir vair\u0101k nek\u0101 tikai ier\u012bce, tas ir miers un uztic\u012bba. Tas lieliski der\u0113s biznesa san\u0101ksm\u0113m, lekcij\u0101m, sarun\u0101m fiks\u0113\u0161anai vai vienk\u0101r\u0161i dro\u0161\u012bbas nol\u016bkiem. Neatkar\u012bgi no t\u0101, k\u0101ds ir j\u016bsu vajadz\u012bbas, \u0161is magn\u0113tiskais diktofons b\u016bs j\u016bsu uzticam\u0101kais sabiedrotais. M\u0113s sniedzam pat 12 m\u0113ne\u0161u garantiju, jo esam p\u0101rliecin\u0101ti par t\u0101 kvalit\u0101ti un ilgm\u016b\u017e\u012bbu. Tas ir lielisks izv\u0113le visiem, kas nov\u0113rt\u0113 diskreciju, uzticam\u012bbu un augst\u0101ko kvalit\u0101ti. Ieg\u0101d\u0101jieties \u0161o slepeno magn\u0113tisko diktofona \u0161odien un p\u0101rliecinieties pa\u0161i, ka tas ir lab\u0101kais produkts tirg\u016b!<\/p>","protected":false},"excerpt":{"rendered":"<p>Tehniskie parametri: Diapazons: l\u012bdz 6-20 m Magn\u0113ts: ir (iesp\u0113ja piel\u012bm\u0113t pie met\u0101la virsm\u0101m) Troksni sl\u0101p\u0113\u0161ana Autom\u0101tiska ierakstu pastiprin\u0101\u0161ana Laika un datuma z\u012bme Ieraksta kvalit\u0101te: 192 kbps l\u012bdz 512 kbps Iek\u0161\u0113j\u0101&#8230;<\/p>","protected":false},"featured_media":5419,"template":"","meta":[],"product_brand":[],"product_cat":[342,335],"product_tag":[],"class_list":{"0":"post-5448","1":"product","2":"type-product","3":"status-publish","4":"has-post-thumbnail","6":"product_cat-diktofoni","7":"product_cat-noklausisanas-ierices","9":"first","10":"instock","11":"taxable","12":"shipping-taxable","13":"purchasable","14":"product-type-simple"},"yoast_head":"<!-- This site is optimized with the Yoast SEO plugin v27.3 - https:\/\/yoast.com\/product\/yoast-seo-wordpress\/ -->\n<title>\u0100r\u0113j\u0101 baterija Power Bank ar slepenu diktofonu 20 dienu darb\u012bba<\/title>\n<meta name=\"robots\" content=\"index, follow, max-snippet:-1, max-image-preview:large, max-video-preview:-1\" \/>\n<link rel=\"canonical\" href=\"https:\/\/izsekosanasierices.lv\/ru\/produkts\/areja-baterija-power-bank-ar-slepenu-diktofonu-20-dienu-darbiba\/\" \/>\n<meta property=\"og:locale\" content=\"ru_RU\" \/>\n<meta property=\"og:type\" content=\"article\" \/>\n<meta property=\"og:title\" content=\"\u0100r\u0113j\u0101 baterija Power Bank ar slepenu diktofonu 20 dienu darb\u012bba\" \/>\n<meta property=\"og:description\" content=\"Tehniskie parametri: Diapazons: l\u012bdz 6-20 m Magn\u0113ts: ir (iesp\u0113ja piel\u012bm\u0113t pie met\u0101la virsm\u0101m) Troksni sl\u0101p\u0113\u0161ana Autom\u0101tiska ierakstu pastiprin\u0101\u0161ana Laika un datuma z\u012bme Ieraksta kvalit\u0101te: 192 kbps l\u012bdz 512 kbps Iek\u0161\u0113j\u0101...\" \/>\n<meta property=\"og:url\" content=\"https:\/\/izsekosanasierices.lv\/ru\/produkts\/areja-baterija-power-bank-ar-slepenu-diktofonu-20-dienu-darbiba\/\" \/>\n<meta property=\"og:site_name\" content=\"Nr1 Izseko\u0161anas ier\u012bces gps izseko\u0161anas iek\u0101rtas, klaus\u012b\u0161an\u0101s iek\u0101rtas\" \/>\n<meta property=\"og:image\" content=\"https:\/\/izsekosanasierices.lv\/wp-content\/uploads\/slaptas-mini-diktofonas-isorine-baterija-power-bank.png\" \/>\n\t<meta property=\"og:image:width\" content=\"972\" \/>\n\t<meta property=\"og:image:height\" content=\"980\" \/>\n\t<meta property=\"og:image:type\" content=\"image\/png\" \/>\n<meta name=\"twitter:card\" content=\"summary_large_image\" \/>\n<meta name=\"twitter:label1\" content=\"\u041f\u0440\u0438\u043c\u0435\u0440\u043d\u043e\u0435 \u0432\u0440\u0435\u043c\u044f \u0434\u043b\u044f \u0447\u0442\u0435\u043d\u0438\u044f\" \/>\n\t<meta name=\"twitter:data1\" content=\"4 \u043c\u0438\u043d\u0443\u0442\u044b\" \/>\n<script type=\"application\/ld+json\" class=\"yoast-schema-graph\">{\"@context\":\"https:\\\/\\\/schema.org\",\"@graph\":[{\"@type\":\"WebPage\",\"@id\":\"https:\\\/\\\/izsekosanasierices.lv\\\/produkts\\\/areja-baterija-power-bank-ar-slepenu-diktofonu-20-dienu-darbiba\\\/\",\"url\":\"https:\\\/\\\/izsekosanasierices.lv\\\/produkts\\\/areja-baterija-power-bank-ar-slepenu-diktofonu-20-dienu-darbiba\\\/\",\"name\":\"\u0100r\u0113j\u0101 baterija Power Bank ar slepenu diktofonu 20 dienu darb\u012bba\",\"isPartOf\":{\"@id\":\"https:\\\/\\\/izsekosanasierices.lv\\\/#website\"},\"primaryImageOfPage\":{\"@id\":\"https:\\\/\\\/izsekosanasierices.lv\\\/produkts\\\/areja-baterija-power-bank-ar-slepenu-diktofonu-20-dienu-darbiba\\\/#primaryimage\"},\"image\":{\"@id\":\"https:\\\/\\\/izsekosanasierices.lv\\\/produkts\\\/areja-baterija-power-bank-ar-slepenu-diktofonu-20-dienu-darbiba\\\/#primaryimage\"},\"thumbnailUrl\":\"https:\\\/\\\/izsekosanasierices.lv\\\/wp-content\\\/uploads\\\/slaptas-mini-diktofonas-isorine-baterija-power-bank.png\",\"datePublished\":\"2026-04-03T06:48:23+00:00\",\"breadcrumb\":{\"@id\":\"https:\\\/\\\/izsekosanasierices.lv\\\/produkts\\\/areja-baterija-power-bank-ar-slepenu-diktofonu-20-dienu-darbiba\\\/#breadcrumb\"},\"inLanguage\":\"ru-RU\",\"potentialAction\":[{\"@type\":\"ReadAction\",\"target\":[\"https:\\\/\\\/izsekosanasierices.lv\\\/produkts\\\/areja-baterija-power-bank-ar-slepenu-diktofonu-20-dienu-darbiba\\\/\"]}]},{\"@type\":\"ImageObject\",\"inLanguage\":\"ru-RU\",\"@id\":\"https:\\\/\\\/izsekosanasierices.lv\\\/produkts\\\/areja-baterija-power-bank-ar-slepenu-diktofonu-20-dienu-darbiba\\\/#primaryimage\",\"url\":\"https:\\\/\\\/izsekosanasierices.lv\\\/wp-content\\\/uploads\\\/slaptas-mini-diktofonas-isorine-baterija-power-bank.png\",\"contentUrl\":\"https:\\\/\\\/izsekosanasierices.lv\\\/wp-content\\\/uploads\\\/slaptas-mini-diktofonas-isorine-baterija-power-bank.png\",\"width\":972,\"height\":980},{\"@type\":\"BreadcrumbList\",\"@id\":\"https:\\\/\\\/izsekosanasierices.lv\\\/produkts\\\/areja-baterija-power-bank-ar-slepenu-diktofonu-20-dienu-darbiba\\\/#breadcrumb\",\"itemListElement\":[{\"@type\":\"ListItem\",\"position\":1,\"name\":\"S\u0101kums\",\"item\":\"https:\\\/\\\/izsekosanasierices.lv\\\/\"},{\"@type\":\"ListItem\",\"position\":2,\"name\":\"Veikals\",\"item\":\"https:\\\/\\\/izsekosanasierices.lv\\\/veikals\\\/\"},{\"@type\":\"ListItem\",\"position\":3,\"name\":\"\u0100r\u0113j\u0101 baterija Power Bank ar slepenu diktofonu 20 dienu darb\u012bba\"}]},{\"@type\":\"WebSite\",\"@id\":\"https:\\\/\\\/izsekosanasierices.lv\\\/#website\",\"url\":\"https:\\\/\\\/izsekosanasierices.lv\\\/\",\"name\":\"Nr1 Izseko\u0161anas ier\u012bces gps izseko\u0161anas iek\u0101rtas, klaus\u012b\u0161an\u0101s iek\u0101rtas\",\"description\":\"\",\"potentialAction\":[{\"@type\":\"SearchAction\",\"target\":{\"@type\":\"EntryPoint\",\"urlTemplate\":\"https:\\\/\\\/izsekosanasierices.lv\\\/?s={search_term_string}\"},\"query-input\":{\"@type\":\"PropertyValueSpecification\",\"valueRequired\":true,\"valueName\":\"search_term_string\"}}],\"inLanguage\":\"ru-RU\"}]}<\/script>\n<!-- \/ Yoast SEO plugin. -->","yoast_head_json":{"title":"\u0100r\u0113j\u0101 baterija Power Bank ar slepenu diktofonu 20 dienu darb\u012bba","robots":{"index":"index","follow":"follow","max-snippet":"max-snippet:-1","max-image-preview":"max-image-preview:large","max-video-preview":"max-video-preview:-1"},"canonical":"https:\/\/izsekosanasierices.lv\/ru\/produkts\/areja-baterija-power-bank-ar-slepenu-diktofonu-20-dienu-darbiba\/","og_locale":"ru_RU","og_type":"article","og_title":"\u0100r\u0113j\u0101 baterija Power Bank ar slepenu diktofonu 20 dienu darb\u012bba","og_description":"Tehniskie parametri: Diapazons: l\u012bdz 6-20 m Magn\u0113ts: ir (iesp\u0113ja piel\u012bm\u0113t pie met\u0101la virsm\u0101m) Troksni sl\u0101p\u0113\u0161ana Autom\u0101tiska ierakstu pastiprin\u0101\u0161ana Laika un datuma z\u012bme Ieraksta kvalit\u0101te: 192 kbps l\u012bdz 512 kbps Iek\u0161\u0113j\u0101...","og_url":"https:\/\/izsekosanasierices.lv\/ru\/produkts\/areja-baterija-power-bank-ar-slepenu-diktofonu-20-dienu-darbiba\/","og_site_name":"Nr1 Izseko\u0161anas ier\u012bces gps izseko\u0161anas iek\u0101rtas, klaus\u012b\u0161an\u0101s iek\u0101rtas","og_image":[{"width":972,"height":980,"url":"https:\/\/izsekosanasierices.lv\/wp-content\/uploads\/slaptas-mini-diktofonas-isorine-baterija-power-bank.png","type":"image\/png"}],"twitter_card":"summary_large_image","twitter_misc":{"\u041f\u0440\u0438\u043c\u0435\u0440\u043d\u043e\u0435 \u0432\u0440\u0435\u043c\u044f \u0434\u043b\u044f \u0447\u0442\u0435\u043d\u0438\u044f":"4 \u043c\u0438\u043d\u0443\u0442\u044b"},"schema":{"@context":"https:\/\/schema.org","@graph":[{"@type":"WebPage","@id":"https:\/\/izsekosanasierices.lv\/produkts\/areja-baterija-power-bank-ar-slepenu-diktofonu-20-dienu-darbiba\/","url":"https:\/\/izsekosanasierices.lv\/produkts\/areja-baterija-power-bank-ar-slepenu-diktofonu-20-dienu-darbiba\/","name":"\u0100r\u0113j\u0101 baterija Power Bank ar slepenu diktofonu 20 dienu darb\u012bba","isPartOf":{"@id":"https:\/\/izsekosanasierices.lv\/#website"},"primaryImageOfPage":{"@id":"https:\/\/izsekosanasierices.lv\/produkts\/areja-baterija-power-bank-ar-slepenu-diktofonu-20-dienu-darbiba\/#primaryimage"},"image":{"@id":"https:\/\/izsekosanasierices.lv\/produkts\/areja-baterija-power-bank-ar-slepenu-diktofonu-20-dienu-darbiba\/#primaryimage"},"thumbnailUrl":"https:\/\/izsekosanasierices.lv\/wp-content\/uploads\/slaptas-mini-diktofonas-isorine-baterija-power-bank.png","datePublished":"2026-04-03T06:48:23+00:00","breadcrumb":{"@id":"https:\/\/izsekosanasierices.lv\/produkts\/areja-baterija-power-bank-ar-slepenu-diktofonu-20-dienu-darbiba\/#breadcrumb"},"inLanguage":"ru-RU","potentialAction":[{"@type":"ReadAction","target":["https:\/\/izsekosanasierices.lv\/produkts\/areja-baterija-power-bank-ar-slepenu-diktofonu-20-dienu-darbiba\/"]}]},{"@type":"ImageObject","inLanguage":"ru-RU","@id":"https:\/\/izsekosanasierices.lv\/produkts\/areja-baterija-power-bank-ar-slepenu-diktofonu-20-dienu-darbiba\/#primaryimage","url":"https:\/\/izsekosanasierices.lv\/wp-content\/uploads\/slaptas-mini-diktofonas-isorine-baterija-power-bank.png","contentUrl":"https:\/\/izsekosanasierices.lv\/wp-content\/uploads\/slaptas-mini-diktofonas-isorine-baterija-power-bank.png","width":972,"height":980},{"@type":"BreadcrumbList","@id":"https:\/\/izsekosanasierices.lv\/produkts\/areja-baterija-power-bank-ar-slepenu-diktofonu-20-dienu-darbiba\/#breadcrumb","itemListElement":[{"@type":"ListItem","position":1,"name":"S\u0101kums","item":"https:\/\/izsekosanasierices.lv\/"},{"@type":"ListItem","position":2,"name":"Veikals","item":"https:\/\/izsekosanasierices.lv\/veikals\/"},{"@type":"ListItem","position":3,"name":"\u0100r\u0113j\u0101 baterija Power Bank ar slepenu diktofonu 20 dienu darb\u012bba"}]},{"@type":"WebSite","@id":"https:\/\/izsekosanasierices.lv\/#website","url":"https:\/\/izsekosanasierices.lv\/","name":"Nr1 Izseko\u0161anas ier\u012bces gps izseko\u0161anas iek\u0101rtas, klaus\u012b\u0161an\u0101s iek\u0101rtas","description":"","potentialAction":[{"@type":"SearchAction","target":{"@type":"EntryPoint","urlTemplate":"https:\/\/izsekosanasierices.lv\/?s={search_term_string}"},"query-input":{"@type":"PropertyValueSpecification","valueRequired":true,"valueName":"search_term_string"}}],"inLanguage":"ru-RU"}]}},"_links":{"self":[{"href":"https:\/\/izsekosanasierices.lv\/ru\/wp-json\/wp\/v2\/product\/5448","targetHints":{"allow":["GET"]}}],"collection":[{"href":"https:\/\/izsekosanasierices.lv\/ru\/wp-json\/wp\/v2\/product"}],"about":[{"href":"https:\/\/izsekosanasierices.lv\/ru\/wp-json\/wp\/v2\/types\/product"}],"wp:featuredmedia":[{"embeddable":true,"href":"https:\/\/izsekosanasierices.lv\/ru\/wp-json\/wp\/v2\/media\/5419"}],"wp:attachment":[{"href":"https:\/\/izsekosanasierices.lv\/ru\/wp-json\/wp\/v2\/media?parent=5448"}],"wp:term":[{"taxonomy":"product_brand","embeddable":true,"href":"https:\/\/izsekosanasierices.lv\/ru\/wp-json\/wp\/v2\/product_brand?post=5448"},{"taxonomy":"product_cat","embeddable":true,"href":"https:\/\/izsekosanasierices.lv\/ru\/wp-json\/wp\/v2\/product_cat?post=5448"},{"taxonomy":"product_tag","embeddable":true,"href":"https:\/\/izsekosanasierices.lv\/ru\/wp-json\/wp\/v2\/product_tag?post=5448"}],"curies":[{"name":"wp","href":"https:\/\/api.w.org\/{rel}","templated":true}]}}