{"id":5449,"date":"2026-04-03T09:48:23","date_gmt":"2026-04-03T06:48:23","guid":{"rendered":"https:\/\/izsekosanasierices.lv\/?post_type=product&#038;p=5449"},"modified":"2026-04-03T09:48:23","modified_gmt":"2026-04-03T06:48:23","slug":"bezvadu-ladetajs-ar-slepeno-kameru-telefonam-pulksteniem-un-airpods-austinam","status":"publish","type":"product","link":"https:\/\/izsekosanasierices.lv\/ru\/produkts\/bezvadu-ladetajs-ar-slepeno-kameru-telefonam-pulksteniem-un-airpods-austinam\/","title":{"rendered":"Bezvadu l\u0101d\u0113t\u0101js ar slepeno kameru telefonam, pulkste\u0146iem un AirPods austi\u0146\u0101m"},"content":{"rendered":"<h3><strong>\u0422\u0435\u0445\u043d\u0438\u0447\u0435\u0441\u043a\u0438\u0435 \u043f\u0430\u0440\u0430\u043c\u0435\u0442\u0440\u044b:<\/strong><\/h3>\n<ul>\n<li>\u0423\u0434\u0430\u043b\u0435\u043d\u043d\u044b\u0439 \u043f\u0440\u043e\u0441\u043c\u043e\u0442\u0440: \u0414\u0410<\/li>\n<li>\u0418\u0437\u043e\u0431\u0440\u0430\u0436\u0435\u043d\u0438\u0435 \u0437\u0430\u043f\u0438\u0441\u044b\u0432\u0430\u0435\u0442\u0441\u044f \u0441\u043e \u0437\u0432\u0443\u043a\u043e\u043c<\/li>\n<li>L\u0101d\u0113t\u0101ja uzl\u0101des jauda l\u012bdz 10W<\/li>\n<li>Uzst\u0101d\u012b\u0161ana aiz\u0146em da\u017eas min\u016btes<\/li>\n<li>Video kvalit\u0101te: FULL HD<\/li>\n<li>Skat\u012bt att\u0113lus var: telefon\u0101, dator\u0101 un plan\u0161etdator\u0101<\/li>\n<li>PIEVIENOTS NO T\u012aKLA DARBOJAS 24\/7<\/li>\n<li>Kust\u012bbas noteik\u0161anas re\u017e\u012bms: J\u0100 (digit\u0101lais)<\/li>\n<li>Skata le\u0146\u0137is 110<\/li>\n<li>Atbalst\u012bt\u0101 karte: 32-128 GB (karte nav komplekt\u0101)<\/li>\n<li>1 st. video ieraksts 315 MB<\/li>\n<li>\u0424\u043e\u0440\u043c\u0430\u0442 \u0441\u0436\u0430\u0442\u0438\u044f: AVI H.264<\/li>\n<li>Atbalst\u012bt\u0101s sist\u0113mas: \u201eiOS\u201c \u201eAndroid\u201c<\/li>\n<li>Programmas: Android \/ iPhone<\/li>\n<li>Baro\u0161anas veidi: akumulators vai no t\u012bkla (piem\u0113ram, mobil\u0101 telefona l\u0101d\u0113t\u0101js)<\/li>\n<li>Wi-Fi: IEEE802.11 b\/g\/n<\/li>\n<li>L\u0101d\u0113t\u0101ja izm\u0113ri: 12mm x 187mm x 83mm<\/li>\n<li>Ierakst\u012b\u0161anas vad\u012bba: jebkur\u0101 viedier\u012bc\u0113 (telefons, dators vai plan\u0161etdators).<\/li>\n<li><strong>Garantija 212 m\u0113ne\u0161i.<\/strong><\/li>\n<\/ul>\n<p>Izmanto\u0161ana: J\u016bsu, b\u0113rnu dro\u0161\u012bbai.<\/p>\n<p><span style=\"color: #d0121a\"><strong>Ja Jums nepiecie\u0161ams \u0101trs pieg\u0101de, taj\u0101 pa\u0161\u0101 dien\u0101 (un br\u012bvdien\u0101s) &#8211; zvaniet +37068411114<\/strong><\/span><\/p>\n<p data-start=\"0\" data-end=\"179\">3 vien\u0101 bezvadu l\u0101d\u0113t\u0101js ar integr\u0113tu slepenu kameru \u2013 galven\u0101 \u0161\u012b ier\u012bces izcel\u0161an\u0101s. Tas nav tikai \u0113rta uzl\u0101des stacija, bet ar\u012b diskr\u0113ts risin\u0101jums uzraudz\u012bbai.<\/p>\n<p data-start=\"181\" data-end=\"326\">\u0160\u012b univers\u0101l\u0101 uzl\u0101des stacija \u013cauj vienlaikus uzl\u0101d\u0113t j\u016bsu \u201eiPhone\u201c, \u201eApple Watch\u201c un \u201eAirPods\u201c, t\u0101d\u0113j\u0101di atbr\u012bvojoties no vair\u0101ku l\u0101d\u0113t\u0101ju haosa.<\/p>\n<p data-start=\"328\" data-end=\"603\">Ar 15 W \u0101tru bezvadu uzl\u0101di ier\u012bce nodro\u0161ina, ka j\u016bsu ier\u012bces tiks uzl\u0101d\u0113tas \u0101tri un efekt\u012bvi. \u201eMagSafe\u201c sader\u012bba nodro\u0161ina dro\u0161u un prec\u012bzi saska\u0146otu \u201eiPhone\u201c uzl\u0101di, bet atsevi\u0161\u0137as vietas \u201eApple Watch\u201c un \u201eAirPods\u201c uzl\u0101dei pal\u012bdz uztur\u0113t k\u0101rt\u012bbu.<\/p>\n<p data-start=\"605\" data-end=\"799\">Salok\u0101ms dizains lieliski piem\u0113rots ce\u013cojumiem \u2013 l\u0101d\u0113t\u0101ju viegli ievietosiet som\u0101 vai mugursom\u0101. LED uzl\u0101des indikators \u013cauj no pirm\u0101 acu uzmetiena sekot katras ier\u012bces uzl\u0101des statusam.<\/p>\n<p data-start=\"801\" data-end=\"976\">Izgatavots no augstas kvalit\u0101tes materi\u0101liem, l\u0101d\u0113t\u0101js ir ilgm\u016b\u017e\u012bgs un izce\u013cas ar elegantu, modernu dizainu, kas lieliski iederas jebkur\u0101 darba viet\u0101 vai naktsgaldi\u0146\u0101.<\/p>\n<p data-start=\"978\" data-end=\"1057\" data-is-last-node=\"\" data-is-only-node=\"\">\u0112rtums, funkcionalit\u0101te un nepaman\u0101ms dizains \u2013 viss vien\u0101 ier\u012bc\u0113.<\/p>","protected":false},"excerpt":{"rendered":"<p>Tehniskie parametri: Att\u0101lin\u0101t\u0101 skat\u012b\u0161an\u0101s: J\u0100 Att\u0113ls tiek ierakst\u012bts ar ska\u0146u L\u0101d\u0113t\u0101ja uzl\u0101des jauda l\u012bdz 10W Uzst\u0101d\u012b\u0161ana aiz\u0146em da\u017eas min\u016btes Video kvalit\u0101te: FULL HD Skat\u012bt att\u0113lus var: telefon\u0101, dator\u0101 un plan\u0161etdator\u0101&#8230;<\/p>","protected":false},"featured_media":5425,"template":"","meta":[],"product_brand":[],"product_cat":[504,321,505],"product_tag":[],"class_list":{"0":"post-5449","1":"product","2":"type-product","3":"status-publish","4":"has-post-thumbnail","6":"product_cat-masketas-kameras-2","7":"product_cat-sleptas-kameras","8":"product_cat-wi-fi-slepenas-kameras-2","10":"first","11":"instock","12":"taxable","13":"shipping-taxable","14":"purchasable","15":"product-type-simple"},"yoast_head":"<!-- This site is optimized with the Yoast SEO plugin v27.3 - https:\/\/yoast.com\/product\/yoast-seo-wordpress\/ -->\n<title>Bezvadu l\u0101d\u0113t\u0101js ar slepeno kameru telefonam, pulkste\u0146iem un AirPods austi\u0146\u0101m<\/title>\n<meta name=\"robots\" content=\"index, follow, max-snippet:-1, max-image-preview:large, max-video-preview:-1\" \/>\n<link rel=\"canonical\" href=\"https:\/\/izsekosanasierices.lv\/ru\/produkts\/bezvadu-ladetajs-ar-slepeno-kameru-telefonam-pulksteniem-un-airpods-austinam\/\" \/>\n<meta property=\"og:locale\" content=\"ru_RU\" \/>\n<meta property=\"og:type\" content=\"article\" \/>\n<meta property=\"og:title\" content=\"Bezvadu l\u0101d\u0113t\u0101js ar slepeno kameru telefonam, pulkste\u0146iem un AirPods austi\u0146\u0101m\" \/>\n<meta property=\"og:description\" content=\"Tehniskie parametri: Att\u0101lin\u0101t\u0101 skat\u012b\u0161an\u0101s: J\u0100 Att\u0113ls tiek ierakst\u012bts ar ska\u0146u L\u0101d\u0113t\u0101ja uzl\u0101des jauda l\u012bdz 10W Uzst\u0101d\u012b\u0161ana aiz\u0146em da\u017eas min\u016btes Video kvalit\u0101te: FULL HD Skat\u012bt att\u0113lus var: telefon\u0101, dator\u0101 un plan\u0161etdator\u0101...\" \/>\n<meta property=\"og:url\" content=\"https:\/\/izsekosanasierices.lv\/ru\/produkts\/bezvadu-ladetajs-ar-slepeno-kameru-telefonam-pulksteniem-un-airpods-austinam\/\" \/>\n<meta property=\"og:site_name\" content=\"Nr1 Izseko\u0161anas ier\u012bces gps izseko\u0161anas iek\u0101rtas, klaus\u012b\u0161an\u0101s iek\u0101rtas\" \/>\n<meta property=\"og:image\" content=\"https:\/\/izsekosanasierices.lv\/wp-content\/uploads\/slapta-kamera-telefonu-krovimo-stotele-belaide.jpg\" \/>\n\t<meta property=\"og:image:width\" content=\"880\" \/>\n\t<meta property=\"og:image:height\" content=\"879\" \/>\n\t<meta property=\"og:image:type\" content=\"image\/jpeg\" \/>\n<meta name=\"twitter:card\" content=\"summary_large_image\" \/>\n<meta name=\"twitter:label1\" content=\"\u041f\u0440\u0438\u043c\u0435\u0440\u043d\u043e\u0435 \u0432\u0440\u0435\u043c\u044f \u0434\u043b\u044f \u0447\u0442\u0435\u043d\u0438\u044f\" \/>\n\t<meta name=\"twitter:data1\" content=\"2 \u043c\u0438\u043d\u0443\u0442\u044b\" \/>\n<script type=\"application\/ld+json\" class=\"yoast-schema-graph\">{\"@context\":\"https:\\\/\\\/schema.org\",\"@graph\":[{\"@type\":\"WebPage\",\"@id\":\"https:\\\/\\\/izsekosanasierices.lv\\\/produkts\\\/bezvadu-ladetajs-ar-slepeno-kameru-telefonam-pulksteniem-un-airpods-austinam\\\/\",\"url\":\"https:\\\/\\\/izsekosanasierices.lv\\\/produkts\\\/bezvadu-ladetajs-ar-slepeno-kameru-telefonam-pulksteniem-un-airpods-austinam\\\/\",\"name\":\"Bezvadu l\u0101d\u0113t\u0101js ar slepeno kameru telefonam, pulkste\u0146iem un AirPods austi\u0146\u0101m\",\"isPartOf\":{\"@id\":\"https:\\\/\\\/izsekosanasierices.lv\\\/#website\"},\"primaryImageOfPage\":{\"@id\":\"https:\\\/\\\/izsekosanasierices.lv\\\/produkts\\\/bezvadu-ladetajs-ar-slepeno-kameru-telefonam-pulksteniem-un-airpods-austinam\\\/#primaryimage\"},\"image\":{\"@id\":\"https:\\\/\\\/izsekosanasierices.lv\\\/produkts\\\/bezvadu-ladetajs-ar-slepeno-kameru-telefonam-pulksteniem-un-airpods-austinam\\\/#primaryimage\"},\"thumbnailUrl\":\"https:\\\/\\\/izsekosanasierices.lv\\\/wp-content\\\/uploads\\\/slapta-kamera-telefonu-krovimo-stotele-belaide.jpg\",\"datePublished\":\"2026-04-03T06:48:23+00:00\",\"breadcrumb\":{\"@id\":\"https:\\\/\\\/izsekosanasierices.lv\\\/produkts\\\/bezvadu-ladetajs-ar-slepeno-kameru-telefonam-pulksteniem-un-airpods-austinam\\\/#breadcrumb\"},\"inLanguage\":\"ru-RU\",\"potentialAction\":[{\"@type\":\"ReadAction\",\"target\":[\"https:\\\/\\\/izsekosanasierices.lv\\\/produkts\\\/bezvadu-ladetajs-ar-slepeno-kameru-telefonam-pulksteniem-un-airpods-austinam\\\/\"]}]},{\"@type\":\"ImageObject\",\"inLanguage\":\"ru-RU\",\"@id\":\"https:\\\/\\\/izsekosanasierices.lv\\\/produkts\\\/bezvadu-ladetajs-ar-slepeno-kameru-telefonam-pulksteniem-un-airpods-austinam\\\/#primaryimage\",\"url\":\"https:\\\/\\\/izsekosanasierices.lv\\\/wp-content\\\/uploads\\\/slapta-kamera-telefonu-krovimo-stotele-belaide.jpg\",\"contentUrl\":\"https:\\\/\\\/izsekosanasierices.lv\\\/wp-content\\\/uploads\\\/slapta-kamera-telefonu-krovimo-stotele-belaide.jpg\",\"width\":880,\"height\":879},{\"@type\":\"BreadcrumbList\",\"@id\":\"https:\\\/\\\/izsekosanasierices.lv\\\/produkts\\\/bezvadu-ladetajs-ar-slepeno-kameru-telefonam-pulksteniem-un-airpods-austinam\\\/#breadcrumb\",\"itemListElement\":[{\"@type\":\"ListItem\",\"position\":1,\"name\":\"S\u0101kums\",\"item\":\"https:\\\/\\\/izsekosanasierices.lv\\\/\"},{\"@type\":\"ListItem\",\"position\":2,\"name\":\"Veikals\",\"item\":\"https:\\\/\\\/izsekosanasierices.lv\\\/veikals\\\/\"},{\"@type\":\"ListItem\",\"position\":3,\"name\":\"Bezvadu l\u0101d\u0113t\u0101js ar slepeno kameru telefonam, pulkste\u0146iem un AirPods austi\u0146\u0101m\"}]},{\"@type\":\"WebSite\",\"@id\":\"https:\\\/\\\/izsekosanasierices.lv\\\/#website\",\"url\":\"https:\\\/\\\/izsekosanasierices.lv\\\/\",\"name\":\"Nr1 Izseko\u0161anas ier\u012bces gps izseko\u0161anas iek\u0101rtas, klaus\u012b\u0161an\u0101s iek\u0101rtas\",\"description\":\"\",\"potentialAction\":[{\"@type\":\"SearchAction\",\"target\":{\"@type\":\"EntryPoint\",\"urlTemplate\":\"https:\\\/\\\/izsekosanasierices.lv\\\/?s={search_term_string}\"},\"query-input\":{\"@type\":\"PropertyValueSpecification\",\"valueRequired\":true,\"valueName\":\"search_term_string\"}}],\"inLanguage\":\"ru-RU\"}]}<\/script>\n<!-- \/ Yoast SEO plugin. -->","yoast_head_json":{"title":"Bezvadu l\u0101d\u0113t\u0101js ar slepeno kameru telefonam, pulkste\u0146iem un AirPods austi\u0146\u0101m","robots":{"index":"index","follow":"follow","max-snippet":"max-snippet:-1","max-image-preview":"max-image-preview:large","max-video-preview":"max-video-preview:-1"},"canonical":"https:\/\/izsekosanasierices.lv\/ru\/produkts\/bezvadu-ladetajs-ar-slepeno-kameru-telefonam-pulksteniem-un-airpods-austinam\/","og_locale":"ru_RU","og_type":"article","og_title":"Bezvadu l\u0101d\u0113t\u0101js ar slepeno kameru telefonam, pulkste\u0146iem un AirPods austi\u0146\u0101m","og_description":"Tehniskie parametri: Att\u0101lin\u0101t\u0101 skat\u012b\u0161an\u0101s: J\u0100 Att\u0113ls tiek ierakst\u012bts ar ska\u0146u L\u0101d\u0113t\u0101ja uzl\u0101des jauda l\u012bdz 10W Uzst\u0101d\u012b\u0161ana aiz\u0146em da\u017eas min\u016btes Video kvalit\u0101te: FULL HD Skat\u012bt att\u0113lus var: telefon\u0101, dator\u0101 un plan\u0161etdator\u0101...","og_url":"https:\/\/izsekosanasierices.lv\/ru\/produkts\/bezvadu-ladetajs-ar-slepeno-kameru-telefonam-pulksteniem-un-airpods-austinam\/","og_site_name":"Nr1 Izseko\u0161anas ier\u012bces gps izseko\u0161anas iek\u0101rtas, klaus\u012b\u0161an\u0101s iek\u0101rtas","og_image":[{"width":880,"height":879,"url":"https:\/\/izsekosanasierices.lv\/wp-content\/uploads\/slapta-kamera-telefonu-krovimo-stotele-belaide.jpg","type":"image\/jpeg"}],"twitter_card":"summary_large_image","twitter_misc":{"\u041f\u0440\u0438\u043c\u0435\u0440\u043d\u043e\u0435 \u0432\u0440\u0435\u043c\u044f \u0434\u043b\u044f \u0447\u0442\u0435\u043d\u0438\u044f":"2 \u043c\u0438\u043d\u0443\u0442\u044b"},"schema":{"@context":"https:\/\/schema.org","@graph":[{"@type":"WebPage","@id":"https:\/\/izsekosanasierices.lv\/produkts\/bezvadu-ladetajs-ar-slepeno-kameru-telefonam-pulksteniem-un-airpods-austinam\/","url":"https:\/\/izsekosanasierices.lv\/produkts\/bezvadu-ladetajs-ar-slepeno-kameru-telefonam-pulksteniem-un-airpods-austinam\/","name":"Bezvadu l\u0101d\u0113t\u0101js ar slepeno kameru telefonam, pulkste\u0146iem un AirPods austi\u0146\u0101m","isPartOf":{"@id":"https:\/\/izsekosanasierices.lv\/#website"},"primaryImageOfPage":{"@id":"https:\/\/izsekosanasierices.lv\/produkts\/bezvadu-ladetajs-ar-slepeno-kameru-telefonam-pulksteniem-un-airpods-austinam\/#primaryimage"},"image":{"@id":"https:\/\/izsekosanasierices.lv\/produkts\/bezvadu-ladetajs-ar-slepeno-kameru-telefonam-pulksteniem-un-airpods-austinam\/#primaryimage"},"thumbnailUrl":"https:\/\/izsekosanasierices.lv\/wp-content\/uploads\/slapta-kamera-telefonu-krovimo-stotele-belaide.jpg","datePublished":"2026-04-03T06:48:23+00:00","breadcrumb":{"@id":"https:\/\/izsekosanasierices.lv\/produkts\/bezvadu-ladetajs-ar-slepeno-kameru-telefonam-pulksteniem-un-airpods-austinam\/#breadcrumb"},"inLanguage":"ru-RU","potentialAction":[{"@type":"ReadAction","target":["https:\/\/izsekosanasierices.lv\/produkts\/bezvadu-ladetajs-ar-slepeno-kameru-telefonam-pulksteniem-un-airpods-austinam\/"]}]},{"@type":"ImageObject","inLanguage":"ru-RU","@id":"https:\/\/izsekosanasierices.lv\/produkts\/bezvadu-ladetajs-ar-slepeno-kameru-telefonam-pulksteniem-un-airpods-austinam\/#primaryimage","url":"https:\/\/izsekosanasierices.lv\/wp-content\/uploads\/slapta-kamera-telefonu-krovimo-stotele-belaide.jpg","contentUrl":"https:\/\/izsekosanasierices.lv\/wp-content\/uploads\/slapta-kamera-telefonu-krovimo-stotele-belaide.jpg","width":880,"height":879},{"@type":"BreadcrumbList","@id":"https:\/\/izsekosanasierices.lv\/produkts\/bezvadu-ladetajs-ar-slepeno-kameru-telefonam-pulksteniem-un-airpods-austinam\/#breadcrumb","itemListElement":[{"@type":"ListItem","position":1,"name":"S\u0101kums","item":"https:\/\/izsekosanasierices.lv\/"},{"@type":"ListItem","position":2,"name":"Veikals","item":"https:\/\/izsekosanasierices.lv\/veikals\/"},{"@type":"ListItem","position":3,"name":"Bezvadu l\u0101d\u0113t\u0101js ar slepeno kameru telefonam, pulkste\u0146iem un AirPods austi\u0146\u0101m"}]},{"@type":"WebSite","@id":"https:\/\/izsekosanasierices.lv\/#website","url":"https:\/\/izsekosanasierices.lv\/","name":"Nr1 Izseko\u0161anas ier\u012bces gps izseko\u0161anas iek\u0101rtas, klaus\u012b\u0161an\u0101s iek\u0101rtas","description":"","potentialAction":[{"@type":"SearchAction","target":{"@type":"EntryPoint","urlTemplate":"https:\/\/izsekosanasierices.lv\/?s={search_term_string}"},"query-input":{"@type":"PropertyValueSpecification","valueRequired":true,"valueName":"search_term_string"}}],"inLanguage":"ru-RU"}]}},"_links":{"self":[{"href":"https:\/\/izsekosanasierices.lv\/ru\/wp-json\/wp\/v2\/product\/5449","targetHints":{"allow":["GET"]}}],"collection":[{"href":"https:\/\/izsekosanasierices.lv\/ru\/wp-json\/wp\/v2\/product"}],"about":[{"href":"https:\/\/izsekosanasierices.lv\/ru\/wp-json\/wp\/v2\/types\/product"}],"wp:featuredmedia":[{"embeddable":true,"href":"https:\/\/izsekosanasierices.lv\/ru\/wp-json\/wp\/v2\/media\/5425"}],"wp:attachment":[{"href":"https:\/\/izsekosanasierices.lv\/ru\/wp-json\/wp\/v2\/media?parent=5449"}],"wp:term":[{"taxonomy":"product_brand","embeddable":true,"href":"https:\/\/izsekosanasierices.lv\/ru\/wp-json\/wp\/v2\/product_brand?post=5449"},{"taxonomy":"product_cat","embeddable":true,"href":"https:\/\/izsekosanasierices.lv\/ru\/wp-json\/wp\/v2\/product_cat?post=5449"},{"taxonomy":"product_tag","embeddable":true,"href":"https:\/\/izsekosanasierices.lv\/ru\/wp-json\/wp\/v2\/product_tag?post=5449"}],"curies":[{"name":"wp","href":"https:\/\/api.w.org\/{rel}","templated":true}]}}